{"id":3680,"date":"2019-11-08T10:27:59","date_gmt":"2019-11-08T15:27:59","guid":{"rendered":"https:\/\/www.filtrationgroupiaq.com\/sentinel\/"},"modified":"2020-10-30T13:59:11","modified_gmt":"2020-10-30T18:59:11","slug":"sentinel","status":"publish","type":"page","link":"https:\/\/www.filtrationgroupiaq.com\/en-ca\/products\/airfiltration\/cleanroomfilters\/sentinel\/","title":{"rendered":"Sentinel Fan Powered Terminal Module"},"content":{"rendered":"\n<div class=\"wp-block-cover alignfull has-background-dim-10 has-black-background-color has-background-dim hero-small\" style=\"background-image:url(https:\/\/www.filtrationgroupiaq.com\/wp-content\/uploads\/2020\/07\/banner-web7-3.png);background-position:20% 20%;min-height:324px;aspect-ratio:unset;\"><div class=\"wp-block-cover__inner-container is-layout-flow wp-block-cover-is-layout-flow\">\n<p class=\"has-text-align-center\" style=\"font-size:45px\"><strong>Sentinel Fan Powered Terminal Module<\/strong><\/p>\n\n\n\n<div style=\"height:27px\" aria-hidden=\"true\" class=\"wp-block-spacer\"><\/div>\n<\/div><\/div>\n\n\n\n<div class=\"wp-block-media-text has-media-on-the-right is-stacked-on-mobile\"><figure class=\"wp-block-media-text__media\"><img loading=\"lazy\" decoding=\"async\" width=\"1024\" height=\"709\" src=\"https:\/\/www.filtrationgroupiaq.com\/wp-content\/uploads\/2019\/11\/Sentinel-Fan-1024x709.png\" alt=\"Sentinel Fan Powered Terminal Module\" class=\"wp-image-805\" srcset=\"https:\/\/www.filtrationgroupiaq.com\/wp-content\/uploads\/2019\/11\/Sentinel-Fan-1024x709.png 1024w, https:\/\/www.filtrationgroupiaq.com\/wp-content\/uploads\/2019\/11\/Sentinel-Fan-300x208.png 300w, https:\/\/www.filtrationgroupiaq.com\/wp-content\/uploads\/2019\/11\/Sentinel-Fan-768x532.png 768w, https:\/\/www.filtrationgroupiaq.com\/wp-content\/uploads\/2019\/11\/Sentinel-Fan.png 1170w\" sizes=\"auto, (max-width: 1024px) 100vw, 1024px\" \/><\/figure><div class=\"wp-block-media-text__content\">\n<h2 class=\"wp-block-heading\">Sentinel Fan Powered Terminal Module<\/h2>\n\n\n\n<p>The Sentinel Fan Filter Unit is designed for optimum performance and energy savings. The unit operates at only 185 watts, with a low noise level of 54 dBA and low profile. Available in efficiencies of 99.99% at 0.3\u00b5m, 99.9995% at 0.12\u00b5m and sizes 2\u00d74, 2\u00d73 and 2\u00d72.<\/p>\n\n\n\n<p>This unit is designed to optimize performance in filtration applications for the hospital, pharmaceutical, medical, bio-technology industry, bio-safety cabinets and for surgical suites.<\/p>\n\n\n\n<div class=\"wp-block-button blank btn-half-width\"><a class=\"wp-block-button__link has-blue-background-color has-background\" href=\"\/wp-content\/uploads\/2020\/08\/FG-IAQ-_-Sentinel-Fan-Powered-Terminal-Module-1.pdf\" target=\"_blank\" rel=\"noreferrer noopener\">Literature<\/a><\/div>\n\n\n\n<div class=\"wp-block-button blank btn-half-width\"><a class=\"wp-block-button__link has-blue-background-color has-background\" href=\"\/wp-content\/uploads\/2020\/08\/FG-IAQ-_-SD-SEN-2424-120V-2.pdf\" target=\"_blank\" rel=\"noreferrer noopener\">Submittal Drawing<\/a><\/div>\n<\/div><\/div>\n","protected":false},"excerpt":{"rendered":"<p>The Sentinel Fan Filter Unit is designed for optimum performance and energy savings for use in the hospital, pharmaceutical, medical, bio-technology industry, bio-safety cabinets and for surgical suites filtration applications.<\/p>\n","protected":false},"author":3,"featured_media":3681,"parent":3689,"menu_order":0,"comment_status":"closed","ping_status":"closed","template":"","meta":{"_acf_changed":false,"footnotes":""},"class_list":["post-3680","page","type-page","status-publish","has-post-thumbnail","hentry"],"acf":[],"yoast_head":"<!-- This site is optimized with the Yoast SEO plugin v27.3 - https:\/\/yoast.com\/product\/yoast-seo-wordpress\/ -->\n<title>Sentinel Fan Powered Terminal Module - Filtration Group- IAQ<\/title>\n<meta name=\"robots\" content=\"index, follow, max-snippet:-1, max-image-preview:large, max-video-preview:-1\" \/>\n<link rel=\"canonical\" href=\"https:\/\/www.filtrationgroupiaq.com\/en-ca\/products\/airfiltration\/cleanroomfilters\/sentinel\/\" \/>\n<meta property=\"og:locale\" content=\"en_US\" \/>\n<meta property=\"og:type\" content=\"article\" \/>\n<meta property=\"og:title\" content=\"Sentinel Fan Powered Terminal Module - Filtration Group- IAQ\" \/>\n<meta property=\"og:description\" content=\"The Sentinel Fan Filter Unit is designed for optimum performance and energy savings for use in the hospital, pharmaceutical, medical, bio-technology industry, bio-safety cabinets and for surgical suites filtration applications.\" \/>\n<meta property=\"og:url\" content=\"https:\/\/www.filtrationgroupiaq.com\/en-ca\/products\/airfiltration\/cleanroomfilters\/sentinel\/\" \/>\n<meta property=\"og:site_name\" content=\"Filtration Group- IAQ\" \/>\n<meta property=\"article:modified_time\" content=\"2020-10-30T18:59:11+00:00\" \/>\n<meta property=\"og:image\" content=\"https:\/\/www.filtrationgroupiaq.com\/wp-content\/uploads\/2019\/11\/sentinel.png\" \/>\n\t<meta property=\"og:image:width\" content=\"427\" \/>\n\t<meta property=\"og:image:height\" content=\"255\" \/>\n\t<meta property=\"og:image:type\" content=\"image\/png\" \/>\n<meta name=\"twitter:card\" content=\"summary_large_image\" \/>\n<script type=\"application\/ld+json\" class=\"yoast-schema-graph\">{\"@context\":\"https:\\\/\\\/schema.org\",\"@graph\":[{\"@type\":\"WebPage\",\"@id\":\"https:\\\/\\\/www.filtrationgroupiaq.com\\\/en-ca\\\/products\\\/airfiltration\\\/cleanroomfilters\\\/sentinel\\\/\",\"url\":\"https:\\\/\\\/www.filtrationgroupiaq.com\\\/en-ca\\\/products\\\/airfiltration\\\/cleanroomfilters\\\/sentinel\\\/\",\"name\":\"Sentinel Fan Powered Terminal Module - Filtration Group- IAQ\",\"isPartOf\":{\"@id\":\"https:\\\/\\\/www.filtrationgroupiaq.com\\\/en-ca\\\/#website\"},\"primaryImageOfPage\":{\"@id\":\"https:\\\/\\\/www.filtrationgroupiaq.com\\\/en-ca\\\/products\\\/airfiltration\\\/cleanroomfilters\\\/sentinel\\\/#primaryimage\"},\"image\":{\"@id\":\"https:\\\/\\\/www.filtrationgroupiaq.com\\\/en-ca\\\/products\\\/airfiltration\\\/cleanroomfilters\\\/sentinel\\\/#primaryimage\"},\"thumbnailUrl\":\"https:\\\/\\\/www.filtrationgroupiaq.com\\\/wp-content\\\/uploads\\\/2019\\\/11\\\/sentinel.png\",\"datePublished\":\"2019-11-08T15:27:59+00:00\",\"dateModified\":\"2020-10-30T18:59:11+00:00\",\"breadcrumb\":{\"@id\":\"https:\\\/\\\/www.filtrationgroupiaq.com\\\/en-ca\\\/products\\\/airfiltration\\\/cleanroomfilters\\\/sentinel\\\/#breadcrumb\"},\"inLanguage\":\"en-CA\",\"potentialAction\":[{\"@type\":\"ReadAction\",\"target\":[\"https:\\\/\\\/www.filtrationgroupiaq.com\\\/en-ca\\\/products\\\/airfiltration\\\/cleanroomfilters\\\/sentinel\\\/\"]}]},{\"@type\":\"ImageObject\",\"inLanguage\":\"en-CA\",\"@id\":\"https:\\\/\\\/www.filtrationgroupiaq.com\\\/en-ca\\\/products\\\/airfiltration\\\/cleanroomfilters\\\/sentinel\\\/#primaryimage\",\"url\":\"https:\\\/\\\/www.filtrationgroupiaq.com\\\/wp-content\\\/uploads\\\/2019\\\/11\\\/sentinel.png\",\"contentUrl\":\"https:\\\/\\\/www.filtrationgroupiaq.com\\\/wp-content\\\/uploads\\\/2019\\\/11\\\/sentinel.png\",\"width\":427,\"height\":255},{\"@type\":\"BreadcrumbList\",\"@id\":\"https:\\\/\\\/www.filtrationgroupiaq.com\\\/en-ca\\\/products\\\/airfiltration\\\/cleanroomfilters\\\/sentinel\\\/#breadcrumb\",\"itemListElement\":[{\"@type\":\"ListItem\",\"position\":1,\"name\":\"\",\"item\":\"https:\\\/\\\/www.filtrationgroupiaq.com\\\/en-ca\\\/\"},{\"@type\":\"ListItem\",\"position\":2,\"name\":\"Products\",\"item\":\"https:\\\/\\\/www.filtrationgroupiaq.com\\\/en-ca\\\/products\\\/\"},{\"@type\":\"ListItem\",\"position\":3,\"name\":\"Air Filtration\",\"item\":\"https:\\\/\\\/www.filtrationgroupiaq.com\\\/en-ca\\\/products\\\/airfiltration\\\/\"},{\"@type\":\"ListItem\",\"position\":4,\"name\":\"Cleanroom Filters\",\"item\":\"https:\\\/\\\/www.filtrationgroupiaq.com\\\/en-ca\\\/products\\\/airfiltration\\\/cleanroomfilters\\\/\"},{\"@type\":\"ListItem\",\"position\":5,\"name\":\"Sentinel Fan Powered Terminal Module\"}]},{\"@type\":\"WebSite\",\"@id\":\"https:\\\/\\\/www.filtrationgroupiaq.com\\\/en-ca\\\/#website\",\"url\":\"https:\\\/\\\/www.filtrationgroupiaq.com\\\/en-ca\\\/\",\"name\":\"Filtration Group- IAQ\",\"description\":\"Making the World Safer, Healthier and More Productive\",\"publisher\":{\"@id\":\"https:\\\/\\\/www.filtrationgroupiaq.com\\\/en-ca\\\/#organization\"},\"potentialAction\":[{\"@type\":\"SearchAction\",\"target\":{\"@type\":\"EntryPoint\",\"urlTemplate\":\"https:\\\/\\\/www.filtrationgroupiaq.com\\\/en-ca\\\/?s={search_term_string}\"},\"query-input\":{\"@type\":\"PropertyValueSpecification\",\"valueRequired\":true,\"valueName\":\"search_term_string\"}}],\"inLanguage\":\"en-CA\"},{\"@type\":\"Organization\",\"@id\":\"https:\\\/\\\/www.filtrationgroupiaq.com\\\/en-ca\\\/#organization\",\"name\":\"Filtration Group\",\"url\":\"https:\\\/\\\/www.filtrationgroupiaq.com\\\/en-ca\\\/\",\"logo\":{\"@type\":\"ImageObject\",\"inLanguage\":\"en-CA\",\"@id\":\"https:\\\/\\\/www.filtrationgroupiaq.com\\\/en-ca\\\/#\\\/schema\\\/logo\\\/image\\\/\",\"url\":\"https:\\\/\\\/www.filtrationgroupiaq.com\\\/wp-content\\\/uploads\\\/2019\\\/06\\\/FGC-logo-1.png\",\"contentUrl\":\"https:\\\/\\\/www.filtrationgroupiaq.com\\\/wp-content\\\/uploads\\\/2019\\\/06\\\/FGC-logo-1.png\",\"width\":1104,\"height\":224,\"caption\":\"Filtration Group\"},\"image\":{\"@id\":\"https:\\\/\\\/www.filtrationgroupiaq.com\\\/en-ca\\\/#\\\/schema\\\/logo\\\/image\\\/\"},\"sameAs\":[\"https:\\\/\\\/www.linkedin.com\\\/company\\\/11857850\\\/\"]}]}<\/script>\n<!-- \/ Yoast SEO plugin. -->","yoast_head_json":{"title":"Sentinel Fan Powered Terminal Module - Filtration Group- IAQ","robots":{"index":"index","follow":"follow","max-snippet":"max-snippet:-1","max-image-preview":"max-image-preview:large","max-video-preview":"max-video-preview:-1"},"canonical":"https:\/\/www.filtrationgroupiaq.com\/en-ca\/products\/airfiltration\/cleanroomfilters\/sentinel\/","og_locale":"en_US","og_type":"article","og_title":"Sentinel Fan Powered Terminal Module - Filtration Group- IAQ","og_description":"The Sentinel Fan Filter Unit is designed for optimum performance and energy savings for use in the hospital, pharmaceutical, medical, bio-technology industry, bio-safety cabinets and for surgical suites filtration applications.","og_url":"https:\/\/www.filtrationgroupiaq.com\/en-ca\/products\/airfiltration\/cleanroomfilters\/sentinel\/","og_site_name":"Filtration Group- IAQ","article_modified_time":"2020-10-30T18:59:11+00:00","og_image":[{"width":427,"height":255,"url":"https:\/\/www.filtrationgroupiaq.com\/wp-content\/uploads\/2019\/11\/sentinel.png","type":"image\/png"}],"twitter_card":"summary_large_image","schema":{"@context":"https:\/\/schema.org","@graph":[{"@type":"WebPage","@id":"https:\/\/www.filtrationgroupiaq.com\/en-ca\/products\/airfiltration\/cleanroomfilters\/sentinel\/","url":"https:\/\/www.filtrationgroupiaq.com\/en-ca\/products\/airfiltration\/cleanroomfilters\/sentinel\/","name":"Sentinel Fan Powered Terminal Module - Filtration Group- IAQ","isPartOf":{"@id":"https:\/\/www.filtrationgroupiaq.com\/en-ca\/#website"},"primaryImageOfPage":{"@id":"https:\/\/www.filtrationgroupiaq.com\/en-ca\/products\/airfiltration\/cleanroomfilters\/sentinel\/#primaryimage"},"image":{"@id":"https:\/\/www.filtrationgroupiaq.com\/en-ca\/products\/airfiltration\/cleanroomfilters\/sentinel\/#primaryimage"},"thumbnailUrl":"https:\/\/www.filtrationgroupiaq.com\/wp-content\/uploads\/2019\/11\/sentinel.png","datePublished":"2019-11-08T15:27:59+00:00","dateModified":"2020-10-30T18:59:11+00:00","breadcrumb":{"@id":"https:\/\/www.filtrationgroupiaq.com\/en-ca\/products\/airfiltration\/cleanroomfilters\/sentinel\/#breadcrumb"},"inLanguage":"en-CA","potentialAction":[{"@type":"ReadAction","target":["https:\/\/www.filtrationgroupiaq.com\/en-ca\/products\/airfiltration\/cleanroomfilters\/sentinel\/"]}]},{"@type":"ImageObject","inLanguage":"en-CA","@id":"https:\/\/www.filtrationgroupiaq.com\/en-ca\/products\/airfiltration\/cleanroomfilters\/sentinel\/#primaryimage","url":"https:\/\/www.filtrationgroupiaq.com\/wp-content\/uploads\/2019\/11\/sentinel.png","contentUrl":"https:\/\/www.filtrationgroupiaq.com\/wp-content\/uploads\/2019\/11\/sentinel.png","width":427,"height":255},{"@type":"BreadcrumbList","@id":"https:\/\/www.filtrationgroupiaq.com\/en-ca\/products\/airfiltration\/cleanroomfilters\/sentinel\/#breadcrumb","itemListElement":[{"@type":"ListItem","position":1,"name":"","item":"https:\/\/www.filtrationgroupiaq.com\/en-ca\/"},{"@type":"ListItem","position":2,"name":"Products","item":"https:\/\/www.filtrationgroupiaq.com\/en-ca\/products\/"},{"@type":"ListItem","position":3,"name":"Air Filtration","item":"https:\/\/www.filtrationgroupiaq.com\/en-ca\/products\/airfiltration\/"},{"@type":"ListItem","position":4,"name":"Cleanroom Filters","item":"https:\/\/www.filtrationgroupiaq.com\/en-ca\/products\/airfiltration\/cleanroomfilters\/"},{"@type":"ListItem","position":5,"name":"Sentinel Fan Powered Terminal Module"}]},{"@type":"WebSite","@id":"https:\/\/www.filtrationgroupiaq.com\/en-ca\/#website","url":"https:\/\/www.filtrationgroupiaq.com\/en-ca\/","name":"Filtration Group- IAQ","description":"Making the World Safer, Healthier and More Productive","publisher":{"@id":"https:\/\/www.filtrationgroupiaq.com\/en-ca\/#organization"},"potentialAction":[{"@type":"SearchAction","target":{"@type":"EntryPoint","urlTemplate":"https:\/\/www.filtrationgroupiaq.com\/en-ca\/?s={search_term_string}"},"query-input":{"@type":"PropertyValueSpecification","valueRequired":true,"valueName":"search_term_string"}}],"inLanguage":"en-CA"},{"@type":"Organization","@id":"https:\/\/www.filtrationgroupiaq.com\/en-ca\/#organization","name":"Filtration Group","url":"https:\/\/www.filtrationgroupiaq.com\/en-ca\/","logo":{"@type":"ImageObject","inLanguage":"en-CA","@id":"https:\/\/www.filtrationgroupiaq.com\/en-ca\/#\/schema\/logo\/image\/","url":"https:\/\/www.filtrationgroupiaq.com\/wp-content\/uploads\/2019\/06\/FGC-logo-1.png","contentUrl":"https:\/\/www.filtrationgroupiaq.com\/wp-content\/uploads\/2019\/06\/FGC-logo-1.png","width":1104,"height":224,"caption":"Filtration Group"},"image":{"@id":"https:\/\/www.filtrationgroupiaq.com\/en-ca\/#\/schema\/logo\/image\/"},"sameAs":["https:\/\/www.linkedin.com\/company\/11857850\/"]}]}},"_links":{"self":[{"href":"https:\/\/www.filtrationgroupiaq.com\/en-ca\/wp-json\/wp\/v2\/pages\/3680","targetHints":{"allow":["GET"]}}],"collection":[{"href":"https:\/\/www.filtrationgroupiaq.com\/en-ca\/wp-json\/wp\/v2\/pages"}],"about":[{"href":"https:\/\/www.filtrationgroupiaq.com\/en-ca\/wp-json\/wp\/v2\/types\/page"}],"author":[{"embeddable":true,"href":"https:\/\/www.filtrationgroupiaq.com\/en-ca\/wp-json\/wp\/v2\/users\/3"}],"replies":[{"embeddable":true,"href":"https:\/\/www.filtrationgroupiaq.com\/en-ca\/wp-json\/wp\/v2\/comments?post=3680"}],"version-history":[{"count":0,"href":"https:\/\/www.filtrationgroupiaq.com\/en-ca\/wp-json\/wp\/v2\/pages\/3680\/revisions"}],"up":[{"embeddable":true,"href":"https:\/\/www.filtrationgroupiaq.com\/en-ca\/wp-json\/wp\/v2\/pages\/3689"}],"wp:featuredmedia":[{"embeddable":true,"href":"https:\/\/www.filtrationgroupiaq.com\/en-ca\/wp-json\/wp\/v2\/media\/3681"}],"wp:attachment":[{"href":"https:\/\/www.filtrationgroupiaq.com\/en-ca\/wp-json\/wp\/v2\/media?parent=3680"}],"curies":[{"name":"wp","href":"https:\/\/api.w.org\/{rel}","templated":true}]}}