{"id":6493,"date":"2021-02-24T12:03:14","date_gmt":"2021-02-24T17:03:14","guid":{"rendered":"https:\/\/www.filtrationgroupiaq.com\/fp-dual-pak\/"},"modified":"2021-02-24T12:44:30","modified_gmt":"2021-02-24T17:44:30","slug":"fp-dual-pak","status":"publish","type":"page","link":"https:\/\/www.filtrationgroupiaq.com\/es\/productos\/filtros-de-aire\/filtros-miniplisados-de-banco-en-v-y-de-panel\/fp-dual-pak\/","title":{"rendered":"FP Dual-Pak"},"content":{"rendered":"\n<div class=\"wp-block-cover alignfull has-background-dim-10 has-black-background-color has-background-dim hero-small\" style=\"background-image:url(https:\/\/www.filtrationgroupiaq.com\/wp-content\/uploads\/2020\/07\/banner-web7-3.png);min-height:324px;background-position:20% 20%;aspect-ratio:unset;\"><div class=\"wp-block-cover__inner-container is-layout-flow wp-block-cover-is-layout-flow\">\n<p class=\"has-text-align-center\" style=\"font-size:45px\"><strong><strong>Purafilter<\/strong>&nbsp;<strong>FP Dual-Pak<\/strong><\/strong><\/p>\n\n\n\n<div style=\"height:27px\" aria-hidden=\"true\" class=\"wp-block-spacer\"><\/div>\n<\/div><\/div>\n\n\n\n<div class=\"wp-block-media-text has-media-on-the-right is-stacked-on-mobile\"><figure class=\"wp-block-media-text__media\"><img loading=\"lazy\" decoding=\"async\" width=\"1024\" height=\"669\" src=\"https:\/\/www.filtrationgroupiaq.com\/wp-content\/uploads\/2019\/11\/HEGA-Full-Half-Size-FP-Dual-Pak-1024x669.png\" alt=\"FP Dual-Pak\" class=\"wp-image-817 size-full\" srcset=\"https:\/\/www.filtrationgroupiaq.com\/wp-content\/uploads\/2019\/11\/HEGA-Full-Half-Size-FP-Dual-Pak-1024x669.png 1024w, https:\/\/www.filtrationgroupiaq.com\/wp-content\/uploads\/2019\/11\/HEGA-Full-Half-Size-FP-Dual-Pak-300x196.png 300w, https:\/\/www.filtrationgroupiaq.com\/wp-content\/uploads\/2019\/11\/HEGA-Full-Half-Size-FP-Dual-Pak-768x501.png 768w, https:\/\/www.filtrationgroupiaq.com\/wp-content\/uploads\/2019\/11\/HEGA-Full-Half-Size-FP-Dual-Pak.png 1170w\" sizes=\"auto, (max-width: 1024px) 100vw, 1024px\" \/><\/figure><div class=\"wp-block-media-text__content\">\n<p>El filtro Purafilter Dual-Pak Aerostar<sup>\u00ae<\/sup>&nbsp;est\u00e1 dise\u00f1ado para eliminar tanto part\u00edculas como gases con medios de combinaci\u00f3n patentados. Excelente para usos que no tienen suficientes etapas para un filtro de carbono independiente o donde la electricidad es cara y se busca lograr una ca\u00edda de presi\u00f3n inicial combinada que sea menor a una part\u00edcula y un filtro de carbono separados.<\/p>\n\n\n\n<ul class=\"wp-block-list\"><li>Mejore la calidad del aire en interiores eliminando de forma eficaz los contaminantes, los olores y los gases<\/li><li>MERV 15 con MERV 16\/16A opcional<\/li><li>Temperatura m\u00e1xima de funcionamiento 150&nbsp;\u00b0<\/li><li>Amplia gama de medios a elecci\u00f3n para gases espec\u00edficos<ul><li>651 \u2013 Escape di\u00e9sel<\/li><li>653 \u2013 COV<\/li><li>876 \u2013 Gas \u00e1cido<\/li><\/ul><\/li><\/ul>\n\n\n\n<div class=\"wp-block-button blank btn-half-width\"><a class=\"wp-block-button__link has-blue-background-color has-background\" href=\"\/wp-content\/uploads\/2021\/02\/FG-IAQ-_-FP-Dual-Pak-_-EN-ESLA.pdf\" target=\"_blank\" rel=\"noreferrer noopener\">Descargar documentos<\/a><\/div>\n\n\n\n<div class=\"wp-block-button blank btn-half-width\"><a class=\"wp-block-button__link has-blue-background-color has-background\" href=\"\/wp-content\/uploads\/2021\/02\/SD-FP-Dual-Pak-_-01.2021.pdf\" target=\"_blank\" rel=\"noreferrer noopener\">Descargar dibujo<\/a><\/div>\n<\/div><\/div>\n","protected":false},"excerpt":{"rendered":"<p>El filtro Purafilter Dual-Pak Aerostar\u00ae est\u00e1 dise\u00f1ado para eliminar tanto part\u00edculas como gases con medios de combinaci\u00f3n patentados.<\/p>\n","protected":false},"author":6,"featured_media":6496,"parent":6727,"menu_order":5,"comment_status":"closed","ping_status":"closed","template":"","meta":{"_acf_changed":false,"footnotes":""},"class_list":["post-6493","page","type-page","status-publish","has-post-thumbnail","hentry"],"acf":[],"yoast_head":"<!-- This site is optimized with the Yoast SEO plugin v27.3 - https:\/\/yoast.com\/product\/yoast-seo-wordpress\/ -->\n<title>FP Dual-Pak - Filtration Group- IAQ<\/title>\n<meta name=\"robots\" content=\"index, follow, max-snippet:-1, max-image-preview:large, max-video-preview:-1\" \/>\n<link rel=\"canonical\" href=\"https:\/\/www.filtrationgroupiaq.com\/es\/productos\/filtros-de-aire\/filtros-miniplisados-de-banco-en-v-y-de-panel\/fp-dual-pak\/\" \/>\n<meta property=\"og:locale\" content=\"es_ES\" \/>\n<meta property=\"og:type\" content=\"article\" \/>\n<meta property=\"og:title\" content=\"FP Dual-Pak - Filtration Group- IAQ\" \/>\n<meta property=\"og:description\" content=\"El filtro Purafilter Dual-Pak Aerostar\u00ae est\u00e1 dise\u00f1ado para eliminar tanto part\u00edculas como gases con medios de combinaci\u00f3n patentados.\" \/>\n<meta property=\"og:url\" content=\"https:\/\/www.filtrationgroupiaq.com\/es\/productos\/filtros-de-aire\/filtros-miniplisados-de-banco-en-v-y-de-panel\/fp-dual-pak\/\" \/>\n<meta property=\"og:site_name\" content=\"Filtration Group- IAQ\" \/>\n<meta property=\"article:modified_time\" content=\"2021-02-24T17:44:30+00:00\" \/>\n<meta property=\"og:image\" content=\"https:\/\/www.filtrationgroupiaq.com\/wp-content\/uploads\/2020\/08\/fpdualpak.png\" \/>\n\t<meta property=\"og:image:width\" content=\"1024\" \/>\n\t<meta property=\"og:image:height\" content=\"804\" \/>\n\t<meta property=\"og:image:type\" content=\"image\/png\" \/>\n<meta name=\"twitter:card\" content=\"summary_large_image\" \/>\n<meta name=\"twitter:label1\" content=\"Tiempo de lectura\" \/>\n\t<meta name=\"twitter:data1\" content=\"1 minuto\" \/>\n<script type=\"application\/ld+json\" class=\"yoast-schema-graph\">{\"@context\":\"https:\\\/\\\/schema.org\",\"@graph\":[{\"@type\":\"WebPage\",\"@id\":\"https:\\\/\\\/www.filtrationgroupiaq.com\\\/es\\\/productos\\\/filtros-de-aire\\\/filtros-miniplisados-de-banco-en-v-y-de-panel\\\/fp-dual-pak\\\/\",\"url\":\"https:\\\/\\\/www.filtrationgroupiaq.com\\\/es\\\/productos\\\/filtros-de-aire\\\/filtros-miniplisados-de-banco-en-v-y-de-panel\\\/fp-dual-pak\\\/\",\"name\":\"FP Dual-Pak - Filtration Group- IAQ\",\"isPartOf\":{\"@id\":\"https:\\\/\\\/www.filtrationgroupiaq.com\\\/es\\\/#website\"},\"primaryImageOfPage\":{\"@id\":\"https:\\\/\\\/www.filtrationgroupiaq.com\\\/es\\\/productos\\\/filtros-de-aire\\\/filtros-miniplisados-de-banco-en-v-y-de-panel\\\/fp-dual-pak\\\/#primaryimage\"},\"image\":{\"@id\":\"https:\\\/\\\/www.filtrationgroupiaq.com\\\/es\\\/productos\\\/filtros-de-aire\\\/filtros-miniplisados-de-banco-en-v-y-de-panel\\\/fp-dual-pak\\\/#primaryimage\"},\"thumbnailUrl\":\"https:\\\/\\\/www.filtrationgroupiaq.com\\\/wp-content\\\/uploads\\\/2020\\\/08\\\/fpdualpak.png\",\"datePublished\":\"2021-02-24T17:03:14+00:00\",\"dateModified\":\"2021-02-24T17:44:30+00:00\",\"breadcrumb\":{\"@id\":\"https:\\\/\\\/www.filtrationgroupiaq.com\\\/es\\\/productos\\\/filtros-de-aire\\\/filtros-miniplisados-de-banco-en-v-y-de-panel\\\/fp-dual-pak\\\/#breadcrumb\"},\"inLanguage\":\"es\",\"potentialAction\":[{\"@type\":\"ReadAction\",\"target\":[\"https:\\\/\\\/www.filtrationgroupiaq.com\\\/es\\\/productos\\\/filtros-de-aire\\\/filtros-miniplisados-de-banco-en-v-y-de-panel\\\/fp-dual-pak\\\/\"]}]},{\"@type\":\"ImageObject\",\"inLanguage\":\"es\",\"@id\":\"https:\\\/\\\/www.filtrationgroupiaq.com\\\/es\\\/productos\\\/filtros-de-aire\\\/filtros-miniplisados-de-banco-en-v-y-de-panel\\\/fp-dual-pak\\\/#primaryimage\",\"url\":\"https:\\\/\\\/www.filtrationgroupiaq.com\\\/wp-content\\\/uploads\\\/2020\\\/08\\\/fpdualpak.png\",\"contentUrl\":\"https:\\\/\\\/www.filtrationgroupiaq.com\\\/wp-content\\\/uploads\\\/2020\\\/08\\\/fpdualpak.png\",\"width\":1024,\"height\":804},{\"@type\":\"BreadcrumbList\",\"@id\":\"https:\\\/\\\/www.filtrationgroupiaq.com\\\/es\\\/productos\\\/filtros-de-aire\\\/filtros-miniplisados-de-banco-en-v-y-de-panel\\\/fp-dual-pak\\\/#breadcrumb\",\"itemListElement\":[{\"@type\":\"ListItem\",\"position\":1,\"name\":\"\",\"item\":\"https:\\\/\\\/www.filtrationgroupiaq.com\\\/es\\\/\"},{\"@type\":\"ListItem\",\"position\":2,\"name\":\"Productos\",\"item\":\"https:\\\/\\\/www.filtrationgroupiaq.com\\\/es\\\/productos\\\/\"},{\"@type\":\"ListItem\",\"position\":3,\"name\":\"Filtros de aire\",\"item\":\"https:\\\/\\\/www.filtrationgroupiaq.com\\\/es\\\/productos\\\/filtros-de-aire\\\/\"},{\"@type\":\"ListItem\",\"position\":4,\"name\":\"Filtros miniplisados de banco en V y de panel\",\"item\":\"https:\\\/\\\/www.filtrationgroupiaq.com\\\/es\\\/productos\\\/filtros-de-aire\\\/filtros-miniplisados-de-banco-en-v-y-de-panel\\\/\"},{\"@type\":\"ListItem\",\"position\":5,\"name\":\"FP Dual-Pak\"}]},{\"@type\":\"WebSite\",\"@id\":\"https:\\\/\\\/www.filtrationgroupiaq.com\\\/es\\\/#website\",\"url\":\"https:\\\/\\\/www.filtrationgroupiaq.com\\\/es\\\/\",\"name\":\"Filtration Group- IAQ\",\"description\":\"Making the World Safer, Healthier and More Productive\",\"publisher\":{\"@id\":\"https:\\\/\\\/www.filtrationgroupiaq.com\\\/es\\\/#organization\"},\"potentialAction\":[{\"@type\":\"SearchAction\",\"target\":{\"@type\":\"EntryPoint\",\"urlTemplate\":\"https:\\\/\\\/www.filtrationgroupiaq.com\\\/es\\\/?s={search_term_string}\"},\"query-input\":{\"@type\":\"PropertyValueSpecification\",\"valueRequired\":true,\"valueName\":\"search_term_string\"}}],\"inLanguage\":\"es\"},{\"@type\":\"Organization\",\"@id\":\"https:\\\/\\\/www.filtrationgroupiaq.com\\\/es\\\/#organization\",\"name\":\"Filtration Group\",\"url\":\"https:\\\/\\\/www.filtrationgroupiaq.com\\\/es\\\/\",\"logo\":{\"@type\":\"ImageObject\",\"inLanguage\":\"es\",\"@id\":\"https:\\\/\\\/www.filtrationgroupiaq.com\\\/es\\\/#\\\/schema\\\/logo\\\/image\\\/\",\"url\":\"https:\\\/\\\/www.filtrationgroupiaq.com\\\/wp-content\\\/uploads\\\/2019\\\/06\\\/FGC-logo-1.png\",\"contentUrl\":\"https:\\\/\\\/www.filtrationgroupiaq.com\\\/wp-content\\\/uploads\\\/2019\\\/06\\\/FGC-logo-1.png\",\"width\":1104,\"height\":224,\"caption\":\"Filtration Group\"},\"image\":{\"@id\":\"https:\\\/\\\/www.filtrationgroupiaq.com\\\/es\\\/#\\\/schema\\\/logo\\\/image\\\/\"},\"sameAs\":[\"https:\\\/\\\/www.linkedin.com\\\/company\\\/11857850\\\/\"]}]}<\/script>\n<!-- \/ Yoast SEO plugin. -->","yoast_head_json":{"title":"FP Dual-Pak - Filtration Group- IAQ","robots":{"index":"index","follow":"follow","max-snippet":"max-snippet:-1","max-image-preview":"max-image-preview:large","max-video-preview":"max-video-preview:-1"},"canonical":"https:\/\/www.filtrationgroupiaq.com\/es\/productos\/filtros-de-aire\/filtros-miniplisados-de-banco-en-v-y-de-panel\/fp-dual-pak\/","og_locale":"es_ES","og_type":"article","og_title":"FP Dual-Pak - Filtration Group- IAQ","og_description":"El filtro Purafilter Dual-Pak Aerostar\u00ae est\u00e1 dise\u00f1ado para eliminar tanto part\u00edculas como gases con medios de combinaci\u00f3n patentados.","og_url":"https:\/\/www.filtrationgroupiaq.com\/es\/productos\/filtros-de-aire\/filtros-miniplisados-de-banco-en-v-y-de-panel\/fp-dual-pak\/","og_site_name":"Filtration Group- IAQ","article_modified_time":"2021-02-24T17:44:30+00:00","og_image":[{"width":1024,"height":804,"url":"https:\/\/www.filtrationgroupiaq.com\/wp-content\/uploads\/2020\/08\/fpdualpak.png","type":"image\/png"}],"twitter_card":"summary_large_image","twitter_misc":{"Tiempo de lectura":"1 minuto"},"schema":{"@context":"https:\/\/schema.org","@graph":[{"@type":"WebPage","@id":"https:\/\/www.filtrationgroupiaq.com\/es\/productos\/filtros-de-aire\/filtros-miniplisados-de-banco-en-v-y-de-panel\/fp-dual-pak\/","url":"https:\/\/www.filtrationgroupiaq.com\/es\/productos\/filtros-de-aire\/filtros-miniplisados-de-banco-en-v-y-de-panel\/fp-dual-pak\/","name":"FP Dual-Pak - Filtration Group- IAQ","isPartOf":{"@id":"https:\/\/www.filtrationgroupiaq.com\/es\/#website"},"primaryImageOfPage":{"@id":"https:\/\/www.filtrationgroupiaq.com\/es\/productos\/filtros-de-aire\/filtros-miniplisados-de-banco-en-v-y-de-panel\/fp-dual-pak\/#primaryimage"},"image":{"@id":"https:\/\/www.filtrationgroupiaq.com\/es\/productos\/filtros-de-aire\/filtros-miniplisados-de-banco-en-v-y-de-panel\/fp-dual-pak\/#primaryimage"},"thumbnailUrl":"https:\/\/www.filtrationgroupiaq.com\/wp-content\/uploads\/2020\/08\/fpdualpak.png","datePublished":"2021-02-24T17:03:14+00:00","dateModified":"2021-02-24T17:44:30+00:00","breadcrumb":{"@id":"https:\/\/www.filtrationgroupiaq.com\/es\/productos\/filtros-de-aire\/filtros-miniplisados-de-banco-en-v-y-de-panel\/fp-dual-pak\/#breadcrumb"},"inLanguage":"es","potentialAction":[{"@type":"ReadAction","target":["https:\/\/www.filtrationgroupiaq.com\/es\/productos\/filtros-de-aire\/filtros-miniplisados-de-banco-en-v-y-de-panel\/fp-dual-pak\/"]}]},{"@type":"ImageObject","inLanguage":"es","@id":"https:\/\/www.filtrationgroupiaq.com\/es\/productos\/filtros-de-aire\/filtros-miniplisados-de-banco-en-v-y-de-panel\/fp-dual-pak\/#primaryimage","url":"https:\/\/www.filtrationgroupiaq.com\/wp-content\/uploads\/2020\/08\/fpdualpak.png","contentUrl":"https:\/\/www.filtrationgroupiaq.com\/wp-content\/uploads\/2020\/08\/fpdualpak.png","width":1024,"height":804},{"@type":"BreadcrumbList","@id":"https:\/\/www.filtrationgroupiaq.com\/es\/productos\/filtros-de-aire\/filtros-miniplisados-de-banco-en-v-y-de-panel\/fp-dual-pak\/#breadcrumb","itemListElement":[{"@type":"ListItem","position":1,"name":"","item":"https:\/\/www.filtrationgroupiaq.com\/es\/"},{"@type":"ListItem","position":2,"name":"Productos","item":"https:\/\/www.filtrationgroupiaq.com\/es\/productos\/"},{"@type":"ListItem","position":3,"name":"Filtros de aire","item":"https:\/\/www.filtrationgroupiaq.com\/es\/productos\/filtros-de-aire\/"},{"@type":"ListItem","position":4,"name":"Filtros miniplisados de banco en V y de panel","item":"https:\/\/www.filtrationgroupiaq.com\/es\/productos\/filtros-de-aire\/filtros-miniplisados-de-banco-en-v-y-de-panel\/"},{"@type":"ListItem","position":5,"name":"FP Dual-Pak"}]},{"@type":"WebSite","@id":"https:\/\/www.filtrationgroupiaq.com\/es\/#website","url":"https:\/\/www.filtrationgroupiaq.com\/es\/","name":"Filtration Group- IAQ","description":"Making the World Safer, Healthier and More Productive","publisher":{"@id":"https:\/\/www.filtrationgroupiaq.com\/es\/#organization"},"potentialAction":[{"@type":"SearchAction","target":{"@type":"EntryPoint","urlTemplate":"https:\/\/www.filtrationgroupiaq.com\/es\/?s={search_term_string}"},"query-input":{"@type":"PropertyValueSpecification","valueRequired":true,"valueName":"search_term_string"}}],"inLanguage":"es"},{"@type":"Organization","@id":"https:\/\/www.filtrationgroupiaq.com\/es\/#organization","name":"Filtration Group","url":"https:\/\/www.filtrationgroupiaq.com\/es\/","logo":{"@type":"ImageObject","inLanguage":"es","@id":"https:\/\/www.filtrationgroupiaq.com\/es\/#\/schema\/logo\/image\/","url":"https:\/\/www.filtrationgroupiaq.com\/wp-content\/uploads\/2019\/06\/FGC-logo-1.png","contentUrl":"https:\/\/www.filtrationgroupiaq.com\/wp-content\/uploads\/2019\/06\/FGC-logo-1.png","width":1104,"height":224,"caption":"Filtration Group"},"image":{"@id":"https:\/\/www.filtrationgroupiaq.com\/es\/#\/schema\/logo\/image\/"},"sameAs":["https:\/\/www.linkedin.com\/company\/11857850\/"]}]}},"_links":{"self":[{"href":"https:\/\/www.filtrationgroupiaq.com\/es\/wp-json\/wp\/v2\/pages\/6493","targetHints":{"allow":["GET"]}}],"collection":[{"href":"https:\/\/www.filtrationgroupiaq.com\/es\/wp-json\/wp\/v2\/pages"}],"about":[{"href":"https:\/\/www.filtrationgroupiaq.com\/es\/wp-json\/wp\/v2\/types\/page"}],"author":[{"embeddable":true,"href":"https:\/\/www.filtrationgroupiaq.com\/es\/wp-json\/wp\/v2\/users\/6"}],"replies":[{"embeddable":true,"href":"https:\/\/www.filtrationgroupiaq.com\/es\/wp-json\/wp\/v2\/comments?post=6493"}],"version-history":[{"count":0,"href":"https:\/\/www.filtrationgroupiaq.com\/es\/wp-json\/wp\/v2\/pages\/6493\/revisions"}],"up":[{"embeddable":true,"href":"https:\/\/www.filtrationgroupiaq.com\/es\/wp-json\/wp\/v2\/pages\/6727"}],"wp:featuredmedia":[{"embeddable":true,"href":"https:\/\/www.filtrationgroupiaq.com\/es\/wp-json\/wp\/v2\/media\/6496"}],"wp:attachment":[{"href":"https:\/\/www.filtrationgroupiaq.com\/es\/wp-json\/wp\/v2\/media?parent=6493"}],"curies":[{"name":"wp","href":"https:\/\/api.w.org\/{rel}","templated":true}]}}