{"id":6703,"date":"2021-02-24T12:04:05","date_gmt":"2021-02-24T17:04:05","guid":{"rendered":"https:\/\/www.filtrationgroupiaq.com\/novapleat\/"},"modified":"2021-02-24T12:33:39","modified_gmt":"2021-02-24T17:33:39","slug":"novapleat","status":"publish","type":"page","link":"https:\/\/www.filtrationgroupiaq.com\/es\/productos\/filtros-de-aire\/filtros-de-aire-plisados\/novapleat\/","title":{"rendered":"NovaPleat"},"content":{"rendered":"\n<div class=\"wp-block-cover alignfull has-background-dim-10 has-black-background-color has-background-dim hero-small\" style=\"background-image:url(https:\/\/www.filtrationgroupiaq.com\/wp-content\/uploads\/2020\/07\/banner-web7-3.png);min-height:324px;background-position:20% 20%;aspect-ratio:unset;\"><div class=\"wp-block-cover__inner-container is-layout-flow wp-block-cover-is-layout-flow\">\n<p class=\"has-text-align-center\" style=\"font-size:45px\"><strong>NOVAPLEAT<\/strong><\/p>\n\n\n\n<div style=\"height:27px\" aria-hidden=\"true\" class=\"wp-block-spacer\"><\/div>\n<\/div><\/div>\n\n\n\n<div class=\"wp-block-media-text alignwide has-media-on-the-right is-stacked-on-mobile\"><figure class=\"wp-block-media-text__media\"><img loading=\"lazy\" decoding=\"async\" width=\"960\" height=\"1024\" src=\"https:\/\/www.filtrationgroupiaq.com\/wp-content\/uploads\/2020\/10\/Pleated-NovaPleat-960x1024.png\" alt=\"\" class=\"wp-image-6704 size-full\" srcset=\"https:\/\/www.filtrationgroupiaq.com\/wp-content\/uploads\/2020\/10\/Pleated-NovaPleat-960x1024.png 960w, https:\/\/www.filtrationgroupiaq.com\/wp-content\/uploads\/2020\/10\/Pleated-NovaPleat-281x300.png 281w, https:\/\/www.filtrationgroupiaq.com\/wp-content\/uploads\/2020\/10\/Pleated-NovaPleat-768x819.png 768w, https:\/\/www.filtrationgroupiaq.com\/wp-content\/uploads\/2020\/10\/Pleated-NovaPleat.png 1170w\" sizes=\"auto, (max-width: 960px) 100vw, 960px\" \/><\/figure><div class=\"wp-block-media-text__content\">\n<h2 class=\"wp-block-heading\">NOVAPLEAT\u00ae |  NOVAPLEAT\u00ae HC<\/h2>\n\n\n\n<p>El filtro NOVApleat Aerostar\u00ae utiliza un proceso de fabricaci\u00f3n totalmente automatizado que garantiza una calidad y un rendimiento uniformes. El material es 100&nbsp;% sint\u00e9tico y autosustentable, pesa el doble que los filtros plisados convencionales, lo que resulta en un filtro duradero capaz de soportar condiciones de manipulaci\u00f3n bruscas. Su fabricaci\u00f3n con m\u00e1quinas de precisi\u00f3n le proporciona una calidad confiable, y la punta cuadrada le da una rigidez adicional y mejores caracter\u00edsticas de flujo de aire.<\/p>\n\n\n\n<p>Disponible en sus versiones est\u00e1ndar y de gran capacidad con una profundidad nominal de 1 o 2&nbsp;pulgadas.<\/p>\n\n\n\n<ul class=\"wp-block-list\"><li>Llega a un valor MERV 8<\/li><li>Elimina pr\u00e1cticamente la posibilidad de da\u00f1os durante su env\u00edo<\/li><li>Sin riesgo de RoHS (metales pesados)<\/li><li>Colabora con la reducci\u00f3n de residuos: son completamente incinerables<\/li><li>Puede utilizarse para conseguir puntos para la certificaci\u00f3n LEED<\/li><\/ul>\n\n\n\n<p>Protegido por los n\u00fameros de patentes de EE.&nbsp;UU. 7.156.891 y D544.949 <\/p>\n<\/div><\/div>\n\n\n\n<div class=\"wp-block-columns alignwide has-5-columns is-layout-flex wp-container-core-columns-is-layout-9d6595d7 wp-block-columns-is-layout-flex\">\n<div class=\"wp-block-column is-layout-flow wp-block-column-is-layout-flow\">\n<div class=\"wp-block-button\"><a class=\"wp-block-button__link has-blue-background-color has-background\" href=\"\/wp-content\/uploads\/2021\/02\/FG-IAQ-_-NovaPleat-_-EN-ESLA.pdf\" target=\"_blank\" rel=\"noreferrer noopener\">Descargar<br>Documentos<\/a><\/div>\n<\/div>\n\n\n\n<div class=\"wp-block-column is-layout-flow wp-block-column-is-layout-flow\">\n<div class=\"wp-block-button is-style-default\"><a class=\"wp-block-button__link has-blue-background-color has-background\" href=\"https:\/\/www.filtrationgroupiaq.com\/wp-content\/uploads\/2020\/08\/FG-IAQ-_-SD-NOVApleat-3.pdf\" target=\"_blank\" rel=\"noreferrer noopener\">Descargar<br>Plano <\/a><\/div>\n<\/div>\n\n\n\n<div class=\"wp-block-column is-layout-flow wp-block-column-is-layout-flow\">\n<div class=\"wp-block-button\"><a class=\"wp-block-button__link has-white-color has-blue-background-color has-text-color has-background\" href=\"https:\/\/www.filtrationgroupiaq.com\/wp-content\/uploads\/2020\/08\/FG-IAQ-_-Special-Pleats-Ordering-Codes-3-23.pdf\" target=\"_blank\" rel=\"noreferrer noopener\"> GU\u00cdA PARA PEDIDOS DE FILTROS PLISADOS A MEDIDA <\/a><\/div>\n<\/div>\n\n\n\n<div class=\"wp-block-column is-layout-flow wp-block-column-is-layout-flow\"><\/div>\n\n\n\n<div class=\"wp-block-column is-layout-flow wp-block-column-is-layout-flow\"><\/div>\n<\/div>\n\n\n\n<div class=\"wp-block-columns alignwide has-5-columns is-layout-flex wp-container-core-columns-is-layout-9d6595d7 wp-block-columns-is-layout-flex\">\n<div class=\"wp-block-column is-layout-flow wp-block-column-is-layout-flow\"><\/div>\n\n\n\n<div class=\"wp-block-column is-layout-flow wp-block-column-is-layout-flow\"><\/div>\n\n\n\n<div class=\"wp-block-column is-layout-flow wp-block-column-is-layout-flow\">\n<p><\/p>\n<\/div>\n\n\n\n<div class=\"wp-block-column is-layout-flow wp-block-column-is-layout-flow\"><\/div>\n\n\n\n<div class=\"wp-block-column is-layout-flow wp-block-column-is-layout-flow\"><\/div>\n<\/div>\n\n\n\n<p><\/p>\n","protected":false},"excerpt":{"rendered":"<p>El filtro NOVApleat Aerostar\u00aees un filtro plisado 100\u00a0% sint\u00e9tico y autosustentable.<\/p>\n","protected":false},"author":3,"featured_media":6675,"parent":6791,"menu_order":1,"comment_status":"closed","ping_status":"closed","template":"","meta":{"_acf_changed":false,"footnotes":""},"class_list":["post-6703","page","type-page","status-publish","has-post-thumbnail","hentry"],"acf":[],"yoast_head":"<!-- This site is optimized with the Yoast SEO plugin v27.3 - https:\/\/yoast.com\/product\/yoast-seo-wordpress\/ -->\n<title>NovaPleat - Filtration Group- IAQ<\/title>\n<meta name=\"robots\" content=\"index, follow, max-snippet:-1, max-image-preview:large, max-video-preview:-1\" \/>\n<link rel=\"canonical\" href=\"https:\/\/www.filtrationgroupiaq.com\/es\/productos\/filtros-de-aire\/filtros-de-aire-plisados\/novapleat\/\" \/>\n<meta property=\"og:locale\" content=\"es_ES\" \/>\n<meta property=\"og:type\" content=\"article\" \/>\n<meta property=\"og:title\" content=\"NovaPleat - Filtration Group- IAQ\" \/>\n<meta property=\"og:description\" content=\"El filtro NOVApleat Aerostar\u00aees un filtro plisado 100\u00a0% sint\u00e9tico y autosustentable.\" \/>\n<meta property=\"og:url\" content=\"https:\/\/www.filtrationgroupiaq.com\/es\/productos\/filtros-de-aire\/filtros-de-aire-plisados\/novapleat\/\" \/>\n<meta property=\"og:site_name\" content=\"Filtration Group- IAQ\" \/>\n<meta property=\"article:modified_time\" content=\"2021-02-24T17:33:39+00:00\" \/>\n<meta property=\"og:image\" content=\"https:\/\/www.filtrationgroupiaq.com\/wp-content\/uploads\/2019\/11\/novapleat.png\" \/>\n\t<meta property=\"og:image:width\" content=\"427\" \/>\n\t<meta property=\"og:image:height\" content=\"255\" \/>\n\t<meta property=\"og:image:type\" content=\"image\/png\" \/>\n<meta name=\"twitter:card\" content=\"summary_large_image\" \/>\n<meta name=\"twitter:label1\" content=\"Tiempo de lectura\" \/>\n\t<meta name=\"twitter:data1\" content=\"1 minuto\" \/>\n<script type=\"application\/ld+json\" class=\"yoast-schema-graph\">{\"@context\":\"https:\\\/\\\/schema.org\",\"@graph\":[{\"@type\":\"WebPage\",\"@id\":\"https:\\\/\\\/www.filtrationgroupiaq.com\\\/es\\\/productos\\\/filtros-de-aire\\\/filtros-de-aire-plisados\\\/novapleat\\\/\",\"url\":\"https:\\\/\\\/www.filtrationgroupiaq.com\\\/es\\\/productos\\\/filtros-de-aire\\\/filtros-de-aire-plisados\\\/novapleat\\\/\",\"name\":\"NovaPleat - Filtration Group- IAQ\",\"isPartOf\":{\"@id\":\"https:\\\/\\\/www.filtrationgroupiaq.com\\\/es\\\/#website\"},\"primaryImageOfPage\":{\"@id\":\"https:\\\/\\\/www.filtrationgroupiaq.com\\\/es\\\/productos\\\/filtros-de-aire\\\/filtros-de-aire-plisados\\\/novapleat\\\/#primaryimage\"},\"image\":{\"@id\":\"https:\\\/\\\/www.filtrationgroupiaq.com\\\/es\\\/productos\\\/filtros-de-aire\\\/filtros-de-aire-plisados\\\/novapleat\\\/#primaryimage\"},\"thumbnailUrl\":\"https:\\\/\\\/www.filtrationgroupiaq.com\\\/wp-content\\\/uploads\\\/2019\\\/11\\\/novapleat.png\",\"datePublished\":\"2021-02-24T17:04:05+00:00\",\"dateModified\":\"2021-02-24T17:33:39+00:00\",\"breadcrumb\":{\"@id\":\"https:\\\/\\\/www.filtrationgroupiaq.com\\\/es\\\/productos\\\/filtros-de-aire\\\/filtros-de-aire-plisados\\\/novapleat\\\/#breadcrumb\"},\"inLanguage\":\"es\",\"potentialAction\":[{\"@type\":\"ReadAction\",\"target\":[\"https:\\\/\\\/www.filtrationgroupiaq.com\\\/es\\\/productos\\\/filtros-de-aire\\\/filtros-de-aire-plisados\\\/novapleat\\\/\"]}]},{\"@type\":\"ImageObject\",\"inLanguage\":\"es\",\"@id\":\"https:\\\/\\\/www.filtrationgroupiaq.com\\\/es\\\/productos\\\/filtros-de-aire\\\/filtros-de-aire-plisados\\\/novapleat\\\/#primaryimage\",\"url\":\"https:\\\/\\\/www.filtrationgroupiaq.com\\\/wp-content\\\/uploads\\\/2019\\\/11\\\/novapleat.png\",\"contentUrl\":\"https:\\\/\\\/www.filtrationgroupiaq.com\\\/wp-content\\\/uploads\\\/2019\\\/11\\\/novapleat.png\",\"width\":427,\"height\":255},{\"@type\":\"BreadcrumbList\",\"@id\":\"https:\\\/\\\/www.filtrationgroupiaq.com\\\/es\\\/productos\\\/filtros-de-aire\\\/filtros-de-aire-plisados\\\/novapleat\\\/#breadcrumb\",\"itemListElement\":[{\"@type\":\"ListItem\",\"position\":1,\"name\":\"\",\"item\":\"https:\\\/\\\/www.filtrationgroupiaq.com\\\/es\\\/\"},{\"@type\":\"ListItem\",\"position\":2,\"name\":\"Productos\",\"item\":\"https:\\\/\\\/www.filtrationgroupiaq.com\\\/es\\\/productos\\\/\"},{\"@type\":\"ListItem\",\"position\":3,\"name\":\"Filtros de aire\",\"item\":\"https:\\\/\\\/www.filtrationgroupiaq.com\\\/es\\\/productos\\\/filtros-de-aire\\\/\"},{\"@type\":\"ListItem\",\"position\":4,\"name\":\"Filtros de aire plisados\",\"item\":\"https:\\\/\\\/www.filtrationgroupiaq.com\\\/es\\\/productos\\\/filtros-de-aire\\\/filtros-de-aire-plisados\\\/\"},{\"@type\":\"ListItem\",\"position\":5,\"name\":\"NovaPleat\"}]},{\"@type\":\"WebSite\",\"@id\":\"https:\\\/\\\/www.filtrationgroupiaq.com\\\/es\\\/#website\",\"url\":\"https:\\\/\\\/www.filtrationgroupiaq.com\\\/es\\\/\",\"name\":\"Filtration Group- IAQ\",\"description\":\"Making the World Safer, Healthier and More Productive\",\"publisher\":{\"@id\":\"https:\\\/\\\/www.filtrationgroupiaq.com\\\/es\\\/#organization\"},\"potentialAction\":[{\"@type\":\"SearchAction\",\"target\":{\"@type\":\"EntryPoint\",\"urlTemplate\":\"https:\\\/\\\/www.filtrationgroupiaq.com\\\/es\\\/?s={search_term_string}\"},\"query-input\":{\"@type\":\"PropertyValueSpecification\",\"valueRequired\":true,\"valueName\":\"search_term_string\"}}],\"inLanguage\":\"es\"},{\"@type\":\"Organization\",\"@id\":\"https:\\\/\\\/www.filtrationgroupiaq.com\\\/es\\\/#organization\",\"name\":\"Filtration Group\",\"url\":\"https:\\\/\\\/www.filtrationgroupiaq.com\\\/es\\\/\",\"logo\":{\"@type\":\"ImageObject\",\"inLanguage\":\"es\",\"@id\":\"https:\\\/\\\/www.filtrationgroupiaq.com\\\/es\\\/#\\\/schema\\\/logo\\\/image\\\/\",\"url\":\"https:\\\/\\\/www.filtrationgroupiaq.com\\\/wp-content\\\/uploads\\\/2019\\\/06\\\/FGC-logo-1.png\",\"contentUrl\":\"https:\\\/\\\/www.filtrationgroupiaq.com\\\/wp-content\\\/uploads\\\/2019\\\/06\\\/FGC-logo-1.png\",\"width\":1104,\"height\":224,\"caption\":\"Filtration Group\"},\"image\":{\"@id\":\"https:\\\/\\\/www.filtrationgroupiaq.com\\\/es\\\/#\\\/schema\\\/logo\\\/image\\\/\"},\"sameAs\":[\"https:\\\/\\\/www.linkedin.com\\\/company\\\/11857850\\\/\"]}]}<\/script>\n<!-- \/ Yoast SEO plugin. -->","yoast_head_json":{"title":"NovaPleat - Filtration Group- IAQ","robots":{"index":"index","follow":"follow","max-snippet":"max-snippet:-1","max-image-preview":"max-image-preview:large","max-video-preview":"max-video-preview:-1"},"canonical":"https:\/\/www.filtrationgroupiaq.com\/es\/productos\/filtros-de-aire\/filtros-de-aire-plisados\/novapleat\/","og_locale":"es_ES","og_type":"article","og_title":"NovaPleat - Filtration Group- IAQ","og_description":"El filtro NOVApleat Aerostar\u00aees un filtro plisado 100\u00a0% sint\u00e9tico y autosustentable.","og_url":"https:\/\/www.filtrationgroupiaq.com\/es\/productos\/filtros-de-aire\/filtros-de-aire-plisados\/novapleat\/","og_site_name":"Filtration Group- IAQ","article_modified_time":"2021-02-24T17:33:39+00:00","og_image":[{"width":427,"height":255,"url":"https:\/\/www.filtrationgroupiaq.com\/wp-content\/uploads\/2019\/11\/novapleat.png","type":"image\/png"}],"twitter_card":"summary_large_image","twitter_misc":{"Tiempo de lectura":"1 minuto"},"schema":{"@context":"https:\/\/schema.org","@graph":[{"@type":"WebPage","@id":"https:\/\/www.filtrationgroupiaq.com\/es\/productos\/filtros-de-aire\/filtros-de-aire-plisados\/novapleat\/","url":"https:\/\/www.filtrationgroupiaq.com\/es\/productos\/filtros-de-aire\/filtros-de-aire-plisados\/novapleat\/","name":"NovaPleat - Filtration Group- IAQ","isPartOf":{"@id":"https:\/\/www.filtrationgroupiaq.com\/es\/#website"},"primaryImageOfPage":{"@id":"https:\/\/www.filtrationgroupiaq.com\/es\/productos\/filtros-de-aire\/filtros-de-aire-plisados\/novapleat\/#primaryimage"},"image":{"@id":"https:\/\/www.filtrationgroupiaq.com\/es\/productos\/filtros-de-aire\/filtros-de-aire-plisados\/novapleat\/#primaryimage"},"thumbnailUrl":"https:\/\/www.filtrationgroupiaq.com\/wp-content\/uploads\/2019\/11\/novapleat.png","datePublished":"2021-02-24T17:04:05+00:00","dateModified":"2021-02-24T17:33:39+00:00","breadcrumb":{"@id":"https:\/\/www.filtrationgroupiaq.com\/es\/productos\/filtros-de-aire\/filtros-de-aire-plisados\/novapleat\/#breadcrumb"},"inLanguage":"es","potentialAction":[{"@type":"ReadAction","target":["https:\/\/www.filtrationgroupiaq.com\/es\/productos\/filtros-de-aire\/filtros-de-aire-plisados\/novapleat\/"]}]},{"@type":"ImageObject","inLanguage":"es","@id":"https:\/\/www.filtrationgroupiaq.com\/es\/productos\/filtros-de-aire\/filtros-de-aire-plisados\/novapleat\/#primaryimage","url":"https:\/\/www.filtrationgroupiaq.com\/wp-content\/uploads\/2019\/11\/novapleat.png","contentUrl":"https:\/\/www.filtrationgroupiaq.com\/wp-content\/uploads\/2019\/11\/novapleat.png","width":427,"height":255},{"@type":"BreadcrumbList","@id":"https:\/\/www.filtrationgroupiaq.com\/es\/productos\/filtros-de-aire\/filtros-de-aire-plisados\/novapleat\/#breadcrumb","itemListElement":[{"@type":"ListItem","position":1,"name":"","item":"https:\/\/www.filtrationgroupiaq.com\/es\/"},{"@type":"ListItem","position":2,"name":"Productos","item":"https:\/\/www.filtrationgroupiaq.com\/es\/productos\/"},{"@type":"ListItem","position":3,"name":"Filtros de aire","item":"https:\/\/www.filtrationgroupiaq.com\/es\/productos\/filtros-de-aire\/"},{"@type":"ListItem","position":4,"name":"Filtros de aire plisados","item":"https:\/\/www.filtrationgroupiaq.com\/es\/productos\/filtros-de-aire\/filtros-de-aire-plisados\/"},{"@type":"ListItem","position":5,"name":"NovaPleat"}]},{"@type":"WebSite","@id":"https:\/\/www.filtrationgroupiaq.com\/es\/#website","url":"https:\/\/www.filtrationgroupiaq.com\/es\/","name":"Filtration Group- IAQ","description":"Making the World Safer, Healthier and More Productive","publisher":{"@id":"https:\/\/www.filtrationgroupiaq.com\/es\/#organization"},"potentialAction":[{"@type":"SearchAction","target":{"@type":"EntryPoint","urlTemplate":"https:\/\/www.filtrationgroupiaq.com\/es\/?s={search_term_string}"},"query-input":{"@type":"PropertyValueSpecification","valueRequired":true,"valueName":"search_term_string"}}],"inLanguage":"es"},{"@type":"Organization","@id":"https:\/\/www.filtrationgroupiaq.com\/es\/#organization","name":"Filtration Group","url":"https:\/\/www.filtrationgroupiaq.com\/es\/","logo":{"@type":"ImageObject","inLanguage":"es","@id":"https:\/\/www.filtrationgroupiaq.com\/es\/#\/schema\/logo\/image\/","url":"https:\/\/www.filtrationgroupiaq.com\/wp-content\/uploads\/2019\/06\/FGC-logo-1.png","contentUrl":"https:\/\/www.filtrationgroupiaq.com\/wp-content\/uploads\/2019\/06\/FGC-logo-1.png","width":1104,"height":224,"caption":"Filtration Group"},"image":{"@id":"https:\/\/www.filtrationgroupiaq.com\/es\/#\/schema\/logo\/image\/"},"sameAs":["https:\/\/www.linkedin.com\/company\/11857850\/"]}]}},"_links":{"self":[{"href":"https:\/\/www.filtrationgroupiaq.com\/es\/wp-json\/wp\/v2\/pages\/6703","targetHints":{"allow":["GET"]}}],"collection":[{"href":"https:\/\/www.filtrationgroupiaq.com\/es\/wp-json\/wp\/v2\/pages"}],"about":[{"href":"https:\/\/www.filtrationgroupiaq.com\/es\/wp-json\/wp\/v2\/types\/page"}],"author":[{"embeddable":true,"href":"https:\/\/www.filtrationgroupiaq.com\/es\/wp-json\/wp\/v2\/users\/3"}],"replies":[{"embeddable":true,"href":"https:\/\/www.filtrationgroupiaq.com\/es\/wp-json\/wp\/v2\/comments?post=6703"}],"version-history":[{"count":0,"href":"https:\/\/www.filtrationgroupiaq.com\/es\/wp-json\/wp\/v2\/pages\/6703\/revisions"}],"up":[{"embeddable":true,"href":"https:\/\/www.filtrationgroupiaq.com\/es\/wp-json\/wp\/v2\/pages\/6791"}],"wp:featuredmedia":[{"embeddable":true,"href":"https:\/\/www.filtrationgroupiaq.com\/es\/wp-json\/wp\/v2\/media\/6675"}],"wp:attachment":[{"href":"https:\/\/www.filtrationgroupiaq.com\/es\/wp-json\/wp\/v2\/media?parent=6703"}],"curies":[{"name":"wp","href":"https:\/\/api.w.org\/{rel}","templated":true}]}}