{"id":6781,"date":"2021-02-24T12:04:10","date_gmt":"2021-02-24T17:04:10","guid":{"rendered":"https:\/\/www.filtrationgroupiaq.com\/productos\/filtros-de-aire\/filtros-miniplisados-de-banco-en-v-y-de-panel\/fp-y-fp-s\/"},"modified":"2021-02-24T12:42:40","modified_gmt":"2021-02-24T17:42:40","slug":"fp-y-fp-s","status":"publish","type":"page","link":"https:\/\/www.filtrationgroupiaq.com\/es\/productos\/filtros-de-aire\/filtros-miniplisados-de-banco-en-v-y-de-panel\/fp-y-fp-s\/","title":{"rendered":"FP y FP-S"},"content":{"rendered":"\n<div class=\"wp-block-cover alignfull has-background-dim-10 has-black-background-color has-background-dim hero-small\" style=\"background-image:url(https:\/\/www.filtrationgroupiaq.com\/wp-content\/uploads\/2020\/07\/banner-web7-3.png);min-height:324px;background-position:20% 20%;aspect-ratio:unset;\"><div class=\"wp-block-cover__inner-container is-layout-flow wp-block-cover-is-layout-flow\">\n<p class=\"has-text-align-center\" style=\"font-size:45px\"><strong>Filtro FP y FP-S de banco en V miniplisado<\/strong><\/p>\n\n\n\n<div style=\"height:27px\" aria-hidden=\"true\" class=\"wp-block-spacer\"><\/div>\n<\/div><\/div>\n\n\n\n<div class=\"wp-block-media-text has-media-on-the-right is-stacked-on-mobile\"><figure class=\"wp-block-media-text__media\"><img loading=\"lazy\" decoding=\"async\" width=\"1024\" height=\"804\" src=\"https:\/\/www.filtrationgroupiaq.com\/wp-content\/uploads\/2019\/11\/FP-1024x804.png\" alt=\"FP\" class=\"wp-image-6785 size-full\" srcset=\"https:\/\/www.filtrationgroupiaq.com\/wp-content\/uploads\/2019\/11\/FP-1024x804.png 1024w, https:\/\/www.filtrationgroupiaq.com\/wp-content\/uploads\/2019\/11\/FP-300x236.png 300w, https:\/\/www.filtrationgroupiaq.com\/wp-content\/uploads\/2019\/11\/FP-768x603.png 768w, https:\/\/www.filtrationgroupiaq.com\/wp-content\/uploads\/2019\/11\/FP.png 1170w\" sizes=\"auto, (max-width: 1024px) 100vw, 1024px\" \/><\/figure><div class=\"wp-block-media-text__content\">\n<h2 class=\"wp-block-heading\">Filtro FP y FP-S de banco en V miniplisado<\/h2>\n\n\n\n<p>El dise\u00f1o exclusivo y estable del filtro<strong>&nbsp;Aerostar\u00ae FP<\/strong>&nbsp;distribuye el aire de manera uniforme a trav\u00e9s del filtro. Tolera grandes variaciones en el flujo de aire y las ca\u00eddas de presi\u00f3n sin afectar al rendimiento y la eficiencia del filtro. Nuestra tecnolog\u00eda V-Bank\u2122 4V miniplisada ha demostrado ser rentable y muy eficiente para eliminar una amplia variedad de contaminantes del flujo de aire. El filtro incorpora 58,8&nbsp;metros cuadrados (193&nbsp;pies cuadrados) de medios de microfibra de vidrio h\u00fameda en un marco de 24x24x12.<\/p>\n\n\n\n<ul class=\"wp-block-list\"><li>Disponible en MERV 11, 14, 15, 16 y R (98&nbsp;%-DOP)<\/li><li>El asa integrada facilita el transporte y la instalaci\u00f3n<\/li><li>La reducci\u00f3n de la resistencia al flujo de aire favorece un ahorro considerable de energ\u00eda<\/li><li>El marco de pl\u00e1stico crea un filtro excepcionalmente fuerte pero ligero<\/li><li>Componente compatible con la iniciativa LEED\/Edificios Sustentables<\/li><li>Medios de doble direcci\u00f3n para instalaciones de montaje frontal o inverso<\/li><\/ul>\n\n\n\n<p>El<strong>&nbsp;Aerostar\u00ae FP-S<\/strong> es nuestra versi\u00f3n sint\u00e9tica de nuestro filtro V-Bank\u2122 4 V miniplisado.&nbsp; La poca ca\u00edda de presi\u00f3n reduce los costos energ\u00e9ticos y prolonga la vida \u00fatil del filtro. Toda la tecnolog\u00eda de pl\u00e1stico ha demostrado ser rentable y muy eficiente para eliminar una amplia variedad de contaminantes del flujo de aire. El filtro incorpora 14&nbsp;metros cuadrados (150&nbsp;pies cuadrados) de medios 100&nbsp;% sint\u00e9tico de doble densidad en un marco de 24x24x12.<\/p>\n\n\n\n<ul class=\"wp-block-list\"><li>Disponible con filtros MERV 11, 14 y 15<\/li><li>La construcci\u00f3n de pl\u00e1stico liviana elimina la corrosi\u00f3n<\/li><li>Gran capacidad de retenci\u00f3n de polvo<\/li><li>El filtro resistente puede utilizarse para aplicaciones demandantes, como ambientes con humedad relativa del 100&nbsp;%, sistemas VAV y mucho m\u00e1s<\/li><\/ul>\n\n\n\n<div class=\"wp-block-button blank btn-half-width\"><a class=\"wp-block-button__link has-blue-background-color has-background\" href=\"\/wp-content\/uploads\/2021\/02\/FG-IAQ-_-FP-FPS-Minipleat-_-EN-ESLA.pdf\" target=\"_blank\" rel=\"noreferrer noopener\">Descargar documentos<\/a><\/div>\n\n\n\n<div class=\"wp-block-button blank btn-half-width\"><a class=\"wp-block-button__link has-blue-background-color has-background\" href=\"https:\/\/www.filtrationgroupiaq.com\/wp-content\/uploads\/2020\/08\/FG-IAQ-_-SD-FP_FPS-Submittal-Drawing-2-1.pdf\" target=\"_blank\" rel=\"noreferrer noopener\">Descargar plano<\/a><\/div>\n<\/div><\/div>\n","protected":false},"excerpt":{"rendered":"<p>El dise\u00f1o exclusivo y estable de los filtros Aerostar\u00ae FP y FP-S distribuye el aire de manera uniforme a trav\u00e9s del filtro. <\/p>\n","protected":false},"author":3,"featured_media":7993,"parent":6727,"menu_order":0,"comment_status":"closed","ping_status":"closed","template":"","meta":{"_acf_changed":false,"footnotes":""},"class_list":["post-6781","page","type-page","status-publish","has-post-thumbnail","hentry"],"acf":[],"yoast_head":"<!-- This site is optimized with the Yoast SEO plugin v27.3 - https:\/\/yoast.com\/product\/yoast-seo-wordpress\/ -->\n<title>FP y FP-S - Filtration Group- IAQ<\/title>\n<meta name=\"robots\" content=\"index, follow, max-snippet:-1, max-image-preview:large, max-video-preview:-1\" \/>\n<link rel=\"canonical\" href=\"https:\/\/www.filtrationgroupiaq.com\/es\/productos\/filtros-de-aire\/filtros-miniplisados-de-banco-en-v-y-de-panel\/fp-y-fp-s\/\" \/>\n<meta property=\"og:locale\" content=\"es_ES\" \/>\n<meta property=\"og:type\" content=\"article\" \/>\n<meta property=\"og:title\" content=\"FP y FP-S - Filtration Group- IAQ\" \/>\n<meta property=\"og:description\" content=\"El dise\u00f1o exclusivo y estable de los filtros Aerostar\u00ae FP y FP-S distribuye el aire de manera uniforme a trav\u00e9s del filtro.\" \/>\n<meta property=\"og:url\" content=\"https:\/\/www.filtrationgroupiaq.com\/es\/productos\/filtros-de-aire\/filtros-miniplisados-de-banco-en-v-y-de-panel\/fp-y-fp-s\/\" \/>\n<meta property=\"og:site_name\" content=\"Filtration Group- IAQ\" \/>\n<meta property=\"article:modified_time\" content=\"2021-02-24T17:42:40+00:00\" \/>\n<meta property=\"og:image\" content=\"https:\/\/www.filtrationgroupiaq.com\/wp-content\/uploads\/2019\/11\/FP.png\" \/>\n\t<meta property=\"og:image:width\" content=\"1170\" \/>\n\t<meta property=\"og:image:height\" content=\"919\" \/>\n\t<meta property=\"og:image:type\" content=\"image\/png\" \/>\n<meta name=\"twitter:card\" content=\"summary_large_image\" \/>\n<meta name=\"twitter:label1\" content=\"Tiempo de lectura\" \/>\n\t<meta name=\"twitter:data1\" content=\"2 minutos\" \/>\n<script type=\"application\/ld+json\" class=\"yoast-schema-graph\">{\"@context\":\"https:\\\/\\\/schema.org\",\"@graph\":[{\"@type\":\"WebPage\",\"@id\":\"https:\\\/\\\/www.filtrationgroupiaq.com\\\/es\\\/productos\\\/filtros-de-aire\\\/filtros-miniplisados-de-banco-en-v-y-de-panel\\\/fp-y-fp-s\\\/\",\"url\":\"https:\\\/\\\/www.filtrationgroupiaq.com\\\/es\\\/productos\\\/filtros-de-aire\\\/filtros-miniplisados-de-banco-en-v-y-de-panel\\\/fp-y-fp-s\\\/\",\"name\":\"FP y FP-S - Filtration Group- IAQ\",\"isPartOf\":{\"@id\":\"https:\\\/\\\/www.filtrationgroupiaq.com\\\/es\\\/#website\"},\"primaryImageOfPage\":{\"@id\":\"https:\\\/\\\/www.filtrationgroupiaq.com\\\/es\\\/productos\\\/filtros-de-aire\\\/filtros-miniplisados-de-banco-en-v-y-de-panel\\\/fp-y-fp-s\\\/#primaryimage\"},\"image\":{\"@id\":\"https:\\\/\\\/www.filtrationgroupiaq.com\\\/es\\\/productos\\\/filtros-de-aire\\\/filtros-miniplisados-de-banco-en-v-y-de-panel\\\/fp-y-fp-s\\\/#primaryimage\"},\"thumbnailUrl\":\"https:\\\/\\\/www.filtrationgroupiaq.com\\\/wp-content\\\/uploads\\\/2022\\\/07\\\/Black-Mini-Pleat-4v-scaled.jpg\",\"datePublished\":\"2021-02-24T17:04:10+00:00\",\"dateModified\":\"2021-02-24T17:42:40+00:00\",\"breadcrumb\":{\"@id\":\"https:\\\/\\\/www.filtrationgroupiaq.com\\\/es\\\/productos\\\/filtros-de-aire\\\/filtros-miniplisados-de-banco-en-v-y-de-panel\\\/fp-y-fp-s\\\/#breadcrumb\"},\"inLanguage\":\"es\",\"potentialAction\":[{\"@type\":\"ReadAction\",\"target\":[\"https:\\\/\\\/www.filtrationgroupiaq.com\\\/es\\\/productos\\\/filtros-de-aire\\\/filtros-miniplisados-de-banco-en-v-y-de-panel\\\/fp-y-fp-s\\\/\"]}]},{\"@type\":\"ImageObject\",\"inLanguage\":\"es\",\"@id\":\"https:\\\/\\\/www.filtrationgroupiaq.com\\\/es\\\/productos\\\/filtros-de-aire\\\/filtros-miniplisados-de-banco-en-v-y-de-panel\\\/fp-y-fp-s\\\/#primaryimage\",\"url\":\"https:\\\/\\\/www.filtrationgroupiaq.com\\\/wp-content\\\/uploads\\\/2022\\\/07\\\/Black-Mini-Pleat-4v-scaled.jpg\",\"contentUrl\":\"https:\\\/\\\/www.filtrationgroupiaq.com\\\/wp-content\\\/uploads\\\/2022\\\/07\\\/Black-Mini-Pleat-4v-scaled.jpg\",\"width\":2560,\"height\":2011},{\"@type\":\"BreadcrumbList\",\"@id\":\"https:\\\/\\\/www.filtrationgroupiaq.com\\\/es\\\/productos\\\/filtros-de-aire\\\/filtros-miniplisados-de-banco-en-v-y-de-panel\\\/fp-y-fp-s\\\/#breadcrumb\",\"itemListElement\":[{\"@type\":\"ListItem\",\"position\":1,\"name\":\"\",\"item\":\"https:\\\/\\\/www.filtrationgroupiaq.com\\\/es\\\/\"},{\"@type\":\"ListItem\",\"position\":2,\"name\":\"Productos\",\"item\":\"https:\\\/\\\/www.filtrationgroupiaq.com\\\/es\\\/productos\\\/\"},{\"@type\":\"ListItem\",\"position\":3,\"name\":\"Filtros de aire\",\"item\":\"https:\\\/\\\/www.filtrationgroupiaq.com\\\/es\\\/productos\\\/filtros-de-aire\\\/\"},{\"@type\":\"ListItem\",\"position\":4,\"name\":\"Filtros miniplisados de banco en V y de panel\",\"item\":\"https:\\\/\\\/www.filtrationgroupiaq.com\\\/es\\\/productos\\\/filtros-de-aire\\\/filtros-miniplisados-de-banco-en-v-y-de-panel\\\/\"},{\"@type\":\"ListItem\",\"position\":5,\"name\":\"FP y FP-S\"}]},{\"@type\":\"WebSite\",\"@id\":\"https:\\\/\\\/www.filtrationgroupiaq.com\\\/es\\\/#website\",\"url\":\"https:\\\/\\\/www.filtrationgroupiaq.com\\\/es\\\/\",\"name\":\"Filtration Group- IAQ\",\"description\":\"Making the World Safer, Healthier and More Productive\",\"publisher\":{\"@id\":\"https:\\\/\\\/www.filtrationgroupiaq.com\\\/es\\\/#organization\"},\"potentialAction\":[{\"@type\":\"SearchAction\",\"target\":{\"@type\":\"EntryPoint\",\"urlTemplate\":\"https:\\\/\\\/www.filtrationgroupiaq.com\\\/es\\\/?s={search_term_string}\"},\"query-input\":{\"@type\":\"PropertyValueSpecification\",\"valueRequired\":true,\"valueName\":\"search_term_string\"}}],\"inLanguage\":\"es\"},{\"@type\":\"Organization\",\"@id\":\"https:\\\/\\\/www.filtrationgroupiaq.com\\\/es\\\/#organization\",\"name\":\"Filtration Group\",\"url\":\"https:\\\/\\\/www.filtrationgroupiaq.com\\\/es\\\/\",\"logo\":{\"@type\":\"ImageObject\",\"inLanguage\":\"es\",\"@id\":\"https:\\\/\\\/www.filtrationgroupiaq.com\\\/es\\\/#\\\/schema\\\/logo\\\/image\\\/\",\"url\":\"https:\\\/\\\/www.filtrationgroupiaq.com\\\/wp-content\\\/uploads\\\/2019\\\/06\\\/FGC-logo-1.png\",\"contentUrl\":\"https:\\\/\\\/www.filtrationgroupiaq.com\\\/wp-content\\\/uploads\\\/2019\\\/06\\\/FGC-logo-1.png\",\"width\":1104,\"height\":224,\"caption\":\"Filtration Group\"},\"image\":{\"@id\":\"https:\\\/\\\/www.filtrationgroupiaq.com\\\/es\\\/#\\\/schema\\\/logo\\\/image\\\/\"},\"sameAs\":[\"https:\\\/\\\/www.linkedin.com\\\/company\\\/11857850\\\/\"]}]}<\/script>\n<!-- \/ Yoast SEO plugin. -->","yoast_head_json":{"title":"FP y FP-S - Filtration Group- IAQ","robots":{"index":"index","follow":"follow","max-snippet":"max-snippet:-1","max-image-preview":"max-image-preview:large","max-video-preview":"max-video-preview:-1"},"canonical":"https:\/\/www.filtrationgroupiaq.com\/es\/productos\/filtros-de-aire\/filtros-miniplisados-de-banco-en-v-y-de-panel\/fp-y-fp-s\/","og_locale":"es_ES","og_type":"article","og_title":"FP y FP-S - Filtration Group- IAQ","og_description":"El dise\u00f1o exclusivo y estable de los filtros Aerostar\u00ae FP y FP-S distribuye el aire de manera uniforme a trav\u00e9s del filtro.","og_url":"https:\/\/www.filtrationgroupiaq.com\/es\/productos\/filtros-de-aire\/filtros-miniplisados-de-banco-en-v-y-de-panel\/fp-y-fp-s\/","og_site_name":"Filtration Group- IAQ","article_modified_time":"2021-02-24T17:42:40+00:00","og_image":[{"width":1170,"height":919,"url":"https:\/\/www.filtrationgroupiaq.com\/wp-content\/uploads\/2019\/11\/FP.png","type":"image\/png"}],"twitter_card":"summary_large_image","twitter_misc":{"Tiempo de lectura":"2 minutos"},"schema":{"@context":"https:\/\/schema.org","@graph":[{"@type":"WebPage","@id":"https:\/\/www.filtrationgroupiaq.com\/es\/productos\/filtros-de-aire\/filtros-miniplisados-de-banco-en-v-y-de-panel\/fp-y-fp-s\/","url":"https:\/\/www.filtrationgroupiaq.com\/es\/productos\/filtros-de-aire\/filtros-miniplisados-de-banco-en-v-y-de-panel\/fp-y-fp-s\/","name":"FP y FP-S - Filtration Group- IAQ","isPartOf":{"@id":"https:\/\/www.filtrationgroupiaq.com\/es\/#website"},"primaryImageOfPage":{"@id":"https:\/\/www.filtrationgroupiaq.com\/es\/productos\/filtros-de-aire\/filtros-miniplisados-de-banco-en-v-y-de-panel\/fp-y-fp-s\/#primaryimage"},"image":{"@id":"https:\/\/www.filtrationgroupiaq.com\/es\/productos\/filtros-de-aire\/filtros-miniplisados-de-banco-en-v-y-de-panel\/fp-y-fp-s\/#primaryimage"},"thumbnailUrl":"https:\/\/www.filtrationgroupiaq.com\/wp-content\/uploads\/2022\/07\/Black-Mini-Pleat-4v-scaled.jpg","datePublished":"2021-02-24T17:04:10+00:00","dateModified":"2021-02-24T17:42:40+00:00","breadcrumb":{"@id":"https:\/\/www.filtrationgroupiaq.com\/es\/productos\/filtros-de-aire\/filtros-miniplisados-de-banco-en-v-y-de-panel\/fp-y-fp-s\/#breadcrumb"},"inLanguage":"es","potentialAction":[{"@type":"ReadAction","target":["https:\/\/www.filtrationgroupiaq.com\/es\/productos\/filtros-de-aire\/filtros-miniplisados-de-banco-en-v-y-de-panel\/fp-y-fp-s\/"]}]},{"@type":"ImageObject","inLanguage":"es","@id":"https:\/\/www.filtrationgroupiaq.com\/es\/productos\/filtros-de-aire\/filtros-miniplisados-de-banco-en-v-y-de-panel\/fp-y-fp-s\/#primaryimage","url":"https:\/\/www.filtrationgroupiaq.com\/wp-content\/uploads\/2022\/07\/Black-Mini-Pleat-4v-scaled.jpg","contentUrl":"https:\/\/www.filtrationgroupiaq.com\/wp-content\/uploads\/2022\/07\/Black-Mini-Pleat-4v-scaled.jpg","width":2560,"height":2011},{"@type":"BreadcrumbList","@id":"https:\/\/www.filtrationgroupiaq.com\/es\/productos\/filtros-de-aire\/filtros-miniplisados-de-banco-en-v-y-de-panel\/fp-y-fp-s\/#breadcrumb","itemListElement":[{"@type":"ListItem","position":1,"name":"","item":"https:\/\/www.filtrationgroupiaq.com\/es\/"},{"@type":"ListItem","position":2,"name":"Productos","item":"https:\/\/www.filtrationgroupiaq.com\/es\/productos\/"},{"@type":"ListItem","position":3,"name":"Filtros de aire","item":"https:\/\/www.filtrationgroupiaq.com\/es\/productos\/filtros-de-aire\/"},{"@type":"ListItem","position":4,"name":"Filtros miniplisados de banco en V y de panel","item":"https:\/\/www.filtrationgroupiaq.com\/es\/productos\/filtros-de-aire\/filtros-miniplisados-de-banco-en-v-y-de-panel\/"},{"@type":"ListItem","position":5,"name":"FP y FP-S"}]},{"@type":"WebSite","@id":"https:\/\/www.filtrationgroupiaq.com\/es\/#website","url":"https:\/\/www.filtrationgroupiaq.com\/es\/","name":"Filtration Group- IAQ","description":"Making the World Safer, Healthier and More Productive","publisher":{"@id":"https:\/\/www.filtrationgroupiaq.com\/es\/#organization"},"potentialAction":[{"@type":"SearchAction","target":{"@type":"EntryPoint","urlTemplate":"https:\/\/www.filtrationgroupiaq.com\/es\/?s={search_term_string}"},"query-input":{"@type":"PropertyValueSpecification","valueRequired":true,"valueName":"search_term_string"}}],"inLanguage":"es"},{"@type":"Organization","@id":"https:\/\/www.filtrationgroupiaq.com\/es\/#organization","name":"Filtration Group","url":"https:\/\/www.filtrationgroupiaq.com\/es\/","logo":{"@type":"ImageObject","inLanguage":"es","@id":"https:\/\/www.filtrationgroupiaq.com\/es\/#\/schema\/logo\/image\/","url":"https:\/\/www.filtrationgroupiaq.com\/wp-content\/uploads\/2019\/06\/FGC-logo-1.png","contentUrl":"https:\/\/www.filtrationgroupiaq.com\/wp-content\/uploads\/2019\/06\/FGC-logo-1.png","width":1104,"height":224,"caption":"Filtration Group"},"image":{"@id":"https:\/\/www.filtrationgroupiaq.com\/es\/#\/schema\/logo\/image\/"},"sameAs":["https:\/\/www.linkedin.com\/company\/11857850\/"]}]}},"_links":{"self":[{"href":"https:\/\/www.filtrationgroupiaq.com\/es\/wp-json\/wp\/v2\/pages\/6781","targetHints":{"allow":["GET"]}}],"collection":[{"href":"https:\/\/www.filtrationgroupiaq.com\/es\/wp-json\/wp\/v2\/pages"}],"about":[{"href":"https:\/\/www.filtrationgroupiaq.com\/es\/wp-json\/wp\/v2\/types\/page"}],"author":[{"embeddable":true,"href":"https:\/\/www.filtrationgroupiaq.com\/es\/wp-json\/wp\/v2\/users\/3"}],"replies":[{"embeddable":true,"href":"https:\/\/www.filtrationgroupiaq.com\/es\/wp-json\/wp\/v2\/comments?post=6781"}],"version-history":[{"count":0,"href":"https:\/\/www.filtrationgroupiaq.com\/es\/wp-json\/wp\/v2\/pages\/6781\/revisions"}],"up":[{"embeddable":true,"href":"https:\/\/www.filtrationgroupiaq.com\/es\/wp-json\/wp\/v2\/pages\/6727"}],"wp:featuredmedia":[{"embeddable":true,"href":"https:\/\/www.filtrationgroupiaq.com\/es\/wp-json\/wp\/v2\/media\/7993"}],"wp:attachment":[{"href":"https:\/\/www.filtrationgroupiaq.com\/es\/wp-json\/wp\/v2\/media?parent=6781"}],"curies":[{"name":"wp","href":"https:\/\/api.w.org\/{rel}","templated":true}]}}