{"id":6828,"date":"2021-02-24T12:04:14","date_gmt":"2021-02-24T17:04:14","guid":{"rendered":"https:\/\/www.filtrationgroupiaq.com\/productos\/filtros-de-aire\/filtros-de-caja\/filtros-de-celulas-rigidas\/"},"modified":"2021-02-24T12:41:14","modified_gmt":"2021-02-24T17:41:14","slug":"filtros-de-celulas-rigidas","status":"publish","type":"page","link":"https:\/\/www.filtrationgroupiaq.com\/es\/productos\/filtros-de-aire\/filtros-de-caja\/filtros-de-celulas-rigidas\/","title":{"rendered":"Filtros de c\u00e9lulas r\u00edgidas"},"content":{"rendered":"\n<div class=\"wp-block-cover alignfull has-background-dim-10 has-black-background-color has-background-dim hero-small\" style=\"background-image:url(https:\/\/www.filtrationgroupiaq.com\/wp-content\/uploads\/2020\/07\/banner-web7-3.png);min-height:324px;background-position:20% 20%;aspect-ratio:unset;\"><div class=\"wp-block-cover__inner-container is-layout-flow wp-block-cover-is-layout-flow\">\n<p class=\"has-text-align-center\" style=\"font-size:45px\"><strong><strong>Filtros de c\u00e9lulas r\u00edgidas<\/strong><\/strong><\/p>\n\n\n\n<div style=\"height:27px\" aria-hidden=\"true\" class=\"wp-block-spacer\"><\/div>\n<\/div><\/div>\n\n\n\n<div class=\"wp-block-media-text has-media-on-the-right is-stacked-on-mobile\"><figure class=\"wp-block-media-text__media\"><img loading=\"lazy\" decoding=\"async\" width=\"1024\" height=\"754\" src=\"https:\/\/www.filtrationgroupiaq.com\/wp-content\/uploads\/2019\/11\/Rigid-Cell-Group-1024x754.png\" alt=\"Grupo de c\u00e9lulas r\u00edgidas\" class=\"wp-image-6831 size-full\" srcset=\"https:\/\/www.filtrationgroupiaq.com\/wp-content\/uploads\/2019\/11\/Rigid-Cell-Group-1024x754.png 1024w, https:\/\/www.filtrationgroupiaq.com\/wp-content\/uploads\/2019\/11\/Rigid-Cell-Group-300x221.png 300w, https:\/\/www.filtrationgroupiaq.com\/wp-content\/uploads\/2019\/11\/Rigid-Cell-Group-768x565.png 768w, https:\/\/www.filtrationgroupiaq.com\/wp-content\/uploads\/2019\/11\/Rigid-Cell-Group.png 1170w\" sizes=\"auto, (max-width: 1024px) 100vw, 1024px\" \/><\/figure><div class=\"wp-block-media-text__content\">\n<h2 class=\"wp-block-heading\">Filtros de c\u00e9lulas r\u00edgidas&nbsp;<\/h2>\n\n\n\n<p>El filtro de celda r\u00edgida de fibra de vidrio Aerostar\u00ae es un filtro de alta eficiencia y superficie extendida.&nbsp; Los medios ultrafinos de baja densidad de fibra de vidrio proporcionan una excelente capacidad de retenci\u00f3n de polvo y, junto con su construcci\u00f3n r\u00edgida, eliminan casi por completo la descarga de part\u00edculas del polvo aguas abajo del filtro. La filtraci\u00f3n es adecuada para la mayor\u00eda de sistemas de climatizaci\u00f3n comerciales e industriales.<\/p>\n\n\n\n<p>La celda r\u00edgida sint\u00e9tica de fibra de vidrio Aerostar\u00ae es un filtro de alta eficiencia y superficie extendida.&nbsp; Los medios ultrafinos sint\u00e9ticos de baja densidad proporcionan una excelente capacidad de retenci\u00f3n de polvo y, junto con su construcci\u00f3n r\u00edgida, eliminan casi por completo la descarga de part\u00edculas del polvo aguas abajo del filtro. Se erradica el desprendimiento de fibras de los medios, un problema com\u00fan con los medios de fibra tradicionales. La filtraci\u00f3n es adecuada para la mayor\u00eda de sistemas de climatizaci\u00f3n comerciales e industriales.<\/p>\n\n\n\n<ul class=\"wp-block-list\"><li>Disponible con filtros MERV 10, 11, 13 y 15<\/li><li>Disponible en forma de caja y con un \u00fanico cabezal<\/li><li>Profundidades de 6 o 12&nbsp;pulgadas<\/li><li>Marco de acero galvanizado<\/li><li>Puede utilizarse como prefiltro o filtro final seg\u00fan la aplicaci\u00f3n<\/li><li>Filtro robusto que soporta condiciones desfavorables, especialmente vol\u00famenes de aire variables (Variable Air Volume, VAV)<\/li><\/ul>\n\n\n\n<div class=\"wp-block-button blank btn-half-width\"><a class=\"wp-block-button__link has-blue-background-color has-background\" href=\"\/wp-content\/uploads\/2021\/02\/FG-IAQ-_-Rigid-Cells-_-EN-US_ESUS.pdf\" target=\"_blank\" rel=\"noreferrer noopener\">Descargar literatura<\/a><\/div>\n\n\n\n<div class=\"wp-block-button blank btn-half-width\"><a class=\"wp-block-button__link has-blue-background-color has-background\" href=\"https:\/\/www.filtrationgroupiaq.com\/wp-content\/uploads\/2020\/08\/FG-IAQ-_-SD-Rigid-Cell-Submittal-1.pdf\" target=\"_blank\" rel=\"noreferrer noopener\">Descargar plano<\/a><\/div>\n<\/div><\/div>\n","protected":false},"excerpt":{"rendered":"<p>La celda r\u00edgida sint\u00e9tica y fibra de vidrio Aerostar\u00ae es un filtro de alta eficiencia y superficie extendida.  Los medios del filtro de c\u00e9lulas r\u00edgidas proporcionan una excelente capacidad de retenci\u00f3n de polvo y, junto con su construcci\u00f3n r\u00edgida, eliminan casi por completo la descarga de part\u00edculas del polvo aguas abajo del filtro.<\/p>\n","protected":false},"author":3,"featured_media":6832,"parent":6733,"menu_order":1,"comment_status":"closed","ping_status":"closed","template":"","meta":{"_acf_changed":false,"footnotes":""},"class_list":["post-6828","page","type-page","status-publish","has-post-thumbnail","hentry"],"acf":[],"yoast_head":"<!-- This site is optimized with the Yoast SEO plugin v27.3 - https:\/\/yoast.com\/product\/yoast-seo-wordpress\/ -->\n<title>Filtros de c\u00e9lulas r\u00edgidas - Filtration Group- IAQ<\/title>\n<meta name=\"robots\" content=\"index, follow, max-snippet:-1, max-image-preview:large, max-video-preview:-1\" \/>\n<link rel=\"canonical\" href=\"https:\/\/www.filtrationgroupiaq.com\/es\/productos\/filtros-de-aire\/filtros-de-caja\/filtros-de-celulas-rigidas\/\" \/>\n<meta property=\"og:locale\" content=\"es_ES\" \/>\n<meta property=\"og:type\" content=\"article\" \/>\n<meta property=\"og:title\" content=\"Filtros de c\u00e9lulas r\u00edgidas - Filtration Group- IAQ\" \/>\n<meta property=\"og:description\" content=\"La celda r\u00edgida sint\u00e9tica y fibra de vidrio Aerostar\u00ae es un filtro de alta eficiencia y superficie extendida. Los medios del filtro de c\u00e9lulas r\u00edgidas proporcionan una excelente capacidad de retenci\u00f3n de polvo y, junto con su construcci\u00f3n r\u00edgida, eliminan casi por completo la descarga de part\u00edculas del polvo aguas abajo del filtro.\" \/>\n<meta property=\"og:url\" content=\"https:\/\/www.filtrationgroupiaq.com\/es\/productos\/filtros-de-aire\/filtros-de-caja\/filtros-de-celulas-rigidas\/\" \/>\n<meta property=\"og:site_name\" content=\"Filtration Group- IAQ\" \/>\n<meta property=\"article:modified_time\" content=\"2021-02-24T17:41:14+00:00\" \/>\n<meta property=\"og:image\" content=\"https:\/\/www.filtrationgroupiaq.com\/wp-content\/uploads\/2019\/11\/rigid-cell.png\" \/>\n\t<meta property=\"og:image:width\" content=\"427\" \/>\n\t<meta property=\"og:image:height\" content=\"255\" \/>\n\t<meta property=\"og:image:type\" content=\"image\/png\" \/>\n<meta name=\"twitter:card\" content=\"summary_large_image\" \/>\n<meta name=\"twitter:label1\" content=\"Tiempo de lectura\" \/>\n\t<meta name=\"twitter:data1\" content=\"2 minutos\" \/>\n<script type=\"application\/ld+json\" class=\"yoast-schema-graph\">{\"@context\":\"https:\\\/\\\/schema.org\",\"@graph\":[{\"@type\":\"WebPage\",\"@id\":\"https:\\\/\\\/www.filtrationgroupiaq.com\\\/es\\\/productos\\\/filtros-de-aire\\\/filtros-de-caja\\\/filtros-de-celulas-rigidas\\\/\",\"url\":\"https:\\\/\\\/www.filtrationgroupiaq.com\\\/es\\\/productos\\\/filtros-de-aire\\\/filtros-de-caja\\\/filtros-de-celulas-rigidas\\\/\",\"name\":\"Filtros de c\u00e9lulas r\u00edgidas - Filtration Group- IAQ\",\"isPartOf\":{\"@id\":\"https:\\\/\\\/www.filtrationgroupiaq.com\\\/es\\\/#website\"},\"primaryImageOfPage\":{\"@id\":\"https:\\\/\\\/www.filtrationgroupiaq.com\\\/es\\\/productos\\\/filtros-de-aire\\\/filtros-de-caja\\\/filtros-de-celulas-rigidas\\\/#primaryimage\"},\"image\":{\"@id\":\"https:\\\/\\\/www.filtrationgroupiaq.com\\\/es\\\/productos\\\/filtros-de-aire\\\/filtros-de-caja\\\/filtros-de-celulas-rigidas\\\/#primaryimage\"},\"thumbnailUrl\":\"https:\\\/\\\/www.filtrationgroupiaq.com\\\/wp-content\\\/uploads\\\/2019\\\/11\\\/rigid-cell.png\",\"datePublished\":\"2021-02-24T17:04:14+00:00\",\"dateModified\":\"2021-02-24T17:41:14+00:00\",\"breadcrumb\":{\"@id\":\"https:\\\/\\\/www.filtrationgroupiaq.com\\\/es\\\/productos\\\/filtros-de-aire\\\/filtros-de-caja\\\/filtros-de-celulas-rigidas\\\/#breadcrumb\"},\"inLanguage\":\"es\",\"potentialAction\":[{\"@type\":\"ReadAction\",\"target\":[\"https:\\\/\\\/www.filtrationgroupiaq.com\\\/es\\\/productos\\\/filtros-de-aire\\\/filtros-de-caja\\\/filtros-de-celulas-rigidas\\\/\"]}]},{\"@type\":\"ImageObject\",\"inLanguage\":\"es\",\"@id\":\"https:\\\/\\\/www.filtrationgroupiaq.com\\\/es\\\/productos\\\/filtros-de-aire\\\/filtros-de-caja\\\/filtros-de-celulas-rigidas\\\/#primaryimage\",\"url\":\"https:\\\/\\\/www.filtrationgroupiaq.com\\\/wp-content\\\/uploads\\\/2019\\\/11\\\/rigid-cell.png\",\"contentUrl\":\"https:\\\/\\\/www.filtrationgroupiaq.com\\\/wp-content\\\/uploads\\\/2019\\\/11\\\/rigid-cell.png\",\"width\":427,\"height\":255},{\"@type\":\"BreadcrumbList\",\"@id\":\"https:\\\/\\\/www.filtrationgroupiaq.com\\\/es\\\/productos\\\/filtros-de-aire\\\/filtros-de-caja\\\/filtros-de-celulas-rigidas\\\/#breadcrumb\",\"itemListElement\":[{\"@type\":\"ListItem\",\"position\":1,\"name\":\"\",\"item\":\"https:\\\/\\\/www.filtrationgroupiaq.com\\\/es\\\/\"},{\"@type\":\"ListItem\",\"position\":2,\"name\":\"Productos\",\"item\":\"https:\\\/\\\/www.filtrationgroupiaq.com\\\/es\\\/productos\\\/\"},{\"@type\":\"ListItem\",\"position\":3,\"name\":\"Filtros de aire\",\"item\":\"https:\\\/\\\/www.filtrationgroupiaq.com\\\/es\\\/productos\\\/filtros-de-aire\\\/\"},{\"@type\":\"ListItem\",\"position\":4,\"name\":\"Filtros de caja\",\"item\":\"https:\\\/\\\/www.filtrationgroupiaq.com\\\/es\\\/productos\\\/filtros-de-aire\\\/filtros-de-caja\\\/\"},{\"@type\":\"ListItem\",\"position\":5,\"name\":\"Filtros de c\u00e9lulas r\u00edgidas\"}]},{\"@type\":\"WebSite\",\"@id\":\"https:\\\/\\\/www.filtrationgroupiaq.com\\\/es\\\/#website\",\"url\":\"https:\\\/\\\/www.filtrationgroupiaq.com\\\/es\\\/\",\"name\":\"Filtration Group- IAQ\",\"description\":\"Making the World Safer, Healthier and More Productive\",\"publisher\":{\"@id\":\"https:\\\/\\\/www.filtrationgroupiaq.com\\\/es\\\/#organization\"},\"potentialAction\":[{\"@type\":\"SearchAction\",\"target\":{\"@type\":\"EntryPoint\",\"urlTemplate\":\"https:\\\/\\\/www.filtrationgroupiaq.com\\\/es\\\/?s={search_term_string}\"},\"query-input\":{\"@type\":\"PropertyValueSpecification\",\"valueRequired\":true,\"valueName\":\"search_term_string\"}}],\"inLanguage\":\"es\"},{\"@type\":\"Organization\",\"@id\":\"https:\\\/\\\/www.filtrationgroupiaq.com\\\/es\\\/#organization\",\"name\":\"Filtration Group\",\"url\":\"https:\\\/\\\/www.filtrationgroupiaq.com\\\/es\\\/\",\"logo\":{\"@type\":\"ImageObject\",\"inLanguage\":\"es\",\"@id\":\"https:\\\/\\\/www.filtrationgroupiaq.com\\\/es\\\/#\\\/schema\\\/logo\\\/image\\\/\",\"url\":\"https:\\\/\\\/www.filtrationgroupiaq.com\\\/wp-content\\\/uploads\\\/2019\\\/06\\\/FGC-logo-1.png\",\"contentUrl\":\"https:\\\/\\\/www.filtrationgroupiaq.com\\\/wp-content\\\/uploads\\\/2019\\\/06\\\/FGC-logo-1.png\",\"width\":1104,\"height\":224,\"caption\":\"Filtration Group\"},\"image\":{\"@id\":\"https:\\\/\\\/www.filtrationgroupiaq.com\\\/es\\\/#\\\/schema\\\/logo\\\/image\\\/\"},\"sameAs\":[\"https:\\\/\\\/www.linkedin.com\\\/company\\\/11857850\\\/\"]}]}<\/script>\n<!-- \/ Yoast SEO plugin. -->","yoast_head_json":{"title":"Filtros de c\u00e9lulas r\u00edgidas - Filtration Group- IAQ","robots":{"index":"index","follow":"follow","max-snippet":"max-snippet:-1","max-image-preview":"max-image-preview:large","max-video-preview":"max-video-preview:-1"},"canonical":"https:\/\/www.filtrationgroupiaq.com\/es\/productos\/filtros-de-aire\/filtros-de-caja\/filtros-de-celulas-rigidas\/","og_locale":"es_ES","og_type":"article","og_title":"Filtros de c\u00e9lulas r\u00edgidas - Filtration Group- IAQ","og_description":"La celda r\u00edgida sint\u00e9tica y fibra de vidrio Aerostar\u00ae es un filtro de alta eficiencia y superficie extendida. Los medios del filtro de c\u00e9lulas r\u00edgidas proporcionan una excelente capacidad de retenci\u00f3n de polvo y, junto con su construcci\u00f3n r\u00edgida, eliminan casi por completo la descarga de part\u00edculas del polvo aguas abajo del filtro.","og_url":"https:\/\/www.filtrationgroupiaq.com\/es\/productos\/filtros-de-aire\/filtros-de-caja\/filtros-de-celulas-rigidas\/","og_site_name":"Filtration Group- IAQ","article_modified_time":"2021-02-24T17:41:14+00:00","og_image":[{"width":427,"height":255,"url":"https:\/\/www.filtrationgroupiaq.com\/wp-content\/uploads\/2019\/11\/rigid-cell.png","type":"image\/png"}],"twitter_card":"summary_large_image","twitter_misc":{"Tiempo de lectura":"2 minutos"},"schema":{"@context":"https:\/\/schema.org","@graph":[{"@type":"WebPage","@id":"https:\/\/www.filtrationgroupiaq.com\/es\/productos\/filtros-de-aire\/filtros-de-caja\/filtros-de-celulas-rigidas\/","url":"https:\/\/www.filtrationgroupiaq.com\/es\/productos\/filtros-de-aire\/filtros-de-caja\/filtros-de-celulas-rigidas\/","name":"Filtros de c\u00e9lulas r\u00edgidas - Filtration Group- IAQ","isPartOf":{"@id":"https:\/\/www.filtrationgroupiaq.com\/es\/#website"},"primaryImageOfPage":{"@id":"https:\/\/www.filtrationgroupiaq.com\/es\/productos\/filtros-de-aire\/filtros-de-caja\/filtros-de-celulas-rigidas\/#primaryimage"},"image":{"@id":"https:\/\/www.filtrationgroupiaq.com\/es\/productos\/filtros-de-aire\/filtros-de-caja\/filtros-de-celulas-rigidas\/#primaryimage"},"thumbnailUrl":"https:\/\/www.filtrationgroupiaq.com\/wp-content\/uploads\/2019\/11\/rigid-cell.png","datePublished":"2021-02-24T17:04:14+00:00","dateModified":"2021-02-24T17:41:14+00:00","breadcrumb":{"@id":"https:\/\/www.filtrationgroupiaq.com\/es\/productos\/filtros-de-aire\/filtros-de-caja\/filtros-de-celulas-rigidas\/#breadcrumb"},"inLanguage":"es","potentialAction":[{"@type":"ReadAction","target":["https:\/\/www.filtrationgroupiaq.com\/es\/productos\/filtros-de-aire\/filtros-de-caja\/filtros-de-celulas-rigidas\/"]}]},{"@type":"ImageObject","inLanguage":"es","@id":"https:\/\/www.filtrationgroupiaq.com\/es\/productos\/filtros-de-aire\/filtros-de-caja\/filtros-de-celulas-rigidas\/#primaryimage","url":"https:\/\/www.filtrationgroupiaq.com\/wp-content\/uploads\/2019\/11\/rigid-cell.png","contentUrl":"https:\/\/www.filtrationgroupiaq.com\/wp-content\/uploads\/2019\/11\/rigid-cell.png","width":427,"height":255},{"@type":"BreadcrumbList","@id":"https:\/\/www.filtrationgroupiaq.com\/es\/productos\/filtros-de-aire\/filtros-de-caja\/filtros-de-celulas-rigidas\/#breadcrumb","itemListElement":[{"@type":"ListItem","position":1,"name":"","item":"https:\/\/www.filtrationgroupiaq.com\/es\/"},{"@type":"ListItem","position":2,"name":"Productos","item":"https:\/\/www.filtrationgroupiaq.com\/es\/productos\/"},{"@type":"ListItem","position":3,"name":"Filtros de aire","item":"https:\/\/www.filtrationgroupiaq.com\/es\/productos\/filtros-de-aire\/"},{"@type":"ListItem","position":4,"name":"Filtros de caja","item":"https:\/\/www.filtrationgroupiaq.com\/es\/productos\/filtros-de-aire\/filtros-de-caja\/"},{"@type":"ListItem","position":5,"name":"Filtros de c\u00e9lulas r\u00edgidas"}]},{"@type":"WebSite","@id":"https:\/\/www.filtrationgroupiaq.com\/es\/#website","url":"https:\/\/www.filtrationgroupiaq.com\/es\/","name":"Filtration Group- IAQ","description":"Making the World Safer, Healthier and More Productive","publisher":{"@id":"https:\/\/www.filtrationgroupiaq.com\/es\/#organization"},"potentialAction":[{"@type":"SearchAction","target":{"@type":"EntryPoint","urlTemplate":"https:\/\/www.filtrationgroupiaq.com\/es\/?s={search_term_string}"},"query-input":{"@type":"PropertyValueSpecification","valueRequired":true,"valueName":"search_term_string"}}],"inLanguage":"es"},{"@type":"Organization","@id":"https:\/\/www.filtrationgroupiaq.com\/es\/#organization","name":"Filtration Group","url":"https:\/\/www.filtrationgroupiaq.com\/es\/","logo":{"@type":"ImageObject","inLanguage":"es","@id":"https:\/\/www.filtrationgroupiaq.com\/es\/#\/schema\/logo\/image\/","url":"https:\/\/www.filtrationgroupiaq.com\/wp-content\/uploads\/2019\/06\/FGC-logo-1.png","contentUrl":"https:\/\/www.filtrationgroupiaq.com\/wp-content\/uploads\/2019\/06\/FGC-logo-1.png","width":1104,"height":224,"caption":"Filtration Group"},"image":{"@id":"https:\/\/www.filtrationgroupiaq.com\/es\/#\/schema\/logo\/image\/"},"sameAs":["https:\/\/www.linkedin.com\/company\/11857850\/"]}]}},"_links":{"self":[{"href":"https:\/\/www.filtrationgroupiaq.com\/es\/wp-json\/wp\/v2\/pages\/6828","targetHints":{"allow":["GET"]}}],"collection":[{"href":"https:\/\/www.filtrationgroupiaq.com\/es\/wp-json\/wp\/v2\/pages"}],"about":[{"href":"https:\/\/www.filtrationgroupiaq.com\/es\/wp-json\/wp\/v2\/types\/page"}],"author":[{"embeddable":true,"href":"https:\/\/www.filtrationgroupiaq.com\/es\/wp-json\/wp\/v2\/users\/3"}],"replies":[{"embeddable":true,"href":"https:\/\/www.filtrationgroupiaq.com\/es\/wp-json\/wp\/v2\/comments?post=6828"}],"version-history":[{"count":0,"href":"https:\/\/www.filtrationgroupiaq.com\/es\/wp-json\/wp\/v2\/pages\/6828\/revisions"}],"up":[{"embeddable":true,"href":"https:\/\/www.filtrationgroupiaq.com\/es\/wp-json\/wp\/v2\/pages\/6733"}],"wp:featuredmedia":[{"embeddable":true,"href":"https:\/\/www.filtrationgroupiaq.com\/es\/wp-json\/wp\/v2\/media\/6832"}],"wp:attachment":[{"href":"https:\/\/www.filtrationgroupiaq.com\/es\/wp-json\/wp\/v2\/media?parent=6828"}],"curies":[{"name":"wp","href":"https:\/\/api.w.org\/{rel}","templated":true}]}}