{"id":6864,"date":"2021-02-24T12:04:17","date_gmt":"2021-02-24T17:04:17","guid":{"rendered":"https:\/\/www.filtrationgroupiaq.com\/productos\/filtros-de-aire\/filtros-para-salas-blancas\/modulo-de-terminal-alimentado-con-ventilador-sentinel\/"},"modified":"2021-02-24T12:54:47","modified_gmt":"2021-02-24T17:54:47","slug":"modulo-de-terminal-alimentado-con-ventilador-sentinel","status":"publish","type":"page","link":"https:\/\/www.filtrationgroupiaq.com\/es\/productos\/filtros-de-aire\/filtros-para-salas-blancas\/modulo-de-terminal-alimentado-con-ventilador-sentinel\/","title":{"rendered":"M\u00f3dulo de terminal alimentado con ventilador Sentinel"},"content":{"rendered":"\n<div class=\"wp-block-cover alignfull has-background-dim-10 has-black-background-color has-background-dim hero-small\" style=\"background-image:url(https:\/\/www.filtrationgroupiaq.com\/wp-content\/uploads\/2020\/07\/banner-web7-3.png);min-height:324px;background-position:20% 20%;aspect-ratio:unset;\"><div class=\"wp-block-cover__inner-container is-layout-flow wp-block-cover-is-layout-flow\">\n<p class=\"has-text-align-center\" style=\"font-size:45px\"><strong>M\u00f3dulo de terminal alimentado con ventilador Sentinel<\/strong><\/p>\n\n\n\n<div style=\"height:27px\" aria-hidden=\"true\" class=\"wp-block-spacer\"><\/div>\n<\/div><\/div>\n\n\n\n<div class=\"wp-block-media-text has-media-on-the-right is-stacked-on-mobile\"><figure class=\"wp-block-media-text__media\"><img loading=\"lazy\" decoding=\"async\" width=\"1024\" height=\"709\" src=\"https:\/\/www.filtrationgroupiaq.com\/wp-content\/uploads\/2019\/11\/Sentinel-Fan-1024x709.png\" alt=\"M\u00f3dulo de terminal alimentado con ventilador Sentinel\" class=\"wp-image-805 size-full\" srcset=\"https:\/\/www.filtrationgroupiaq.com\/wp-content\/uploads\/2019\/11\/Sentinel-Fan-1024x709.png 1024w, https:\/\/www.filtrationgroupiaq.com\/wp-content\/uploads\/2019\/11\/Sentinel-Fan-300x208.png 300w, https:\/\/www.filtrationgroupiaq.com\/wp-content\/uploads\/2019\/11\/Sentinel-Fan-768x532.png 768w, https:\/\/www.filtrationgroupiaq.com\/wp-content\/uploads\/2019\/11\/Sentinel-Fan.png 1170w\" sizes=\"auto, (max-width: 1024px) 100vw, 1024px\" \/><\/figure><div class=\"wp-block-media-text__content\">\n<h2 class=\"wp-block-heading\">M\u00f3dulo de terminal alimentado con ventilador Sentinel<\/h2>\n\n\n\n<p>La unidad de filtraci\u00f3n con ventilador Sentinel est\u00e1 dise\u00f1ada para otorgar un rendimiento \u00f3ptimo con un ahorro de energ\u00eda. La unidad funciona a solo 185 vatios, con un nivel de ruido bajo de 54 Dba y un perfil bajo. Disponible en eficiencias del 99,99&nbsp;% a 0,3 \u00b5m, 99,9995&nbsp;% a 0,12 \u00b5m y tama\u00f1os de 2\u00d74, 2\u00d73 y 2\u00d72.<\/p>\n\n\n\n<p>Esta unidad est\u00e1 dise\u00f1ada para otorgar un rendimiento \u00f3ptimo con un ahorro energ\u00e9tico en aplicaciones de filtraci\u00f3n en hospitales, la industria farmac\u00e9utica, m\u00e9dica y biotecnol\u00f3gica, cabinas de seguridad biol\u00f3gica y quir\u00f3fanos.<\/p>\n\n\n\n<div class=\"wp-block-button blank btn-half-width\"><a class=\"wp-block-button__link has-blue-background-color has-background\" href=\"\/wp-content\/uploads\/2021\/02\/FG-IAQ-_-Sentinel-Fan-Powered-Terminal-Module-ESLA-1.pdf\" target=\"_blank\" rel=\"noreferrer noopener\">Documentos<\/a><\/div>\n\n\n\n<div class=\"wp-block-button blank btn-half-width\"><a class=\"wp-block-button__link has-blue-background-color has-background\" href=\"\/wp-content\/uploads\/2020\/08\/FG-IAQ-_-SD-SEN-2424-120V-2.pdf\" target=\"_blank\" rel=\"noreferrer noopener\">Plano de env\u00edo<\/a><\/div>\n<\/div><\/div>\n","protected":false},"excerpt":{"rendered":"<p>La unidad de filtraci\u00f3n con ventilador Sentinel est\u00e1 dise\u00f1ada para otorgar un rendimiento \u00f3ptimo con un ahorro energ\u00e9tico en hospitales, la industria farmac\u00e9utica, m\u00e9dica y biotecnol\u00f3gica, cabinas de seguridad biol\u00f3gica y la filtraci\u00f3n de aire en quir\u00f3fanos.<\/p>\n","protected":false},"author":3,"featured_media":6837,"parent":6815,"menu_order":0,"comment_status":"closed","ping_status":"closed","template":"","meta":{"_acf_changed":false,"footnotes":""},"class_list":["post-6864","page","type-page","status-publish","has-post-thumbnail","hentry"],"acf":[],"yoast_head":"<!-- This site is optimized with the Yoast SEO plugin v27.3 - https:\/\/yoast.com\/product\/yoast-seo-wordpress\/ -->\n<title>M\u00f3dulo de terminal alimentado con ventilador Sentinel - Filtration Group- IAQ<\/title>\n<meta name=\"robots\" content=\"index, follow, max-snippet:-1, max-image-preview:large, max-video-preview:-1\" \/>\n<link rel=\"canonical\" href=\"https:\/\/www.filtrationgroupiaq.com\/es\/productos\/filtros-de-aire\/filtros-para-salas-blancas\/modulo-de-terminal-alimentado-con-ventilador-sentinel\/\" \/>\n<meta property=\"og:locale\" content=\"es_ES\" \/>\n<meta property=\"og:type\" content=\"article\" \/>\n<meta property=\"og:title\" content=\"M\u00f3dulo de terminal alimentado con ventilador Sentinel - Filtration Group- IAQ\" \/>\n<meta property=\"og:description\" content=\"La unidad de filtraci\u00f3n con ventilador Sentinel est\u00e1 dise\u00f1ada para otorgar un rendimiento \u00f3ptimo con un ahorro energ\u00e9tico en hospitales, la industria farmac\u00e9utica, m\u00e9dica y biotecnol\u00f3gica, cabinas de seguridad biol\u00f3gica y la filtraci\u00f3n de aire en quir\u00f3fanos.\" \/>\n<meta property=\"og:url\" content=\"https:\/\/www.filtrationgroupiaq.com\/es\/productos\/filtros-de-aire\/filtros-para-salas-blancas\/modulo-de-terminal-alimentado-con-ventilador-sentinel\/\" \/>\n<meta property=\"og:site_name\" content=\"Filtration Group- IAQ\" \/>\n<meta property=\"article:modified_time\" content=\"2021-02-24T17:54:47+00:00\" \/>\n<meta property=\"og:image\" content=\"https:\/\/www.filtrationgroupiaq.com\/wp-content\/uploads\/2019\/11\/sentinel.png\" \/>\n\t<meta property=\"og:image:width\" content=\"427\" \/>\n\t<meta property=\"og:image:height\" content=\"255\" \/>\n\t<meta property=\"og:image:type\" content=\"image\/png\" \/>\n<meta name=\"twitter:card\" content=\"summary_large_image\" \/>\n<meta name=\"twitter:label1\" content=\"Tiempo de lectura\" \/>\n\t<meta name=\"twitter:data1\" content=\"1 minuto\" \/>\n<script type=\"application\/ld+json\" class=\"yoast-schema-graph\">{\"@context\":\"https:\\\/\\\/schema.org\",\"@graph\":[{\"@type\":\"WebPage\",\"@id\":\"https:\\\/\\\/www.filtrationgroupiaq.com\\\/es\\\/productos\\\/filtros-de-aire\\\/filtros-para-salas-blancas\\\/modulo-de-terminal-alimentado-con-ventilador-sentinel\\\/\",\"url\":\"https:\\\/\\\/www.filtrationgroupiaq.com\\\/es\\\/productos\\\/filtros-de-aire\\\/filtros-para-salas-blancas\\\/modulo-de-terminal-alimentado-con-ventilador-sentinel\\\/\",\"name\":\"M\u00f3dulo de terminal alimentado con ventilador Sentinel - Filtration Group- IAQ\",\"isPartOf\":{\"@id\":\"https:\\\/\\\/www.filtrationgroupiaq.com\\\/es\\\/#website\"},\"primaryImageOfPage\":{\"@id\":\"https:\\\/\\\/www.filtrationgroupiaq.com\\\/es\\\/productos\\\/filtros-de-aire\\\/filtros-para-salas-blancas\\\/modulo-de-terminal-alimentado-con-ventilador-sentinel\\\/#primaryimage\"},\"image\":{\"@id\":\"https:\\\/\\\/www.filtrationgroupiaq.com\\\/es\\\/productos\\\/filtros-de-aire\\\/filtros-para-salas-blancas\\\/modulo-de-terminal-alimentado-con-ventilador-sentinel\\\/#primaryimage\"},\"thumbnailUrl\":\"https:\\\/\\\/www.filtrationgroupiaq.com\\\/wp-content\\\/uploads\\\/2019\\\/11\\\/sentinel.png\",\"datePublished\":\"2021-02-24T17:04:17+00:00\",\"dateModified\":\"2021-02-24T17:54:47+00:00\",\"breadcrumb\":{\"@id\":\"https:\\\/\\\/www.filtrationgroupiaq.com\\\/es\\\/productos\\\/filtros-de-aire\\\/filtros-para-salas-blancas\\\/modulo-de-terminal-alimentado-con-ventilador-sentinel\\\/#breadcrumb\"},\"inLanguage\":\"es\",\"potentialAction\":[{\"@type\":\"ReadAction\",\"target\":[\"https:\\\/\\\/www.filtrationgroupiaq.com\\\/es\\\/productos\\\/filtros-de-aire\\\/filtros-para-salas-blancas\\\/modulo-de-terminal-alimentado-con-ventilador-sentinel\\\/\"]}]},{\"@type\":\"ImageObject\",\"inLanguage\":\"es\",\"@id\":\"https:\\\/\\\/www.filtrationgroupiaq.com\\\/es\\\/productos\\\/filtros-de-aire\\\/filtros-para-salas-blancas\\\/modulo-de-terminal-alimentado-con-ventilador-sentinel\\\/#primaryimage\",\"url\":\"https:\\\/\\\/www.filtrationgroupiaq.com\\\/wp-content\\\/uploads\\\/2019\\\/11\\\/sentinel.png\",\"contentUrl\":\"https:\\\/\\\/www.filtrationgroupiaq.com\\\/wp-content\\\/uploads\\\/2019\\\/11\\\/sentinel.png\",\"width\":427,\"height\":255},{\"@type\":\"BreadcrumbList\",\"@id\":\"https:\\\/\\\/www.filtrationgroupiaq.com\\\/es\\\/productos\\\/filtros-de-aire\\\/filtros-para-salas-blancas\\\/modulo-de-terminal-alimentado-con-ventilador-sentinel\\\/#breadcrumb\",\"itemListElement\":[{\"@type\":\"ListItem\",\"position\":1,\"name\":\"\",\"item\":\"https:\\\/\\\/www.filtrationgroupiaq.com\\\/es\\\/\"},{\"@type\":\"ListItem\",\"position\":2,\"name\":\"Productos\",\"item\":\"https:\\\/\\\/www.filtrationgroupiaq.com\\\/es\\\/productos\\\/\"},{\"@type\":\"ListItem\",\"position\":3,\"name\":\"Filtros de aire\",\"item\":\"https:\\\/\\\/www.filtrationgroupiaq.com\\\/es\\\/productos\\\/filtros-de-aire\\\/\"},{\"@type\":\"ListItem\",\"position\":4,\"name\":\"Filtros para salas blancas\",\"item\":\"https:\\\/\\\/www.filtrationgroupiaq.com\\\/es\\\/productos\\\/filtros-de-aire\\\/filtros-para-salas-blancas\\\/\"},{\"@type\":\"ListItem\",\"position\":5,\"name\":\"M\u00f3dulo de terminal alimentado con ventilador Sentinel\"}]},{\"@type\":\"WebSite\",\"@id\":\"https:\\\/\\\/www.filtrationgroupiaq.com\\\/es\\\/#website\",\"url\":\"https:\\\/\\\/www.filtrationgroupiaq.com\\\/es\\\/\",\"name\":\"Filtration Group- IAQ\",\"description\":\"Making the World Safer, Healthier and More Productive\",\"publisher\":{\"@id\":\"https:\\\/\\\/www.filtrationgroupiaq.com\\\/es\\\/#organization\"},\"potentialAction\":[{\"@type\":\"SearchAction\",\"target\":{\"@type\":\"EntryPoint\",\"urlTemplate\":\"https:\\\/\\\/www.filtrationgroupiaq.com\\\/es\\\/?s={search_term_string}\"},\"query-input\":{\"@type\":\"PropertyValueSpecification\",\"valueRequired\":true,\"valueName\":\"search_term_string\"}}],\"inLanguage\":\"es\"},{\"@type\":\"Organization\",\"@id\":\"https:\\\/\\\/www.filtrationgroupiaq.com\\\/es\\\/#organization\",\"name\":\"Filtration Group\",\"url\":\"https:\\\/\\\/www.filtrationgroupiaq.com\\\/es\\\/\",\"logo\":{\"@type\":\"ImageObject\",\"inLanguage\":\"es\",\"@id\":\"https:\\\/\\\/www.filtrationgroupiaq.com\\\/es\\\/#\\\/schema\\\/logo\\\/image\\\/\",\"url\":\"https:\\\/\\\/www.filtrationgroupiaq.com\\\/wp-content\\\/uploads\\\/2019\\\/06\\\/FGC-logo-1.png\",\"contentUrl\":\"https:\\\/\\\/www.filtrationgroupiaq.com\\\/wp-content\\\/uploads\\\/2019\\\/06\\\/FGC-logo-1.png\",\"width\":1104,\"height\":224,\"caption\":\"Filtration Group\"},\"image\":{\"@id\":\"https:\\\/\\\/www.filtrationgroupiaq.com\\\/es\\\/#\\\/schema\\\/logo\\\/image\\\/\"},\"sameAs\":[\"https:\\\/\\\/www.linkedin.com\\\/company\\\/11857850\\\/\"]}]}<\/script>\n<!-- \/ Yoast SEO plugin. -->","yoast_head_json":{"title":"M\u00f3dulo de terminal alimentado con ventilador Sentinel - Filtration Group- IAQ","robots":{"index":"index","follow":"follow","max-snippet":"max-snippet:-1","max-image-preview":"max-image-preview:large","max-video-preview":"max-video-preview:-1"},"canonical":"https:\/\/www.filtrationgroupiaq.com\/es\/productos\/filtros-de-aire\/filtros-para-salas-blancas\/modulo-de-terminal-alimentado-con-ventilador-sentinel\/","og_locale":"es_ES","og_type":"article","og_title":"M\u00f3dulo de terminal alimentado con ventilador Sentinel - Filtration Group- IAQ","og_description":"La unidad de filtraci\u00f3n con ventilador Sentinel est\u00e1 dise\u00f1ada para otorgar un rendimiento \u00f3ptimo con un ahorro energ\u00e9tico en hospitales, la industria farmac\u00e9utica, m\u00e9dica y biotecnol\u00f3gica, cabinas de seguridad biol\u00f3gica y la filtraci\u00f3n de aire en quir\u00f3fanos.","og_url":"https:\/\/www.filtrationgroupiaq.com\/es\/productos\/filtros-de-aire\/filtros-para-salas-blancas\/modulo-de-terminal-alimentado-con-ventilador-sentinel\/","og_site_name":"Filtration Group- IAQ","article_modified_time":"2021-02-24T17:54:47+00:00","og_image":[{"width":427,"height":255,"url":"https:\/\/www.filtrationgroupiaq.com\/wp-content\/uploads\/2019\/11\/sentinel.png","type":"image\/png"}],"twitter_card":"summary_large_image","twitter_misc":{"Tiempo de lectura":"1 minuto"},"schema":{"@context":"https:\/\/schema.org","@graph":[{"@type":"WebPage","@id":"https:\/\/www.filtrationgroupiaq.com\/es\/productos\/filtros-de-aire\/filtros-para-salas-blancas\/modulo-de-terminal-alimentado-con-ventilador-sentinel\/","url":"https:\/\/www.filtrationgroupiaq.com\/es\/productos\/filtros-de-aire\/filtros-para-salas-blancas\/modulo-de-terminal-alimentado-con-ventilador-sentinel\/","name":"M\u00f3dulo de terminal alimentado con ventilador Sentinel - Filtration Group- IAQ","isPartOf":{"@id":"https:\/\/www.filtrationgroupiaq.com\/es\/#website"},"primaryImageOfPage":{"@id":"https:\/\/www.filtrationgroupiaq.com\/es\/productos\/filtros-de-aire\/filtros-para-salas-blancas\/modulo-de-terminal-alimentado-con-ventilador-sentinel\/#primaryimage"},"image":{"@id":"https:\/\/www.filtrationgroupiaq.com\/es\/productos\/filtros-de-aire\/filtros-para-salas-blancas\/modulo-de-terminal-alimentado-con-ventilador-sentinel\/#primaryimage"},"thumbnailUrl":"https:\/\/www.filtrationgroupiaq.com\/wp-content\/uploads\/2019\/11\/sentinel.png","datePublished":"2021-02-24T17:04:17+00:00","dateModified":"2021-02-24T17:54:47+00:00","breadcrumb":{"@id":"https:\/\/www.filtrationgroupiaq.com\/es\/productos\/filtros-de-aire\/filtros-para-salas-blancas\/modulo-de-terminal-alimentado-con-ventilador-sentinel\/#breadcrumb"},"inLanguage":"es","potentialAction":[{"@type":"ReadAction","target":["https:\/\/www.filtrationgroupiaq.com\/es\/productos\/filtros-de-aire\/filtros-para-salas-blancas\/modulo-de-terminal-alimentado-con-ventilador-sentinel\/"]}]},{"@type":"ImageObject","inLanguage":"es","@id":"https:\/\/www.filtrationgroupiaq.com\/es\/productos\/filtros-de-aire\/filtros-para-salas-blancas\/modulo-de-terminal-alimentado-con-ventilador-sentinel\/#primaryimage","url":"https:\/\/www.filtrationgroupiaq.com\/wp-content\/uploads\/2019\/11\/sentinel.png","contentUrl":"https:\/\/www.filtrationgroupiaq.com\/wp-content\/uploads\/2019\/11\/sentinel.png","width":427,"height":255},{"@type":"BreadcrumbList","@id":"https:\/\/www.filtrationgroupiaq.com\/es\/productos\/filtros-de-aire\/filtros-para-salas-blancas\/modulo-de-terminal-alimentado-con-ventilador-sentinel\/#breadcrumb","itemListElement":[{"@type":"ListItem","position":1,"name":"","item":"https:\/\/www.filtrationgroupiaq.com\/es\/"},{"@type":"ListItem","position":2,"name":"Productos","item":"https:\/\/www.filtrationgroupiaq.com\/es\/productos\/"},{"@type":"ListItem","position":3,"name":"Filtros de aire","item":"https:\/\/www.filtrationgroupiaq.com\/es\/productos\/filtros-de-aire\/"},{"@type":"ListItem","position":4,"name":"Filtros para salas blancas","item":"https:\/\/www.filtrationgroupiaq.com\/es\/productos\/filtros-de-aire\/filtros-para-salas-blancas\/"},{"@type":"ListItem","position":5,"name":"M\u00f3dulo de terminal alimentado con ventilador Sentinel"}]},{"@type":"WebSite","@id":"https:\/\/www.filtrationgroupiaq.com\/es\/#website","url":"https:\/\/www.filtrationgroupiaq.com\/es\/","name":"Filtration Group- IAQ","description":"Making the World Safer, Healthier and More Productive","publisher":{"@id":"https:\/\/www.filtrationgroupiaq.com\/es\/#organization"},"potentialAction":[{"@type":"SearchAction","target":{"@type":"EntryPoint","urlTemplate":"https:\/\/www.filtrationgroupiaq.com\/es\/?s={search_term_string}"},"query-input":{"@type":"PropertyValueSpecification","valueRequired":true,"valueName":"search_term_string"}}],"inLanguage":"es"},{"@type":"Organization","@id":"https:\/\/www.filtrationgroupiaq.com\/es\/#organization","name":"Filtration Group","url":"https:\/\/www.filtrationgroupiaq.com\/es\/","logo":{"@type":"ImageObject","inLanguage":"es","@id":"https:\/\/www.filtrationgroupiaq.com\/es\/#\/schema\/logo\/image\/","url":"https:\/\/www.filtrationgroupiaq.com\/wp-content\/uploads\/2019\/06\/FGC-logo-1.png","contentUrl":"https:\/\/www.filtrationgroupiaq.com\/wp-content\/uploads\/2019\/06\/FGC-logo-1.png","width":1104,"height":224,"caption":"Filtration Group"},"image":{"@id":"https:\/\/www.filtrationgroupiaq.com\/es\/#\/schema\/logo\/image\/"},"sameAs":["https:\/\/www.linkedin.com\/company\/11857850\/"]}]}},"_links":{"self":[{"href":"https:\/\/www.filtrationgroupiaq.com\/es\/wp-json\/wp\/v2\/pages\/6864","targetHints":{"allow":["GET"]}}],"collection":[{"href":"https:\/\/www.filtrationgroupiaq.com\/es\/wp-json\/wp\/v2\/pages"}],"about":[{"href":"https:\/\/www.filtrationgroupiaq.com\/es\/wp-json\/wp\/v2\/types\/page"}],"author":[{"embeddable":true,"href":"https:\/\/www.filtrationgroupiaq.com\/es\/wp-json\/wp\/v2\/users\/3"}],"replies":[{"embeddable":true,"href":"https:\/\/www.filtrationgroupiaq.com\/es\/wp-json\/wp\/v2\/comments?post=6864"}],"version-history":[{"count":0,"href":"https:\/\/www.filtrationgroupiaq.com\/es\/wp-json\/wp\/v2\/pages\/6864\/revisions"}],"up":[{"embeddable":true,"href":"https:\/\/www.filtrationgroupiaq.com\/es\/wp-json\/wp\/v2\/pages\/6815"}],"wp:featuredmedia":[{"embeddable":true,"href":"https:\/\/www.filtrationgroupiaq.com\/es\/wp-json\/wp\/v2\/media\/6837"}],"wp:attachment":[{"href":"https:\/\/www.filtrationgroupiaq.com\/es\/wp-json\/wp\/v2\/media?parent=6864"}],"curies":[{"name":"wp","href":"https:\/\/api.w.org\/{rel}","templated":true}]}}