{"id":6953,"date":"2021-02-24T12:04:24","date_gmt":"2021-02-24T17:04:24","guid":{"rendered":"https:\/\/www.filtrationgroupiaq.com\/productos\/filtros-de-aire\/filtros-para-salas-blancas\/modulo-de-terminales-reemplazables-pharma\/"},"modified":"2021-02-24T12:54:09","modified_gmt":"2021-02-24T17:54:09","slug":"modulo-de-terminales-reemplazables-pharma","status":"publish","type":"page","link":"https:\/\/www.filtrationgroupiaq.com\/es\/productos\/filtros-de-aire\/filtros-para-salas-blancas\/modulo-de-terminales-reemplazables-pharma\/","title":{"rendered":"M\u00f3dulo de terminales reemplazables Pharma"},"content":{"rendered":"\n<div class=\"wp-block-cover alignfull has-background-dim-10 has-black-background-color has-background-dim hero-small\" style=\"background-image:url(https:\/\/www.filtrationgroupiaq.com\/wp-content\/uploads\/2020\/07\/banner-web7-3.png);min-height:324px;background-position:20% 20%;aspect-ratio:unset;\"><div class=\"wp-block-cover__inner-container is-layout-flow wp-block-cover-is-layout-flow\">\n<p class=\"has-text-align-center\" style=\"font-size:45px\"><strong>M\u00f3dulo de terminales reemplazables Pharma<\/strong><\/p>\n\n\n\n<div style=\"height:27px\" aria-hidden=\"true\" class=\"wp-block-spacer\"><\/div>\n<\/div><\/div>\n\n\n\n<div class=\"wp-block-media-text alignwide has-media-on-the-right is-stacked-on-mobile\" style=\"grid-template-columns:auto 54%\"><figure class=\"wp-block-media-text__media\"><img decoding=\"async\" src=\"http:\/\/fghvacstage.wpengine.com\/wp-content\/uploads\/2019\/10\/Pharma_RTM-Small-1.png\" alt=\"M\u00f3dulo de terminales reemplazables Pharma\" class=\"wp-image-531 size-full\" \/><\/figure><div class=\"wp-block-media-text__content\">\n<h1 class=\"has-text-align-left wp-block-heading\">M\u00f3dulo de terminales reemplazables Pharma <\/h1>\n\n\n\n<p>El m\u00f3dulo de terminales reemplazable Flowstar Pharma est\u00e1 hecho de aluminio o acero inoxidable totalmente soldado para crear una barrera de presi\u00f3n sin fugas. Los filtros tienen una junta de gel y est\u00e1n disponibles en un 99,99&nbsp;% a 0,3&nbsp;um a 99,995&nbsp;% al tama\u00f1o de part\u00edcula m\u00e1s penetrante. Amortiguador de mariposa dividido para control de volumen. Unidad optimizada seg\u00fan las caracter\u00edsticas, laminaridad y ca\u00edda de presi\u00f3n del flujo de aire. F\u00e1cil de instalar y certificado de instalaci\u00f3n. El medio del filtro es una microfibra de vidrio h\u00fameda con un plisado de precisi\u00f3n hecho mediante la tecnolog\u00eda Sentinel Pleat Filtration Group&nbsp;<\/p>\n\n\n\n<ul class=\"wp-block-list\"><li>Ideal para usos m\u00e9dicos, farmac\u00e9uticos y biotecnol\u00f3gicos.<\/li><li>40&nbsp;% de \u00e1rea abierta, superficie de acero inoxidable 304t.<\/li><li>Filo de cuchilla integral para filtros con juntas de gel<\/li><\/ul>\n<\/div><\/div>\n\n\n\n<div class=\"wp-block-columns alignwide has-5-columns is-layout-flex wp-container-core-columns-is-layout-9d6595d7 wp-block-columns-is-layout-flex\">\n<div class=\"wp-block-column is-layout-flow wp-block-column-is-layout-flow\">\n<div class=\"wp-block-button\"><a class=\"wp-block-button__link has-blue-background-color has-background\" href=\"\/wp-content\/uploads\/2021\/02\/FG-IAQ-_-Flowstar_Pharma-RTM-ESLA-1.pdf\" target=\"_blank\" rel=\"noreferrer noopener\">Descargar<br>Documentos<\/a><\/div>\n\n\n\n<p><\/p>\n<\/div>\n\n\n\n<div class=\"wp-block-column is-layout-flow wp-block-column-is-layout-flow\">\n<div class=\"wp-block-button\"><a class=\"wp-block-button__link has-blue-background-color has-background\" href=\"\/wp-content\/uploads\/2020\/12\/FG-IAQ-_-SD-_-Pharma-RTM-Submittal-Rev-CSD-010-Date_-4_18-1.pdf\" target=\"_blank\" rel=\"noreferrer noopener\">Descargar<br>Dibujo<\/a><\/div>\n<\/div>\n\n\n\n<div class=\"wp-block-column is-layout-flow wp-block-column-is-layout-flow\">\n<p><\/p>\n<\/div>\n\n\n\n<div class=\"wp-block-column is-layout-flow wp-block-column-is-layout-flow\">\n<p><\/p>\n<\/div>\n\n\n\n<div class=\"wp-block-column is-layout-flow wp-block-column-is-layout-flow\">\n<p><\/p>\n<\/div>\n<\/div>\n\n\n<p><!--StartFragment--><\/p>\n<p><!--EndFragment--><\/p>","protected":false},"excerpt":{"rendered":"<p>El m\u00f3dulo de terminales reemplazable Flowstar Pharma est\u00e1 hecho de aluminio o acero inoxidable totalmente soldado para crear una barrera de presi\u00f3n sin fugas. <\/p>\n","protected":false},"author":6,"featured_media":6955,"parent":6815,"menu_order":0,"comment_status":"closed","ping_status":"closed","template":"","meta":{"_acf_changed":false,"footnotes":""},"class_list":["post-6953","page","type-page","status-publish","has-post-thumbnail","hentry"],"acf":[],"yoast_head":"<!-- This site is optimized with the Yoast SEO plugin v27.3 - https:\/\/yoast.com\/product\/yoast-seo-wordpress\/ -->\n<title>M\u00f3dulo de terminales reemplazables Pharma - Filtration Group- IAQ<\/title>\n<meta name=\"robots\" content=\"index, follow, max-snippet:-1, max-image-preview:large, max-video-preview:-1\" \/>\n<link rel=\"canonical\" href=\"https:\/\/www.filtrationgroupiaq.com\/es\/productos\/filtros-de-aire\/filtros-para-salas-blancas\/modulo-de-terminales-reemplazables-pharma\/\" \/>\n<meta property=\"og:locale\" content=\"es_ES\" \/>\n<meta property=\"og:type\" content=\"article\" \/>\n<meta property=\"og:title\" content=\"M\u00f3dulo de terminales reemplazables Pharma - Filtration Group- IAQ\" \/>\n<meta property=\"og:description\" content=\"El m\u00f3dulo de terminales reemplazable Flowstar Pharma est\u00e1 hecho de aluminio o acero inoxidable totalmente soldado para crear una barrera de presi\u00f3n sin fugas.\" \/>\n<meta property=\"og:url\" content=\"https:\/\/www.filtrationgroupiaq.com\/es\/productos\/filtros-de-aire\/filtros-para-salas-blancas\/modulo-de-terminales-reemplazables-pharma\/\" \/>\n<meta property=\"og:site_name\" content=\"Filtration Group- IAQ\" \/>\n<meta property=\"article:modified_time\" content=\"2021-02-24T17:54:09+00:00\" \/>\n<meta property=\"og:image\" content=\"https:\/\/www.filtrationgroupiaq.com\/wp-content\/uploads\/2020\/10\/ddd.jpg\" \/>\n\t<meta property=\"og:image:width\" content=\"427\" \/>\n\t<meta property=\"og:image:height\" content=\"255\" \/>\n\t<meta property=\"og:image:type\" content=\"image\/jpeg\" \/>\n<meta name=\"twitter:card\" content=\"summary_large_image\" \/>\n<meta name=\"twitter:label1\" content=\"Tiempo de lectura\" \/>\n\t<meta name=\"twitter:data1\" content=\"1 minuto\" \/>\n<script type=\"application\/ld+json\" class=\"yoast-schema-graph\">{\"@context\":\"https:\\\/\\\/schema.org\",\"@graph\":[{\"@type\":\"WebPage\",\"@id\":\"https:\\\/\\\/www.filtrationgroupiaq.com\\\/es\\\/productos\\\/filtros-de-aire\\\/filtros-para-salas-blancas\\\/modulo-de-terminales-reemplazables-pharma\\\/\",\"url\":\"https:\\\/\\\/www.filtrationgroupiaq.com\\\/es\\\/productos\\\/filtros-de-aire\\\/filtros-para-salas-blancas\\\/modulo-de-terminales-reemplazables-pharma\\\/\",\"name\":\"M\u00f3dulo de terminales reemplazables Pharma - Filtration Group- IAQ\",\"isPartOf\":{\"@id\":\"https:\\\/\\\/www.filtrationgroupiaq.com\\\/es\\\/#website\"},\"primaryImageOfPage\":{\"@id\":\"https:\\\/\\\/www.filtrationgroupiaq.com\\\/es\\\/productos\\\/filtros-de-aire\\\/filtros-para-salas-blancas\\\/modulo-de-terminales-reemplazables-pharma\\\/#primaryimage\"},\"image\":{\"@id\":\"https:\\\/\\\/www.filtrationgroupiaq.com\\\/es\\\/productos\\\/filtros-de-aire\\\/filtros-para-salas-blancas\\\/modulo-de-terminales-reemplazables-pharma\\\/#primaryimage\"},\"thumbnailUrl\":\"https:\\\/\\\/www.filtrationgroupiaq.com\\\/wp-content\\\/uploads\\\/2020\\\/10\\\/ddd.jpg\",\"datePublished\":\"2021-02-24T17:04:24+00:00\",\"dateModified\":\"2021-02-24T17:54:09+00:00\",\"breadcrumb\":{\"@id\":\"https:\\\/\\\/www.filtrationgroupiaq.com\\\/es\\\/productos\\\/filtros-de-aire\\\/filtros-para-salas-blancas\\\/modulo-de-terminales-reemplazables-pharma\\\/#breadcrumb\"},\"inLanguage\":\"es\",\"potentialAction\":[{\"@type\":\"ReadAction\",\"target\":[\"https:\\\/\\\/www.filtrationgroupiaq.com\\\/es\\\/productos\\\/filtros-de-aire\\\/filtros-para-salas-blancas\\\/modulo-de-terminales-reemplazables-pharma\\\/\"]}]},{\"@type\":\"ImageObject\",\"inLanguage\":\"es\",\"@id\":\"https:\\\/\\\/www.filtrationgroupiaq.com\\\/es\\\/productos\\\/filtros-de-aire\\\/filtros-para-salas-blancas\\\/modulo-de-terminales-reemplazables-pharma\\\/#primaryimage\",\"url\":\"https:\\\/\\\/www.filtrationgroupiaq.com\\\/wp-content\\\/uploads\\\/2020\\\/10\\\/ddd.jpg\",\"contentUrl\":\"https:\\\/\\\/www.filtrationgroupiaq.com\\\/wp-content\\\/uploads\\\/2020\\\/10\\\/ddd.jpg\",\"width\":427,\"height\":255},{\"@type\":\"BreadcrumbList\",\"@id\":\"https:\\\/\\\/www.filtrationgroupiaq.com\\\/es\\\/productos\\\/filtros-de-aire\\\/filtros-para-salas-blancas\\\/modulo-de-terminales-reemplazables-pharma\\\/#breadcrumb\",\"itemListElement\":[{\"@type\":\"ListItem\",\"position\":1,\"name\":\"\",\"item\":\"https:\\\/\\\/www.filtrationgroupiaq.com\\\/es\\\/\"},{\"@type\":\"ListItem\",\"position\":2,\"name\":\"Productos\",\"item\":\"https:\\\/\\\/www.filtrationgroupiaq.com\\\/es\\\/productos\\\/\"},{\"@type\":\"ListItem\",\"position\":3,\"name\":\"Filtros de aire\",\"item\":\"https:\\\/\\\/www.filtrationgroupiaq.com\\\/es\\\/productos\\\/filtros-de-aire\\\/\"},{\"@type\":\"ListItem\",\"position\":4,\"name\":\"Filtros para salas blancas\",\"item\":\"https:\\\/\\\/www.filtrationgroupiaq.com\\\/es\\\/productos\\\/filtros-de-aire\\\/filtros-para-salas-blancas\\\/\"},{\"@type\":\"ListItem\",\"position\":5,\"name\":\"M\u00f3dulo de terminales reemplazables Pharma\"}]},{\"@type\":\"WebSite\",\"@id\":\"https:\\\/\\\/www.filtrationgroupiaq.com\\\/es\\\/#website\",\"url\":\"https:\\\/\\\/www.filtrationgroupiaq.com\\\/es\\\/\",\"name\":\"Filtration Group- IAQ\",\"description\":\"Making the World Safer, Healthier and More Productive\",\"publisher\":{\"@id\":\"https:\\\/\\\/www.filtrationgroupiaq.com\\\/es\\\/#organization\"},\"potentialAction\":[{\"@type\":\"SearchAction\",\"target\":{\"@type\":\"EntryPoint\",\"urlTemplate\":\"https:\\\/\\\/www.filtrationgroupiaq.com\\\/es\\\/?s={search_term_string}\"},\"query-input\":{\"@type\":\"PropertyValueSpecification\",\"valueRequired\":true,\"valueName\":\"search_term_string\"}}],\"inLanguage\":\"es\"},{\"@type\":\"Organization\",\"@id\":\"https:\\\/\\\/www.filtrationgroupiaq.com\\\/es\\\/#organization\",\"name\":\"Filtration Group\",\"url\":\"https:\\\/\\\/www.filtrationgroupiaq.com\\\/es\\\/\",\"logo\":{\"@type\":\"ImageObject\",\"inLanguage\":\"es\",\"@id\":\"https:\\\/\\\/www.filtrationgroupiaq.com\\\/es\\\/#\\\/schema\\\/logo\\\/image\\\/\",\"url\":\"https:\\\/\\\/www.filtrationgroupiaq.com\\\/wp-content\\\/uploads\\\/2019\\\/06\\\/FGC-logo-1.png\",\"contentUrl\":\"https:\\\/\\\/www.filtrationgroupiaq.com\\\/wp-content\\\/uploads\\\/2019\\\/06\\\/FGC-logo-1.png\",\"width\":1104,\"height\":224,\"caption\":\"Filtration Group\"},\"image\":{\"@id\":\"https:\\\/\\\/www.filtrationgroupiaq.com\\\/es\\\/#\\\/schema\\\/logo\\\/image\\\/\"},\"sameAs\":[\"https:\\\/\\\/www.linkedin.com\\\/company\\\/11857850\\\/\"]}]}<\/script>\n<!-- \/ Yoast SEO plugin. -->","yoast_head_json":{"title":"M\u00f3dulo de terminales reemplazables Pharma - Filtration Group- IAQ","robots":{"index":"index","follow":"follow","max-snippet":"max-snippet:-1","max-image-preview":"max-image-preview:large","max-video-preview":"max-video-preview:-1"},"canonical":"https:\/\/www.filtrationgroupiaq.com\/es\/productos\/filtros-de-aire\/filtros-para-salas-blancas\/modulo-de-terminales-reemplazables-pharma\/","og_locale":"es_ES","og_type":"article","og_title":"M\u00f3dulo de terminales reemplazables Pharma - Filtration Group- IAQ","og_description":"El m\u00f3dulo de terminales reemplazable Flowstar Pharma est\u00e1 hecho de aluminio o acero inoxidable totalmente soldado para crear una barrera de presi\u00f3n sin fugas.","og_url":"https:\/\/www.filtrationgroupiaq.com\/es\/productos\/filtros-de-aire\/filtros-para-salas-blancas\/modulo-de-terminales-reemplazables-pharma\/","og_site_name":"Filtration Group- IAQ","article_modified_time":"2021-02-24T17:54:09+00:00","og_image":[{"width":427,"height":255,"url":"https:\/\/www.filtrationgroupiaq.com\/wp-content\/uploads\/2020\/10\/ddd.jpg","type":"image\/jpeg"}],"twitter_card":"summary_large_image","twitter_misc":{"Tiempo de lectura":"1 minuto"},"schema":{"@context":"https:\/\/schema.org","@graph":[{"@type":"WebPage","@id":"https:\/\/www.filtrationgroupiaq.com\/es\/productos\/filtros-de-aire\/filtros-para-salas-blancas\/modulo-de-terminales-reemplazables-pharma\/","url":"https:\/\/www.filtrationgroupiaq.com\/es\/productos\/filtros-de-aire\/filtros-para-salas-blancas\/modulo-de-terminales-reemplazables-pharma\/","name":"M\u00f3dulo de terminales reemplazables Pharma - Filtration Group- IAQ","isPartOf":{"@id":"https:\/\/www.filtrationgroupiaq.com\/es\/#website"},"primaryImageOfPage":{"@id":"https:\/\/www.filtrationgroupiaq.com\/es\/productos\/filtros-de-aire\/filtros-para-salas-blancas\/modulo-de-terminales-reemplazables-pharma\/#primaryimage"},"image":{"@id":"https:\/\/www.filtrationgroupiaq.com\/es\/productos\/filtros-de-aire\/filtros-para-salas-blancas\/modulo-de-terminales-reemplazables-pharma\/#primaryimage"},"thumbnailUrl":"https:\/\/www.filtrationgroupiaq.com\/wp-content\/uploads\/2020\/10\/ddd.jpg","datePublished":"2021-02-24T17:04:24+00:00","dateModified":"2021-02-24T17:54:09+00:00","breadcrumb":{"@id":"https:\/\/www.filtrationgroupiaq.com\/es\/productos\/filtros-de-aire\/filtros-para-salas-blancas\/modulo-de-terminales-reemplazables-pharma\/#breadcrumb"},"inLanguage":"es","potentialAction":[{"@type":"ReadAction","target":["https:\/\/www.filtrationgroupiaq.com\/es\/productos\/filtros-de-aire\/filtros-para-salas-blancas\/modulo-de-terminales-reemplazables-pharma\/"]}]},{"@type":"ImageObject","inLanguage":"es","@id":"https:\/\/www.filtrationgroupiaq.com\/es\/productos\/filtros-de-aire\/filtros-para-salas-blancas\/modulo-de-terminales-reemplazables-pharma\/#primaryimage","url":"https:\/\/www.filtrationgroupiaq.com\/wp-content\/uploads\/2020\/10\/ddd.jpg","contentUrl":"https:\/\/www.filtrationgroupiaq.com\/wp-content\/uploads\/2020\/10\/ddd.jpg","width":427,"height":255},{"@type":"BreadcrumbList","@id":"https:\/\/www.filtrationgroupiaq.com\/es\/productos\/filtros-de-aire\/filtros-para-salas-blancas\/modulo-de-terminales-reemplazables-pharma\/#breadcrumb","itemListElement":[{"@type":"ListItem","position":1,"name":"","item":"https:\/\/www.filtrationgroupiaq.com\/es\/"},{"@type":"ListItem","position":2,"name":"Productos","item":"https:\/\/www.filtrationgroupiaq.com\/es\/productos\/"},{"@type":"ListItem","position":3,"name":"Filtros de aire","item":"https:\/\/www.filtrationgroupiaq.com\/es\/productos\/filtros-de-aire\/"},{"@type":"ListItem","position":4,"name":"Filtros para salas blancas","item":"https:\/\/www.filtrationgroupiaq.com\/es\/productos\/filtros-de-aire\/filtros-para-salas-blancas\/"},{"@type":"ListItem","position":5,"name":"M\u00f3dulo de terminales reemplazables Pharma"}]},{"@type":"WebSite","@id":"https:\/\/www.filtrationgroupiaq.com\/es\/#website","url":"https:\/\/www.filtrationgroupiaq.com\/es\/","name":"Filtration Group- IAQ","description":"Making the World Safer, Healthier and More Productive","publisher":{"@id":"https:\/\/www.filtrationgroupiaq.com\/es\/#organization"},"potentialAction":[{"@type":"SearchAction","target":{"@type":"EntryPoint","urlTemplate":"https:\/\/www.filtrationgroupiaq.com\/es\/?s={search_term_string}"},"query-input":{"@type":"PropertyValueSpecification","valueRequired":true,"valueName":"search_term_string"}}],"inLanguage":"es"},{"@type":"Organization","@id":"https:\/\/www.filtrationgroupiaq.com\/es\/#organization","name":"Filtration Group","url":"https:\/\/www.filtrationgroupiaq.com\/es\/","logo":{"@type":"ImageObject","inLanguage":"es","@id":"https:\/\/www.filtrationgroupiaq.com\/es\/#\/schema\/logo\/image\/","url":"https:\/\/www.filtrationgroupiaq.com\/wp-content\/uploads\/2019\/06\/FGC-logo-1.png","contentUrl":"https:\/\/www.filtrationgroupiaq.com\/wp-content\/uploads\/2019\/06\/FGC-logo-1.png","width":1104,"height":224,"caption":"Filtration Group"},"image":{"@id":"https:\/\/www.filtrationgroupiaq.com\/es\/#\/schema\/logo\/image\/"},"sameAs":["https:\/\/www.linkedin.com\/company\/11857850\/"]}]}},"_links":{"self":[{"href":"https:\/\/www.filtrationgroupiaq.com\/es\/wp-json\/wp\/v2\/pages\/6953","targetHints":{"allow":["GET"]}}],"collection":[{"href":"https:\/\/www.filtrationgroupiaq.com\/es\/wp-json\/wp\/v2\/pages"}],"about":[{"href":"https:\/\/www.filtrationgroupiaq.com\/es\/wp-json\/wp\/v2\/types\/page"}],"author":[{"embeddable":true,"href":"https:\/\/www.filtrationgroupiaq.com\/es\/wp-json\/wp\/v2\/users\/6"}],"replies":[{"embeddable":true,"href":"https:\/\/www.filtrationgroupiaq.com\/es\/wp-json\/wp\/v2\/comments?post=6953"}],"version-history":[{"count":0,"href":"https:\/\/www.filtrationgroupiaq.com\/es\/wp-json\/wp\/v2\/pages\/6953\/revisions"}],"up":[{"embeddable":true,"href":"https:\/\/www.filtrationgroupiaq.com\/es\/wp-json\/wp\/v2\/pages\/6815"}],"wp:featuredmedia":[{"embeddable":true,"href":"https:\/\/www.filtrationgroupiaq.com\/es\/wp-json\/wp\/v2\/media\/6955"}],"wp:attachment":[{"href":"https:\/\/www.filtrationgroupiaq.com\/es\/wp-json\/wp\/v2\/media?parent=6953"}],"curies":[{"name":"wp","href":"https:\/\/api.w.org\/{rel}","templated":true}]}}