{"id":6970,"date":"2021-02-24T12:04:26","date_gmt":"2021-02-24T17:04:26","guid":{"rendered":"https:\/\/www.filtrationgroupiaq.com\/acerca-de-nosotros\/"},"modified":"2021-02-24T12:04:32","modified_gmt":"2021-02-24T17:04:32","slug":"acerca-de-nosotros","status":"publish","type":"page","link":"https:\/\/www.filtrationgroupiaq.com\/es\/acerca-de-nosotros\/","title":{"rendered":"Acerca de nosotros"},"content":{"rendered":"\n<div class=\"wp-block-cover alignfull has-background-dim-10 has-black-background-color has-background-dim hero-small\" style=\"background-image:url(https:\/\/www.filtrationgroupiaq.com\/wp-content\/uploads\/2020\/07\/banner-web7-3.png);background-position:20% 20%;min-height:324px;aspect-ratio:unset;\"><div class=\"wp-block-cover__inner-container is-layout-flow wp-block-cover-is-layout-flow\">\n<p class=\"has-text-align-center\" style=\"font-size:45px\"><strong>Acerca de nosotros<\/strong><\/p>\n\n\n\n<div style=\"height:27px\" aria-hidden=\"true\" class=\"wp-block-spacer\"><\/div>\n<\/div><\/div>\n\n<h2 class=\"has-dark-gray-color has-text-color wp-block-heading\">La calidad del aire en interiores de Filtration Group<\/h2>\n\n<div style=\"height:20px\" aria-hidden=\"true\" class=\"wp-block-spacer\"><\/div>\n\n<p>Desde la fundaci\u00f3n de su predecesora en 1946, <strong>Calidad del aire en interiores de Filtration Group<\/strong> acumul\u00f3 una amplia experiencia en la purificaci\u00f3n del aire. Desde ese entonces, la calidad del aire en interiores de Filtration Group tuvo un enorme crecimiento org\u00e1nico a trav\u00e9s de asociaciones estrat\u00e9gicas con Dafco Filtration Group y Waco HVAC. En la actualidad, la calidad del aire en interiores (Indoor Air Quality, IAQ) de Filtration Group (FG) es uno de los fabricantes de filtros m\u00e1s grandes y avanzados de los Estados Unidos y Canad\u00e1. Nuestras 16 ubicaciones, incluidas 7 plantas de fabricaci\u00f3n, nos permiten otorgarles un mejor servicio a nuestros clientes de costa a costa. Nuestra amplia red de instalaciones de fabricaci\u00f3n, ventas y dise\u00f1o en Am\u00e9rica del Norte, IAQ de FG se encuentra a la vanguardia de la industria en soluciones de filtraci\u00f3n para el sector comercial, residencial, sanitario, de fase gaseosa o molecular, salas blancas, bioseguridad y climatizaci\u00f3n en general.<\/p>\n\n<p><strong>Cliente<\/strong><\/p>\n\n<p>Nuestra implacable b\u00fasqueda de la excelencia est\u00e1 impulsada por un profundo deseo de brindarles un mejor servicio a nuestros clientes. Invertimos en las mejores personas, tecnolog\u00edas y estrategias para crear un l\u00edder de mercado verdaderamente \u00fanico que ofrezca un valor excepcional al cliente.<\/p>\n\n<p><strong>Innovaci\u00f3n<\/strong><\/p>\n\n<p>Tenemos una respuesta a cada necesidad de filtraci\u00f3n de nuestros clientes. Independientemente de cu\u00e1n particulares sean sus demandas, nuestros ingenieros trabajan siempre para ofrecerle la mejor soluci\u00f3n posible. Constantemente innovamos y mejoramos nuestra tecnolog\u00eda para ayudar a que la filtraci\u00f3n sea cada d\u00eda m\u00e1s eficiente, eficaz y respetuosa con el medio ambiente.<\/p>\n\n<p><strong>Pasi\u00f3n<\/strong><\/p>\n\n<p>Nuestros ingenieros son apasionados de la filtraci\u00f3n y se muestra en cada uno de nuestros productos y servicios, desde el dise\u00f1o inicial hasta la entrega. Esa pasi\u00f3n se traduce en un mundo m\u00e1s limpio, ecol\u00f3gico y saludable para todos.<\/p>\n\n<p>Estamos comprometidos a proporcionar productos y soluciones de filtraci\u00f3n de aire de la m\u00e1s alta eficiencia y calidad que sirvan a una amplia gama de industrias en toda Am\u00e9rica del Norte. Desde nuestra l\u00ednea de filtros de aire para part\u00edculas hasta nuestro programa de Costo total de propiedad (Cost of Ownership program, TCO), nuestros valiosos clientes se benefician de nuestras soluciones y experiencia l\u00edderes en el mundo. \u00a1Estamos comprometidos a hacer del mundo un lugar m\u00e1s seguro, m\u00e1s sano y m\u00e1s productivo!<\/p>\n\n<div style=\"height:20px\" aria-hidden=\"true\" class=\"wp-block-spacer\"><\/div>\n\n<div class=\"wp-block-media-text alignwide has-media-on-the-right is-stacked-on-mobile grayblock\" style=\"grid-template-columns:auto 64%\"><figure class=\"wp-block-media-text__media\"><img loading=\"lazy\" decoding=\"async\" width=\"792\" height=\"404\" src=\"https:\/\/www.filtrationgroupiaq.com\/wp-content\/uploads\/2020\/08\/evolution-FG-IAQ-3.png\" alt=\"\" class=\"wp-image-6975\" srcset=\"https:\/\/www.filtrationgroupiaq.com\/wp-content\/uploads\/2020\/08\/evolution-FG-IAQ-3.png 792w, https:\/\/www.filtrationgroupiaq.com\/wp-content\/uploads\/2020\/08\/evolution-FG-IAQ-3-300x153.png 300w, https:\/\/www.filtrationgroupiaq.com\/wp-content\/uploads\/2020\/08\/evolution-FG-IAQ-3-768x392.png 768w\" sizes=\"auto, (max-width: 792px) 100vw, 792px\" \/><\/figure><div class=\"wp-block-media-text__content\">\n<p class=\"has-dark-gray-color has-text-color has-large-font-size\"><strong>Nuestra evoluci\u00f3n<\/strong>&#8230;<\/p>\n\n\n\n<p>2020- Filtration Group HVAC, Dafco Filtration Group y Waco HVAC ahora operan juntos como <strong>Calidad del aire en interiores de Filtration Group.<\/strong><\/p>\n\n\n\n<p>Este cambio de marca interno crea el equipo m\u00e1s experimentado de especialistas en filtraci\u00f3n de aire de Am\u00e9rica del Norte para brindarles servicio a nuestros clientes a trav\u00e9s de la red m\u00e1s completa de instalaciones, tanto en los Estados Unidos como en Canad\u00e1. <\/p>\n\n\n\n<div style=\"height:32px\" aria-hidden=\"true\" class=\"wp-block-spacer\"><\/div>\n<\/div><\/div>\n\n<div style=\"height:20px\" aria-hidden=\"true\" class=\"wp-block-spacer\"><\/div>\n\n<h2 class=\"wp-block-heading\">En IAQ de FG, siempre estamos buscando y planeando con anticipaci\u00f3n lo que viene. Expandiendo de forma ininterrumpida nuestras capacidades.<\/h2>\n\n<div class=\"wp-block-image\"><figure class=\"aligncenter size-large\"><img loading=\"lazy\" decoding=\"async\" width=\"1024\" height=\"587\" src=\"https:\/\/www.filtrationgroupiaq.com\/wp-content\/uploads\/2020\/09\/FG-IAQ-_-Products-Timeline.png\" alt=\"\" class=\"wp-image-6979\" srcset=\"https:\/\/www.filtrationgroupiaq.com\/wp-content\/uploads\/2020\/09\/FG-IAQ-_-Products-Timeline.png 1024w, https:\/\/www.filtrationgroupiaq.com\/wp-content\/uploads\/2020\/09\/FG-IAQ-_-Products-Timeline-300x172.png 300w, https:\/\/www.filtrationgroupiaq.com\/wp-content\/uploads\/2020\/09\/FG-IAQ-_-Products-Timeline-768x440.png 768w\" sizes=\"auto, (max-width: 1024px) 100vw, 1024px\" \/><\/figure><\/div>\n","protected":false},"excerpt":{"rendered":"<p>La calidad del aire en interiores de Filtration Group Desde la fundaci\u00f3n de su predecesora en 1946, Calidad del aire en interiores de Filtration Group acumul\u00f3 una amplia experiencia en la purificaci\u00f3n del aire. Desde ese entonces, la calidad del aire en interiores de Filtration Group tuvo un enorme crecimiento org\u00e1nico a trav\u00e9s de asociaciones [&hellip;]<\/p>\n","protected":false},"author":4,"featured_media":0,"parent":0,"menu_order":0,"comment_status":"closed","ping_status":"closed","template":"","meta":{"_acf_changed":false,"footnotes":""},"class_list":["post-6970","page","type-page","status-publish","hentry"],"acf":[],"yoast_head":"<!-- This site is optimized with the Yoast SEO plugin v27.3 - https:\/\/yoast.com\/product\/yoast-seo-wordpress\/ -->\n<title>Acerca de nosotros - Filtration Group- IAQ<\/title>\n<meta name=\"robots\" content=\"index, follow, max-snippet:-1, max-image-preview:large, max-video-preview:-1\" \/>\n<link rel=\"canonical\" href=\"https:\/\/www.filtrationgroupiaq.com\/es\/acerca-de-nosotros\/\" \/>\n<meta property=\"og:locale\" content=\"es_ES\" \/>\n<meta property=\"og:type\" content=\"article\" \/>\n<meta property=\"og:title\" content=\"Acerca de nosotros - Filtration Group- IAQ\" \/>\n<meta property=\"og:description\" content=\"La calidad del aire en interiores de Filtration Group Desde la fundaci\u00f3n de su predecesora en 1946, Calidad del aire en interiores de Filtration Group acumul\u00f3 una amplia experiencia en la purificaci\u00f3n del aire. Desde ese entonces, la calidad del aire en interiores de Filtration Group tuvo un enorme crecimiento org\u00e1nico a trav\u00e9s de asociaciones [&hellip;]\" \/>\n<meta property=\"og:url\" content=\"https:\/\/www.filtrationgroupiaq.com\/es\/acerca-de-nosotros\/\" \/>\n<meta property=\"og:site_name\" content=\"Filtration Group- IAQ\" \/>\n<meta property=\"article:modified_time\" content=\"2021-02-24T17:04:32+00:00\" \/>\n<meta property=\"og:image\" content=\"https:\/\/www.filtrationgroupiaq.com\/wp-content\/uploads\/2020\/08\/evolution-FG-IAQ-3.png\" \/>\n<meta name=\"twitter:card\" content=\"summary_large_image\" \/>\n<meta name=\"twitter:label1\" content=\"Tiempo de lectura\" \/>\n\t<meta name=\"twitter:data1\" content=\"3 minutos\" \/>\n<script type=\"application\/ld+json\" class=\"yoast-schema-graph\">{\"@context\":\"https:\\\/\\\/schema.org\",\"@graph\":[{\"@type\":\"WebPage\",\"@id\":\"https:\\\/\\\/www.filtrationgroupiaq.com\\\/es\\\/acerca-de-nosotros\\\/\",\"url\":\"https:\\\/\\\/www.filtrationgroupiaq.com\\\/es\\\/acerca-de-nosotros\\\/\",\"name\":\"Acerca de nosotros - Filtration Group- IAQ\",\"isPartOf\":{\"@id\":\"https:\\\/\\\/www.filtrationgroupiaq.com\\\/es\\\/#website\"},\"primaryImageOfPage\":{\"@id\":\"https:\\\/\\\/www.filtrationgroupiaq.com\\\/es\\\/acerca-de-nosotros\\\/#primaryimage\"},\"image\":{\"@id\":\"https:\\\/\\\/www.filtrationgroupiaq.com\\\/es\\\/acerca-de-nosotros\\\/#primaryimage\"},\"thumbnailUrl\":\"https:\\\/\\\/www.filtrationgroupiaq.com\\\/wp-content\\\/uploads\\\/2020\\\/08\\\/evolution-FG-IAQ-3.png\",\"datePublished\":\"2021-02-24T17:04:26+00:00\",\"dateModified\":\"2021-02-24T17:04:32+00:00\",\"breadcrumb\":{\"@id\":\"https:\\\/\\\/www.filtrationgroupiaq.com\\\/es\\\/acerca-de-nosotros\\\/#breadcrumb\"},\"inLanguage\":\"es\",\"potentialAction\":[{\"@type\":\"ReadAction\",\"target\":[\"https:\\\/\\\/www.filtrationgroupiaq.com\\\/es\\\/acerca-de-nosotros\\\/\"]}]},{\"@type\":\"ImageObject\",\"inLanguage\":\"es\",\"@id\":\"https:\\\/\\\/www.filtrationgroupiaq.com\\\/es\\\/acerca-de-nosotros\\\/#primaryimage\",\"url\":\"https:\\\/\\\/www.filtrationgroupiaq.com\\\/wp-content\\\/uploads\\\/2020\\\/08\\\/evolution-FG-IAQ-3.png\",\"contentUrl\":\"https:\\\/\\\/www.filtrationgroupiaq.com\\\/wp-content\\\/uploads\\\/2020\\\/08\\\/evolution-FG-IAQ-3.png\"},{\"@type\":\"BreadcrumbList\",\"@id\":\"https:\\\/\\\/www.filtrationgroupiaq.com\\\/es\\\/acerca-de-nosotros\\\/#breadcrumb\",\"itemListElement\":[{\"@type\":\"ListItem\",\"position\":1,\"name\":\"\",\"item\":\"https:\\\/\\\/www.filtrationgroupiaq.com\\\/es\\\/\"},{\"@type\":\"ListItem\",\"position\":2,\"name\":\"Acerca de nosotros\"}]},{\"@type\":\"WebSite\",\"@id\":\"https:\\\/\\\/www.filtrationgroupiaq.com\\\/es\\\/#website\",\"url\":\"https:\\\/\\\/www.filtrationgroupiaq.com\\\/es\\\/\",\"name\":\"Filtration Group- IAQ\",\"description\":\"Making the World Safer, Healthier and More Productive\",\"publisher\":{\"@id\":\"https:\\\/\\\/www.filtrationgroupiaq.com\\\/es\\\/#organization\"},\"potentialAction\":[{\"@type\":\"SearchAction\",\"target\":{\"@type\":\"EntryPoint\",\"urlTemplate\":\"https:\\\/\\\/www.filtrationgroupiaq.com\\\/es\\\/?s={search_term_string}\"},\"query-input\":{\"@type\":\"PropertyValueSpecification\",\"valueRequired\":true,\"valueName\":\"search_term_string\"}}],\"inLanguage\":\"es\"},{\"@type\":\"Organization\",\"@id\":\"https:\\\/\\\/www.filtrationgroupiaq.com\\\/es\\\/#organization\",\"name\":\"Filtration Group\",\"url\":\"https:\\\/\\\/www.filtrationgroupiaq.com\\\/es\\\/\",\"logo\":{\"@type\":\"ImageObject\",\"inLanguage\":\"es\",\"@id\":\"https:\\\/\\\/www.filtrationgroupiaq.com\\\/es\\\/#\\\/schema\\\/logo\\\/image\\\/\",\"url\":\"https:\\\/\\\/www.filtrationgroupiaq.com\\\/wp-content\\\/uploads\\\/2019\\\/06\\\/FGC-logo-1.png\",\"contentUrl\":\"https:\\\/\\\/www.filtrationgroupiaq.com\\\/wp-content\\\/uploads\\\/2019\\\/06\\\/FGC-logo-1.png\",\"width\":1104,\"height\":224,\"caption\":\"Filtration Group\"},\"image\":{\"@id\":\"https:\\\/\\\/www.filtrationgroupiaq.com\\\/es\\\/#\\\/schema\\\/logo\\\/image\\\/\"},\"sameAs\":[\"https:\\\/\\\/www.linkedin.com\\\/company\\\/11857850\\\/\"]}]}<\/script>\n<!-- \/ Yoast SEO plugin. -->","yoast_head_json":{"title":"Acerca de nosotros - Filtration Group- IAQ","robots":{"index":"index","follow":"follow","max-snippet":"max-snippet:-1","max-image-preview":"max-image-preview:large","max-video-preview":"max-video-preview:-1"},"canonical":"https:\/\/www.filtrationgroupiaq.com\/es\/acerca-de-nosotros\/","og_locale":"es_ES","og_type":"article","og_title":"Acerca de nosotros - Filtration Group- IAQ","og_description":"La calidad del aire en interiores de Filtration Group Desde la fundaci\u00f3n de su predecesora en 1946, Calidad del aire en interiores de Filtration Group acumul\u00f3 una amplia experiencia en la purificaci\u00f3n del aire. Desde ese entonces, la calidad del aire en interiores de Filtration Group tuvo un enorme crecimiento org\u00e1nico a trav\u00e9s de asociaciones [&hellip;]","og_url":"https:\/\/www.filtrationgroupiaq.com\/es\/acerca-de-nosotros\/","og_site_name":"Filtration Group- IAQ","article_modified_time":"2021-02-24T17:04:32+00:00","og_image":[{"url":"https:\/\/www.filtrationgroupiaq.com\/wp-content\/uploads\/2020\/08\/evolution-FG-IAQ-3.png","type":"","width":"","height":""}],"twitter_card":"summary_large_image","twitter_misc":{"Tiempo de lectura":"3 minutos"},"schema":{"@context":"https:\/\/schema.org","@graph":[{"@type":"WebPage","@id":"https:\/\/www.filtrationgroupiaq.com\/es\/acerca-de-nosotros\/","url":"https:\/\/www.filtrationgroupiaq.com\/es\/acerca-de-nosotros\/","name":"Acerca de nosotros - Filtration Group- IAQ","isPartOf":{"@id":"https:\/\/www.filtrationgroupiaq.com\/es\/#website"},"primaryImageOfPage":{"@id":"https:\/\/www.filtrationgroupiaq.com\/es\/acerca-de-nosotros\/#primaryimage"},"image":{"@id":"https:\/\/www.filtrationgroupiaq.com\/es\/acerca-de-nosotros\/#primaryimage"},"thumbnailUrl":"https:\/\/www.filtrationgroupiaq.com\/wp-content\/uploads\/2020\/08\/evolution-FG-IAQ-3.png","datePublished":"2021-02-24T17:04:26+00:00","dateModified":"2021-02-24T17:04:32+00:00","breadcrumb":{"@id":"https:\/\/www.filtrationgroupiaq.com\/es\/acerca-de-nosotros\/#breadcrumb"},"inLanguage":"es","potentialAction":[{"@type":"ReadAction","target":["https:\/\/www.filtrationgroupiaq.com\/es\/acerca-de-nosotros\/"]}]},{"@type":"ImageObject","inLanguage":"es","@id":"https:\/\/www.filtrationgroupiaq.com\/es\/acerca-de-nosotros\/#primaryimage","url":"https:\/\/www.filtrationgroupiaq.com\/wp-content\/uploads\/2020\/08\/evolution-FG-IAQ-3.png","contentUrl":"https:\/\/www.filtrationgroupiaq.com\/wp-content\/uploads\/2020\/08\/evolution-FG-IAQ-3.png"},{"@type":"BreadcrumbList","@id":"https:\/\/www.filtrationgroupiaq.com\/es\/acerca-de-nosotros\/#breadcrumb","itemListElement":[{"@type":"ListItem","position":1,"name":"","item":"https:\/\/www.filtrationgroupiaq.com\/es\/"},{"@type":"ListItem","position":2,"name":"Acerca de nosotros"}]},{"@type":"WebSite","@id":"https:\/\/www.filtrationgroupiaq.com\/es\/#website","url":"https:\/\/www.filtrationgroupiaq.com\/es\/","name":"Filtration Group- IAQ","description":"Making the World Safer, Healthier and More Productive","publisher":{"@id":"https:\/\/www.filtrationgroupiaq.com\/es\/#organization"},"potentialAction":[{"@type":"SearchAction","target":{"@type":"EntryPoint","urlTemplate":"https:\/\/www.filtrationgroupiaq.com\/es\/?s={search_term_string}"},"query-input":{"@type":"PropertyValueSpecification","valueRequired":true,"valueName":"search_term_string"}}],"inLanguage":"es"},{"@type":"Organization","@id":"https:\/\/www.filtrationgroupiaq.com\/es\/#organization","name":"Filtration Group","url":"https:\/\/www.filtrationgroupiaq.com\/es\/","logo":{"@type":"ImageObject","inLanguage":"es","@id":"https:\/\/www.filtrationgroupiaq.com\/es\/#\/schema\/logo\/image\/","url":"https:\/\/www.filtrationgroupiaq.com\/wp-content\/uploads\/2019\/06\/FGC-logo-1.png","contentUrl":"https:\/\/www.filtrationgroupiaq.com\/wp-content\/uploads\/2019\/06\/FGC-logo-1.png","width":1104,"height":224,"caption":"Filtration Group"},"image":{"@id":"https:\/\/www.filtrationgroupiaq.com\/es\/#\/schema\/logo\/image\/"},"sameAs":["https:\/\/www.linkedin.com\/company\/11857850\/"]}]}},"_links":{"self":[{"href":"https:\/\/www.filtrationgroupiaq.com\/es\/wp-json\/wp\/v2\/pages\/6970","targetHints":{"allow":["GET"]}}],"collection":[{"href":"https:\/\/www.filtrationgroupiaq.com\/es\/wp-json\/wp\/v2\/pages"}],"about":[{"href":"https:\/\/www.filtrationgroupiaq.com\/es\/wp-json\/wp\/v2\/types\/page"}],"author":[{"embeddable":true,"href":"https:\/\/www.filtrationgroupiaq.com\/es\/wp-json\/wp\/v2\/users\/4"}],"replies":[{"embeddable":true,"href":"https:\/\/www.filtrationgroupiaq.com\/es\/wp-json\/wp\/v2\/comments?post=6970"}],"version-history":[{"count":0,"href":"https:\/\/www.filtrationgroupiaq.com\/es\/wp-json\/wp\/v2\/pages\/6970\/revisions"}],"wp:attachment":[{"href":"https:\/\/www.filtrationgroupiaq.com\/es\/wp-json\/wp\/v2\/media?parent=6970"}],"curies":[{"name":"wp","href":"https:\/\/api.w.org\/{rel}","templated":true}]}}