{"id":7042,"date":"2021-02-24T12:04:29","date_gmt":"2021-02-24T17:04:29","guid":{"rendered":"https:\/\/www.filtrationgroupiaq.com\/productos\/filtros-de-aire\/rollos-almohadillas-de-medios-de-poliester\/rollos-y-almohadillas-de-poliester-para-sistemas-de-climatizacion\/"},"modified":"2021-02-24T12:50:18","modified_gmt":"2021-02-24T17:50:18","slug":"rollos-y-almohadillas-de-poliester-para-sistemas-de-climatizacion","status":"publish","type":"page","link":"https:\/\/www.filtrationgroupiaq.com\/es\/productos\/filtros-de-aire\/rollos-almohadillas-de-medios-de-poliester\/rollos-y-almohadillas-de-poliester-para-sistemas-de-climatizacion\/","title":{"rendered":"Rollos y almohadillas de poli\u00e9ster para sistemas de climatizaci\u00f3n"},"content":{"rendered":"\n<div class=\"wp-block-cover alignfull has-background-dim-10 has-black-background-color has-background-dim hero-small\" style=\"background-image:url(https:\/\/www.filtrationgroupiaq.com\/wp-content\/uploads\/2020\/07\/banner-web7-3.png);min-height:324px;background-position:20% 20%;aspect-ratio:unset;\"><div class=\"wp-block-cover__inner-container is-layout-flow wp-block-cover-is-layout-flow\">\n<p class=\"has-text-align-center\" style=\"font-size:45px\"><strong>Rollos y almohadillas de poli\u00e9ster para sistemas de climatizaci\u00f3n<\/strong><\/p>\n\n\n\n<div style=\"height:27px\" aria-hidden=\"true\" class=\"wp-block-spacer\"><\/div>\n<\/div><\/div>\n\n\n\n<div class=\"wp-block-media-text alignwide has-media-on-the-right is-stacked-on-mobile\" style=\"grid-template-columns:auto 52%\"><figure class=\"wp-block-media-text__media\"><img loading=\"lazy\" decoding=\"async\" width=\"678\" height=\"519\" src=\"https:\/\/www.filtrationgroupiaq.com\/wp-content\/uploads\/2020\/10\/Sans-titre-4-1.jpg\" alt=\"\" class=\"wp-image-7048 size-full\" srcset=\"https:\/\/www.filtrationgroupiaq.com\/wp-content\/uploads\/2020\/10\/Sans-titre-4-1.jpg 678w, https:\/\/www.filtrationgroupiaq.com\/wp-content\/uploads\/2020\/10\/Sans-titre-4-1-300x230.jpg 300w\" sizes=\"auto, (max-width: 678px) 100vw, 678px\" \/><\/figure><div class=\"wp-block-media-text__content\">\n<h1 class=\"has-text-align-left wp-block-heading\">Rollos y almohadillas de poli\u00e9ster  <\/h1>\n\n\n\n<p>La serie P, PST y la serie OR son algunos de nuestros medios de poli\u00e9ster m\u00e1s populares. La serie P y PST son medios multidenier tradicionales dise\u00f1ados para usos en general. El PST tiene un adherente seco sin migraci\u00f3n del lado posterior que mejora la retenci\u00f3n de polvo. \u00daselo como prefiltro econ\u00f3mico para extender la vida \u00fatil de los filtros finales o en aplicaciones con menos demanda de flujo de aire.<\/p>\n\n\n\n<p>La serie OR es un medio premium de densidad multidenier para aplicaciones m\u00e1s exigentes. Tiene un adherente seco de gran resistencia sin migraci\u00f3n del lado posterior que mejora la retenci\u00f3n de polvo. Es una alternativa a los plisados en paneles de sistemas con poco flujo de aire.<\/p>\n\n\n\n<p>La serie EC Overspray es para aplicaciones de sobrepulverizaci\u00f3n de pintura, mientras que la serie AVANT y m\u00e1s est\u00e1n disponibles para usos en las que se requiere un medio premium.<\/p>\n\n\n\n<p>Tenemos a disposici\u00f3n medios de distintos grados, anchos, grosores y longitudes.&nbsp; Comun\u00edquese con nosotros para conocer las distintas opciones, especificaciones, rendimientos, tama\u00f1os y dem\u00e1s, a su disposici\u00f3n.<\/p>\n\n\n\n<ul class=\"wp-block-list\"><li>Rollos de medios a granel<\/li><li>Almohadillas para medios de corte<\/li><li>Proporciona protecci\u00f3n adicional a las bobinas y los equipos de climatizaci\u00f3n<\/li><li>Tama\u00f1os est\u00e1ndar y personalizados<\/li><li>Precios de carga directa de f\u00e1brica<\/li><\/ul>\n\n\n\n<div class=\"wp-block-buttons is-layout-flex wp-block-buttons-is-layout-flex\">\n<div class=\"wp-block-button\"><a class=\"wp-block-button__link has-blue-background-color has-background\" href=\"\/wp-content\/uploads\/2021\/02\/FG-IAQ-_-Poly-Rolls-Pads_10-1-2018-ESLA.pdf\" target=\"_blank\" rel=\"noreferrer noopener\">Descargar documentos<\/a><\/div>\n<\/div>\n<\/div><\/div>\n","protected":false},"excerpt":{"rendered":"","protected":false},"author":6,"featured_media":7048,"parent":6982,"menu_order":0,"comment_status":"closed","ping_status":"closed","template":"","meta":{"_acf_changed":false,"footnotes":""},"class_list":["post-7042","page","type-page","status-publish","has-post-thumbnail","hentry"],"acf":[],"yoast_head":"<!-- This site is optimized with the Yoast SEO plugin v27.3 - https:\/\/yoast.com\/product\/yoast-seo-wordpress\/ -->\n<title>Rollos y almohadillas de poli\u00e9ster para sistemas de climatizaci\u00f3n - Filtration Group- IAQ<\/title>\n<meta name=\"robots\" content=\"index, follow, max-snippet:-1, max-image-preview:large, max-video-preview:-1\" \/>\n<link rel=\"canonical\" href=\"https:\/\/www.filtrationgroupiaq.com\/es\/productos\/filtros-de-aire\/rollos-almohadillas-de-medios-de-poliester\/rollos-y-almohadillas-de-poliester-para-sistemas-de-climatizacion\/\" \/>\n<meta property=\"og:locale\" content=\"es_ES\" \/>\n<meta property=\"og:type\" content=\"article\" \/>\n<meta property=\"og:title\" content=\"Rollos y almohadillas de poli\u00e9ster para sistemas de climatizaci\u00f3n - Filtration Group- IAQ\" \/>\n<meta property=\"og:url\" content=\"https:\/\/www.filtrationgroupiaq.com\/es\/productos\/filtros-de-aire\/rollos-almohadillas-de-medios-de-poliester\/rollos-y-almohadillas-de-poliester-para-sistemas-de-climatizacion\/\" \/>\n<meta property=\"og:site_name\" content=\"Filtration Group- IAQ\" \/>\n<meta property=\"article:modified_time\" content=\"2021-02-24T17:50:18+00:00\" \/>\n<meta property=\"og:image\" content=\"https:\/\/www.filtrationgroupiaq.com\/wp-content\/uploads\/2020\/10\/Sans-titre-4-1.jpg\" \/>\n\t<meta property=\"og:image:width\" content=\"678\" \/>\n\t<meta property=\"og:image:height\" content=\"519\" \/>\n\t<meta property=\"og:image:type\" content=\"image\/jpeg\" \/>\n<meta name=\"twitter:card\" content=\"summary_large_image\" \/>\n<meta name=\"twitter:label1\" content=\"Tiempo de lectura\" \/>\n\t<meta name=\"twitter:data1\" content=\"2 minutos\" \/>\n<script type=\"application\/ld+json\" class=\"yoast-schema-graph\">{\"@context\":\"https:\\\/\\\/schema.org\",\"@graph\":[{\"@type\":\"WebPage\",\"@id\":\"https:\\\/\\\/www.filtrationgroupiaq.com\\\/es\\\/productos\\\/filtros-de-aire\\\/rollos-almohadillas-de-medios-de-poliester\\\/rollos-y-almohadillas-de-poliester-para-sistemas-de-climatizacion\\\/\",\"url\":\"https:\\\/\\\/www.filtrationgroupiaq.com\\\/es\\\/productos\\\/filtros-de-aire\\\/rollos-almohadillas-de-medios-de-poliester\\\/rollos-y-almohadillas-de-poliester-para-sistemas-de-climatizacion\\\/\",\"name\":\"Rollos y almohadillas de poli\u00e9ster para sistemas de climatizaci\u00f3n - Filtration Group- IAQ\",\"isPartOf\":{\"@id\":\"https:\\\/\\\/www.filtrationgroupiaq.com\\\/es\\\/#website\"},\"primaryImageOfPage\":{\"@id\":\"https:\\\/\\\/www.filtrationgroupiaq.com\\\/es\\\/productos\\\/filtros-de-aire\\\/rollos-almohadillas-de-medios-de-poliester\\\/rollos-y-almohadillas-de-poliester-para-sistemas-de-climatizacion\\\/#primaryimage\"},\"image\":{\"@id\":\"https:\\\/\\\/www.filtrationgroupiaq.com\\\/es\\\/productos\\\/filtros-de-aire\\\/rollos-almohadillas-de-medios-de-poliester\\\/rollos-y-almohadillas-de-poliester-para-sistemas-de-climatizacion\\\/#primaryimage\"},\"thumbnailUrl\":\"https:\\\/\\\/www.filtrationgroupiaq.com\\\/wp-content\\\/uploads\\\/2020\\\/10\\\/Sans-titre-4-1.jpg\",\"datePublished\":\"2021-02-24T17:04:29+00:00\",\"dateModified\":\"2021-02-24T17:50:18+00:00\",\"breadcrumb\":{\"@id\":\"https:\\\/\\\/www.filtrationgroupiaq.com\\\/es\\\/productos\\\/filtros-de-aire\\\/rollos-almohadillas-de-medios-de-poliester\\\/rollos-y-almohadillas-de-poliester-para-sistemas-de-climatizacion\\\/#breadcrumb\"},\"inLanguage\":\"es\",\"potentialAction\":[{\"@type\":\"ReadAction\",\"target\":[\"https:\\\/\\\/www.filtrationgroupiaq.com\\\/es\\\/productos\\\/filtros-de-aire\\\/rollos-almohadillas-de-medios-de-poliester\\\/rollos-y-almohadillas-de-poliester-para-sistemas-de-climatizacion\\\/\"]}]},{\"@type\":\"ImageObject\",\"inLanguage\":\"es\",\"@id\":\"https:\\\/\\\/www.filtrationgroupiaq.com\\\/es\\\/productos\\\/filtros-de-aire\\\/rollos-almohadillas-de-medios-de-poliester\\\/rollos-y-almohadillas-de-poliester-para-sistemas-de-climatizacion\\\/#primaryimage\",\"url\":\"https:\\\/\\\/www.filtrationgroupiaq.com\\\/wp-content\\\/uploads\\\/2020\\\/10\\\/Sans-titre-4-1.jpg\",\"contentUrl\":\"https:\\\/\\\/www.filtrationgroupiaq.com\\\/wp-content\\\/uploads\\\/2020\\\/10\\\/Sans-titre-4-1.jpg\",\"width\":678,\"height\":519},{\"@type\":\"BreadcrumbList\",\"@id\":\"https:\\\/\\\/www.filtrationgroupiaq.com\\\/es\\\/productos\\\/filtros-de-aire\\\/rollos-almohadillas-de-medios-de-poliester\\\/rollos-y-almohadillas-de-poliester-para-sistemas-de-climatizacion\\\/#breadcrumb\",\"itemListElement\":[{\"@type\":\"ListItem\",\"position\":1,\"name\":\"\",\"item\":\"https:\\\/\\\/www.filtrationgroupiaq.com\\\/es\\\/\"},{\"@type\":\"ListItem\",\"position\":2,\"name\":\"Productos\",\"item\":\"https:\\\/\\\/www.filtrationgroupiaq.com\\\/es\\\/productos\\\/\"},{\"@type\":\"ListItem\",\"position\":3,\"name\":\"Filtros de aire\",\"item\":\"https:\\\/\\\/www.filtrationgroupiaq.com\\\/es\\\/productos\\\/filtros-de-aire\\\/\"},{\"@type\":\"ListItem\",\"position\":4,\"name\":\"Rollos &amp; almohadillas de medios de poli\u00e9ster\",\"item\":\"https:\\\/\\\/www.filtrationgroupiaq.com\\\/es\\\/productos\\\/filtros-de-aire\\\/rollos-almohadillas-de-medios-de-poliester\\\/\"},{\"@type\":\"ListItem\",\"position\":5,\"name\":\"Rollos y almohadillas de poli\u00e9ster para sistemas de climatizaci\u00f3n\"}]},{\"@type\":\"WebSite\",\"@id\":\"https:\\\/\\\/www.filtrationgroupiaq.com\\\/es\\\/#website\",\"url\":\"https:\\\/\\\/www.filtrationgroupiaq.com\\\/es\\\/\",\"name\":\"Filtration Group- IAQ\",\"description\":\"Making the World Safer, Healthier and More Productive\",\"publisher\":{\"@id\":\"https:\\\/\\\/www.filtrationgroupiaq.com\\\/es\\\/#organization\"},\"potentialAction\":[{\"@type\":\"SearchAction\",\"target\":{\"@type\":\"EntryPoint\",\"urlTemplate\":\"https:\\\/\\\/www.filtrationgroupiaq.com\\\/es\\\/?s={search_term_string}\"},\"query-input\":{\"@type\":\"PropertyValueSpecification\",\"valueRequired\":true,\"valueName\":\"search_term_string\"}}],\"inLanguage\":\"es\"},{\"@type\":\"Organization\",\"@id\":\"https:\\\/\\\/www.filtrationgroupiaq.com\\\/es\\\/#organization\",\"name\":\"Filtration Group\",\"url\":\"https:\\\/\\\/www.filtrationgroupiaq.com\\\/es\\\/\",\"logo\":{\"@type\":\"ImageObject\",\"inLanguage\":\"es\",\"@id\":\"https:\\\/\\\/www.filtrationgroupiaq.com\\\/es\\\/#\\\/schema\\\/logo\\\/image\\\/\",\"url\":\"https:\\\/\\\/www.filtrationgroupiaq.com\\\/wp-content\\\/uploads\\\/2019\\\/06\\\/FGC-logo-1.png\",\"contentUrl\":\"https:\\\/\\\/www.filtrationgroupiaq.com\\\/wp-content\\\/uploads\\\/2019\\\/06\\\/FGC-logo-1.png\",\"width\":1104,\"height\":224,\"caption\":\"Filtration Group\"},\"image\":{\"@id\":\"https:\\\/\\\/www.filtrationgroupiaq.com\\\/es\\\/#\\\/schema\\\/logo\\\/image\\\/\"},\"sameAs\":[\"https:\\\/\\\/www.linkedin.com\\\/company\\\/11857850\\\/\"]}]}<\/script>\n<!-- \/ Yoast SEO plugin. -->","yoast_head_json":{"title":"Rollos y almohadillas de poli\u00e9ster para sistemas de climatizaci\u00f3n - Filtration Group- IAQ","robots":{"index":"index","follow":"follow","max-snippet":"max-snippet:-1","max-image-preview":"max-image-preview:large","max-video-preview":"max-video-preview:-1"},"canonical":"https:\/\/www.filtrationgroupiaq.com\/es\/productos\/filtros-de-aire\/rollos-almohadillas-de-medios-de-poliester\/rollos-y-almohadillas-de-poliester-para-sistemas-de-climatizacion\/","og_locale":"es_ES","og_type":"article","og_title":"Rollos y almohadillas de poli\u00e9ster para sistemas de climatizaci\u00f3n - Filtration Group- IAQ","og_url":"https:\/\/www.filtrationgroupiaq.com\/es\/productos\/filtros-de-aire\/rollos-almohadillas-de-medios-de-poliester\/rollos-y-almohadillas-de-poliester-para-sistemas-de-climatizacion\/","og_site_name":"Filtration Group- IAQ","article_modified_time":"2021-02-24T17:50:18+00:00","og_image":[{"width":678,"height":519,"url":"https:\/\/www.filtrationgroupiaq.com\/wp-content\/uploads\/2020\/10\/Sans-titre-4-1.jpg","type":"image\/jpeg"}],"twitter_card":"summary_large_image","twitter_misc":{"Tiempo de lectura":"2 minutos"},"schema":{"@context":"https:\/\/schema.org","@graph":[{"@type":"WebPage","@id":"https:\/\/www.filtrationgroupiaq.com\/es\/productos\/filtros-de-aire\/rollos-almohadillas-de-medios-de-poliester\/rollos-y-almohadillas-de-poliester-para-sistemas-de-climatizacion\/","url":"https:\/\/www.filtrationgroupiaq.com\/es\/productos\/filtros-de-aire\/rollos-almohadillas-de-medios-de-poliester\/rollos-y-almohadillas-de-poliester-para-sistemas-de-climatizacion\/","name":"Rollos y almohadillas de poli\u00e9ster para sistemas de climatizaci\u00f3n - Filtration Group- IAQ","isPartOf":{"@id":"https:\/\/www.filtrationgroupiaq.com\/es\/#website"},"primaryImageOfPage":{"@id":"https:\/\/www.filtrationgroupiaq.com\/es\/productos\/filtros-de-aire\/rollos-almohadillas-de-medios-de-poliester\/rollos-y-almohadillas-de-poliester-para-sistemas-de-climatizacion\/#primaryimage"},"image":{"@id":"https:\/\/www.filtrationgroupiaq.com\/es\/productos\/filtros-de-aire\/rollos-almohadillas-de-medios-de-poliester\/rollos-y-almohadillas-de-poliester-para-sistemas-de-climatizacion\/#primaryimage"},"thumbnailUrl":"https:\/\/www.filtrationgroupiaq.com\/wp-content\/uploads\/2020\/10\/Sans-titre-4-1.jpg","datePublished":"2021-02-24T17:04:29+00:00","dateModified":"2021-02-24T17:50:18+00:00","breadcrumb":{"@id":"https:\/\/www.filtrationgroupiaq.com\/es\/productos\/filtros-de-aire\/rollos-almohadillas-de-medios-de-poliester\/rollos-y-almohadillas-de-poliester-para-sistemas-de-climatizacion\/#breadcrumb"},"inLanguage":"es","potentialAction":[{"@type":"ReadAction","target":["https:\/\/www.filtrationgroupiaq.com\/es\/productos\/filtros-de-aire\/rollos-almohadillas-de-medios-de-poliester\/rollos-y-almohadillas-de-poliester-para-sistemas-de-climatizacion\/"]}]},{"@type":"ImageObject","inLanguage":"es","@id":"https:\/\/www.filtrationgroupiaq.com\/es\/productos\/filtros-de-aire\/rollos-almohadillas-de-medios-de-poliester\/rollos-y-almohadillas-de-poliester-para-sistemas-de-climatizacion\/#primaryimage","url":"https:\/\/www.filtrationgroupiaq.com\/wp-content\/uploads\/2020\/10\/Sans-titre-4-1.jpg","contentUrl":"https:\/\/www.filtrationgroupiaq.com\/wp-content\/uploads\/2020\/10\/Sans-titre-4-1.jpg","width":678,"height":519},{"@type":"BreadcrumbList","@id":"https:\/\/www.filtrationgroupiaq.com\/es\/productos\/filtros-de-aire\/rollos-almohadillas-de-medios-de-poliester\/rollos-y-almohadillas-de-poliester-para-sistemas-de-climatizacion\/#breadcrumb","itemListElement":[{"@type":"ListItem","position":1,"name":"","item":"https:\/\/www.filtrationgroupiaq.com\/es\/"},{"@type":"ListItem","position":2,"name":"Productos","item":"https:\/\/www.filtrationgroupiaq.com\/es\/productos\/"},{"@type":"ListItem","position":3,"name":"Filtros de aire","item":"https:\/\/www.filtrationgroupiaq.com\/es\/productos\/filtros-de-aire\/"},{"@type":"ListItem","position":4,"name":"Rollos &amp; almohadillas de medios de poli\u00e9ster","item":"https:\/\/www.filtrationgroupiaq.com\/es\/productos\/filtros-de-aire\/rollos-almohadillas-de-medios-de-poliester\/"},{"@type":"ListItem","position":5,"name":"Rollos y almohadillas de poli\u00e9ster para sistemas de climatizaci\u00f3n"}]},{"@type":"WebSite","@id":"https:\/\/www.filtrationgroupiaq.com\/es\/#website","url":"https:\/\/www.filtrationgroupiaq.com\/es\/","name":"Filtration Group- IAQ","description":"Making the World Safer, Healthier and More Productive","publisher":{"@id":"https:\/\/www.filtrationgroupiaq.com\/es\/#organization"},"potentialAction":[{"@type":"SearchAction","target":{"@type":"EntryPoint","urlTemplate":"https:\/\/www.filtrationgroupiaq.com\/es\/?s={search_term_string}"},"query-input":{"@type":"PropertyValueSpecification","valueRequired":true,"valueName":"search_term_string"}}],"inLanguage":"es"},{"@type":"Organization","@id":"https:\/\/www.filtrationgroupiaq.com\/es\/#organization","name":"Filtration Group","url":"https:\/\/www.filtrationgroupiaq.com\/es\/","logo":{"@type":"ImageObject","inLanguage":"es","@id":"https:\/\/www.filtrationgroupiaq.com\/es\/#\/schema\/logo\/image\/","url":"https:\/\/www.filtrationgroupiaq.com\/wp-content\/uploads\/2019\/06\/FGC-logo-1.png","contentUrl":"https:\/\/www.filtrationgroupiaq.com\/wp-content\/uploads\/2019\/06\/FGC-logo-1.png","width":1104,"height":224,"caption":"Filtration Group"},"image":{"@id":"https:\/\/www.filtrationgroupiaq.com\/es\/#\/schema\/logo\/image\/"},"sameAs":["https:\/\/www.linkedin.com\/company\/11857850\/"]}]}},"_links":{"self":[{"href":"https:\/\/www.filtrationgroupiaq.com\/es\/wp-json\/wp\/v2\/pages\/7042","targetHints":{"allow":["GET"]}}],"collection":[{"href":"https:\/\/www.filtrationgroupiaq.com\/es\/wp-json\/wp\/v2\/pages"}],"about":[{"href":"https:\/\/www.filtrationgroupiaq.com\/es\/wp-json\/wp\/v2\/types\/page"}],"author":[{"embeddable":true,"href":"https:\/\/www.filtrationgroupiaq.com\/es\/wp-json\/wp\/v2\/users\/6"}],"replies":[{"embeddable":true,"href":"https:\/\/www.filtrationgroupiaq.com\/es\/wp-json\/wp\/v2\/comments?post=7042"}],"version-history":[{"count":0,"href":"https:\/\/www.filtrationgroupiaq.com\/es\/wp-json\/wp\/v2\/pages\/7042\/revisions"}],"up":[{"embeddable":true,"href":"https:\/\/www.filtrationgroupiaq.com\/es\/wp-json\/wp\/v2\/pages\/6982"}],"wp:featuredmedia":[{"embeddable":true,"href":"https:\/\/www.filtrationgroupiaq.com\/es\/wp-json\/wp\/v2\/media\/7048"}],"wp:attachment":[{"href":"https:\/\/www.filtrationgroupiaq.com\/es\/wp-json\/wp\/v2\/media?parent=7042"}],"curies":[{"name":"wp","href":"https:\/\/api.w.org\/{rel}","templated":true}]}}