{"id":7053,"date":"2021-02-24T12:04:30","date_gmt":"2021-02-24T17:04:30","guid":{"rendered":"https:\/\/www.filtrationgroupiaq.com\/terminos-condiciones\/"},"modified":"2021-02-24T12:04:32","modified_gmt":"2021-02-24T17:04:32","slug":"terminos-condiciones","status":"publish","type":"page","link":"https:\/\/www.filtrationgroupiaq.com\/es\/comuniquese-con-nosotros\/terminos-condiciones\/","title":{"rendered":"T\u00e9rminos &amp; condiciones"},"content":{"rendered":"\n<div class=\"wp-block-cover alignfull has-background-dim-10 has-black-background-color has-background-dim hero-small\" style=\"background-image:url(https:\/\/www.filtrationgroupiaq.com\/wp-content\/uploads\/2020\/07\/banner-web7-3.png);background-position:20% 20%;min-height:324px;aspect-ratio:unset;\"><div class=\"wp-block-cover__inner-container is-layout-flow wp-block-cover-is-layout-flow\">\n<p class=\"has-text-align-center\" style=\"font-size:45px\"><strong>T\u00e9rminos &amp; condiciones<\/strong><\/p>\n<\/div><\/div>\n\n<h2 class=\"wp-block-heading\">T\u00e9rminos y condiciones est\u00e1ndar de venta<\/h2>\n\n<p><strong>T\u00e9rminos y condiciones de venta de la IAQ de Filtration Group<\/strong><\/p>\n\n<p><strong>General<\/strong><\/p>\n\n<p>Los t\u00e9rminos y condiciones de venta dispuestos a continuaci\u00f3n se aplican a todas las cotizaciones realizadas y \u00f3rdenes de compra aceptadas por Filtration Group LLC, Dafco Filtration Group Corporation u otra entidad perteneciente a Filtration Group IAQ a la que se hace referencia en esta cotizaci\u00f3n (\u201cVendedor\u201d). En lo sucesivo, el comprador de la mercader\u00eda ser\u00e1 denominado \u201cComprador\u201d. \u00a0Excepto por los t\u00e9rminos, condiciones y garant\u00edas establecidas en cualquier acuerdo de suministro entre el Vendedor y el Comprador, se rechazan todos los dem\u00e1s t\u00e9rminos, condiciones y garant\u00edas de cualquier tipo, los cuales quedan excluidos a menos que el Vendedor los acepte de forma expresa y espec\u00edfica por escrito. Todos los pedidos est\u00e1n sujetos a la aceptaci\u00f3n por parte del Vendedor. En caso de que los t\u00e9rminos y condiciones aqu\u00ed incluidos fueran tenidos como una oferta por parte del Vendedor, toda aceptaci\u00f3n por parte del Comprador se limitar\u00e1 a la aceptaci\u00f3n de los t\u00e9rminos y condiciones expresos del presente instrumento. Todas las ventas se rigen por los t\u00e9rminos incluidos en el presente documento, ya sea que se hagan a pedido oral o por escrito del Comprador, y con independencia de cualquier otra condici\u00f3n presentada por el Comprador al momento de dicha solicitud. Las manifestaciones orales emitidas por los empleados o agentes del Vendedor con respecto a la mercader\u00eda, materiales o servicios (los \u201cbienes\u201d) a los que se aplican estos t\u00e9rminos no ser\u00e1n tenidas como garant\u00edas, debiendo el Comprador desestimarlas por no formar parte de ning\u00fan contrato. Ninguna dispensa o modificaci\u00f3n del presente ser\u00e1 vinculante para el Vendedor a menos que se haga por escrito y est\u00e9 firmada por un representante debidamente autorizado del Vendedor.<\/p>\n\n<p><strong>Env\u00edo y entrega<\/strong><\/p>\n\n<p>A menos que se indique lo contrario en este instrumento, el Vendedor determinar\u00e1 a su entera discreci\u00f3n la forma de env\u00edo de la mercader\u00eda, debiendo hacer los arreglos que crea convenientes a tales efectos. Todo riesgo de p\u00e9rdida, da\u00f1o o cargo con respecto a la mercader\u00eda se transmitir\u00e1 al Comprador inmediatamente despu\u00e9s de que el Vendedor las haya despachado. El env\u00edo o entrega podr\u00e1 realizarse en lotes separados o mediante env\u00edos parciales. El comprador no podr\u00e1 rechazar la entrega de ning\u00fan lote o env\u00edo parcial o negarse a pagarlo debido a la falta de entrega de cualquier otro lote o el incumplimiento de las condiciones pactadas para la entrega de cualquier otro lote o env\u00edo parcial.<\/p>\n\n<p><strong>Precio de compra y condiciones de pago<\/strong><\/p>\n\n<p>El precio de cada env\u00edo de mercader\u00eda consistir\u00e1 en los precios cobrados por esos bienes excluyendo los impuestos aplicables. Todas las cotizaciones ser\u00e1n v\u00e1lidas durante treinta (30) d\u00edas pendientes de la aprobaci\u00f3n del Comprador. La mercader\u00eda se vende solo en las cantidades de embalaje est\u00e1ndar. Los pedidos de cantidades m\u00ednimas est\u00e1n sujetos a cambios sin previo aviso. A menos que el Vendedor acuerde lo contrario por escrito, el pago deber\u00e1 realizarse en un plazo de 30 d\u00edas despu\u00e9s de la fecha que figura en la factura, la fecha en la que se envi\u00f3 lla mercader\u00eda o la fecha en la que se los hubiera enviado de no ser por un retraso causado por causas ajenas a la voluntad del Vendedor, lo que ocurra \u00faltimo. En caso de que el Comprador incumpliera con el pago, el Vendedor tendr\u00e1 derecho, sin perjuicio de ning\u00fan otro derecho o resarcimiento, a interrumpir la fabricaci\u00f3n o suspender todas las entregas de mercader\u00eda, en virtud de lo dispuesto en el Contrato, sin previo aviso al Comprador, y cobrar intereses sobre cualquier importe pendiente a una tasa anual del 18\u00a0%.<\/p>\n\n<p><strong>Aprobaci\u00f3n del cr\u00e9dito<\/strong><\/p>\n\n<p>Los pedidos est\u00e1n sujetos a aprobaci\u00f3n crediticia, si los hubiera, de parte del Vendedor.<\/p>\n\n<p><strong>Garant\u00eda<\/strong><\/p>\n\n<p>La mercader\u00eda del Vendedor ser\u00e1 evaluada \u00fanicamente de conformidad con las especificaciones est\u00e1ndar del Vendedor. El Vendedor no tomar\u00e1 en cuenta ning\u00fan otro requisito m\u00e1s que los indicados en las especificaciones del producto que le fueron suministradas por el Comprador. El Vendedor no estar\u00e1 obligado a sustituir o aceptar la devoluci\u00f3n de la mercader\u00eda que cumpla con las especificaciones provistas por el Vendedor, m\u00e1s all\u00e1 del rendimiento de dichos bienes o de la funcionalidad que tengan seg\u00fan el uso que les d\u00e9 el Comprador. Si el Vendedor consintiera la devoluci\u00f3n de la mercader\u00eda, deber\u00e1 darle una nota de cr\u00e9dito al Comprador por un importe igual al precio de adquisici\u00f3n de dicha mercader\u00eda menos una deducci\u00f3n del 25\u00a0% del precio de compra para cubrir el coste estimado de reabastecimiento de la mercader\u00eda, incluidos los gastos administrativos y otros gastos incurridos en relaci\u00f3n con dicha reposici\u00f3n. No se aceptar\u00e1n devoluciones de pedidos personalizados. En ning\u00fan caso el Vendedor ser\u00e1 responsable ante el Comprador o ante ning\u00fan tercero por el efecto del producto del Vendedor, o por cualquier modificaci\u00f3n o adici\u00f3n que se le haga al producto del Vendedor. El Vendedor no est\u00e1 obligado a informar al Comprador sobre la formulaci\u00f3n de materiales especiales o cambios en la fabricaci\u00f3n de la mercader\u00eda. En la m\u00e1xima medida permitida, toda propiedad intelectual relativa a lla mercader\u00eda es propiedad exclusiva del Vendedor. Ning\u00fan reclamo de ning\u00fan tipo contra el Vendedor, ya sea por mercader\u00eda entregada o por la falta de entrega de la misma, ser\u00e1 por una cantidad mayor que el precio de compra de la mercader\u00eda que motiv\u00f3 el reclamo. Asimismo, en ning\u00fan caso podr\u00e1n reclamarse da\u00f1os indirectos, incidentales, especiales o mediatos (incluyendo la p\u00e9rdida de ingresos o beneficios) o da\u00f1os ejemplares o punitivos, independientemente de que el Comprador haya sido previamente informado de dichos da\u00f1os. El incumplimiento de parte del Comprador de notificar a la otra parte de la demanda en un plazo de treinta (30) d\u00edas contados desde la fecha de entrega constituir\u00e1 la renuncia al Comprador a todo reclamo respecto de la mercader\u00eda. El \u00fanico resarcimiento al que tendr\u00e1 derecho el Comprador exclusivamente ante el incumplimiento de esta garant\u00eda consistir\u00e1 en notificar al Vendedor y recibir las reparaciones ya descritas en el apartado V. Adem\u00e1s de lo establecido en el presente, el Vendedor no realiza ninguna declaraci\u00f3n ni manifestaci\u00f3n de ning\u00fan tipo, ya sea expresa o impl\u00edcita, con respecto a la mercader\u00eda. El Vendedor renuncia expresamente a todas las garant\u00edas de comerciabilidad, idoneidad para un fin particular, dominio, cumplimiento normativo, y todas las garant\u00edas derivadas de la conducta, el curso de la negociaci\u00f3n o las pr\u00e1cticas comerciales. Las declaraciones orales realizadas por los empleados o agentes del Vendedor, o las declaraciones realizadas en la publicidad general o en el material impreso del Vendedor, no constituyen garant\u00edas. La conformidad de la mercader\u00eda con cualquier modelo o muestra no forma parte de la negociaci\u00f3n entre el Comprador y el Vendedor. En ning\u00fan caso el Vendedor ser\u00e1 responsable de ning\u00fan da\u00f1o, cambio o efecto en la mercader\u00eda que resulten de o est\u00e9n relacionados con actos u omisiones del Comprador o de cualquier agente, distribuidor o vendedor del Comprador o de sus clientes, o de cualquier intermediario o usuario final de cualquier producto fabricado, distribuido o vendido por el Comprador, incluidos, entre otros, el almacenamiento, la manipulaci\u00f3n, la instalaci\u00f3n, la modificaci\u00f3n, el mal uso o el uso indebido de la mercader\u00eda.<\/p>\n\n<p><strong>Infracci\u00f3n e indemnizaci\u00f3n<\/strong><\/p>\n\n<p>El Comprador acepta eximir de toda responsabilidad al Vendedor y a sus filiales y proveedores, as\u00ed como a sus accionistas, directores, ejecutivos y empleados contra cualquier reclamo, responsabilidad, da\u00f1o, costo y gasto, incluidos honorarios razonables de abogados, que surgieran en conexi\u00f3n con (a) la mercader\u00eda o (b) con la posesi\u00f3n o el uso por parte de cualquier persona de cualquier producto del Comprador que contenga la mercader\u00eda.<\/p>\n\n<p><strong>Impuestos<\/strong><\/p>\n\n<p>Adem\u00e1s del precio especificado en este documento, el Comprador asumir\u00e1 el pago de cualquier impuesto sobre ventas o uso presente o futuro, impuestos sobre consumos espec\u00edficos, impuestos sobre el transporte y otros impuestos directos o indirectos, independientemente de que se trate de grav\u00e1menes nacionales, estatales o locales o apliquen a la venta, entrega, uso u alguna otra gesti\u00f3n de la mercader\u00eda vendida en virtud del presente.<\/p>\n\n<p><strong>Cancelaci\u00f3n<\/strong><\/p>\n\n<p>Los pedidos no enviados, las modificaciones o cancelaciones de pedidos deber\u00e1n confirmarse por escrito al Vendedor y pueden estar sujetos a un cargo por cancelaci\u00f3n. La cancelaci\u00f3n de pedidos no enviados de la mercader\u00eda personalizada se revisar\u00e1 para determinar los costes incurridos hasta la fecha del aviso por escrito, y se notificar\u00e1n al Comprador los cargos por cancelaci\u00f3n, los cuales incluir\u00e1n el costo de cualquier inventario a mano, del trabajo en curso y todos los dem\u00e1s costos razonables en los que haya incurrido el Vendedor.<\/p>\n\n<p><strong>Fuerza mayor<\/strong><\/p>\n\n<p>El Vendedor no ser\u00e1 responsable de ninguna p\u00e9rdida o da\u00f1o producido a causa de una demora en la ejecuci\u00f3n o no ejecuci\u00f3n de lo pactado que se produzca por circunstancias ajenas al control razonable del Vendedor, incluidos, entre otros, caso fortuito, incendio, inundaci\u00f3n, guerra, medidas gubernamentales, accidente, problemas laborales o escasez o incapacidad para obtener materiales, equipos o transporte. Si se produjera una demora a causa de estas circunstancias, los env\u00edos podr\u00e1n suspenderse de forma parcial o total y reanudarse una vez que dicha causa haya cesado. La cantidad afectada por tal ocurrencia puede eliminarse del pedido sin consecuencia para la parte, pero, por lo dem\u00e1s, el resto del pedido seguir\u00e1 vigente.<\/p>\n\n<p><strong>Legislaci\u00f3n aplicable, arbitraje<\/strong><\/p>\n\n<p>El acuerdo entre el Comprador y el Vendedor y el objeto relacionado con su ejecuci\u00f3n se interpretar\u00e1 y ser\u00e1 regido de conformidad con la legislaci\u00f3n del Estado de Illinois, independientemente de sus principios respecto del conflicto de leyes.\u00a0 Las disposiciones de la Convenci\u00f3n de las Naciones Unidas sobre los Contratos de Compraventa Internacional de Mercader\u00edas (\u201cCNUCCIM\u201d) no regir\u00e1n los derechos ni las obligaciones de las partes en relaci\u00f3n con este pedido. Con respecto a las ventas dentro de los Estados Unidos, cualquier controversia o reclamo que surgiera o que estuviese relacionado con el Contrato entre el Comprador y el Vendedor, o su incumplimiento, se resolver\u00e1 en \u00faltima instancia en la ciudad y el estado de las oficinas que acepte el Vendedor, mediante arbitraje de conformidad con las Normas de la Asociaci\u00f3n de Arbitraje de los Estados Unidos, pudiendo homologarse el laudo arbitral en cualquier tribunal competente.\u00a0 Con respecto a las ventas fuera de los Estados Unidos, cualquier controversia o reclamo que surgiera del Contrato entre el Comprador y el Vendedor, o de su incumplimiento, o que guardara relaci\u00f3n con este, ser\u00e1 resuelto en \u00faltima instancia en Nueva York, NY, seg\u00fan las Normas de Arbitraje de la C\u00e1mara de Comercio Internacional por uno o m\u00e1s \u00e1rbitros nombrados de conformidad con dichas normas, y el laudo arbitral podr\u00e1 ser homologado en cualquier tribunal competente en virtud de la Convenci\u00f3n de 1958 para el reconocimiento y cumplimiento del laudos arbitrales de otros pa\u00edses.<\/p>\n\n<p><strong>Informaci\u00f3n confidencial<\/strong><\/p>\n\n<p>Todos los planos, documentos, registros confidenciales y dem\u00e1s informaci\u00f3n facilitada por el Vendedor se proporcionan entendi\u00e9ndose de forma expresa que los derechos de autor est\u00e1n reservados al Vendedor y que el Comprador no podr\u00e1, sin el consentimiento por escrito del Vendedor, donar, prestar, exhibir o mostrar dichos planos, documentos, registros, software o cualquier otra informaci\u00f3n o extractos o copias de ellos, ni utilizarlos para ning\u00fan otro fin que no est\u00e9 relacionado con la mercader\u00eda para los cuales se la proporciona.<\/p>\n\n<p><strong>Exenci\u00f3n por da\u00f1os y perjuicios\/limitaci\u00f3n de responsabilidad<\/strong><\/p>\n\n<p>SIN PERJUICIO DE CUALQUIER OTRA DISPOSICI\u00d3N INCLUIDA EN ESTE DOCUMENTO, EL COMPRADOR ACEPTA EXPRESAMENTE QUE EL VENDEDOR NO ES RESPONSABLE ANTE EL COMPRADOR (O CUALQUIER TERCERO) POR DA\u00d1OS MEDIATOS, INCIDENTALES, CONSECUENTES, ESPECIALES O PUNITIVOS DERIVADOS DE ESTE DOCUMENTO O LA VENTA DE MERCADER\u00cdAS. ADEM\u00c1S, LA RESPONSABILIDAD TOTAL M\u00c1XIMA DEL VENDEDOR FRENTE AL COMPRADOR NO PODR\u00c1 EXCEDER EL VALOR DE REPARAR O SUSTITUIR CUALQUIER MERCADER\u00cdA DEFECTUOSA QUE EL COMPRADOR HUBIERA ADQUIRIDO Y ABONADO.<\/p>\n\n<p><strong>Varios<\/strong><\/p>\n\n<p>La inacci\u00f3n del Vendedor para ejercer alg\u00fan derecho que le corresponda en virtud del presente no podr\u00e1 tenerse como su renuncia a ninguno de los t\u00e9rminos, condiciones o disposiciones incluidos aqu\u00ed, tanto del mismo tipo como similares. La invalidez total o parcial de cualquier disposici\u00f3n del presente no afectar\u00e1 a la validez de ninguna otra cl\u00e1usula. Los derechos y obligaciones del Comprador en virtud del presente documento no podr\u00e1n cederse ni delegarse sin el consentimiento previo por escrito del Vendedor. La mercader\u00eda vendida por el Vendedor puede estar sujeta a controles de exportaci\u00f3n impuestos por los Estados Unidos. Queda prohibida la retransferencia de dichos art\u00edculos a pa\u00edses o usuarios finales no aprobados por la Aduana de los Estados Unidos, excepto que cuenten con autorizaci\u00f3n expl\u00edcita del gobierno de los Estados Unidos. Cualquier violaci\u00f3n de esta norma puede acarrear sanciones.<\/p>\n","protected":false},"excerpt":{"rendered":"<p>T\u00e9rminos y condiciones est\u00e1ndar de venta T\u00e9rminos y condiciones de venta de la IAQ de Filtration Group General Los t\u00e9rminos y condiciones de venta dispuestos a continuaci\u00f3n se aplican a todas las cotizaciones realizadas y \u00f3rdenes de compra aceptadas por Filtration Group LLC, Dafco Filtration Group Corporation u otra entidad perteneciente a Filtration Group IAQ [&hellip;]<\/p>\n","protected":false},"author":3,"featured_media":0,"parent":7076,"menu_order":0,"comment_status":"closed","ping_status":"closed","template":"","meta":{"_acf_changed":false,"footnotes":""},"class_list":["post-7053","page","type-page","status-publish","hentry"],"acf":[],"yoast_head":"<!-- This site is optimized with the Yoast SEO plugin v27.3 - https:\/\/yoast.com\/product\/yoast-seo-wordpress\/ -->\n<title>T\u00e9rminos &amp; condiciones - Filtration Group- IAQ<\/title>\n<meta name=\"robots\" content=\"index, follow, max-snippet:-1, max-image-preview:large, max-video-preview:-1\" \/>\n<link rel=\"canonical\" href=\"https:\/\/www.filtrationgroupiaq.com\/es\/comuniquese-con-nosotros\/terminos-condiciones\/\" \/>\n<meta property=\"og:locale\" content=\"es_ES\" \/>\n<meta property=\"og:type\" content=\"article\" \/>\n<meta property=\"og:title\" content=\"T\u00e9rminos &amp; condiciones - Filtration Group- IAQ\" \/>\n<meta property=\"og:description\" content=\"T\u00e9rminos y condiciones est\u00e1ndar de venta T\u00e9rminos y condiciones de venta de la IAQ de Filtration Group General Los t\u00e9rminos y condiciones de venta dispuestos a continuaci\u00f3n se aplican a todas las cotizaciones realizadas y \u00f3rdenes de compra aceptadas por Filtration Group LLC, Dafco Filtration Group Corporation u otra entidad perteneciente a Filtration Group IAQ [&hellip;]\" \/>\n<meta property=\"og:url\" content=\"https:\/\/www.filtrationgroupiaq.com\/es\/comuniquese-con-nosotros\/terminos-condiciones\/\" \/>\n<meta property=\"og:site_name\" content=\"Filtration Group- IAQ\" \/>\n<meta property=\"article:modified_time\" content=\"2021-02-24T17:04:32+00:00\" \/>\n<meta name=\"twitter:card\" content=\"summary_large_image\" \/>\n<meta name=\"twitter:label1\" content=\"Tiempo de lectura\" \/>\n\t<meta name=\"twitter:data1\" content=\"11 minutos\" \/>\n<script type=\"application\/ld+json\" class=\"yoast-schema-graph\">{\"@context\":\"https:\\\/\\\/schema.org\",\"@graph\":[{\"@type\":\"WebPage\",\"@id\":\"https:\\\/\\\/www.filtrationgroupiaq.com\\\/es\\\/comuniquese-con-nosotros\\\/terminos-condiciones\\\/\",\"url\":\"https:\\\/\\\/www.filtrationgroupiaq.com\\\/es\\\/comuniquese-con-nosotros\\\/terminos-condiciones\\\/\",\"name\":\"T\u00e9rminos &amp; condiciones - Filtration Group- IAQ\",\"isPartOf\":{\"@id\":\"https:\\\/\\\/www.filtrationgroupiaq.com\\\/es\\\/#website\"},\"datePublished\":\"2021-02-24T17:04:30+00:00\",\"dateModified\":\"2021-02-24T17:04:32+00:00\",\"breadcrumb\":{\"@id\":\"https:\\\/\\\/www.filtrationgroupiaq.com\\\/es\\\/comuniquese-con-nosotros\\\/terminos-condiciones\\\/#breadcrumb\"},\"inLanguage\":\"es\",\"potentialAction\":[{\"@type\":\"ReadAction\",\"target\":[\"https:\\\/\\\/www.filtrationgroupiaq.com\\\/es\\\/comuniquese-con-nosotros\\\/terminos-condiciones\\\/\"]}]},{\"@type\":\"BreadcrumbList\",\"@id\":\"https:\\\/\\\/www.filtrationgroupiaq.com\\\/es\\\/comuniquese-con-nosotros\\\/terminos-condiciones\\\/#breadcrumb\",\"itemListElement\":[{\"@type\":\"ListItem\",\"position\":1,\"name\":\"\",\"item\":\"https:\\\/\\\/www.filtrationgroupiaq.com\\\/es\\\/\"},{\"@type\":\"ListItem\",\"position\":2,\"name\":\"Comun\u00edquese con nosotros\",\"item\":\"https:\\\/\\\/www.filtrationgroupiaq.com\\\/es\\\/comuniquese-con-nosotros\\\/\"},{\"@type\":\"ListItem\",\"position\":3,\"name\":\"T\u00e9rminos &amp; condiciones\"}]},{\"@type\":\"WebSite\",\"@id\":\"https:\\\/\\\/www.filtrationgroupiaq.com\\\/es\\\/#website\",\"url\":\"https:\\\/\\\/www.filtrationgroupiaq.com\\\/es\\\/\",\"name\":\"Filtration Group- IAQ\",\"description\":\"Making the World Safer, Healthier and More Productive\",\"publisher\":{\"@id\":\"https:\\\/\\\/www.filtrationgroupiaq.com\\\/es\\\/#organization\"},\"potentialAction\":[{\"@type\":\"SearchAction\",\"target\":{\"@type\":\"EntryPoint\",\"urlTemplate\":\"https:\\\/\\\/www.filtrationgroupiaq.com\\\/es\\\/?s={search_term_string}\"},\"query-input\":{\"@type\":\"PropertyValueSpecification\",\"valueRequired\":true,\"valueName\":\"search_term_string\"}}],\"inLanguage\":\"es\"},{\"@type\":\"Organization\",\"@id\":\"https:\\\/\\\/www.filtrationgroupiaq.com\\\/es\\\/#organization\",\"name\":\"Filtration Group\",\"url\":\"https:\\\/\\\/www.filtrationgroupiaq.com\\\/es\\\/\",\"logo\":{\"@type\":\"ImageObject\",\"inLanguage\":\"es\",\"@id\":\"https:\\\/\\\/www.filtrationgroupiaq.com\\\/es\\\/#\\\/schema\\\/logo\\\/image\\\/\",\"url\":\"https:\\\/\\\/www.filtrationgroupiaq.com\\\/wp-content\\\/uploads\\\/2019\\\/06\\\/FGC-logo-1.png\",\"contentUrl\":\"https:\\\/\\\/www.filtrationgroupiaq.com\\\/wp-content\\\/uploads\\\/2019\\\/06\\\/FGC-logo-1.png\",\"width\":1104,\"height\":224,\"caption\":\"Filtration Group\"},\"image\":{\"@id\":\"https:\\\/\\\/www.filtrationgroupiaq.com\\\/es\\\/#\\\/schema\\\/logo\\\/image\\\/\"},\"sameAs\":[\"https:\\\/\\\/www.linkedin.com\\\/company\\\/11857850\\\/\"]}]}<\/script>\n<!-- \/ Yoast SEO plugin. -->","yoast_head_json":{"title":"T\u00e9rminos &amp; condiciones - Filtration Group- IAQ","robots":{"index":"index","follow":"follow","max-snippet":"max-snippet:-1","max-image-preview":"max-image-preview:large","max-video-preview":"max-video-preview:-1"},"canonical":"https:\/\/www.filtrationgroupiaq.com\/es\/comuniquese-con-nosotros\/terminos-condiciones\/","og_locale":"es_ES","og_type":"article","og_title":"T\u00e9rminos &amp; condiciones - Filtration Group- IAQ","og_description":"T\u00e9rminos y condiciones est\u00e1ndar de venta T\u00e9rminos y condiciones de venta de la IAQ de Filtration Group General Los t\u00e9rminos y condiciones de venta dispuestos a continuaci\u00f3n se aplican a todas las cotizaciones realizadas y \u00f3rdenes de compra aceptadas por Filtration Group LLC, Dafco Filtration Group Corporation u otra entidad perteneciente a Filtration Group IAQ [&hellip;]","og_url":"https:\/\/www.filtrationgroupiaq.com\/es\/comuniquese-con-nosotros\/terminos-condiciones\/","og_site_name":"Filtration Group- IAQ","article_modified_time":"2021-02-24T17:04:32+00:00","twitter_card":"summary_large_image","twitter_misc":{"Tiempo de lectura":"11 minutos"},"schema":{"@context":"https:\/\/schema.org","@graph":[{"@type":"WebPage","@id":"https:\/\/www.filtrationgroupiaq.com\/es\/comuniquese-con-nosotros\/terminos-condiciones\/","url":"https:\/\/www.filtrationgroupiaq.com\/es\/comuniquese-con-nosotros\/terminos-condiciones\/","name":"T\u00e9rminos &amp; condiciones - Filtration Group- IAQ","isPartOf":{"@id":"https:\/\/www.filtrationgroupiaq.com\/es\/#website"},"datePublished":"2021-02-24T17:04:30+00:00","dateModified":"2021-02-24T17:04:32+00:00","breadcrumb":{"@id":"https:\/\/www.filtrationgroupiaq.com\/es\/comuniquese-con-nosotros\/terminos-condiciones\/#breadcrumb"},"inLanguage":"es","potentialAction":[{"@type":"ReadAction","target":["https:\/\/www.filtrationgroupiaq.com\/es\/comuniquese-con-nosotros\/terminos-condiciones\/"]}]},{"@type":"BreadcrumbList","@id":"https:\/\/www.filtrationgroupiaq.com\/es\/comuniquese-con-nosotros\/terminos-condiciones\/#breadcrumb","itemListElement":[{"@type":"ListItem","position":1,"name":"","item":"https:\/\/www.filtrationgroupiaq.com\/es\/"},{"@type":"ListItem","position":2,"name":"Comun\u00edquese con nosotros","item":"https:\/\/www.filtrationgroupiaq.com\/es\/comuniquese-con-nosotros\/"},{"@type":"ListItem","position":3,"name":"T\u00e9rminos &amp; condiciones"}]},{"@type":"WebSite","@id":"https:\/\/www.filtrationgroupiaq.com\/es\/#website","url":"https:\/\/www.filtrationgroupiaq.com\/es\/","name":"Filtration Group- IAQ","description":"Making the World Safer, Healthier and More Productive","publisher":{"@id":"https:\/\/www.filtrationgroupiaq.com\/es\/#organization"},"potentialAction":[{"@type":"SearchAction","target":{"@type":"EntryPoint","urlTemplate":"https:\/\/www.filtrationgroupiaq.com\/es\/?s={search_term_string}"},"query-input":{"@type":"PropertyValueSpecification","valueRequired":true,"valueName":"search_term_string"}}],"inLanguage":"es"},{"@type":"Organization","@id":"https:\/\/www.filtrationgroupiaq.com\/es\/#organization","name":"Filtration Group","url":"https:\/\/www.filtrationgroupiaq.com\/es\/","logo":{"@type":"ImageObject","inLanguage":"es","@id":"https:\/\/www.filtrationgroupiaq.com\/es\/#\/schema\/logo\/image\/","url":"https:\/\/www.filtrationgroupiaq.com\/wp-content\/uploads\/2019\/06\/FGC-logo-1.png","contentUrl":"https:\/\/www.filtrationgroupiaq.com\/wp-content\/uploads\/2019\/06\/FGC-logo-1.png","width":1104,"height":224,"caption":"Filtration Group"},"image":{"@id":"https:\/\/www.filtrationgroupiaq.com\/es\/#\/schema\/logo\/image\/"},"sameAs":["https:\/\/www.linkedin.com\/company\/11857850\/"]}]}},"_links":{"self":[{"href":"https:\/\/www.filtrationgroupiaq.com\/es\/wp-json\/wp\/v2\/pages\/7053","targetHints":{"allow":["GET"]}}],"collection":[{"href":"https:\/\/www.filtrationgroupiaq.com\/es\/wp-json\/wp\/v2\/pages"}],"about":[{"href":"https:\/\/www.filtrationgroupiaq.com\/es\/wp-json\/wp\/v2\/types\/page"}],"author":[{"embeddable":true,"href":"https:\/\/www.filtrationgroupiaq.com\/es\/wp-json\/wp\/v2\/users\/3"}],"replies":[{"embeddable":true,"href":"https:\/\/www.filtrationgroupiaq.com\/es\/wp-json\/wp\/v2\/comments?post=7053"}],"version-history":[{"count":0,"href":"https:\/\/www.filtrationgroupiaq.com\/es\/wp-json\/wp\/v2\/pages\/7053\/revisions"}],"up":[{"embeddable":true,"href":"https:\/\/www.filtrationgroupiaq.com\/es\/wp-json\/wp\/v2\/pages\/7076"}],"wp:attachment":[{"href":"https:\/\/www.filtrationgroupiaq.com\/es\/wp-json\/wp\/v2\/media?parent=7053"}],"curies":[{"name":"wp","href":"https:\/\/api.w.org\/{rel}","templated":true}]}}