{"id":7129,"date":"2021-02-24T12:04:34","date_gmt":"2021-02-24T17:04:34","guid":{"rendered":"https:\/\/www.filtrationgroupiaq.com\/productos\/equipos\/marco-carcasas\/carcasa-con-junta-interior\/"},"modified":"2021-02-24T12:04:39","modified_gmt":"2021-02-24T17:04:39","slug":"carcasa-con-junta-interior","status":"publish","type":"page","link":"https:\/\/www.filtrationgroupiaq.com\/es\/productos\/equipos\/marco-carcasas\/carcasa-con-junta-interior\/","title":{"rendered":"Carcasa con junta interior"},"content":{"rendered":"\n<div class=\"wp-block-cover alignfull has-background-dim-10 has-black-background-color has-background-dim hero-small\" style=\"background-image:url(https:\/\/www.filtrationgroupiaq.com\/wp-content\/uploads\/2020\/07\/banner-web7-3.png);background-position:20% 20%;min-height:324px;aspect-ratio:unset;\"><div class=\"wp-block-cover__inner-container is-layout-flow wp-block-cover-is-layout-flow\">\n<p class=\"has-text-align-center\" style=\"font-size:45px\"><strong>Carcasa con junta interior<\/strong><\/p>\n<\/div><\/div>\n\n<div class=\"wp-block-media-text has-media-on-the-right is-stacked-on-mobile\"><figure class=\"wp-block-media-text__media\"><img loading=\"lazy\" decoding=\"async\" width=\"940\" height=\"1024\" src=\"https:\/\/www.filtrationgroupiaq.com\/wp-content\/uploads\/2019\/11\/Inner-Seal-Housing-940x1024.png\" alt=\"\" class=\"wp-image-1023\" srcset=\"https:\/\/www.filtrationgroupiaq.com\/wp-content\/uploads\/2019\/11\/Inner-Seal-Housing-940x1024.png 940w, https:\/\/www.filtrationgroupiaq.com\/wp-content\/uploads\/2019\/11\/Inner-Seal-Housing-275x300.png 275w, https:\/\/www.filtrationgroupiaq.com\/wp-content\/uploads\/2019\/11\/Inner-Seal-Housing-768x837.png 768w, https:\/\/www.filtrationgroupiaq.com\/wp-content\/uploads\/2019\/11\/Inner-Seal-Housing.png 1074w\" sizes=\"auto, (max-width: 940px) 100vw, 940px\" \/><\/figure><div class=\"wp-block-media-text__content\">\n<p>Las carcasas con junta interior est\u00e1n dise\u00f1adas para soportar una o varias etapas de filtraci\u00f3n en configuraciones con acceso lateral o inferior. Las carcasas est\u00e1n fabricadas con acero inoxidable o galvanizado 16GA, y est\u00e1n soldadas y selladas de forma intermitente. Las carcasas cuentan con puntos de soldadura de refuerzo en las esquinas para garantizar un ensamblaje r\u00edgido. Las puertas de acceso vienen con bisagras y est\u00e1n equipadas con pestillos activados por presi\u00f3n positiva. Las puertas est\u00e1n equipadas con una junta interior que se sella contra las ranuras de aluminio para evitar que el aire pase por la periferia del banco de filtros. Las carcasas de filtros tienen una tasa de fuga de +\/- 6\u201dWG y 0,5\u00a0pulgadas al 125\u00a0% del flujo nominal est\u00e1ndar.<\/p>\n\n\n\n<p>Serie de ranuras de aluminio con juntas disponibles para diferentes disposiciones de filtros.<\/p>\n\n\n\n<ul class=\"wp-block-list\"><li>IS 02: solo filtros de 2\u00a0pulgadas de profundidad y 8-1\/2\u00a0pulgadas de profundidad en l\u00ednea<\/li><li>IS 04: solo filtros de 4\u00a0pulgadas de profundidad y 8-1\/2\u00a0pulgadas de profundidad en l\u00ednea<\/li><li>IS 24: filtros de 2 y 4\u00a0pulgadas de profundidad en serie y 12\u00a0pulgadas de profundidad en l\u00ednea<\/li><li>IS 21: filtros de 2\u00a0pulgadas de profundidad de un solo cabezal en serie y 22-1\/4\u00a0pulgadas de profundidad en l\u00ednea<\/li><li>IS 41 \u2013 filtros de 4\u00a0pulgadas de profundidad de un solo cabezal en serie y 22-1\/4\u00a0pulgadas de profundidad en l\u00ednea<\/li><\/ul>\n\n\n<div class=\"wp-block-columns is-layout-flex wp-container-core-columns-is-layout-9d6595d7 wp-block-columns-is-layout-flex\">\n<div class=\"wp-block-column is-layout-flow wp-block-column-is-layout-flow\">\n<div class=\"wp-block-buttons is-layout-flex wp-block-buttons-is-layout-flex\">\n<div class=\"wp-block-button\"><a class=\"wp-block-button__link has-blue-background-color has-background\" href=\"https:\/\/www.filtrationgroupiaq.com\/wp-content\/uploads\/2020\/08\/FG-IAQ-_-Inner-Seal-Housing-1.pdf\" target=\"_blank\" rel=\"noreferrer noopener\">Descargar documentos<\/a><\/div>\n<\/div>\n<\/div>\n\n\n\n<div class=\"wp-block-column is-layout-flow wp-block-column-is-layout-flow\">\n<div class=\"wp-block-buttons is-layout-flex wp-block-buttons-is-layout-flex\">\n<div class=\"wp-block-button\"><a class=\"wp-block-button__link has-blue-background-color has-background\" href=\"\/wp-content\/uploads\/2020\/08\/FG-IAQ-_-INNER-SEAL-02-04-24-HOUSINGS-3-1.pdf\" target=\"_blank\" rel=\"noreferrer noopener\">descargar plano<\/a><\/div>\n<\/div>\n<\/div>\n<\/div>\n<\/div><\/div>\n\n<div class=\"wp-block-file\"><a href=\"https:\/\/www.filtrationgroupiaq.com\/wp-content\/uploads\/2020\/10\/INNER-SEAL-21-41-HOUSINGS.pdf\">CARCASA CON JUNTA INTERIOR IS-21<\/a><a href=\"https:\/\/www.filtrationgroupiaq.com\/wp-content\/uploads\/2020\/10\/INNER-SEAL-21-41-HOUSINGS.pdf\" class=\"wp-block-file__button\" download=\"\">Descargar<\/a><\/div>\n\n<div class=\"wp-block-file\"><a href=\"https:\/\/www.filtrationgroupiaq.com\/wp-content\/uploads\/2020\/10\/INNER-SEAL-DRILLED-FLANGE-DETAIL-1.pdf\">DETALLE DE LA BRIDA DEL SELLO INTERNO<\/a><a href=\"https:\/\/www.filtrationgroupiaq.com\/wp-content\/uploads\/2020\/10\/INNER-SEAL-DRILLED-FLANGE-DETAIL-1.pdf\" class=\"wp-block-file__button\" download=\"\">Descargar<\/a><\/div>\n\n<div class=\"wp-block-file\"><a href=\"https:\/\/www.filtrationgroupiaq.com\/wp-content\/uploads\/2020\/10\/inner_seal_vbank_installation_instruction.pdf\">INSTRUCCIONES DE INSTALACI\u00d3N<\/a><a href=\"https:\/\/www.filtrationgroupiaq.com\/wp-content\/uploads\/2020\/10\/inner_seal_vbank_installation_instruction.pdf\" class=\"wp-block-file__button\" download=\"\">Descargar<\/a><\/div>\n","protected":false},"excerpt":{"rendered":"","protected":false},"author":3,"featured_media":7137,"parent":7125,"menu_order":0,"comment_status":"closed","ping_status":"closed","template":"","meta":{"_acf_changed":false,"footnotes":""},"class_list":["post-7129","page","type-page","status-publish","has-post-thumbnail","hentry"],"acf":[],"yoast_head":"<!-- This site is optimized with the Yoast SEO plugin v27.3 - https:\/\/yoast.com\/product\/yoast-seo-wordpress\/ -->\n<title>Carcasa con junta interior - Filtration Group- IAQ<\/title>\n<meta name=\"robots\" content=\"index, follow, max-snippet:-1, max-image-preview:large, max-video-preview:-1\" \/>\n<link rel=\"canonical\" href=\"https:\/\/www.filtrationgroupiaq.com\/es\/productos\/equipos\/marco-carcasas\/carcasa-con-junta-interior\/\" \/>\n<meta property=\"og:locale\" content=\"es_ES\" \/>\n<meta property=\"og:type\" content=\"article\" \/>\n<meta property=\"og:title\" content=\"Carcasa con junta interior - Filtration Group- IAQ\" \/>\n<meta property=\"og:url\" content=\"https:\/\/www.filtrationgroupiaq.com\/es\/productos\/equipos\/marco-carcasas\/carcasa-con-junta-interior\/\" \/>\n<meta property=\"og:site_name\" content=\"Filtration Group- IAQ\" \/>\n<meta property=\"article:modified_time\" content=\"2021-02-24T17:04:39+00:00\" \/>\n<meta property=\"og:image\" content=\"https:\/\/www.filtrationgroupiaq.com\/wp-content\/uploads\/2019\/11\/Inner-Seal-Housing.png\" \/>\n\t<meta property=\"og:image:width\" content=\"1074\" \/>\n\t<meta property=\"og:image:height\" content=\"1170\" \/>\n\t<meta property=\"og:image:type\" content=\"image\/png\" \/>\n<meta name=\"twitter:card\" content=\"summary_large_image\" \/>\n<meta name=\"twitter:label1\" content=\"Tiempo de lectura\" \/>\n\t<meta name=\"twitter:data1\" content=\"1 minuto\" \/>\n<script type=\"application\/ld+json\" class=\"yoast-schema-graph\">{\"@context\":\"https:\\\/\\\/schema.org\",\"@graph\":[{\"@type\":\"WebPage\",\"@id\":\"https:\\\/\\\/www.filtrationgroupiaq.com\\\/es\\\/productos\\\/equipos\\\/marco-carcasas\\\/carcasa-con-junta-interior\\\/\",\"url\":\"https:\\\/\\\/www.filtrationgroupiaq.com\\\/es\\\/productos\\\/equipos\\\/marco-carcasas\\\/carcasa-con-junta-interior\\\/\",\"name\":\"Carcasa con junta interior - Filtration Group- IAQ\",\"isPartOf\":{\"@id\":\"https:\\\/\\\/www.filtrationgroupiaq.com\\\/es\\\/#website\"},\"primaryImageOfPage\":{\"@id\":\"https:\\\/\\\/www.filtrationgroupiaq.com\\\/es\\\/productos\\\/equipos\\\/marco-carcasas\\\/carcasa-con-junta-interior\\\/#primaryimage\"},\"image\":{\"@id\":\"https:\\\/\\\/www.filtrationgroupiaq.com\\\/es\\\/productos\\\/equipos\\\/marco-carcasas\\\/carcasa-con-junta-interior\\\/#primaryimage\"},\"thumbnailUrl\":\"https:\\\/\\\/www.filtrationgroupiaq.com\\\/wp-content\\\/uploads\\\/2019\\\/11\\\/Inner-Seal-Housing.png\",\"datePublished\":\"2021-02-24T17:04:34+00:00\",\"dateModified\":\"2021-02-24T17:04:39+00:00\",\"breadcrumb\":{\"@id\":\"https:\\\/\\\/www.filtrationgroupiaq.com\\\/es\\\/productos\\\/equipos\\\/marco-carcasas\\\/carcasa-con-junta-interior\\\/#breadcrumb\"},\"inLanguage\":\"es\",\"potentialAction\":[{\"@type\":\"ReadAction\",\"target\":[\"https:\\\/\\\/www.filtrationgroupiaq.com\\\/es\\\/productos\\\/equipos\\\/marco-carcasas\\\/carcasa-con-junta-interior\\\/\"]}]},{\"@type\":\"ImageObject\",\"inLanguage\":\"es\",\"@id\":\"https:\\\/\\\/www.filtrationgroupiaq.com\\\/es\\\/productos\\\/equipos\\\/marco-carcasas\\\/carcasa-con-junta-interior\\\/#primaryimage\",\"url\":\"https:\\\/\\\/www.filtrationgroupiaq.com\\\/wp-content\\\/uploads\\\/2019\\\/11\\\/Inner-Seal-Housing.png\",\"contentUrl\":\"https:\\\/\\\/www.filtrationgroupiaq.com\\\/wp-content\\\/uploads\\\/2019\\\/11\\\/Inner-Seal-Housing.png\",\"width\":1074,\"height\":1170},{\"@type\":\"BreadcrumbList\",\"@id\":\"https:\\\/\\\/www.filtrationgroupiaq.com\\\/es\\\/productos\\\/equipos\\\/marco-carcasas\\\/carcasa-con-junta-interior\\\/#breadcrumb\",\"itemListElement\":[{\"@type\":\"ListItem\",\"position\":1,\"name\":\"\",\"item\":\"https:\\\/\\\/www.filtrationgroupiaq.com\\\/es\\\/\"},{\"@type\":\"ListItem\",\"position\":2,\"name\":\"Productos\",\"item\":\"https:\\\/\\\/www.filtrationgroupiaq.com\\\/es\\\/productos\\\/\"},{\"@type\":\"ListItem\",\"position\":3,\"name\":\"Equipos\",\"item\":\"https:\\\/\\\/www.filtrationgroupiaq.com\\\/es\\\/productos\\\/equipos\\\/\"},{\"@type\":\"ListItem\",\"position\":4,\"name\":\"MARCO &amp; CARCASAS\",\"item\":\"https:\\\/\\\/www.filtrationgroupiaq.com\\\/es\\\/productos\\\/equipos\\\/marco-carcasas\\\/\"},{\"@type\":\"ListItem\",\"position\":5,\"name\":\"Carcasa con junta interior\"}]},{\"@type\":\"WebSite\",\"@id\":\"https:\\\/\\\/www.filtrationgroupiaq.com\\\/es\\\/#website\",\"url\":\"https:\\\/\\\/www.filtrationgroupiaq.com\\\/es\\\/\",\"name\":\"Filtration Group- IAQ\",\"description\":\"Making the World Safer, Healthier and More Productive\",\"publisher\":{\"@id\":\"https:\\\/\\\/www.filtrationgroupiaq.com\\\/es\\\/#organization\"},\"potentialAction\":[{\"@type\":\"SearchAction\",\"target\":{\"@type\":\"EntryPoint\",\"urlTemplate\":\"https:\\\/\\\/www.filtrationgroupiaq.com\\\/es\\\/?s={search_term_string}\"},\"query-input\":{\"@type\":\"PropertyValueSpecification\",\"valueRequired\":true,\"valueName\":\"search_term_string\"}}],\"inLanguage\":\"es\"},{\"@type\":\"Organization\",\"@id\":\"https:\\\/\\\/www.filtrationgroupiaq.com\\\/es\\\/#organization\",\"name\":\"Filtration Group\",\"url\":\"https:\\\/\\\/www.filtrationgroupiaq.com\\\/es\\\/\",\"logo\":{\"@type\":\"ImageObject\",\"inLanguage\":\"es\",\"@id\":\"https:\\\/\\\/www.filtrationgroupiaq.com\\\/es\\\/#\\\/schema\\\/logo\\\/image\\\/\",\"url\":\"https:\\\/\\\/www.filtrationgroupiaq.com\\\/wp-content\\\/uploads\\\/2019\\\/06\\\/FGC-logo-1.png\",\"contentUrl\":\"https:\\\/\\\/www.filtrationgroupiaq.com\\\/wp-content\\\/uploads\\\/2019\\\/06\\\/FGC-logo-1.png\",\"width\":1104,\"height\":224,\"caption\":\"Filtration Group\"},\"image\":{\"@id\":\"https:\\\/\\\/www.filtrationgroupiaq.com\\\/es\\\/#\\\/schema\\\/logo\\\/image\\\/\"},\"sameAs\":[\"https:\\\/\\\/www.linkedin.com\\\/company\\\/11857850\\\/\"]}]}<\/script>\n<!-- \/ Yoast SEO plugin. -->","yoast_head_json":{"title":"Carcasa con junta interior - Filtration Group- IAQ","robots":{"index":"index","follow":"follow","max-snippet":"max-snippet:-1","max-image-preview":"max-image-preview:large","max-video-preview":"max-video-preview:-1"},"canonical":"https:\/\/www.filtrationgroupiaq.com\/es\/productos\/equipos\/marco-carcasas\/carcasa-con-junta-interior\/","og_locale":"es_ES","og_type":"article","og_title":"Carcasa con junta interior - Filtration Group- IAQ","og_url":"https:\/\/www.filtrationgroupiaq.com\/es\/productos\/equipos\/marco-carcasas\/carcasa-con-junta-interior\/","og_site_name":"Filtration Group- IAQ","article_modified_time":"2021-02-24T17:04:39+00:00","og_image":[{"width":1074,"height":1170,"url":"https:\/\/www.filtrationgroupiaq.com\/wp-content\/uploads\/2019\/11\/Inner-Seal-Housing.png","type":"image\/png"}],"twitter_card":"summary_large_image","twitter_misc":{"Tiempo de lectura":"1 minuto"},"schema":{"@context":"https:\/\/schema.org","@graph":[{"@type":"WebPage","@id":"https:\/\/www.filtrationgroupiaq.com\/es\/productos\/equipos\/marco-carcasas\/carcasa-con-junta-interior\/","url":"https:\/\/www.filtrationgroupiaq.com\/es\/productos\/equipos\/marco-carcasas\/carcasa-con-junta-interior\/","name":"Carcasa con junta interior - Filtration Group- IAQ","isPartOf":{"@id":"https:\/\/www.filtrationgroupiaq.com\/es\/#website"},"primaryImageOfPage":{"@id":"https:\/\/www.filtrationgroupiaq.com\/es\/productos\/equipos\/marco-carcasas\/carcasa-con-junta-interior\/#primaryimage"},"image":{"@id":"https:\/\/www.filtrationgroupiaq.com\/es\/productos\/equipos\/marco-carcasas\/carcasa-con-junta-interior\/#primaryimage"},"thumbnailUrl":"https:\/\/www.filtrationgroupiaq.com\/wp-content\/uploads\/2019\/11\/Inner-Seal-Housing.png","datePublished":"2021-02-24T17:04:34+00:00","dateModified":"2021-02-24T17:04:39+00:00","breadcrumb":{"@id":"https:\/\/www.filtrationgroupiaq.com\/es\/productos\/equipos\/marco-carcasas\/carcasa-con-junta-interior\/#breadcrumb"},"inLanguage":"es","potentialAction":[{"@type":"ReadAction","target":["https:\/\/www.filtrationgroupiaq.com\/es\/productos\/equipos\/marco-carcasas\/carcasa-con-junta-interior\/"]}]},{"@type":"ImageObject","inLanguage":"es","@id":"https:\/\/www.filtrationgroupiaq.com\/es\/productos\/equipos\/marco-carcasas\/carcasa-con-junta-interior\/#primaryimage","url":"https:\/\/www.filtrationgroupiaq.com\/wp-content\/uploads\/2019\/11\/Inner-Seal-Housing.png","contentUrl":"https:\/\/www.filtrationgroupiaq.com\/wp-content\/uploads\/2019\/11\/Inner-Seal-Housing.png","width":1074,"height":1170},{"@type":"BreadcrumbList","@id":"https:\/\/www.filtrationgroupiaq.com\/es\/productos\/equipos\/marco-carcasas\/carcasa-con-junta-interior\/#breadcrumb","itemListElement":[{"@type":"ListItem","position":1,"name":"","item":"https:\/\/www.filtrationgroupiaq.com\/es\/"},{"@type":"ListItem","position":2,"name":"Productos","item":"https:\/\/www.filtrationgroupiaq.com\/es\/productos\/"},{"@type":"ListItem","position":3,"name":"Equipos","item":"https:\/\/www.filtrationgroupiaq.com\/es\/productos\/equipos\/"},{"@type":"ListItem","position":4,"name":"MARCO &amp; CARCASAS","item":"https:\/\/www.filtrationgroupiaq.com\/es\/productos\/equipos\/marco-carcasas\/"},{"@type":"ListItem","position":5,"name":"Carcasa con junta interior"}]},{"@type":"WebSite","@id":"https:\/\/www.filtrationgroupiaq.com\/es\/#website","url":"https:\/\/www.filtrationgroupiaq.com\/es\/","name":"Filtration Group- IAQ","description":"Making the World Safer, Healthier and More Productive","publisher":{"@id":"https:\/\/www.filtrationgroupiaq.com\/es\/#organization"},"potentialAction":[{"@type":"SearchAction","target":{"@type":"EntryPoint","urlTemplate":"https:\/\/www.filtrationgroupiaq.com\/es\/?s={search_term_string}"},"query-input":{"@type":"PropertyValueSpecification","valueRequired":true,"valueName":"search_term_string"}}],"inLanguage":"es"},{"@type":"Organization","@id":"https:\/\/www.filtrationgroupiaq.com\/es\/#organization","name":"Filtration Group","url":"https:\/\/www.filtrationgroupiaq.com\/es\/","logo":{"@type":"ImageObject","inLanguage":"es","@id":"https:\/\/www.filtrationgroupiaq.com\/es\/#\/schema\/logo\/image\/","url":"https:\/\/www.filtrationgroupiaq.com\/wp-content\/uploads\/2019\/06\/FGC-logo-1.png","contentUrl":"https:\/\/www.filtrationgroupiaq.com\/wp-content\/uploads\/2019\/06\/FGC-logo-1.png","width":1104,"height":224,"caption":"Filtration Group"},"image":{"@id":"https:\/\/www.filtrationgroupiaq.com\/es\/#\/schema\/logo\/image\/"},"sameAs":["https:\/\/www.linkedin.com\/company\/11857850\/"]}]}},"_links":{"self":[{"href":"https:\/\/www.filtrationgroupiaq.com\/es\/wp-json\/wp\/v2\/pages\/7129","targetHints":{"allow":["GET"]}}],"collection":[{"href":"https:\/\/www.filtrationgroupiaq.com\/es\/wp-json\/wp\/v2\/pages"}],"about":[{"href":"https:\/\/www.filtrationgroupiaq.com\/es\/wp-json\/wp\/v2\/types\/page"}],"author":[{"embeddable":true,"href":"https:\/\/www.filtrationgroupiaq.com\/es\/wp-json\/wp\/v2\/users\/3"}],"replies":[{"embeddable":true,"href":"https:\/\/www.filtrationgroupiaq.com\/es\/wp-json\/wp\/v2\/comments?post=7129"}],"version-history":[{"count":0,"href":"https:\/\/www.filtrationgroupiaq.com\/es\/wp-json\/wp\/v2\/pages\/7129\/revisions"}],"up":[{"embeddable":true,"href":"https:\/\/www.filtrationgroupiaq.com\/es\/wp-json\/wp\/v2\/pages\/7125"}],"wp:featuredmedia":[{"embeddable":true,"href":"https:\/\/www.filtrationgroupiaq.com\/es\/wp-json\/wp\/v2\/media\/7137"}],"wp:attachment":[{"href":"https:\/\/www.filtrationgroupiaq.com\/es\/wp-json\/wp\/v2\/media?parent=7129"}],"curies":[{"name":"wp","href":"https:\/\/api.w.org\/{rel}","templated":true}]}}