{"id":7171,"date":"2021-02-24T12:04:38","date_gmt":"2021-02-24T17:04:38","guid":{"rendered":"https:\/\/www.filtrationgroupiaq.com\/control-de-olores\/depurador-de-canerias-para-el-control-de-olores\/"},"modified":"2021-02-24T12:04:39","modified_gmt":"2021-02-24T17:04:39","slug":"depurador-de-canerias-para-el-control-de-olores","status":"publish","type":"page","link":"https:\/\/www.filtrationgroupiaq.com\/es\/productos\/equipos\/equipo-quimico\/control-de-olores\/depurador-de-canerias-para-el-control-de-olores\/","title":{"rendered":"Depurador de ca\u00f1er\u00edas para el control de olores"},"content":{"rendered":"\n<div class=\"wp-block-cover alignfull has-background-dim-10 has-black-background-color has-background-dim hero-small\" style=\"background-image:url(https:\/\/www.filtrationgroupiaq.com\/wp-content\/uploads\/2020\/07\/banner-web7-3.png);background-position:20% 20%;min-height:324px;aspect-ratio:unset;\"><div class=\"wp-block-cover__inner-container is-layout-flow wp-block-cover-is-layout-flow\">\n<p style=\"font-size:45px\" class=\"has-text-align-center\"><strong>Depurador de ca\u00f1er\u00edas para el control de olores<\/strong><\/p>\n<\/div><\/div>\n\n<div class=\"wp-block-media-text has-media-on-the-right is-stacked-on-mobile\"><figure class=\"wp-block-media-text__media\"><img loading=\"lazy\" decoding=\"async\" width=\"557\" height=\"371\" src=\"https:\/\/www.filtrationgroupiaq.com\/wp-content\/uploads\/2019\/11\/Tub-Scrubber-copy.png\" alt=\"Depurador de ca\u00f1er\u00edas\" class=\"wp-image-7138\" srcset=\"https:\/\/www.filtrationgroupiaq.com\/wp-content\/uploads\/2019\/11\/Tub-Scrubber-copy.png 557w, https:\/\/www.filtrationgroupiaq.com\/wp-content\/uploads\/2019\/11\/Tub-Scrubber-copy-300x200.png 300w, https:\/\/www.filtrationgroupiaq.com\/wp-content\/uploads\/2019\/11\/Tub-Scrubber-copy-272x182.png 272w\" sizes=\"auto, (max-width: 557px) 100vw, 557px\" \/><\/figure><div class=\"wp-block-media-text__content\">\n<p>El depurador de ca\u00f1er\u00edas (Tub Scrubber, TS) proporciona aire limpio en entornos controlados que albergan electr\u00f3nicos sensibles. Con una profundidad de cama para medios de 90\u00a0cm (3\u00a0pies). El depurador est\u00e1 hecho de fibra de vidrio, aluminio 3003 H-14 o acero inoxidable 304 o 315; presi\u00f3n est\u00e1tica externa de 1,0\u00a0iwg (249\u00a0Pa); puerto de llenado y puerto de limpieza de f\u00e1cil acceso; prefiltro eficiente MERV 6; filtro final de gran eficiencia precedido de un filtro prefinal eficiente MERV 6; sistema de soplado cerrado de gran eficiencia; entrada de aire controlada por amortiguador y bastidor de prefiltro para sistema de purga. Opcional a pedido.<\/p>\n\n\n\n<div class=\"wp-block-buttons is-layout-flex wp-block-buttons-is-layout-flex\">\n<div class=\"wp-block-button\"><a class=\"wp-block-button__link has-background has-blue-background-color\" href=\"https:\/\/www.filtrationgroupiaq.com\/wp-content\/uploads\/2020\/08\/Purafil-Water-Waste-Water-Tub-Scrubber-Bulletin.pdf\" target=\"_blank\" rel=\"noreferrer noopener\">Descargar documentos<\/a><\/div>\n<\/div>\n<\/div><\/div>\n","protected":false},"excerpt":{"rendered":"","protected":false},"author":3,"featured_media":7138,"parent":7153,"menu_order":0,"comment_status":"closed","ping_status":"closed","template":"","meta":{"_acf_changed":false,"footnotes":""},"class_list":["post-7171","page","type-page","status-publish","has-post-thumbnail","hentry"],"acf":[],"yoast_head":"<!-- This site is optimized with the Yoast SEO plugin v27.3 - https:\/\/yoast.com\/product\/yoast-seo-wordpress\/ -->\n<title>Depurador de ca\u00f1er\u00edas para el control de olores - Filtration Group- IAQ<\/title>\n<meta name=\"robots\" content=\"index, follow, max-snippet:-1, max-image-preview:large, max-video-preview:-1\" \/>\n<link rel=\"canonical\" href=\"https:\/\/www.filtrationgroupiaq.com\/es\/productos\/equipos\/equipo-quimico\/control-de-olores\/depurador-de-canerias-para-el-control-de-olores\/\" \/>\n<meta property=\"og:locale\" content=\"es_ES\" \/>\n<meta property=\"og:type\" content=\"article\" \/>\n<meta property=\"og:title\" content=\"Depurador de ca\u00f1er\u00edas para el control de olores - Filtration Group- IAQ\" \/>\n<meta property=\"og:url\" content=\"https:\/\/www.filtrationgroupiaq.com\/es\/productos\/equipos\/equipo-quimico\/control-de-olores\/depurador-de-canerias-para-el-control-de-olores\/\" \/>\n<meta property=\"og:site_name\" content=\"Filtration Group- IAQ\" \/>\n<meta property=\"article:modified_time\" content=\"2021-02-24T17:04:39+00:00\" \/>\n<meta property=\"og:image\" content=\"https:\/\/www.filtrationgroupiaq.com\/wp-content\/uploads\/2019\/11\/Tub-Scrubber-copy.png\" \/>\n\t<meta property=\"og:image:width\" content=\"557\" \/>\n\t<meta property=\"og:image:height\" content=\"371\" \/>\n\t<meta property=\"og:image:type\" content=\"image\/png\" \/>\n<meta name=\"twitter:card\" content=\"summary_large_image\" \/>\n<meta name=\"twitter:label1\" content=\"Tiempo de lectura\" \/>\n\t<meta name=\"twitter:data1\" content=\"1 minuto\" \/>\n<script type=\"application\/ld+json\" class=\"yoast-schema-graph\">{\"@context\":\"https:\\\/\\\/schema.org\",\"@graph\":[{\"@type\":\"WebPage\",\"@id\":\"https:\\\/\\\/www.filtrationgroupiaq.com\\\/es\\\/productos\\\/equipos\\\/equipo-quimico\\\/control-de-olores\\\/depurador-de-canerias-para-el-control-de-olores\\\/\",\"url\":\"https:\\\/\\\/www.filtrationgroupiaq.com\\\/es\\\/productos\\\/equipos\\\/equipo-quimico\\\/control-de-olores\\\/depurador-de-canerias-para-el-control-de-olores\\\/\",\"name\":\"Depurador de ca\u00f1er\u00edas para el control de olores - Filtration Group- IAQ\",\"isPartOf\":{\"@id\":\"https:\\\/\\\/www.filtrationgroupiaq.com\\\/es\\\/#website\"},\"primaryImageOfPage\":{\"@id\":\"https:\\\/\\\/www.filtrationgroupiaq.com\\\/es\\\/productos\\\/equipos\\\/equipo-quimico\\\/control-de-olores\\\/depurador-de-canerias-para-el-control-de-olores\\\/#primaryimage\"},\"image\":{\"@id\":\"https:\\\/\\\/www.filtrationgroupiaq.com\\\/es\\\/productos\\\/equipos\\\/equipo-quimico\\\/control-de-olores\\\/depurador-de-canerias-para-el-control-de-olores\\\/#primaryimage\"},\"thumbnailUrl\":\"https:\\\/\\\/www.filtrationgroupiaq.com\\\/wp-content\\\/uploads\\\/2019\\\/11\\\/Tub-Scrubber-copy.png\",\"datePublished\":\"2021-02-24T17:04:38+00:00\",\"dateModified\":\"2021-02-24T17:04:39+00:00\",\"breadcrumb\":{\"@id\":\"https:\\\/\\\/www.filtrationgroupiaq.com\\\/es\\\/productos\\\/equipos\\\/equipo-quimico\\\/control-de-olores\\\/depurador-de-canerias-para-el-control-de-olores\\\/#breadcrumb\"},\"inLanguage\":\"es\",\"potentialAction\":[{\"@type\":\"ReadAction\",\"target\":[\"https:\\\/\\\/www.filtrationgroupiaq.com\\\/es\\\/productos\\\/equipos\\\/equipo-quimico\\\/control-de-olores\\\/depurador-de-canerias-para-el-control-de-olores\\\/\"]}]},{\"@type\":\"ImageObject\",\"inLanguage\":\"es\",\"@id\":\"https:\\\/\\\/www.filtrationgroupiaq.com\\\/es\\\/productos\\\/equipos\\\/equipo-quimico\\\/control-de-olores\\\/depurador-de-canerias-para-el-control-de-olores\\\/#primaryimage\",\"url\":\"https:\\\/\\\/www.filtrationgroupiaq.com\\\/wp-content\\\/uploads\\\/2019\\\/11\\\/Tub-Scrubber-copy.png\",\"contentUrl\":\"https:\\\/\\\/www.filtrationgroupiaq.com\\\/wp-content\\\/uploads\\\/2019\\\/11\\\/Tub-Scrubber-copy.png\",\"width\":557,\"height\":371,\"caption\":\"Depurador de ca\u00f1er\u00edas\"},{\"@type\":\"BreadcrumbList\",\"@id\":\"https:\\\/\\\/www.filtrationgroupiaq.com\\\/es\\\/productos\\\/equipos\\\/equipo-quimico\\\/control-de-olores\\\/depurador-de-canerias-para-el-control-de-olores\\\/#breadcrumb\",\"itemListElement\":[{\"@type\":\"ListItem\",\"position\":1,\"name\":\"\",\"item\":\"https:\\\/\\\/www.filtrationgroupiaq.com\\\/es\\\/\"},{\"@type\":\"ListItem\",\"position\":2,\"name\":\"Productos\",\"item\":\"https:\\\/\\\/www.filtrationgroupiaq.com\\\/es\\\/productos\\\/\"},{\"@type\":\"ListItem\",\"position\":3,\"name\":\"Equipos\",\"item\":\"https:\\\/\\\/www.filtrationgroupiaq.com\\\/es\\\/productos\\\/equipos\\\/\"},{\"@type\":\"ListItem\",\"position\":4,\"name\":\"EQUIPO QU\u00cdMICO\",\"item\":\"https:\\\/\\\/www.filtrationgroupiaq.com\\\/es\\\/productos\\\/equipos\\\/equipo-quimico\\\/\"},{\"@type\":\"ListItem\",\"position\":5,\"name\":\"Control de olores\",\"item\":\"https:\\\/\\\/www.filtrationgroupiaq.com\\\/es\\\/productos\\\/equipos\\\/equipo-quimico\\\/control-de-olores\\\/\"},{\"@type\":\"ListItem\",\"position\":6,\"name\":\"Depurador de ca\u00f1er\u00edas para el control de olores\"}]},{\"@type\":\"WebSite\",\"@id\":\"https:\\\/\\\/www.filtrationgroupiaq.com\\\/es\\\/#website\",\"url\":\"https:\\\/\\\/www.filtrationgroupiaq.com\\\/es\\\/\",\"name\":\"Filtration Group- IAQ\",\"description\":\"Making the World Safer, Healthier and More Productive\",\"publisher\":{\"@id\":\"https:\\\/\\\/www.filtrationgroupiaq.com\\\/es\\\/#organization\"},\"potentialAction\":[{\"@type\":\"SearchAction\",\"target\":{\"@type\":\"EntryPoint\",\"urlTemplate\":\"https:\\\/\\\/www.filtrationgroupiaq.com\\\/es\\\/?s={search_term_string}\"},\"query-input\":{\"@type\":\"PropertyValueSpecification\",\"valueRequired\":true,\"valueName\":\"search_term_string\"}}],\"inLanguage\":\"es\"},{\"@type\":\"Organization\",\"@id\":\"https:\\\/\\\/www.filtrationgroupiaq.com\\\/es\\\/#organization\",\"name\":\"Filtration Group\",\"url\":\"https:\\\/\\\/www.filtrationgroupiaq.com\\\/es\\\/\",\"logo\":{\"@type\":\"ImageObject\",\"inLanguage\":\"es\",\"@id\":\"https:\\\/\\\/www.filtrationgroupiaq.com\\\/es\\\/#\\\/schema\\\/logo\\\/image\\\/\",\"url\":\"https:\\\/\\\/www.filtrationgroupiaq.com\\\/wp-content\\\/uploads\\\/2019\\\/06\\\/FGC-logo-1.png\",\"contentUrl\":\"https:\\\/\\\/www.filtrationgroupiaq.com\\\/wp-content\\\/uploads\\\/2019\\\/06\\\/FGC-logo-1.png\",\"width\":1104,\"height\":224,\"caption\":\"Filtration Group\"},\"image\":{\"@id\":\"https:\\\/\\\/www.filtrationgroupiaq.com\\\/es\\\/#\\\/schema\\\/logo\\\/image\\\/\"},\"sameAs\":[\"https:\\\/\\\/www.linkedin.com\\\/company\\\/11857850\\\/\"]}]}<\/script>\n<!-- \/ Yoast SEO plugin. -->","yoast_head_json":{"title":"Depurador de ca\u00f1er\u00edas para el control de olores - Filtration Group- IAQ","robots":{"index":"index","follow":"follow","max-snippet":"max-snippet:-1","max-image-preview":"max-image-preview:large","max-video-preview":"max-video-preview:-1"},"canonical":"https:\/\/www.filtrationgroupiaq.com\/es\/productos\/equipos\/equipo-quimico\/control-de-olores\/depurador-de-canerias-para-el-control-de-olores\/","og_locale":"es_ES","og_type":"article","og_title":"Depurador de ca\u00f1er\u00edas para el control de olores - Filtration Group- IAQ","og_url":"https:\/\/www.filtrationgroupiaq.com\/es\/productos\/equipos\/equipo-quimico\/control-de-olores\/depurador-de-canerias-para-el-control-de-olores\/","og_site_name":"Filtration Group- IAQ","article_modified_time":"2021-02-24T17:04:39+00:00","og_image":[{"width":557,"height":371,"url":"https:\/\/www.filtrationgroupiaq.com\/wp-content\/uploads\/2019\/11\/Tub-Scrubber-copy.png","type":"image\/png"}],"twitter_card":"summary_large_image","twitter_misc":{"Tiempo de lectura":"1 minuto"},"schema":{"@context":"https:\/\/schema.org","@graph":[{"@type":"WebPage","@id":"https:\/\/www.filtrationgroupiaq.com\/es\/productos\/equipos\/equipo-quimico\/control-de-olores\/depurador-de-canerias-para-el-control-de-olores\/","url":"https:\/\/www.filtrationgroupiaq.com\/es\/productos\/equipos\/equipo-quimico\/control-de-olores\/depurador-de-canerias-para-el-control-de-olores\/","name":"Depurador de ca\u00f1er\u00edas para el control de olores - Filtration Group- IAQ","isPartOf":{"@id":"https:\/\/www.filtrationgroupiaq.com\/es\/#website"},"primaryImageOfPage":{"@id":"https:\/\/www.filtrationgroupiaq.com\/es\/productos\/equipos\/equipo-quimico\/control-de-olores\/depurador-de-canerias-para-el-control-de-olores\/#primaryimage"},"image":{"@id":"https:\/\/www.filtrationgroupiaq.com\/es\/productos\/equipos\/equipo-quimico\/control-de-olores\/depurador-de-canerias-para-el-control-de-olores\/#primaryimage"},"thumbnailUrl":"https:\/\/www.filtrationgroupiaq.com\/wp-content\/uploads\/2019\/11\/Tub-Scrubber-copy.png","datePublished":"2021-02-24T17:04:38+00:00","dateModified":"2021-02-24T17:04:39+00:00","breadcrumb":{"@id":"https:\/\/www.filtrationgroupiaq.com\/es\/productos\/equipos\/equipo-quimico\/control-de-olores\/depurador-de-canerias-para-el-control-de-olores\/#breadcrumb"},"inLanguage":"es","potentialAction":[{"@type":"ReadAction","target":["https:\/\/www.filtrationgroupiaq.com\/es\/productos\/equipos\/equipo-quimico\/control-de-olores\/depurador-de-canerias-para-el-control-de-olores\/"]}]},{"@type":"ImageObject","inLanguage":"es","@id":"https:\/\/www.filtrationgroupiaq.com\/es\/productos\/equipos\/equipo-quimico\/control-de-olores\/depurador-de-canerias-para-el-control-de-olores\/#primaryimage","url":"https:\/\/www.filtrationgroupiaq.com\/wp-content\/uploads\/2019\/11\/Tub-Scrubber-copy.png","contentUrl":"https:\/\/www.filtrationgroupiaq.com\/wp-content\/uploads\/2019\/11\/Tub-Scrubber-copy.png","width":557,"height":371,"caption":"Depurador de ca\u00f1er\u00edas"},{"@type":"BreadcrumbList","@id":"https:\/\/www.filtrationgroupiaq.com\/es\/productos\/equipos\/equipo-quimico\/control-de-olores\/depurador-de-canerias-para-el-control-de-olores\/#breadcrumb","itemListElement":[{"@type":"ListItem","position":1,"name":"","item":"https:\/\/www.filtrationgroupiaq.com\/es\/"},{"@type":"ListItem","position":2,"name":"Productos","item":"https:\/\/www.filtrationgroupiaq.com\/es\/productos\/"},{"@type":"ListItem","position":3,"name":"Equipos","item":"https:\/\/www.filtrationgroupiaq.com\/es\/productos\/equipos\/"},{"@type":"ListItem","position":4,"name":"EQUIPO QU\u00cdMICO","item":"https:\/\/www.filtrationgroupiaq.com\/es\/productos\/equipos\/equipo-quimico\/"},{"@type":"ListItem","position":5,"name":"Control de olores","item":"https:\/\/www.filtrationgroupiaq.com\/es\/productos\/equipos\/equipo-quimico\/control-de-olores\/"},{"@type":"ListItem","position":6,"name":"Depurador de ca\u00f1er\u00edas para el control de olores"}]},{"@type":"WebSite","@id":"https:\/\/www.filtrationgroupiaq.com\/es\/#website","url":"https:\/\/www.filtrationgroupiaq.com\/es\/","name":"Filtration Group- IAQ","description":"Making the World Safer, Healthier and More Productive","publisher":{"@id":"https:\/\/www.filtrationgroupiaq.com\/es\/#organization"},"potentialAction":[{"@type":"SearchAction","target":{"@type":"EntryPoint","urlTemplate":"https:\/\/www.filtrationgroupiaq.com\/es\/?s={search_term_string}"},"query-input":{"@type":"PropertyValueSpecification","valueRequired":true,"valueName":"search_term_string"}}],"inLanguage":"es"},{"@type":"Organization","@id":"https:\/\/www.filtrationgroupiaq.com\/es\/#organization","name":"Filtration Group","url":"https:\/\/www.filtrationgroupiaq.com\/es\/","logo":{"@type":"ImageObject","inLanguage":"es","@id":"https:\/\/www.filtrationgroupiaq.com\/es\/#\/schema\/logo\/image\/","url":"https:\/\/www.filtrationgroupiaq.com\/wp-content\/uploads\/2019\/06\/FGC-logo-1.png","contentUrl":"https:\/\/www.filtrationgroupiaq.com\/wp-content\/uploads\/2019\/06\/FGC-logo-1.png","width":1104,"height":224,"caption":"Filtration Group"},"image":{"@id":"https:\/\/www.filtrationgroupiaq.com\/es\/#\/schema\/logo\/image\/"},"sameAs":["https:\/\/www.linkedin.com\/company\/11857850\/"]}]}},"_links":{"self":[{"href":"https:\/\/www.filtrationgroupiaq.com\/es\/wp-json\/wp\/v2\/pages\/7171","targetHints":{"allow":["GET"]}}],"collection":[{"href":"https:\/\/www.filtrationgroupiaq.com\/es\/wp-json\/wp\/v2\/pages"}],"about":[{"href":"https:\/\/www.filtrationgroupiaq.com\/es\/wp-json\/wp\/v2\/types\/page"}],"author":[{"embeddable":true,"href":"https:\/\/www.filtrationgroupiaq.com\/es\/wp-json\/wp\/v2\/users\/3"}],"replies":[{"embeddable":true,"href":"https:\/\/www.filtrationgroupiaq.com\/es\/wp-json\/wp\/v2\/comments?post=7171"}],"version-history":[{"count":0,"href":"https:\/\/www.filtrationgroupiaq.com\/es\/wp-json\/wp\/v2\/pages\/7171\/revisions"}],"up":[{"embeddable":true,"href":"https:\/\/www.filtrationgroupiaq.com\/es\/wp-json\/wp\/v2\/pages\/7153"}],"wp:featuredmedia":[{"embeddable":true,"href":"https:\/\/www.filtrationgroupiaq.com\/es\/wp-json\/wp\/v2\/media\/7138"}],"wp:attachment":[{"href":"https:\/\/www.filtrationgroupiaq.com\/es\/wp-json\/wp\/v2\/media?parent=7171"}],"curies":[{"name":"wp","href":"https:\/\/api.w.org\/{rel}","templated":true}]}}