{"id":7188,"date":"2021-02-24T12:04:40","date_gmt":"2021-02-24T17:04:40","guid":{"rendered":"https:\/\/www.filtrationgroupiaq.com\/depurador-de-capas-profundas-para-gases-toxicos\/"},"modified":"2021-02-24T12:04:48","modified_gmt":"2021-02-24T17:04:48","slug":"depurador-de-capas-profundas-para-gases-toxicos","status":"publish","type":"page","link":"https:\/\/www.filtrationgroupiaq.com\/es\/productos\/equipos\/equipo-quimico\/gas-toxico\/depurador-de-capas-profundas-para-gases-toxicos\/","title":{"rendered":"Depurador de capas profundas para gases t\u00f3xicos"},"content":{"rendered":"\n<div class=\"wp-block-cover alignfull has-background-dim-10 has-black-background-color has-background-dim hero-small\" style=\"background-image:url(https:\/\/www.filtrationgroupiaq.com\/wp-content\/uploads\/2020\/07\/banner-web7-3.png);background-position:20% 20%;min-height:324px;aspect-ratio:unset;\"><div class=\"wp-block-cover__inner-container is-layout-flow wp-block-cover-is-layout-flow\">\n<p style=\"font-size:45px\" class=\"has-text-align-center\"><strong>Depurador de capas profundas para gases t\u00f3xicos<\/strong><\/p>\n<\/div><\/div>\n\n<div class=\"wp-block-media-text has-media-on-the-right is-stacked-on-mobile\"><figure class=\"wp-block-media-text__media\"><img loading=\"lazy\" decoding=\"async\" width=\"575\" height=\"371\" src=\"https:\/\/www.filtrationgroupiaq.com\/wp-content\/uploads\/2019\/11\/DBS_1.png\" alt=\"Depurador de capas profundas\" class=\"wp-image-7145\" srcset=\"https:\/\/www.filtrationgroupiaq.com\/wp-content\/uploads\/2019\/11\/DBS_1.png 575w, https:\/\/www.filtrationgroupiaq.com\/wp-content\/uploads\/2019\/11\/DBS_1-300x194.png 300w\" sizes=\"auto, (max-width: 575px) 100vw, 575px\" \/><\/figure><div class=\"wp-block-media-text__content\">\n<p>El depurador de capas profundas (Deep Bed Scrubber, DBS) de Purafil es un depurador de medios a granel muy eficaz para entornos controlados con niveles de gases contaminantes de medios a altos. El DBS remedia los efectos corrosivos de los gases y cumple con estrictos est\u00e1ndares de calidad del aire establecidos por la Sociedad Internacional de Automatizaci\u00f3n (International Society of Automation, ISA). Es ideal para refiner\u00edas, laminadoras de acero, fundiciones, plantas qu\u00edmicas, plantas petroqu\u00edmicas y otros entornos hostiles. Tambi\u00e9n funciona, de ser necesario, como una aplicaci\u00f3n de refugio en el lugar para proteger a los empleados.<\/p>\n\n\n\n<div class=\"wp-block-button blank btn-half-width\"><a class=\"wp-block-button__link has-background has-blue-background-color\" href=\"https:\/\/www.filtrationgroupiaq.com\/wp-content\/uploads\/2020\/08\/FG-IAQ-_-WasteWaterDeepBedScrubber.pdf\" target=\"_blank\" rel=\"noreferrer noopener\">Descargar documentos<\/a><\/div>\n<\/div><\/div>\n","protected":false},"excerpt":{"rendered":"","protected":false},"author":3,"featured_media":7145,"parent":7189,"menu_order":0,"comment_status":"closed","ping_status":"closed","template":"","meta":{"_acf_changed":false,"footnotes":""},"class_list":["post-7188","page","type-page","status-publish","has-post-thumbnail","hentry"],"acf":[],"yoast_head":"<!-- This site is optimized with the Yoast SEO plugin v27.3 - https:\/\/yoast.com\/product\/yoast-seo-wordpress\/ -->\n<title>Depurador de capas profundas para gases t\u00f3xicos - Filtration Group- IAQ<\/title>\n<meta name=\"robots\" content=\"index, follow, max-snippet:-1, max-image-preview:large, max-video-preview:-1\" \/>\n<link rel=\"canonical\" href=\"https:\/\/www.filtrationgroupiaq.com\/es\/productos\/equipos\/equipo-quimico\/gas-toxico\/depurador-de-capas-profundas-para-gases-toxicos\/\" \/>\n<meta property=\"og:locale\" content=\"es_ES\" \/>\n<meta property=\"og:type\" content=\"article\" \/>\n<meta property=\"og:title\" content=\"Depurador de capas profundas para gases t\u00f3xicos - Filtration Group- IAQ\" \/>\n<meta property=\"og:url\" content=\"https:\/\/www.filtrationgroupiaq.com\/es\/productos\/equipos\/equipo-quimico\/gas-toxico\/depurador-de-capas-profundas-para-gases-toxicos\/\" \/>\n<meta property=\"og:site_name\" content=\"Filtration Group- IAQ\" \/>\n<meta property=\"article:modified_time\" content=\"2021-02-24T17:04:48+00:00\" \/>\n<meta property=\"og:image\" content=\"https:\/\/www.filtrationgroupiaq.com\/wp-content\/uploads\/2019\/11\/DBS_1.png\" \/>\n\t<meta property=\"og:image:width\" content=\"575\" \/>\n\t<meta property=\"og:image:height\" content=\"371\" \/>\n\t<meta property=\"og:image:type\" content=\"image\/png\" \/>\n<meta name=\"twitter:card\" content=\"summary_large_image\" \/>\n<meta name=\"twitter:label1\" content=\"Tiempo de lectura\" \/>\n\t<meta name=\"twitter:data1\" content=\"1 minuto\" \/>\n<script type=\"application\/ld+json\" class=\"yoast-schema-graph\">{\"@context\":\"https:\\\/\\\/schema.org\",\"@graph\":[{\"@type\":\"WebPage\",\"@id\":\"https:\\\/\\\/www.filtrationgroupiaq.com\\\/es\\\/productos\\\/equipos\\\/equipo-quimico\\\/gas-toxico\\\/depurador-de-capas-profundas-para-gases-toxicos\\\/\",\"url\":\"https:\\\/\\\/www.filtrationgroupiaq.com\\\/es\\\/productos\\\/equipos\\\/equipo-quimico\\\/gas-toxico\\\/depurador-de-capas-profundas-para-gases-toxicos\\\/\",\"name\":\"Depurador de capas profundas para gases t\u00f3xicos - Filtration Group- IAQ\",\"isPartOf\":{\"@id\":\"https:\\\/\\\/www.filtrationgroupiaq.com\\\/es\\\/#website\"},\"primaryImageOfPage\":{\"@id\":\"https:\\\/\\\/www.filtrationgroupiaq.com\\\/es\\\/productos\\\/equipos\\\/equipo-quimico\\\/gas-toxico\\\/depurador-de-capas-profundas-para-gases-toxicos\\\/#primaryimage\"},\"image\":{\"@id\":\"https:\\\/\\\/www.filtrationgroupiaq.com\\\/es\\\/productos\\\/equipos\\\/equipo-quimico\\\/gas-toxico\\\/depurador-de-capas-profundas-para-gases-toxicos\\\/#primaryimage\"},\"thumbnailUrl\":\"https:\\\/\\\/www.filtrationgroupiaq.com\\\/wp-content\\\/uploads\\\/2019\\\/11\\\/DBS_1.png\",\"datePublished\":\"2021-02-24T17:04:40+00:00\",\"dateModified\":\"2021-02-24T17:04:48+00:00\",\"breadcrumb\":{\"@id\":\"https:\\\/\\\/www.filtrationgroupiaq.com\\\/es\\\/productos\\\/equipos\\\/equipo-quimico\\\/gas-toxico\\\/depurador-de-capas-profundas-para-gases-toxicos\\\/#breadcrumb\"},\"inLanguage\":\"es\",\"potentialAction\":[{\"@type\":\"ReadAction\",\"target\":[\"https:\\\/\\\/www.filtrationgroupiaq.com\\\/es\\\/productos\\\/equipos\\\/equipo-quimico\\\/gas-toxico\\\/depurador-de-capas-profundas-para-gases-toxicos\\\/\"]}]},{\"@type\":\"ImageObject\",\"inLanguage\":\"es\",\"@id\":\"https:\\\/\\\/www.filtrationgroupiaq.com\\\/es\\\/productos\\\/equipos\\\/equipo-quimico\\\/gas-toxico\\\/depurador-de-capas-profundas-para-gases-toxicos\\\/#primaryimage\",\"url\":\"https:\\\/\\\/www.filtrationgroupiaq.com\\\/wp-content\\\/uploads\\\/2019\\\/11\\\/DBS_1.png\",\"contentUrl\":\"https:\\\/\\\/www.filtrationgroupiaq.com\\\/wp-content\\\/uploads\\\/2019\\\/11\\\/DBS_1.png\",\"width\":575,\"height\":371,\"caption\":\"Depurador de capas profundas\"},{\"@type\":\"BreadcrumbList\",\"@id\":\"https:\\\/\\\/www.filtrationgroupiaq.com\\\/es\\\/productos\\\/equipos\\\/equipo-quimico\\\/gas-toxico\\\/depurador-de-capas-profundas-para-gases-toxicos\\\/#breadcrumb\",\"itemListElement\":[{\"@type\":\"ListItem\",\"position\":1,\"name\":\"\",\"item\":\"https:\\\/\\\/www.filtrationgroupiaq.com\\\/es\\\/\"},{\"@type\":\"ListItem\",\"position\":2,\"name\":\"Productos\",\"item\":\"https:\\\/\\\/www.filtrationgroupiaq.com\\\/es\\\/productos\\\/\"},{\"@type\":\"ListItem\",\"position\":3,\"name\":\"Equipos\",\"item\":\"https:\\\/\\\/www.filtrationgroupiaq.com\\\/es\\\/productos\\\/equipos\\\/\"},{\"@type\":\"ListItem\",\"position\":4,\"name\":\"EQUIPO QU\u00cdMICO\",\"item\":\"https:\\\/\\\/www.filtrationgroupiaq.com\\\/es\\\/productos\\\/equipos\\\/equipo-quimico\\\/\"},{\"@type\":\"ListItem\",\"position\":5,\"name\":\"Gas t\u00f3xico\",\"item\":\"https:\\\/\\\/www.filtrationgroupiaq.com\\\/es\\\/productos\\\/equipos\\\/equipo-quimico\\\/gas-toxico\\\/\"},{\"@type\":\"ListItem\",\"position\":6,\"name\":\"Depurador de capas profundas para gases t\u00f3xicos\"}]},{\"@type\":\"WebSite\",\"@id\":\"https:\\\/\\\/www.filtrationgroupiaq.com\\\/es\\\/#website\",\"url\":\"https:\\\/\\\/www.filtrationgroupiaq.com\\\/es\\\/\",\"name\":\"Filtration Group- IAQ\",\"description\":\"Making the World Safer, Healthier and More Productive\",\"publisher\":{\"@id\":\"https:\\\/\\\/www.filtrationgroupiaq.com\\\/es\\\/#organization\"},\"potentialAction\":[{\"@type\":\"SearchAction\",\"target\":{\"@type\":\"EntryPoint\",\"urlTemplate\":\"https:\\\/\\\/www.filtrationgroupiaq.com\\\/es\\\/?s={search_term_string}\"},\"query-input\":{\"@type\":\"PropertyValueSpecification\",\"valueRequired\":true,\"valueName\":\"search_term_string\"}}],\"inLanguage\":\"es\"},{\"@type\":\"Organization\",\"@id\":\"https:\\\/\\\/www.filtrationgroupiaq.com\\\/es\\\/#organization\",\"name\":\"Filtration Group\",\"url\":\"https:\\\/\\\/www.filtrationgroupiaq.com\\\/es\\\/\",\"logo\":{\"@type\":\"ImageObject\",\"inLanguage\":\"es\",\"@id\":\"https:\\\/\\\/www.filtrationgroupiaq.com\\\/es\\\/#\\\/schema\\\/logo\\\/image\\\/\",\"url\":\"https:\\\/\\\/www.filtrationgroupiaq.com\\\/wp-content\\\/uploads\\\/2019\\\/06\\\/FGC-logo-1.png\",\"contentUrl\":\"https:\\\/\\\/www.filtrationgroupiaq.com\\\/wp-content\\\/uploads\\\/2019\\\/06\\\/FGC-logo-1.png\",\"width\":1104,\"height\":224,\"caption\":\"Filtration Group\"},\"image\":{\"@id\":\"https:\\\/\\\/www.filtrationgroupiaq.com\\\/es\\\/#\\\/schema\\\/logo\\\/image\\\/\"},\"sameAs\":[\"https:\\\/\\\/www.linkedin.com\\\/company\\\/11857850\\\/\"]}]}<\/script>\n<!-- \/ Yoast SEO plugin. -->","yoast_head_json":{"title":"Depurador de capas profundas para gases t\u00f3xicos - Filtration Group- IAQ","robots":{"index":"index","follow":"follow","max-snippet":"max-snippet:-1","max-image-preview":"max-image-preview:large","max-video-preview":"max-video-preview:-1"},"canonical":"https:\/\/www.filtrationgroupiaq.com\/es\/productos\/equipos\/equipo-quimico\/gas-toxico\/depurador-de-capas-profundas-para-gases-toxicos\/","og_locale":"es_ES","og_type":"article","og_title":"Depurador de capas profundas para gases t\u00f3xicos - Filtration Group- IAQ","og_url":"https:\/\/www.filtrationgroupiaq.com\/es\/productos\/equipos\/equipo-quimico\/gas-toxico\/depurador-de-capas-profundas-para-gases-toxicos\/","og_site_name":"Filtration Group- IAQ","article_modified_time":"2021-02-24T17:04:48+00:00","og_image":[{"width":575,"height":371,"url":"https:\/\/www.filtrationgroupiaq.com\/wp-content\/uploads\/2019\/11\/DBS_1.png","type":"image\/png"}],"twitter_card":"summary_large_image","twitter_misc":{"Tiempo de lectura":"1 minuto"},"schema":{"@context":"https:\/\/schema.org","@graph":[{"@type":"WebPage","@id":"https:\/\/www.filtrationgroupiaq.com\/es\/productos\/equipos\/equipo-quimico\/gas-toxico\/depurador-de-capas-profundas-para-gases-toxicos\/","url":"https:\/\/www.filtrationgroupiaq.com\/es\/productos\/equipos\/equipo-quimico\/gas-toxico\/depurador-de-capas-profundas-para-gases-toxicos\/","name":"Depurador de capas profundas para gases t\u00f3xicos - Filtration Group- IAQ","isPartOf":{"@id":"https:\/\/www.filtrationgroupiaq.com\/es\/#website"},"primaryImageOfPage":{"@id":"https:\/\/www.filtrationgroupiaq.com\/es\/productos\/equipos\/equipo-quimico\/gas-toxico\/depurador-de-capas-profundas-para-gases-toxicos\/#primaryimage"},"image":{"@id":"https:\/\/www.filtrationgroupiaq.com\/es\/productos\/equipos\/equipo-quimico\/gas-toxico\/depurador-de-capas-profundas-para-gases-toxicos\/#primaryimage"},"thumbnailUrl":"https:\/\/www.filtrationgroupiaq.com\/wp-content\/uploads\/2019\/11\/DBS_1.png","datePublished":"2021-02-24T17:04:40+00:00","dateModified":"2021-02-24T17:04:48+00:00","breadcrumb":{"@id":"https:\/\/www.filtrationgroupiaq.com\/es\/productos\/equipos\/equipo-quimico\/gas-toxico\/depurador-de-capas-profundas-para-gases-toxicos\/#breadcrumb"},"inLanguage":"es","potentialAction":[{"@type":"ReadAction","target":["https:\/\/www.filtrationgroupiaq.com\/es\/productos\/equipos\/equipo-quimico\/gas-toxico\/depurador-de-capas-profundas-para-gases-toxicos\/"]}]},{"@type":"ImageObject","inLanguage":"es","@id":"https:\/\/www.filtrationgroupiaq.com\/es\/productos\/equipos\/equipo-quimico\/gas-toxico\/depurador-de-capas-profundas-para-gases-toxicos\/#primaryimage","url":"https:\/\/www.filtrationgroupiaq.com\/wp-content\/uploads\/2019\/11\/DBS_1.png","contentUrl":"https:\/\/www.filtrationgroupiaq.com\/wp-content\/uploads\/2019\/11\/DBS_1.png","width":575,"height":371,"caption":"Depurador de capas profundas"},{"@type":"BreadcrumbList","@id":"https:\/\/www.filtrationgroupiaq.com\/es\/productos\/equipos\/equipo-quimico\/gas-toxico\/depurador-de-capas-profundas-para-gases-toxicos\/#breadcrumb","itemListElement":[{"@type":"ListItem","position":1,"name":"","item":"https:\/\/www.filtrationgroupiaq.com\/es\/"},{"@type":"ListItem","position":2,"name":"Productos","item":"https:\/\/www.filtrationgroupiaq.com\/es\/productos\/"},{"@type":"ListItem","position":3,"name":"Equipos","item":"https:\/\/www.filtrationgroupiaq.com\/es\/productos\/equipos\/"},{"@type":"ListItem","position":4,"name":"EQUIPO QU\u00cdMICO","item":"https:\/\/www.filtrationgroupiaq.com\/es\/productos\/equipos\/equipo-quimico\/"},{"@type":"ListItem","position":5,"name":"Gas t\u00f3xico","item":"https:\/\/www.filtrationgroupiaq.com\/es\/productos\/equipos\/equipo-quimico\/gas-toxico\/"},{"@type":"ListItem","position":6,"name":"Depurador de capas profundas para gases t\u00f3xicos"}]},{"@type":"WebSite","@id":"https:\/\/www.filtrationgroupiaq.com\/es\/#website","url":"https:\/\/www.filtrationgroupiaq.com\/es\/","name":"Filtration Group- IAQ","description":"Making the World Safer, Healthier and More Productive","publisher":{"@id":"https:\/\/www.filtrationgroupiaq.com\/es\/#organization"},"potentialAction":[{"@type":"SearchAction","target":{"@type":"EntryPoint","urlTemplate":"https:\/\/www.filtrationgroupiaq.com\/es\/?s={search_term_string}"},"query-input":{"@type":"PropertyValueSpecification","valueRequired":true,"valueName":"search_term_string"}}],"inLanguage":"es"},{"@type":"Organization","@id":"https:\/\/www.filtrationgroupiaq.com\/es\/#organization","name":"Filtration Group","url":"https:\/\/www.filtrationgroupiaq.com\/es\/","logo":{"@type":"ImageObject","inLanguage":"es","@id":"https:\/\/www.filtrationgroupiaq.com\/es\/#\/schema\/logo\/image\/","url":"https:\/\/www.filtrationgroupiaq.com\/wp-content\/uploads\/2019\/06\/FGC-logo-1.png","contentUrl":"https:\/\/www.filtrationgroupiaq.com\/wp-content\/uploads\/2019\/06\/FGC-logo-1.png","width":1104,"height":224,"caption":"Filtration Group"},"image":{"@id":"https:\/\/www.filtrationgroupiaq.com\/es\/#\/schema\/logo\/image\/"},"sameAs":["https:\/\/www.linkedin.com\/company\/11857850\/"]}]}},"_links":{"self":[{"href":"https:\/\/www.filtrationgroupiaq.com\/es\/wp-json\/wp\/v2\/pages\/7188","targetHints":{"allow":["GET"]}}],"collection":[{"href":"https:\/\/www.filtrationgroupiaq.com\/es\/wp-json\/wp\/v2\/pages"}],"about":[{"href":"https:\/\/www.filtrationgroupiaq.com\/es\/wp-json\/wp\/v2\/types\/page"}],"author":[{"embeddable":true,"href":"https:\/\/www.filtrationgroupiaq.com\/es\/wp-json\/wp\/v2\/users\/3"}],"replies":[{"embeddable":true,"href":"https:\/\/www.filtrationgroupiaq.com\/es\/wp-json\/wp\/v2\/comments?post=7188"}],"version-history":[{"count":0,"href":"https:\/\/www.filtrationgroupiaq.com\/es\/wp-json\/wp\/v2\/pages\/7188\/revisions"}],"up":[{"embeddable":true,"href":"https:\/\/www.filtrationgroupiaq.com\/es\/wp-json\/wp\/v2\/pages\/7189"}],"wp:featuredmedia":[{"embeddable":true,"href":"https:\/\/www.filtrationgroupiaq.com\/es\/wp-json\/wp\/v2\/media\/7145"}],"wp:attachment":[{"href":"https:\/\/www.filtrationgroupiaq.com\/es\/wp-json\/wp\/v2\/media?parent=7188"}],"curies":[{"name":"wp","href":"https:\/\/api.w.org\/{rel}","templated":true}]}}