{"id":7190,"date":"2021-02-24T12:04:41","date_gmt":"2021-02-24T17:04:41","guid":{"rendered":"https:\/\/www.filtrationgroupiaq.com\/aplicaciones\/geriatricos\/"},"modified":"2021-02-24T12:04:48","modified_gmt":"2021-02-24T17:04:48","slug":"geriatricos","status":"publish","type":"page","link":"https:\/\/www.filtrationgroupiaq.com\/es\/aplicaciones\/geriatricos\/","title":{"rendered":"Geri\u00e1tricos"},"content":{"rendered":"\n<div class=\"wp-block-cover alignfull has-background-dim\" style=\"background-image:url(https:\/\/www.filtrationgroupiaq.com\/wp-content\/uploads\/2020\/04\/shutterstock_728859280-scaled-e1588286606851.jpg)\"><div class=\"wp-block-cover__inner-container is-layout-flow wp-block-cover-is-layout-flow\">\n<div class=\"wp-block-columns alignwide are-vertically-aligned-center is-layout-flex wp-container-core-columns-is-layout-9d6595d7 wp-block-columns-is-layout-flex\">\n<div class=\"wp-block-column is-vertically-aligned-center is-layout-flow wp-block-column-is-layout-flow\" style=\"flex-basis:59%\">\n<h1 class=\"wp-block-heading\">Hoy en d\u00eda es m\u00e1s importante que nunca proteger a las personas de la tercera edad<\/h1>\n\n\n\n<p>La higiene del aire desempe\u00f1a un papel importante en la protecci\u00f3n de los residentes y el personal. La calidad del aire en interiores (IAQ) de Filtration Group (FG) tiene la soluci\u00f3n ideal para su necesidad. Descubra c\u00f3mo los filtros ayudan a detener la propagaci\u00f3n de enfermedades infecciosas.<\/p>\n\n\n\n<div class=\"wp-block-button\"><a class=\"wp-block-button__link has-green-background-color has-background\" href=\"https:\/\/www.filtrationgroupiaq.com\/application\/senior-living\/senior-living-brochure\/\" target=\"_blank\" rel=\"noreferrer noopener\">Gu\u00eda de soluciones<\/a><\/div>\n<\/div>\n\n\n\n<div class=\"wp-block-column is-vertically-aligned-center is-layout-flow wp-block-column-is-layout-flow\" style=\"flex-basis:41%\"><\/div>\n<\/div>\n<\/div><\/div>\n\n<h2 class=\"has-blue-color has-text-color wp-block-heading\">GERI\u00c1TRICOS<\/h2>\n\n<div class=\"wp-block-columns is-layout-flex wp-container-core-columns-is-layout-9d6595d7 wp-block-columns-is-layout-flex\">\n<div class=\"wp-block-column is-layout-flow wp-block-column-is-layout-flow\" style=\"flex-basis:56%\">\n<p><strong>Puesto que la COVID-19\u00a0se extendi\u00f3 por todo el mundo, resulta esencial garantizar que los sistemas de climatizaci\u00f3n no ayuden a trasmitir enfermedades a trav\u00e9s del aire.<\/strong> <\/p>\n\n\n\n<p>Es de suma importancia asegurar los edificios que albergan grupos en edades de alto riesgo, quienes suelen estar inmunodeprimidos por sus afecciones de salud.<\/p>\n\n\n\n<p>A medida que vamos aprendiendo m\u00e1s sobre c\u00f3mo la COVID-19 contamina el aire de los espacios interiores, reemplazar los filtros existentes por filtros de aire<strong>\u00a0MERV 13 a 15 <\/strong>puede mejorar dr\u00e1sticamente la salud de los edificios comunitarios de alto riesgo, como los geri\u00e1tricos.\u00a0<\/p>\n\n\n\n<p>La IAQ de FG y nuestra empresa asociada <a href=\"https:\/\/www.linkedin.com\/company\/purafil-inc.\/\">Purafil, Inc.<\/a> desarrollaron soluciones para la contenci\u00f3n en interiores y la protecci\u00f3n respiratoria. <\/p>\n<\/div>\n\n\n\n<div class=\"wp-block-column is-layout-flow wp-block-column-is-layout-flow\" style=\"flex-basis:44%\">\n<div class=\"wp-block-media-text alignwide is-vertically-aligned-top is-image-fill has-white-background-color has-background\" style=\"grid-template-columns:38% auto\"><figure class=\"wp-block-media-text__media\" style=\"background-image:url(https:\/\/www.filtrationgroupiaq.com\/wp-content\/uploads\/2020\/02\/Screen-Shot-2020-02-05-at-2.28.45-PM.png);background-position:50% 50%\"><img loading=\"lazy\" decoding=\"async\" width=\"412\" height=\"647\" src=\"https:\/\/www.filtrationgroupiaq.com\/wp-content\/uploads\/2020\/02\/Screen-Shot-2020-02-05-at-2.28.45-PM.png\" alt=\"Filtration Group, Am\u00e9rica del Norte\" class=\"wp-image-7063\" srcset=\"https:\/\/www.filtrationgroupiaq.com\/wp-content\/uploads\/2020\/02\/Screen-Shot-2020-02-05-at-2.28.45-PM.png 412w, https:\/\/www.filtrationgroupiaq.com\/wp-content\/uploads\/2020\/02\/Screen-Shot-2020-02-05-at-2.28.45-PM-191x300.png 191w\" sizes=\"auto, (max-width: 412px) 100vw, 412px\" \/><\/figure><div class=\"wp-block-media-text__content\">\n<p class=\"has-normal-font-size\"><strong>Para obtener informaci\u00f3n sobre productos recomendados, programas de servicio y consultas generales gratuitas<\/strong><\/p>\n\n\n\n<div class=\"wp-block-button\"><a class=\"wp-block-button__link has-white-color has-blue-background-color has-text-color has-background\" href=\"https:\/\/www.filtrationgroupiaq.com\/locations\/\">comun\u00edquese con Ventas<\/a><\/div>\n<\/div><\/div>\n<\/div>\n<\/div>\n\n<hr class=\"wp-block-separator is-style-wide\" \/>\n\n<div class=\"wp-block-columns is-layout-flex wp-container-core-columns-is-layout-9d6595d7 wp-block-columns-is-layout-flex\">\n<div class=\"wp-block-column is-layout-flow wp-block-column-is-layout-flow\" style=\"flex-basis:22.75%\">\n<p class=\"has-light-gray-background-color has-background\"><strong>La higiene del aire desempe\u00f1a un papel importante en la protecci\u00f3n de los residentes y el personal\u00a0<\/strong><\/p>\n\n\n\n<p class=\"has-light-gray-background-color has-background\" style=\"font-size:13px\"> Los filtros de aire eliminan una gama de tama\u00f1os de part\u00edculas y cada vez que el aire recirculado pasa por un filtro, m\u00e1s part\u00edculas quedan atrapadas. Si se elige el tipo de filtro y la eficiencia adecuados, el sistema de climatizaci\u00f3n puede reducir dr\u00e1sticamente la cantidad de pat\u00f3genos en el aire.\u00a0<\/p>\n<\/div>\n\n\n\n<div class=\"wp-block-column is-layout-flow wp-block-column-is-layout-flow\" style=\"flex-basis:29.25%\">\n<div class=\"wp-block-media-text alignwide is-vertically-aligned-center\" style=\"grid-template-columns:48% auto\"><figure class=\"wp-block-media-text__media\"><img loading=\"lazy\" decoding=\"async\" width=\"938\" height=\"1024\" src=\"https:\/\/www.filtrationgroupiaq.com\/wp-content\/uploads\/2020\/04\/Series400-938x1024.png\" alt=\"Filtros plisados Serie 400\" class=\"wp-image-2403\" srcset=\"https:\/\/www.filtrationgroupiaq.com\/wp-content\/uploads\/2020\/04\/Series400-938x1024.png 938w, https:\/\/www.filtrationgroupiaq.com\/wp-content\/uploads\/2020\/04\/Series400-275x300.png 275w, https:\/\/www.filtrationgroupiaq.com\/wp-content\/uploads\/2020\/04\/Series400-768x839.png 768w, https:\/\/www.filtrationgroupiaq.com\/wp-content\/uploads\/2020\/04\/Series400.png 1013w\" sizes=\"auto, (max-width: 938px) 100vw, 938px\" \/><\/figure><div class=\"wp-block-media-text__content\">\n<p class=\"has-normal-font-size\"><strong>Filtros plisados<\/strong>  <strong>de gran capacidad Serie 400    <\/strong> <\/p>\n\n\n\n<p class=\"has-normal-font-size\">MERV 10    <\/p>\n\n\n\n<div class=\"wp-block-button\"><a class=\"wp-block-button__link\" href=\"https:\/\/www.filtrationgroupiaq.com\/es\/serie-400\/\">ver m\u00e1s<\/a><\/div>\n\n\n\n<div style=\"height:46px\" aria-hidden=\"true\" class=\"wp-block-spacer\"><\/div>\n<\/div><\/div>\n\n\n\n<div class=\"wp-block-media-text alignwide is-vertically-aligned-center\" style=\"grid-template-columns:47% auto\"><figure class=\"wp-block-media-text__media\"><img loading=\"lazy\" decoding=\"async\" width=\"938\" height=\"1024\" src=\"https:\/\/www.filtrationgroupiaq.com\/wp-content\/uploads\/2020\/04\/nexfil-938x1024.png\" alt=\"Filtro miniplisado merv 15 Nexfil\" class=\"wp-image-2408\" srcset=\"https:\/\/www.filtrationgroupiaq.com\/wp-content\/uploads\/2020\/04\/nexfil-938x1024.png 938w, https:\/\/www.filtrationgroupiaq.com\/wp-content\/uploads\/2020\/04\/nexfil-275x300.png 275w, https:\/\/www.filtrationgroupiaq.com\/wp-content\/uploads\/2020\/04\/nexfil-768x839.png 768w, https:\/\/www.filtrationgroupiaq.com\/wp-content\/uploads\/2020\/04\/nexfil.png 1013w\" sizes=\"auto, (max-width: 938px) 100vw, 938px\" \/><\/figure><div class=\"wp-block-media-text__content\">\n<p class=\"has-normal-font-size\"><strong>Nexfil<\/strong><\/p>\n\n\n\n<p class=\"has-normal-font-size\">MERV 15     <\/p>\n\n\n\n<div class=\"wp-block-button\"><a class=\"wp-block-button__link\" href=\"https:\/\/www.filtrationgroupiaq.com\/es\/nexfil\/\">ver m\u00e1s<\/a><\/div>\n<\/div><\/div>\n<\/div>\n\n\n\n<div class=\"wp-block-column is-layout-flow wp-block-column-is-layout-flow\" style=\"flex-basis:48%\">\n<div class=\"wp-block-media-text alignwide\" style=\"grid-template-columns:29% auto\"><figure class=\"wp-block-media-text__media\"><img loading=\"lazy\" decoding=\"async\" width=\"938\" height=\"1024\" src=\"https:\/\/www.filtrationgroupiaq.com\/wp-content\/uploads\/2020\/04\/greenpleat-938x1024.png\" alt=\"greenpleat\" class=\"wp-image-2405\" srcset=\"https:\/\/www.filtrationgroupiaq.com\/wp-content\/uploads\/2020\/04\/greenpleat-938x1024.png 938w, https:\/\/www.filtrationgroupiaq.com\/wp-content\/uploads\/2020\/04\/greenpleat-275x300.png 275w, https:\/\/www.filtrationgroupiaq.com\/wp-content\/uploads\/2020\/04\/greenpleat-768x839.png 768w, https:\/\/www.filtrationgroupiaq.com\/wp-content\/uploads\/2020\/04\/greenpleat.png 1013w\" sizes=\"auto, (max-width: 938px) 100vw, 938px\" \/><\/figure><div class=\"wp-block-media-text__content\">\n<p class=\"has-normal-font-size\"><\/p>\n\n\n\n<p class=\"has-normal-font-size\"><strong>GreenPleat<\/strong><\/p>\n\n\n\n<p>MERV 13<\/p>\n\n\n\n<div class=\"wp-block-button\"><a class=\"wp-block-button__link\" href=\"https:\/\/www.filtrationgroupiaq.com\/es\/productos\/filtros-de-aire\/filtros-de-aire-plisados\/filtro-green-pleat-merv-13\/\">ver m\u00e1s<\/a><\/div>\n\n\n\n<div style=\"height:43px\" aria-hidden=\"true\" class=\"wp-block-spacer\"><\/div>\n<\/div><\/div>\n\n\n\n<div class=\"wp-block-media-text alignwide\" style=\"grid-template-columns:29% auto\"><figure class=\"wp-block-media-text__media\"><img loading=\"lazy\" decoding=\"async\" width=\"938\" height=\"1024\" src=\"https:\/\/www.filtrationgroupiaq.com\/wp-content\/uploads\/2020\/04\/stand-alone-solution-938x1024.png\" alt=\"soluci\u00f3n aut\u00f3noma para un aire de calidad en interiores\" class=\"wp-image-2410\" srcset=\"https:\/\/www.filtrationgroupiaq.com\/wp-content\/uploads\/2020\/04\/stand-alone-solution-938x1024.png 938w, https:\/\/www.filtrationgroupiaq.com\/wp-content\/uploads\/2020\/04\/stand-alone-solution-275x300.png 275w, https:\/\/www.filtrationgroupiaq.com\/wp-content\/uploads\/2020\/04\/stand-alone-solution-768x839.png 768w, https:\/\/www.filtrationgroupiaq.com\/wp-content\/uploads\/2020\/04\/stand-alone-solution.png 1013w\" sizes=\"auto, (max-width: 938px) 100vw, 938px\" \/><\/figure><div class=\"wp-block-media-text__content\">\n<p class=\"has-normal-font-size\"><strong>Soluci\u00f3n aut\u00f3noma adem\u00e1s de climatizaci\u00f3n<\/strong>: Purashield 1000 &amp; sistema Hepa Phoenix Guardian<\/p>\n\n\n\n<div class=\"wp-block-button\"><a class=\"wp-block-button__link\" href=\"\/contact\/\">Cont\u00e1ctenos<\/a><\/div>\n\n\n\n<div style=\"height:43px\" aria-hidden=\"true\" class=\"wp-block-spacer\"><\/div>\n<\/div><\/div>\n<\/div>\n<\/div>\n\n<div class=\"wp-block-media-text alignwide is-stacked-on-mobile grayblock\" style=\"grid-template-columns:41% auto\"><figure class=\"wp-block-media-text__media\"><img loading=\"lazy\" decoding=\"async\" width=\"1024\" height=\"635\" src=\"https:\/\/www.filtrationgroupiaq.com\/wp-content\/uploads\/2020\/05\/IndoorAirHygiene.com_-1024x635.jpg\" alt=\"\" class=\"wp-image-6628\" srcset=\"https:\/\/www.filtrationgroupiaq.com\/wp-content\/uploads\/2020\/05\/IndoorAirHygiene.com_-1024x635.jpg 1024w, https:\/\/www.filtrationgroupiaq.com\/wp-content\/uploads\/2020\/05\/IndoorAirHygiene.com_-300x186.jpg 300w, https:\/\/www.filtrationgroupiaq.com\/wp-content\/uploads\/2020\/05\/IndoorAirHygiene.com_-768x477.jpg 768w, https:\/\/www.filtrationgroupiaq.com\/wp-content\/uploads\/2020\/05\/IndoorAirHygiene.com_.jpg 1083w\" sizes=\"auto, (max-width: 1024px) 100vw, 1024px\" \/><\/figure><div class=\"wp-block-media-text__content\">\n<p><\/p>\n\n\n\n<h3 class=\"wp-block-heading\"><strong>\u00bfLE PREOCUPA REABRIR SU NEGOCIO?<\/strong><\/h3>\n\n\n\n<p><strong><a href=\"http:\/\/indoorairhygiene.com\/\">INDOORAIRHYGIENE.COM<\/a><\/strong>\u00a0es un centro de recursos gratuito cortes\u00eda de FG IAQ, del Grupo Filtration Group y Madison Industries.<\/p>\n\n\n\n<div class=\"wp-block-button is-style-outline is-style-outline--1\"><a class=\"wp-block-button__link has-text-color has-blue-color has-background has-white-background-color\" href=\"http:\/\/www.indoorairhygiene.com\">Visite el Centro de recursos<\/a><\/div>\n\n\n\n<p><\/p>\n<\/div><\/div>\n","protected":false},"excerpt":{"rendered":"<p>GERI\u00c1TRICOS Puesto que la COVID-19\u00a0se extendi\u00f3 por todo el mundo, resulta esencial garantizar que los sistemas de climatizaci\u00f3n no ayuden a trasmitir enfermedades a trav\u00e9s del aire. Es de suma importancia asegurar los edificios que albergan grupos en edades de alto riesgo, quienes suelen estar inmunodeprimidos por sus afecciones de salud. A medida que vamos [&hellip;]<\/p>\n","protected":false},"author":6,"featured_media":7193,"parent":7055,"menu_order":0,"comment_status":"closed","ping_status":"closed","template":"","meta":{"_acf_changed":false,"footnotes":""},"class_list":["post-7190","page","type-page","status-publish","has-post-thumbnail","hentry"],"acf":[],"yoast_head":"<!-- This site is optimized with the Yoast SEO plugin v27.3 - https:\/\/yoast.com\/product\/yoast-seo-wordpress\/ -->\n<title>Geri\u00e1tricos - Filtration Group- IAQ<\/title>\n<meta name=\"robots\" content=\"index, follow, max-snippet:-1, max-image-preview:large, max-video-preview:-1\" \/>\n<link rel=\"canonical\" href=\"https:\/\/www.filtrationgroupiaq.com\/es\/aplicaciones\/geriatricos\/\" \/>\n<meta property=\"og:locale\" content=\"es_ES\" \/>\n<meta property=\"og:type\" content=\"article\" \/>\n<meta property=\"og:title\" content=\"Geri\u00e1tricos - Filtration Group- IAQ\" \/>\n<meta property=\"og:description\" content=\"GERI\u00c1TRICOS Puesto que la COVID-19\u00a0se extendi\u00f3 por todo el mundo, resulta esencial garantizar que los sistemas de climatizaci\u00f3n no ayuden a trasmitir enfermedades a trav\u00e9s del aire. Es de suma importancia asegurar los edificios que albergan grupos en edades de alto riesgo, quienes suelen estar inmunodeprimidos por sus afecciones de salud. A medida que vamos [&hellip;]\" \/>\n<meta property=\"og:url\" content=\"https:\/\/www.filtrationgroupiaq.com\/es\/aplicaciones\/geriatricos\/\" \/>\n<meta property=\"og:site_name\" content=\"Filtration Group- IAQ\" \/>\n<meta property=\"article:modified_time\" content=\"2021-02-24T17:04:48+00:00\" \/>\n<meta property=\"og:image\" content=\"https:\/\/www.filtrationgroupiaq.com\/wp-content\/uploads\/2020\/04\/753846172-huge-scaled.jpg\" \/>\n\t<meta property=\"og:image:width\" content=\"2560\" \/>\n\t<meta property=\"og:image:height\" content=\"1707\" \/>\n\t<meta property=\"og:image:type\" content=\"image\/jpeg\" \/>\n<meta name=\"twitter:card\" content=\"summary_large_image\" \/>\n<meta name=\"twitter:label1\" content=\"Tiempo de lectura\" \/>\n\t<meta name=\"twitter:data1\" content=\"2 minutos\" \/>\n<script type=\"application\/ld+json\" class=\"yoast-schema-graph\">{\"@context\":\"https:\\\/\\\/schema.org\",\"@graph\":[{\"@type\":\"WebPage\",\"@id\":\"https:\\\/\\\/www.filtrationgroupiaq.com\\\/es\\\/aplicaciones\\\/geriatricos\\\/\",\"url\":\"https:\\\/\\\/www.filtrationgroupiaq.com\\\/es\\\/aplicaciones\\\/geriatricos\\\/\",\"name\":\"Geri\u00e1tricos - Filtration Group- IAQ\",\"isPartOf\":{\"@id\":\"https:\\\/\\\/www.filtrationgroupiaq.com\\\/es\\\/#website\"},\"primaryImageOfPage\":{\"@id\":\"https:\\\/\\\/www.filtrationgroupiaq.com\\\/es\\\/aplicaciones\\\/geriatricos\\\/#primaryimage\"},\"image\":{\"@id\":\"https:\\\/\\\/www.filtrationgroupiaq.com\\\/es\\\/aplicaciones\\\/geriatricos\\\/#primaryimage\"},\"thumbnailUrl\":\"https:\\\/\\\/www.filtrationgroupiaq.com\\\/wp-content\\\/uploads\\\/2020\\\/04\\\/753846172-huge-scaled.jpg\",\"datePublished\":\"2021-02-24T17:04:41+00:00\",\"dateModified\":\"2021-02-24T17:04:48+00:00\",\"breadcrumb\":{\"@id\":\"https:\\\/\\\/www.filtrationgroupiaq.com\\\/es\\\/aplicaciones\\\/geriatricos\\\/#breadcrumb\"},\"inLanguage\":\"es\",\"potentialAction\":[{\"@type\":\"ReadAction\",\"target\":[\"https:\\\/\\\/www.filtrationgroupiaq.com\\\/es\\\/aplicaciones\\\/geriatricos\\\/\"]}]},{\"@type\":\"ImageObject\",\"inLanguage\":\"es\",\"@id\":\"https:\\\/\\\/www.filtrationgroupiaq.com\\\/es\\\/aplicaciones\\\/geriatricos\\\/#primaryimage\",\"url\":\"https:\\\/\\\/www.filtrationgroupiaq.com\\\/wp-content\\\/uploads\\\/2020\\\/04\\\/753846172-huge-scaled.jpg\",\"contentUrl\":\"https:\\\/\\\/www.filtrationgroupiaq.com\\\/wp-content\\\/uploads\\\/2020\\\/04\\\/753846172-huge-scaled.jpg\",\"width\":2560,\"height\":1707},{\"@type\":\"BreadcrumbList\",\"@id\":\"https:\\\/\\\/www.filtrationgroupiaq.com\\\/es\\\/aplicaciones\\\/geriatricos\\\/#breadcrumb\",\"itemListElement\":[{\"@type\":\"ListItem\",\"position\":1,\"name\":\"\",\"item\":\"https:\\\/\\\/www.filtrationgroupiaq.com\\\/es\\\/\"},{\"@type\":\"ListItem\",\"position\":2,\"name\":\"Aplicaciones\",\"item\":\"https:\\\/\\\/www.filtrationgroupiaq.com\\\/es\\\/aplicaciones\\\/\"},{\"@type\":\"ListItem\",\"position\":3,\"name\":\"Geri\u00e1tricos\"}]},{\"@type\":\"WebSite\",\"@id\":\"https:\\\/\\\/www.filtrationgroupiaq.com\\\/es\\\/#website\",\"url\":\"https:\\\/\\\/www.filtrationgroupiaq.com\\\/es\\\/\",\"name\":\"Filtration Group- IAQ\",\"description\":\"Making the World Safer, Healthier and More Productive\",\"publisher\":{\"@id\":\"https:\\\/\\\/www.filtrationgroupiaq.com\\\/es\\\/#organization\"},\"potentialAction\":[{\"@type\":\"SearchAction\",\"target\":{\"@type\":\"EntryPoint\",\"urlTemplate\":\"https:\\\/\\\/www.filtrationgroupiaq.com\\\/es\\\/?s={search_term_string}\"},\"query-input\":{\"@type\":\"PropertyValueSpecification\",\"valueRequired\":true,\"valueName\":\"search_term_string\"}}],\"inLanguage\":\"es\"},{\"@type\":\"Organization\",\"@id\":\"https:\\\/\\\/www.filtrationgroupiaq.com\\\/es\\\/#organization\",\"name\":\"Filtration Group\",\"url\":\"https:\\\/\\\/www.filtrationgroupiaq.com\\\/es\\\/\",\"logo\":{\"@type\":\"ImageObject\",\"inLanguage\":\"es\",\"@id\":\"https:\\\/\\\/www.filtrationgroupiaq.com\\\/es\\\/#\\\/schema\\\/logo\\\/image\\\/\",\"url\":\"https:\\\/\\\/www.filtrationgroupiaq.com\\\/wp-content\\\/uploads\\\/2019\\\/06\\\/FGC-logo-1.png\",\"contentUrl\":\"https:\\\/\\\/www.filtrationgroupiaq.com\\\/wp-content\\\/uploads\\\/2019\\\/06\\\/FGC-logo-1.png\",\"width\":1104,\"height\":224,\"caption\":\"Filtration Group\"},\"image\":{\"@id\":\"https:\\\/\\\/www.filtrationgroupiaq.com\\\/es\\\/#\\\/schema\\\/logo\\\/image\\\/\"},\"sameAs\":[\"https:\\\/\\\/www.linkedin.com\\\/company\\\/11857850\\\/\"]}]}<\/script>\n<!-- \/ Yoast SEO plugin. -->","yoast_head_json":{"title":"Geri\u00e1tricos - Filtration Group- IAQ","robots":{"index":"index","follow":"follow","max-snippet":"max-snippet:-1","max-image-preview":"max-image-preview:large","max-video-preview":"max-video-preview:-1"},"canonical":"https:\/\/www.filtrationgroupiaq.com\/es\/aplicaciones\/geriatricos\/","og_locale":"es_ES","og_type":"article","og_title":"Geri\u00e1tricos - Filtration Group- IAQ","og_description":"GERI\u00c1TRICOS Puesto que la COVID-19\u00a0se extendi\u00f3 por todo el mundo, resulta esencial garantizar que los sistemas de climatizaci\u00f3n no ayuden a trasmitir enfermedades a trav\u00e9s del aire. Es de suma importancia asegurar los edificios que albergan grupos en edades de alto riesgo, quienes suelen estar inmunodeprimidos por sus afecciones de salud. A medida que vamos [&hellip;]","og_url":"https:\/\/www.filtrationgroupiaq.com\/es\/aplicaciones\/geriatricos\/","og_site_name":"Filtration Group- IAQ","article_modified_time":"2021-02-24T17:04:48+00:00","og_image":[{"width":2560,"height":1707,"url":"https:\/\/www.filtrationgroupiaq.com\/wp-content\/uploads\/2020\/04\/753846172-huge-scaled.jpg","type":"image\/jpeg"}],"twitter_card":"summary_large_image","twitter_misc":{"Tiempo de lectura":"2 minutos"},"schema":{"@context":"https:\/\/schema.org","@graph":[{"@type":"WebPage","@id":"https:\/\/www.filtrationgroupiaq.com\/es\/aplicaciones\/geriatricos\/","url":"https:\/\/www.filtrationgroupiaq.com\/es\/aplicaciones\/geriatricos\/","name":"Geri\u00e1tricos - Filtration Group- IAQ","isPartOf":{"@id":"https:\/\/www.filtrationgroupiaq.com\/es\/#website"},"primaryImageOfPage":{"@id":"https:\/\/www.filtrationgroupiaq.com\/es\/aplicaciones\/geriatricos\/#primaryimage"},"image":{"@id":"https:\/\/www.filtrationgroupiaq.com\/es\/aplicaciones\/geriatricos\/#primaryimage"},"thumbnailUrl":"https:\/\/www.filtrationgroupiaq.com\/wp-content\/uploads\/2020\/04\/753846172-huge-scaled.jpg","datePublished":"2021-02-24T17:04:41+00:00","dateModified":"2021-02-24T17:04:48+00:00","breadcrumb":{"@id":"https:\/\/www.filtrationgroupiaq.com\/es\/aplicaciones\/geriatricos\/#breadcrumb"},"inLanguage":"es","potentialAction":[{"@type":"ReadAction","target":["https:\/\/www.filtrationgroupiaq.com\/es\/aplicaciones\/geriatricos\/"]}]},{"@type":"ImageObject","inLanguage":"es","@id":"https:\/\/www.filtrationgroupiaq.com\/es\/aplicaciones\/geriatricos\/#primaryimage","url":"https:\/\/www.filtrationgroupiaq.com\/wp-content\/uploads\/2020\/04\/753846172-huge-scaled.jpg","contentUrl":"https:\/\/www.filtrationgroupiaq.com\/wp-content\/uploads\/2020\/04\/753846172-huge-scaled.jpg","width":2560,"height":1707},{"@type":"BreadcrumbList","@id":"https:\/\/www.filtrationgroupiaq.com\/es\/aplicaciones\/geriatricos\/#breadcrumb","itemListElement":[{"@type":"ListItem","position":1,"name":"","item":"https:\/\/www.filtrationgroupiaq.com\/es\/"},{"@type":"ListItem","position":2,"name":"Aplicaciones","item":"https:\/\/www.filtrationgroupiaq.com\/es\/aplicaciones\/"},{"@type":"ListItem","position":3,"name":"Geri\u00e1tricos"}]},{"@type":"WebSite","@id":"https:\/\/www.filtrationgroupiaq.com\/es\/#website","url":"https:\/\/www.filtrationgroupiaq.com\/es\/","name":"Filtration Group- IAQ","description":"Making the World Safer, Healthier and More Productive","publisher":{"@id":"https:\/\/www.filtrationgroupiaq.com\/es\/#organization"},"potentialAction":[{"@type":"SearchAction","target":{"@type":"EntryPoint","urlTemplate":"https:\/\/www.filtrationgroupiaq.com\/es\/?s={search_term_string}"},"query-input":{"@type":"PropertyValueSpecification","valueRequired":true,"valueName":"search_term_string"}}],"inLanguage":"es"},{"@type":"Organization","@id":"https:\/\/www.filtrationgroupiaq.com\/es\/#organization","name":"Filtration Group","url":"https:\/\/www.filtrationgroupiaq.com\/es\/","logo":{"@type":"ImageObject","inLanguage":"es","@id":"https:\/\/www.filtrationgroupiaq.com\/es\/#\/schema\/logo\/image\/","url":"https:\/\/www.filtrationgroupiaq.com\/wp-content\/uploads\/2019\/06\/FGC-logo-1.png","contentUrl":"https:\/\/www.filtrationgroupiaq.com\/wp-content\/uploads\/2019\/06\/FGC-logo-1.png","width":1104,"height":224,"caption":"Filtration Group"},"image":{"@id":"https:\/\/www.filtrationgroupiaq.com\/es\/#\/schema\/logo\/image\/"},"sameAs":["https:\/\/www.linkedin.com\/company\/11857850\/"]}]}},"_links":{"self":[{"href":"https:\/\/www.filtrationgroupiaq.com\/es\/wp-json\/wp\/v2\/pages\/7190","targetHints":{"allow":["GET"]}}],"collection":[{"href":"https:\/\/www.filtrationgroupiaq.com\/es\/wp-json\/wp\/v2\/pages"}],"about":[{"href":"https:\/\/www.filtrationgroupiaq.com\/es\/wp-json\/wp\/v2\/types\/page"}],"author":[{"embeddable":true,"href":"https:\/\/www.filtrationgroupiaq.com\/es\/wp-json\/wp\/v2\/users\/6"}],"replies":[{"embeddable":true,"href":"https:\/\/www.filtrationgroupiaq.com\/es\/wp-json\/wp\/v2\/comments?post=7190"}],"version-history":[{"count":0,"href":"https:\/\/www.filtrationgroupiaq.com\/es\/wp-json\/wp\/v2\/pages\/7190\/revisions"}],"up":[{"embeddable":true,"href":"https:\/\/www.filtrationgroupiaq.com\/es\/wp-json\/wp\/v2\/pages\/7055"}],"wp:featuredmedia":[{"embeddable":true,"href":"https:\/\/www.filtrationgroupiaq.com\/es\/wp-json\/wp\/v2\/media\/7193"}],"wp:attachment":[{"href":"https:\/\/www.filtrationgroupiaq.com\/es\/wp-json\/wp\/v2\/media?parent=7190"}],"curies":[{"name":"wp","href":"https:\/\/api.w.org\/{rel}","templated":true}]}}