{"id":7411,"date":"2021-03-12T13:04:17","date_gmt":"2021-03-12T18:04:17","guid":{"rendered":"https:\/\/www.filtrationgroupiaq.com\/acerca-de-nosotros\/nuestra-mision\/"},"modified":"2021-03-12T13:04:20","modified_gmt":"2021-03-12T18:04:20","slug":"nuestra-mision","status":"publish","type":"page","link":"https:\/\/www.filtrationgroupiaq.com\/es\/acerca-de-nosotros\/nuestra-mision\/","title":{"rendered":"Nuestra misi\u00f3n"},"content":{"rendered":"\n<div class=\"wp-block-cover alignfull has-background-dim-10 has-black-background-color has-background-dim hero-small\" style=\"background-image:url(https:\/\/www.filtrationgroupiaq.com\/wp-content\/uploads\/2020\/07\/banner-web7-3.png);background-position:20% 20%;min-height:324px;aspect-ratio:unset;\"><div class=\"wp-block-cover__inner-container is-layout-flow wp-block-cover-is-layout-flow\">\n<p style=\"font-size:45px\" class=\"has-text-align-center\"><strong>Nuestra misi\u00f3n<\/strong><\/p>\n<\/div><\/div>\n\n<div class=\"wp-block-media-text alignwide is-stacked-on-mobile\"><figure class=\"wp-block-media-text__media\"><img loading=\"lazy\" decoding=\"async\" width=\"945\" height=\"636\" src=\"https:\/\/www.filtrationgroupiaq.com\/wp-content\/uploads\/2019\/11\/safer.jpg\" alt=\"M\u00e1s seguro\" class=\"wp-image-7413\" srcset=\"https:\/\/www.filtrationgroupiaq.com\/wp-content\/uploads\/2019\/11\/safer.jpg 945w, https:\/\/www.filtrationgroupiaq.com\/wp-content\/uploads\/2019\/11\/safer-300x202.jpg 300w, https:\/\/www.filtrationgroupiaq.com\/wp-content\/uploads\/2019\/11\/safer-768x517.jpg 768w, https:\/\/www.filtrationgroupiaq.com\/wp-content\/uploads\/2019\/11\/safer-272x182.jpg 272w\" sizes=\"auto, (max-width: 945px) 100vw, 945px\" \/><\/figure><div class=\"wp-block-media-text__content\">\n<h3 class=\"wp-block-heading\">M\u00e1s seguro<\/h3>\n\n\n\n<p>Para el a\u00f1o 2050, habr\u00e1 de 2300\u00a0millones de personas m\u00e1s en la tierra. La necesidad de alimentos y de acceso a agua potable aumentar\u00e1, junto con la demanda de atenci\u00f3n sanitaria y de una mejor tecnolog\u00eda m\u00e9dica.<\/p>\n<\/div><\/div>\n\n<div class=\"wp-block-media-text alignwide has-media-on-the-right is-stacked-on-mobile\"><figure class=\"wp-block-media-text__media\"><img loading=\"lazy\" decoding=\"async\" width=\"1024\" height=\"674\" src=\"https:\/\/www.filtrationgroupiaq.com\/wp-content\/uploads\/2019\/11\/healthier-1024x674.jpg\" alt=\"M\u00e1s saludable\" class=\"wp-image-563\" srcset=\"https:\/\/www.filtrationgroupiaq.com\/wp-content\/uploads\/2019\/11\/healthier-1024x674.jpg 1024w, https:\/\/www.filtrationgroupiaq.com\/wp-content\/uploads\/2019\/11\/healthier-300x197.jpg 300w, https:\/\/www.filtrationgroupiaq.com\/wp-content\/uploads\/2019\/11\/healthier-768x506.jpg 768w, https:\/\/www.filtrationgroupiaq.com\/wp-content\/uploads\/2019\/11\/healthier.jpg 1109w\" sizes=\"auto, (max-width: 1024px) 100vw, 1024px\" \/><\/figure><div class=\"wp-block-media-text__content\">\n<h3 class=\"wp-block-heading\">M\u00e1s saludable<\/h3>\n\n\n\n<p>La calidad del aire en aeropuertos, f\u00e1bricas y centrales el\u00e9ctricas suele ser poco saludable. Los nuevos est\u00e1ndares ayudar\u00e1n pronto a disminuir la contaminaci\u00f3n mundial de carbono en 470 a 700\u00a0millones de toneladas y producir\u00e1n aire m\u00e1s limpio y saludable.<\/p>\n<\/div><\/div>\n\n<div class=\"wp-block-media-text alignwide is-stacked-on-mobile\"><figure class=\"wp-block-media-text__media\"><img loading=\"lazy\" decoding=\"async\" width=\"1024\" height=\"691\" src=\"https:\/\/www.filtrationgroupiaq.com\/wp-content\/uploads\/2019\/11\/more-productive-1024x691.jpg\" alt=\"M\u00e1s productivo\" class=\"wp-image-565\" srcset=\"https:\/\/www.filtrationgroupiaq.com\/wp-content\/uploads\/2019\/11\/more-productive-1024x691.jpg 1024w, https:\/\/www.filtrationgroupiaq.com\/wp-content\/uploads\/2019\/11\/more-productive-300x203.jpg 300w, https:\/\/www.filtrationgroupiaq.com\/wp-content\/uploads\/2019\/11\/more-productive-768x519.jpg 768w, https:\/\/www.filtrationgroupiaq.com\/wp-content\/uploads\/2019\/11\/more-productive.jpg 1650w\" sizes=\"auto, (max-width: 1024px) 100vw, 1024px\" \/><\/figure><div class=\"wp-block-media-text__content\">\n<h3 class=\"wp-block-heading\">M\u00e1s productivo<\/h3>\n\n\n\n<p>Cuanto m\u00e1s eficiente sea el proceso, m\u00e1s productivas y rentables pueden ser las empresas. Los per\u00edodos de inactividad provocados por fallas en los equipos cuestan tiempo y dinero y pueden generar entornos laborales inseguros. Trabajamos de forma estrecha con nuestros clientes para dise\u00f1ar, probar y fabricar soluciones que mejoren la eficiencia y la productividad.<\/p>\n<\/div><\/div>\n","protected":false},"excerpt":{"rendered":"<p>M\u00e1s seguro Para el a\u00f1o 2050, habr\u00e1 de 2300\u00a0millones de personas m\u00e1s en la tierra. La necesidad de alimentos y de acceso a agua potable aumentar\u00e1, junto con la demanda de atenci\u00f3n sanitaria y de una mejor tecnolog\u00eda m\u00e9dica. M\u00e1s saludable La calidad del aire en aeropuertos, f\u00e1bricas y centrales el\u00e9ctricas suele ser poco saludable. [&hellip;]<\/p>\n","protected":false},"author":3,"featured_media":0,"parent":6970,"menu_order":0,"comment_status":"closed","ping_status":"closed","template":"","meta":{"_acf_changed":false,"footnotes":""},"class_list":["post-7411","page","type-page","status-publish","hentry"],"acf":[],"yoast_head":"<!-- This site is optimized with the Yoast SEO plugin v27.3 - https:\/\/yoast.com\/product\/yoast-seo-wordpress\/ -->\n<title>Nuestra misi\u00f3n - Filtration Group- IAQ<\/title>\n<meta name=\"robots\" content=\"index, follow, max-snippet:-1, max-image-preview:large, max-video-preview:-1\" \/>\n<link rel=\"canonical\" href=\"https:\/\/www.filtrationgroupiaq.com\/es\/acerca-de-nosotros\/nuestra-mision\/\" \/>\n<meta property=\"og:locale\" content=\"es_ES\" \/>\n<meta property=\"og:type\" content=\"article\" \/>\n<meta property=\"og:title\" content=\"Nuestra misi\u00f3n - Filtration Group- IAQ\" \/>\n<meta property=\"og:description\" content=\"M\u00e1s seguro Para el a\u00f1o 2050, habr\u00e1 de 2300\u00a0millones de personas m\u00e1s en la tierra. La necesidad de alimentos y de acceso a agua potable aumentar\u00e1, junto con la demanda de atenci\u00f3n sanitaria y de una mejor tecnolog\u00eda m\u00e9dica. M\u00e1s saludable La calidad del aire en aeropuertos, f\u00e1bricas y centrales el\u00e9ctricas suele ser poco saludable. [&hellip;]\" \/>\n<meta property=\"og:url\" content=\"https:\/\/www.filtrationgroupiaq.com\/es\/acerca-de-nosotros\/nuestra-mision\/\" \/>\n<meta property=\"og:site_name\" content=\"Filtration Group- IAQ\" \/>\n<meta property=\"article:modified_time\" content=\"2021-03-12T18:04:20+00:00\" \/>\n<meta property=\"og:image\" content=\"https:\/\/www.filtrationgroupiaq.com\/wp-content\/uploads\/2019\/11\/safer.jpg\" \/>\n<meta name=\"twitter:card\" content=\"summary_large_image\" \/>\n<meta name=\"twitter:label1\" content=\"Tiempo de lectura\" \/>\n\t<meta name=\"twitter:data1\" content=\"1 minuto\" \/>\n<script type=\"application\/ld+json\" class=\"yoast-schema-graph\">{\"@context\":\"https:\\\/\\\/schema.org\",\"@graph\":[{\"@type\":\"WebPage\",\"@id\":\"https:\\\/\\\/www.filtrationgroupiaq.com\\\/es\\\/acerca-de-nosotros\\\/nuestra-mision\\\/\",\"url\":\"https:\\\/\\\/www.filtrationgroupiaq.com\\\/es\\\/acerca-de-nosotros\\\/nuestra-mision\\\/\",\"name\":\"Nuestra misi\u00f3n - Filtration Group- IAQ\",\"isPartOf\":{\"@id\":\"https:\\\/\\\/www.filtrationgroupiaq.com\\\/es\\\/#website\"},\"primaryImageOfPage\":{\"@id\":\"https:\\\/\\\/www.filtrationgroupiaq.com\\\/es\\\/acerca-de-nosotros\\\/nuestra-mision\\\/#primaryimage\"},\"image\":{\"@id\":\"https:\\\/\\\/www.filtrationgroupiaq.com\\\/es\\\/acerca-de-nosotros\\\/nuestra-mision\\\/#primaryimage\"},\"thumbnailUrl\":\"https:\\\/\\\/www.filtrationgroupiaq.com\\\/wp-content\\\/uploads\\\/2019\\\/11\\\/safer.jpg\",\"datePublished\":\"2021-03-12T18:04:17+00:00\",\"dateModified\":\"2021-03-12T18:04:20+00:00\",\"breadcrumb\":{\"@id\":\"https:\\\/\\\/www.filtrationgroupiaq.com\\\/es\\\/acerca-de-nosotros\\\/nuestra-mision\\\/#breadcrumb\"},\"inLanguage\":\"es\",\"potentialAction\":[{\"@type\":\"ReadAction\",\"target\":[\"https:\\\/\\\/www.filtrationgroupiaq.com\\\/es\\\/acerca-de-nosotros\\\/nuestra-mision\\\/\"]}]},{\"@type\":\"ImageObject\",\"inLanguage\":\"es\",\"@id\":\"https:\\\/\\\/www.filtrationgroupiaq.com\\\/es\\\/acerca-de-nosotros\\\/nuestra-mision\\\/#primaryimage\",\"url\":\"https:\\\/\\\/www.filtrationgroupiaq.com\\\/wp-content\\\/uploads\\\/2019\\\/11\\\/safer.jpg\",\"contentUrl\":\"https:\\\/\\\/www.filtrationgroupiaq.com\\\/wp-content\\\/uploads\\\/2019\\\/11\\\/safer.jpg\"},{\"@type\":\"BreadcrumbList\",\"@id\":\"https:\\\/\\\/www.filtrationgroupiaq.com\\\/es\\\/acerca-de-nosotros\\\/nuestra-mision\\\/#breadcrumb\",\"itemListElement\":[{\"@type\":\"ListItem\",\"position\":1,\"name\":\"\",\"item\":\"https:\\\/\\\/www.filtrationgroupiaq.com\\\/es\\\/\"},{\"@type\":\"ListItem\",\"position\":2,\"name\":\"Acerca de nosotros\",\"item\":\"https:\\\/\\\/www.filtrationgroupiaq.com\\\/es\\\/acerca-de-nosotros\\\/\"},{\"@type\":\"ListItem\",\"position\":3,\"name\":\"Nuestra misi\u00f3n\"}]},{\"@type\":\"WebSite\",\"@id\":\"https:\\\/\\\/www.filtrationgroupiaq.com\\\/es\\\/#website\",\"url\":\"https:\\\/\\\/www.filtrationgroupiaq.com\\\/es\\\/\",\"name\":\"Filtration Group- IAQ\",\"description\":\"Making the World Safer, Healthier and More Productive\",\"publisher\":{\"@id\":\"https:\\\/\\\/www.filtrationgroupiaq.com\\\/es\\\/#organization\"},\"potentialAction\":[{\"@type\":\"SearchAction\",\"target\":{\"@type\":\"EntryPoint\",\"urlTemplate\":\"https:\\\/\\\/www.filtrationgroupiaq.com\\\/es\\\/?s={search_term_string}\"},\"query-input\":{\"@type\":\"PropertyValueSpecification\",\"valueRequired\":true,\"valueName\":\"search_term_string\"}}],\"inLanguage\":\"es\"},{\"@type\":\"Organization\",\"@id\":\"https:\\\/\\\/www.filtrationgroupiaq.com\\\/es\\\/#organization\",\"name\":\"Filtration Group\",\"url\":\"https:\\\/\\\/www.filtrationgroupiaq.com\\\/es\\\/\",\"logo\":{\"@type\":\"ImageObject\",\"inLanguage\":\"es\",\"@id\":\"https:\\\/\\\/www.filtrationgroupiaq.com\\\/es\\\/#\\\/schema\\\/logo\\\/image\\\/\",\"url\":\"https:\\\/\\\/www.filtrationgroupiaq.com\\\/wp-content\\\/uploads\\\/2019\\\/06\\\/FGC-logo-1.png\",\"contentUrl\":\"https:\\\/\\\/www.filtrationgroupiaq.com\\\/wp-content\\\/uploads\\\/2019\\\/06\\\/FGC-logo-1.png\",\"width\":1104,\"height\":224,\"caption\":\"Filtration Group\"},\"image\":{\"@id\":\"https:\\\/\\\/www.filtrationgroupiaq.com\\\/es\\\/#\\\/schema\\\/logo\\\/image\\\/\"},\"sameAs\":[\"https:\\\/\\\/www.linkedin.com\\\/company\\\/11857850\\\/\"]}]}<\/script>\n<!-- \/ Yoast SEO plugin. -->","yoast_head_json":{"title":"Nuestra misi\u00f3n - Filtration Group- IAQ","robots":{"index":"index","follow":"follow","max-snippet":"max-snippet:-1","max-image-preview":"max-image-preview:large","max-video-preview":"max-video-preview:-1"},"canonical":"https:\/\/www.filtrationgroupiaq.com\/es\/acerca-de-nosotros\/nuestra-mision\/","og_locale":"es_ES","og_type":"article","og_title":"Nuestra misi\u00f3n - Filtration Group- IAQ","og_description":"M\u00e1s seguro Para el a\u00f1o 2050, habr\u00e1 de 2300\u00a0millones de personas m\u00e1s en la tierra. La necesidad de alimentos y de acceso a agua potable aumentar\u00e1, junto con la demanda de atenci\u00f3n sanitaria y de una mejor tecnolog\u00eda m\u00e9dica. M\u00e1s saludable La calidad del aire en aeropuertos, f\u00e1bricas y centrales el\u00e9ctricas suele ser poco saludable. [&hellip;]","og_url":"https:\/\/www.filtrationgroupiaq.com\/es\/acerca-de-nosotros\/nuestra-mision\/","og_site_name":"Filtration Group- IAQ","article_modified_time":"2021-03-12T18:04:20+00:00","og_image":[{"url":"https:\/\/www.filtrationgroupiaq.com\/wp-content\/uploads\/2019\/11\/safer.jpg","type":"","width":"","height":""}],"twitter_card":"summary_large_image","twitter_misc":{"Tiempo de lectura":"1 minuto"},"schema":{"@context":"https:\/\/schema.org","@graph":[{"@type":"WebPage","@id":"https:\/\/www.filtrationgroupiaq.com\/es\/acerca-de-nosotros\/nuestra-mision\/","url":"https:\/\/www.filtrationgroupiaq.com\/es\/acerca-de-nosotros\/nuestra-mision\/","name":"Nuestra misi\u00f3n - Filtration Group- IAQ","isPartOf":{"@id":"https:\/\/www.filtrationgroupiaq.com\/es\/#website"},"primaryImageOfPage":{"@id":"https:\/\/www.filtrationgroupiaq.com\/es\/acerca-de-nosotros\/nuestra-mision\/#primaryimage"},"image":{"@id":"https:\/\/www.filtrationgroupiaq.com\/es\/acerca-de-nosotros\/nuestra-mision\/#primaryimage"},"thumbnailUrl":"https:\/\/www.filtrationgroupiaq.com\/wp-content\/uploads\/2019\/11\/safer.jpg","datePublished":"2021-03-12T18:04:17+00:00","dateModified":"2021-03-12T18:04:20+00:00","breadcrumb":{"@id":"https:\/\/www.filtrationgroupiaq.com\/es\/acerca-de-nosotros\/nuestra-mision\/#breadcrumb"},"inLanguage":"es","potentialAction":[{"@type":"ReadAction","target":["https:\/\/www.filtrationgroupiaq.com\/es\/acerca-de-nosotros\/nuestra-mision\/"]}]},{"@type":"ImageObject","inLanguage":"es","@id":"https:\/\/www.filtrationgroupiaq.com\/es\/acerca-de-nosotros\/nuestra-mision\/#primaryimage","url":"https:\/\/www.filtrationgroupiaq.com\/wp-content\/uploads\/2019\/11\/safer.jpg","contentUrl":"https:\/\/www.filtrationgroupiaq.com\/wp-content\/uploads\/2019\/11\/safer.jpg"},{"@type":"BreadcrumbList","@id":"https:\/\/www.filtrationgroupiaq.com\/es\/acerca-de-nosotros\/nuestra-mision\/#breadcrumb","itemListElement":[{"@type":"ListItem","position":1,"name":"","item":"https:\/\/www.filtrationgroupiaq.com\/es\/"},{"@type":"ListItem","position":2,"name":"Acerca de nosotros","item":"https:\/\/www.filtrationgroupiaq.com\/es\/acerca-de-nosotros\/"},{"@type":"ListItem","position":3,"name":"Nuestra misi\u00f3n"}]},{"@type":"WebSite","@id":"https:\/\/www.filtrationgroupiaq.com\/es\/#website","url":"https:\/\/www.filtrationgroupiaq.com\/es\/","name":"Filtration Group- IAQ","description":"Making the World Safer, Healthier and More Productive","publisher":{"@id":"https:\/\/www.filtrationgroupiaq.com\/es\/#organization"},"potentialAction":[{"@type":"SearchAction","target":{"@type":"EntryPoint","urlTemplate":"https:\/\/www.filtrationgroupiaq.com\/es\/?s={search_term_string}"},"query-input":{"@type":"PropertyValueSpecification","valueRequired":true,"valueName":"search_term_string"}}],"inLanguage":"es"},{"@type":"Organization","@id":"https:\/\/www.filtrationgroupiaq.com\/es\/#organization","name":"Filtration Group","url":"https:\/\/www.filtrationgroupiaq.com\/es\/","logo":{"@type":"ImageObject","inLanguage":"es","@id":"https:\/\/www.filtrationgroupiaq.com\/es\/#\/schema\/logo\/image\/","url":"https:\/\/www.filtrationgroupiaq.com\/wp-content\/uploads\/2019\/06\/FGC-logo-1.png","contentUrl":"https:\/\/www.filtrationgroupiaq.com\/wp-content\/uploads\/2019\/06\/FGC-logo-1.png","width":1104,"height":224,"caption":"Filtration Group"},"image":{"@id":"https:\/\/www.filtrationgroupiaq.com\/es\/#\/schema\/logo\/image\/"},"sameAs":["https:\/\/www.linkedin.com\/company\/11857850\/"]}]}},"_links":{"self":[{"href":"https:\/\/www.filtrationgroupiaq.com\/es\/wp-json\/wp\/v2\/pages\/7411","targetHints":{"allow":["GET"]}}],"collection":[{"href":"https:\/\/www.filtrationgroupiaq.com\/es\/wp-json\/wp\/v2\/pages"}],"about":[{"href":"https:\/\/www.filtrationgroupiaq.com\/es\/wp-json\/wp\/v2\/types\/page"}],"author":[{"embeddable":true,"href":"https:\/\/www.filtrationgroupiaq.com\/es\/wp-json\/wp\/v2\/users\/3"}],"replies":[{"embeddable":true,"href":"https:\/\/www.filtrationgroupiaq.com\/es\/wp-json\/wp\/v2\/comments?post=7411"}],"version-history":[{"count":0,"href":"https:\/\/www.filtrationgroupiaq.com\/es\/wp-json\/wp\/v2\/pages\/7411\/revisions"}],"up":[{"embeddable":true,"href":"https:\/\/www.filtrationgroupiaq.com\/es\/wp-json\/wp\/v2\/pages\/6970"}],"wp:attachment":[{"href":"https:\/\/www.filtrationgroupiaq.com\/es\/wp-json\/wp\/v2\/media?parent=7411"}],"curies":[{"name":"wp","href":"https:\/\/api.w.org\/{rel}","templated":true}]}}