{"id":7416,"date":"2021-03-12T13:04:17","date_gmt":"2021-03-12T18:04:17","guid":{"rendered":"https:\/\/www.filtrationgroupiaq.com\/aplicaciones\/industrial\/"},"modified":"2021-03-12T13:04:25","modified_gmt":"2021-03-12T18:04:25","slug":"industrial","status":"publish","type":"page","link":"https:\/\/www.filtrationgroupiaq.com\/es\/aplicaciones\/industrial\/","title":{"rendered":"INDUSTRIAL"},"content":{"rendered":"\n<div class=\"wp-block-cover alignfull has-background-dim\" style=\"background-image:url(https:\/\/www.filtrationgroupiaq.com\/wp-content\/uploads\/2020\/12\/store-5619201-scaled.jpg);background-position:52% 66%\"><div class=\"wp-block-cover__inner-container is-layout-flow wp-block-cover-is-layout-flow\">\n<div class=\"wp-block-columns is-layout-flex wp-container-core-columns-is-layout-9d6595d7 wp-block-columns-is-layout-flex\">\n<div class=\"wp-block-column is-layout-flow wp-block-column-is-layout-flow\" style=\"flex-basis:70.6%\">\n<h1 class=\"wp-block-heading\">Soluciones probadas de higiene de aire en interiores\u00a0para instalaciones industriales\u00a0<\/h1>\n\n\n\n<p>Probablemente, controlar las infecciones no haya sido una de las prioridades al dise\u00f1ar el sistema de climatizaci\u00f3n de la mayor\u00eda de las plantas industriales. Sin embargo, si se los configura adecuadamente con la cantidad correcta de aire exterior, el aprovechamiento de los sistemas de renovaci\u00f3n de aire pueden lograr una importante reducci\u00f3n de la transmisi\u00f3n de los pat\u00f3genos transmitidos por aire.<\/p>\n\n\n\n<div class=\"wp-block-buttons is-layout-flex wp-block-buttons-is-layout-flex\">\n<div class=\"wp-block-button\"><a class=\"wp-block-button__link has-green-background-color has-background\" href=\"https:\/\/www.filtrationgroupiaq.com\/wp-content\/uploads\/2020\/10\/FG-IAQ-_-IAH_Industrial-Facilities-Brochure_Back-to-Life_v2.pdf\" target=\"_blank\" rel=\"noreferrer noopener\">Gu\u00eda de soluciones<\/a><\/div>\n<\/div>\n\n\n\n<p><\/p>\n<\/div>\n\n\n\n<div class=\"wp-block-column is-layout-flow wp-block-column-is-layout-flow\" style=\"flex-basis:33.33%\"><\/div>\n<\/div>\n<\/div><\/div>\n\n<div class=\"wp-block-columns is-layout-flex wp-container-core-columns-is-layout-9d6595d7 wp-block-columns-is-layout-flex\">\n<div class=\"wp-block-column is-layout-flow wp-block-column-is-layout-flow\" style=\"flex-basis:66.66%\">\n<h2 class=\"has-blue-color has-text-color wp-block-heading\">APLICACIONES INDUSTRIALES<\/h2>\n\n\n\n<p>Los filtros no solo cuestan dinero, sino que consumen energ\u00eda. Seleccionar el dise\u00f1o correcto de los filtros y los intervalos de mantenimiento apropiados para su f\u00e1brica o almac\u00e9n puede reducir el costo total de propiedad de los filtros. Al momento de seleccionar los filtros, es f\u00e1cil fijarse demasiado en el precio y la frecuencia con que estos deben cambiarse, ya que ello implica dinero y mano de obra, lo cual no es dif\u00edcil de pensar como un costo en una planilla de p\u00e9rdidas y ganancias. Pero lo que es m\u00e1s dif\u00edcil de concebir es la cantidad de energ\u00eda consumida al hacer pasar el aire por el filtro, que casi siempre resulta el componente m\u00e1s importante del costo total de un filtro.<\/p>\n\n\n\n<figure class=\"wp-block-image size-large\"><img loading=\"lazy\" decoding=\"async\" width=\"1024\" height=\"366\" src=\"https:\/\/www.filtrationgroupiaq.com\/wp-content\/uploads\/2020\/12\/industrial-application-picture-edited-8-1024x366.jpg\" alt=\"\" class=\"wp-image-6121\" srcset=\"https:\/\/www.filtrationgroupiaq.com\/wp-content\/uploads\/2020\/12\/industrial-application-picture-edited-8-1024x366.jpg 1024w, https:\/\/www.filtrationgroupiaq.com\/wp-content\/uploads\/2020\/12\/industrial-application-picture-edited-8-300x107.jpg 300w, https:\/\/www.filtrationgroupiaq.com\/wp-content\/uploads\/2020\/12\/industrial-application-picture-edited-8-768x275.jpg 768w, https:\/\/www.filtrationgroupiaq.com\/wp-content\/uploads\/2020\/12\/industrial-application-picture-edited-8.jpg 1169w\" sizes=\"auto, (max-width: 1024px) 100vw, 1024px\" \/><\/figure>\n\n\n<p>Seleccionar un filtro seg\u00fan su rendimiento puede significarle importantes ahorros a largo plazo. No se quede con lo obvio, f\u00edjese en el costo total de propiedad y no solo en el precio de compra del filtro y en cu\u00e1nto tiempo puede llegar a durar. F\u00edjese en lo que pueden hacer nuestros filtros plisados y miniplisados de alto rendimiento en comparaci\u00f3n con un filtro plisado de malla de alambre de capacidad est\u00e1ndar y un filtro de c\u00e9lulas r\u00edgidas. Tomando como referencia el costo total de propiedad, es f\u00e1cil ahorrar un 25\u00a0% o m\u00e1s en comparaci\u00f3n con los filtros de tecnolog\u00edas obsoletas<\/p>\n\n\n\n<div class=\"wp-block-columns is-layout-flex wp-container-core-columns-is-layout-9d6595d7 wp-block-columns-is-layout-flex\">\n<div class=\"wp-block-column is-layout-flow wp-block-column-is-layout-flow\">\n<figure class=\"wp-block-image size-large\"><img loading=\"lazy\" decoding=\"async\" width=\"384\" height=\"278\" src=\"https:\/\/www.filtrationgroupiaq.com\/wp-content\/uploads\/2020\/08\/Industrial-Graph_1.png\" alt=\"\" class=\"wp-image-7431\" srcset=\"https:\/\/www.filtrationgroupiaq.com\/wp-content\/uploads\/2020\/08\/Industrial-Graph_1.png 384w, https:\/\/www.filtrationgroupiaq.com\/wp-content\/uploads\/2020\/08\/Industrial-Graph_1-300x217.png 300w\" sizes=\"auto, (max-width: 384px) 100vw, 384px\" \/><\/figure><\/div>\n\n\n\n<div class=\"wp-block-column is-layout-flow wp-block-column-is-layout-flow\">\n<p>La calidad del aire en interiores de Filtration Group brinda una amplia gama de filtros para aplicaciones industriales. Conf\u00ede en nosotros para ayudarlo a encontrar la configuraci\u00f3n adecuada para sus necesidades.<\/p>\n\n\n\n<p><strong><a href=\"https:\/\/www.filtrationgroupiaq.com\/contactus\/\">CONTACT US<\/a> to get your free consultation now to make sure you are doing right by your building\u2019s inhabitants and your bottom line. <\/strong><\/p>\n<\/div>\n<\/div>\n<\/div>\n\n\n\n<div class=\"wp-block-column is-layout-flow wp-block-column-is-layout-flow\" style=\"flex-basis:49.4%\">\n<div class=\"wp-block-media-text alignwide is-vertically-aligned-top is-image-fill has-white-background-color has-background\" style=\"grid-template-columns:38% auto\"><figure class=\"wp-block-media-text__media\" style=\"background-image:url(https:\/\/www.filtrationgroupiaq.com\/wp-content\/uploads\/2020\/08\/map7-829x1024.jpg);background-position:50% 50%\"><img loading=\"lazy\" decoding=\"async\" width=\"829\" height=\"1024\" src=\"https:\/\/www.filtrationgroupiaq.com\/wp-content\/uploads\/2020\/08\/map7-829x1024.jpg\" alt=\"\" class=\"wp-image-4259\" srcset=\"https:\/\/www.filtrationgroupiaq.com\/wp-content\/uploads\/2020\/08\/map7-829x1024.jpg 829w, https:\/\/www.filtrationgroupiaq.com\/wp-content\/uploads\/2020\/08\/map7-243x300.jpg 243w, https:\/\/www.filtrationgroupiaq.com\/wp-content\/uploads\/2020\/08\/map7-768x949.jpg 768w, https:\/\/www.filtrationgroupiaq.com\/wp-content\/uploads\/2020\/08\/map7.jpg 862w\" sizes=\"auto, (max-width: 829px) 100vw, 829px\" \/><\/figure><div class=\"wp-block-media-text__content\">\n<p class=\"has-normal-font-size\"><strong>Para obtener informaci\u00f3n sobre productos recomendados, programas de servicio y consultas generales gratuitas<\/strong><\/p>\n\n\n\n<div class=\"wp-block-button\"><a class=\"wp-block-button__link has-white-color has-blue-background-color has-text-color has-background\" href=\"https:\/\/www.filtrationgroupiaq.com\/es\/comuniquese-con-nosotros\/\" target=\"_blank\" rel=\"noreferrer noopener\">Contacto de ventas<\/a><\/div>\n<\/div><\/div>\n\n\n\n<div style=\"height:33px\" aria-hidden=\"true\" class=\"wp-block-spacer\"><\/div>\n\n\n\n<div class=\"wp-block-buttons is-layout-flex wp-block-buttons-is-layout-flex\">\n<div class=\"wp-block-button is-style-outline is-style-outline--1\"><a class=\"wp-block-button__link has-green-color has-text-color\" href=\"\/wp-content\/uploads\/2020\/08\/FG-IAQ-_-US-_-Industrial-_-Mariani-_-Case-Study.pdf\" target=\"_blank\" rel=\"noreferrer noopener\">Ver el estudio del caso<\/a><\/div>\n\n\n\n<div class=\"wp-block-button is-style-outline is-style-outline--2\"><a class=\"wp-block-button__link has-green-color has-text-color\" href=\"https:\/\/www.filtrationgroupiaq.com\/application\/industrial\/industrial-brochure\/\" target=\"_blank\" rel=\"noreferrer noopener\">Soluciones de filtraci\u00f3n industrial<\/a><\/div>\n<\/div>\n<\/div>\n<\/div>\n\n<hr class=\"wp-block-separator is-style-wide\" \/>\n\n<div class=\"wp-block-media-text alignwide\" style=\"grid-template-columns:35% auto\"><figure class=\"wp-block-media-text__media\"><img loading=\"lazy\" decoding=\"async\" width=\"714\" height=\"922\" src=\"https:\/\/www.filtrationgroupiaq.com\/wp-content\/uploads\/2020\/08\/industrial-brochure.jpg\" alt=\"\" class=\"wp-image-7433\" srcset=\"https:\/\/www.filtrationgroupiaq.com\/wp-content\/uploads\/2020\/08\/industrial-brochure.jpg 714w, https:\/\/www.filtrationgroupiaq.com\/wp-content\/uploads\/2020\/08\/industrial-brochure-232x300.jpg 232w\" sizes=\"auto, (max-width: 714px) 100vw, 714px\" \/><\/figure><div class=\"wp-block-media-text__content\">\n<h2 class=\"wp-block-heading\">Soluciones de filtraci\u00f3n innovadoras para aplicaciones industriales<\/h2>\n\n\n\n<p>Al instalar soluciones de climatizaci\u00f3n\u00a0es muy importante tener en cuenta los tipos de materiales que utilizan las plantas industriales para fabricar sus productos. No tomarse el tiempo para pensar cu\u00e1l es la soluci\u00f3n correcta para garantizar la limpieza del aire en estos espacios puede ser muy perjudicial para la salud de los empleados e impactar negativamente en la productividad. Lea c\u00f3mo los filtros de la calidad del aire en interiores de Filtration Group est\u00e1n dise\u00f1ados para sobrepasar los est\u00e1ndares de eficiencia y asegurar las actividades de fabricaci\u00f3n industrial.\u00a0<\/p>\n\n\n\n<div class=\"wp-block-button blank\"><a class=\"wp-block-button__link has-green-background-color has-background\" href=\"\/wp-content\/uploads\/2020\/08\/FG-IAQ-_-Industrial-Application_4-Pager.pdf\" target=\"_blank\" rel=\"noreferrer noopener\">Descargar el folleto<\/a><\/div>\n<\/div><\/div>\n\n<div class=\"wp-block-media-text alignwide is-stacked-on-mobile grayblock\" style=\"grid-template-columns:41% auto\"><figure class=\"wp-block-media-text__media\"><img loading=\"lazy\" decoding=\"async\" width=\"1024\" height=\"635\" src=\"https:\/\/www.filtrationgroupiaq.com\/wp-content\/uploads\/2020\/05\/IndoorAirHygiene.com_-1024x635.jpg\" alt=\"\" class=\"wp-image-6628\" srcset=\"https:\/\/www.filtrationgroupiaq.com\/wp-content\/uploads\/2020\/05\/IndoorAirHygiene.com_-1024x635.jpg 1024w, https:\/\/www.filtrationgroupiaq.com\/wp-content\/uploads\/2020\/05\/IndoorAirHygiene.com_-300x186.jpg 300w, https:\/\/www.filtrationgroupiaq.com\/wp-content\/uploads\/2020\/05\/IndoorAirHygiene.com_-768x477.jpg 768w, https:\/\/www.filtrationgroupiaq.com\/wp-content\/uploads\/2020\/05\/IndoorAirHygiene.com_.jpg 1083w\" sizes=\"auto, (max-width: 1024px) 100vw, 1024px\" \/><\/figure><div class=\"wp-block-media-text__content\">\n<p><\/p>\n\n\n\n<h3 class=\"wp-block-heading\"><strong>\u00bfLE PREOCUPA REABRIR SU NEGOCIO?<\/strong><\/h3>\n\n\n\n<p><strong><a href=\"http:\/\/indoorairhygiene.com\/\">INDOORAIRHYGIENE.COM<\/a><\/strong>\u00a0es un centro de recursos gratuito cortes\u00eda de FG IAQ, del Grupo Filtration Group y Madison Industries.<\/p>\n\n\n\n<div class=\"wp-block-button is-style-outline is-style-outline--3\"><a class=\"wp-block-button__link has-text-color has-blue-color has-background has-white-background-color\" href=\"http:\/\/www.indoorairhygiene.com\">Visite el Centro de recursos<\/a><\/div>\n\n\n\n<p><\/p>\n<\/div><\/div>\n\n<p><\/p>\n","protected":false},"excerpt":{"rendered":"<p>APLICACIONES INDUSTRIALES Los filtros no solo cuestan dinero, sino que consumen energ\u00eda. Seleccionar el dise\u00f1o correcto de los filtros y los intervalos de mantenimiento apropiados para su f\u00e1brica o almac\u00e9n puede reducir el costo total de propiedad de los filtros. Al momento de seleccionar los filtros, es f\u00e1cil fijarse demasiado en el precio y la [&hellip;]<\/p>\n","protected":false},"author":3,"featured_media":7436,"parent":7055,"menu_order":3,"comment_status":"closed","ping_status":"closed","template":"","meta":{"_acf_changed":false,"footnotes":""},"class_list":["post-7416","page","type-page","status-publish","has-post-thumbnail","hentry"],"acf":[],"yoast_head":"<!-- This site is optimized with the Yoast SEO plugin v27.3 - https:\/\/yoast.com\/product\/yoast-seo-wordpress\/ -->\n<title>INDUSTRIAL - Filtration Group- IAQ<\/title>\n<meta name=\"robots\" content=\"index, follow, max-snippet:-1, max-image-preview:large, max-video-preview:-1\" \/>\n<link rel=\"canonical\" href=\"https:\/\/www.filtrationgroupiaq.com\/es\/aplicaciones\/industrial\/\" \/>\n<meta property=\"og:locale\" content=\"es_ES\" \/>\n<meta property=\"og:type\" content=\"article\" \/>\n<meta property=\"og:title\" content=\"INDUSTRIAL - Filtration Group- IAQ\" \/>\n<meta property=\"og:description\" content=\"APLICACIONES INDUSTRIALES Los filtros no solo cuestan dinero, sino que consumen energ\u00eda. Seleccionar el dise\u00f1o correcto de los filtros y los intervalos de mantenimiento apropiados para su f\u00e1brica o almac\u00e9n puede reducir el costo total de propiedad de los filtros. Al momento de seleccionar los filtros, es f\u00e1cil fijarse demasiado en el precio y la [&hellip;]\" \/>\n<meta property=\"og:url\" content=\"https:\/\/www.filtrationgroupiaq.com\/es\/aplicaciones\/industrial\/\" \/>\n<meta property=\"og:site_name\" content=\"Filtration Group- IAQ\" \/>\n<meta property=\"article:modified_time\" content=\"2021-03-12T18:04:25+00:00\" \/>\n<meta property=\"og:image\" content=\"https:\/\/www.filtrationgroupiaq.com\/wp-content\/uploads\/2019\/11\/indutrial.png\" \/>\n\t<meta property=\"og:image:width\" content=\"427\" \/>\n\t<meta property=\"og:image:height\" content=\"255\" \/>\n\t<meta property=\"og:image:type\" content=\"image\/png\" \/>\n<meta name=\"twitter:card\" content=\"summary_large_image\" \/>\n<meta name=\"twitter:label1\" content=\"Tiempo de lectura\" \/>\n\t<meta name=\"twitter:data1\" content=\"3 minutos\" \/>\n<script type=\"application\/ld+json\" class=\"yoast-schema-graph\">{\"@context\":\"https:\\\/\\\/schema.org\",\"@graph\":[{\"@type\":\"WebPage\",\"@id\":\"https:\\\/\\\/www.filtrationgroupiaq.com\\\/es\\\/aplicaciones\\\/industrial\\\/\",\"url\":\"https:\\\/\\\/www.filtrationgroupiaq.com\\\/es\\\/aplicaciones\\\/industrial\\\/\",\"name\":\"INDUSTRIAL - Filtration Group- IAQ\",\"isPartOf\":{\"@id\":\"https:\\\/\\\/www.filtrationgroupiaq.com\\\/es\\\/#website\"},\"primaryImageOfPage\":{\"@id\":\"https:\\\/\\\/www.filtrationgroupiaq.com\\\/es\\\/aplicaciones\\\/industrial\\\/#primaryimage\"},\"image\":{\"@id\":\"https:\\\/\\\/www.filtrationgroupiaq.com\\\/es\\\/aplicaciones\\\/industrial\\\/#primaryimage\"},\"thumbnailUrl\":\"https:\\\/\\\/www.filtrationgroupiaq.com\\\/wp-content\\\/uploads\\\/2019\\\/11\\\/indutrial.png\",\"datePublished\":\"2021-03-12T18:04:17+00:00\",\"dateModified\":\"2021-03-12T18:04:25+00:00\",\"breadcrumb\":{\"@id\":\"https:\\\/\\\/www.filtrationgroupiaq.com\\\/es\\\/aplicaciones\\\/industrial\\\/#breadcrumb\"},\"inLanguage\":\"es\",\"potentialAction\":[{\"@type\":\"ReadAction\",\"target\":[\"https:\\\/\\\/www.filtrationgroupiaq.com\\\/es\\\/aplicaciones\\\/industrial\\\/\"]}]},{\"@type\":\"ImageObject\",\"inLanguage\":\"es\",\"@id\":\"https:\\\/\\\/www.filtrationgroupiaq.com\\\/es\\\/aplicaciones\\\/industrial\\\/#primaryimage\",\"url\":\"https:\\\/\\\/www.filtrationgroupiaq.com\\\/wp-content\\\/uploads\\\/2019\\\/11\\\/indutrial.png\",\"contentUrl\":\"https:\\\/\\\/www.filtrationgroupiaq.com\\\/wp-content\\\/uploads\\\/2019\\\/11\\\/indutrial.png\",\"width\":427,\"height\":255},{\"@type\":\"BreadcrumbList\",\"@id\":\"https:\\\/\\\/www.filtrationgroupiaq.com\\\/es\\\/aplicaciones\\\/industrial\\\/#breadcrumb\",\"itemListElement\":[{\"@type\":\"ListItem\",\"position\":1,\"name\":\"\",\"item\":\"https:\\\/\\\/www.filtrationgroupiaq.com\\\/es\\\/\"},{\"@type\":\"ListItem\",\"position\":2,\"name\":\"Aplicaciones\",\"item\":\"https:\\\/\\\/www.filtrationgroupiaq.com\\\/es\\\/aplicaciones\\\/\"},{\"@type\":\"ListItem\",\"position\":3,\"name\":\"INDUSTRIAL\"}]},{\"@type\":\"WebSite\",\"@id\":\"https:\\\/\\\/www.filtrationgroupiaq.com\\\/es\\\/#website\",\"url\":\"https:\\\/\\\/www.filtrationgroupiaq.com\\\/es\\\/\",\"name\":\"Filtration Group- IAQ\",\"description\":\"Making the World Safer, Healthier and More Productive\",\"publisher\":{\"@id\":\"https:\\\/\\\/www.filtrationgroupiaq.com\\\/es\\\/#organization\"},\"potentialAction\":[{\"@type\":\"SearchAction\",\"target\":{\"@type\":\"EntryPoint\",\"urlTemplate\":\"https:\\\/\\\/www.filtrationgroupiaq.com\\\/es\\\/?s={search_term_string}\"},\"query-input\":{\"@type\":\"PropertyValueSpecification\",\"valueRequired\":true,\"valueName\":\"search_term_string\"}}],\"inLanguage\":\"es\"},{\"@type\":\"Organization\",\"@id\":\"https:\\\/\\\/www.filtrationgroupiaq.com\\\/es\\\/#organization\",\"name\":\"Filtration Group\",\"url\":\"https:\\\/\\\/www.filtrationgroupiaq.com\\\/es\\\/\",\"logo\":{\"@type\":\"ImageObject\",\"inLanguage\":\"es\",\"@id\":\"https:\\\/\\\/www.filtrationgroupiaq.com\\\/es\\\/#\\\/schema\\\/logo\\\/image\\\/\",\"url\":\"https:\\\/\\\/www.filtrationgroupiaq.com\\\/wp-content\\\/uploads\\\/2019\\\/06\\\/FGC-logo-1.png\",\"contentUrl\":\"https:\\\/\\\/www.filtrationgroupiaq.com\\\/wp-content\\\/uploads\\\/2019\\\/06\\\/FGC-logo-1.png\",\"width\":1104,\"height\":224,\"caption\":\"Filtration Group\"},\"image\":{\"@id\":\"https:\\\/\\\/www.filtrationgroupiaq.com\\\/es\\\/#\\\/schema\\\/logo\\\/image\\\/\"},\"sameAs\":[\"https:\\\/\\\/www.linkedin.com\\\/company\\\/11857850\\\/\"]}]}<\/script>\n<!-- \/ Yoast SEO plugin. -->","yoast_head_json":{"title":"INDUSTRIAL - Filtration Group- IAQ","robots":{"index":"index","follow":"follow","max-snippet":"max-snippet:-1","max-image-preview":"max-image-preview:large","max-video-preview":"max-video-preview:-1"},"canonical":"https:\/\/www.filtrationgroupiaq.com\/es\/aplicaciones\/industrial\/","og_locale":"es_ES","og_type":"article","og_title":"INDUSTRIAL - Filtration Group- IAQ","og_description":"APLICACIONES INDUSTRIALES Los filtros no solo cuestan dinero, sino que consumen energ\u00eda. Seleccionar el dise\u00f1o correcto de los filtros y los intervalos de mantenimiento apropiados para su f\u00e1brica o almac\u00e9n puede reducir el costo total de propiedad de los filtros. Al momento de seleccionar los filtros, es f\u00e1cil fijarse demasiado en el precio y la [&hellip;]","og_url":"https:\/\/www.filtrationgroupiaq.com\/es\/aplicaciones\/industrial\/","og_site_name":"Filtration Group- IAQ","article_modified_time":"2021-03-12T18:04:25+00:00","og_image":[{"width":427,"height":255,"url":"https:\/\/www.filtrationgroupiaq.com\/wp-content\/uploads\/2019\/11\/indutrial.png","type":"image\/png"}],"twitter_card":"summary_large_image","twitter_misc":{"Tiempo de lectura":"3 minutos"},"schema":{"@context":"https:\/\/schema.org","@graph":[{"@type":"WebPage","@id":"https:\/\/www.filtrationgroupiaq.com\/es\/aplicaciones\/industrial\/","url":"https:\/\/www.filtrationgroupiaq.com\/es\/aplicaciones\/industrial\/","name":"INDUSTRIAL - Filtration Group- IAQ","isPartOf":{"@id":"https:\/\/www.filtrationgroupiaq.com\/es\/#website"},"primaryImageOfPage":{"@id":"https:\/\/www.filtrationgroupiaq.com\/es\/aplicaciones\/industrial\/#primaryimage"},"image":{"@id":"https:\/\/www.filtrationgroupiaq.com\/es\/aplicaciones\/industrial\/#primaryimage"},"thumbnailUrl":"https:\/\/www.filtrationgroupiaq.com\/wp-content\/uploads\/2019\/11\/indutrial.png","datePublished":"2021-03-12T18:04:17+00:00","dateModified":"2021-03-12T18:04:25+00:00","breadcrumb":{"@id":"https:\/\/www.filtrationgroupiaq.com\/es\/aplicaciones\/industrial\/#breadcrumb"},"inLanguage":"es","potentialAction":[{"@type":"ReadAction","target":["https:\/\/www.filtrationgroupiaq.com\/es\/aplicaciones\/industrial\/"]}]},{"@type":"ImageObject","inLanguage":"es","@id":"https:\/\/www.filtrationgroupiaq.com\/es\/aplicaciones\/industrial\/#primaryimage","url":"https:\/\/www.filtrationgroupiaq.com\/wp-content\/uploads\/2019\/11\/indutrial.png","contentUrl":"https:\/\/www.filtrationgroupiaq.com\/wp-content\/uploads\/2019\/11\/indutrial.png","width":427,"height":255},{"@type":"BreadcrumbList","@id":"https:\/\/www.filtrationgroupiaq.com\/es\/aplicaciones\/industrial\/#breadcrumb","itemListElement":[{"@type":"ListItem","position":1,"name":"","item":"https:\/\/www.filtrationgroupiaq.com\/es\/"},{"@type":"ListItem","position":2,"name":"Aplicaciones","item":"https:\/\/www.filtrationgroupiaq.com\/es\/aplicaciones\/"},{"@type":"ListItem","position":3,"name":"INDUSTRIAL"}]},{"@type":"WebSite","@id":"https:\/\/www.filtrationgroupiaq.com\/es\/#website","url":"https:\/\/www.filtrationgroupiaq.com\/es\/","name":"Filtration Group- IAQ","description":"Making the World Safer, Healthier and More Productive","publisher":{"@id":"https:\/\/www.filtrationgroupiaq.com\/es\/#organization"},"potentialAction":[{"@type":"SearchAction","target":{"@type":"EntryPoint","urlTemplate":"https:\/\/www.filtrationgroupiaq.com\/es\/?s={search_term_string}"},"query-input":{"@type":"PropertyValueSpecification","valueRequired":true,"valueName":"search_term_string"}}],"inLanguage":"es"},{"@type":"Organization","@id":"https:\/\/www.filtrationgroupiaq.com\/es\/#organization","name":"Filtration Group","url":"https:\/\/www.filtrationgroupiaq.com\/es\/","logo":{"@type":"ImageObject","inLanguage":"es","@id":"https:\/\/www.filtrationgroupiaq.com\/es\/#\/schema\/logo\/image\/","url":"https:\/\/www.filtrationgroupiaq.com\/wp-content\/uploads\/2019\/06\/FGC-logo-1.png","contentUrl":"https:\/\/www.filtrationgroupiaq.com\/wp-content\/uploads\/2019\/06\/FGC-logo-1.png","width":1104,"height":224,"caption":"Filtration Group"},"image":{"@id":"https:\/\/www.filtrationgroupiaq.com\/es\/#\/schema\/logo\/image\/"},"sameAs":["https:\/\/www.linkedin.com\/company\/11857850\/"]}]}},"_links":{"self":[{"href":"https:\/\/www.filtrationgroupiaq.com\/es\/wp-json\/wp\/v2\/pages\/7416","targetHints":{"allow":["GET"]}}],"collection":[{"href":"https:\/\/www.filtrationgroupiaq.com\/es\/wp-json\/wp\/v2\/pages"}],"about":[{"href":"https:\/\/www.filtrationgroupiaq.com\/es\/wp-json\/wp\/v2\/types\/page"}],"author":[{"embeddable":true,"href":"https:\/\/www.filtrationgroupiaq.com\/es\/wp-json\/wp\/v2\/users\/3"}],"replies":[{"embeddable":true,"href":"https:\/\/www.filtrationgroupiaq.com\/es\/wp-json\/wp\/v2\/comments?post=7416"}],"version-history":[{"count":0,"href":"https:\/\/www.filtrationgroupiaq.com\/es\/wp-json\/wp\/v2\/pages\/7416\/revisions"}],"up":[{"embeddable":true,"href":"https:\/\/www.filtrationgroupiaq.com\/es\/wp-json\/wp\/v2\/pages\/7055"}],"wp:featuredmedia":[{"embeddable":true,"href":"https:\/\/www.filtrationgroupiaq.com\/es\/wp-json\/wp\/v2\/media\/7436"}],"wp:attachment":[{"href":"https:\/\/www.filtrationgroupiaq.com\/es\/wp-json\/wp\/v2\/media?parent=7416"}],"curies":[{"name":"wp","href":"https:\/\/api.w.org\/{rel}","templated":true}]}}