{"id":7438,"date":"2021-03-12T13:04:18","date_gmt":"2021-03-12T18:04:18","guid":{"rendered":"https:\/\/www.filtrationgroupiaq.com\/acerca-de-nosotros\/nuestra-cultura\/"},"modified":"2021-03-12T13:04:21","modified_gmt":"2021-03-12T18:04:21","slug":"nuestra-cultura","status":"publish","type":"page","link":"https:\/\/www.filtrationgroupiaq.com\/es\/acerca-de-nosotros\/nuestra-cultura\/","title":{"rendered":"Nuestra cultura"},"content":{"rendered":"\n<div class=\"wp-block-cover alignfull has-background-dim-10 has-black-background-color has-background-dim hero-small\" style=\"background-image:url(https:\/\/www.filtrationgroupiaq.com\/wp-content\/uploads\/2020\/07\/banner-web7-3.png);background-position:20% 20%;min-height:364px;aspect-ratio:unset;\"><div class=\"wp-block-cover__inner-container is-layout-flow wp-block-cover-is-layout-flow\">\n<p style=\"font-size:45px\" class=\"has-text-align-center\"><strong>Nuestra cultura<\/strong><\/p>\n<\/div><\/div>\n\n<div class=\"wp-block-media-text alignfull has-background has-light-gray-background-color is-stacked-on-mobile\"><figure class=\"wp-block-media-text__media\"><img loading=\"lazy\" decoding=\"async\" width=\"1024\" height=\"384\" src=\"https:\/\/www.filtrationgroupiaq.com\/wp-content\/uploads\/2020\/08\/20190609_110812-crop-scaled-e1598020736287-1024x384.jpg\" alt=\"\" class=\"wp-image-4223\" srcset=\"https:\/\/www.filtrationgroupiaq.com\/wp-content\/uploads\/2020\/08\/20190609_110812-crop-scaled-e1598020736287-1024x384.jpg 1024w, https:\/\/www.filtrationgroupiaq.com\/wp-content\/uploads\/2020\/08\/20190609_110812-crop-scaled-e1598020736287-300x113.jpg 300w, https:\/\/www.filtrationgroupiaq.com\/wp-content\/uploads\/2020\/08\/20190609_110812-crop-scaled-e1598020736287-768x288.jpg 768w, https:\/\/www.filtrationgroupiaq.com\/wp-content\/uploads\/2020\/08\/20190609_110812-crop-scaled-e1598020736287-1536x576.jpg 1536w, https:\/\/www.filtrationgroupiaq.com\/wp-content\/uploads\/2020\/08\/20190609_110812-crop-scaled-e1598020736287-2048x768.jpg 2048w\" sizes=\"auto, (max-width: 1024px) 100vw, 1024px\" \/><\/figure><div class=\"wp-block-media-text__content\">\n<p>La calidad del aire en interiores (Indoor Air Quality, IAQ) de Filtration Group (FG) se encuentra en la misi\u00f3n de hacer del mundo un lugar m\u00e1s seguro, saludable y productivo. Contamos con un equipo de trabajo apasionado, presencia global y capacidades de ingenier\u00eda y fabricaci\u00f3n de primera clase, estamos impulsando la innovaci\u00f3n y desarrollando soluciones a trav\u00e9s de un amplio espectro de aplicaciones en la industria de la filtraci\u00f3n global de r\u00e1pido crecimiento. Comenzamos en 2009 y, desde entonces, en poco tiempo hemos crecido hasta llegar a ser un l\u00edder mundial en la muy atractiva industria de la filtraci\u00f3n del aire.<\/p>\n\n\n\n<p>Estamos comprometidos a mantener una cultura empresarial construida sobre la base de la confianza, en la que nuestros l\u00edderes muestran una fuerte tendencia a la acci\u00f3n.<\/p>\n<\/div><\/div>\n\n<div style=\"height:20px\" aria-hidden=\"true\" class=\"wp-block-spacer\"><\/div>\n\n<div class=\"wp-block-columns has-3-columns is-layout-flex wp-container-core-columns-is-layout-9d6595d7 wp-block-columns-is-layout-flex\">\n<div class=\"wp-block-column is-layout-flow wp-block-column-is-layout-flow\">\n<figure class=\"wp-block-image\"><img loading=\"lazy\" decoding=\"async\" width=\"1024\" height=\"533\" src=\"https:\/\/www.filtrationgroupiaq.com\/wp-content\/uploads\/2019\/11\/Culture-Icons-trust_blk_wide-format_1-1024x533.png\" alt=\"\" class=\"wp-image-574\" srcset=\"https:\/\/www.filtrationgroupiaq.com\/wp-content\/uploads\/2019\/11\/Culture-Icons-trust_blk_wide-format_1-1024x533.png 1024w, https:\/\/www.filtrationgroupiaq.com\/wp-content\/uploads\/2019\/11\/Culture-Icons-trust_blk_wide-format_1-300x156.png 300w, https:\/\/www.filtrationgroupiaq.com\/wp-content\/uploads\/2019\/11\/Culture-Icons-trust_blk_wide-format_1-768x400.png 768w\" sizes=\"auto, (max-width: 1024px) 100vw, 1024px\" \/><\/figure>\n\n\n<h1 class=\"wp-block-heading\">Confianza<\/h1>\n\n\n\n<p>Decimos lo que hacemos y hacemos lo que decimos.<\/p>\n\n\n\n<p>Somos abiertos, honestos y transparentes.<\/p>\n\n\n\n<p>Tenemos un comportamiento \u00e9tico e \u00edntegro inherente. No se tolera nada menos que eso.<\/p>\n\n\n\n<p>Cumplimos todos nuestros compromisos.<\/p>\n\n\n\n<p>Podemos confiar los unos en los otros.<\/p>\n<\/div>\n\n\n\n<div class=\"wp-block-column is-layout-flow wp-block-column-is-layout-flow\">\n<figure class=\"wp-block-image\"><img loading=\"lazy\" decoding=\"async\" width=\"1024\" height=\"533\" src=\"https:\/\/www.filtrationgroupiaq.com\/wp-content\/uploads\/2019\/11\/Culture-Icons-bias_wide-format_1-1024x533.png\" alt=\"\" class=\"wp-image-570\" srcset=\"https:\/\/www.filtrationgroupiaq.com\/wp-content\/uploads\/2019\/11\/Culture-Icons-bias_wide-format_1-1024x533.png 1024w, https:\/\/www.filtrationgroupiaq.com\/wp-content\/uploads\/2019\/11\/Culture-Icons-bias_wide-format_1-300x156.png 300w, https:\/\/www.filtrationgroupiaq.com\/wp-content\/uploads\/2019\/11\/Culture-Icons-bias_wide-format_1-768x400.png 768w\" sizes=\"auto, (max-width: 1024px) 100vw, 1024px\" \/><\/figure>\n\n\n<h1 class=\"wp-block-heading\">Tendemos a adoptar una postura activa<\/h1>\n\n\n\n<p>Controlamos los resultados a trav\u00e9s de nuestras acciones.<\/p>\n\n\n\n<p>Somos audaces y ambiciosos.<\/p>\n\n\n\n<p>Inyectamos velocidad y rapidez a nuestros procesos.<\/p>\n\n\n\n<p>No somos v\u00edctimas de cosas que no podemos controlar.<\/p>\n\n\n\n<p>Trabajamos con informaci\u00f3n imperfecta, seguros de nuestra capacidad de hacer lo correcto seg\u00fan sea necesario.<\/p>\n\n\n\n<p>Abrazamos el cambio y lo vemos como una oportunidad para mejorar.<\/p>\n<\/div>\n\n\n\n<div class=\"wp-block-column is-layout-flow wp-block-column-is-layout-flow\">\n<figure class=\"wp-block-image\"><img loading=\"lazy\" decoding=\"async\" width=\"1024\" height=\"534\" src=\"https:\/\/www.filtrationgroupiaq.com\/wp-content\/uploads\/2019\/11\/Culture-Icons-entrepreneurial_blk_wide-format_0-1024x534.png\" alt=\"\" class=\"wp-image-572\" srcset=\"https:\/\/www.filtrationgroupiaq.com\/wp-content\/uploads\/2019\/11\/Culture-Icons-entrepreneurial_blk_wide-format_0-1024x534.png 1024w, https:\/\/www.filtrationgroupiaq.com\/wp-content\/uploads\/2019\/11\/Culture-Icons-entrepreneurial_blk_wide-format_0-300x156.png 300w, https:\/\/www.filtrationgroupiaq.com\/wp-content\/uploads\/2019\/11\/Culture-Icons-entrepreneurial_blk_wide-format_0-768x400.png 768w\" sizes=\"auto, (max-width: 1024px) 100vw, 1024px\" \/><\/figure>\n\n\n<h1 class=\"wp-block-heading\">Emprendurismo<\/h1>\n\n\n\n<p>Pensamos como los propietarios de la empresa, y estamos abiertos a los cuestionamientos cr\u00edticos, la innovaci\u00f3n, el servicio y las mejoras continuas.<br\/><br\/>Tenemos pasi\u00f3n y perseverancia por nuestros objetivos a largo plazo.<\/p>\n\n\n\n<p>Tenemos una sana paranoia que nos lleva a una continua innovaci\u00f3n y mejora.<\/p>\n\n\n\n<p>Todos somos vendedores de coraz\u00f3n, independientemente de la funci\u00f3n que cumplamos. Nuestra obsesi\u00f3n es satisfacer las necesidades de los clientes.<\/p>\n\n\n\n<p>Somos creativos\u00a0y nos cuesta aceptar que no haya una mejor manera de hacer las cosas. Estamos constantemente cuestionando.<\/p>\n\n\n\n<p>Tenemos confianza en nosotros, somos optimistas y estamos convencidos de que lograremos nuestros objetivos.\u00a0<\/p>\n<\/div>\n<\/div>\n","protected":false},"excerpt":{"rendered":"<p>La calidad del aire en interiores (Indoor Air Quality, IAQ) de Filtration Group (FG) se encuentra en la misi\u00f3n de hacer del mundo un lugar m\u00e1s seguro, saludable y productivo. Contamos con un equipo de trabajo apasionado, presencia global y capacidades de ingenier\u00eda y fabricaci\u00f3n de primera clase, estamos impulsando la innovaci\u00f3n y desarrollando soluciones [&hellip;]<\/p>\n","protected":false},"author":3,"featured_media":0,"parent":6970,"menu_order":0,"comment_status":"closed","ping_status":"closed","template":"","meta":{"_acf_changed":false,"footnotes":""},"class_list":["post-7438","page","type-page","status-publish","hentry"],"acf":[],"yoast_head":"<!-- This site is optimized with the Yoast SEO plugin v27.3 - https:\/\/yoast.com\/product\/yoast-seo-wordpress\/ -->\n<title>Nuestra cultura - Filtration Group- IAQ<\/title>\n<meta name=\"robots\" content=\"index, follow, max-snippet:-1, max-image-preview:large, max-video-preview:-1\" \/>\n<link rel=\"canonical\" href=\"https:\/\/www.filtrationgroupiaq.com\/es\/acerca-de-nosotros\/nuestra-cultura\/\" \/>\n<meta property=\"og:locale\" content=\"es_ES\" \/>\n<meta property=\"og:type\" content=\"article\" \/>\n<meta property=\"og:title\" content=\"Nuestra cultura - Filtration Group- IAQ\" \/>\n<meta property=\"og:description\" content=\"La calidad del aire en interiores (Indoor Air Quality, IAQ) de Filtration Group (FG) se encuentra en la misi\u00f3n de hacer del mundo un lugar m\u00e1s seguro, saludable y productivo. Contamos con un equipo de trabajo apasionado, presencia global y capacidades de ingenier\u00eda y fabricaci\u00f3n de primera clase, estamos impulsando la innovaci\u00f3n y desarrollando soluciones [&hellip;]\" \/>\n<meta property=\"og:url\" content=\"https:\/\/www.filtrationgroupiaq.com\/es\/acerca-de-nosotros\/nuestra-cultura\/\" \/>\n<meta property=\"og:site_name\" content=\"Filtration Group- IAQ\" \/>\n<meta property=\"article:modified_time\" content=\"2021-03-12T18:04:21+00:00\" \/>\n<meta property=\"og:image\" content=\"https:\/\/www.filtrationgroupiaq.com\/wp-content\/uploads\/2020\/08\/20190609_110812-crop-scaled-e1598020736287-1024x384.jpg\" \/>\n<meta name=\"twitter:card\" content=\"summary_large_image\" \/>\n<meta name=\"twitter:label1\" content=\"Tiempo de lectura\" \/>\n\t<meta name=\"twitter:data1\" content=\"2 minutos\" \/>\n<script type=\"application\/ld+json\" class=\"yoast-schema-graph\">{\"@context\":\"https:\\\/\\\/schema.org\",\"@graph\":[{\"@type\":\"WebPage\",\"@id\":\"https:\\\/\\\/www.filtrationgroupiaq.com\\\/es\\\/acerca-de-nosotros\\\/nuestra-cultura\\\/\",\"url\":\"https:\\\/\\\/www.filtrationgroupiaq.com\\\/es\\\/acerca-de-nosotros\\\/nuestra-cultura\\\/\",\"name\":\"Nuestra cultura - Filtration Group- IAQ\",\"isPartOf\":{\"@id\":\"https:\\\/\\\/www.filtrationgroupiaq.com\\\/es\\\/#website\"},\"primaryImageOfPage\":{\"@id\":\"https:\\\/\\\/www.filtrationgroupiaq.com\\\/es\\\/acerca-de-nosotros\\\/nuestra-cultura\\\/#primaryimage\"},\"image\":{\"@id\":\"https:\\\/\\\/www.filtrationgroupiaq.com\\\/es\\\/acerca-de-nosotros\\\/nuestra-cultura\\\/#primaryimage\"},\"thumbnailUrl\":\"https:\\\/\\\/www.filtrationgroupiaq.com\\\/wp-content\\\/uploads\\\/2020\\\/08\\\/20190609_110812-crop-scaled-e1598020736287-1024x384.jpg\",\"datePublished\":\"2021-03-12T18:04:18+00:00\",\"dateModified\":\"2021-03-12T18:04:21+00:00\",\"breadcrumb\":{\"@id\":\"https:\\\/\\\/www.filtrationgroupiaq.com\\\/es\\\/acerca-de-nosotros\\\/nuestra-cultura\\\/#breadcrumb\"},\"inLanguage\":\"es\",\"potentialAction\":[{\"@type\":\"ReadAction\",\"target\":[\"https:\\\/\\\/www.filtrationgroupiaq.com\\\/es\\\/acerca-de-nosotros\\\/nuestra-cultura\\\/\"]}]},{\"@type\":\"ImageObject\",\"inLanguage\":\"es\",\"@id\":\"https:\\\/\\\/www.filtrationgroupiaq.com\\\/es\\\/acerca-de-nosotros\\\/nuestra-cultura\\\/#primaryimage\",\"url\":\"https:\\\/\\\/www.filtrationgroupiaq.com\\\/wp-content\\\/uploads\\\/2020\\\/08\\\/20190609_110812-crop-scaled-e1598020736287-1024x384.jpg\",\"contentUrl\":\"https:\\\/\\\/www.filtrationgroupiaq.com\\\/wp-content\\\/uploads\\\/2020\\\/08\\\/20190609_110812-crop-scaled-e1598020736287-1024x384.jpg\"},{\"@type\":\"BreadcrumbList\",\"@id\":\"https:\\\/\\\/www.filtrationgroupiaq.com\\\/es\\\/acerca-de-nosotros\\\/nuestra-cultura\\\/#breadcrumb\",\"itemListElement\":[{\"@type\":\"ListItem\",\"position\":1,\"name\":\"\",\"item\":\"https:\\\/\\\/www.filtrationgroupiaq.com\\\/es\\\/\"},{\"@type\":\"ListItem\",\"position\":2,\"name\":\"Acerca de nosotros\",\"item\":\"https:\\\/\\\/www.filtrationgroupiaq.com\\\/es\\\/acerca-de-nosotros\\\/\"},{\"@type\":\"ListItem\",\"position\":3,\"name\":\"Nuestra cultura\"}]},{\"@type\":\"WebSite\",\"@id\":\"https:\\\/\\\/www.filtrationgroupiaq.com\\\/es\\\/#website\",\"url\":\"https:\\\/\\\/www.filtrationgroupiaq.com\\\/es\\\/\",\"name\":\"Filtration Group- IAQ\",\"description\":\"Making the World Safer, Healthier and More Productive\",\"publisher\":{\"@id\":\"https:\\\/\\\/www.filtrationgroupiaq.com\\\/es\\\/#organization\"},\"potentialAction\":[{\"@type\":\"SearchAction\",\"target\":{\"@type\":\"EntryPoint\",\"urlTemplate\":\"https:\\\/\\\/www.filtrationgroupiaq.com\\\/es\\\/?s={search_term_string}\"},\"query-input\":{\"@type\":\"PropertyValueSpecification\",\"valueRequired\":true,\"valueName\":\"search_term_string\"}}],\"inLanguage\":\"es\"},{\"@type\":\"Organization\",\"@id\":\"https:\\\/\\\/www.filtrationgroupiaq.com\\\/es\\\/#organization\",\"name\":\"Filtration Group\",\"url\":\"https:\\\/\\\/www.filtrationgroupiaq.com\\\/es\\\/\",\"logo\":{\"@type\":\"ImageObject\",\"inLanguage\":\"es\",\"@id\":\"https:\\\/\\\/www.filtrationgroupiaq.com\\\/es\\\/#\\\/schema\\\/logo\\\/image\\\/\",\"url\":\"https:\\\/\\\/www.filtrationgroupiaq.com\\\/wp-content\\\/uploads\\\/2019\\\/06\\\/FGC-logo-1.png\",\"contentUrl\":\"https:\\\/\\\/www.filtrationgroupiaq.com\\\/wp-content\\\/uploads\\\/2019\\\/06\\\/FGC-logo-1.png\",\"width\":1104,\"height\":224,\"caption\":\"Filtration Group\"},\"image\":{\"@id\":\"https:\\\/\\\/www.filtrationgroupiaq.com\\\/es\\\/#\\\/schema\\\/logo\\\/image\\\/\"},\"sameAs\":[\"https:\\\/\\\/www.linkedin.com\\\/company\\\/11857850\\\/\"]}]}<\/script>\n<!-- \/ Yoast SEO plugin. -->","yoast_head_json":{"title":"Nuestra cultura - Filtration Group- IAQ","robots":{"index":"index","follow":"follow","max-snippet":"max-snippet:-1","max-image-preview":"max-image-preview:large","max-video-preview":"max-video-preview:-1"},"canonical":"https:\/\/www.filtrationgroupiaq.com\/es\/acerca-de-nosotros\/nuestra-cultura\/","og_locale":"es_ES","og_type":"article","og_title":"Nuestra cultura - Filtration Group- IAQ","og_description":"La calidad del aire en interiores (Indoor Air Quality, IAQ) de Filtration Group (FG) se encuentra en la misi\u00f3n de hacer del mundo un lugar m\u00e1s seguro, saludable y productivo. Contamos con un equipo de trabajo apasionado, presencia global y capacidades de ingenier\u00eda y fabricaci\u00f3n de primera clase, estamos impulsando la innovaci\u00f3n y desarrollando soluciones [&hellip;]","og_url":"https:\/\/www.filtrationgroupiaq.com\/es\/acerca-de-nosotros\/nuestra-cultura\/","og_site_name":"Filtration Group- IAQ","article_modified_time":"2021-03-12T18:04:21+00:00","og_image":[{"url":"https:\/\/www.filtrationgroupiaq.com\/wp-content\/uploads\/2020\/08\/20190609_110812-crop-scaled-e1598020736287-1024x384.jpg","type":"","width":"","height":""}],"twitter_card":"summary_large_image","twitter_misc":{"Tiempo de lectura":"2 minutos"},"schema":{"@context":"https:\/\/schema.org","@graph":[{"@type":"WebPage","@id":"https:\/\/www.filtrationgroupiaq.com\/es\/acerca-de-nosotros\/nuestra-cultura\/","url":"https:\/\/www.filtrationgroupiaq.com\/es\/acerca-de-nosotros\/nuestra-cultura\/","name":"Nuestra cultura - Filtration Group- IAQ","isPartOf":{"@id":"https:\/\/www.filtrationgroupiaq.com\/es\/#website"},"primaryImageOfPage":{"@id":"https:\/\/www.filtrationgroupiaq.com\/es\/acerca-de-nosotros\/nuestra-cultura\/#primaryimage"},"image":{"@id":"https:\/\/www.filtrationgroupiaq.com\/es\/acerca-de-nosotros\/nuestra-cultura\/#primaryimage"},"thumbnailUrl":"https:\/\/www.filtrationgroupiaq.com\/wp-content\/uploads\/2020\/08\/20190609_110812-crop-scaled-e1598020736287-1024x384.jpg","datePublished":"2021-03-12T18:04:18+00:00","dateModified":"2021-03-12T18:04:21+00:00","breadcrumb":{"@id":"https:\/\/www.filtrationgroupiaq.com\/es\/acerca-de-nosotros\/nuestra-cultura\/#breadcrumb"},"inLanguage":"es","potentialAction":[{"@type":"ReadAction","target":["https:\/\/www.filtrationgroupiaq.com\/es\/acerca-de-nosotros\/nuestra-cultura\/"]}]},{"@type":"ImageObject","inLanguage":"es","@id":"https:\/\/www.filtrationgroupiaq.com\/es\/acerca-de-nosotros\/nuestra-cultura\/#primaryimage","url":"https:\/\/www.filtrationgroupiaq.com\/wp-content\/uploads\/2020\/08\/20190609_110812-crop-scaled-e1598020736287-1024x384.jpg","contentUrl":"https:\/\/www.filtrationgroupiaq.com\/wp-content\/uploads\/2020\/08\/20190609_110812-crop-scaled-e1598020736287-1024x384.jpg"},{"@type":"BreadcrumbList","@id":"https:\/\/www.filtrationgroupiaq.com\/es\/acerca-de-nosotros\/nuestra-cultura\/#breadcrumb","itemListElement":[{"@type":"ListItem","position":1,"name":"","item":"https:\/\/www.filtrationgroupiaq.com\/es\/"},{"@type":"ListItem","position":2,"name":"Acerca de nosotros","item":"https:\/\/www.filtrationgroupiaq.com\/es\/acerca-de-nosotros\/"},{"@type":"ListItem","position":3,"name":"Nuestra cultura"}]},{"@type":"WebSite","@id":"https:\/\/www.filtrationgroupiaq.com\/es\/#website","url":"https:\/\/www.filtrationgroupiaq.com\/es\/","name":"Filtration Group- IAQ","description":"Making the World Safer, Healthier and More Productive","publisher":{"@id":"https:\/\/www.filtrationgroupiaq.com\/es\/#organization"},"potentialAction":[{"@type":"SearchAction","target":{"@type":"EntryPoint","urlTemplate":"https:\/\/www.filtrationgroupiaq.com\/es\/?s={search_term_string}"},"query-input":{"@type":"PropertyValueSpecification","valueRequired":true,"valueName":"search_term_string"}}],"inLanguage":"es"},{"@type":"Organization","@id":"https:\/\/www.filtrationgroupiaq.com\/es\/#organization","name":"Filtration Group","url":"https:\/\/www.filtrationgroupiaq.com\/es\/","logo":{"@type":"ImageObject","inLanguage":"es","@id":"https:\/\/www.filtrationgroupiaq.com\/es\/#\/schema\/logo\/image\/","url":"https:\/\/www.filtrationgroupiaq.com\/wp-content\/uploads\/2019\/06\/FGC-logo-1.png","contentUrl":"https:\/\/www.filtrationgroupiaq.com\/wp-content\/uploads\/2019\/06\/FGC-logo-1.png","width":1104,"height":224,"caption":"Filtration Group"},"image":{"@id":"https:\/\/www.filtrationgroupiaq.com\/es\/#\/schema\/logo\/image\/"},"sameAs":["https:\/\/www.linkedin.com\/company\/11857850\/"]}]}},"_links":{"self":[{"href":"https:\/\/www.filtrationgroupiaq.com\/es\/wp-json\/wp\/v2\/pages\/7438","targetHints":{"allow":["GET"]}}],"collection":[{"href":"https:\/\/www.filtrationgroupiaq.com\/es\/wp-json\/wp\/v2\/pages"}],"about":[{"href":"https:\/\/www.filtrationgroupiaq.com\/es\/wp-json\/wp\/v2\/types\/page"}],"author":[{"embeddable":true,"href":"https:\/\/www.filtrationgroupiaq.com\/es\/wp-json\/wp\/v2\/users\/3"}],"replies":[{"embeddable":true,"href":"https:\/\/www.filtrationgroupiaq.com\/es\/wp-json\/wp\/v2\/comments?post=7438"}],"version-history":[{"count":0,"href":"https:\/\/www.filtrationgroupiaq.com\/es\/wp-json\/wp\/v2\/pages\/7438\/revisions"}],"up":[{"embeddable":true,"href":"https:\/\/www.filtrationgroupiaq.com\/es\/wp-json\/wp\/v2\/pages\/6970"}],"wp:attachment":[{"href":"https:\/\/www.filtrationgroupiaq.com\/es\/wp-json\/wp\/v2\/media?parent=7438"}],"curies":[{"name":"wp","href":"https:\/\/api.w.org\/{rel}","templated":true}]}}