{"id":7461,"date":"2021-03-12T13:04:19","date_gmt":"2021-03-12T18:04:19","guid":{"rendered":"https:\/\/www.filtrationgroupiaq.com\/aplicaciones\/hoteleria\/"},"modified":"2021-03-12T13:04:25","modified_gmt":"2021-03-12T18:04:25","slug":"hoteleria","status":"publish","type":"page","link":"https:\/\/www.filtrationgroupiaq.com\/es\/aplicaciones\/hoteleria\/","title":{"rendered":"HOTELER\u00cdA"},"content":{"rendered":"\n<div class=\"wp-block-cover alignfull has-background-dim\" style=\"background-image:url(https:\/\/www.filtrationgroupiaq.com\/wp-content\/uploads\/2020\/06\/AdobeStock_216090719-scaled.jpeg)\"><div class=\"wp-block-cover__inner-container is-layout-flow wp-block-cover-is-layout-flow\">\n<div class=\"wp-block-columns is-layout-flex wp-container-core-columns-is-layout-9d6595d7 wp-block-columns-is-layout-flex\">\n<div class=\"wp-block-column is-layout-flow wp-block-column-is-layout-flow\" style=\"flex-basis:68%\">\n<h1 class=\"wp-block-heading\">Reforzar la calidad del aire para garantizar la seguridad de los viajeros y del personal<\/h1>\n\n\n\n<p>La pandemia de Coronavirus est\u00e1 evolucionando diariamente y tiene un impacto significativo en la industria hotelera. Los hoteles est\u00e1n prepar\u00e1ndose para volver a abrir sus puertas, trabajando en nuevos est\u00e1ndares de limpieza, higiene y distanciamiento social de acuerdo con las directrices de la Organizaci\u00f3n Mundial de la Salud para los proveedores de alojamiento. Garantizar la calidad del aire que respiran los hu\u00e9spedes y el personal debe ser una de las prioridades fundamentales para eliminar la mayor\u00eda de los g\u00e9rmenes del aire.<\/p>\n<\/div>\n\n\n\n<div class=\"wp-block-column is-layout-flow wp-block-column-is-layout-flow\"><\/div>\n<\/div>\n<\/div><\/div>\n\n<div class=\"wp-block-columns is-layout-flex wp-container-core-columns-is-layout-9d6595d7 wp-block-columns-is-layout-flex\">\n<div class=\"wp-block-column is-layout-flow wp-block-column-is-layout-flow\" style=\"flex-basis:63.2%\">\n<h2 class=\"has-blue-color has-text-color wp-block-heading\">HOTELER\u00cdA<\/h2>\n\n\n\n<p>En el mundo de la hoteler\u00eda, la experiencia del cliente es primordial. Los olores y el aire viciado pueden hacer que los clientes se vayan, junto con las ganancias. Contar con el sistema correcto de filtros para ofrecer espacios bien ventilados, frescos y sin olor ni part\u00edculas debe ser una prioridad en cualquier uso.<\/p>\n\n\n\n<p>Desde usos en espacios de cerca de 900\u00a0metros cuadrados (10\u00a0000 pies cuadrados) hasta m\u00e1s de 90\u00a0000 metros cuadrados (1\u00a0000\u00a0000 pies cuadrados), la IAQ de Filtration Group puede ayudarlo a encontrar la soluci\u00f3n correcta para priorizar la calidad del aire en sus espacos interiores, tanto para usted como para sus clientes sin descuidar su presupuesto. Tenemos a su disposici\u00f3n muchos tipos de filtros de part\u00edculas y carbono, separados o combinados, para satisfacer sus necesidades.<\/p>\n\n\n\n<p>Mediante los filtros miniplisados en paneles de alta eficiencia y baja ca\u00edda de presi\u00f3n Nexfil y GeoPleat, hemos posibilitado el ahorro de energ\u00eda, mano de obra en instalaci\u00f3n y almacenamiento de centros de convenciones y hoteles, mejorando la calidad del aire de sus espacios interiores. Si los olores provenientes de contaminantes o de la cocina son un problema, tnuestra gama de productos de carbono puede ser utilizada para disminuir esos olores y mejorar la experiencia de sus residentes.<\/p>\n\n\n\n<p><strong>Improve your top and bottom line by talking to us &#8211;<a href=\"https:\/\/www.filtrationgroupiaq.com\/contactus\/\">\u00a0click here for your free consultation!<\/a><\/strong><\/p>\n<\/div>\n\n\n\n<div class=\"wp-block-column is-layout-flow wp-block-column-is-layout-flow\" style=\"flex-basis:50.7%\">\n<div class=\"wp-block-media-text alignwide is-vertically-aligned-top is-image-fill has-white-background-color has-background\" style=\"grid-template-columns:38% auto\"><figure class=\"wp-block-media-text__media\" style=\"background-image:url(https:\/\/www.filtrationgroupiaq.com\/wp-content\/uploads\/2020\/08\/map7-829x1024.jpg);background-position:50% 50%\"><img loading=\"lazy\" decoding=\"async\" width=\"829\" height=\"1024\" src=\"https:\/\/www.filtrationgroupiaq.com\/wp-content\/uploads\/2020\/08\/map7-829x1024.jpg\" alt=\"\" class=\"wp-image-4259\" srcset=\"https:\/\/www.filtrationgroupiaq.com\/wp-content\/uploads\/2020\/08\/map7-829x1024.jpg 829w, https:\/\/www.filtrationgroupiaq.com\/wp-content\/uploads\/2020\/08\/map7-243x300.jpg 243w, https:\/\/www.filtrationgroupiaq.com\/wp-content\/uploads\/2020\/08\/map7-768x949.jpg 768w, https:\/\/www.filtrationgroupiaq.com\/wp-content\/uploads\/2020\/08\/map7.jpg 862w\" sizes=\"auto, (max-width: 829px) 100vw, 829px\" \/><\/figure><div class=\"wp-block-media-text__content\">\n<p class=\"has-normal-font-size\"><strong>Para obtener informaci\u00f3n sobre productos recomendados, programas de servicio y consultas generales gratuitas<\/strong><\/p>\n\n\n\n<div class=\"wp-block-button\"><a class=\"wp-block-button__link has-white-color has-blue-background-color has-text-color has-background\" href=\"https:\/\/www.filtrationgroupiaq.com\/es\/comuniquese-con-nosotros\/\" target=\"_blank\" rel=\"noreferrer noopener\">Contacto de ventas<\/a><\/div>\n<\/div><\/div>\n<\/div>\n<\/div>\n\n<div class=\"wp-block-media-text alignwide is-stacked-on-mobile grayblock\" style=\"grid-template-columns:41% auto\"><figure class=\"wp-block-media-text__media\"><img loading=\"lazy\" decoding=\"async\" width=\"1024\" height=\"635\" src=\"https:\/\/www.filtrationgroupiaq.com\/wp-content\/uploads\/2020\/05\/IndoorAirHygiene.com_-1024x635.jpg\" alt=\"\" class=\"wp-image-6628\" srcset=\"https:\/\/www.filtrationgroupiaq.com\/wp-content\/uploads\/2020\/05\/IndoorAirHygiene.com_-1024x635.jpg 1024w, https:\/\/www.filtrationgroupiaq.com\/wp-content\/uploads\/2020\/05\/IndoorAirHygiene.com_-300x186.jpg 300w, https:\/\/www.filtrationgroupiaq.com\/wp-content\/uploads\/2020\/05\/IndoorAirHygiene.com_-768x477.jpg 768w, https:\/\/www.filtrationgroupiaq.com\/wp-content\/uploads\/2020\/05\/IndoorAirHygiene.com_.jpg 1083w\" sizes=\"auto, (max-width: 1024px) 100vw, 1024px\" \/><\/figure><div class=\"wp-block-media-text__content\">\n<p><\/p>\n\n\n\n<h3 class=\"wp-block-heading\"><strong>\u00bfLE PREOCUPA REABRIR SU NEGOCIO?<\/strong><\/h3>\n\n\n\n<p><strong><a href=\"http:\/\/indoorairhygiene.com\/\">INDOORAIRHYGIENE.COM<\/a><\/strong>\u00a0es un centro de recursos gratuito cortes\u00eda de FG IAQ, del Grupo Filtration Group y Madison Industries.<\/p>\n\n\n\n<div class=\"wp-block-button is-style-outline is-style-outline--1\"><a class=\"wp-block-button__link has-text-color has-blue-color has-background has-white-background-color\" href=\"http:\/\/www.indoorairhygiene.com\">Visite el Centro de recursos<\/a><\/div>\n\n\n\n<p><\/p>\n<\/div><\/div>\n","protected":false},"excerpt":{"rendered":"<p>HOTELER\u00cdA En el mundo de la hoteler\u00eda, la experiencia del cliente es primordial. Los olores y el aire viciado pueden hacer que los clientes se vayan, junto con las ganancias. Contar con el sistema correcto de filtros para ofrecer espacios bien ventilados, frescos y sin olor ni part\u00edculas debe ser una prioridad en cualquier uso. [&hellip;]<\/p>\n","protected":false},"author":3,"featured_media":7471,"parent":7055,"menu_order":4,"comment_status":"closed","ping_status":"closed","template":"","meta":{"_acf_changed":false,"footnotes":""},"class_list":["post-7461","page","type-page","status-publish","has-post-thumbnail","hentry"],"acf":[],"yoast_head":"<!-- This site is optimized with the Yoast SEO plugin v27.3 - https:\/\/yoast.com\/product\/yoast-seo-wordpress\/ -->\n<title>HOTELER\u00cdA - Filtration Group- IAQ<\/title>\n<meta name=\"robots\" content=\"index, follow, max-snippet:-1, max-image-preview:large, max-video-preview:-1\" \/>\n<link rel=\"canonical\" href=\"https:\/\/www.filtrationgroupiaq.com\/es\/aplicaciones\/hoteleria\/\" \/>\n<meta property=\"og:locale\" content=\"es_ES\" \/>\n<meta property=\"og:type\" content=\"article\" \/>\n<meta property=\"og:title\" content=\"HOTELER\u00cdA - Filtration Group- IAQ\" \/>\n<meta property=\"og:description\" content=\"HOTELER\u00cdA En el mundo de la hoteler\u00eda, la experiencia del cliente es primordial. Los olores y el aire viciado pueden hacer que los clientes se vayan, junto con las ganancias. Contar con el sistema correcto de filtros para ofrecer espacios bien ventilados, frescos y sin olor ni part\u00edculas debe ser una prioridad en cualquier uso. [&hellip;]\" \/>\n<meta property=\"og:url\" content=\"https:\/\/www.filtrationgroupiaq.com\/es\/aplicaciones\/hoteleria\/\" \/>\n<meta property=\"og:site_name\" content=\"Filtration Group- IAQ\" \/>\n<meta property=\"article:modified_time\" content=\"2021-03-12T18:04:25+00:00\" \/>\n<meta property=\"og:image\" content=\"https:\/\/www.filtrationgroupiaq.com\/wp-content\/uploads\/2020\/06\/AdobeStock_216090719-2-scaled-e1592399415543.jpeg\" \/>\n\t<meta property=\"og:image:width\" content=\"2560\" \/>\n\t<meta property=\"og:image:height\" content=\"1509\" \/>\n\t<meta property=\"og:image:type\" content=\"image\/jpeg\" \/>\n<meta name=\"twitter:card\" content=\"summary_large_image\" \/>\n<meta name=\"twitter:label1\" content=\"Tiempo de lectura\" \/>\n\t<meta name=\"twitter:data1\" content=\"2 minutos\" \/>\n<script type=\"application\/ld+json\" class=\"yoast-schema-graph\">{\"@context\":\"https:\\\/\\\/schema.org\",\"@graph\":[{\"@type\":\"WebPage\",\"@id\":\"https:\\\/\\\/www.filtrationgroupiaq.com\\\/es\\\/aplicaciones\\\/hoteleria\\\/\",\"url\":\"https:\\\/\\\/www.filtrationgroupiaq.com\\\/es\\\/aplicaciones\\\/hoteleria\\\/\",\"name\":\"HOTELER\u00cdA - Filtration Group- IAQ\",\"isPartOf\":{\"@id\":\"https:\\\/\\\/www.filtrationgroupiaq.com\\\/es\\\/#website\"},\"primaryImageOfPage\":{\"@id\":\"https:\\\/\\\/www.filtrationgroupiaq.com\\\/es\\\/aplicaciones\\\/hoteleria\\\/#primaryimage\"},\"image\":{\"@id\":\"https:\\\/\\\/www.filtrationgroupiaq.com\\\/es\\\/aplicaciones\\\/hoteleria\\\/#primaryimage\"},\"thumbnailUrl\":\"https:\\\/\\\/www.filtrationgroupiaq.com\\\/wp-content\\\/uploads\\\/2020\\\/06\\\/AdobeStock_216090719-2-scaled-e1592399415543.jpeg\",\"datePublished\":\"2021-03-12T18:04:19+00:00\",\"dateModified\":\"2021-03-12T18:04:25+00:00\",\"breadcrumb\":{\"@id\":\"https:\\\/\\\/www.filtrationgroupiaq.com\\\/es\\\/aplicaciones\\\/hoteleria\\\/#breadcrumb\"},\"inLanguage\":\"es\",\"potentialAction\":[{\"@type\":\"ReadAction\",\"target\":[\"https:\\\/\\\/www.filtrationgroupiaq.com\\\/es\\\/aplicaciones\\\/hoteleria\\\/\"]}]},{\"@type\":\"ImageObject\",\"inLanguage\":\"es\",\"@id\":\"https:\\\/\\\/www.filtrationgroupiaq.com\\\/es\\\/aplicaciones\\\/hoteleria\\\/#primaryimage\",\"url\":\"https:\\\/\\\/www.filtrationgroupiaq.com\\\/wp-content\\\/uploads\\\/2020\\\/06\\\/AdobeStock_216090719-2-scaled-e1592399415543.jpeg\",\"contentUrl\":\"https:\\\/\\\/www.filtrationgroupiaq.com\\\/wp-content\\\/uploads\\\/2020\\\/06\\\/AdobeStock_216090719-2-scaled-e1592399415543.jpeg\",\"width\":2560,\"height\":1509,\"caption\":\"pareja cerca del mostrador de recepci\u00f3n del hotel\"},{\"@type\":\"BreadcrumbList\",\"@id\":\"https:\\\/\\\/www.filtrationgroupiaq.com\\\/es\\\/aplicaciones\\\/hoteleria\\\/#breadcrumb\",\"itemListElement\":[{\"@type\":\"ListItem\",\"position\":1,\"name\":\"\",\"item\":\"https:\\\/\\\/www.filtrationgroupiaq.com\\\/es\\\/\"},{\"@type\":\"ListItem\",\"position\":2,\"name\":\"Aplicaciones\",\"item\":\"https:\\\/\\\/www.filtrationgroupiaq.com\\\/es\\\/aplicaciones\\\/\"},{\"@type\":\"ListItem\",\"position\":3,\"name\":\"HOTELER\u00cdA\"}]},{\"@type\":\"WebSite\",\"@id\":\"https:\\\/\\\/www.filtrationgroupiaq.com\\\/es\\\/#website\",\"url\":\"https:\\\/\\\/www.filtrationgroupiaq.com\\\/es\\\/\",\"name\":\"Filtration Group- IAQ\",\"description\":\"Making the World Safer, Healthier and More Productive\",\"publisher\":{\"@id\":\"https:\\\/\\\/www.filtrationgroupiaq.com\\\/es\\\/#organization\"},\"potentialAction\":[{\"@type\":\"SearchAction\",\"target\":{\"@type\":\"EntryPoint\",\"urlTemplate\":\"https:\\\/\\\/www.filtrationgroupiaq.com\\\/es\\\/?s={search_term_string}\"},\"query-input\":{\"@type\":\"PropertyValueSpecification\",\"valueRequired\":true,\"valueName\":\"search_term_string\"}}],\"inLanguage\":\"es\"},{\"@type\":\"Organization\",\"@id\":\"https:\\\/\\\/www.filtrationgroupiaq.com\\\/es\\\/#organization\",\"name\":\"Filtration Group\",\"url\":\"https:\\\/\\\/www.filtrationgroupiaq.com\\\/es\\\/\",\"logo\":{\"@type\":\"ImageObject\",\"inLanguage\":\"es\",\"@id\":\"https:\\\/\\\/www.filtrationgroupiaq.com\\\/es\\\/#\\\/schema\\\/logo\\\/image\\\/\",\"url\":\"https:\\\/\\\/www.filtrationgroupiaq.com\\\/wp-content\\\/uploads\\\/2019\\\/06\\\/FGC-logo-1.png\",\"contentUrl\":\"https:\\\/\\\/www.filtrationgroupiaq.com\\\/wp-content\\\/uploads\\\/2019\\\/06\\\/FGC-logo-1.png\",\"width\":1104,\"height\":224,\"caption\":\"Filtration Group\"},\"image\":{\"@id\":\"https:\\\/\\\/www.filtrationgroupiaq.com\\\/es\\\/#\\\/schema\\\/logo\\\/image\\\/\"},\"sameAs\":[\"https:\\\/\\\/www.linkedin.com\\\/company\\\/11857850\\\/\"]}]}<\/script>\n<!-- \/ Yoast SEO plugin. -->","yoast_head_json":{"title":"HOTELER\u00cdA - Filtration Group- IAQ","robots":{"index":"index","follow":"follow","max-snippet":"max-snippet:-1","max-image-preview":"max-image-preview:large","max-video-preview":"max-video-preview:-1"},"canonical":"https:\/\/www.filtrationgroupiaq.com\/es\/aplicaciones\/hoteleria\/","og_locale":"es_ES","og_type":"article","og_title":"HOTELER\u00cdA - Filtration Group- IAQ","og_description":"HOTELER\u00cdA En el mundo de la hoteler\u00eda, la experiencia del cliente es primordial. Los olores y el aire viciado pueden hacer que los clientes se vayan, junto con las ganancias. Contar con el sistema correcto de filtros para ofrecer espacios bien ventilados, frescos y sin olor ni part\u00edculas debe ser una prioridad en cualquier uso. [&hellip;]","og_url":"https:\/\/www.filtrationgroupiaq.com\/es\/aplicaciones\/hoteleria\/","og_site_name":"Filtration Group- IAQ","article_modified_time":"2021-03-12T18:04:25+00:00","og_image":[{"width":2560,"height":1509,"url":"https:\/\/www.filtrationgroupiaq.com\/wp-content\/uploads\/2020\/06\/AdobeStock_216090719-2-scaled-e1592399415543.jpeg","type":"image\/jpeg"}],"twitter_card":"summary_large_image","twitter_misc":{"Tiempo de lectura":"2 minutos"},"schema":{"@context":"https:\/\/schema.org","@graph":[{"@type":"WebPage","@id":"https:\/\/www.filtrationgroupiaq.com\/es\/aplicaciones\/hoteleria\/","url":"https:\/\/www.filtrationgroupiaq.com\/es\/aplicaciones\/hoteleria\/","name":"HOTELER\u00cdA - Filtration Group- IAQ","isPartOf":{"@id":"https:\/\/www.filtrationgroupiaq.com\/es\/#website"},"primaryImageOfPage":{"@id":"https:\/\/www.filtrationgroupiaq.com\/es\/aplicaciones\/hoteleria\/#primaryimage"},"image":{"@id":"https:\/\/www.filtrationgroupiaq.com\/es\/aplicaciones\/hoteleria\/#primaryimage"},"thumbnailUrl":"https:\/\/www.filtrationgroupiaq.com\/wp-content\/uploads\/2020\/06\/AdobeStock_216090719-2-scaled-e1592399415543.jpeg","datePublished":"2021-03-12T18:04:19+00:00","dateModified":"2021-03-12T18:04:25+00:00","breadcrumb":{"@id":"https:\/\/www.filtrationgroupiaq.com\/es\/aplicaciones\/hoteleria\/#breadcrumb"},"inLanguage":"es","potentialAction":[{"@type":"ReadAction","target":["https:\/\/www.filtrationgroupiaq.com\/es\/aplicaciones\/hoteleria\/"]}]},{"@type":"ImageObject","inLanguage":"es","@id":"https:\/\/www.filtrationgroupiaq.com\/es\/aplicaciones\/hoteleria\/#primaryimage","url":"https:\/\/www.filtrationgroupiaq.com\/wp-content\/uploads\/2020\/06\/AdobeStock_216090719-2-scaled-e1592399415543.jpeg","contentUrl":"https:\/\/www.filtrationgroupiaq.com\/wp-content\/uploads\/2020\/06\/AdobeStock_216090719-2-scaled-e1592399415543.jpeg","width":2560,"height":1509,"caption":"pareja cerca del mostrador de recepci\u00f3n del hotel"},{"@type":"BreadcrumbList","@id":"https:\/\/www.filtrationgroupiaq.com\/es\/aplicaciones\/hoteleria\/#breadcrumb","itemListElement":[{"@type":"ListItem","position":1,"name":"","item":"https:\/\/www.filtrationgroupiaq.com\/es\/"},{"@type":"ListItem","position":2,"name":"Aplicaciones","item":"https:\/\/www.filtrationgroupiaq.com\/es\/aplicaciones\/"},{"@type":"ListItem","position":3,"name":"HOTELER\u00cdA"}]},{"@type":"WebSite","@id":"https:\/\/www.filtrationgroupiaq.com\/es\/#website","url":"https:\/\/www.filtrationgroupiaq.com\/es\/","name":"Filtration Group- IAQ","description":"Making the World Safer, Healthier and More Productive","publisher":{"@id":"https:\/\/www.filtrationgroupiaq.com\/es\/#organization"},"potentialAction":[{"@type":"SearchAction","target":{"@type":"EntryPoint","urlTemplate":"https:\/\/www.filtrationgroupiaq.com\/es\/?s={search_term_string}"},"query-input":{"@type":"PropertyValueSpecification","valueRequired":true,"valueName":"search_term_string"}}],"inLanguage":"es"},{"@type":"Organization","@id":"https:\/\/www.filtrationgroupiaq.com\/es\/#organization","name":"Filtration Group","url":"https:\/\/www.filtrationgroupiaq.com\/es\/","logo":{"@type":"ImageObject","inLanguage":"es","@id":"https:\/\/www.filtrationgroupiaq.com\/es\/#\/schema\/logo\/image\/","url":"https:\/\/www.filtrationgroupiaq.com\/wp-content\/uploads\/2019\/06\/FGC-logo-1.png","contentUrl":"https:\/\/www.filtrationgroupiaq.com\/wp-content\/uploads\/2019\/06\/FGC-logo-1.png","width":1104,"height":224,"caption":"Filtration Group"},"image":{"@id":"https:\/\/www.filtrationgroupiaq.com\/es\/#\/schema\/logo\/image\/"},"sameAs":["https:\/\/www.linkedin.com\/company\/11857850\/"]}]}},"_links":{"self":[{"href":"https:\/\/www.filtrationgroupiaq.com\/es\/wp-json\/wp\/v2\/pages\/7461","targetHints":{"allow":["GET"]}}],"collection":[{"href":"https:\/\/www.filtrationgroupiaq.com\/es\/wp-json\/wp\/v2\/pages"}],"about":[{"href":"https:\/\/www.filtrationgroupiaq.com\/es\/wp-json\/wp\/v2\/types\/page"}],"author":[{"embeddable":true,"href":"https:\/\/www.filtrationgroupiaq.com\/es\/wp-json\/wp\/v2\/users\/3"}],"replies":[{"embeddable":true,"href":"https:\/\/www.filtrationgroupiaq.com\/es\/wp-json\/wp\/v2\/comments?post=7461"}],"version-history":[{"count":0,"href":"https:\/\/www.filtrationgroupiaq.com\/es\/wp-json\/wp\/v2\/pages\/7461\/revisions"}],"up":[{"embeddable":true,"href":"https:\/\/www.filtrationgroupiaq.com\/es\/wp-json\/wp\/v2\/pages\/7055"}],"wp:featuredmedia":[{"embeddable":true,"href":"https:\/\/www.filtrationgroupiaq.com\/es\/wp-json\/wp\/v2\/media\/7471"}],"wp:attachment":[{"href":"https:\/\/www.filtrationgroupiaq.com\/es\/wp-json\/wp\/v2\/media?parent=7461"}],"curies":[{"name":"wp","href":"https:\/\/api.w.org\/{rel}","templated":true}]}}