{"id":7474,"date":"2021-03-12T13:04:20","date_gmt":"2021-03-12T18:04:20","guid":{"rendered":"https:\/\/www.filtrationgroupiaq.com\/acerca-de-nosotros\/carreras-profesionales\/"},"modified":"2021-03-12T13:04:21","modified_gmt":"2021-03-12T18:04:21","slug":"carreras-profesionales","status":"publish","type":"page","link":"https:\/\/www.filtrationgroupiaq.com\/es\/acerca-de-nosotros\/carreras-profesionales\/","title":{"rendered":"Carreras profesionales"},"content":{"rendered":"\n<div class=\"wp-block-cover alignfull has-background-dim-10 has-black-background-color has-background-dim hero-small\" style=\"background-image:url(https:\/\/www.filtrationgroupiaq.com\/wp-content\/uploads\/2020\/07\/banner-web7-3.png);background-position:20% 20%;min-height:324px;aspect-ratio:unset;\"><div class=\"wp-block-cover__inner-container is-layout-flow wp-block-cover-is-layout-flow\">\n<p style=\"font-size:45px\" class=\"has-text-align-center\"><strong>Nuestro prop\u00f3sito<\/strong><\/p>\n\n\n\n<div style=\"height:27px\" aria-hidden=\"true\" class=\"wp-block-spacer\"><\/div>\n<\/div><\/div>\n\n<h2 class=\"wp-block-heading\">Carreras profesionales<\/h2>\n\n<p>Fomentamos una cultura de creatividad que recompensa la b\u00fasqueda apasionada y el esp\u00edritu emprendedor. Animamos a nuestros empleados a asumir riesgos, desarrollar nuevas habilidades y responder las preguntas dif\u00edciles que vienen con el trabajo. Porque creemos que quienes tienen una postura activa son capaces de hacer grandes cambios y conseguir las mejores recompensas.<\/p>\n\n<p>Juntos, hacemos que el mundo sea m\u00e1s seguro, m\u00e1s saludable y m\u00e1s productivo. Y estamos siempre en la b\u00fasqueda de m\u00e1s personas que quieran participar de esta misi\u00f3n y deseen dedicar su carrera profesional a hacer la diferencia.<\/p>\n\n<div class=\"wp-block-media-text alignwide is-stacked-on-mobile\" style=\"grid-template-columns:47% auto\"><figure class=\"wp-block-media-text__media\"><img decoding=\"async\" src=\"https:\/\/d2mu7k5bbjmx2j.cloudfront.net\/styles\/spotlight\/public\/images\/2018-02\/bigstock--179888467%20%282%29.jpg?itok=PGYAp9k_\" alt=\"Oportunidades laborales\" \/><\/figure><div class=\"wp-block-media-text__content\">\n<h3 class=\"wp-block-heading\">Buscar oportunidades laborales<\/h3>\n\n\n\n<p> Si es de quienes disfrutan de los beneficios de trabajar con personas de diversas culturas y trasfondos, puede que sea la persona ideal para nuestro equipo. <a rel=\"noreferrer noopener\" href=\"https:\/\/www.linkedin.com\/jobs\/search?locationId=OTHERS%2Eworldwide&amp;f_C=691913%2C943538%2C434777%2C1113726%2C576810%2C1008282%2C2039640%2C2061571%2C3048315%2C126524%2C1105210%2C73974&amp;trk=companyTopCard_top-card-button\" target=\"_blank\">VER LAS OFERTAS DE TRABAJO\u00a0<\/a><\/p>\n<\/div><\/div>\n","protected":false},"excerpt":{"rendered":"<p>Carreras profesionales Fomentamos una cultura de creatividad que recompensa la b\u00fasqueda apasionada y el esp\u00edritu emprendedor. Animamos a nuestros empleados a asumir riesgos, desarrollar nuevas habilidades y responder las preguntas dif\u00edciles que vienen con el trabajo. Porque creemos que quienes tienen una postura activa son capaces de hacer grandes cambios y conseguir las mejores recompensas. [&hellip;]<\/p>\n","protected":false},"author":4,"featured_media":0,"parent":6970,"menu_order":0,"comment_status":"closed","ping_status":"closed","template":"","meta":{"_acf_changed":false,"footnotes":""},"class_list":["post-7474","page","type-page","status-publish","hentry"],"acf":[],"yoast_head":"<!-- This site is optimized with the Yoast SEO plugin v27.3 - https:\/\/yoast.com\/product\/yoast-seo-wordpress\/ -->\n<title>Carreras profesionales - Filtration Group- IAQ<\/title>\n<meta name=\"robots\" content=\"index, follow, max-snippet:-1, max-image-preview:large, max-video-preview:-1\" \/>\n<link rel=\"canonical\" href=\"https:\/\/www.filtrationgroupiaq.com\/es\/acerca-de-nosotros\/carreras-profesionales\/\" \/>\n<meta property=\"og:locale\" content=\"es_ES\" \/>\n<meta property=\"og:type\" content=\"article\" \/>\n<meta property=\"og:title\" content=\"Carreras profesionales - Filtration Group- IAQ\" \/>\n<meta property=\"og:description\" content=\"Carreras profesionales Fomentamos una cultura de creatividad que recompensa la b\u00fasqueda apasionada y el esp\u00edritu emprendedor. Animamos a nuestros empleados a asumir riesgos, desarrollar nuevas habilidades y responder las preguntas dif\u00edciles que vienen con el trabajo. Porque creemos que quienes tienen una postura activa son capaces de hacer grandes cambios y conseguir las mejores recompensas. [&hellip;]\" \/>\n<meta property=\"og:url\" content=\"https:\/\/www.filtrationgroupiaq.com\/es\/acerca-de-nosotros\/carreras-profesionales\/\" \/>\n<meta property=\"og:site_name\" content=\"Filtration Group- IAQ\" \/>\n<meta property=\"article:modified_time\" content=\"2021-03-12T18:04:21+00:00\" \/>\n<meta property=\"og:image\" content=\"https:\/\/d2mu7k5bbjmx2j.cloudfront.net\/styles\/spotlight\/public\/images\/2018-02\/bigstock--179888467%20%282%29.jpg?itok=PGYAp9k_\" \/>\n<meta name=\"twitter:card\" content=\"summary_large_image\" \/>\n<meta name=\"twitter:label1\" content=\"Tiempo de lectura\" \/>\n\t<meta name=\"twitter:data1\" content=\"1 minuto\" \/>\n<script type=\"application\/ld+json\" class=\"yoast-schema-graph\">{\"@context\":\"https:\\\/\\\/schema.org\",\"@graph\":[{\"@type\":\"WebPage\",\"@id\":\"https:\\\/\\\/www.filtrationgroupiaq.com\\\/es\\\/acerca-de-nosotros\\\/carreras-profesionales\\\/\",\"url\":\"https:\\\/\\\/www.filtrationgroupiaq.com\\\/es\\\/acerca-de-nosotros\\\/carreras-profesionales\\\/\",\"name\":\"Carreras profesionales - Filtration Group- IAQ\",\"isPartOf\":{\"@id\":\"https:\\\/\\\/www.filtrationgroupiaq.com\\\/es\\\/#website\"},\"primaryImageOfPage\":{\"@id\":\"https:\\\/\\\/www.filtrationgroupiaq.com\\\/es\\\/acerca-de-nosotros\\\/carreras-profesionales\\\/#primaryimage\"},\"image\":{\"@id\":\"https:\\\/\\\/www.filtrationgroupiaq.com\\\/es\\\/acerca-de-nosotros\\\/carreras-profesionales\\\/#primaryimage\"},\"thumbnailUrl\":\"https:\\\/\\\/d2mu7k5bbjmx2j.cloudfront.net\\\/styles\\\/spotlight\\\/public\\\/images\\\/2018-02\\\/bigstock--179888467%20%282%29.jpg?itok=PGYAp9k_\",\"datePublished\":\"2021-03-12T18:04:20+00:00\",\"dateModified\":\"2021-03-12T18:04:21+00:00\",\"breadcrumb\":{\"@id\":\"https:\\\/\\\/www.filtrationgroupiaq.com\\\/es\\\/acerca-de-nosotros\\\/carreras-profesionales\\\/#breadcrumb\"},\"inLanguage\":\"es\",\"potentialAction\":[{\"@type\":\"ReadAction\",\"target\":[\"https:\\\/\\\/www.filtrationgroupiaq.com\\\/es\\\/acerca-de-nosotros\\\/carreras-profesionales\\\/\"]}]},{\"@type\":\"ImageObject\",\"inLanguage\":\"es\",\"@id\":\"https:\\\/\\\/www.filtrationgroupiaq.com\\\/es\\\/acerca-de-nosotros\\\/carreras-profesionales\\\/#primaryimage\",\"url\":\"https:\\\/\\\/d2mu7k5bbjmx2j.cloudfront.net\\\/styles\\\/spotlight\\\/public\\\/images\\\/2018-02\\\/bigstock--179888467%20%282%29.jpg?itok=PGYAp9k_\",\"contentUrl\":\"https:\\\/\\\/d2mu7k5bbjmx2j.cloudfront.net\\\/styles\\\/spotlight\\\/public\\\/images\\\/2018-02\\\/bigstock--179888467%20%282%29.jpg?itok=PGYAp9k_\"},{\"@type\":\"BreadcrumbList\",\"@id\":\"https:\\\/\\\/www.filtrationgroupiaq.com\\\/es\\\/acerca-de-nosotros\\\/carreras-profesionales\\\/#breadcrumb\",\"itemListElement\":[{\"@type\":\"ListItem\",\"position\":1,\"name\":\"\",\"item\":\"https:\\\/\\\/www.filtrationgroupiaq.com\\\/es\\\/\"},{\"@type\":\"ListItem\",\"position\":2,\"name\":\"Acerca de nosotros\",\"item\":\"https:\\\/\\\/www.filtrationgroupiaq.com\\\/es\\\/acerca-de-nosotros\\\/\"},{\"@type\":\"ListItem\",\"position\":3,\"name\":\"Carreras profesionales\"}]},{\"@type\":\"WebSite\",\"@id\":\"https:\\\/\\\/www.filtrationgroupiaq.com\\\/es\\\/#website\",\"url\":\"https:\\\/\\\/www.filtrationgroupiaq.com\\\/es\\\/\",\"name\":\"Filtration Group- IAQ\",\"description\":\"Making the World Safer, Healthier and More Productive\",\"publisher\":{\"@id\":\"https:\\\/\\\/www.filtrationgroupiaq.com\\\/es\\\/#organization\"},\"potentialAction\":[{\"@type\":\"SearchAction\",\"target\":{\"@type\":\"EntryPoint\",\"urlTemplate\":\"https:\\\/\\\/www.filtrationgroupiaq.com\\\/es\\\/?s={search_term_string}\"},\"query-input\":{\"@type\":\"PropertyValueSpecification\",\"valueRequired\":true,\"valueName\":\"search_term_string\"}}],\"inLanguage\":\"es\"},{\"@type\":\"Organization\",\"@id\":\"https:\\\/\\\/www.filtrationgroupiaq.com\\\/es\\\/#organization\",\"name\":\"Filtration Group\",\"url\":\"https:\\\/\\\/www.filtrationgroupiaq.com\\\/es\\\/\",\"logo\":{\"@type\":\"ImageObject\",\"inLanguage\":\"es\",\"@id\":\"https:\\\/\\\/www.filtrationgroupiaq.com\\\/es\\\/#\\\/schema\\\/logo\\\/image\\\/\",\"url\":\"https:\\\/\\\/www.filtrationgroupiaq.com\\\/wp-content\\\/uploads\\\/2019\\\/06\\\/FGC-logo-1.png\",\"contentUrl\":\"https:\\\/\\\/www.filtrationgroupiaq.com\\\/wp-content\\\/uploads\\\/2019\\\/06\\\/FGC-logo-1.png\",\"width\":1104,\"height\":224,\"caption\":\"Filtration Group\"},\"image\":{\"@id\":\"https:\\\/\\\/www.filtrationgroupiaq.com\\\/es\\\/#\\\/schema\\\/logo\\\/image\\\/\"},\"sameAs\":[\"https:\\\/\\\/www.linkedin.com\\\/company\\\/11857850\\\/\"]}]}<\/script>\n<!-- \/ Yoast SEO plugin. -->","yoast_head_json":{"title":"Carreras profesionales - Filtration Group- IAQ","robots":{"index":"index","follow":"follow","max-snippet":"max-snippet:-1","max-image-preview":"max-image-preview:large","max-video-preview":"max-video-preview:-1"},"canonical":"https:\/\/www.filtrationgroupiaq.com\/es\/acerca-de-nosotros\/carreras-profesionales\/","og_locale":"es_ES","og_type":"article","og_title":"Carreras profesionales - Filtration Group- IAQ","og_description":"Carreras profesionales Fomentamos una cultura de creatividad que recompensa la b\u00fasqueda apasionada y el esp\u00edritu emprendedor. Animamos a nuestros empleados a asumir riesgos, desarrollar nuevas habilidades y responder las preguntas dif\u00edciles que vienen con el trabajo. Porque creemos que quienes tienen una postura activa son capaces de hacer grandes cambios y conseguir las mejores recompensas. [&hellip;]","og_url":"https:\/\/www.filtrationgroupiaq.com\/es\/acerca-de-nosotros\/carreras-profesionales\/","og_site_name":"Filtration Group- IAQ","article_modified_time":"2021-03-12T18:04:21+00:00","og_image":[{"url":"https:\/\/d2mu7k5bbjmx2j.cloudfront.net\/styles\/spotlight\/public\/images\/2018-02\/bigstock--179888467%20%282%29.jpg?itok=PGYAp9k_","type":"","width":"","height":""}],"twitter_card":"summary_large_image","twitter_misc":{"Tiempo de lectura":"1 minuto"},"schema":{"@context":"https:\/\/schema.org","@graph":[{"@type":"WebPage","@id":"https:\/\/www.filtrationgroupiaq.com\/es\/acerca-de-nosotros\/carreras-profesionales\/","url":"https:\/\/www.filtrationgroupiaq.com\/es\/acerca-de-nosotros\/carreras-profesionales\/","name":"Carreras profesionales - Filtration Group- IAQ","isPartOf":{"@id":"https:\/\/www.filtrationgroupiaq.com\/es\/#website"},"primaryImageOfPage":{"@id":"https:\/\/www.filtrationgroupiaq.com\/es\/acerca-de-nosotros\/carreras-profesionales\/#primaryimage"},"image":{"@id":"https:\/\/www.filtrationgroupiaq.com\/es\/acerca-de-nosotros\/carreras-profesionales\/#primaryimage"},"thumbnailUrl":"https:\/\/d2mu7k5bbjmx2j.cloudfront.net\/styles\/spotlight\/public\/images\/2018-02\/bigstock--179888467%20%282%29.jpg?itok=PGYAp9k_","datePublished":"2021-03-12T18:04:20+00:00","dateModified":"2021-03-12T18:04:21+00:00","breadcrumb":{"@id":"https:\/\/www.filtrationgroupiaq.com\/es\/acerca-de-nosotros\/carreras-profesionales\/#breadcrumb"},"inLanguage":"es","potentialAction":[{"@type":"ReadAction","target":["https:\/\/www.filtrationgroupiaq.com\/es\/acerca-de-nosotros\/carreras-profesionales\/"]}]},{"@type":"ImageObject","inLanguage":"es","@id":"https:\/\/www.filtrationgroupiaq.com\/es\/acerca-de-nosotros\/carreras-profesionales\/#primaryimage","url":"https:\/\/d2mu7k5bbjmx2j.cloudfront.net\/styles\/spotlight\/public\/images\/2018-02\/bigstock--179888467%20%282%29.jpg?itok=PGYAp9k_","contentUrl":"https:\/\/d2mu7k5bbjmx2j.cloudfront.net\/styles\/spotlight\/public\/images\/2018-02\/bigstock--179888467%20%282%29.jpg?itok=PGYAp9k_"},{"@type":"BreadcrumbList","@id":"https:\/\/www.filtrationgroupiaq.com\/es\/acerca-de-nosotros\/carreras-profesionales\/#breadcrumb","itemListElement":[{"@type":"ListItem","position":1,"name":"","item":"https:\/\/www.filtrationgroupiaq.com\/es\/"},{"@type":"ListItem","position":2,"name":"Acerca de nosotros","item":"https:\/\/www.filtrationgroupiaq.com\/es\/acerca-de-nosotros\/"},{"@type":"ListItem","position":3,"name":"Carreras profesionales"}]},{"@type":"WebSite","@id":"https:\/\/www.filtrationgroupiaq.com\/es\/#website","url":"https:\/\/www.filtrationgroupiaq.com\/es\/","name":"Filtration Group- IAQ","description":"Making the World Safer, Healthier and More Productive","publisher":{"@id":"https:\/\/www.filtrationgroupiaq.com\/es\/#organization"},"potentialAction":[{"@type":"SearchAction","target":{"@type":"EntryPoint","urlTemplate":"https:\/\/www.filtrationgroupiaq.com\/es\/?s={search_term_string}"},"query-input":{"@type":"PropertyValueSpecification","valueRequired":true,"valueName":"search_term_string"}}],"inLanguage":"es"},{"@type":"Organization","@id":"https:\/\/www.filtrationgroupiaq.com\/es\/#organization","name":"Filtration Group","url":"https:\/\/www.filtrationgroupiaq.com\/es\/","logo":{"@type":"ImageObject","inLanguage":"es","@id":"https:\/\/www.filtrationgroupiaq.com\/es\/#\/schema\/logo\/image\/","url":"https:\/\/www.filtrationgroupiaq.com\/wp-content\/uploads\/2019\/06\/FGC-logo-1.png","contentUrl":"https:\/\/www.filtrationgroupiaq.com\/wp-content\/uploads\/2019\/06\/FGC-logo-1.png","width":1104,"height":224,"caption":"Filtration Group"},"image":{"@id":"https:\/\/www.filtrationgroupiaq.com\/es\/#\/schema\/logo\/image\/"},"sameAs":["https:\/\/www.linkedin.com\/company\/11857850\/"]}]}},"_links":{"self":[{"href":"https:\/\/www.filtrationgroupiaq.com\/es\/wp-json\/wp\/v2\/pages\/7474","targetHints":{"allow":["GET"]}}],"collection":[{"href":"https:\/\/www.filtrationgroupiaq.com\/es\/wp-json\/wp\/v2\/pages"}],"about":[{"href":"https:\/\/www.filtrationgroupiaq.com\/es\/wp-json\/wp\/v2\/types\/page"}],"author":[{"embeddable":true,"href":"https:\/\/www.filtrationgroupiaq.com\/es\/wp-json\/wp\/v2\/users\/4"}],"replies":[{"embeddable":true,"href":"https:\/\/www.filtrationgroupiaq.com\/es\/wp-json\/wp\/v2\/comments?post=7474"}],"version-history":[{"count":0,"href":"https:\/\/www.filtrationgroupiaq.com\/es\/wp-json\/wp\/v2\/pages\/7474\/revisions"}],"up":[{"embeddable":true,"href":"https:\/\/www.filtrationgroupiaq.com\/es\/wp-json\/wp\/v2\/pages\/6970"}],"wp:attachment":[{"href":"https:\/\/www.filtrationgroupiaq.com\/es\/wp-json\/wp\/v2\/media?parent=7474"}],"curies":[{"name":"wp","href":"https:\/\/api.w.org\/{rel}","templated":true}]}}