{"id":7477,"date":"2021-03-12T13:04:21","date_gmt":"2021-03-12T18:04:21","guid":{"rendered":"https:\/\/www.filtrationgroupiaq.com\/aplicaciones\/atencion-medica\/"},"modified":"2021-03-12T13:04:25","modified_gmt":"2021-03-12T18:04:25","slug":"atencion-medica","status":"publish","type":"page","link":"https:\/\/www.filtrationgroupiaq.com\/es\/aplicaciones\/atencion-medica\/","title":{"rendered":"ATENCI\u00d3N M\u00c9DICA"},"content":{"rendered":"\n<div class=\"wp-block-cover alignfull has-background-dim\" style=\"background-image:url(https:\/\/www.filtrationgroupiaq.com\/wp-content\/uploads\/2020\/06\/AdobeStock_145937218-scaled.jpeg)\"><div class=\"wp-block-cover__inner-container is-layout-flow wp-block-cover-is-layout-flow\">\n<div class=\"wp-block-columns is-layout-flex wp-container-core-columns-is-layout-9d6595d7 wp-block-columns-is-layout-flex\">\n<div class=\"wp-block-column is-layout-flow wp-block-column-is-layout-flow\" style=\"flex-basis:80.4%\">\n<h1 class=\"wp-block-heading\">Proteger la salud de los pacientes y de todos los m\u00e9dicos, enfermeros y dem\u00e1s personal de apoyo<\/h1>\n\n\n\n<p>La pandemia de coronavirus es una raz\u00f3n m\u00e1s para garantizar la calidad del aire para todos los pacientes y el personal. De acuerdo con un nuevo estudio transversal a nivel nacional sobre la exposici\u00f3n a largo plazo a los contaminantes del aire y la mortalidad por la COVID-19 en los Estados Unidos, \u201cun peque\u00f1o aumento en la exposici\u00f3n a largo plazo a part\u00edculas PM2.5 produce un gran aumento en el \u00edndice de mortalidad por la COVID-19\u201d<\/p>\n\n\n\n<div class=\"wp-block-buttons is-layout-flex wp-block-buttons-is-layout-flex\">\n<div class=\"wp-block-button\"><a class=\"wp-block-button__link has-green-background-color has-background\" href=\"https:\/\/www.filtrationgroupiaq.com\/wp-content\/uploads\/2020\/09\/FG-IAQ-_-Hospital_Fact-Sheet_EN.pdf\" target=\"_blank\" rel=\"noreferrer noopener\">Reduzca su costo total de propiedad<\/a><\/div>\n<\/div>\n<\/div>\n\n\n\n<div class=\"wp-block-column is-layout-flow wp-block-column-is-layout-flow\" style=\"flex-basis:33.33%\"><\/div>\n<\/div>\n\n\n\n<p><\/p>\n<\/div><\/div>\n\n<div class=\"wp-block-columns is-layout-flex wp-container-core-columns-is-layout-9d6595d7 wp-block-columns-is-layout-flex\">\n<div class=\"wp-block-column is-layout-flow wp-block-column-is-layout-flow\" style=\"flex-basis:59%\">\n<h2 class=\"has-blue-color has-text-color wp-block-heading\">INSTALACIONES M\u00c9DICAS<\/h2>\n\n\n\n<p>Las aplicaciones en el sector de la salud se encuentran entre las m\u00e1s necesitadas de una filtraci\u00f3n de aire de alto rendimiento. Muchas cosas pueden estar en riesgo: la salud de los pacientes y la salud de todos los m\u00e9dicos, enfermeras y dem\u00e1s personal de apoyo.<\/p>\n\n\n\n<p>Desde proteger a un paciente dentro de un quir\u00f3fano con un sistema de filtraci\u00f3n MERV 14 o superior y 20 cambios de aire por hora hasta sistemas para salas de confinamiento para enfermedades muy infecciosas como el \u00e9bola, el IAQ de Filtration Group tiene lo que usted necesita.<\/p>\n\n\n\n<p>Tambi\u00e9n es importante considerar el consumo energ\u00e9tico: seg\u00fan el Departamento de Estad\u00edsticas El\u00e9ctricas, un hospital promedio utiliza 2,5 veces m\u00e1s energ\u00eda que otros edificios comerciales. Un factor muy importante que explica esa diferencia es el costo de la energ\u00eda que se consume para hacer pasar el aire a trav\u00e9s de los filtros miniplisados y los filtros HEPA con una clasificaci\u00f3n MERV alta. Mantenerse actualizado sobre los mejores y m\u00e1s recientes filtros, as\u00ed como respecto de las evaluaciones de cu\u00e1ndo resulta m\u00e1s econ\u00f3mico cambiarlos, puede afectar enormemente su presupuesto operativo.<\/p>\n\n\n\n<p>Como es obvio, existen otras aplicaciones igual de importantes pero menos graves que tambi\u00e9n es necesario mantener. Desde geri\u00e1tricos y centros de cuidados asistidos hasta consultorios m\u00e9dicos externos, conf\u00ede en la IAQ de FG para encontrar la configuraci\u00f3n correcta para las necesidades de su aplicaci\u00f3n.<\/p>\n\n\n\n<p><strong>El objetivo de la IAQ de FG es hacer del mundo un lugar m\u00e1s seguro, saludable y productivo.\u00a0\u00a0\u00a0<\/strong><\/p>\n<\/div>\n\n\n\n<div class=\"wp-block-column is-layout-flow wp-block-column-is-layout-flow\" style=\"flex-basis:43.5%\">\n<div class=\"wp-block-media-text alignwide is-vertically-aligned-top is-image-fill has-white-background-color has-background\" style=\"grid-template-columns:38% auto\"><figure class=\"wp-block-media-text__media\" style=\"background-image:url(https:\/\/www.filtrationgroupiaq.com\/wp-content\/uploads\/2020\/08\/map7-829x1024.jpg);background-position:50% 50%\"><img loading=\"lazy\" decoding=\"async\" width=\"829\" height=\"1024\" src=\"https:\/\/www.filtrationgroupiaq.com\/wp-content\/uploads\/2020\/08\/map7-829x1024.jpg\" alt=\"\" class=\"wp-image-4259\" srcset=\"https:\/\/www.filtrationgroupiaq.com\/wp-content\/uploads\/2020\/08\/map7-829x1024.jpg 829w, https:\/\/www.filtrationgroupiaq.com\/wp-content\/uploads\/2020\/08\/map7-243x300.jpg 243w, https:\/\/www.filtrationgroupiaq.com\/wp-content\/uploads\/2020\/08\/map7-768x949.jpg 768w, https:\/\/www.filtrationgroupiaq.com\/wp-content\/uploads\/2020\/08\/map7.jpg 862w\" sizes=\"auto, (max-width: 829px) 100vw, 829px\" \/><\/figure><div class=\"wp-block-media-text__content\">\n<p class=\"has-normal-font-size\"><strong>Para obtener informaci\u00f3n sobre productos recomendados, programas de servicio y consultas generales gratuitas<\/strong><\/p>\n\n\n\n<div class=\"wp-block-button\"><a class=\"wp-block-button__link has-white-color has-blue-background-color has-text-color has-background\" href=\"https:\/\/www.filtrationgroupiaq.com\/es\/comuniquese-con-nosotros\/\" target=\"_blank\" rel=\"noreferrer noopener\">Contacto de ventas<\/a><\/div>\n<\/div><\/div>\n\n\n\n<p><\/p>\n<\/div>\n<\/div>\n\n<div class=\"wp-block-media-text alignwide is-stacked-on-mobile grayblock\" style=\"grid-template-columns:41% auto\"><figure class=\"wp-block-media-text__media\"><img loading=\"lazy\" decoding=\"async\" width=\"1024\" height=\"635\" src=\"https:\/\/www.filtrationgroupiaq.com\/wp-content\/uploads\/2020\/05\/IndoorAirHygiene.com_-1024x635.jpg\" alt=\"\" class=\"wp-image-6628\" srcset=\"https:\/\/www.filtrationgroupiaq.com\/wp-content\/uploads\/2020\/05\/IndoorAirHygiene.com_-1024x635.jpg 1024w, https:\/\/www.filtrationgroupiaq.com\/wp-content\/uploads\/2020\/05\/IndoorAirHygiene.com_-300x186.jpg 300w, https:\/\/www.filtrationgroupiaq.com\/wp-content\/uploads\/2020\/05\/IndoorAirHygiene.com_-768x477.jpg 768w, https:\/\/www.filtrationgroupiaq.com\/wp-content\/uploads\/2020\/05\/IndoorAirHygiene.com_.jpg 1083w\" sizes=\"auto, (max-width: 1024px) 100vw, 1024px\" \/><\/figure><div class=\"wp-block-media-text__content\">\n<p><\/p>\n\n\n\n<h3 class=\"wp-block-heading\"><strong>\u00bfLE PREOCUPA REABRIR SU NEGOCIO?<\/strong><\/h3>\n\n\n\n<p><strong><a href=\"http:\/\/indoorairhygiene.com\/\">INDOORAIRHYGIENE.COM<\/a><\/strong>\u00a0es un centro de recursos gratuito cortes\u00eda de FG IAQ, del Grupo Filtration Group y Madison Industries.<\/p>\n\n\n\n<div class=\"wp-block-button is-style-outline is-style-outline--1\"><a class=\"wp-block-button__link has-text-color has-blue-color has-background has-white-background-color\" href=\"http:\/\/www.indoorairhygiene.com\">Visite el Centro de recursos<\/a><\/div>\n\n\n\n<p><\/p>\n<\/div><\/div>\n\n<div class=\"wp-block-media-text alignwide\" style=\"grid-template-columns:40% auto\"><figure class=\"wp-block-media-text__media\"><img loading=\"lazy\" decoding=\"async\" width=\"1024\" height=\"683\" src=\"https:\/\/www.filtrationgroupiaq.com\/wp-content\/uploads\/2019\/11\/healthcare-accent-1024x683.jpg\" alt=\"\" class=\"wp-image-636\" srcset=\"https:\/\/www.filtrationgroupiaq.com\/wp-content\/uploads\/2019\/11\/healthcare-accent-1024x683.jpg 1024w, https:\/\/www.filtrationgroupiaq.com\/wp-content\/uploads\/2019\/11\/healthcare-accent-300x200.jpg 300w, https:\/\/www.filtrationgroupiaq.com\/wp-content\/uploads\/2019\/11\/healthcare-accent-768x512.jpg 768w, https:\/\/www.filtrationgroupiaq.com\/wp-content\/uploads\/2019\/11\/healthcare-accent-272x182.jpg 272w, https:\/\/www.filtrationgroupiaq.com\/wp-content\/uploads\/2019\/11\/healthcare-accent.jpg 1170w\" sizes=\"auto, (max-width: 1024px) 100vw, 1024px\" \/><\/figure><div class=\"wp-block-media-text__content\">\n<h2 class=\"wp-block-heading\">La IAQ de FG ayuda a reducir los costos operativos de climatizaci\u00f3n<\/h2>\n\n\n\n<p>La calidad del aire en interiores es crucial para los usos m\u00e9dicos, pero \u00bfsabe c\u00f3mo evaluar los costos de funcionamiento de los filtros de aire de alta eficiencia dentro de su instalaci\u00f3n?\u00a0<\/p>\n\n\n\n<div class=\"wp-block-button blank\"><a class=\"wp-block-button__link has-white-color has-green-background-color has-text-color has-background\" href=\"https:\/\/www.filtrationgroupiaq.com\/wp-content\/uploads\/2020\/09\/FG-IAQ-_-Hospital_Fact-Sheet_EN.pdf\" target=\"_blank\" rel=\"noreferrer noopener\">Obtener m\u00e1s informaci\u00f3n<\/a><\/div>\n\n\n\n<p><\/p>\n<\/div><\/div>\n","protected":false},"excerpt":{"rendered":"<p>INSTALACIONES M\u00c9DICAS Las aplicaciones en el sector de la salud se encuentran entre las m\u00e1s necesitadas de una filtraci\u00f3n de aire de alto rendimiento. Muchas cosas pueden estar en riesgo: la salud de los pacientes y la salud de todos los m\u00e9dicos, enfermeras y dem\u00e1s personal de apoyo. Desde proteger a un paciente dentro de [&hellip;]<\/p>\n","protected":false},"author":3,"featured_media":7482,"parent":7055,"menu_order":0,"comment_status":"closed","ping_status":"closed","template":"","meta":{"_acf_changed":false,"footnotes":""},"class_list":["post-7477","page","type-page","status-publish","has-post-thumbnail","hentry"],"acf":[],"yoast_head":"<!-- This site is optimized with the Yoast SEO plugin v27.3 - https:\/\/yoast.com\/product\/yoast-seo-wordpress\/ -->\n<title>ATENCI\u00d3N M\u00c9DICA - Filtration Group- IAQ<\/title>\n<meta name=\"robots\" content=\"index, follow, max-snippet:-1, max-image-preview:large, max-video-preview:-1\" \/>\n<link rel=\"canonical\" href=\"https:\/\/www.filtrationgroupiaq.com\/es\/aplicaciones\/atencion-medica\/\" \/>\n<meta property=\"og:locale\" content=\"es_ES\" \/>\n<meta property=\"og:type\" content=\"article\" \/>\n<meta property=\"og:title\" content=\"ATENCI\u00d3N M\u00c9DICA - Filtration Group- IAQ\" \/>\n<meta property=\"og:description\" content=\"INSTALACIONES M\u00c9DICAS Las aplicaciones en el sector de la salud se encuentran entre las m\u00e1s necesitadas de una filtraci\u00f3n de aire de alto rendimiento. Muchas cosas pueden estar en riesgo: la salud de los pacientes y la salud de todos los m\u00e9dicos, enfermeras y dem\u00e1s personal de apoyo. Desde proteger a un paciente dentro de [&hellip;]\" \/>\n<meta property=\"og:url\" content=\"https:\/\/www.filtrationgroupiaq.com\/es\/aplicaciones\/atencion-medica\/\" \/>\n<meta property=\"og:site_name\" content=\"Filtration Group- IAQ\" \/>\n<meta property=\"article:modified_time\" content=\"2021-03-12T18:04:25+00:00\" \/>\n<meta property=\"og:image\" content=\"https:\/\/www.filtrationgroupiaq.com\/wp-content\/uploads\/2020\/06\/AdobeStock_145937218-1-scaled-e1592399308215.jpeg\" \/>\n\t<meta property=\"og:image:width\" content=\"2560\" \/>\n\t<meta property=\"og:image:height\" content=\"1523\" \/>\n\t<meta property=\"og:image:type\" content=\"image\/jpeg\" \/>\n<meta name=\"twitter:card\" content=\"summary_large_image\" \/>\n<meta name=\"twitter:label1\" content=\"Tiempo de lectura\" \/>\n\t<meta name=\"twitter:data1\" content=\"2 minutos\" \/>\n<script type=\"application\/ld+json\" class=\"yoast-schema-graph\">{\"@context\":\"https:\\\/\\\/schema.org\",\"@graph\":[{\"@type\":\"WebPage\",\"@id\":\"https:\\\/\\\/www.filtrationgroupiaq.com\\\/es\\\/aplicaciones\\\/atencion-medica\\\/\",\"url\":\"https:\\\/\\\/www.filtrationgroupiaq.com\\\/es\\\/aplicaciones\\\/atencion-medica\\\/\",\"name\":\"ATENCI\u00d3N M\u00c9DICA - Filtration Group- IAQ\",\"isPartOf\":{\"@id\":\"https:\\\/\\\/www.filtrationgroupiaq.com\\\/es\\\/#website\"},\"primaryImageOfPage\":{\"@id\":\"https:\\\/\\\/www.filtrationgroupiaq.com\\\/es\\\/aplicaciones\\\/atencion-medica\\\/#primaryimage\"},\"image\":{\"@id\":\"https:\\\/\\\/www.filtrationgroupiaq.com\\\/es\\\/aplicaciones\\\/atencion-medica\\\/#primaryimage\"},\"thumbnailUrl\":\"https:\\\/\\\/www.filtrationgroupiaq.com\\\/wp-content\\\/uploads\\\/2020\\\/06\\\/AdobeStock_145937218-1-scaled-e1592399308215.jpeg\",\"datePublished\":\"2021-03-12T18:04:21+00:00\",\"dateModified\":\"2021-03-12T18:04:25+00:00\",\"breadcrumb\":{\"@id\":\"https:\\\/\\\/www.filtrationgroupiaq.com\\\/es\\\/aplicaciones\\\/atencion-medica\\\/#breadcrumb\"},\"inLanguage\":\"es\",\"potentialAction\":[{\"@type\":\"ReadAction\",\"target\":[\"https:\\\/\\\/www.filtrationgroupiaq.com\\\/es\\\/aplicaciones\\\/atencion-medica\\\/\"]}]},{\"@type\":\"ImageObject\",\"inLanguage\":\"es\",\"@id\":\"https:\\\/\\\/www.filtrationgroupiaq.com\\\/es\\\/aplicaciones\\\/atencion-medica\\\/#primaryimage\",\"url\":\"https:\\\/\\\/www.filtrationgroupiaq.com\\\/wp-content\\\/uploads\\\/2020\\\/06\\\/AdobeStock_145937218-1-scaled-e1592399308215.jpeg\",\"contentUrl\":\"https:\\\/\\\/www.filtrationgroupiaq.com\\\/wp-content\\\/uploads\\\/2020\\\/06\\\/AdobeStock_145937218-1-scaled-e1592399308215.jpeg\",\"width\":2560,\"height\":1523,\"caption\":\"Equipo de cirujanos operando en el hospital.\"},{\"@type\":\"BreadcrumbList\",\"@id\":\"https:\\\/\\\/www.filtrationgroupiaq.com\\\/es\\\/aplicaciones\\\/atencion-medica\\\/#breadcrumb\",\"itemListElement\":[{\"@type\":\"ListItem\",\"position\":1,\"name\":\"\",\"item\":\"https:\\\/\\\/www.filtrationgroupiaq.com\\\/es\\\/\"},{\"@type\":\"ListItem\",\"position\":2,\"name\":\"Aplicaciones\",\"item\":\"https:\\\/\\\/www.filtrationgroupiaq.com\\\/es\\\/aplicaciones\\\/\"},{\"@type\":\"ListItem\",\"position\":3,\"name\":\"ATENCI\u00d3N M\u00c9DICA\"}]},{\"@type\":\"WebSite\",\"@id\":\"https:\\\/\\\/www.filtrationgroupiaq.com\\\/es\\\/#website\",\"url\":\"https:\\\/\\\/www.filtrationgroupiaq.com\\\/es\\\/\",\"name\":\"Filtration Group- IAQ\",\"description\":\"Making the World Safer, Healthier and More Productive\",\"publisher\":{\"@id\":\"https:\\\/\\\/www.filtrationgroupiaq.com\\\/es\\\/#organization\"},\"potentialAction\":[{\"@type\":\"SearchAction\",\"target\":{\"@type\":\"EntryPoint\",\"urlTemplate\":\"https:\\\/\\\/www.filtrationgroupiaq.com\\\/es\\\/?s={search_term_string}\"},\"query-input\":{\"@type\":\"PropertyValueSpecification\",\"valueRequired\":true,\"valueName\":\"search_term_string\"}}],\"inLanguage\":\"es\"},{\"@type\":\"Organization\",\"@id\":\"https:\\\/\\\/www.filtrationgroupiaq.com\\\/es\\\/#organization\",\"name\":\"Filtration Group\",\"url\":\"https:\\\/\\\/www.filtrationgroupiaq.com\\\/es\\\/\",\"logo\":{\"@type\":\"ImageObject\",\"inLanguage\":\"es\",\"@id\":\"https:\\\/\\\/www.filtrationgroupiaq.com\\\/es\\\/#\\\/schema\\\/logo\\\/image\\\/\",\"url\":\"https:\\\/\\\/www.filtrationgroupiaq.com\\\/wp-content\\\/uploads\\\/2019\\\/06\\\/FGC-logo-1.png\",\"contentUrl\":\"https:\\\/\\\/www.filtrationgroupiaq.com\\\/wp-content\\\/uploads\\\/2019\\\/06\\\/FGC-logo-1.png\",\"width\":1104,\"height\":224,\"caption\":\"Filtration Group\"},\"image\":{\"@id\":\"https:\\\/\\\/www.filtrationgroupiaq.com\\\/es\\\/#\\\/schema\\\/logo\\\/image\\\/\"},\"sameAs\":[\"https:\\\/\\\/www.linkedin.com\\\/company\\\/11857850\\\/\"]}]}<\/script>\n<!-- \/ Yoast SEO plugin. -->","yoast_head_json":{"title":"ATENCI\u00d3N M\u00c9DICA - Filtration Group- IAQ","robots":{"index":"index","follow":"follow","max-snippet":"max-snippet:-1","max-image-preview":"max-image-preview:large","max-video-preview":"max-video-preview:-1"},"canonical":"https:\/\/www.filtrationgroupiaq.com\/es\/aplicaciones\/atencion-medica\/","og_locale":"es_ES","og_type":"article","og_title":"ATENCI\u00d3N M\u00c9DICA - Filtration Group- IAQ","og_description":"INSTALACIONES M\u00c9DICAS Las aplicaciones en el sector de la salud se encuentran entre las m\u00e1s necesitadas de una filtraci\u00f3n de aire de alto rendimiento. Muchas cosas pueden estar en riesgo: la salud de los pacientes y la salud de todos los m\u00e9dicos, enfermeras y dem\u00e1s personal de apoyo. Desde proteger a un paciente dentro de [&hellip;]","og_url":"https:\/\/www.filtrationgroupiaq.com\/es\/aplicaciones\/atencion-medica\/","og_site_name":"Filtration Group- IAQ","article_modified_time":"2021-03-12T18:04:25+00:00","og_image":[{"width":2560,"height":1523,"url":"https:\/\/www.filtrationgroupiaq.com\/wp-content\/uploads\/2020\/06\/AdobeStock_145937218-1-scaled-e1592399308215.jpeg","type":"image\/jpeg"}],"twitter_card":"summary_large_image","twitter_misc":{"Tiempo de lectura":"2 minutos"},"schema":{"@context":"https:\/\/schema.org","@graph":[{"@type":"WebPage","@id":"https:\/\/www.filtrationgroupiaq.com\/es\/aplicaciones\/atencion-medica\/","url":"https:\/\/www.filtrationgroupiaq.com\/es\/aplicaciones\/atencion-medica\/","name":"ATENCI\u00d3N M\u00c9DICA - Filtration Group- IAQ","isPartOf":{"@id":"https:\/\/www.filtrationgroupiaq.com\/es\/#website"},"primaryImageOfPage":{"@id":"https:\/\/www.filtrationgroupiaq.com\/es\/aplicaciones\/atencion-medica\/#primaryimage"},"image":{"@id":"https:\/\/www.filtrationgroupiaq.com\/es\/aplicaciones\/atencion-medica\/#primaryimage"},"thumbnailUrl":"https:\/\/www.filtrationgroupiaq.com\/wp-content\/uploads\/2020\/06\/AdobeStock_145937218-1-scaled-e1592399308215.jpeg","datePublished":"2021-03-12T18:04:21+00:00","dateModified":"2021-03-12T18:04:25+00:00","breadcrumb":{"@id":"https:\/\/www.filtrationgroupiaq.com\/es\/aplicaciones\/atencion-medica\/#breadcrumb"},"inLanguage":"es","potentialAction":[{"@type":"ReadAction","target":["https:\/\/www.filtrationgroupiaq.com\/es\/aplicaciones\/atencion-medica\/"]}]},{"@type":"ImageObject","inLanguage":"es","@id":"https:\/\/www.filtrationgroupiaq.com\/es\/aplicaciones\/atencion-medica\/#primaryimage","url":"https:\/\/www.filtrationgroupiaq.com\/wp-content\/uploads\/2020\/06\/AdobeStock_145937218-1-scaled-e1592399308215.jpeg","contentUrl":"https:\/\/www.filtrationgroupiaq.com\/wp-content\/uploads\/2020\/06\/AdobeStock_145937218-1-scaled-e1592399308215.jpeg","width":2560,"height":1523,"caption":"Equipo de cirujanos operando en el hospital."},{"@type":"BreadcrumbList","@id":"https:\/\/www.filtrationgroupiaq.com\/es\/aplicaciones\/atencion-medica\/#breadcrumb","itemListElement":[{"@type":"ListItem","position":1,"name":"","item":"https:\/\/www.filtrationgroupiaq.com\/es\/"},{"@type":"ListItem","position":2,"name":"Aplicaciones","item":"https:\/\/www.filtrationgroupiaq.com\/es\/aplicaciones\/"},{"@type":"ListItem","position":3,"name":"ATENCI\u00d3N M\u00c9DICA"}]},{"@type":"WebSite","@id":"https:\/\/www.filtrationgroupiaq.com\/es\/#website","url":"https:\/\/www.filtrationgroupiaq.com\/es\/","name":"Filtration Group- IAQ","description":"Making the World Safer, Healthier and More Productive","publisher":{"@id":"https:\/\/www.filtrationgroupiaq.com\/es\/#organization"},"potentialAction":[{"@type":"SearchAction","target":{"@type":"EntryPoint","urlTemplate":"https:\/\/www.filtrationgroupiaq.com\/es\/?s={search_term_string}"},"query-input":{"@type":"PropertyValueSpecification","valueRequired":true,"valueName":"search_term_string"}}],"inLanguage":"es"},{"@type":"Organization","@id":"https:\/\/www.filtrationgroupiaq.com\/es\/#organization","name":"Filtration Group","url":"https:\/\/www.filtrationgroupiaq.com\/es\/","logo":{"@type":"ImageObject","inLanguage":"es","@id":"https:\/\/www.filtrationgroupiaq.com\/es\/#\/schema\/logo\/image\/","url":"https:\/\/www.filtrationgroupiaq.com\/wp-content\/uploads\/2019\/06\/FGC-logo-1.png","contentUrl":"https:\/\/www.filtrationgroupiaq.com\/wp-content\/uploads\/2019\/06\/FGC-logo-1.png","width":1104,"height":224,"caption":"Filtration Group"},"image":{"@id":"https:\/\/www.filtrationgroupiaq.com\/es\/#\/schema\/logo\/image\/"},"sameAs":["https:\/\/www.linkedin.com\/company\/11857850\/"]}]}},"_links":{"self":[{"href":"https:\/\/www.filtrationgroupiaq.com\/es\/wp-json\/wp\/v2\/pages\/7477","targetHints":{"allow":["GET"]}}],"collection":[{"href":"https:\/\/www.filtrationgroupiaq.com\/es\/wp-json\/wp\/v2\/pages"}],"about":[{"href":"https:\/\/www.filtrationgroupiaq.com\/es\/wp-json\/wp\/v2\/types\/page"}],"author":[{"embeddable":true,"href":"https:\/\/www.filtrationgroupiaq.com\/es\/wp-json\/wp\/v2\/users\/3"}],"replies":[{"embeddable":true,"href":"https:\/\/www.filtrationgroupiaq.com\/es\/wp-json\/wp\/v2\/comments?post=7477"}],"version-history":[{"count":0,"href":"https:\/\/www.filtrationgroupiaq.com\/es\/wp-json\/wp\/v2\/pages\/7477\/revisions"}],"up":[{"embeddable":true,"href":"https:\/\/www.filtrationgroupiaq.com\/es\/wp-json\/wp\/v2\/pages\/7055"}],"wp:featuredmedia":[{"embeddable":true,"href":"https:\/\/www.filtrationgroupiaq.com\/es\/wp-json\/wp\/v2\/media\/7482"}],"wp:attachment":[{"href":"https:\/\/www.filtrationgroupiaq.com\/es\/wp-json\/wp\/v2\/media?parent=7477"}],"curies":[{"name":"wp","href":"https:\/\/api.w.org\/{rel}","templated":true}]}}