{"id":7485,"date":"2021-03-12T13:04:21","date_gmt":"2021-03-12T18:04:21","guid":{"rendered":"https:\/\/www.filtrationgroupiaq.com\/productos\/servicios\/encuesta-del-sitio\/"},"modified":"2021-03-12T13:04:23","modified_gmt":"2021-03-12T18:04:23","slug":"encuesta-del-sitio","status":"publish","type":"page","link":"https:\/\/www.filtrationgroupiaq.com\/es\/productos\/servicios\/encuesta-del-sitio\/","title":{"rendered":"Encuesta del sitio"},"content":{"rendered":"\n<div class=\"wp-block-cover alignfull has-background-dim-10 has-black-background-color has-background-dim hero-small\" style=\"background-image:url(https:\/\/www.filtrationgroupiaq.com\/wp-content\/uploads\/2020\/07\/banner-web7-3.png);background-position:20% 20%;min-height:324px;aspect-ratio:unset;\"><div class=\"wp-block-cover__inner-container is-layout-flow wp-block-cover-is-layout-flow\">\n<p style=\"font-size:45px\" class=\"has-text-align-center\"><strong>Encuesta del sitio<\/strong><\/p>\n<\/div><\/div>\n\n<p>La IAQ de FG ofrece hacer una encuesta exhaustiva del sitio sin costo alguno para ayudar a los clientes a proveer las mejores opciones de filtraci\u00f3n adaptadas a sus instalaciones y ambientes \u00fanicos.\u00a0 Env\u00ede una solicitud para coordinar con uno de nuestros especialistas en filtraci\u00f3n de aire certificado por la NAFA para que pase por su instalaci\u00f3n y eval\u00fae qu\u00e9 debe hacer para mejorar la calidad del aire en sus espacios interiores.<\/p>\n\n<div class=\"wp-block-columns is-layout-flex wp-container-core-columns-is-layout-9d6595d7 wp-block-columns-is-layout-flex\">\n<div class=\"wp-block-column is-layout-flow wp-block-column-is-layout-flow\">\n<p><strong>Nuestras encuestas del sitio revisar\u00e1n lo siguiente. Se revisar\u00e1 el m\u00e9todo utilizado en la actualidad para descartar los filtros de climatizaci\u00f3n usados<\/strong>:<\/p>\n\n\n\n<ul class=\"wp-block-list\"><li>Se inspeccionar\u00e1n y documentar\u00e1n todos los tipos de filtros usados en la actualidad, su eficiencia, tama\u00f1o y el lugar de emplazamiento de la unidad.<\/li><li>Se revisar\u00e1 el cronograma actual de cambios de filtros.<\/li><li>Se har\u00e1 una inspecci\u00f3n completa del entramado de los filtros para detectar usos o instalaciones incorrectas de los filtros de climatizaci\u00f3n actuales.<\/li><li>Se revisar\u00e1 la limpieza del controlador, la entrada del aire y las bobinas.<\/li><li>Se revisar\u00e1n y sugerir\u00e1n los aspectos en los que sea posible aumentar la eficiencia de filtrado y reducir el consumo de energ\u00eda.<\/li><li>Se revisar\u00e1 la presencia de contaminantes nocivos en interiores o en la zona circundante a la instalaci\u00f3n.<\/li><li>Se revisar\u00e1 el m\u00e9todo utilizado en la actualidad para descartar los filtros de climatizaci\u00f3n usados.<\/li><li>Se revisar\u00e1n los hallazgos con el cliente y se le dar\u00e1 un informe sumario.<\/li><\/ul>\n\n\n<p>Esperamos tener la oportunidad de proporcionarle una encuesta gratuita del sitio, para que podamos ayudarle a tener un ambiente m\u00e1s seguro, m\u00e1s sano y m\u00e1s productivo.<\/p>\n\n\n\n<div class=\"wp-block-buttons is-layout-flex wp-block-buttons-is-layout-flex\">\n<div class=\"wp-block-button\"><a class=\"wp-block-button__link has-background has-green-background-color\" href=\"\" target=\"_blank\" rel=\"noreferrer noopener\">Comun\u00edquese con nosotros <\/a><\/div>\n<\/div>\n<\/div>\n\n\n\n<div class=\"wp-block-column is-layout-flow wp-block-column-is-layout-flow\">\n<figure class=\"wp-block-image size-large\"><img decoding=\"async\" src=\"https:\/\/www.filtrationgroupiaq.com\/wp-content\/uploads\/2019\/11\/survey-1024x870.jpg\" alt=\"\"\/><\/figure><\/div>\n<\/div>\n","protected":false},"excerpt":{"rendered":"<p>La IAQ de FG ofrece hacer una encuesta exhaustiva del sitio sin costo alguno para ayudar a los clientes a proveer las mejores opciones de filtraci\u00f3n adaptadas a sus instalaciones y ambientes \u00fanicos.\u00a0 Env\u00ede una solicitud para coordinar con uno de nuestros especialistas en filtraci\u00f3n de aire certificado por la NAFA para que pase por [&hellip;]<\/p>\n","protected":false},"author":3,"featured_media":7490,"parent":7448,"menu_order":4,"comment_status":"closed","ping_status":"closed","template":"","meta":{"_acf_changed":false,"footnotes":""},"class_list":["post-7485","page","type-page","status-publish","has-post-thumbnail","hentry"],"acf":[],"yoast_head":"<!-- This site is optimized with the Yoast SEO plugin v27.3 - https:\/\/yoast.com\/product\/yoast-seo-wordpress\/ -->\n<title>Encuesta del sitio - Filtration Group- IAQ<\/title>\n<meta name=\"robots\" content=\"index, follow, max-snippet:-1, max-image-preview:large, max-video-preview:-1\" \/>\n<link rel=\"canonical\" href=\"https:\/\/www.filtrationgroupiaq.com\/es\/productos\/servicios\/encuesta-del-sitio\/\" \/>\n<meta property=\"og:locale\" content=\"es_ES\" \/>\n<meta property=\"og:type\" content=\"article\" \/>\n<meta property=\"og:title\" content=\"Encuesta del sitio - Filtration Group- IAQ\" \/>\n<meta property=\"og:description\" content=\"La IAQ de FG ofrece hacer una encuesta exhaustiva del sitio sin costo alguno para ayudar a los clientes a proveer las mejores opciones de filtraci\u00f3n adaptadas a sus instalaciones y ambientes \u00fanicos.\u00a0 Env\u00ede una solicitud para coordinar con uno de nuestros especialistas en filtraci\u00f3n de aire certificado por la NAFA para que pase por [&hellip;]\" \/>\n<meta property=\"og:url\" content=\"https:\/\/www.filtrationgroupiaq.com\/es\/productos\/servicios\/encuesta-del-sitio\/\" \/>\n<meta property=\"og:site_name\" content=\"Filtration Group- IAQ\" \/>\n<meta property=\"article:modified_time\" content=\"2021-03-12T18:04:23+00:00\" \/>\n<meta property=\"og:image\" content=\"https:\/\/www.filtrationgroupiaq.com\/wp-content\/uploads\/2020\/08\/site-survey-1024x683-2.jpg\" \/>\n\t<meta property=\"og:image:width\" content=\"1024\" \/>\n\t<meta property=\"og:image:height\" content=\"683\" \/>\n\t<meta property=\"og:image:type\" content=\"image\/jpeg\" \/>\n<meta name=\"twitter:card\" content=\"summary_large_image\" \/>\n<meta name=\"twitter:label1\" content=\"Tiempo de lectura\" \/>\n\t<meta name=\"twitter:data1\" content=\"1 minuto\" \/>\n<script type=\"application\/ld+json\" class=\"yoast-schema-graph\">{\"@context\":\"https:\\\/\\\/schema.org\",\"@graph\":[{\"@type\":\"WebPage\",\"@id\":\"https:\\\/\\\/www.filtrationgroupiaq.com\\\/es\\\/productos\\\/servicios\\\/encuesta-del-sitio\\\/\",\"url\":\"https:\\\/\\\/www.filtrationgroupiaq.com\\\/es\\\/productos\\\/servicios\\\/encuesta-del-sitio\\\/\",\"name\":\"Encuesta del sitio - Filtration Group- IAQ\",\"isPartOf\":{\"@id\":\"https:\\\/\\\/www.filtrationgroupiaq.com\\\/es\\\/#website\"},\"primaryImageOfPage\":{\"@id\":\"https:\\\/\\\/www.filtrationgroupiaq.com\\\/es\\\/productos\\\/servicios\\\/encuesta-del-sitio\\\/#primaryimage\"},\"image\":{\"@id\":\"https:\\\/\\\/www.filtrationgroupiaq.com\\\/es\\\/productos\\\/servicios\\\/encuesta-del-sitio\\\/#primaryimage\"},\"thumbnailUrl\":\"https:\\\/\\\/www.filtrationgroupiaq.com\\\/wp-content\\\/uploads\\\/2020\\\/08\\\/site-survey-1024x683-2.jpg\",\"datePublished\":\"2021-03-12T18:04:21+00:00\",\"dateModified\":\"2021-03-12T18:04:23+00:00\",\"breadcrumb\":{\"@id\":\"https:\\\/\\\/www.filtrationgroupiaq.com\\\/es\\\/productos\\\/servicios\\\/encuesta-del-sitio\\\/#breadcrumb\"},\"inLanguage\":\"es\",\"potentialAction\":[{\"@type\":\"ReadAction\",\"target\":[\"https:\\\/\\\/www.filtrationgroupiaq.com\\\/es\\\/productos\\\/servicios\\\/encuesta-del-sitio\\\/\"]}]},{\"@type\":\"ImageObject\",\"inLanguage\":\"es\",\"@id\":\"https:\\\/\\\/www.filtrationgroupiaq.com\\\/es\\\/productos\\\/servicios\\\/encuesta-del-sitio\\\/#primaryimage\",\"url\":\"https:\\\/\\\/www.filtrationgroupiaq.com\\\/wp-content\\\/uploads\\\/2020\\\/08\\\/site-survey-1024x683-2.jpg\",\"contentUrl\":\"https:\\\/\\\/www.filtrationgroupiaq.com\\\/wp-content\\\/uploads\\\/2020\\\/08\\\/site-survey-1024x683-2.jpg\",\"width\":1024,\"height\":683},{\"@type\":\"BreadcrumbList\",\"@id\":\"https:\\\/\\\/www.filtrationgroupiaq.com\\\/es\\\/productos\\\/servicios\\\/encuesta-del-sitio\\\/#breadcrumb\",\"itemListElement\":[{\"@type\":\"ListItem\",\"position\":1,\"name\":\"\",\"item\":\"https:\\\/\\\/www.filtrationgroupiaq.com\\\/es\\\/\"},{\"@type\":\"ListItem\",\"position\":2,\"name\":\"Productos\",\"item\":\"https:\\\/\\\/www.filtrationgroupiaq.com\\\/es\\\/productos\\\/\"},{\"@type\":\"ListItem\",\"position\":3,\"name\":\"Privado: Servicios\",\"item\":\"https:\\\/\\\/www.filtrationgroupiaq.com\\\/es\\\/?page_id=7448\"},{\"@type\":\"ListItem\",\"position\":4,\"name\":\"Encuesta del sitio\"}]},{\"@type\":\"WebSite\",\"@id\":\"https:\\\/\\\/www.filtrationgroupiaq.com\\\/es\\\/#website\",\"url\":\"https:\\\/\\\/www.filtrationgroupiaq.com\\\/es\\\/\",\"name\":\"Filtration Group- IAQ\",\"description\":\"Making the World Safer, Healthier and More Productive\",\"publisher\":{\"@id\":\"https:\\\/\\\/www.filtrationgroupiaq.com\\\/es\\\/#organization\"},\"potentialAction\":[{\"@type\":\"SearchAction\",\"target\":{\"@type\":\"EntryPoint\",\"urlTemplate\":\"https:\\\/\\\/www.filtrationgroupiaq.com\\\/es\\\/?s={search_term_string}\"},\"query-input\":{\"@type\":\"PropertyValueSpecification\",\"valueRequired\":true,\"valueName\":\"search_term_string\"}}],\"inLanguage\":\"es\"},{\"@type\":\"Organization\",\"@id\":\"https:\\\/\\\/www.filtrationgroupiaq.com\\\/es\\\/#organization\",\"name\":\"Filtration Group\",\"url\":\"https:\\\/\\\/www.filtrationgroupiaq.com\\\/es\\\/\",\"logo\":{\"@type\":\"ImageObject\",\"inLanguage\":\"es\",\"@id\":\"https:\\\/\\\/www.filtrationgroupiaq.com\\\/es\\\/#\\\/schema\\\/logo\\\/image\\\/\",\"url\":\"https:\\\/\\\/www.filtrationgroupiaq.com\\\/wp-content\\\/uploads\\\/2019\\\/06\\\/FGC-logo-1.png\",\"contentUrl\":\"https:\\\/\\\/www.filtrationgroupiaq.com\\\/wp-content\\\/uploads\\\/2019\\\/06\\\/FGC-logo-1.png\",\"width\":1104,\"height\":224,\"caption\":\"Filtration Group\"},\"image\":{\"@id\":\"https:\\\/\\\/www.filtrationgroupiaq.com\\\/es\\\/#\\\/schema\\\/logo\\\/image\\\/\"},\"sameAs\":[\"https:\\\/\\\/www.linkedin.com\\\/company\\\/11857850\\\/\"]}]}<\/script>\n<!-- \/ Yoast SEO plugin. -->","yoast_head_json":{"title":"Encuesta del sitio - Filtration Group- IAQ","robots":{"index":"index","follow":"follow","max-snippet":"max-snippet:-1","max-image-preview":"max-image-preview:large","max-video-preview":"max-video-preview:-1"},"canonical":"https:\/\/www.filtrationgroupiaq.com\/es\/productos\/servicios\/encuesta-del-sitio\/","og_locale":"es_ES","og_type":"article","og_title":"Encuesta del sitio - Filtration Group- IAQ","og_description":"La IAQ de FG ofrece hacer una encuesta exhaustiva del sitio sin costo alguno para ayudar a los clientes a proveer las mejores opciones de filtraci\u00f3n adaptadas a sus instalaciones y ambientes \u00fanicos.\u00a0 Env\u00ede una solicitud para coordinar con uno de nuestros especialistas en filtraci\u00f3n de aire certificado por la NAFA para que pase por [&hellip;]","og_url":"https:\/\/www.filtrationgroupiaq.com\/es\/productos\/servicios\/encuesta-del-sitio\/","og_site_name":"Filtration Group- IAQ","article_modified_time":"2021-03-12T18:04:23+00:00","og_image":[{"width":1024,"height":683,"url":"https:\/\/www.filtrationgroupiaq.com\/wp-content\/uploads\/2020\/08\/site-survey-1024x683-2.jpg","type":"image\/jpeg"}],"twitter_card":"summary_large_image","twitter_misc":{"Tiempo de lectura":"1 minuto"},"schema":{"@context":"https:\/\/schema.org","@graph":[{"@type":"WebPage","@id":"https:\/\/www.filtrationgroupiaq.com\/es\/productos\/servicios\/encuesta-del-sitio\/","url":"https:\/\/www.filtrationgroupiaq.com\/es\/productos\/servicios\/encuesta-del-sitio\/","name":"Encuesta del sitio - Filtration Group- IAQ","isPartOf":{"@id":"https:\/\/www.filtrationgroupiaq.com\/es\/#website"},"primaryImageOfPage":{"@id":"https:\/\/www.filtrationgroupiaq.com\/es\/productos\/servicios\/encuesta-del-sitio\/#primaryimage"},"image":{"@id":"https:\/\/www.filtrationgroupiaq.com\/es\/productos\/servicios\/encuesta-del-sitio\/#primaryimage"},"thumbnailUrl":"https:\/\/www.filtrationgroupiaq.com\/wp-content\/uploads\/2020\/08\/site-survey-1024x683-2.jpg","datePublished":"2021-03-12T18:04:21+00:00","dateModified":"2021-03-12T18:04:23+00:00","breadcrumb":{"@id":"https:\/\/www.filtrationgroupiaq.com\/es\/productos\/servicios\/encuesta-del-sitio\/#breadcrumb"},"inLanguage":"es","potentialAction":[{"@type":"ReadAction","target":["https:\/\/www.filtrationgroupiaq.com\/es\/productos\/servicios\/encuesta-del-sitio\/"]}]},{"@type":"ImageObject","inLanguage":"es","@id":"https:\/\/www.filtrationgroupiaq.com\/es\/productos\/servicios\/encuesta-del-sitio\/#primaryimage","url":"https:\/\/www.filtrationgroupiaq.com\/wp-content\/uploads\/2020\/08\/site-survey-1024x683-2.jpg","contentUrl":"https:\/\/www.filtrationgroupiaq.com\/wp-content\/uploads\/2020\/08\/site-survey-1024x683-2.jpg","width":1024,"height":683},{"@type":"BreadcrumbList","@id":"https:\/\/www.filtrationgroupiaq.com\/es\/productos\/servicios\/encuesta-del-sitio\/#breadcrumb","itemListElement":[{"@type":"ListItem","position":1,"name":"","item":"https:\/\/www.filtrationgroupiaq.com\/es\/"},{"@type":"ListItem","position":2,"name":"Productos","item":"https:\/\/www.filtrationgroupiaq.com\/es\/productos\/"},{"@type":"ListItem","position":3,"name":"Privado: Servicios","item":"https:\/\/www.filtrationgroupiaq.com\/es\/?page_id=7448"},{"@type":"ListItem","position":4,"name":"Encuesta del sitio"}]},{"@type":"WebSite","@id":"https:\/\/www.filtrationgroupiaq.com\/es\/#website","url":"https:\/\/www.filtrationgroupiaq.com\/es\/","name":"Filtration Group- IAQ","description":"Making the World Safer, Healthier and More Productive","publisher":{"@id":"https:\/\/www.filtrationgroupiaq.com\/es\/#organization"},"potentialAction":[{"@type":"SearchAction","target":{"@type":"EntryPoint","urlTemplate":"https:\/\/www.filtrationgroupiaq.com\/es\/?s={search_term_string}"},"query-input":{"@type":"PropertyValueSpecification","valueRequired":true,"valueName":"search_term_string"}}],"inLanguage":"es"},{"@type":"Organization","@id":"https:\/\/www.filtrationgroupiaq.com\/es\/#organization","name":"Filtration Group","url":"https:\/\/www.filtrationgroupiaq.com\/es\/","logo":{"@type":"ImageObject","inLanguage":"es","@id":"https:\/\/www.filtrationgroupiaq.com\/es\/#\/schema\/logo\/image\/","url":"https:\/\/www.filtrationgroupiaq.com\/wp-content\/uploads\/2019\/06\/FGC-logo-1.png","contentUrl":"https:\/\/www.filtrationgroupiaq.com\/wp-content\/uploads\/2019\/06\/FGC-logo-1.png","width":1104,"height":224,"caption":"Filtration Group"},"image":{"@id":"https:\/\/www.filtrationgroupiaq.com\/es\/#\/schema\/logo\/image\/"},"sameAs":["https:\/\/www.linkedin.com\/company\/11857850\/"]}]}},"_links":{"self":[{"href":"https:\/\/www.filtrationgroupiaq.com\/es\/wp-json\/wp\/v2\/pages\/7485","targetHints":{"allow":["GET"]}}],"collection":[{"href":"https:\/\/www.filtrationgroupiaq.com\/es\/wp-json\/wp\/v2\/pages"}],"about":[{"href":"https:\/\/www.filtrationgroupiaq.com\/es\/wp-json\/wp\/v2\/types\/page"}],"author":[{"embeddable":true,"href":"https:\/\/www.filtrationgroupiaq.com\/es\/wp-json\/wp\/v2\/users\/3"}],"replies":[{"embeddable":true,"href":"https:\/\/www.filtrationgroupiaq.com\/es\/wp-json\/wp\/v2\/comments?post=7485"}],"version-history":[{"count":0,"href":"https:\/\/www.filtrationgroupiaq.com\/es\/wp-json\/wp\/v2\/pages\/7485\/revisions"}],"up":[{"embeddable":true,"href":"https:\/\/www.filtrationgroupiaq.com\/es\/wp-json\/wp\/v2\/pages\/7448"}],"wp:featuredmedia":[{"embeddable":true,"href":"https:\/\/www.filtrationgroupiaq.com\/es\/wp-json\/wp\/v2\/media\/7490"}],"wp:attachment":[{"href":"https:\/\/www.filtrationgroupiaq.com\/es\/wp-json\/wp\/v2\/media?parent=7485"}],"curies":[{"name":"wp","href":"https:\/\/api.w.org\/{rel}","templated":true}]}}