{"id":7529,"date":"2021-03-12T13:04:25","date_gmt":"2021-03-12T18:04:25","guid":{"rendered":"https:\/\/www.filtrationgroupiaq.com\/aplicaciones\/museos-archivos-bibliotecas\/"},"modified":"2021-03-12T13:04:25","modified_gmt":"2021-03-12T18:04:25","slug":"museos-archivos-bibliotecas","status":"publish","type":"page","link":"https:\/\/www.filtrationgroupiaq.com\/es\/aplicaciones\/museos-archivos-bibliotecas\/","title":{"rendered":"MUSEOS, ARCHIVOS &amp; BIBLIOTECAS"},"content":{"rendered":"\n<div class=\"wp-block-cover alignfull has-background-dim\" style=\"background-image:url(https:\/\/www.filtrationgroupiaq.com\/wp-content\/uploads\/2020\/08\/5189-scaled.jpg);background-position:49% 36%\"><div class=\"wp-block-cover__inner-container is-layout-flow wp-block-cover-is-layout-flow\">\n<h1 class=\"has-text-align-center wp-block-heading\">Museos, archivos y bibliotecas<\/h1>\n\n\n\n<p class=\"has-text-align-center\">La mayor\u00eda de las personas podr\u00eda pensar que el manipular de forma f\u00edsica archivos y antig\u00fcedades ser\u00eda lo peor que se puede hacer con algo tan valioso&#8230;<\/p>\n<\/div><\/div>\n\n<p>La mayor\u00eda de las personas podr\u00eda pensar que el manipular de forma f\u00edsica archivos y antig\u00fcedades es lo peor que se puede hacer con algo tan valioso, cuando en realidad, lo que m\u00e1s los afecta podr\u00eda ser el aire del entorno. Implementar los filtros correctos y un cronograma de recambios adecuado puede servir para eliminar las mol\u00e9culas y las part\u00edculas contaminantes capaces de arruinar esa invaluable obra de arte o esa novela atemporal.<\/p>\n\n<ul class=\"wp-block-list\"><li>Las mol\u00e9culas contaminantes suelen ser qu\u00edmicos org\u00e1nicos o inorg\u00e1nicos que causan da\u00f1os cuya gravedad depende de los componentes qu\u00edmicos en s\u00ed.<\/li><li>Las part\u00edculas contaminantes pueden ser una variedad de contaminantes viables (capaces de crecer), que por lo general son bacterias, moho u hongos.<\/li><\/ul>\n<p>Las pr\u00e1cticas recomendadas constan de un proceso de tres etapas.<\/p>\n\n<ol class=\"wp-block-list\"><li>Prefiltro MERV 8 o superior.<\/li><li>Filtraci\u00f3n molecular con medios tratados con carbono.<\/li><li>Filtro de eficiencia MERV 15 o superior para eliminar contaminantes finos.<\/li><\/ol>\n<p>Tan importante como usar los filtros correctos es llevar un cronograma de recambio adecuado, uno sin el otro, solo hace la mitad del trabajo, en el mejor de los casos. Elegir un filtro m\u00e1s barato con una mayor ca\u00edda de presi\u00f3n o extender el intervalo de recambio de los filtros aumenta much\u00edsimo el consumo energ\u00e9tico y esto sale mucho m\u00e1s caro a largo plazo.<\/p>\n\n<p><strong>La calidad del aire en interiores de Filtration Group ofrece una amplia l\u00ednea de productos y pr\u00e1cticas recomendadas.\u00a0\u00a1<a href=\"https:\/\/www.filtrationgroupiaq.com\/es\/comuniquese-con-nosotros\/\">Haga clic aqu\u00ed<\/a>\u00a0para solicitar una auditor\u00eda y consulta personalizadas!<\/strong><\/p>\n\n<div class=\"wp-block-media-text alignwide is-stacked-on-mobile grayblock\" style=\"grid-template-columns:41% auto\"><figure class=\"wp-block-media-text__media\"><img loading=\"lazy\" decoding=\"async\" width=\"1024\" height=\"635\" src=\"https:\/\/www.filtrationgroupiaq.com\/wp-content\/uploads\/2020\/05\/IndoorAirHygiene.com_-1024x635.jpg\" alt=\"\" class=\"wp-image-6628\" srcset=\"https:\/\/www.filtrationgroupiaq.com\/wp-content\/uploads\/2020\/05\/IndoorAirHygiene.com_-1024x635.jpg 1024w, https:\/\/www.filtrationgroupiaq.com\/wp-content\/uploads\/2020\/05\/IndoorAirHygiene.com_-300x186.jpg 300w, https:\/\/www.filtrationgroupiaq.com\/wp-content\/uploads\/2020\/05\/IndoorAirHygiene.com_-768x477.jpg 768w, https:\/\/www.filtrationgroupiaq.com\/wp-content\/uploads\/2020\/05\/IndoorAirHygiene.com_.jpg 1083w\" sizes=\"auto, (max-width: 1024px) 100vw, 1024px\" \/><\/figure><div class=\"wp-block-media-text__content\">\n<p><\/p>\n\n\n\n<h3 class=\"wp-block-heading\"><strong>\u00bfLE PREOCUPA REABRIR SU NEGOCIO?<\/strong><\/h3>\n\n\n\n<p><strong><a href=\"http:\/\/indoorairhygiene.com\/\">INDOORAIRHYGIENE.COM<\/a><\/strong>\u00a0es un centro de recursos gratuito cortes\u00eda de FG IAQ, del Grupo Filtration Group y Madison Industries.<\/p>\n\n\n\n<div class=\"wp-block-button is-style-outline is-style-outline--1\"><a class=\"wp-block-button__link has-text-color has-blue-color has-background has-white-background-color\" href=\"http:\/\/www.indoorairhygiene.com\">Visite el Centro de recursos<\/a><\/div>\n\n\n\n<p><\/p>\n<\/div><\/div>\n","protected":false},"excerpt":{"rendered":"<p>La mayor\u00eda de las personas podr\u00eda pensar que el manipular de forma f\u00edsica archivos y antig\u00fcedades es lo peor que se puede hacer con algo tan valioso, cuando en realidad, lo que m\u00e1s los afecta podr\u00eda ser el aire del entorno. Implementar los filtros correctos y un cronograma de recambios adecuado puede servir para eliminar [&hellip;]<\/p>\n","protected":false},"author":3,"featured_media":7462,"parent":7055,"menu_order":6,"comment_status":"closed","ping_status":"closed","template":"","meta":{"_acf_changed":false,"footnotes":""},"class_list":["post-7529","page","type-page","status-publish","has-post-thumbnail","hentry"],"acf":[],"yoast_head":"<!-- This site is optimized with the Yoast SEO plugin v27.3 - https:\/\/yoast.com\/product\/yoast-seo-wordpress\/ -->\n<title>MUSEOS, ARCHIVOS &amp; BIBLIOTECAS - Filtration Group- IAQ<\/title>\n<meta name=\"robots\" content=\"index, follow, max-snippet:-1, max-image-preview:large, max-video-preview:-1\" \/>\n<link rel=\"canonical\" href=\"https:\/\/www.filtrationgroupiaq.com\/es\/aplicaciones\/museos-archivos-bibliotecas\/\" \/>\n<meta property=\"og:locale\" content=\"es_ES\" \/>\n<meta property=\"og:type\" content=\"article\" \/>\n<meta property=\"og:title\" content=\"MUSEOS, ARCHIVOS &amp; BIBLIOTECAS - Filtration Group- IAQ\" \/>\n<meta property=\"og:description\" content=\"La mayor\u00eda de las personas podr\u00eda pensar que el manipular de forma f\u00edsica archivos y antig\u00fcedades es lo peor que se puede hacer con algo tan valioso, cuando en realidad, lo que m\u00e1s los afecta podr\u00eda ser el aire del entorno. Implementar los filtros correctos y un cronograma de recambios adecuado puede servir para eliminar [&hellip;]\" \/>\n<meta property=\"og:url\" content=\"https:\/\/www.filtrationgroupiaq.com\/es\/aplicaciones\/museos-archivos-bibliotecas\/\" \/>\n<meta property=\"og:site_name\" content=\"Filtration Group- IAQ\" \/>\n<meta property=\"og:image\" content=\"https:\/\/www.filtrationgroupiaq.com\/wp-content\/uploads\/2019\/11\/library.png\" \/>\n\t<meta property=\"og:image:width\" content=\"427\" \/>\n\t<meta property=\"og:image:height\" content=\"255\" \/>\n\t<meta property=\"og:image:type\" content=\"image\/png\" \/>\n<meta name=\"twitter:card\" content=\"summary_large_image\" \/>\n<meta name=\"twitter:label1\" content=\"Tiempo de lectura\" \/>\n\t<meta name=\"twitter:data1\" content=\"2 minutos\" \/>\n<script type=\"application\/ld+json\" class=\"yoast-schema-graph\">{\"@context\":\"https:\\\/\\\/schema.org\",\"@graph\":[{\"@type\":\"WebPage\",\"@id\":\"https:\\\/\\\/www.filtrationgroupiaq.com\\\/es\\\/aplicaciones\\\/museos-archivos-bibliotecas\\\/\",\"url\":\"https:\\\/\\\/www.filtrationgroupiaq.com\\\/es\\\/aplicaciones\\\/museos-archivos-bibliotecas\\\/\",\"name\":\"MUSEOS, ARCHIVOS &amp; BIBLIOTECAS - Filtration Group- IAQ\",\"isPartOf\":{\"@id\":\"https:\\\/\\\/www.filtrationgroupiaq.com\\\/es\\\/#website\"},\"primaryImageOfPage\":{\"@id\":\"https:\\\/\\\/www.filtrationgroupiaq.com\\\/es\\\/aplicaciones\\\/museos-archivos-bibliotecas\\\/#primaryimage\"},\"image\":{\"@id\":\"https:\\\/\\\/www.filtrationgroupiaq.com\\\/es\\\/aplicaciones\\\/museos-archivos-bibliotecas\\\/#primaryimage\"},\"thumbnailUrl\":\"https:\\\/\\\/www.filtrationgroupiaq.com\\\/wp-content\\\/uploads\\\/2019\\\/11\\\/library.png\",\"datePublished\":\"2021-03-12T18:04:25+00:00\",\"breadcrumb\":{\"@id\":\"https:\\\/\\\/www.filtrationgroupiaq.com\\\/es\\\/aplicaciones\\\/museos-archivos-bibliotecas\\\/#breadcrumb\"},\"inLanguage\":\"es\",\"potentialAction\":[{\"@type\":\"ReadAction\",\"target\":[\"https:\\\/\\\/www.filtrationgroupiaq.com\\\/es\\\/aplicaciones\\\/museos-archivos-bibliotecas\\\/\"]}]},{\"@type\":\"ImageObject\",\"inLanguage\":\"es\",\"@id\":\"https:\\\/\\\/www.filtrationgroupiaq.com\\\/es\\\/aplicaciones\\\/museos-archivos-bibliotecas\\\/#primaryimage\",\"url\":\"https:\\\/\\\/www.filtrationgroupiaq.com\\\/wp-content\\\/uploads\\\/2019\\\/11\\\/library.png\",\"contentUrl\":\"https:\\\/\\\/www.filtrationgroupiaq.com\\\/wp-content\\\/uploads\\\/2019\\\/11\\\/library.png\",\"width\":427,\"height\":255},{\"@type\":\"BreadcrumbList\",\"@id\":\"https:\\\/\\\/www.filtrationgroupiaq.com\\\/es\\\/aplicaciones\\\/museos-archivos-bibliotecas\\\/#breadcrumb\",\"itemListElement\":[{\"@type\":\"ListItem\",\"position\":1,\"name\":\"\",\"item\":\"https:\\\/\\\/www.filtrationgroupiaq.com\\\/es\\\/\"},{\"@type\":\"ListItem\",\"position\":2,\"name\":\"Aplicaciones\",\"item\":\"https:\\\/\\\/www.filtrationgroupiaq.com\\\/es\\\/aplicaciones\\\/\"},{\"@type\":\"ListItem\",\"position\":3,\"name\":\"MUSEOS, ARCHIVOS &amp; BIBLIOTECAS\"}]},{\"@type\":\"WebSite\",\"@id\":\"https:\\\/\\\/www.filtrationgroupiaq.com\\\/es\\\/#website\",\"url\":\"https:\\\/\\\/www.filtrationgroupiaq.com\\\/es\\\/\",\"name\":\"Filtration Group- IAQ\",\"description\":\"Making the World Safer, Healthier and More Productive\",\"publisher\":{\"@id\":\"https:\\\/\\\/www.filtrationgroupiaq.com\\\/es\\\/#organization\"},\"potentialAction\":[{\"@type\":\"SearchAction\",\"target\":{\"@type\":\"EntryPoint\",\"urlTemplate\":\"https:\\\/\\\/www.filtrationgroupiaq.com\\\/es\\\/?s={search_term_string}\"},\"query-input\":{\"@type\":\"PropertyValueSpecification\",\"valueRequired\":true,\"valueName\":\"search_term_string\"}}],\"inLanguage\":\"es\"},{\"@type\":\"Organization\",\"@id\":\"https:\\\/\\\/www.filtrationgroupiaq.com\\\/es\\\/#organization\",\"name\":\"Filtration Group\",\"url\":\"https:\\\/\\\/www.filtrationgroupiaq.com\\\/es\\\/\",\"logo\":{\"@type\":\"ImageObject\",\"inLanguage\":\"es\",\"@id\":\"https:\\\/\\\/www.filtrationgroupiaq.com\\\/es\\\/#\\\/schema\\\/logo\\\/image\\\/\",\"url\":\"https:\\\/\\\/www.filtrationgroupiaq.com\\\/wp-content\\\/uploads\\\/2019\\\/06\\\/FGC-logo-1.png\",\"contentUrl\":\"https:\\\/\\\/www.filtrationgroupiaq.com\\\/wp-content\\\/uploads\\\/2019\\\/06\\\/FGC-logo-1.png\",\"width\":1104,\"height\":224,\"caption\":\"Filtration Group\"},\"image\":{\"@id\":\"https:\\\/\\\/www.filtrationgroupiaq.com\\\/es\\\/#\\\/schema\\\/logo\\\/image\\\/\"},\"sameAs\":[\"https:\\\/\\\/www.linkedin.com\\\/company\\\/11857850\\\/\"]}]}<\/script>\n<!-- \/ Yoast SEO plugin. -->","yoast_head_json":{"title":"MUSEOS, ARCHIVOS &amp; BIBLIOTECAS - Filtration Group- IAQ","robots":{"index":"index","follow":"follow","max-snippet":"max-snippet:-1","max-image-preview":"max-image-preview:large","max-video-preview":"max-video-preview:-1"},"canonical":"https:\/\/www.filtrationgroupiaq.com\/es\/aplicaciones\/museos-archivos-bibliotecas\/","og_locale":"es_ES","og_type":"article","og_title":"MUSEOS, ARCHIVOS &amp; BIBLIOTECAS - Filtration Group- IAQ","og_description":"La mayor\u00eda de las personas podr\u00eda pensar que el manipular de forma f\u00edsica archivos y antig\u00fcedades es lo peor que se puede hacer con algo tan valioso, cuando en realidad, lo que m\u00e1s los afecta podr\u00eda ser el aire del entorno. Implementar los filtros correctos y un cronograma de recambios adecuado puede servir para eliminar [&hellip;]","og_url":"https:\/\/www.filtrationgroupiaq.com\/es\/aplicaciones\/museos-archivos-bibliotecas\/","og_site_name":"Filtration Group- IAQ","og_image":[{"width":427,"height":255,"url":"https:\/\/www.filtrationgroupiaq.com\/wp-content\/uploads\/2019\/11\/library.png","type":"image\/png"}],"twitter_card":"summary_large_image","twitter_misc":{"Tiempo de lectura":"2 minutos"},"schema":{"@context":"https:\/\/schema.org","@graph":[{"@type":"WebPage","@id":"https:\/\/www.filtrationgroupiaq.com\/es\/aplicaciones\/museos-archivos-bibliotecas\/","url":"https:\/\/www.filtrationgroupiaq.com\/es\/aplicaciones\/museos-archivos-bibliotecas\/","name":"MUSEOS, ARCHIVOS &amp; BIBLIOTECAS - Filtration Group- IAQ","isPartOf":{"@id":"https:\/\/www.filtrationgroupiaq.com\/es\/#website"},"primaryImageOfPage":{"@id":"https:\/\/www.filtrationgroupiaq.com\/es\/aplicaciones\/museos-archivos-bibliotecas\/#primaryimage"},"image":{"@id":"https:\/\/www.filtrationgroupiaq.com\/es\/aplicaciones\/museos-archivos-bibliotecas\/#primaryimage"},"thumbnailUrl":"https:\/\/www.filtrationgroupiaq.com\/wp-content\/uploads\/2019\/11\/library.png","datePublished":"2021-03-12T18:04:25+00:00","breadcrumb":{"@id":"https:\/\/www.filtrationgroupiaq.com\/es\/aplicaciones\/museos-archivos-bibliotecas\/#breadcrumb"},"inLanguage":"es","potentialAction":[{"@type":"ReadAction","target":["https:\/\/www.filtrationgroupiaq.com\/es\/aplicaciones\/museos-archivos-bibliotecas\/"]}]},{"@type":"ImageObject","inLanguage":"es","@id":"https:\/\/www.filtrationgroupiaq.com\/es\/aplicaciones\/museos-archivos-bibliotecas\/#primaryimage","url":"https:\/\/www.filtrationgroupiaq.com\/wp-content\/uploads\/2019\/11\/library.png","contentUrl":"https:\/\/www.filtrationgroupiaq.com\/wp-content\/uploads\/2019\/11\/library.png","width":427,"height":255},{"@type":"BreadcrumbList","@id":"https:\/\/www.filtrationgroupiaq.com\/es\/aplicaciones\/museos-archivos-bibliotecas\/#breadcrumb","itemListElement":[{"@type":"ListItem","position":1,"name":"","item":"https:\/\/www.filtrationgroupiaq.com\/es\/"},{"@type":"ListItem","position":2,"name":"Aplicaciones","item":"https:\/\/www.filtrationgroupiaq.com\/es\/aplicaciones\/"},{"@type":"ListItem","position":3,"name":"MUSEOS, ARCHIVOS &amp; BIBLIOTECAS"}]},{"@type":"WebSite","@id":"https:\/\/www.filtrationgroupiaq.com\/es\/#website","url":"https:\/\/www.filtrationgroupiaq.com\/es\/","name":"Filtration Group- IAQ","description":"Making the World Safer, Healthier and More Productive","publisher":{"@id":"https:\/\/www.filtrationgroupiaq.com\/es\/#organization"},"potentialAction":[{"@type":"SearchAction","target":{"@type":"EntryPoint","urlTemplate":"https:\/\/www.filtrationgroupiaq.com\/es\/?s={search_term_string}"},"query-input":{"@type":"PropertyValueSpecification","valueRequired":true,"valueName":"search_term_string"}}],"inLanguage":"es"},{"@type":"Organization","@id":"https:\/\/www.filtrationgroupiaq.com\/es\/#organization","name":"Filtration Group","url":"https:\/\/www.filtrationgroupiaq.com\/es\/","logo":{"@type":"ImageObject","inLanguage":"es","@id":"https:\/\/www.filtrationgroupiaq.com\/es\/#\/schema\/logo\/image\/","url":"https:\/\/www.filtrationgroupiaq.com\/wp-content\/uploads\/2019\/06\/FGC-logo-1.png","contentUrl":"https:\/\/www.filtrationgroupiaq.com\/wp-content\/uploads\/2019\/06\/FGC-logo-1.png","width":1104,"height":224,"caption":"Filtration Group"},"image":{"@id":"https:\/\/www.filtrationgroupiaq.com\/es\/#\/schema\/logo\/image\/"},"sameAs":["https:\/\/www.linkedin.com\/company\/11857850\/"]}]}},"_links":{"self":[{"href":"https:\/\/www.filtrationgroupiaq.com\/es\/wp-json\/wp\/v2\/pages\/7529","targetHints":{"allow":["GET"]}}],"collection":[{"href":"https:\/\/www.filtrationgroupiaq.com\/es\/wp-json\/wp\/v2\/pages"}],"about":[{"href":"https:\/\/www.filtrationgroupiaq.com\/es\/wp-json\/wp\/v2\/types\/page"}],"author":[{"embeddable":true,"href":"https:\/\/www.filtrationgroupiaq.com\/es\/wp-json\/wp\/v2\/users\/3"}],"replies":[{"embeddable":true,"href":"https:\/\/www.filtrationgroupiaq.com\/es\/wp-json\/wp\/v2\/comments?post=7529"}],"version-history":[{"count":0,"href":"https:\/\/www.filtrationgroupiaq.com\/es\/wp-json\/wp\/v2\/pages\/7529\/revisions"}],"up":[{"embeddable":true,"href":"https:\/\/www.filtrationgroupiaq.com\/es\/wp-json\/wp\/v2\/pages\/7055"}],"wp:featuredmedia":[{"embeddable":true,"href":"https:\/\/www.filtrationgroupiaq.com\/es\/wp-json\/wp\/v2\/media\/7462"}],"wp:attachment":[{"href":"https:\/\/www.filtrationgroupiaq.com\/es\/wp-json\/wp\/v2\/media?parent=7529"}],"curies":[{"name":"wp","href":"https:\/\/api.w.org\/{rel}","templated":true}]}}