{"id":1514,"date":"2019-11-25T10:55:18","date_gmt":"2019-11-25T15:55:18","guid":{"rendered":"http:\/\/dafcoprod.wpengine.com\/?page_id=1514"},"modified":"2023-08-25T02:53:43","modified_gmt":"2023-08-25T07:53:43","slug":"about-us-2","status":"publish","type":"page","link":"https:\/\/www.filtrationgroupiaq.com\/fr\/about-us-2\/","title":{"rendered":"\u00c0 Propos"},"content":{"rendered":"\n<div class=\"wp-block-cover alignfull is-light hero-small\" style=\"min-height:324px;aspect-ratio:unset;\"><span aria-hidden=\"true\" class=\"wp-block-cover__background has-black-background-color has-background-dim-10 has-background-dim\"><\/span><img loading=\"lazy\" decoding=\"async\" width=\"1280\" height=\"339\" class=\"wp-block-cover__image-background wp-image-2931\" src=\"https:\/\/www.filtrationgroupiaq.com\/wp-content\/uploads\/2020\/07\/banner-web7-3.png\" style=\"object-position:20% 20%\" data-object-fit=\"cover\" data-object-position=\"20% 20%\" srcset=\"https:\/\/www.filtrationgroupiaq.com\/wp-content\/uploads\/2020\/07\/banner-web7-3.png 1280w, https:\/\/www.filtrationgroupiaq.com\/wp-content\/uploads\/2020\/07\/banner-web7-3-300x79.png 300w, https:\/\/www.filtrationgroupiaq.com\/wp-content\/uploads\/2020\/07\/banner-web7-3-1024x271.png 1024w, https:\/\/www.filtrationgroupiaq.com\/wp-content\/uploads\/2020\/07\/banner-web7-3-768x203.png 768w\" sizes=\"auto, (max-width: 1280px) 100vw, 1280px\" \/><div class=\"wp-block-cover__inner-container is-layout-flow wp-block-cover-is-layout-flow\">\n<p class=\"has-text-align-center\" style=\"font-size:45px\"><strong>\u00c0 Propos<\/strong><\/p>\n\n\n\n<div style=\"height:27px\" aria-hidden=\"true\" class=\"wp-block-spacer\"><\/div>\n<\/div><\/div>\n\n\n\n<h2 class=\"has-dark-gray-color has-text-color wp-block-heading\">Filtration Group- Qualit\u00e9 d&rsquo;Air Int\u00e9rieur<\/h2>\n\n\n\n<div style=\"height:20px\" aria-hidden=\"true\" class=\"wp-block-spacer\"><\/div>\n\n\n\n<p>Depuis la fondation de son pr\u00e9d\u00e9cesseur en 1946, Filtration Group &#8211; Qualit\u00e9 d&rsquo;Air Int\u00e9rieur se consacre depuis longtemps \u00e0 la production d&rsquo;air pur. Depuis lors, FG- Qualit\u00e9 d&rsquo;Air Int\u00e9rieur a connu une croissance organique consid\u00e9rable et gr\u00e2ce \u00e0 des partenariats strat\u00e9giques avec Dafco Filtration Group et Waco HVAC. Aujourd&rsquo;hui, Filtration Group Indoor Air Quality est l&rsquo;un des fabricants de filtration les plus importants et les plus avanc\u00e9s au Canada et aux \u00c9tats-Unis. Nos 16 sites, dont 7 usines de fabrication, nous permettent de mieux servir nos clients d&rsquo;un oc\u00e9an \u00e0 l&rsquo;autre. Notre vaste r\u00e9seau d&rsquo;installations de fabrication, de vente et d&rsquo;ing\u00e9nierie en Am\u00e9rique du Nord, FG QAI est \u00e0 la pointe de l&rsquo;industrie dans les solutions de filtration pour les secteurs commercial, r\u00e9sidentiel, de la sant\u00e9, de la phase gazeuse \/ mol\u00e9culaire, des salles blanches, de la bios\u00e9curit\u00e9 et du CVC g\u00e9n\u00e9ral.<\/p>\n\n\n\n<p><strong>Client<\/strong><\/p>\n\n\n\n<p>Notre qu\u00eate incessante de l&rsquo;excellence est motiv\u00e9e par un d\u00e9sir profond de mieux servir nos clients. Nous investissons dans les meilleures personnes, technologies et strat\u00e9gies pour d\u00e9velopper un leader du march\u00e9 vraiment unique qui offre une valeur client exceptionnelle.<\/p>\n\n\n\n<p><strong>Innovation<\/strong><\/p>\n\n\n\n<p>Lorsque nos clients ont un besoin de filtration, nous trouvons une r\u00e9ponse. Quelles que soient vos demandes uniques, nos ing\u00e9nieurs s&rsquo;efforcent toujours de fournir la meilleure solution possible. Nous innovons et am\u00e9liorons constamment notre technologie pour rendre la filtration plus efficace, plus efficace et plus respectueuse de l&rsquo;environnement chaque jour.<\/p>\n\n\n\n<p><strong>Passion<\/strong><\/p>\n\n\n\n<p>Nos ing\u00e9nieurs sont passionn\u00e9s par la filtration et cela se voit dans chacun de nos produits et services, de la conception initiale \u00e0 la livraison. Cette passion se traduit par un monde plus propre, plus vert et plus sain pour nous tous.<\/p>\n\n\n\n<p>Nous nous engageons \u00e0 fournir des produits et des solutions de filtration de l&rsquo;air de la plus haute efficacit\u00e9 et de la plus haute performance au service d&rsquo;un large \u00e9ventail d&rsquo;industries \u00e0 travers l&rsquo;Am\u00e9rique du Nord. De notre gamme de filtres \u00e0 air \u00e0 particules \u00e0 notre programme de Co\u00fbt Total de Possession (TCO), nos pr\u00e9cieux clients b\u00e9n\u00e9ficient de nos solutions et de notre expertise de premier plan au monde. Nous nous engageons \u00e0 rendre le monde plus s\u00fbr, plus sain et plus productif!<\/p>\n\n\n\n<div style=\"height:20px\" aria-hidden=\"true\" class=\"wp-block-spacer\"><\/div>\n\n\n\n<div class=\"wp-block-media-text alignwide has-media-on-the-right is-stacked-on-mobile grayblock\" style=\"grid-template-columns:auto 64%\"><div class=\"wp-block-media-text__content\">\n<p class=\"has-dark-gray-color has-text-color has-large-font-size\"><strong>Notre \u00c9volution<\/strong>&#8230;<\/p>\n\n\n\n<p>2020- Dafco Filtration Group, Filtration Group HVAC et Waco HVAC fonctionnent d\u00e9sormais ensemble sous le nom de <strong>Filtration Group &#8211; Qualit\u00e9 d&rsquo;Air Int\u00e9rieur.<\/strong><\/p>\n\n\n\n<p>Ce changement de marque interne cr\u00e9e l&rsquo;\u00e9quipe la plus exp\u00e9riment\u00e9e de sp\u00e9cialistes de la filtration de l&rsquo;air en Am\u00e9rique du Nord, servant finalement nos clients \u00e0 travers le r\u00e9seau d&rsquo;installations le plus complet aux \u00c9tats-Unis et au Canada.<\/p>\n\n\n\n<div style=\"height:32px\" aria-hidden=\"true\" class=\"wp-block-spacer\"><\/div>\n<\/div><figure class=\"wp-block-media-text__media\"><img loading=\"lazy\" decoding=\"async\" width=\"792\" height=\"404\" src=\"https:\/\/www.filtrationgroupiaq.com\/wp-content\/uploads\/2020\/08\/evolution-FG-IAQ-3.png\" alt=\"\" class=\"wp-image-4184 size-full\" srcset=\"https:\/\/www.filtrationgroupiaq.com\/wp-content\/uploads\/2020\/08\/evolution-FG-IAQ-3.png 792w, https:\/\/www.filtrationgroupiaq.com\/wp-content\/uploads\/2020\/08\/evolution-FG-IAQ-3-300x153.png 300w, https:\/\/www.filtrationgroupiaq.com\/wp-content\/uploads\/2020\/08\/evolution-FG-IAQ-3-768x392.png 768w\" sizes=\"auto, (max-width: 792px) 100vw, 792px\" \/><\/figure><\/div>\n\n\n\n<div style=\"height:20px\" aria-hidden=\"true\" class=\"wp-block-spacer\"><\/div>\n\n\n\n<h2 class=\"wp-block-heading\">Chez FG QAI, nous sommes toujours \u00e0 la recherche et \u00e0 la planification de l&rsquo;avenir. Toujours accro\u00eetre nos capacit\u00e9s.<\/h2>\n","protected":false},"excerpt":{"rendered":"<p>Filtration Group- Qualit\u00e9 d&rsquo;Air Int\u00e9rieur Depuis la fondation de son pr\u00e9d\u00e9cesseur en 1946, Filtration Group &#8211; Qualit\u00e9 d&rsquo;Air Int\u00e9rieur se consacre depuis longtemps \u00e0 la production d&rsquo;air pur. Depuis lors, FG- Qualit\u00e9 d&rsquo;Air Int\u00e9rieur a connu une croissance organique consid\u00e9rable et gr\u00e2ce \u00e0 des partenariats strat\u00e9giques avec Dafco Filtration Group et Waco HVAC. Aujourd&rsquo;hui, Filtration [&hellip;]<\/p>\n","protected":false},"author":3,"featured_media":0,"parent":0,"menu_order":0,"comment_status":"closed","ping_status":"closed","template":"","meta":{"_acf_changed":false,"footnotes":""},"class_list":["post-1514","page","type-page","status-publish","hentry"],"acf":[],"yoast_head":"<!-- This site is optimized with the Yoast SEO plugin v27.3 - https:\/\/yoast.com\/product\/yoast-seo-wordpress\/ -->\n<title>\u00c0 Propos - Filtration Group- IAQ<\/title>\n<meta name=\"robots\" content=\"index, follow, max-snippet:-1, max-image-preview:large, max-video-preview:-1\" \/>\n<link rel=\"canonical\" href=\"https:\/\/www.filtrationgroupiaq.com\/fr\/about-us-2\/\" \/>\n<meta property=\"og:locale\" content=\"fr_FR\" \/>\n<meta property=\"og:type\" content=\"article\" \/>\n<meta property=\"og:title\" content=\"\u00c0 Propos - Filtration Group- IAQ\" \/>\n<meta property=\"og:description\" content=\"Filtration Group- Qualit\u00e9 d&rsquo;Air Int\u00e9rieur Depuis la fondation de son pr\u00e9d\u00e9cesseur en 1946, Filtration Group &#8211; Qualit\u00e9 d&rsquo;Air Int\u00e9rieur se consacre depuis longtemps \u00e0 la production d&rsquo;air pur. Depuis lors, FG- Qualit\u00e9 d&rsquo;Air Int\u00e9rieur a connu une croissance organique consid\u00e9rable et gr\u00e2ce \u00e0 des partenariats strat\u00e9giques avec Dafco Filtration Group et Waco HVAC. Aujourd&rsquo;hui, Filtration [&hellip;]\" \/>\n<meta property=\"og:url\" content=\"https:\/\/www.filtrationgroupiaq.com\/fr\/about-us-2\/\" \/>\n<meta property=\"og:site_name\" content=\"Filtration Group- IAQ\" \/>\n<meta property=\"article:modified_time\" content=\"2023-08-25T07:53:43+00:00\" \/>\n<meta property=\"og:image\" content=\"https:\/\/www.filtrationgroupiaq.com\/wp-content\/uploads\/2020\/07\/banner-web7-3.png\" \/>\n<meta name=\"twitter:card\" content=\"summary_large_image\" \/>\n<meta name=\"twitter:label1\" content=\"Dur\u00e9e de lecture estim\u00e9e\" \/>\n\t<meta name=\"twitter:data1\" content=\"3 minutes\" \/>\n<script type=\"application\/ld+json\" class=\"yoast-schema-graph\">{\"@context\":\"https:\\\/\\\/schema.org\",\"@graph\":[{\"@type\":\"WebPage\",\"@id\":\"https:\\\/\\\/www.filtrationgroupiaq.com\\\/fr\\\/about-us-2\\\/\",\"url\":\"https:\\\/\\\/www.filtrationgroupiaq.com\\\/fr\\\/about-us-2\\\/\",\"name\":\"\u00c0 Propos - Filtration Group- IAQ\",\"isPartOf\":{\"@id\":\"https:\\\/\\\/www.filtrationgroupiaq.com\\\/fr\\\/#website\"},\"primaryImageOfPage\":{\"@id\":\"https:\\\/\\\/www.filtrationgroupiaq.com\\\/fr\\\/about-us-2\\\/#primaryimage\"},\"image\":{\"@id\":\"https:\\\/\\\/www.filtrationgroupiaq.com\\\/fr\\\/about-us-2\\\/#primaryimage\"},\"thumbnailUrl\":\"https:\\\/\\\/www.filtrationgroupiaq.com\\\/wp-content\\\/uploads\\\/2020\\\/07\\\/banner-web7-3.png\",\"datePublished\":\"2019-11-25T15:55:18+00:00\",\"dateModified\":\"2023-08-25T07:53:43+00:00\",\"breadcrumb\":{\"@id\":\"https:\\\/\\\/www.filtrationgroupiaq.com\\\/fr\\\/about-us-2\\\/#breadcrumb\"},\"inLanguage\":\"fr-FR\",\"potentialAction\":[{\"@type\":\"ReadAction\",\"target\":[\"https:\\\/\\\/www.filtrationgroupiaq.com\\\/fr\\\/about-us-2\\\/\"]}]},{\"@type\":\"ImageObject\",\"inLanguage\":\"fr-FR\",\"@id\":\"https:\\\/\\\/www.filtrationgroupiaq.com\\\/fr\\\/about-us-2\\\/#primaryimage\",\"url\":\"https:\\\/\\\/www.filtrationgroupiaq.com\\\/wp-content\\\/uploads\\\/2020\\\/07\\\/banner-web7-3.png\",\"contentUrl\":\"https:\\\/\\\/www.filtrationgroupiaq.com\\\/wp-content\\\/uploads\\\/2020\\\/07\\\/banner-web7-3.png\"},{\"@type\":\"BreadcrumbList\",\"@id\":\"https:\\\/\\\/www.filtrationgroupiaq.com\\\/fr\\\/about-us-2\\\/#breadcrumb\",\"itemListElement\":[{\"@type\":\"ListItem\",\"position\":1,\"name\":\"\",\"item\":\"https:\\\/\\\/www.filtrationgroupiaq.com\\\/fr\\\/\"},{\"@type\":\"ListItem\",\"position\":2,\"name\":\"\u00c0 Propos\"}]},{\"@type\":\"WebSite\",\"@id\":\"https:\\\/\\\/www.filtrationgroupiaq.com\\\/fr\\\/#website\",\"url\":\"https:\\\/\\\/www.filtrationgroupiaq.com\\\/fr\\\/\",\"name\":\"Filtration Group- IAQ\",\"description\":\"Making the World Safer, Healthier and More Productive\",\"publisher\":{\"@id\":\"https:\\\/\\\/www.filtrationgroupiaq.com\\\/fr\\\/#organization\"},\"potentialAction\":[{\"@type\":\"SearchAction\",\"target\":{\"@type\":\"EntryPoint\",\"urlTemplate\":\"https:\\\/\\\/www.filtrationgroupiaq.com\\\/fr\\\/?s={search_term_string}\"},\"query-input\":{\"@type\":\"PropertyValueSpecification\",\"valueRequired\":true,\"valueName\":\"search_term_string\"}}],\"inLanguage\":\"fr-FR\"},{\"@type\":\"Organization\",\"@id\":\"https:\\\/\\\/www.filtrationgroupiaq.com\\\/fr\\\/#organization\",\"name\":\"Filtration Group\",\"url\":\"https:\\\/\\\/www.filtrationgroupiaq.com\\\/fr\\\/\",\"logo\":{\"@type\":\"ImageObject\",\"inLanguage\":\"fr-FR\",\"@id\":\"https:\\\/\\\/www.filtrationgroupiaq.com\\\/fr\\\/#\\\/schema\\\/logo\\\/image\\\/\",\"url\":\"https:\\\/\\\/www.filtrationgroupiaq.com\\\/wp-content\\\/uploads\\\/2019\\\/06\\\/FGC-logo-1.png\",\"contentUrl\":\"https:\\\/\\\/www.filtrationgroupiaq.com\\\/wp-content\\\/uploads\\\/2019\\\/06\\\/FGC-logo-1.png\",\"width\":1104,\"height\":224,\"caption\":\"Filtration Group\"},\"image\":{\"@id\":\"https:\\\/\\\/www.filtrationgroupiaq.com\\\/fr\\\/#\\\/schema\\\/logo\\\/image\\\/\"},\"sameAs\":[\"https:\\\/\\\/www.linkedin.com\\\/company\\\/11857850\\\/\"]}]}<\/script>\n<!-- \/ Yoast SEO plugin. -->","yoast_head_json":{"title":"\u00c0 Propos - Filtration Group- IAQ","robots":{"index":"index","follow":"follow","max-snippet":"max-snippet:-1","max-image-preview":"max-image-preview:large","max-video-preview":"max-video-preview:-1"},"canonical":"https:\/\/www.filtrationgroupiaq.com\/fr\/about-us-2\/","og_locale":"fr_FR","og_type":"article","og_title":"\u00c0 Propos - Filtration Group- IAQ","og_description":"Filtration Group- Qualit\u00e9 d&rsquo;Air Int\u00e9rieur Depuis la fondation de son pr\u00e9d\u00e9cesseur en 1946, Filtration Group &#8211; Qualit\u00e9 d&rsquo;Air Int\u00e9rieur se consacre depuis longtemps \u00e0 la production d&rsquo;air pur. Depuis lors, FG- Qualit\u00e9 d&rsquo;Air Int\u00e9rieur a connu une croissance organique consid\u00e9rable et gr\u00e2ce \u00e0 des partenariats strat\u00e9giques avec Dafco Filtration Group et Waco HVAC. Aujourd&rsquo;hui, Filtration [&hellip;]","og_url":"https:\/\/www.filtrationgroupiaq.com\/fr\/about-us-2\/","og_site_name":"Filtration Group- IAQ","article_modified_time":"2023-08-25T07:53:43+00:00","og_image":[{"url":"https:\/\/www.filtrationgroupiaq.com\/wp-content\/uploads\/2020\/07\/banner-web7-3.png","type":"","width":"","height":""}],"twitter_card":"summary_large_image","twitter_misc":{"Dur\u00e9e de lecture estim\u00e9e":"3 minutes"},"schema":{"@context":"https:\/\/schema.org","@graph":[{"@type":"WebPage","@id":"https:\/\/www.filtrationgroupiaq.com\/fr\/about-us-2\/","url":"https:\/\/www.filtrationgroupiaq.com\/fr\/about-us-2\/","name":"\u00c0 Propos - Filtration Group- IAQ","isPartOf":{"@id":"https:\/\/www.filtrationgroupiaq.com\/fr\/#website"},"primaryImageOfPage":{"@id":"https:\/\/www.filtrationgroupiaq.com\/fr\/about-us-2\/#primaryimage"},"image":{"@id":"https:\/\/www.filtrationgroupiaq.com\/fr\/about-us-2\/#primaryimage"},"thumbnailUrl":"https:\/\/www.filtrationgroupiaq.com\/wp-content\/uploads\/2020\/07\/banner-web7-3.png","datePublished":"2019-11-25T15:55:18+00:00","dateModified":"2023-08-25T07:53:43+00:00","breadcrumb":{"@id":"https:\/\/www.filtrationgroupiaq.com\/fr\/about-us-2\/#breadcrumb"},"inLanguage":"fr-FR","potentialAction":[{"@type":"ReadAction","target":["https:\/\/www.filtrationgroupiaq.com\/fr\/about-us-2\/"]}]},{"@type":"ImageObject","inLanguage":"fr-FR","@id":"https:\/\/www.filtrationgroupiaq.com\/fr\/about-us-2\/#primaryimage","url":"https:\/\/www.filtrationgroupiaq.com\/wp-content\/uploads\/2020\/07\/banner-web7-3.png","contentUrl":"https:\/\/www.filtrationgroupiaq.com\/wp-content\/uploads\/2020\/07\/banner-web7-3.png"},{"@type":"BreadcrumbList","@id":"https:\/\/www.filtrationgroupiaq.com\/fr\/about-us-2\/#breadcrumb","itemListElement":[{"@type":"ListItem","position":1,"name":"","item":"https:\/\/www.filtrationgroupiaq.com\/fr\/"},{"@type":"ListItem","position":2,"name":"\u00c0 Propos"}]},{"@type":"WebSite","@id":"https:\/\/www.filtrationgroupiaq.com\/fr\/#website","url":"https:\/\/www.filtrationgroupiaq.com\/fr\/","name":"Filtration Group- IAQ","description":"Making the World Safer, Healthier and More Productive","publisher":{"@id":"https:\/\/www.filtrationgroupiaq.com\/fr\/#organization"},"potentialAction":[{"@type":"SearchAction","target":{"@type":"EntryPoint","urlTemplate":"https:\/\/www.filtrationgroupiaq.com\/fr\/?s={search_term_string}"},"query-input":{"@type":"PropertyValueSpecification","valueRequired":true,"valueName":"search_term_string"}}],"inLanguage":"fr-FR"},{"@type":"Organization","@id":"https:\/\/www.filtrationgroupiaq.com\/fr\/#organization","name":"Filtration Group","url":"https:\/\/www.filtrationgroupiaq.com\/fr\/","logo":{"@type":"ImageObject","inLanguage":"fr-FR","@id":"https:\/\/www.filtrationgroupiaq.com\/fr\/#\/schema\/logo\/image\/","url":"https:\/\/www.filtrationgroupiaq.com\/wp-content\/uploads\/2019\/06\/FGC-logo-1.png","contentUrl":"https:\/\/www.filtrationgroupiaq.com\/wp-content\/uploads\/2019\/06\/FGC-logo-1.png","width":1104,"height":224,"caption":"Filtration Group"},"image":{"@id":"https:\/\/www.filtrationgroupiaq.com\/fr\/#\/schema\/logo\/image\/"},"sameAs":["https:\/\/www.linkedin.com\/company\/11857850\/"]}]}},"_links":{"self":[{"href":"https:\/\/www.filtrationgroupiaq.com\/fr\/wp-json\/wp\/v2\/pages\/1514","targetHints":{"allow":["GET"]}}],"collection":[{"href":"https:\/\/www.filtrationgroupiaq.com\/fr\/wp-json\/wp\/v2\/pages"}],"about":[{"href":"https:\/\/www.filtrationgroupiaq.com\/fr\/wp-json\/wp\/v2\/types\/page"}],"author":[{"embeddable":true,"href":"https:\/\/www.filtrationgroupiaq.com\/fr\/wp-json\/wp\/v2\/users\/3"}],"replies":[{"embeddable":true,"href":"https:\/\/www.filtrationgroupiaq.com\/fr\/wp-json\/wp\/v2\/comments?post=1514"}],"version-history":[{"count":0,"href":"https:\/\/www.filtrationgroupiaq.com\/fr\/wp-json\/wp\/v2\/pages\/1514\/revisions"}],"wp:attachment":[{"href":"https:\/\/www.filtrationgroupiaq.com\/fr\/wp-json\/wp\/v2\/media?parent=1514"}],"curies":[{"name":"wp","href":"https:\/\/api.w.org\/{rel}","templated":true}]}}