{"id":1525,"date":"2019-11-25T11:23:22","date_gmt":"2019-11-25T16:23:22","guid":{"rendered":"http:\/\/dafcoprod.wpengine.com\/?page_id=1525"},"modified":"2020-09-09T11:27:09","modified_gmt":"2020-09-09T16:27:09","slug":"apropos","status":"publish","type":"page","link":"https:\/\/www.filtrationgroupiaq.com\/fr\/about-us-2\/apropos\/","title":{"rendered":"Nos Missions"},"content":{"rendered":"\n<div class=\"wp-block-cover alignfull has-background-dim-10 has-black-background-color has-background-dim hero-small\" style=\"background-image:url(https:\/\/www.filtrationgroupiaq.com\/wp-content\/uploads\/2020\/07\/banner-web7-3.png);background-position:20% 20%;min-height:324px;aspect-ratio:unset;\"><div class=\"wp-block-cover__inner-container is-layout-flow wp-block-cover-is-layout-flow\">\n<p style=\"font-size:45px\" class=\"has-text-align-center\"><strong>Nos Missions<\/strong><\/p>\n<\/div><\/div>\n\n\n\n<div class=\"wp-block-media-text alignwide is-stacked-on-mobile\"><figure class=\"wp-block-media-text__media\"><img loading=\"lazy\" decoding=\"async\" width=\"945\" height=\"636\" src=\"https:\/\/www.filtrationgroupiaq.com\/wp-content\/uploads\/2019\/11\/safer.jpg\" alt=\"Safer\" class=\"wp-image-561\" srcset=\"https:\/\/www.filtrationgroupiaq.com\/wp-content\/uploads\/2019\/11\/safer.jpg 945w, https:\/\/www.filtrationgroupiaq.com\/wp-content\/uploads\/2019\/11\/safer-300x202.jpg 300w, https:\/\/www.filtrationgroupiaq.com\/wp-content\/uploads\/2019\/11\/safer-768x517.jpg 768w, https:\/\/www.filtrationgroupiaq.com\/wp-content\/uploads\/2019\/11\/safer-272x182.jpg 272w\" sizes=\"auto, (max-width: 945px) 100vw, 945px\" \/><\/figure><div class=\"wp-block-media-text__content\">\n<h3 class=\"wp-block-heading\">Plus S\u00fbr<\/h3>\n\n\n\n<p>D&rsquo;ici l&rsquo;an 2050, il y aura 2,3 milliards de personnes suppl\u00e9mentaires sur la plan\u00e8te. La demande pour un approvisionnement alimentaire accru augmentera avec la croissance d\u00e9mographique &#8211; nous avons besoin d&rsquo;un acc\u00e8s \u00e0 de la nourriture et \u00e0 de l&rsquo;eau potable. Les co\u00fbts de soins de sant\u00e9 continueront \u00e0 augmenter et les technologies et solutions m\u00e9dicales avanc\u00e9es seront essentielles pour assurer une qualit\u00e9 de vie satisfaisante. Nous utilisons notre exp\u00e9rience et notre expertise pour r\u00e9soudre les probl\u00e8mes de la croissance mondiale. Ainsi, les familles ont de la nourriture et tout le monde peut respirer de l&rsquo;air pur. Nous avons toujours une vision futuriste pour pr\u00e9voir et pr\u00e9parer des solutions pour notre monde en constante \u00e9volution.<\/p>\n<\/div><\/div>\n\n\n\n<div class=\"wp-block-media-text alignwide has-media-on-the-right is-stacked-on-mobile\"><figure class=\"wp-block-media-text__media\"><img loading=\"lazy\" decoding=\"async\" width=\"1024\" height=\"674\" src=\"https:\/\/www.filtrationgroupiaq.com\/wp-content\/uploads\/2019\/11\/healthier-1024x674.jpg\" alt=\"Healthier\" class=\"wp-image-563\" srcset=\"https:\/\/www.filtrationgroupiaq.com\/wp-content\/uploads\/2019\/11\/healthier-1024x674.jpg 1024w, https:\/\/www.filtrationgroupiaq.com\/wp-content\/uploads\/2019\/11\/healthier-300x197.jpg 300w, https:\/\/www.filtrationgroupiaq.com\/wp-content\/uploads\/2019\/11\/healthier-768x506.jpg 768w, https:\/\/www.filtrationgroupiaq.com\/wp-content\/uploads\/2019\/11\/healthier.jpg 1109w\" sizes=\"auto, (max-width: 1024px) 100vw, 1024px\" \/><\/figure><div class=\"wp-block-media-text__content\">\n<h3 class=\"wp-block-heading\">Plus Sain<\/h3>\n\n\n\n<p>Les nouvelles normes sur la pollution par le carbone entra\u00eeneront bient\u00f4t une r\u00e9duction de 470 \u00e0 700 millions de tonnes de la pollution par le carbone dans le monde. Nous nous engageons \u00e0 am\u00e9liorer les processus, \u00e0 r\u00e9duire le gaspillage ainsi que&nbsp;notre empreinte carbone. \u00c0 mesure que des normes plus saines seront mises en \u0153uvre, nous nous efforcerons de les d\u00e9passer de mani\u00e8re proactive.<\/p>\n<\/div><\/div>\n\n\n\n<div class=\"wp-block-media-text alignwide is-stacked-on-mobile\"><figure class=\"wp-block-media-text__media\"><img loading=\"lazy\" decoding=\"async\" width=\"1024\" height=\"691\" src=\"https:\/\/www.filtrationgroupiaq.com\/wp-content\/uploads\/2019\/11\/more-productive-1024x691.jpg\" alt=\"More Productive\" class=\"wp-image-565\" srcset=\"https:\/\/www.filtrationgroupiaq.com\/wp-content\/uploads\/2019\/11\/more-productive-1024x691.jpg 1024w, https:\/\/www.filtrationgroupiaq.com\/wp-content\/uploads\/2019\/11\/more-productive-300x203.jpg 300w, https:\/\/www.filtrationgroupiaq.com\/wp-content\/uploads\/2019\/11\/more-productive-768x519.jpg 768w, https:\/\/www.filtrationgroupiaq.com\/wp-content\/uploads\/2019\/11\/more-productive.jpg 1650w\" sizes=\"auto, (max-width: 1024px) 100vw, 1024px\" \/><\/figure><div class=\"wp-block-media-text__content\">\n<h3 class=\"wp-block-heading\">Plus Productif<\/h3>\n\n\n\n<p>Nous sommes engag\u00e9s dans le d\u00e9veloppement de nouveaux produits. Que ce soit en r\u00e9ponse \u00e0 votre d\u00e9fi ou \u00e0 nos&nbsp;propres id\u00e9es, nos ing\u00e9nieurs et nos \u00e9quipes d\u2019innovation fournissent des solutions qui permettent aux processus critiques d\u2019\u00eatre plus productifs et efficaces. Parce que nous prot\u00e9geons et am\u00e9liorons vos actifs les plus importants, nous respectons toutes les normes de qualit\u00e9 et prot\u00e9geons notre environnement. Alors que nous travaillons sur une empreinte carbone r\u00e9duite, nous fournissons une gamme compl\u00e8te de filtres de la plus haute qualit\u00e9 qui approvisionnent pratiquement tous les fabricants d\u2019automobiles et clients du march\u00e9 secondaire de la plan\u00e8te.<\/p>\n<\/div><\/div>\n","protected":false},"excerpt":{"rendered":"<p>Plus S\u00fbr D&rsquo;ici l&rsquo;an 2050, il y aura 2,3 milliards de personnes suppl\u00e9mentaires sur la plan\u00e8te. La demande pour un approvisionnement alimentaire accru augmentera avec la croissance d\u00e9mographique &#8211; nous avons besoin d&rsquo;un acc\u00e8s \u00e0 de la nourriture et \u00e0 de l&rsquo;eau potable. Les co\u00fbts de soins de sant\u00e9 continueront \u00e0 augmenter et les technologies [&hellip;]<\/p>\n","protected":false},"author":3,"featured_media":0,"parent":1514,"menu_order":0,"comment_status":"closed","ping_status":"closed","template":"","meta":{"_acf_changed":false,"footnotes":""},"class_list":["post-1525","page","type-page","status-publish","hentry"],"acf":[],"yoast_head":"<!-- This site is optimized with the Yoast SEO plugin v27.3 - https:\/\/yoast.com\/product\/yoast-seo-wordpress\/ -->\n<title>Nos Missions - Filtration Group- IAQ<\/title>\n<meta name=\"robots\" content=\"index, follow, max-snippet:-1, max-image-preview:large, max-video-preview:-1\" \/>\n<link rel=\"canonical\" href=\"https:\/\/www.filtrationgroupiaq.com\/fr\/about-us-2\/apropos\/\" \/>\n<meta property=\"og:locale\" content=\"fr_FR\" \/>\n<meta property=\"og:type\" content=\"article\" \/>\n<meta property=\"og:title\" content=\"Nos Missions - Filtration Group- IAQ\" \/>\n<meta property=\"og:description\" content=\"Plus S\u00fbr D&rsquo;ici l&rsquo;an 2050, il y aura 2,3 milliards de personnes suppl\u00e9mentaires sur la plan\u00e8te. La demande pour un approvisionnement alimentaire accru augmentera avec la croissance d\u00e9mographique &#8211; nous avons besoin d&rsquo;un acc\u00e8s \u00e0 de la nourriture et \u00e0 de l&rsquo;eau potable. Les co\u00fbts de soins de sant\u00e9 continueront \u00e0 augmenter et les technologies [&hellip;]\" \/>\n<meta property=\"og:url\" content=\"https:\/\/www.filtrationgroupiaq.com\/fr\/about-us-2\/apropos\/\" \/>\n<meta property=\"og:site_name\" content=\"Filtration Group- IAQ\" \/>\n<meta property=\"article:modified_time\" content=\"2020-09-09T16:27:09+00:00\" \/>\n<meta property=\"og:image\" content=\"https:\/\/www.filtrationgroupiaq.com\/wp-content\/uploads\/2019\/11\/safer.jpg\" \/>\n<meta name=\"twitter:card\" content=\"summary_large_image\" \/>\n<meta name=\"twitter:label1\" content=\"Dur\u00e9e de lecture estim\u00e9e\" \/>\n\t<meta name=\"twitter:data1\" content=\"2 minutes\" \/>\n<script type=\"application\/ld+json\" class=\"yoast-schema-graph\">{\"@context\":\"https:\\\/\\\/schema.org\",\"@graph\":[{\"@type\":\"WebPage\",\"@id\":\"https:\\\/\\\/www.filtrationgroupiaq.com\\\/fr\\\/about-us-2\\\/apropos\\\/\",\"url\":\"https:\\\/\\\/www.filtrationgroupiaq.com\\\/fr\\\/about-us-2\\\/apropos\\\/\",\"name\":\"Nos Missions - Filtration Group- IAQ\",\"isPartOf\":{\"@id\":\"https:\\\/\\\/www.filtrationgroupiaq.com\\\/fr\\\/#website\"},\"primaryImageOfPage\":{\"@id\":\"https:\\\/\\\/www.filtrationgroupiaq.com\\\/fr\\\/about-us-2\\\/apropos\\\/#primaryimage\"},\"image\":{\"@id\":\"https:\\\/\\\/www.filtrationgroupiaq.com\\\/fr\\\/about-us-2\\\/apropos\\\/#primaryimage\"},\"thumbnailUrl\":\"https:\\\/\\\/www.filtrationgroupiaq.com\\\/wp-content\\\/uploads\\\/2019\\\/11\\\/safer.jpg\",\"datePublished\":\"2019-11-25T16:23:22+00:00\",\"dateModified\":\"2020-09-09T16:27:09+00:00\",\"breadcrumb\":{\"@id\":\"https:\\\/\\\/www.filtrationgroupiaq.com\\\/fr\\\/about-us-2\\\/apropos\\\/#breadcrumb\"},\"inLanguage\":\"fr-FR\",\"potentialAction\":[{\"@type\":\"ReadAction\",\"target\":[\"https:\\\/\\\/www.filtrationgroupiaq.com\\\/fr\\\/about-us-2\\\/apropos\\\/\"]}]},{\"@type\":\"ImageObject\",\"inLanguage\":\"fr-FR\",\"@id\":\"https:\\\/\\\/www.filtrationgroupiaq.com\\\/fr\\\/about-us-2\\\/apropos\\\/#primaryimage\",\"url\":\"https:\\\/\\\/www.filtrationgroupiaq.com\\\/wp-content\\\/uploads\\\/2019\\\/11\\\/safer.jpg\",\"contentUrl\":\"https:\\\/\\\/www.filtrationgroupiaq.com\\\/wp-content\\\/uploads\\\/2019\\\/11\\\/safer.jpg\"},{\"@type\":\"BreadcrumbList\",\"@id\":\"https:\\\/\\\/www.filtrationgroupiaq.com\\\/fr\\\/about-us-2\\\/apropos\\\/#breadcrumb\",\"itemListElement\":[{\"@type\":\"ListItem\",\"position\":1,\"name\":\"\",\"item\":\"https:\\\/\\\/www.filtrationgroupiaq.com\\\/fr\\\/\"},{\"@type\":\"ListItem\",\"position\":2,\"name\":\"\u00c0 Propos\",\"item\":\"https:\\\/\\\/www.filtrationgroupiaq.com\\\/fr\\\/about-us-2\\\/\"},{\"@type\":\"ListItem\",\"position\":3,\"name\":\"Nos Missions\"}]},{\"@type\":\"WebSite\",\"@id\":\"https:\\\/\\\/www.filtrationgroupiaq.com\\\/fr\\\/#website\",\"url\":\"https:\\\/\\\/www.filtrationgroupiaq.com\\\/fr\\\/\",\"name\":\"Filtration Group- IAQ\",\"description\":\"Making the World Safer, Healthier and More Productive\",\"publisher\":{\"@id\":\"https:\\\/\\\/www.filtrationgroupiaq.com\\\/fr\\\/#organization\"},\"potentialAction\":[{\"@type\":\"SearchAction\",\"target\":{\"@type\":\"EntryPoint\",\"urlTemplate\":\"https:\\\/\\\/www.filtrationgroupiaq.com\\\/fr\\\/?s={search_term_string}\"},\"query-input\":{\"@type\":\"PropertyValueSpecification\",\"valueRequired\":true,\"valueName\":\"search_term_string\"}}],\"inLanguage\":\"fr-FR\"},{\"@type\":\"Organization\",\"@id\":\"https:\\\/\\\/www.filtrationgroupiaq.com\\\/fr\\\/#organization\",\"name\":\"Filtration Group\",\"url\":\"https:\\\/\\\/www.filtrationgroupiaq.com\\\/fr\\\/\",\"logo\":{\"@type\":\"ImageObject\",\"inLanguage\":\"fr-FR\",\"@id\":\"https:\\\/\\\/www.filtrationgroupiaq.com\\\/fr\\\/#\\\/schema\\\/logo\\\/image\\\/\",\"url\":\"https:\\\/\\\/www.filtrationgroupiaq.com\\\/wp-content\\\/uploads\\\/2019\\\/06\\\/FGC-logo-1.png\",\"contentUrl\":\"https:\\\/\\\/www.filtrationgroupiaq.com\\\/wp-content\\\/uploads\\\/2019\\\/06\\\/FGC-logo-1.png\",\"width\":1104,\"height\":224,\"caption\":\"Filtration Group\"},\"image\":{\"@id\":\"https:\\\/\\\/www.filtrationgroupiaq.com\\\/fr\\\/#\\\/schema\\\/logo\\\/image\\\/\"},\"sameAs\":[\"https:\\\/\\\/www.linkedin.com\\\/company\\\/11857850\\\/\"]}]}<\/script>\n<!-- \/ Yoast SEO plugin. -->","yoast_head_json":{"title":"Nos Missions - Filtration Group- IAQ","robots":{"index":"index","follow":"follow","max-snippet":"max-snippet:-1","max-image-preview":"max-image-preview:large","max-video-preview":"max-video-preview:-1"},"canonical":"https:\/\/www.filtrationgroupiaq.com\/fr\/about-us-2\/apropos\/","og_locale":"fr_FR","og_type":"article","og_title":"Nos Missions - Filtration Group- IAQ","og_description":"Plus S\u00fbr D&rsquo;ici l&rsquo;an 2050, il y aura 2,3 milliards de personnes suppl\u00e9mentaires sur la plan\u00e8te. La demande pour un approvisionnement alimentaire accru augmentera avec la croissance d\u00e9mographique &#8211; nous avons besoin d&rsquo;un acc\u00e8s \u00e0 de la nourriture et \u00e0 de l&rsquo;eau potable. Les co\u00fbts de soins de sant\u00e9 continueront \u00e0 augmenter et les technologies [&hellip;]","og_url":"https:\/\/www.filtrationgroupiaq.com\/fr\/about-us-2\/apropos\/","og_site_name":"Filtration Group- IAQ","article_modified_time":"2020-09-09T16:27:09+00:00","og_image":[{"url":"https:\/\/www.filtrationgroupiaq.com\/wp-content\/uploads\/2019\/11\/safer.jpg","type":"","width":"","height":""}],"twitter_card":"summary_large_image","twitter_misc":{"Dur\u00e9e de lecture estim\u00e9e":"2 minutes"},"schema":{"@context":"https:\/\/schema.org","@graph":[{"@type":"WebPage","@id":"https:\/\/www.filtrationgroupiaq.com\/fr\/about-us-2\/apropos\/","url":"https:\/\/www.filtrationgroupiaq.com\/fr\/about-us-2\/apropos\/","name":"Nos Missions - Filtration Group- IAQ","isPartOf":{"@id":"https:\/\/www.filtrationgroupiaq.com\/fr\/#website"},"primaryImageOfPage":{"@id":"https:\/\/www.filtrationgroupiaq.com\/fr\/about-us-2\/apropos\/#primaryimage"},"image":{"@id":"https:\/\/www.filtrationgroupiaq.com\/fr\/about-us-2\/apropos\/#primaryimage"},"thumbnailUrl":"https:\/\/www.filtrationgroupiaq.com\/wp-content\/uploads\/2019\/11\/safer.jpg","datePublished":"2019-11-25T16:23:22+00:00","dateModified":"2020-09-09T16:27:09+00:00","breadcrumb":{"@id":"https:\/\/www.filtrationgroupiaq.com\/fr\/about-us-2\/apropos\/#breadcrumb"},"inLanguage":"fr-FR","potentialAction":[{"@type":"ReadAction","target":["https:\/\/www.filtrationgroupiaq.com\/fr\/about-us-2\/apropos\/"]}]},{"@type":"ImageObject","inLanguage":"fr-FR","@id":"https:\/\/www.filtrationgroupiaq.com\/fr\/about-us-2\/apropos\/#primaryimage","url":"https:\/\/www.filtrationgroupiaq.com\/wp-content\/uploads\/2019\/11\/safer.jpg","contentUrl":"https:\/\/www.filtrationgroupiaq.com\/wp-content\/uploads\/2019\/11\/safer.jpg"},{"@type":"BreadcrumbList","@id":"https:\/\/www.filtrationgroupiaq.com\/fr\/about-us-2\/apropos\/#breadcrumb","itemListElement":[{"@type":"ListItem","position":1,"name":"","item":"https:\/\/www.filtrationgroupiaq.com\/fr\/"},{"@type":"ListItem","position":2,"name":"\u00c0 Propos","item":"https:\/\/www.filtrationgroupiaq.com\/fr\/about-us-2\/"},{"@type":"ListItem","position":3,"name":"Nos Missions"}]},{"@type":"WebSite","@id":"https:\/\/www.filtrationgroupiaq.com\/fr\/#website","url":"https:\/\/www.filtrationgroupiaq.com\/fr\/","name":"Filtration Group- IAQ","description":"Making the World Safer, Healthier and More Productive","publisher":{"@id":"https:\/\/www.filtrationgroupiaq.com\/fr\/#organization"},"potentialAction":[{"@type":"SearchAction","target":{"@type":"EntryPoint","urlTemplate":"https:\/\/www.filtrationgroupiaq.com\/fr\/?s={search_term_string}"},"query-input":{"@type":"PropertyValueSpecification","valueRequired":true,"valueName":"search_term_string"}}],"inLanguage":"fr-FR"},{"@type":"Organization","@id":"https:\/\/www.filtrationgroupiaq.com\/fr\/#organization","name":"Filtration Group","url":"https:\/\/www.filtrationgroupiaq.com\/fr\/","logo":{"@type":"ImageObject","inLanguage":"fr-FR","@id":"https:\/\/www.filtrationgroupiaq.com\/fr\/#\/schema\/logo\/image\/","url":"https:\/\/www.filtrationgroupiaq.com\/wp-content\/uploads\/2019\/06\/FGC-logo-1.png","contentUrl":"https:\/\/www.filtrationgroupiaq.com\/wp-content\/uploads\/2019\/06\/FGC-logo-1.png","width":1104,"height":224,"caption":"Filtration Group"},"image":{"@id":"https:\/\/www.filtrationgroupiaq.com\/fr\/#\/schema\/logo\/image\/"},"sameAs":["https:\/\/www.linkedin.com\/company\/11857850\/"]}]}},"_links":{"self":[{"href":"https:\/\/www.filtrationgroupiaq.com\/fr\/wp-json\/wp\/v2\/pages\/1525","targetHints":{"allow":["GET"]}}],"collection":[{"href":"https:\/\/www.filtrationgroupiaq.com\/fr\/wp-json\/wp\/v2\/pages"}],"about":[{"href":"https:\/\/www.filtrationgroupiaq.com\/fr\/wp-json\/wp\/v2\/types\/page"}],"author":[{"embeddable":true,"href":"https:\/\/www.filtrationgroupiaq.com\/fr\/wp-json\/wp\/v2\/users\/3"}],"replies":[{"embeddable":true,"href":"https:\/\/www.filtrationgroupiaq.com\/fr\/wp-json\/wp\/v2\/comments?post=1525"}],"version-history":[{"count":0,"href":"https:\/\/www.filtrationgroupiaq.com\/fr\/wp-json\/wp\/v2\/pages\/1525\/revisions"}],"up":[{"embeddable":true,"href":"https:\/\/www.filtrationgroupiaq.com\/fr\/wp-json\/wp\/v2\/pages\/1514"}],"wp:attachment":[{"href":"https:\/\/www.filtrationgroupiaq.com\/fr\/wp-json\/wp\/v2\/media?parent=1525"}],"curies":[{"name":"wp","href":"https:\/\/api.w.org\/{rel}","templated":true}]}}