{"id":1527,"date":"2019-11-25T11:28:01","date_gmt":"2019-11-25T16:28:01","guid":{"rendered":"http:\/\/dafcoprod.wpengine.com\/?page_id=1527"},"modified":"2020-09-21T11:31:57","modified_gmt":"2020-09-21T16:31:57","slug":"industriel","status":"publish","type":"page","link":"https:\/\/www.filtrationgroupiaq.com\/fr\/applications\/industriel\/","title":{"rendered":"Industriel"},"content":{"rendered":"\n<div class=\"wp-block-cover alignfull has-background-dim\" style=\"background-image:url(https:\/\/www.filtrationgroupiaq.com\/wp-content\/uploads\/2019\/11\/industrial-application-picture.jpg)\"><div class=\"wp-block-cover__inner-container is-layout-flow wp-block-cover-is-layout-flow\">\n<div class=\"wp-block-columns is-layout-flex wp-container-core-columns-is-layout-9d6595d7 wp-block-columns-is-layout-flex\">\n<div class=\"wp-block-column is-layout-flow wp-block-column-is-layout-flow\" style=\"flex-basis:62.3%\">\n<h1 class=\"wp-block-heading\">Solutions \u00c9prouv\u00e9es d&rsquo;Hygi\u00e8ne de l&rsquo;Air Int\u00e9rieur pour les Installations Industrielles<\/h1>\n\n\n\n<p>Le contr\u00f4le des infections n&rsquo;\u00e9tait probablement pas consid\u00e9r\u00e9 comme une priorit\u00e9 lorsque les syst\u00e8mes de CVAC de la plupart des lieux de travail industriels ont \u00e9t\u00e9 sp\u00e9cifi\u00e9s. Cependant, lorsqu&rsquo;il est correctement configur\u00e9 avec la bonne quantit\u00e9 d&rsquo;air ext\u00e9rieur, tirer parti des syst\u00e8mes CVAC d&rsquo;air d&rsquo;appoint peut entra\u00eener des r\u00e9ductions importantes de la propagation des agents pathog\u00e8nes en suspension dans l&rsquo;air.<\/p>\n\n\n\n<div class=\"wp-block-buttons is-layout-flex wp-block-buttons-is-layout-flex\">\n<div class=\"wp-block-button\"><a class=\"wp-block-button__link has-green-background-color has-background\" href=\"\/wp-content\/uploads\/2020\/09\/FG-IAQ-_-Industrial-Application_4-Pager.pdf\" target=\"_blank\" rel=\"noreferrer noopener\">Solutions de filtration industrielle<\/a><\/div>\n<\/div>\n<\/div>\n\n\n\n<div class=\"wp-block-column is-layout-flow wp-block-column-is-layout-flow\" style=\"flex-basis:33.33%\"><\/div>\n<\/div>\n\n\n\n<div class=\"wp-block-buttons is-layout-flex wp-block-buttons-is-layout-flex\"><\/div>\n<\/div><\/div>\n\n\n\n<div class=\"wp-block-columns is-layout-flex wp-container-core-columns-is-layout-9d6595d7 wp-block-columns-is-layout-flex\">\n<div class=\"wp-block-column is-layout-flow wp-block-column-is-layout-flow\" style=\"flex-basis:66.66%\">\n<h2 class=\"has-blue-color has-text-color wp-block-heading\">INSTALLATIONS INDUSTRIELLES<\/h2>\n\n\n\n<p>Les filtres ne co\u00fbtent pas seulement de l&rsquo;argent &#8211; ils consomment de l&rsquo;\u00e9nergie. La s\u00e9lection de la bonne conception des filtres et de l&rsquo;intervalle de maintenance pour votre usine ou votre entrep\u00f4t peut minimiser le co\u00fbt total de possession des filtres. Lors de la s\u00e9lection des filtres, il est facile de se concentrer sur le prix d&rsquo;achat et l&rsquo;intervalle de changement, car cela co\u00fbte de l&rsquo;argent et de la main-d&rsquo;\u0153uvre, ce qui est facile \u00e0 associer \u00e0 un co\u00fbt sur un P&amp;L. Ce qui est plus difficile \u00e0 capter, c&rsquo;est l&rsquo;\u00e9nergie consomm\u00e9e en poussant l&rsquo;air \u00e0 travers un filtre &#8211; mais c&rsquo;est presque toujours la plus grande composante du co\u00fbt total d&rsquo;un filtre.<\/p>\n\n\n\n<p>La s\u00e9lection d&rsquo;un filtre bas\u00e9 sur les performances peut \u00e9conomiser consid\u00e9rablement \u00e0 long terme. \u00c9vitez d&rsquo;\u00eatre myope &#8211; regardez le TCO et pas seulement le prix d&rsquo;achat d&rsquo;un filtre et combien de temps il peut durer. Jetez un \u0153il \u00e0 ce que nos plis et mini-plis haute performance peuvent faire par rapport \u00e0 un pli filback de capacit\u00e9 standard et \u00e0 un filtre \u00e0 cellules rigides. Il est facilement possible d&rsquo;\u00e9conomiser 25% + par rapport aux filtres de technologie h\u00e9rit\u00e9s sur une base de TCO &#8211;<\/p>\n\n\n\n<p>FG QAI propose une large gamme d&rsquo;options de filtrage pour les applications industrielles. Faites-nous confiance pour vous aider \u00e0 trouver la configuration adapt\u00e9e \u00e0 vos besoins.<\/p>\n\n\n\n<p><strong><a href=\"https:\/\/www.filtrationgroupiaq.com\/fr\/contact-us\/\">CONTACTEZ-NOUS<\/a><a href=\"\/contact\"> <\/a>pour obtenir votre consultation gratuite maintenant pour vous assurer que vous faites bien les habitants de votre immeuble et vos r\u00e9sultats.<\/strong><\/p>\n<\/div>\n\n\n\n<div class=\"wp-block-column is-layout-flow wp-block-column-is-layout-flow\" style=\"flex-basis:33.33%\">\n<div class=\"wp-block-media-text alignwide is-vertically-aligned-top is-image-fill has-white-background-color has-background\" style=\"grid-template-columns:38% auto\"><figure class=\"wp-block-media-text__media\" style=\"background-image:url(https:\/\/www.filtrationgroupiaq.com\/wp-content\/uploads\/2020\/08\/map7-829x1024.jpg);background-position:50% 50%\"><img loading=\"lazy\" decoding=\"async\" width=\"829\" height=\"1024\" src=\"https:\/\/www.filtrationgroupiaq.com\/wp-content\/uploads\/2020\/08\/map7-829x1024.jpg\" alt=\"\" class=\"wp-image-4259\" srcset=\"https:\/\/www.filtrationgroupiaq.com\/wp-content\/uploads\/2020\/08\/map7-829x1024.jpg 829w, https:\/\/www.filtrationgroupiaq.com\/wp-content\/uploads\/2020\/08\/map7-243x300.jpg 243w, https:\/\/www.filtrationgroupiaq.com\/wp-content\/uploads\/2020\/08\/map7-768x949.jpg 768w, https:\/\/www.filtrationgroupiaq.com\/wp-content\/uploads\/2020\/08\/map7.jpg 862w\" sizes=\"auto, (max-width: 829px) 100vw, 829px\" \/><\/figure><div class=\"wp-block-media-text__content\">\n<p class=\"has-normal-font-size\"><strong>Pour plus d&rsquo;informations sur les produits recommand\u00e9s, les programmes de service et les consultations g\u00e9n\u00e9rales gratuites<\/strong><\/p>\n\n\n\n<div class=\"wp-block-button\"><a class=\"wp-block-button__link has-white-color has-blue-background-color has-text-color has-background\" href=\"\/fr\/contactus\">Contacter le service commercial<\/a><\/div>\n<\/div><\/div>\n<\/div>\n<\/div>\n\n\n\n<div class=\"wp-block-media-text alignwide is-stacked-on-mobile grayblock\" style=\"grid-template-columns:41% auto\"><figure class=\"wp-block-media-text__media\"><img loading=\"lazy\" decoding=\"async\" width=\"1024\" height=\"635\" src=\"https:\/\/www.filtrationgroupiaq.com\/wp-content\/uploads\/2020\/05\/IndoorAirHygiene.com_-1024x635.jpg\" alt=\"\" class=\"wp-image-2470\" srcset=\"https:\/\/www.filtrationgroupiaq.com\/wp-content\/uploads\/2020\/05\/IndoorAirHygiene.com_-1024x635.jpg 1024w, https:\/\/www.filtrationgroupiaq.com\/wp-content\/uploads\/2020\/05\/IndoorAirHygiene.com_-300x186.jpg 300w, https:\/\/www.filtrationgroupiaq.com\/wp-content\/uploads\/2020\/05\/IndoorAirHygiene.com_-768x477.jpg 768w, https:\/\/www.filtrationgroupiaq.com\/wp-content\/uploads\/2020\/05\/IndoorAirHygiene.com_.jpg 1083w\" sizes=\"auto, (max-width: 1024px) 100vw, 1024px\" \/><\/figure><div class=\"wp-block-media-text__content\">\n<p><\/p>\n\n\n\n<h3 class=\"wp-block-heading\"><strong>PR\u00c9OCCUP\u00c9 PAR LA R\u00c9OUVERTURE DE VOTRE ENTREPRISE?<\/strong><\/h3>\n\n\n\n<p><strong><a href=\"http:\/\/indoorairhygiene.com\/\">INDOORAIRHYGIENE.COM<\/a><\/strong>&nbsp;est un centre de ressources gratuit mis \u00e0 votre disposition par FG QAI, les Compagnies de Filtration Group et Madison Industries.<\/p>\n\n\n\n<div class=\"wp-block-buttons is-layout-flex wp-block-buttons-is-layout-flex\">\n<div class=\"wp-block-button is-style-fill\"><a class=\"wp-block-button__link has-white-color has-blue-background-color has-text-color has-background\" href=\"http:\/\/www.indoorairhygiene.com\" target=\"_blank\" rel=\"noreferrer noopener\">VISITER LE CENTRE DE RESOURCE<\/a><\/div>\n<\/div>\n<\/div><\/div>\n\n\n\n<div class=\"wp-block-media-text alignwide\" style=\"grid-template-columns:35% auto\"><figure class=\"wp-block-media-text__media\"><img loading=\"lazy\" decoding=\"async\" width=\"714\" height=\"922\" src=\"https:\/\/www.filtrationgroupiaq.com\/wp-content\/uploads\/2020\/09\/Sans-titre-2.jpg\" alt=\"\" class=\"wp-image-5342\" srcset=\"https:\/\/www.filtrationgroupiaq.com\/wp-content\/uploads\/2020\/09\/Sans-titre-2.jpg 714w, https:\/\/www.filtrationgroupiaq.com\/wp-content\/uploads\/2020\/09\/Sans-titre-2-232x300.jpg 232w\" sizes=\"auto, (max-width: 714px) 100vw, 714px\" \/><\/figure><div class=\"wp-block-media-text__content\">\n<h2 class=\"wp-block-heading\">Solutions de Filtration Innovantes pour les Applications Industrielles<\/h2>\n\n\n\n<p>Lors de l&rsquo;installation de solutions HVAC, les types de mat\u00e9riaux que les installations industrielles utilisent pour fabriquer leurs produits sont tr\u00e8s importants \u00e0 prendre en consid\u00e9ration. N\u00e9gliger les bonnes solutions de purification de l&rsquo;air dans ces espaces peut \u00eatre tr\u00e8s nocif pour la sant\u00e9 des employ\u00e9s et le rendement des produits. D\u00e9couvrez comment les filtres Filtration Group-QAI sont con\u00e7us pour d\u00e9passer les normes d&rsquo;efficacit\u00e9 et s\u00e9curiser les activit\u00e9s de fabrication industrielle.<\/p>\n\n\n\n<div class=\"wp-block-button blank\"><a class=\"wp-block-button__link has-green-background-color has-background\" href=\"\/wp-content\/uploads\/2020\/09\/FG-IAQ-_-Industrial-Application_4-Pager.pdf\" target=\"_blank\" rel=\"noreferrer noopener\">T\u00e9l\u00e9chargez la brochure<\/a><\/div>\n<\/div><\/div>\n\n\n\n<p><\/p>\n","protected":false},"excerpt":{"rendered":"<p>INSTALLATIONS INDUSTRIELLES Les filtres ne co\u00fbtent pas seulement de l&rsquo;argent &#8211; ils consomment de l&rsquo;\u00e9nergie. La s\u00e9lection de la bonne conception des filtres et de l&rsquo;intervalle de maintenance pour votre usine ou votre entrep\u00f4t peut minimiser le co\u00fbt total de possession des filtres. Lors de la s\u00e9lection des filtres, il est facile de se concentrer [&hellip;]<\/p>\n","protected":false},"author":3,"featured_media":1318,"parent":1526,"menu_order":3,"comment_status":"closed","ping_status":"closed","template":"","meta":{"_acf_changed":false,"footnotes":""},"class_list":["post-1527","page","type-page","status-publish","has-post-thumbnail","hentry"],"acf":[],"yoast_head":"<!-- This site is optimized with the Yoast SEO plugin v27.3 - https:\/\/yoast.com\/product\/yoast-seo-wordpress\/ -->\n<title>Industriel - Filtration Group- IAQ<\/title>\n<meta name=\"robots\" content=\"index, follow, max-snippet:-1, max-image-preview:large, max-video-preview:-1\" \/>\n<link rel=\"canonical\" href=\"https:\/\/www.filtrationgroupiaq.com\/fr\/applications\/industriel\/\" \/>\n<meta property=\"og:locale\" content=\"fr_FR\" \/>\n<meta property=\"og:type\" content=\"article\" \/>\n<meta property=\"og:title\" content=\"Industriel - Filtration Group- IAQ\" \/>\n<meta property=\"og:description\" content=\"INSTALLATIONS INDUSTRIELLES Les filtres ne co\u00fbtent pas seulement de l&rsquo;argent &#8211; ils consomment de l&rsquo;\u00e9nergie. La s\u00e9lection de la bonne conception des filtres et de l&rsquo;intervalle de maintenance pour votre usine ou votre entrep\u00f4t peut minimiser le co\u00fbt total de possession des filtres. Lors de la s\u00e9lection des filtres, il est facile de se concentrer [&hellip;]\" \/>\n<meta property=\"og:url\" content=\"https:\/\/www.filtrationgroupiaq.com\/fr\/applications\/industriel\/\" \/>\n<meta property=\"og:site_name\" content=\"Filtration Group- IAQ\" \/>\n<meta property=\"article:modified_time\" content=\"2020-09-21T16:31:57+00:00\" \/>\n<meta property=\"og:image\" content=\"https:\/\/www.filtrationgroupiaq.com\/wp-content\/uploads\/2019\/11\/indutrial.png\" \/>\n\t<meta property=\"og:image:width\" content=\"427\" \/>\n\t<meta property=\"og:image:height\" content=\"255\" \/>\n\t<meta property=\"og:image:type\" content=\"image\/png\" \/>\n<meta name=\"twitter:card\" content=\"summary_large_image\" \/>\n<meta name=\"twitter:label1\" content=\"Dur\u00e9e de lecture estim\u00e9e\" \/>\n\t<meta name=\"twitter:data1\" content=\"2 minutes\" \/>\n<script type=\"application\/ld+json\" class=\"yoast-schema-graph\">{\"@context\":\"https:\\\/\\\/schema.org\",\"@graph\":[{\"@type\":\"WebPage\",\"@id\":\"https:\\\/\\\/www.filtrationgroupiaq.com\\\/fr\\\/applications\\\/industriel\\\/\",\"url\":\"https:\\\/\\\/www.filtrationgroupiaq.com\\\/fr\\\/applications\\\/industriel\\\/\",\"name\":\"Industriel - Filtration Group- IAQ\",\"isPartOf\":{\"@id\":\"https:\\\/\\\/www.filtrationgroupiaq.com\\\/fr\\\/#website\"},\"primaryImageOfPage\":{\"@id\":\"https:\\\/\\\/www.filtrationgroupiaq.com\\\/fr\\\/applications\\\/industriel\\\/#primaryimage\"},\"image\":{\"@id\":\"https:\\\/\\\/www.filtrationgroupiaq.com\\\/fr\\\/applications\\\/industriel\\\/#primaryimage\"},\"thumbnailUrl\":\"https:\\\/\\\/www.filtrationgroupiaq.com\\\/wp-content\\\/uploads\\\/2019\\\/11\\\/indutrial.png\",\"datePublished\":\"2019-11-25T16:28:01+00:00\",\"dateModified\":\"2020-09-21T16:31:57+00:00\",\"breadcrumb\":{\"@id\":\"https:\\\/\\\/www.filtrationgroupiaq.com\\\/fr\\\/applications\\\/industriel\\\/#breadcrumb\"},\"inLanguage\":\"fr-FR\",\"potentialAction\":[{\"@type\":\"ReadAction\",\"target\":[\"https:\\\/\\\/www.filtrationgroupiaq.com\\\/fr\\\/applications\\\/industriel\\\/\"]}]},{\"@type\":\"ImageObject\",\"inLanguage\":\"fr-FR\",\"@id\":\"https:\\\/\\\/www.filtrationgroupiaq.com\\\/fr\\\/applications\\\/industriel\\\/#primaryimage\",\"url\":\"https:\\\/\\\/www.filtrationgroupiaq.com\\\/wp-content\\\/uploads\\\/2019\\\/11\\\/indutrial.png\",\"contentUrl\":\"https:\\\/\\\/www.filtrationgroupiaq.com\\\/wp-content\\\/uploads\\\/2019\\\/11\\\/indutrial.png\",\"width\":427,\"height\":255},{\"@type\":\"BreadcrumbList\",\"@id\":\"https:\\\/\\\/www.filtrationgroupiaq.com\\\/fr\\\/applications\\\/industriel\\\/#breadcrumb\",\"itemListElement\":[{\"@type\":\"ListItem\",\"position\":1,\"name\":\"\",\"item\":\"https:\\\/\\\/www.filtrationgroupiaq.com\\\/fr\\\/\"},{\"@type\":\"ListItem\",\"position\":2,\"name\":\"Applications\",\"item\":\"https:\\\/\\\/www.filtrationgroupiaq.com\\\/fr\\\/applications\\\/\"},{\"@type\":\"ListItem\",\"position\":3,\"name\":\"Industriel\"}]},{\"@type\":\"WebSite\",\"@id\":\"https:\\\/\\\/www.filtrationgroupiaq.com\\\/fr\\\/#website\",\"url\":\"https:\\\/\\\/www.filtrationgroupiaq.com\\\/fr\\\/\",\"name\":\"Filtration Group- IAQ\",\"description\":\"Making the World Safer, Healthier and More Productive\",\"publisher\":{\"@id\":\"https:\\\/\\\/www.filtrationgroupiaq.com\\\/fr\\\/#organization\"},\"potentialAction\":[{\"@type\":\"SearchAction\",\"target\":{\"@type\":\"EntryPoint\",\"urlTemplate\":\"https:\\\/\\\/www.filtrationgroupiaq.com\\\/fr\\\/?s={search_term_string}\"},\"query-input\":{\"@type\":\"PropertyValueSpecification\",\"valueRequired\":true,\"valueName\":\"search_term_string\"}}],\"inLanguage\":\"fr-FR\"},{\"@type\":\"Organization\",\"@id\":\"https:\\\/\\\/www.filtrationgroupiaq.com\\\/fr\\\/#organization\",\"name\":\"Filtration Group\",\"url\":\"https:\\\/\\\/www.filtrationgroupiaq.com\\\/fr\\\/\",\"logo\":{\"@type\":\"ImageObject\",\"inLanguage\":\"fr-FR\",\"@id\":\"https:\\\/\\\/www.filtrationgroupiaq.com\\\/fr\\\/#\\\/schema\\\/logo\\\/image\\\/\",\"url\":\"https:\\\/\\\/www.filtrationgroupiaq.com\\\/wp-content\\\/uploads\\\/2019\\\/06\\\/FGC-logo-1.png\",\"contentUrl\":\"https:\\\/\\\/www.filtrationgroupiaq.com\\\/wp-content\\\/uploads\\\/2019\\\/06\\\/FGC-logo-1.png\",\"width\":1104,\"height\":224,\"caption\":\"Filtration Group\"},\"image\":{\"@id\":\"https:\\\/\\\/www.filtrationgroupiaq.com\\\/fr\\\/#\\\/schema\\\/logo\\\/image\\\/\"},\"sameAs\":[\"https:\\\/\\\/www.linkedin.com\\\/company\\\/11857850\\\/\"]}]}<\/script>\n<!-- \/ Yoast SEO plugin. -->","yoast_head_json":{"title":"Industriel - Filtration Group- IAQ","robots":{"index":"index","follow":"follow","max-snippet":"max-snippet:-1","max-image-preview":"max-image-preview:large","max-video-preview":"max-video-preview:-1"},"canonical":"https:\/\/www.filtrationgroupiaq.com\/fr\/applications\/industriel\/","og_locale":"fr_FR","og_type":"article","og_title":"Industriel - Filtration Group- IAQ","og_description":"INSTALLATIONS INDUSTRIELLES Les filtres ne co\u00fbtent pas seulement de l&rsquo;argent &#8211; ils consomment de l&rsquo;\u00e9nergie. La s\u00e9lection de la bonne conception des filtres et de l&rsquo;intervalle de maintenance pour votre usine ou votre entrep\u00f4t peut minimiser le co\u00fbt total de possession des filtres. Lors de la s\u00e9lection des filtres, il est facile de se concentrer [&hellip;]","og_url":"https:\/\/www.filtrationgroupiaq.com\/fr\/applications\/industriel\/","og_site_name":"Filtration Group- IAQ","article_modified_time":"2020-09-21T16:31:57+00:00","og_image":[{"width":427,"height":255,"url":"https:\/\/www.filtrationgroupiaq.com\/wp-content\/uploads\/2019\/11\/indutrial.png","type":"image\/png"}],"twitter_card":"summary_large_image","twitter_misc":{"Dur\u00e9e de lecture estim\u00e9e":"2 minutes"},"schema":{"@context":"https:\/\/schema.org","@graph":[{"@type":"WebPage","@id":"https:\/\/www.filtrationgroupiaq.com\/fr\/applications\/industriel\/","url":"https:\/\/www.filtrationgroupiaq.com\/fr\/applications\/industriel\/","name":"Industriel - Filtration Group- IAQ","isPartOf":{"@id":"https:\/\/www.filtrationgroupiaq.com\/fr\/#website"},"primaryImageOfPage":{"@id":"https:\/\/www.filtrationgroupiaq.com\/fr\/applications\/industriel\/#primaryimage"},"image":{"@id":"https:\/\/www.filtrationgroupiaq.com\/fr\/applications\/industriel\/#primaryimage"},"thumbnailUrl":"https:\/\/www.filtrationgroupiaq.com\/wp-content\/uploads\/2019\/11\/indutrial.png","datePublished":"2019-11-25T16:28:01+00:00","dateModified":"2020-09-21T16:31:57+00:00","breadcrumb":{"@id":"https:\/\/www.filtrationgroupiaq.com\/fr\/applications\/industriel\/#breadcrumb"},"inLanguage":"fr-FR","potentialAction":[{"@type":"ReadAction","target":["https:\/\/www.filtrationgroupiaq.com\/fr\/applications\/industriel\/"]}]},{"@type":"ImageObject","inLanguage":"fr-FR","@id":"https:\/\/www.filtrationgroupiaq.com\/fr\/applications\/industriel\/#primaryimage","url":"https:\/\/www.filtrationgroupiaq.com\/wp-content\/uploads\/2019\/11\/indutrial.png","contentUrl":"https:\/\/www.filtrationgroupiaq.com\/wp-content\/uploads\/2019\/11\/indutrial.png","width":427,"height":255},{"@type":"BreadcrumbList","@id":"https:\/\/www.filtrationgroupiaq.com\/fr\/applications\/industriel\/#breadcrumb","itemListElement":[{"@type":"ListItem","position":1,"name":"","item":"https:\/\/www.filtrationgroupiaq.com\/fr\/"},{"@type":"ListItem","position":2,"name":"Applications","item":"https:\/\/www.filtrationgroupiaq.com\/fr\/applications\/"},{"@type":"ListItem","position":3,"name":"Industriel"}]},{"@type":"WebSite","@id":"https:\/\/www.filtrationgroupiaq.com\/fr\/#website","url":"https:\/\/www.filtrationgroupiaq.com\/fr\/","name":"Filtration Group- IAQ","description":"Making the World Safer, Healthier and More Productive","publisher":{"@id":"https:\/\/www.filtrationgroupiaq.com\/fr\/#organization"},"potentialAction":[{"@type":"SearchAction","target":{"@type":"EntryPoint","urlTemplate":"https:\/\/www.filtrationgroupiaq.com\/fr\/?s={search_term_string}"},"query-input":{"@type":"PropertyValueSpecification","valueRequired":true,"valueName":"search_term_string"}}],"inLanguage":"fr-FR"},{"@type":"Organization","@id":"https:\/\/www.filtrationgroupiaq.com\/fr\/#organization","name":"Filtration Group","url":"https:\/\/www.filtrationgroupiaq.com\/fr\/","logo":{"@type":"ImageObject","inLanguage":"fr-FR","@id":"https:\/\/www.filtrationgroupiaq.com\/fr\/#\/schema\/logo\/image\/","url":"https:\/\/www.filtrationgroupiaq.com\/wp-content\/uploads\/2019\/06\/FGC-logo-1.png","contentUrl":"https:\/\/www.filtrationgroupiaq.com\/wp-content\/uploads\/2019\/06\/FGC-logo-1.png","width":1104,"height":224,"caption":"Filtration Group"},"image":{"@id":"https:\/\/www.filtrationgroupiaq.com\/fr\/#\/schema\/logo\/image\/"},"sameAs":["https:\/\/www.linkedin.com\/company\/11857850\/"]}]}},"_links":{"self":[{"href":"https:\/\/www.filtrationgroupiaq.com\/fr\/wp-json\/wp\/v2\/pages\/1527","targetHints":{"allow":["GET"]}}],"collection":[{"href":"https:\/\/www.filtrationgroupiaq.com\/fr\/wp-json\/wp\/v2\/pages"}],"about":[{"href":"https:\/\/www.filtrationgroupiaq.com\/fr\/wp-json\/wp\/v2\/types\/page"}],"author":[{"embeddable":true,"href":"https:\/\/www.filtrationgroupiaq.com\/fr\/wp-json\/wp\/v2\/users\/3"}],"replies":[{"embeddable":true,"href":"https:\/\/www.filtrationgroupiaq.com\/fr\/wp-json\/wp\/v2\/comments?post=1527"}],"version-history":[{"count":0,"href":"https:\/\/www.filtrationgroupiaq.com\/fr\/wp-json\/wp\/v2\/pages\/1527\/revisions"}],"up":[{"embeddable":true,"href":"https:\/\/www.filtrationgroupiaq.com\/fr\/wp-json\/wp\/v2\/pages\/1526"}],"wp:featuredmedia":[{"embeddable":true,"href":"https:\/\/www.filtrationgroupiaq.com\/fr\/wp-json\/wp\/v2\/media\/1318"}],"wp:attachment":[{"href":"https:\/\/www.filtrationgroupiaq.com\/fr\/wp-json\/wp\/v2\/media?parent=1527"}],"curies":[{"name":"wp","href":"https:\/\/api.w.org\/{rel}","templated":true}]}}