{"id":1529,"date":"2019-11-25T11:56:37","date_gmt":"2019-11-25T16:56:37","guid":{"rendered":"http:\/\/dafcoprod.wpengine.com\/?page_id=1529"},"modified":"2020-09-16T09:20:23","modified_gmt":"2020-09-16T14:20:23","slug":"musees-archives-librairies","status":"publish","type":"page","link":"https:\/\/www.filtrationgroupiaq.com\/fr\/applications\/musees-archives-librairies\/","title":{"rendered":"Musees Archives Librairies"},"content":{"rendered":"\n<div class=\"wp-block-cover alignfull has-background-dim\" style=\"background-image:url(https:\/\/www.filtrationgroupiaq.com\/wp-content\/uploads\/2020\/08\/5189-scaled.jpg);background-position:49% 36%\"><div class=\"wp-block-cover__inner-container is-layout-flow wp-block-cover-is-layout-flow\">\n<h1 class=\"has-text-align-center wp-block-heading\">Mus\u00e9es, Archives &amp; Librairies<\/h1>\n<\/div><\/div>\n\n\n\n<p>La plupart des gens penseraient que le traitement physique des archives et des antiquit\u00e9s pourrait faire le plus de pr\u00e9judice \u00e0 quelque chose d&rsquo;aussi pr\u00e9cieux, mais cela pourrait \u00eatre l&rsquo;air qui les entoure. L&rsquo;utilisation des filtres appropri\u00e9s et du calendrier de remplacement peut \u00e9liminer les contaminants mol\u00e9culaires et les particules susceptibles de g\u00e2cher cette \u0153uvre d&rsquo;art pr\u00e9cieuse ou ce roman intemporel.<\/p>\n\n\n\n<ul class=\"wp-block-list\"><li>Les contaminants mol\u00e9culaires sont g\u00e9n\u00e9ralement des produits chimiques, organiques ou inorganiques, qui causent des dommages et leur gravit\u00e9 d\u00e9pend des composants chimiques<\/li><li>Les particules contaminantes peuvent \u00eatre de diff\u00e9rentes vari\u00e9t\u00e9s vivantes (capables de cro\u00eetre), g\u00e9n\u00e9ralement des bact\u00e9ries, des moisissures ou des champignons.<\/li><\/ul>\n\n\n\n<p>Les meilleures pratiques recommand\u00e9es sont un processus en trois \u00e9tapes.<\/p>\n\n\n\n<ol class=\"wp-block-list\"><li>Pr\u00e9-filtre de MERV 8 ou sup\u00e9rieur<\/li><li>Filtration mol\u00e9culaire utilisant des m\u00e9dias trait\u00e9s au carbon<\/li><li>Filtre d&rsquo;efficacit\u00e9 MERV 15 ou sup\u00e9rieure pour \u00e9liminer les contaminants fins<\/li><\/ol>\n\n\n\n<p>Utiliser les bons filtres est important, mais maintenir un calendrier de remplacement correct est tout aussi important, l&rsquo;un sans l&rsquo;autre ne faisant au mieux que la moiti\u00e9 du travail. Choisir un filtre moins cher avec une chute de pression plus \u00e9lev\u00e9e ou prolonger la p\u00e9riode de remplacement augmente consid\u00e9rablement la consommation d&rsquo;\u00e9nergie et co\u00fbte beaucoup plus cher \u00e0 long terme.<\/p>\n\n\n\n<p><strong>FG QAI propose une vaste gamme de produits et des recommandations de meilleures pratiques.\u00a0<a href=\"\/fr\/contact-us\">Cliquez ici<\/a>\u00a0pour votre audit et votre consultation personnalis\u00e9s!\u00a0<\/strong><\/p>\n\n\n\n<div class=\"wp-block-media-text alignwide is-stacked-on-mobile grayblock\" style=\"grid-template-columns:41% auto\"><figure class=\"wp-block-media-text__media\"><img loading=\"lazy\" decoding=\"async\" width=\"1024\" height=\"635\" src=\"https:\/\/www.filtrationgroupiaq.com\/wp-content\/uploads\/2020\/05\/IndoorAirHygiene.com_-1024x635.jpg\" alt=\"\" class=\"wp-image-2470\" srcset=\"https:\/\/www.filtrationgroupiaq.com\/wp-content\/uploads\/2020\/05\/IndoorAirHygiene.com_-1024x635.jpg 1024w, https:\/\/www.filtrationgroupiaq.com\/wp-content\/uploads\/2020\/05\/IndoorAirHygiene.com_-300x186.jpg 300w, https:\/\/www.filtrationgroupiaq.com\/wp-content\/uploads\/2020\/05\/IndoorAirHygiene.com_-768x477.jpg 768w, https:\/\/www.filtrationgroupiaq.com\/wp-content\/uploads\/2020\/05\/IndoorAirHygiene.com_.jpg 1083w\" sizes=\"auto, (max-width: 1024px) 100vw, 1024px\" \/><\/figure><div class=\"wp-block-media-text__content\">\n<p><\/p>\n\n\n\n<h3 class=\"wp-block-heading\"><strong>PR\u00c9OCCUP\u00c9 PAR LA R\u00c9OUVERTURE DE VOTRE ENTREPRISE?<\/strong><\/h3>\n\n\n\n<p><strong><a href=\"http:\/\/indoorairhygiene.com\/\">INDOORAIRHYGIENE.COM<\/a><\/strong>&nbsp;est un centre de ressources gratuit mis \u00e0 votre disposition par FG QAI, les Compagnies de Filtration Group et Madison Industries.<\/p>\n\n\n\n<div class=\"wp-block-buttons is-layout-flex wp-block-buttons-is-layout-flex\">\n<div class=\"wp-block-button is-style-fill\"><a class=\"wp-block-button__link has-white-color has-blue-background-color has-text-color has-background\" href=\"http:\/\/www.indoorairhygiene.com\" target=\"_blank\" rel=\"noreferrer noopener\">VISITER LE CENTRE DE RESOURCE<\/a><\/div>\n<\/div>\n<\/div><\/div>\n","protected":false},"excerpt":{"rendered":"<p>La plupart des gens penseraient que le traitement physique des archives et des antiquit\u00e9s pourrait faire le plus de pr\u00e9judice \u00e0 quelque chose d&rsquo;aussi pr\u00e9cieux, mais cela pourrait \u00eatre l&rsquo;air qui les entoure. L&rsquo;utilisation des filtres appropri\u00e9s et du calendrier de remplacement peut \u00e9liminer les contaminants mol\u00e9culaires et les particules susceptibles de g\u00e2cher cette \u0153uvre [&hellip;]<\/p>\n","protected":false},"author":3,"featured_media":1316,"parent":1526,"menu_order":6,"comment_status":"closed","ping_status":"closed","template":"","meta":{"_acf_changed":false,"footnotes":""},"class_list":["post-1529","page","type-page","status-publish","has-post-thumbnail","hentry"],"acf":[],"yoast_head":"<!-- This site is optimized with the Yoast SEO plugin v27.3 - https:\/\/yoast.com\/product\/yoast-seo-wordpress\/ -->\n<title>Musees Archives Librairies - Filtration Group- IAQ<\/title>\n<meta name=\"robots\" content=\"index, follow, max-snippet:-1, max-image-preview:large, max-video-preview:-1\" \/>\n<link rel=\"canonical\" href=\"https:\/\/www.filtrationgroupiaq.com\/fr\/applications\/musees-archives-librairies\/\" \/>\n<meta property=\"og:locale\" content=\"fr_FR\" \/>\n<meta property=\"og:type\" content=\"article\" \/>\n<meta property=\"og:title\" content=\"Musees Archives Librairies - Filtration Group- IAQ\" \/>\n<meta property=\"og:description\" content=\"La plupart des gens penseraient que le traitement physique des archives et des antiquit\u00e9s pourrait faire le plus de pr\u00e9judice \u00e0 quelque chose d&rsquo;aussi pr\u00e9cieux, mais cela pourrait \u00eatre l&rsquo;air qui les entoure. L&rsquo;utilisation des filtres appropri\u00e9s et du calendrier de remplacement peut \u00e9liminer les contaminants mol\u00e9culaires et les particules susceptibles de g\u00e2cher cette \u0153uvre [&hellip;]\" \/>\n<meta property=\"og:url\" content=\"https:\/\/www.filtrationgroupiaq.com\/fr\/applications\/musees-archives-librairies\/\" \/>\n<meta property=\"og:site_name\" content=\"Filtration Group- IAQ\" \/>\n<meta property=\"article:modified_time\" content=\"2020-09-16T14:20:23+00:00\" \/>\n<meta property=\"og:image\" content=\"https:\/\/www.filtrationgroupiaq.com\/wp-content\/uploads\/2019\/11\/library.png\" \/>\n\t<meta property=\"og:image:width\" content=\"427\" \/>\n\t<meta property=\"og:image:height\" content=\"255\" \/>\n\t<meta property=\"og:image:type\" content=\"image\/png\" \/>\n<meta name=\"twitter:card\" content=\"summary_large_image\" \/>\n<meta name=\"twitter:label1\" content=\"Dur\u00e9e de lecture estim\u00e9e\" \/>\n\t<meta name=\"twitter:data1\" content=\"1 minute\" \/>\n<script type=\"application\/ld+json\" class=\"yoast-schema-graph\">{\"@context\":\"https:\\\/\\\/schema.org\",\"@graph\":[{\"@type\":\"WebPage\",\"@id\":\"https:\\\/\\\/www.filtrationgroupiaq.com\\\/fr\\\/applications\\\/musees-archives-librairies\\\/\",\"url\":\"https:\\\/\\\/www.filtrationgroupiaq.com\\\/fr\\\/applications\\\/musees-archives-librairies\\\/\",\"name\":\"Musees Archives Librairies - Filtration Group- IAQ\",\"isPartOf\":{\"@id\":\"https:\\\/\\\/www.filtrationgroupiaq.com\\\/fr\\\/#website\"},\"primaryImageOfPage\":{\"@id\":\"https:\\\/\\\/www.filtrationgroupiaq.com\\\/fr\\\/applications\\\/musees-archives-librairies\\\/#primaryimage\"},\"image\":{\"@id\":\"https:\\\/\\\/www.filtrationgroupiaq.com\\\/fr\\\/applications\\\/musees-archives-librairies\\\/#primaryimage\"},\"thumbnailUrl\":\"https:\\\/\\\/www.filtrationgroupiaq.com\\\/wp-content\\\/uploads\\\/2019\\\/11\\\/library.png\",\"datePublished\":\"2019-11-25T16:56:37+00:00\",\"dateModified\":\"2020-09-16T14:20:23+00:00\",\"breadcrumb\":{\"@id\":\"https:\\\/\\\/www.filtrationgroupiaq.com\\\/fr\\\/applications\\\/musees-archives-librairies\\\/#breadcrumb\"},\"inLanguage\":\"fr-FR\",\"potentialAction\":[{\"@type\":\"ReadAction\",\"target\":[\"https:\\\/\\\/www.filtrationgroupiaq.com\\\/fr\\\/applications\\\/musees-archives-librairies\\\/\"]}]},{\"@type\":\"ImageObject\",\"inLanguage\":\"fr-FR\",\"@id\":\"https:\\\/\\\/www.filtrationgroupiaq.com\\\/fr\\\/applications\\\/musees-archives-librairies\\\/#primaryimage\",\"url\":\"https:\\\/\\\/www.filtrationgroupiaq.com\\\/wp-content\\\/uploads\\\/2019\\\/11\\\/library.png\",\"contentUrl\":\"https:\\\/\\\/www.filtrationgroupiaq.com\\\/wp-content\\\/uploads\\\/2019\\\/11\\\/library.png\",\"width\":427,\"height\":255},{\"@type\":\"BreadcrumbList\",\"@id\":\"https:\\\/\\\/www.filtrationgroupiaq.com\\\/fr\\\/applications\\\/musees-archives-librairies\\\/#breadcrumb\",\"itemListElement\":[{\"@type\":\"ListItem\",\"position\":1,\"name\":\"\",\"item\":\"https:\\\/\\\/www.filtrationgroupiaq.com\\\/fr\\\/\"},{\"@type\":\"ListItem\",\"position\":2,\"name\":\"Applications\",\"item\":\"https:\\\/\\\/www.filtrationgroupiaq.com\\\/fr\\\/applications\\\/\"},{\"@type\":\"ListItem\",\"position\":3,\"name\":\"Musees Archives Librairies\"}]},{\"@type\":\"WebSite\",\"@id\":\"https:\\\/\\\/www.filtrationgroupiaq.com\\\/fr\\\/#website\",\"url\":\"https:\\\/\\\/www.filtrationgroupiaq.com\\\/fr\\\/\",\"name\":\"Filtration Group- IAQ\",\"description\":\"Making the World Safer, Healthier and More Productive\",\"publisher\":{\"@id\":\"https:\\\/\\\/www.filtrationgroupiaq.com\\\/fr\\\/#organization\"},\"potentialAction\":[{\"@type\":\"SearchAction\",\"target\":{\"@type\":\"EntryPoint\",\"urlTemplate\":\"https:\\\/\\\/www.filtrationgroupiaq.com\\\/fr\\\/?s={search_term_string}\"},\"query-input\":{\"@type\":\"PropertyValueSpecification\",\"valueRequired\":true,\"valueName\":\"search_term_string\"}}],\"inLanguage\":\"fr-FR\"},{\"@type\":\"Organization\",\"@id\":\"https:\\\/\\\/www.filtrationgroupiaq.com\\\/fr\\\/#organization\",\"name\":\"Filtration Group\",\"url\":\"https:\\\/\\\/www.filtrationgroupiaq.com\\\/fr\\\/\",\"logo\":{\"@type\":\"ImageObject\",\"inLanguage\":\"fr-FR\",\"@id\":\"https:\\\/\\\/www.filtrationgroupiaq.com\\\/fr\\\/#\\\/schema\\\/logo\\\/image\\\/\",\"url\":\"https:\\\/\\\/www.filtrationgroupiaq.com\\\/wp-content\\\/uploads\\\/2019\\\/06\\\/FGC-logo-1.png\",\"contentUrl\":\"https:\\\/\\\/www.filtrationgroupiaq.com\\\/wp-content\\\/uploads\\\/2019\\\/06\\\/FGC-logo-1.png\",\"width\":1104,\"height\":224,\"caption\":\"Filtration Group\"},\"image\":{\"@id\":\"https:\\\/\\\/www.filtrationgroupiaq.com\\\/fr\\\/#\\\/schema\\\/logo\\\/image\\\/\"},\"sameAs\":[\"https:\\\/\\\/www.linkedin.com\\\/company\\\/11857850\\\/\"]}]}<\/script>\n<!-- \/ Yoast SEO plugin. -->","yoast_head_json":{"title":"Musees Archives Librairies - Filtration Group- IAQ","robots":{"index":"index","follow":"follow","max-snippet":"max-snippet:-1","max-image-preview":"max-image-preview:large","max-video-preview":"max-video-preview:-1"},"canonical":"https:\/\/www.filtrationgroupiaq.com\/fr\/applications\/musees-archives-librairies\/","og_locale":"fr_FR","og_type":"article","og_title":"Musees Archives Librairies - Filtration Group- IAQ","og_description":"La plupart des gens penseraient que le traitement physique des archives et des antiquit\u00e9s pourrait faire le plus de pr\u00e9judice \u00e0 quelque chose d&rsquo;aussi pr\u00e9cieux, mais cela pourrait \u00eatre l&rsquo;air qui les entoure. L&rsquo;utilisation des filtres appropri\u00e9s et du calendrier de remplacement peut \u00e9liminer les contaminants mol\u00e9culaires et les particules susceptibles de g\u00e2cher cette \u0153uvre [&hellip;]","og_url":"https:\/\/www.filtrationgroupiaq.com\/fr\/applications\/musees-archives-librairies\/","og_site_name":"Filtration Group- IAQ","article_modified_time":"2020-09-16T14:20:23+00:00","og_image":[{"width":427,"height":255,"url":"https:\/\/www.filtrationgroupiaq.com\/wp-content\/uploads\/2019\/11\/library.png","type":"image\/png"}],"twitter_card":"summary_large_image","twitter_misc":{"Dur\u00e9e de lecture estim\u00e9e":"1 minute"},"schema":{"@context":"https:\/\/schema.org","@graph":[{"@type":"WebPage","@id":"https:\/\/www.filtrationgroupiaq.com\/fr\/applications\/musees-archives-librairies\/","url":"https:\/\/www.filtrationgroupiaq.com\/fr\/applications\/musees-archives-librairies\/","name":"Musees Archives Librairies - Filtration Group- IAQ","isPartOf":{"@id":"https:\/\/www.filtrationgroupiaq.com\/fr\/#website"},"primaryImageOfPage":{"@id":"https:\/\/www.filtrationgroupiaq.com\/fr\/applications\/musees-archives-librairies\/#primaryimage"},"image":{"@id":"https:\/\/www.filtrationgroupiaq.com\/fr\/applications\/musees-archives-librairies\/#primaryimage"},"thumbnailUrl":"https:\/\/www.filtrationgroupiaq.com\/wp-content\/uploads\/2019\/11\/library.png","datePublished":"2019-11-25T16:56:37+00:00","dateModified":"2020-09-16T14:20:23+00:00","breadcrumb":{"@id":"https:\/\/www.filtrationgroupiaq.com\/fr\/applications\/musees-archives-librairies\/#breadcrumb"},"inLanguage":"fr-FR","potentialAction":[{"@type":"ReadAction","target":["https:\/\/www.filtrationgroupiaq.com\/fr\/applications\/musees-archives-librairies\/"]}]},{"@type":"ImageObject","inLanguage":"fr-FR","@id":"https:\/\/www.filtrationgroupiaq.com\/fr\/applications\/musees-archives-librairies\/#primaryimage","url":"https:\/\/www.filtrationgroupiaq.com\/wp-content\/uploads\/2019\/11\/library.png","contentUrl":"https:\/\/www.filtrationgroupiaq.com\/wp-content\/uploads\/2019\/11\/library.png","width":427,"height":255},{"@type":"BreadcrumbList","@id":"https:\/\/www.filtrationgroupiaq.com\/fr\/applications\/musees-archives-librairies\/#breadcrumb","itemListElement":[{"@type":"ListItem","position":1,"name":"","item":"https:\/\/www.filtrationgroupiaq.com\/fr\/"},{"@type":"ListItem","position":2,"name":"Applications","item":"https:\/\/www.filtrationgroupiaq.com\/fr\/applications\/"},{"@type":"ListItem","position":3,"name":"Musees Archives Librairies"}]},{"@type":"WebSite","@id":"https:\/\/www.filtrationgroupiaq.com\/fr\/#website","url":"https:\/\/www.filtrationgroupiaq.com\/fr\/","name":"Filtration Group- IAQ","description":"Making the World Safer, Healthier and More Productive","publisher":{"@id":"https:\/\/www.filtrationgroupiaq.com\/fr\/#organization"},"potentialAction":[{"@type":"SearchAction","target":{"@type":"EntryPoint","urlTemplate":"https:\/\/www.filtrationgroupiaq.com\/fr\/?s={search_term_string}"},"query-input":{"@type":"PropertyValueSpecification","valueRequired":true,"valueName":"search_term_string"}}],"inLanguage":"fr-FR"},{"@type":"Organization","@id":"https:\/\/www.filtrationgroupiaq.com\/fr\/#organization","name":"Filtration Group","url":"https:\/\/www.filtrationgroupiaq.com\/fr\/","logo":{"@type":"ImageObject","inLanguage":"fr-FR","@id":"https:\/\/www.filtrationgroupiaq.com\/fr\/#\/schema\/logo\/image\/","url":"https:\/\/www.filtrationgroupiaq.com\/wp-content\/uploads\/2019\/06\/FGC-logo-1.png","contentUrl":"https:\/\/www.filtrationgroupiaq.com\/wp-content\/uploads\/2019\/06\/FGC-logo-1.png","width":1104,"height":224,"caption":"Filtration Group"},"image":{"@id":"https:\/\/www.filtrationgroupiaq.com\/fr\/#\/schema\/logo\/image\/"},"sameAs":["https:\/\/www.linkedin.com\/company\/11857850\/"]}]}},"_links":{"self":[{"href":"https:\/\/www.filtrationgroupiaq.com\/fr\/wp-json\/wp\/v2\/pages\/1529","targetHints":{"allow":["GET"]}}],"collection":[{"href":"https:\/\/www.filtrationgroupiaq.com\/fr\/wp-json\/wp\/v2\/pages"}],"about":[{"href":"https:\/\/www.filtrationgroupiaq.com\/fr\/wp-json\/wp\/v2\/types\/page"}],"author":[{"embeddable":true,"href":"https:\/\/www.filtrationgroupiaq.com\/fr\/wp-json\/wp\/v2\/users\/3"}],"replies":[{"embeddable":true,"href":"https:\/\/www.filtrationgroupiaq.com\/fr\/wp-json\/wp\/v2\/comments?post=1529"}],"version-history":[{"count":0,"href":"https:\/\/www.filtrationgroupiaq.com\/fr\/wp-json\/wp\/v2\/pages\/1529\/revisions"}],"up":[{"embeddable":true,"href":"https:\/\/www.filtrationgroupiaq.com\/fr\/wp-json\/wp\/v2\/pages\/1526"}],"wp:featuredmedia":[{"embeddable":true,"href":"https:\/\/www.filtrationgroupiaq.com\/fr\/wp-json\/wp\/v2\/media\/1316"}],"wp:attachment":[{"href":"https:\/\/www.filtrationgroupiaq.com\/fr\/wp-json\/wp\/v2\/media?parent=1529"}],"curies":[{"name":"wp","href":"https:\/\/api.w.org\/{rel}","templated":true}]}}