{"id":1535,"date":"2019-11-25T12:05:16","date_gmt":"2019-11-25T17:05:16","guid":{"rendered":"http:\/\/dafcoprod.wpengine.com\/?page_id=1535"},"modified":"2020-09-16T09:09:33","modified_gmt":"2020-09-16T14:09:33","slug":"centres-hospitaliers","status":"publish","type":"page","link":"https:\/\/www.filtrationgroupiaq.com\/fr\/applications\/centres-hospitaliers\/","title":{"rendered":"CENTRES HOSPITALIERS"},"content":{"rendered":"\n<div class=\"wp-block-cover alignfull has-background-dim\" style=\"background-image:url(https:\/\/www.filtrationgroupiaq.com\/wp-content\/uploads\/2020\/06\/AdobeStock_145937218-scaled.jpeg)\"><div class=\"wp-block-cover__inner-container is-layout-flow wp-block-cover-is-layout-flow\">\n<div class=\"wp-block-columns is-layout-flex wp-container-core-columns-is-layout-9d6595d7 wp-block-columns-is-layout-flex\">\n<div class=\"wp-block-column is-layout-flow wp-block-column-is-layout-flow\" style=\"flex-basis:80.4%\">\n<h1 class=\"wp-block-heading\">Prot\u00e9ger la Sant\u00e9 des Patients et de tous les M\u00e9decins, Infirmi\u00e8res et autres Personnels de Soutien<\/h1>\n\n\n\n<p>La pand\u00e9mie de coronavirus est une raison de plus d&rsquo;offrir une hygi\u00e8ne de l&rsquo;air optimale aux patients et au personnel. Selon une nouvelle \u00e9tude transversale nationale sur l&rsquo;exposition \u00e0 long terme \u00e0 la pollution atmosph\u00e9rique et \u00e0 la mortalit\u00e9 par COVID-19 aux \u00c9tats-Unis, \u00abune l\u00e9g\u00e8re augmentation de l&rsquo;exposition \u00e0 long terme aux PM2,5 conduit \u00e0 une forte augmentation du taux de mortalit\u00e9 par COVID-19\u00bb<\/p>\n\n\n\n<div class=\"wp-block-buttons is-layout-flex wp-block-buttons-is-layout-flex\">\n<div class=\"wp-block-button\"><a class=\"wp-block-button__link has-green-background-color has-background\" href=\"\/wp-content\/uploads\/2020\/09\/FG-IAQ-_-Hospital_Fact-Sheet_FR.pdf\" target=\"_blank\" rel=\"noreferrer noopener\">R\u00e9duisez votre co\u00fbt total de possession<\/a><\/div>\n<\/div>\n<\/div>\n\n\n\n<div class=\"wp-block-column is-layout-flow wp-block-column-is-layout-flow\" style=\"flex-basis:33.33%\"><\/div>\n<\/div>\n<\/div><\/div>\n\n\n\n<div class=\"wp-block-columns is-layout-flex wp-container-core-columns-is-layout-9d6595d7 wp-block-columns-is-layout-flex\">\n<div class=\"wp-block-column is-layout-flow wp-block-column-is-layout-flow\" style=\"flex-basis:60.5%\">\n<h2 class=\"has-blue-color has-text-color wp-block-heading\">\u00c9TABLISSEMENTS DE SANT\u00c9<\/h2>\n\n\n\n<p>Les applications de soins de sant\u00e9 comptent parmi les besoins les plus \u00e9lev\u00e9s pour une filtration de l&rsquo;air hautement performante. Beaucoup de choses peuvent \u00eatre menac\u00e9es &#8211; la sant\u00e9 des patients et la sant\u00e9 de tous les m\u00e9decins, infirmi\u00e8res et autres personnels de soutien.<\/p>\n\n\n\n<p>De la protection d&rsquo;un patient en chirurgie avec un syst\u00e8me de filtration MERV 14 ou sup\u00e9rieur et 20 changements d&rsquo;air par heure aux syst\u00e8mes de confinement de salle d&rsquo;isolement pour des maladies hautement infectieuses comme Ebola, Filtration Group QAI vous couvre.<\/p>\n\n\n\n<p>Il est \u00e9galement important de tenir compte de la consommation d&rsquo;\u00e9nergie \u00e9galement &#8211; l&rsquo;h\u00f4pital moyen utilise 2,5 fois l&rsquo;\u00e9nergie des autres b\u00e2timents commerciaux, selon le D\u00e9partement des donn\u00e9es \u00e9nerg\u00e9tiques. Un facteur important dans cette diff\u00e9rence est le co\u00fbt de l&rsquo;\u00e9nergie consomm\u00e9e pour pousser l&rsquo;air \u00e0 travers les filtres miniplis MERV et HEPA. Rester \u00e0 jour sur les filtres les plus r\u00e9cents et les plus performants, ainsi que des analyses sur le moment le plus \u00e9conomique pour les changer peuvent avoir un impact important sur votre budget op\u00e9rationnel.<\/p>\n\n\n\n<p>Bien s\u00fbr, il existe des applications tout aussi importantes mais moins s\u00e9v\u00e8res qui doivent \u00eatre maintenues. Des maisons de soins infirmiers et des \u00e9tablissements de soins assist\u00e9s aux cabinets m\u00e9dicaux ambulatoires, faites confiance \u00e0 FG QAI pour trouver la configuration adapt\u00e9e aux besoins de votre application.<\/p>\n\n\n\n<p><strong>La mission de FG QAI est de rendre le monde plus s\u00fbr, plus sain et plus productif.<\/strong><\/p>\n<\/div>\n\n\n\n<div class=\"wp-block-column is-layout-flow wp-block-column-is-layout-flow\" style=\"flex-basis:33.33%\">\n<div class=\"wp-block-media-text alignwide is-vertically-aligned-top is-image-fill has-white-background-color has-background\" style=\"grid-template-columns:38% auto\"><figure class=\"wp-block-media-text__media\" style=\"background-image:url(https:\/\/www.filtrationgroupiaq.com\/wp-content\/uploads\/2020\/08\/map7-829x1024.jpg);background-position:50% 50%\"><img loading=\"lazy\" decoding=\"async\" width=\"829\" height=\"1024\" src=\"https:\/\/www.filtrationgroupiaq.com\/wp-content\/uploads\/2020\/08\/map7-829x1024.jpg\" alt=\"\" class=\"wp-image-4259\" srcset=\"https:\/\/www.filtrationgroupiaq.com\/wp-content\/uploads\/2020\/08\/map7-829x1024.jpg 829w, https:\/\/www.filtrationgroupiaq.com\/wp-content\/uploads\/2020\/08\/map7-243x300.jpg 243w, https:\/\/www.filtrationgroupiaq.com\/wp-content\/uploads\/2020\/08\/map7-768x949.jpg 768w, https:\/\/www.filtrationgroupiaq.com\/wp-content\/uploads\/2020\/08\/map7.jpg 862w\" sizes=\"auto, (max-width: 829px) 100vw, 829px\" \/><\/figure><div class=\"wp-block-media-text__content\">\n<p class=\"has-normal-font-size\"><strong>Pour plus d&rsquo;informations sur les produits recommand\u00e9s, les programmes de service et les consultations g\u00e9n\u00e9rales gratuites<\/strong><\/p>\n\n\n\n<div class=\"wp-block-button\"><a class=\"wp-block-button__link has-white-color has-blue-background-color has-text-color has-background\" href=\"\/fr\/contactus\">Contacter le service commercial<\/a><\/div>\n<\/div><\/div>\n<\/div>\n<\/div>\n\n\n\n<div class=\"wp-block-media-text alignwide is-stacked-on-mobile grayblock\" style=\"grid-template-columns:41% auto\"><figure class=\"wp-block-media-text__media\"><img loading=\"lazy\" decoding=\"async\" width=\"1024\" height=\"635\" src=\"https:\/\/www.filtrationgroupiaq.com\/wp-content\/uploads\/2020\/05\/IndoorAirHygiene.com_-1024x635.jpg\" alt=\"\" class=\"wp-image-2470\" srcset=\"https:\/\/www.filtrationgroupiaq.com\/wp-content\/uploads\/2020\/05\/IndoorAirHygiene.com_-1024x635.jpg 1024w, https:\/\/www.filtrationgroupiaq.com\/wp-content\/uploads\/2020\/05\/IndoorAirHygiene.com_-300x186.jpg 300w, https:\/\/www.filtrationgroupiaq.com\/wp-content\/uploads\/2020\/05\/IndoorAirHygiene.com_-768x477.jpg 768w, https:\/\/www.filtrationgroupiaq.com\/wp-content\/uploads\/2020\/05\/IndoorAirHygiene.com_.jpg 1083w\" sizes=\"auto, (max-width: 1024px) 100vw, 1024px\" \/><\/figure><div class=\"wp-block-media-text__content\">\n<p><\/p>\n\n\n\n<h3 class=\"wp-block-heading\"><strong>PR\u00c9OCCUP\u00c9 PAR LA R\u00c9OUVERTURE DE VOTRE ENTREPRISE?<\/strong><\/h3>\n\n\n\n<p><strong><a href=\"http:\/\/indoorairhygiene.com\/\">INDOORAIRHYGIENE.COM<\/a><\/strong>&nbsp;est un centre de ressources gratuit mis \u00e0 votre disposition par FG QAI, les Compagnies de Filtration Group et Madison Industries.<\/p>\n\n\n\n<div class=\"wp-block-buttons is-layout-flex wp-block-buttons-is-layout-flex\">\n<div class=\"wp-block-button is-style-fill\"><a class=\"wp-block-button__link has-white-color has-blue-background-color has-text-color has-background\" href=\"http:\/\/www.indoorairhygiene.com\" target=\"_blank\" rel=\"noreferrer noopener\">VISITER LE CENTRE DE RESOURCE<\/a><\/div>\n<\/div>\n<\/div><\/div>\n\n\n\n<div class=\"wp-block-media-text alignwide\" style=\"grid-template-columns:40% auto\"><figure class=\"wp-block-media-text__media\"><img loading=\"lazy\" decoding=\"async\" width=\"1024\" height=\"683\" src=\"https:\/\/www.filtrationgroupiaq.com\/wp-content\/uploads\/2019\/11\/healthcare-accent-1024x683.jpg\" alt=\"\" class=\"wp-image-637\" srcset=\"https:\/\/www.filtrationgroupiaq.com\/wp-content\/uploads\/2019\/11\/healthcare-accent-1024x683.jpg 1024w, https:\/\/www.filtrationgroupiaq.com\/wp-content\/uploads\/2019\/11\/healthcare-accent-300x200.jpg 300w, https:\/\/www.filtrationgroupiaq.com\/wp-content\/uploads\/2019\/11\/healthcare-accent-768x512.jpg 768w, https:\/\/www.filtrationgroupiaq.com\/wp-content\/uploads\/2019\/11\/healthcare-accent-272x182.jpg 272w, https:\/\/www.filtrationgroupiaq.com\/wp-content\/uploads\/2019\/11\/healthcare-accent.jpg 1170w\" sizes=\"auto, (max-width: 1024px) 100vw, 1024px\" \/><\/figure><div class=\"wp-block-media-text__content\">\n<h2 class=\"wp-block-heading\">FG QAI vous Aide \u00e0 R\u00e9duire les Co\u00fbts d&rsquo;Exploitation CVAC<\/h2>\n\n\n\n<p>La qualit\u00e9 de l&rsquo;air int\u00e9rieur est de la plus haute importance pour les applications de soins de sant\u00e9, mais savez-vous comment \u00e9valuer les co\u00fbts de fonctionnement des filtres \u00e0 air \u00e0 haute efficacit\u00e9 dans votre \u00e9tablissement?<\/p>\n\n\n\n<div class=\"wp-block-button blank\"><a class=\"wp-block-button__link has-white-color has-green-background-color has-text-color has-background\" href=\"\/wp-content\/uploads\/2020\/09\/FG-IAQ-_-Hospital_Fact-Sheet_FR.pdf\" target=\"_blank\" rel=\"noreferrer noopener\">En savoir plus<\/a><\/div>\n\n\n\n<p><\/p>\n<\/div><\/div>\n","protected":false},"excerpt":{"rendered":"<p>\u00c9TABLISSEMENTS DE SANT\u00c9 Les applications de soins de sant\u00e9 comptent parmi les besoins les plus \u00e9lev\u00e9s pour une filtration de l&rsquo;air hautement performante. Beaucoup de choses peuvent \u00eatre menac\u00e9es &#8211; la sant\u00e9 des patients et la sant\u00e9 de tous les m\u00e9decins, infirmi\u00e8res et autres personnels de soutien. De la protection d&rsquo;un patient en chirurgie avec [&hellip;]<\/p>\n","protected":false},"author":3,"featured_media":2786,"parent":1526,"menu_order":0,"comment_status":"closed","ping_status":"closed","template":"","meta":{"_acf_changed":false,"footnotes":""},"class_list":["post-1535","page","type-page","status-publish","has-post-thumbnail","hentry"],"acf":[],"yoast_head":"<!-- This site is optimized with the Yoast SEO plugin v27.3 - https:\/\/yoast.com\/product\/yoast-seo-wordpress\/ -->\n<title>CENTRES HOSPITALIERS - Filtration Group- IAQ<\/title>\n<meta name=\"robots\" content=\"index, follow, max-snippet:-1, max-image-preview:large, max-video-preview:-1\" \/>\n<link rel=\"canonical\" href=\"https:\/\/www.filtrationgroupiaq.com\/fr\/applications\/centres-hospitaliers\/\" \/>\n<meta property=\"og:locale\" content=\"fr_FR\" \/>\n<meta property=\"og:type\" content=\"article\" \/>\n<meta property=\"og:title\" content=\"CENTRES HOSPITALIERS - Filtration Group- IAQ\" \/>\n<meta property=\"og:description\" content=\"\u00c9TABLISSEMENTS DE SANT\u00c9 Les applications de soins de sant\u00e9 comptent parmi les besoins les plus \u00e9lev\u00e9s pour une filtration de l&rsquo;air hautement performante. Beaucoup de choses peuvent \u00eatre menac\u00e9es &#8211; la sant\u00e9 des patients et la sant\u00e9 de tous les m\u00e9decins, infirmi\u00e8res et autres personnels de soutien. De la protection d&rsquo;un patient en chirurgie avec [&hellip;]\" \/>\n<meta property=\"og:url\" content=\"https:\/\/www.filtrationgroupiaq.com\/fr\/applications\/centres-hospitaliers\/\" \/>\n<meta property=\"og:site_name\" content=\"Filtration Group- IAQ\" \/>\n<meta property=\"article:modified_time\" content=\"2020-09-16T14:09:33+00:00\" \/>\n<meta property=\"og:image\" content=\"https:\/\/www.filtrationgroupiaq.com\/wp-content\/uploads\/2020\/06\/AdobeStock_145937218-1-1024x684.jpeg\" \/>\n\t<meta property=\"og:image:width\" content=\"1024\" \/>\n\t<meta property=\"og:image:height\" content=\"684\" \/>\n\t<meta property=\"og:image:type\" content=\"image\/jpeg\" \/>\n<meta name=\"twitter:card\" content=\"summary_large_image\" \/>\n<meta name=\"twitter:label1\" content=\"Dur\u00e9e de lecture estim\u00e9e\" \/>\n\t<meta name=\"twitter:data1\" content=\"2 minutes\" \/>\n<script type=\"application\/ld+json\" class=\"yoast-schema-graph\">{\"@context\":\"https:\\\/\\\/schema.org\",\"@graph\":[{\"@type\":\"WebPage\",\"@id\":\"https:\\\/\\\/www.filtrationgroupiaq.com\\\/fr\\\/applications\\\/centres-hospitaliers\\\/\",\"url\":\"https:\\\/\\\/www.filtrationgroupiaq.com\\\/fr\\\/applications\\\/centres-hospitaliers\\\/\",\"name\":\"CENTRES HOSPITALIERS - Filtration Group- IAQ\",\"isPartOf\":{\"@id\":\"https:\\\/\\\/www.filtrationgroupiaq.com\\\/fr\\\/#website\"},\"primaryImageOfPage\":{\"@id\":\"https:\\\/\\\/www.filtrationgroupiaq.com\\\/fr\\\/applications\\\/centres-hospitaliers\\\/#primaryimage\"},\"image\":{\"@id\":\"https:\\\/\\\/www.filtrationgroupiaq.com\\\/fr\\\/applications\\\/centres-hospitaliers\\\/#primaryimage\"},\"thumbnailUrl\":\"https:\\\/\\\/www.filtrationgroupiaq.com\\\/wp-content\\\/uploads\\\/2020\\\/06\\\/AdobeStock_145937218-1.jpeg\",\"datePublished\":\"2019-11-25T17:05:16+00:00\",\"dateModified\":\"2020-09-16T14:09:33+00:00\",\"breadcrumb\":{\"@id\":\"https:\\\/\\\/www.filtrationgroupiaq.com\\\/fr\\\/applications\\\/centres-hospitaliers\\\/#breadcrumb\"},\"inLanguage\":\"fr-FR\",\"potentialAction\":[{\"@type\":\"ReadAction\",\"target\":[\"https:\\\/\\\/www.filtrationgroupiaq.com\\\/fr\\\/applications\\\/centres-hospitaliers\\\/\"]}]},{\"@type\":\"ImageObject\",\"inLanguage\":\"fr-FR\",\"@id\":\"https:\\\/\\\/www.filtrationgroupiaq.com\\\/fr\\\/applications\\\/centres-hospitaliers\\\/#primaryimage\",\"url\":\"https:\\\/\\\/www.filtrationgroupiaq.com\\\/wp-content\\\/uploads\\\/2020\\\/06\\\/AdobeStock_145937218-1.jpeg\",\"contentUrl\":\"https:\\\/\\\/www.filtrationgroupiaq.com\\\/wp-content\\\/uploads\\\/2020\\\/06\\\/AdobeStock_145937218-1.jpeg\",\"width\":2560,\"height\":1709,\"caption\":\"Team of Surgeons Operating in the Hospital.\"},{\"@type\":\"BreadcrumbList\",\"@id\":\"https:\\\/\\\/www.filtrationgroupiaq.com\\\/fr\\\/applications\\\/centres-hospitaliers\\\/#breadcrumb\",\"itemListElement\":[{\"@type\":\"ListItem\",\"position\":1,\"name\":\"\",\"item\":\"https:\\\/\\\/www.filtrationgroupiaq.com\\\/fr\\\/\"},{\"@type\":\"ListItem\",\"position\":2,\"name\":\"Applications\",\"item\":\"https:\\\/\\\/www.filtrationgroupiaq.com\\\/fr\\\/applications\\\/\"},{\"@type\":\"ListItem\",\"position\":3,\"name\":\"CENTRES HOSPITALIERS\"}]},{\"@type\":\"WebSite\",\"@id\":\"https:\\\/\\\/www.filtrationgroupiaq.com\\\/fr\\\/#website\",\"url\":\"https:\\\/\\\/www.filtrationgroupiaq.com\\\/fr\\\/\",\"name\":\"Filtration Group- IAQ\",\"description\":\"Making the World Safer, Healthier and More Productive\",\"publisher\":{\"@id\":\"https:\\\/\\\/www.filtrationgroupiaq.com\\\/fr\\\/#organization\"},\"potentialAction\":[{\"@type\":\"SearchAction\",\"target\":{\"@type\":\"EntryPoint\",\"urlTemplate\":\"https:\\\/\\\/www.filtrationgroupiaq.com\\\/fr\\\/?s={search_term_string}\"},\"query-input\":{\"@type\":\"PropertyValueSpecification\",\"valueRequired\":true,\"valueName\":\"search_term_string\"}}],\"inLanguage\":\"fr-FR\"},{\"@type\":\"Organization\",\"@id\":\"https:\\\/\\\/www.filtrationgroupiaq.com\\\/fr\\\/#organization\",\"name\":\"Filtration Group\",\"url\":\"https:\\\/\\\/www.filtrationgroupiaq.com\\\/fr\\\/\",\"logo\":{\"@type\":\"ImageObject\",\"inLanguage\":\"fr-FR\",\"@id\":\"https:\\\/\\\/www.filtrationgroupiaq.com\\\/fr\\\/#\\\/schema\\\/logo\\\/image\\\/\",\"url\":\"https:\\\/\\\/www.filtrationgroupiaq.com\\\/wp-content\\\/uploads\\\/2019\\\/06\\\/FGC-logo-1.png\",\"contentUrl\":\"https:\\\/\\\/www.filtrationgroupiaq.com\\\/wp-content\\\/uploads\\\/2019\\\/06\\\/FGC-logo-1.png\",\"width\":1104,\"height\":224,\"caption\":\"Filtration Group\"},\"image\":{\"@id\":\"https:\\\/\\\/www.filtrationgroupiaq.com\\\/fr\\\/#\\\/schema\\\/logo\\\/image\\\/\"},\"sameAs\":[\"https:\\\/\\\/www.linkedin.com\\\/company\\\/11857850\\\/\"]}]}<\/script>\n<!-- \/ Yoast SEO plugin. -->","yoast_head_json":{"title":"CENTRES HOSPITALIERS - Filtration Group- IAQ","robots":{"index":"index","follow":"follow","max-snippet":"max-snippet:-1","max-image-preview":"max-image-preview:large","max-video-preview":"max-video-preview:-1"},"canonical":"https:\/\/www.filtrationgroupiaq.com\/fr\/applications\/centres-hospitaliers\/","og_locale":"fr_FR","og_type":"article","og_title":"CENTRES HOSPITALIERS - Filtration Group- IAQ","og_description":"\u00c9TABLISSEMENTS DE SANT\u00c9 Les applications de soins de sant\u00e9 comptent parmi les besoins les plus \u00e9lev\u00e9s pour une filtration de l&rsquo;air hautement performante. Beaucoup de choses peuvent \u00eatre menac\u00e9es &#8211; la sant\u00e9 des patients et la sant\u00e9 de tous les m\u00e9decins, infirmi\u00e8res et autres personnels de soutien. De la protection d&rsquo;un patient en chirurgie avec [&hellip;]","og_url":"https:\/\/www.filtrationgroupiaq.com\/fr\/applications\/centres-hospitaliers\/","og_site_name":"Filtration Group- IAQ","article_modified_time":"2020-09-16T14:09:33+00:00","og_image":[{"width":1024,"height":684,"url":"https:\/\/www.filtrationgroupiaq.com\/wp-content\/uploads\/2020\/06\/AdobeStock_145937218-1-1024x684.jpeg","type":"image\/jpeg"}],"twitter_card":"summary_large_image","twitter_misc":{"Dur\u00e9e de lecture estim\u00e9e":"2 minutes"},"schema":{"@context":"https:\/\/schema.org","@graph":[{"@type":"WebPage","@id":"https:\/\/www.filtrationgroupiaq.com\/fr\/applications\/centres-hospitaliers\/","url":"https:\/\/www.filtrationgroupiaq.com\/fr\/applications\/centres-hospitaliers\/","name":"CENTRES HOSPITALIERS - Filtration Group- IAQ","isPartOf":{"@id":"https:\/\/www.filtrationgroupiaq.com\/fr\/#website"},"primaryImageOfPage":{"@id":"https:\/\/www.filtrationgroupiaq.com\/fr\/applications\/centres-hospitaliers\/#primaryimage"},"image":{"@id":"https:\/\/www.filtrationgroupiaq.com\/fr\/applications\/centres-hospitaliers\/#primaryimage"},"thumbnailUrl":"https:\/\/www.filtrationgroupiaq.com\/wp-content\/uploads\/2020\/06\/AdobeStock_145937218-1.jpeg","datePublished":"2019-11-25T17:05:16+00:00","dateModified":"2020-09-16T14:09:33+00:00","breadcrumb":{"@id":"https:\/\/www.filtrationgroupiaq.com\/fr\/applications\/centres-hospitaliers\/#breadcrumb"},"inLanguage":"fr-FR","potentialAction":[{"@type":"ReadAction","target":["https:\/\/www.filtrationgroupiaq.com\/fr\/applications\/centres-hospitaliers\/"]}]},{"@type":"ImageObject","inLanguage":"fr-FR","@id":"https:\/\/www.filtrationgroupiaq.com\/fr\/applications\/centres-hospitaliers\/#primaryimage","url":"https:\/\/www.filtrationgroupiaq.com\/wp-content\/uploads\/2020\/06\/AdobeStock_145937218-1.jpeg","contentUrl":"https:\/\/www.filtrationgroupiaq.com\/wp-content\/uploads\/2020\/06\/AdobeStock_145937218-1.jpeg","width":2560,"height":1709,"caption":"Team of Surgeons Operating in the Hospital."},{"@type":"BreadcrumbList","@id":"https:\/\/www.filtrationgroupiaq.com\/fr\/applications\/centres-hospitaliers\/#breadcrumb","itemListElement":[{"@type":"ListItem","position":1,"name":"","item":"https:\/\/www.filtrationgroupiaq.com\/fr\/"},{"@type":"ListItem","position":2,"name":"Applications","item":"https:\/\/www.filtrationgroupiaq.com\/fr\/applications\/"},{"@type":"ListItem","position":3,"name":"CENTRES HOSPITALIERS"}]},{"@type":"WebSite","@id":"https:\/\/www.filtrationgroupiaq.com\/fr\/#website","url":"https:\/\/www.filtrationgroupiaq.com\/fr\/","name":"Filtration Group- IAQ","description":"Making the World Safer, Healthier and More Productive","publisher":{"@id":"https:\/\/www.filtrationgroupiaq.com\/fr\/#organization"},"potentialAction":[{"@type":"SearchAction","target":{"@type":"EntryPoint","urlTemplate":"https:\/\/www.filtrationgroupiaq.com\/fr\/?s={search_term_string}"},"query-input":{"@type":"PropertyValueSpecification","valueRequired":true,"valueName":"search_term_string"}}],"inLanguage":"fr-FR"},{"@type":"Organization","@id":"https:\/\/www.filtrationgroupiaq.com\/fr\/#organization","name":"Filtration Group","url":"https:\/\/www.filtrationgroupiaq.com\/fr\/","logo":{"@type":"ImageObject","inLanguage":"fr-FR","@id":"https:\/\/www.filtrationgroupiaq.com\/fr\/#\/schema\/logo\/image\/","url":"https:\/\/www.filtrationgroupiaq.com\/wp-content\/uploads\/2019\/06\/FGC-logo-1.png","contentUrl":"https:\/\/www.filtrationgroupiaq.com\/wp-content\/uploads\/2019\/06\/FGC-logo-1.png","width":1104,"height":224,"caption":"Filtration Group"},"image":{"@id":"https:\/\/www.filtrationgroupiaq.com\/fr\/#\/schema\/logo\/image\/"},"sameAs":["https:\/\/www.linkedin.com\/company\/11857850\/"]}]}},"_links":{"self":[{"href":"https:\/\/www.filtrationgroupiaq.com\/fr\/wp-json\/wp\/v2\/pages\/1535","targetHints":{"allow":["GET"]}}],"collection":[{"href":"https:\/\/www.filtrationgroupiaq.com\/fr\/wp-json\/wp\/v2\/pages"}],"about":[{"href":"https:\/\/www.filtrationgroupiaq.com\/fr\/wp-json\/wp\/v2\/types\/page"}],"author":[{"embeddable":true,"href":"https:\/\/www.filtrationgroupiaq.com\/fr\/wp-json\/wp\/v2\/users\/3"}],"replies":[{"embeddable":true,"href":"https:\/\/www.filtrationgroupiaq.com\/fr\/wp-json\/wp\/v2\/comments?post=1535"}],"version-history":[{"count":0,"href":"https:\/\/www.filtrationgroupiaq.com\/fr\/wp-json\/wp\/v2\/pages\/1535\/revisions"}],"up":[{"embeddable":true,"href":"https:\/\/www.filtrationgroupiaq.com\/fr\/wp-json\/wp\/v2\/pages\/1526"}],"wp:featuredmedia":[{"embeddable":true,"href":"https:\/\/www.filtrationgroupiaq.com\/fr\/wp-json\/wp\/v2\/media\/2786"}],"wp:attachment":[{"href":"https:\/\/www.filtrationgroupiaq.com\/fr\/wp-json\/wp\/v2\/media?parent=1535"}],"curies":[{"name":"wp","href":"https:\/\/api.w.org\/{rel}","templated":true}]}}