{"id":1541,"date":"2019-11-25T12:13:19","date_gmt":"2019-11-25T17:13:19","guid":{"rendered":"http:\/\/dafcoprod.wpengine.com\/?page_id=1541"},"modified":"2020-09-16T09:04:19","modified_gmt":"2020-09-16T14:04:19","slug":"champs-de-tir","status":"publish","type":"page","link":"https:\/\/www.filtrationgroupiaq.com\/fr\/applications\/champs-de-tir\/","title":{"rendered":"Champs de Tir"},"content":{"rendered":"\n<div class=\"wp-block-cover alignfull has-background-dim\" style=\"background-image:url(https:\/\/www.filtrationgroupiaq.com\/wp-content\/uploads\/2019\/11\/hd_firing-range.jpg)\"><div class=\"wp-block-cover__inner-container is-layout-flow wp-block-cover-is-layout-flow\">\n<div class=\"wp-block-columns is-layout-flex wp-container-core-columns-is-layout-9d6595d7 wp-block-columns-is-layout-flex\">\n<div class=\"wp-block-column is-layout-flow wp-block-column-is-layout-flow\" style=\"flex-basis:53.3%\">\n<h1 class=\"wp-block-heading\">Solutions \u00e9prouv\u00e9es de qualit\u00e9 de l&rsquo;air int\u00e9rieur pour les champs de cuisson<\/h1>\n\n\n\n<p>Les normes de s\u00e9curit\u00e9 pour \u00e9viter le saturnisme se sont am\u00e9lior\u00e9es au fil des ans, mais pour certaines industries, les risques seront toujours \u00e9lev\u00e9s.<\/p>\n<\/div>\n\n\n\n<div class=\"wp-block-column is-layout-flow wp-block-column-is-layout-flow\" style=\"flex-basis:33.33%\"><\/div>\n<\/div>\n<\/div><\/div>\n\n\n\n<div class=\"wp-block-columns is-layout-flex wp-container-core-columns-is-layout-9d6595d7 wp-block-columns-is-layout-flex\">\n<div class=\"wp-block-column is-layout-flow wp-block-column-is-layout-flow\" style=\"flex-basis:66.66%\">\n<h3 class=\"has-blue-color has-text-color wp-block-heading\">CHAMPS DE TIR<\/h3>\n\n\n\n<p>Les normes de s\u00e9curit\u00e9 pour \u00e9viter le saturnisme se sont am\u00e9lior\u00e9es au fil des ans, mais pour certaines industries, les risques seront toujours \u00e9lev\u00e9s. Les champs de tir font partie de cette liste d&rsquo;industries pr\u00e9occupantes. La plupart des champs de tir ont plusieurs zones qui n\u00e9cessitent diff\u00e9rents degr\u00e9s de filtration de l&rsquo;air. Quel que soit l&#8217;emplacement, la s\u00e9curit\u00e9 et la concentration de plomb doivent \u00eatre au premier plan.<\/p>\n\n\n\n<p><strong>Les sympt\u00f4mes du saturnisme peuvent inclure:<\/strong><\/p>\n\n\n\n<ul class=\"wp-block-list\"><li>Maux de t\u00eate<\/li><li>Irritabilit\u00e9<\/li><li>Sensations r\u00e9duites<\/li><li>Comportement agressif<\/li><li>Difficult\u00e9 \u00e0 dormir<\/li><li>Douleur abdominale<\/li><li>Petit app\u00e9tit<\/li><li>Constipation<\/li><li>An\u00e9mie<\/li><\/ul>\n<\/div>\n\n\n\n<div class=\"wp-block-column is-layout-flow wp-block-column-is-layout-flow\" style=\"flex-basis:33.33%\">\n<div class=\"wp-block-media-text alignwide is-vertically-aligned-top is-image-fill has-white-background-color has-background\" style=\"grid-template-columns:38% auto\"><figure class=\"wp-block-media-text__media\" style=\"background-image:url(https:\/\/www.filtrationgroupiaq.com\/wp-content\/uploads\/2020\/08\/map7-829x1024.jpg);background-position:50% 50%\"><img loading=\"lazy\" decoding=\"async\" width=\"829\" height=\"1024\" src=\"https:\/\/www.filtrationgroupiaq.com\/wp-content\/uploads\/2020\/08\/map7-829x1024.jpg\" alt=\"\" class=\"wp-image-4259\" srcset=\"https:\/\/www.filtrationgroupiaq.com\/wp-content\/uploads\/2020\/08\/map7-829x1024.jpg 829w, https:\/\/www.filtrationgroupiaq.com\/wp-content\/uploads\/2020\/08\/map7-243x300.jpg 243w, https:\/\/www.filtrationgroupiaq.com\/wp-content\/uploads\/2020\/08\/map7-768x949.jpg 768w, https:\/\/www.filtrationgroupiaq.com\/wp-content\/uploads\/2020\/08\/map7.jpg 862w\" sizes=\"auto, (max-width: 829px) 100vw, 829px\" \/><\/figure><div class=\"wp-block-media-text__content\">\n<p class=\"has-normal-font-size\"><strong>Pour plus d&rsquo;informations sur les produits recommand\u00e9s, les programmes de service et les consultations g\u00e9n\u00e9rales gratuites<\/strong><\/p>\n\n\n\n<div class=\"wp-block-button\"><a class=\"wp-block-button__link has-white-color has-blue-background-color has-text-color has-background\" href=\"\/fr\/contactus\">Contacter le service commercial<\/a><\/div>\n<\/div><\/div>\n<\/div>\n<\/div>\n\n\n\n<div class=\"wp-block-columns is-layout-flex wp-container-core-columns-is-layout-9d6595d7 wp-block-columns-is-layout-flex\">\n<div class=\"wp-block-column is-layout-flow wp-block-column-is-layout-flow\" style=\"flex-basis:61.6%\">\n<figure class=\"wp-block-image size-large\"><img loading=\"lazy\" decoding=\"async\" width=\"1024\" height=\"410\" src=\"https:\/\/www.filtrationgroupiaq.com\/wp-content\/uploads\/2020\/08\/firing-range-accent-1024x410.jpg\" alt=\"\" class=\"wp-image-4334\" srcset=\"https:\/\/www.filtrationgroupiaq.com\/wp-content\/uploads\/2020\/08\/firing-range-accent-1024x410.jpg 1024w, https:\/\/www.filtrationgroupiaq.com\/wp-content\/uploads\/2020\/08\/firing-range-accent-300x120.jpg 300w, https:\/\/www.filtrationgroupiaq.com\/wp-content\/uploads\/2020\/08\/firing-range-accent-768x307.jpg 768w, https:\/\/www.filtrationgroupiaq.com\/wp-content\/uploads\/2020\/08\/firing-range-accent.jpg 1472w\" sizes=\"auto, (max-width: 1024px) 100vw, 1024px\" \/><\/figure>\n<\/div>\n\n\n\n<div class=\"wp-block-column is-layout-flow wp-block-column-is-layout-flow\">\n<p>*Solutions de filtration alternatives \u00e9galement disponibles.<\/p>\n\n\n\n<p><strong>Domaines de filtration sur lesquels se concentrer:<\/strong><\/p>\n\n\n\n<p><strong>Station de tirs<\/strong> &#8211; le plus grand potentiel de plomb dans l&rsquo;air car c&rsquo;est l\u00e0 que le pistolet est tir\u00e9<\/p>\n\n\n\n<p><strong>Down Range <\/strong>&#8211; la poussi\u00e8re r\u00e9siduelle peut contaminer cette zone, \u00e9quipement de protection requis selon les directives de l&rsquo;OSHA<\/p>\n\n\n\n<p><strong>Zone Cible &#8211; <\/strong>l&rsquo;exposition la plus \u00e9lev\u00e9e aux particules en suspension dans l&rsquo;air en raison de la fragmentation des balles, \u00e9quipement de protection requis selon les directives de l&rsquo;OSHA<\/p>\n<\/div>\n<\/div>\n\n\n\n<p><strong>Votre zone utilise-t-elle les filtres appropri\u00e9s? <a href=\"\/fr\/contact-us\">Cliquez ici pour votre audit personnalis\u00e9!<\/a><\/strong><\/p>\n\n\n\n<div class=\"wp-block-columns is-layout-flex wp-container-core-columns-is-layout-9d6595d7 wp-block-columns-is-layout-flex\">\n<div class=\"wp-block-column is-layout-flow wp-block-column-is-layout-flow\" style=\"flex-basis:62%\">\n<hr class=\"wp-block-separator is-style-wide\" \/>\n\n\n\n<p><strong>Solutions de Filtration Innovantes pour les Cuisini\u00e8res Int\u00e9rieures<\/strong><\/p>\n\n\n\n<p>L&rsquo;OSHA (Occupational Health and Safety Administration) exige des normes de qualit\u00e9 de l&rsquo;air strictes pour les installations de tir en int\u00e9rieur. L&rsquo;oxyde de plomb est le sous-produit de la d\u00e9charge d&rsquo;une arme \u00e0 feu. Il existe un risque respiratoire accru dans un b\u00e2timent ferm\u00e9 et la respiration d&rsquo;un \u00e9chappement contamin\u00e9 peut provoquer un empoisonnement au plomb.<\/p>\n\n\n\n<p><strong>D\u00e9couvrez comment les filtres \u00e0 air Filtration Group-HVAC sont con\u00e7us pour d\u00e9passer les normes d&rsquo;efficacit\u00e9 OSHA et garantir la qualit\u00e9 de l&rsquo;air int\u00e9rieur pour les tireurs amateurs et les occupants des installations.<\/strong><\/p>\n\n\n\n<div class=\"wp-block-buttons is-layout-flex wp-block-buttons-is-layout-flex\">\n<div class=\"wp-block-button is-style-outline is-style-outline--1\"><a class=\"wp-block-button__link has-green-color has-text-color\" href=\"\/wp-content\/uploads\/2020\/08\/FG-IAQ-_-Firing-Range-Application.pdf\" target=\"_blank\" rel=\"noreferrer noopener\">T\u00e9l\u00e9charger la brochure<\/a><\/div>\n<\/div>\n<\/div>\n\n\n\n<div class=\"wp-block-column is-layout-flow wp-block-column-is-layout-flow\">\n<div style=\"height:33px\" aria-hidden=\"true\" class=\"wp-block-spacer\"><\/div>\n\n\n\n<figure class=\"wp-block-image size-large is-resized\"><img loading=\"lazy\" decoding=\"async\" src=\"https:\/\/www.filtrationgroupiaq.com\/wp-content\/uploads\/2020\/08\/firing-range.jpg\" alt=\"\" class=\"wp-image-4337\" width=\"283\" height=\"311\" srcset=\"https:\/\/www.filtrationgroupiaq.com\/wp-content\/uploads\/2020\/08\/firing-range.jpg 880w, https:\/\/www.filtrationgroupiaq.com\/wp-content\/uploads\/2020\/08\/firing-range-273x300.jpg 273w, https:\/\/www.filtrationgroupiaq.com\/wp-content\/uploads\/2020\/08\/firing-range-768x845.jpg 768w\" sizes=\"auto, (max-width: 283px) 100vw, 283px\" \/><\/figure>\n<\/div>\n<\/div>\n\n\n\n<div class=\"wp-block-media-text alignwide is-stacked-on-mobile grayblock\" style=\"grid-template-columns:41% auto\"><figure class=\"wp-block-media-text__media\"><img loading=\"lazy\" decoding=\"async\" width=\"1024\" height=\"635\" src=\"https:\/\/www.filtrationgroupiaq.com\/wp-content\/uploads\/2020\/05\/IndoorAirHygiene.com_-1024x635.jpg\" alt=\"\" class=\"wp-image-2470\" srcset=\"https:\/\/www.filtrationgroupiaq.com\/wp-content\/uploads\/2020\/05\/IndoorAirHygiene.com_-1024x635.jpg 1024w, https:\/\/www.filtrationgroupiaq.com\/wp-content\/uploads\/2020\/05\/IndoorAirHygiene.com_-300x186.jpg 300w, https:\/\/www.filtrationgroupiaq.com\/wp-content\/uploads\/2020\/05\/IndoorAirHygiene.com_-768x477.jpg 768w, https:\/\/www.filtrationgroupiaq.com\/wp-content\/uploads\/2020\/05\/IndoorAirHygiene.com_.jpg 1083w\" sizes=\"auto, (max-width: 1024px) 100vw, 1024px\" \/><\/figure><div class=\"wp-block-media-text__content\">\n<p><\/p>\n\n\n\n<h3 class=\"wp-block-heading\"><strong>PR\u00c9OCCUP\u00c9 PAR LA R\u00c9OUVERTURE DE VOTRE ENTREPRISE?<\/strong><\/h3>\n\n\n\n<p><strong><a href=\"http:\/\/indoorairhygiene.com\/\">INDOORAIRHYGIENE.COM<\/a><\/strong>&nbsp;est un centre de ressources gratuit mis \u00e0 votre disposition par FG QAI, les Compagnies de Filtration Group et Madison Industries.<\/p>\n\n\n\n<div class=\"wp-block-buttons is-layout-flex wp-block-buttons-is-layout-flex\">\n<div class=\"wp-block-button is-style-fill\"><a class=\"wp-block-button__link has-white-color has-blue-background-color has-text-color has-background\" href=\"http:\/\/www.indoorairhygiene.com\" target=\"_blank\" rel=\"noreferrer noopener\">VISITER LE CENTRE DE RESOURCE<\/a><\/div>\n<\/div>\n<\/div><\/div>\n","protected":false},"excerpt":{"rendered":"<p>CHAMPS DE TIR Les normes de s\u00e9curit\u00e9 pour \u00e9viter le saturnisme se sont am\u00e9lior\u00e9es au fil des ans, mais pour certaines industries, les risques seront toujours \u00e9lev\u00e9s. Les champs de tir font partie de cette liste d&rsquo;industries pr\u00e9occupantes. La plupart des champs de tir ont plusieurs zones qui n\u00e9cessitent diff\u00e9rents degr\u00e9s de filtration de l&rsquo;air. [&hellip;]<\/p>\n","protected":false},"author":3,"featured_media":1324,"parent":1526,"menu_order":8,"comment_status":"closed","ping_status":"closed","template":"","meta":{"_acf_changed":false,"footnotes":""},"class_list":["post-1541","page","type-page","status-publish","has-post-thumbnail","hentry"],"acf":[],"yoast_head":"<!-- This site is optimized with the Yoast SEO plugin v27.3 - https:\/\/yoast.com\/product\/yoast-seo-wordpress\/ -->\n<title>Champs de Tir - Filtration Group- IAQ<\/title>\n<meta name=\"robots\" content=\"index, follow, max-snippet:-1, max-image-preview:large, max-video-preview:-1\" \/>\n<link rel=\"canonical\" href=\"https:\/\/www.filtrationgroupiaq.com\/fr\/applications\/champs-de-tir\/\" \/>\n<meta property=\"og:locale\" content=\"fr_FR\" \/>\n<meta property=\"og:type\" content=\"article\" \/>\n<meta property=\"og:title\" content=\"Champs de Tir - Filtration Group- IAQ\" \/>\n<meta property=\"og:description\" content=\"CHAMPS DE TIR Les normes de s\u00e9curit\u00e9 pour \u00e9viter le saturnisme se sont am\u00e9lior\u00e9es au fil des ans, mais pour certaines industries, les risques seront toujours \u00e9lev\u00e9s. Les champs de tir font partie de cette liste d&rsquo;industries pr\u00e9occupantes. La plupart des champs de tir ont plusieurs zones qui n\u00e9cessitent diff\u00e9rents degr\u00e9s de filtration de l&rsquo;air. [&hellip;]\" \/>\n<meta property=\"og:url\" content=\"https:\/\/www.filtrationgroupiaq.com\/fr\/applications\/champs-de-tir\/\" \/>\n<meta property=\"og:site_name\" content=\"Filtration Group- IAQ\" \/>\n<meta property=\"article:modified_time\" content=\"2020-09-16T14:04:19+00:00\" \/>\n<meta property=\"og:image\" content=\"https:\/\/www.filtrationgroupiaq.com\/wp-content\/uploads\/2019\/11\/firing-range.png\" \/>\n\t<meta property=\"og:image:width\" content=\"427\" \/>\n\t<meta property=\"og:image:height\" content=\"255\" \/>\n\t<meta property=\"og:image:type\" content=\"image\/png\" \/>\n<meta name=\"twitter:card\" content=\"summary_large_image\" \/>\n<meta name=\"twitter:label1\" content=\"Dur\u00e9e de lecture estim\u00e9e\" \/>\n\t<meta name=\"twitter:data1\" content=\"2 minutes\" \/>\n<script type=\"application\/ld+json\" class=\"yoast-schema-graph\">{\"@context\":\"https:\\\/\\\/schema.org\",\"@graph\":[{\"@type\":\"WebPage\",\"@id\":\"https:\\\/\\\/www.filtrationgroupiaq.com\\\/fr\\\/applications\\\/champs-de-tir\\\/\",\"url\":\"https:\\\/\\\/www.filtrationgroupiaq.com\\\/fr\\\/applications\\\/champs-de-tir\\\/\",\"name\":\"Champs de Tir - Filtration Group- IAQ\",\"isPartOf\":{\"@id\":\"https:\\\/\\\/www.filtrationgroupiaq.com\\\/fr\\\/#website\"},\"primaryImageOfPage\":{\"@id\":\"https:\\\/\\\/www.filtrationgroupiaq.com\\\/fr\\\/applications\\\/champs-de-tir\\\/#primaryimage\"},\"image\":{\"@id\":\"https:\\\/\\\/www.filtrationgroupiaq.com\\\/fr\\\/applications\\\/champs-de-tir\\\/#primaryimage\"},\"thumbnailUrl\":\"https:\\\/\\\/www.filtrationgroupiaq.com\\\/wp-content\\\/uploads\\\/2019\\\/11\\\/firing-range.png\",\"datePublished\":\"2019-11-25T17:13:19+00:00\",\"dateModified\":\"2020-09-16T14:04:19+00:00\",\"breadcrumb\":{\"@id\":\"https:\\\/\\\/www.filtrationgroupiaq.com\\\/fr\\\/applications\\\/champs-de-tir\\\/#breadcrumb\"},\"inLanguage\":\"fr-FR\",\"potentialAction\":[{\"@type\":\"ReadAction\",\"target\":[\"https:\\\/\\\/www.filtrationgroupiaq.com\\\/fr\\\/applications\\\/champs-de-tir\\\/\"]}]},{\"@type\":\"ImageObject\",\"inLanguage\":\"fr-FR\",\"@id\":\"https:\\\/\\\/www.filtrationgroupiaq.com\\\/fr\\\/applications\\\/champs-de-tir\\\/#primaryimage\",\"url\":\"https:\\\/\\\/www.filtrationgroupiaq.com\\\/wp-content\\\/uploads\\\/2019\\\/11\\\/firing-range.png\",\"contentUrl\":\"https:\\\/\\\/www.filtrationgroupiaq.com\\\/wp-content\\\/uploads\\\/2019\\\/11\\\/firing-range.png\",\"width\":427,\"height\":255},{\"@type\":\"BreadcrumbList\",\"@id\":\"https:\\\/\\\/www.filtrationgroupiaq.com\\\/fr\\\/applications\\\/champs-de-tir\\\/#breadcrumb\",\"itemListElement\":[{\"@type\":\"ListItem\",\"position\":1,\"name\":\"\",\"item\":\"https:\\\/\\\/www.filtrationgroupiaq.com\\\/fr\\\/\"},{\"@type\":\"ListItem\",\"position\":2,\"name\":\"Applications\",\"item\":\"https:\\\/\\\/www.filtrationgroupiaq.com\\\/fr\\\/applications\\\/\"},{\"@type\":\"ListItem\",\"position\":3,\"name\":\"Champs de Tir\"}]},{\"@type\":\"WebSite\",\"@id\":\"https:\\\/\\\/www.filtrationgroupiaq.com\\\/fr\\\/#website\",\"url\":\"https:\\\/\\\/www.filtrationgroupiaq.com\\\/fr\\\/\",\"name\":\"Filtration Group- IAQ\",\"description\":\"Making the World Safer, Healthier and More Productive\",\"publisher\":{\"@id\":\"https:\\\/\\\/www.filtrationgroupiaq.com\\\/fr\\\/#organization\"},\"potentialAction\":[{\"@type\":\"SearchAction\",\"target\":{\"@type\":\"EntryPoint\",\"urlTemplate\":\"https:\\\/\\\/www.filtrationgroupiaq.com\\\/fr\\\/?s={search_term_string}\"},\"query-input\":{\"@type\":\"PropertyValueSpecification\",\"valueRequired\":true,\"valueName\":\"search_term_string\"}}],\"inLanguage\":\"fr-FR\"},{\"@type\":\"Organization\",\"@id\":\"https:\\\/\\\/www.filtrationgroupiaq.com\\\/fr\\\/#organization\",\"name\":\"Filtration Group\",\"url\":\"https:\\\/\\\/www.filtrationgroupiaq.com\\\/fr\\\/\",\"logo\":{\"@type\":\"ImageObject\",\"inLanguage\":\"fr-FR\",\"@id\":\"https:\\\/\\\/www.filtrationgroupiaq.com\\\/fr\\\/#\\\/schema\\\/logo\\\/image\\\/\",\"url\":\"https:\\\/\\\/www.filtrationgroupiaq.com\\\/wp-content\\\/uploads\\\/2019\\\/06\\\/FGC-logo-1.png\",\"contentUrl\":\"https:\\\/\\\/www.filtrationgroupiaq.com\\\/wp-content\\\/uploads\\\/2019\\\/06\\\/FGC-logo-1.png\",\"width\":1104,\"height\":224,\"caption\":\"Filtration Group\"},\"image\":{\"@id\":\"https:\\\/\\\/www.filtrationgroupiaq.com\\\/fr\\\/#\\\/schema\\\/logo\\\/image\\\/\"},\"sameAs\":[\"https:\\\/\\\/www.linkedin.com\\\/company\\\/11857850\\\/\"]}]}<\/script>\n<!-- \/ Yoast SEO plugin. -->","yoast_head_json":{"title":"Champs de Tir - Filtration Group- IAQ","robots":{"index":"index","follow":"follow","max-snippet":"max-snippet:-1","max-image-preview":"max-image-preview:large","max-video-preview":"max-video-preview:-1"},"canonical":"https:\/\/www.filtrationgroupiaq.com\/fr\/applications\/champs-de-tir\/","og_locale":"fr_FR","og_type":"article","og_title":"Champs de Tir - Filtration Group- IAQ","og_description":"CHAMPS DE TIR Les normes de s\u00e9curit\u00e9 pour \u00e9viter le saturnisme se sont am\u00e9lior\u00e9es au fil des ans, mais pour certaines industries, les risques seront toujours \u00e9lev\u00e9s. Les champs de tir font partie de cette liste d&rsquo;industries pr\u00e9occupantes. La plupart des champs de tir ont plusieurs zones qui n\u00e9cessitent diff\u00e9rents degr\u00e9s de filtration de l&rsquo;air. [&hellip;]","og_url":"https:\/\/www.filtrationgroupiaq.com\/fr\/applications\/champs-de-tir\/","og_site_name":"Filtration Group- IAQ","article_modified_time":"2020-09-16T14:04:19+00:00","og_image":[{"width":427,"height":255,"url":"https:\/\/www.filtrationgroupiaq.com\/wp-content\/uploads\/2019\/11\/firing-range.png","type":"image\/png"}],"twitter_card":"summary_large_image","twitter_misc":{"Dur\u00e9e de lecture estim\u00e9e":"2 minutes"},"schema":{"@context":"https:\/\/schema.org","@graph":[{"@type":"WebPage","@id":"https:\/\/www.filtrationgroupiaq.com\/fr\/applications\/champs-de-tir\/","url":"https:\/\/www.filtrationgroupiaq.com\/fr\/applications\/champs-de-tir\/","name":"Champs de Tir - Filtration Group- IAQ","isPartOf":{"@id":"https:\/\/www.filtrationgroupiaq.com\/fr\/#website"},"primaryImageOfPage":{"@id":"https:\/\/www.filtrationgroupiaq.com\/fr\/applications\/champs-de-tir\/#primaryimage"},"image":{"@id":"https:\/\/www.filtrationgroupiaq.com\/fr\/applications\/champs-de-tir\/#primaryimage"},"thumbnailUrl":"https:\/\/www.filtrationgroupiaq.com\/wp-content\/uploads\/2019\/11\/firing-range.png","datePublished":"2019-11-25T17:13:19+00:00","dateModified":"2020-09-16T14:04:19+00:00","breadcrumb":{"@id":"https:\/\/www.filtrationgroupiaq.com\/fr\/applications\/champs-de-tir\/#breadcrumb"},"inLanguage":"fr-FR","potentialAction":[{"@type":"ReadAction","target":["https:\/\/www.filtrationgroupiaq.com\/fr\/applications\/champs-de-tir\/"]}]},{"@type":"ImageObject","inLanguage":"fr-FR","@id":"https:\/\/www.filtrationgroupiaq.com\/fr\/applications\/champs-de-tir\/#primaryimage","url":"https:\/\/www.filtrationgroupiaq.com\/wp-content\/uploads\/2019\/11\/firing-range.png","contentUrl":"https:\/\/www.filtrationgroupiaq.com\/wp-content\/uploads\/2019\/11\/firing-range.png","width":427,"height":255},{"@type":"BreadcrumbList","@id":"https:\/\/www.filtrationgroupiaq.com\/fr\/applications\/champs-de-tir\/#breadcrumb","itemListElement":[{"@type":"ListItem","position":1,"name":"","item":"https:\/\/www.filtrationgroupiaq.com\/fr\/"},{"@type":"ListItem","position":2,"name":"Applications","item":"https:\/\/www.filtrationgroupiaq.com\/fr\/applications\/"},{"@type":"ListItem","position":3,"name":"Champs de Tir"}]},{"@type":"WebSite","@id":"https:\/\/www.filtrationgroupiaq.com\/fr\/#website","url":"https:\/\/www.filtrationgroupiaq.com\/fr\/","name":"Filtration Group- IAQ","description":"Making the World Safer, Healthier and More Productive","publisher":{"@id":"https:\/\/www.filtrationgroupiaq.com\/fr\/#organization"},"potentialAction":[{"@type":"SearchAction","target":{"@type":"EntryPoint","urlTemplate":"https:\/\/www.filtrationgroupiaq.com\/fr\/?s={search_term_string}"},"query-input":{"@type":"PropertyValueSpecification","valueRequired":true,"valueName":"search_term_string"}}],"inLanguage":"fr-FR"},{"@type":"Organization","@id":"https:\/\/www.filtrationgroupiaq.com\/fr\/#organization","name":"Filtration Group","url":"https:\/\/www.filtrationgroupiaq.com\/fr\/","logo":{"@type":"ImageObject","inLanguage":"fr-FR","@id":"https:\/\/www.filtrationgroupiaq.com\/fr\/#\/schema\/logo\/image\/","url":"https:\/\/www.filtrationgroupiaq.com\/wp-content\/uploads\/2019\/06\/FGC-logo-1.png","contentUrl":"https:\/\/www.filtrationgroupiaq.com\/wp-content\/uploads\/2019\/06\/FGC-logo-1.png","width":1104,"height":224,"caption":"Filtration Group"},"image":{"@id":"https:\/\/www.filtrationgroupiaq.com\/fr\/#\/schema\/logo\/image\/"},"sameAs":["https:\/\/www.linkedin.com\/company\/11857850\/"]}]}},"_links":{"self":[{"href":"https:\/\/www.filtrationgroupiaq.com\/fr\/wp-json\/wp\/v2\/pages\/1541","targetHints":{"allow":["GET"]}}],"collection":[{"href":"https:\/\/www.filtrationgroupiaq.com\/fr\/wp-json\/wp\/v2\/pages"}],"about":[{"href":"https:\/\/www.filtrationgroupiaq.com\/fr\/wp-json\/wp\/v2\/types\/page"}],"author":[{"embeddable":true,"href":"https:\/\/www.filtrationgroupiaq.com\/fr\/wp-json\/wp\/v2\/users\/3"}],"replies":[{"embeddable":true,"href":"https:\/\/www.filtrationgroupiaq.com\/fr\/wp-json\/wp\/v2\/comments?post=1541"}],"version-history":[{"count":0,"href":"https:\/\/www.filtrationgroupiaq.com\/fr\/wp-json\/wp\/v2\/pages\/1541\/revisions"}],"up":[{"embeddable":true,"href":"https:\/\/www.filtrationgroupiaq.com\/fr\/wp-json\/wp\/v2\/pages\/1526"}],"wp:featuredmedia":[{"embeddable":true,"href":"https:\/\/www.filtrationgroupiaq.com\/fr\/wp-json\/wp\/v2\/media\/1324"}],"wp:attachment":[{"href":"https:\/\/www.filtrationgroupiaq.com\/fr\/wp-json\/wp\/v2\/media?parent=1541"}],"curies":[{"name":"wp","href":"https:\/\/api.w.org\/{rel}","templated":true}]}}