{"id":1602,"date":"2019-09-04T13:05:39","date_gmt":"2019-09-04T13:05:39","guid":{"rendered":"http:\/\/dafcoprod.wpengine.com\/industries\/"},"modified":"2020-09-21T11:25:57","modified_gmt":"2020-09-21T16:25:57","slug":"industries","status":"publish","type":"page","link":"https:\/\/www.filtrationgroupiaq.com\/fr\/industries\/","title":{"rendered":"Industries"},"content":{"rendered":"\n<div class=\"wp-block-cover alignfull has-background-dim\" style=\"background-image:url(https:\/\/www.filtrationgroupiaq.com\/wp-content\/uploads\/2019\/11\/hd_industries.jpg)\"><div class=\"wp-block-cover__inner-container is-layout-flow wp-block-cover-is-layout-flow\">\n<h1 class=\"has-text-align-center wp-block-heading\">Industries<\/h1>\n\n\n\n<p class=\"has-text-align-center\">Nos solutions de filtration avanc\u00e9es ont \u00e9t\u00e9 sp\u00e9cialement con\u00e7ues pour r\u00e9pondre aux besoins d&rsquo;une grande vari\u00e9t\u00e9 d&rsquo;industries telles que l&rsquo;automobile, les sciences cliniques, les biens de consommation, les appareils m\u00e9nagers, l&rsquo;\u00e9lectronique &#8230;<\/p>\n<\/div><\/div>\n\n\n\n<div class=\"wp-block-media-text alignwide is-stacked-on-mobile\"><figure class=\"wp-block-media-text__media\"><img loading=\"lazy\" decoding=\"async\" width=\"1024\" height=\"683\" src=\"https:\/\/www.filtrationgroupiaq.com\/wp-content\/uploads\/2019\/11\/paint-finishing-1024x683.jpg\" alt=\"Paint &amp; Finishing\" class=\"wp-image-517\" srcset=\"https:\/\/www.filtrationgroupiaq.com\/wp-content\/uploads\/2019\/11\/paint-finishing-1024x683.jpg 1024w, https:\/\/www.filtrationgroupiaq.com\/wp-content\/uploads\/2019\/11\/paint-finishing-300x200.jpg 300w, https:\/\/www.filtrationgroupiaq.com\/wp-content\/uploads\/2019\/11\/paint-finishing-768x512.jpg 768w, https:\/\/www.filtrationgroupiaq.com\/wp-content\/uploads\/2019\/11\/paint-finishing-272x182.jpg 272w, https:\/\/www.filtrationgroupiaq.com\/wp-content\/uploads\/2019\/11\/paint-finishing.jpg 1170w\" sizes=\"auto, (max-width: 1024px) 100vw, 1024px\" \/><\/figure><div class=\"wp-block-media-text__content\">\n<h2 class=\"wp-block-heading\">Peinture &amp; Finitions<\/h2>\n\n\n\n<p>Nous avons les produits et solutions n\u00e9cessaires pour vous aider \u00e0 r\u00e9soudre vos besoins les plus complexes dans la filtration des cabines \u00e0 peinture. Notre engagement dans le d\u00e9veloppement de produit, de la qualit\u00e9 et de l&rsquo;innovation nous ont conduit \u00e0 recevoir&nbsp;de nombreux prix dans l&rsquo;industrie.<\/p>\n<\/div><\/div>\n\n\n\n<div class=\"wp-block-media-text alignwide is-stacked-on-mobile\"><figure class=\"wp-block-media-text__media\"><img loading=\"lazy\" decoding=\"async\" width=\"1024\" height=\"683\" src=\"https:\/\/www.filtrationgroupiaq.com\/wp-content\/uploads\/2019\/11\/consumer-goods-1024x683.jpg\" alt=\"Consumer Goods\" class=\"wp-image-519\" srcset=\"https:\/\/www.filtrationgroupiaq.com\/wp-content\/uploads\/2019\/11\/consumer-goods-1024x683.jpg 1024w, https:\/\/www.filtrationgroupiaq.com\/wp-content\/uploads\/2019\/11\/consumer-goods-300x200.jpg 300w, https:\/\/www.filtrationgroupiaq.com\/wp-content\/uploads\/2019\/11\/consumer-goods-768x512.jpg 768w, https:\/\/www.filtrationgroupiaq.com\/wp-content\/uploads\/2019\/11\/consumer-goods-272x182.jpg 272w, https:\/\/www.filtrationgroupiaq.com\/wp-content\/uploads\/2019\/11\/consumer-goods.jpg 1170w\" sizes=\"auto, (max-width: 1024px) 100vw, 1024px\" \/><\/figure><div class=\"wp-block-media-text__content\">\n<h2 class=\"wp-block-heading\">Biens de consommation<\/h2>\n\n\n\n<p>Nous fournissons une filtration pour de nombreuses gammes de biens de consommation incluant les composants pour cosm\u00e9tique et articles m\u00e9nagers tel que les infuseurs de parfum ou encore les surligneurs. Nous aidons \u00e0 rendre les biens de consommation plus efficaces gr\u00e2ce \u00e0 une conception de pointe et des solutions de filtration.&nbsp;<\/p>\n<\/div><\/div>\n\n\n\n<div class=\"wp-block-media-text alignwide is-stacked-on-mobile\"><figure class=\"wp-block-media-text__media\"><img loading=\"lazy\" decoding=\"async\" width=\"1024\" height=\"683\" src=\"https:\/\/www.filtrationgroupiaq.com\/wp-content\/uploads\/2019\/11\/electronics-1024x683.jpg\" alt=\"Electronics\" class=\"wp-image-521\" srcset=\"https:\/\/www.filtrationgroupiaq.com\/wp-content\/uploads\/2019\/11\/electronics-1024x683.jpg 1024w, https:\/\/www.filtrationgroupiaq.com\/wp-content\/uploads\/2019\/11\/electronics-300x200.jpg 300w, https:\/\/www.filtrationgroupiaq.com\/wp-content\/uploads\/2019\/11\/electronics-768x512.jpg 768w, https:\/\/www.filtrationgroupiaq.com\/wp-content\/uploads\/2019\/11\/electronics-272x182.jpg 272w, https:\/\/www.filtrationgroupiaq.com\/wp-content\/uploads\/2019\/11\/electronics.jpg 1170w\" sizes=\"auto, (max-width: 1024px) 100vw, 1024px\" \/><\/figure><div class=\"wp-block-media-text__content\">\n<h2 class=\"wp-block-heading\">\u00c9lectronique<\/h2>\n\n\n\n<p>La technologie touche la plupart des r\u00e9gions du monde y compris les industries de l&rsquo;automobile et des semi-conducteurs, des t\u00e9l\u00e9communications, de l&rsquo;acoustique et de l&rsquo;\u00e9clairage. Nous travaillons en \u00e9troite collaboration avec nos clients pour concevoir, tester et fabriquer des solutions qui d\u00e9passent les attentes et rendent notre monde plus productif.&nbsp;<\/p>\n<\/div><\/div>\n\n\n\n<div class=\"wp-block-media-text alignwide is-stacked-on-mobile\"><figure class=\"wp-block-media-text__media\"><img loading=\"lazy\" decoding=\"async\" width=\"1024\" height=\"683\" src=\"https:\/\/www.filtrationgroupiaq.com\/wp-content\/uploads\/2019\/11\/energy-power-1024x683.jpg\" alt=\"Energy &amp; Power\" class=\"wp-image-523\" srcset=\"https:\/\/www.filtrationgroupiaq.com\/wp-content\/uploads\/2019\/11\/energy-power-1024x683.jpg 1024w, https:\/\/www.filtrationgroupiaq.com\/wp-content\/uploads\/2019\/11\/energy-power-300x200.jpg 300w, https:\/\/www.filtrationgroupiaq.com\/wp-content\/uploads\/2019\/11\/energy-power-768x512.jpg 768w, https:\/\/www.filtrationgroupiaq.com\/wp-content\/uploads\/2019\/11\/energy-power-272x182.jpg 272w, https:\/\/www.filtrationgroupiaq.com\/wp-content\/uploads\/2019\/11\/energy-power.jpg 1170w\" sizes=\"auto, (max-width: 1024px) 100vw, 1024px\" \/><\/figure><div class=\"wp-block-media-text__content\">\n<h2 class=\"wp-block-heading\">\u00c9nergie &amp; Puissance<\/h2>\n\n\n\n<p>Les raffineries, les usines de traitement du gaz et les usines p\u00e9trochimiques s\u2019appuient sur la performance de nos filtres pliss\u00e9s de profondeur et de coalescence. Nous fournissons des produits de filtration et de s\u00e9paration qui augmentent les rendements de production, prot\u00e8gent les pipelines de transport de gaz et de liquides, r\u00e9duisent les \u00e9missions et am\u00e9liorent la qualit\u00e9 du produit final.<\/p>\n<\/div><\/div>\n\n\n\n<div class=\"wp-block-media-text alignwide is-stacked-on-mobile\"><figure class=\"wp-block-media-text__media\"><img loading=\"lazy\" decoding=\"async\" width=\"1024\" height=\"683\" src=\"https:\/\/www.filtrationgroupiaq.com\/wp-content\/uploads\/2019\/11\/indoor-air-quality-1024x683.jpg\" alt=\"Indoor Air Quality\" class=\"wp-image-525\" srcset=\"https:\/\/www.filtrationgroupiaq.com\/wp-content\/uploads\/2019\/11\/indoor-air-quality-1024x683.jpg 1024w, https:\/\/www.filtrationgroupiaq.com\/wp-content\/uploads\/2019\/11\/indoor-air-quality-300x200.jpg 300w, https:\/\/www.filtrationgroupiaq.com\/wp-content\/uploads\/2019\/11\/indoor-air-quality-768x512.jpg 768w, https:\/\/www.filtrationgroupiaq.com\/wp-content\/uploads\/2019\/11\/indoor-air-quality-272x182.jpg 272w, https:\/\/www.filtrationgroupiaq.com\/wp-content\/uploads\/2019\/11\/indoor-air-quality.jpg 1170w\" sizes=\"auto, (max-width: 1024px) 100vw, 1024px\" \/><\/figure><div class=\"wp-block-media-text__content\">\n<h2 class=\"wp-block-heading\"><strong>Qualit\u00e9 de l&rsquo;air en int\u00e9rieur<\/strong><\/h2>\n\n\n\n<p>En mati\u00e8re d\u2019air pur et d\u2019environnements sains, nous sommes en t\u00eate en mati\u00e8re de solutions. Nos clients font partis des principaux a\u00e9roports, entreprises industrielles, usines et mus\u00e9es. Nous fabriquons des filtres pour CVC, \u00e0 phase gazeuse, \u00e0 turbine et \u00e0 haute performance qui cr\u00e9ent des environnements avec une qualit\u00e9 d&rsquo;air sup\u00e9rieure.<\/p>\n<\/div><\/div>\n\n\n\n<div class=\"wp-block-media-text alignwide is-stacked-on-mobile\"><figure class=\"wp-block-media-text__media\"><img loading=\"lazy\" decoding=\"async\" width=\"1024\" height=\"651\" src=\"https:\/\/www.filtrationgroupiaq.com\/wp-content\/uploads\/2019\/11\/industrial-filtration-1024x651.jpg\" alt=\"Industrial Filtration\" class=\"wp-image-527\" srcset=\"https:\/\/www.filtrationgroupiaq.com\/wp-content\/uploads\/2019\/11\/industrial-filtration-1024x651.jpg 1024w, https:\/\/www.filtrationgroupiaq.com\/wp-content\/uploads\/2019\/11\/industrial-filtration-300x191.jpg 300w, https:\/\/www.filtrationgroupiaq.com\/wp-content\/uploads\/2019\/11\/industrial-filtration-768x488.jpg 768w, https:\/\/www.filtrationgroupiaq.com\/wp-content\/uploads\/2019\/11\/industrial-filtration.jpg 1170w\" sizes=\"auto, (max-width: 1024px) 100vw, 1024px\" \/><\/figure><div class=\"wp-block-media-text__content\">\n<h2 class=\"wp-block-heading\"><strong>Filtration Industrielle<\/strong><\/h2>\n\n\n\n<p>Nos solutions de filtration ont r\u00e9ussi \u00e0 faire de nous un fournisseur mondial de compresseurs, de filtration du p\u00e9trole et du gaz, de l&rsquo;eau et des eaux us\u00e9es, du contr\u00f4le de la pollution, des \u00e9quipements mobiles, des machines industrielles, de l&rsquo;air industriel et de l&rsquo;hydraulique. FG QAI offre les performances, la qualit\u00e9 et la coh\u00e9rence dont vous avez besoin pour diff\u00e9rencier votre organisation de vos concurrents.<\/p>\n<\/div><\/div>\n","protected":false},"excerpt":{"rendered":"<p>Peinture &amp; Finitions Nous avons les produits et solutions n\u00e9cessaires pour vous aider \u00e0 r\u00e9soudre vos besoins les plus complexes dans la filtration des cabines \u00e0 peinture. Notre engagement dans le d\u00e9veloppement de produit, de la qualit\u00e9 et de l&rsquo;innovation nous ont conduit \u00e0 recevoir&nbsp;de nombreux prix dans l&rsquo;industrie. Biens de consommation Nous fournissons une [&hellip;]<\/p>\n","protected":false},"author":6,"featured_media":0,"parent":0,"menu_order":0,"comment_status":"closed","ping_status":"closed","template":"page-category-template-grid3.php","meta":{"_acf_changed":false,"footnotes":""},"class_list":["post-1602","page","type-page","status-publish","hentry"],"acf":[],"yoast_head":"<!-- This site is optimized with the Yoast SEO plugin v27.3 - https:\/\/yoast.com\/product\/yoast-seo-wordpress\/ -->\n<title>Industries - Filtration Group- IAQ<\/title>\n<meta name=\"robots\" content=\"index, follow, max-snippet:-1, max-image-preview:large, max-video-preview:-1\" \/>\n<link rel=\"canonical\" href=\"https:\/\/www.filtrationgroupiaq.com\/fr\/industries\/\" \/>\n<meta property=\"og:locale\" content=\"fr_FR\" \/>\n<meta property=\"og:type\" content=\"article\" \/>\n<meta property=\"og:title\" content=\"Industries - Filtration Group- IAQ\" \/>\n<meta property=\"og:description\" content=\"Peinture &amp; Finitions Nous avons les produits et solutions n\u00e9cessaires pour vous aider \u00e0 r\u00e9soudre vos besoins les plus complexes dans la filtration des cabines \u00e0 peinture. Notre engagement dans le d\u00e9veloppement de produit, de la qualit\u00e9 et de l&rsquo;innovation nous ont conduit \u00e0 recevoir&nbsp;de nombreux prix dans l&rsquo;industrie. Biens de consommation Nous fournissons une [&hellip;]\" \/>\n<meta property=\"og:url\" content=\"https:\/\/www.filtrationgroupiaq.com\/fr\/industries\/\" \/>\n<meta property=\"og:site_name\" content=\"Filtration Group- IAQ\" \/>\n<meta property=\"article:modified_time\" content=\"2020-09-21T16:25:57+00:00\" \/>\n<meta property=\"og:image\" content=\"https:\/\/www.filtrationgroupiaq.com\/wp-content\/uploads\/2019\/11\/paint-finishing-1024x683.jpg\" \/>\n<meta name=\"twitter:card\" content=\"summary_large_image\" \/>\n<meta name=\"twitter:label1\" content=\"Dur\u00e9e de lecture estim\u00e9e\" \/>\n\t<meta name=\"twitter:data1\" content=\"2 minutes\" \/>\n<script type=\"application\/ld+json\" class=\"yoast-schema-graph\">{\"@context\":\"https:\\\/\\\/schema.org\",\"@graph\":[{\"@type\":\"WebPage\",\"@id\":\"https:\\\/\\\/www.filtrationgroupiaq.com\\\/fr\\\/industries\\\/\",\"url\":\"https:\\\/\\\/www.filtrationgroupiaq.com\\\/fr\\\/industries\\\/\",\"name\":\"Industries - Filtration Group- IAQ\",\"isPartOf\":{\"@id\":\"https:\\\/\\\/www.filtrationgroupiaq.com\\\/fr\\\/#website\"},\"primaryImageOfPage\":{\"@id\":\"https:\\\/\\\/www.filtrationgroupiaq.com\\\/fr\\\/industries\\\/#primaryimage\"},\"image\":{\"@id\":\"https:\\\/\\\/www.filtrationgroupiaq.com\\\/fr\\\/industries\\\/#primaryimage\"},\"thumbnailUrl\":\"https:\\\/\\\/www.filtrationgroupiaq.com\\\/wp-content\\\/uploads\\\/2019\\\/11\\\/paint-finishing-1024x683.jpg\",\"datePublished\":\"2019-09-04T13:05:39+00:00\",\"dateModified\":\"2020-09-21T16:25:57+00:00\",\"breadcrumb\":{\"@id\":\"https:\\\/\\\/www.filtrationgroupiaq.com\\\/fr\\\/industries\\\/#breadcrumb\"},\"inLanguage\":\"fr-FR\",\"potentialAction\":[{\"@type\":\"ReadAction\",\"target\":[\"https:\\\/\\\/www.filtrationgroupiaq.com\\\/fr\\\/industries\\\/\"]}]},{\"@type\":\"ImageObject\",\"inLanguage\":\"fr-FR\",\"@id\":\"https:\\\/\\\/www.filtrationgroupiaq.com\\\/fr\\\/industries\\\/#primaryimage\",\"url\":\"https:\\\/\\\/www.filtrationgroupiaq.com\\\/wp-content\\\/uploads\\\/2019\\\/11\\\/paint-finishing-1024x683.jpg\",\"contentUrl\":\"https:\\\/\\\/www.filtrationgroupiaq.com\\\/wp-content\\\/uploads\\\/2019\\\/11\\\/paint-finishing-1024x683.jpg\"},{\"@type\":\"BreadcrumbList\",\"@id\":\"https:\\\/\\\/www.filtrationgroupiaq.com\\\/fr\\\/industries\\\/#breadcrumb\",\"itemListElement\":[{\"@type\":\"ListItem\",\"position\":1,\"name\":\"\",\"item\":\"https:\\\/\\\/www.filtrationgroupiaq.com\\\/fr\\\/\"},{\"@type\":\"ListItem\",\"position\":2,\"name\":\"Industries\"}]},{\"@type\":\"WebSite\",\"@id\":\"https:\\\/\\\/www.filtrationgroupiaq.com\\\/fr\\\/#website\",\"url\":\"https:\\\/\\\/www.filtrationgroupiaq.com\\\/fr\\\/\",\"name\":\"Filtration Group- IAQ\",\"description\":\"Making the World Safer, Healthier and More Productive\",\"publisher\":{\"@id\":\"https:\\\/\\\/www.filtrationgroupiaq.com\\\/fr\\\/#organization\"},\"potentialAction\":[{\"@type\":\"SearchAction\",\"target\":{\"@type\":\"EntryPoint\",\"urlTemplate\":\"https:\\\/\\\/www.filtrationgroupiaq.com\\\/fr\\\/?s={search_term_string}\"},\"query-input\":{\"@type\":\"PropertyValueSpecification\",\"valueRequired\":true,\"valueName\":\"search_term_string\"}}],\"inLanguage\":\"fr-FR\"},{\"@type\":\"Organization\",\"@id\":\"https:\\\/\\\/www.filtrationgroupiaq.com\\\/fr\\\/#organization\",\"name\":\"Filtration Group\",\"url\":\"https:\\\/\\\/www.filtrationgroupiaq.com\\\/fr\\\/\",\"logo\":{\"@type\":\"ImageObject\",\"inLanguage\":\"fr-FR\",\"@id\":\"https:\\\/\\\/www.filtrationgroupiaq.com\\\/fr\\\/#\\\/schema\\\/logo\\\/image\\\/\",\"url\":\"https:\\\/\\\/www.filtrationgroupiaq.com\\\/wp-content\\\/uploads\\\/2019\\\/06\\\/FGC-logo-1.png\",\"contentUrl\":\"https:\\\/\\\/www.filtrationgroupiaq.com\\\/wp-content\\\/uploads\\\/2019\\\/06\\\/FGC-logo-1.png\",\"width\":1104,\"height\":224,\"caption\":\"Filtration Group\"},\"image\":{\"@id\":\"https:\\\/\\\/www.filtrationgroupiaq.com\\\/fr\\\/#\\\/schema\\\/logo\\\/image\\\/\"},\"sameAs\":[\"https:\\\/\\\/www.linkedin.com\\\/company\\\/11857850\\\/\"]}]}<\/script>\n<!-- \/ Yoast SEO plugin. -->","yoast_head_json":{"title":"Industries - Filtration Group- IAQ","robots":{"index":"index","follow":"follow","max-snippet":"max-snippet:-1","max-image-preview":"max-image-preview:large","max-video-preview":"max-video-preview:-1"},"canonical":"https:\/\/www.filtrationgroupiaq.com\/fr\/industries\/","og_locale":"fr_FR","og_type":"article","og_title":"Industries - Filtration Group- IAQ","og_description":"Peinture &amp; Finitions Nous avons les produits et solutions n\u00e9cessaires pour vous aider \u00e0 r\u00e9soudre vos besoins les plus complexes dans la filtration des cabines \u00e0 peinture. Notre engagement dans le d\u00e9veloppement de produit, de la qualit\u00e9 et de l&rsquo;innovation nous ont conduit \u00e0 recevoir&nbsp;de nombreux prix dans l&rsquo;industrie. Biens de consommation Nous fournissons une [&hellip;]","og_url":"https:\/\/www.filtrationgroupiaq.com\/fr\/industries\/","og_site_name":"Filtration Group- IAQ","article_modified_time":"2020-09-21T16:25:57+00:00","og_image":[{"url":"https:\/\/www.filtrationgroupiaq.com\/wp-content\/uploads\/2019\/11\/paint-finishing-1024x683.jpg","type":"","width":"","height":""}],"twitter_card":"summary_large_image","twitter_misc":{"Dur\u00e9e de lecture estim\u00e9e":"2 minutes"},"schema":{"@context":"https:\/\/schema.org","@graph":[{"@type":"WebPage","@id":"https:\/\/www.filtrationgroupiaq.com\/fr\/industries\/","url":"https:\/\/www.filtrationgroupiaq.com\/fr\/industries\/","name":"Industries - Filtration Group- IAQ","isPartOf":{"@id":"https:\/\/www.filtrationgroupiaq.com\/fr\/#website"},"primaryImageOfPage":{"@id":"https:\/\/www.filtrationgroupiaq.com\/fr\/industries\/#primaryimage"},"image":{"@id":"https:\/\/www.filtrationgroupiaq.com\/fr\/industries\/#primaryimage"},"thumbnailUrl":"https:\/\/www.filtrationgroupiaq.com\/wp-content\/uploads\/2019\/11\/paint-finishing-1024x683.jpg","datePublished":"2019-09-04T13:05:39+00:00","dateModified":"2020-09-21T16:25:57+00:00","breadcrumb":{"@id":"https:\/\/www.filtrationgroupiaq.com\/fr\/industries\/#breadcrumb"},"inLanguage":"fr-FR","potentialAction":[{"@type":"ReadAction","target":["https:\/\/www.filtrationgroupiaq.com\/fr\/industries\/"]}]},{"@type":"ImageObject","inLanguage":"fr-FR","@id":"https:\/\/www.filtrationgroupiaq.com\/fr\/industries\/#primaryimage","url":"https:\/\/www.filtrationgroupiaq.com\/wp-content\/uploads\/2019\/11\/paint-finishing-1024x683.jpg","contentUrl":"https:\/\/www.filtrationgroupiaq.com\/wp-content\/uploads\/2019\/11\/paint-finishing-1024x683.jpg"},{"@type":"BreadcrumbList","@id":"https:\/\/www.filtrationgroupiaq.com\/fr\/industries\/#breadcrumb","itemListElement":[{"@type":"ListItem","position":1,"name":"","item":"https:\/\/www.filtrationgroupiaq.com\/fr\/"},{"@type":"ListItem","position":2,"name":"Industries"}]},{"@type":"WebSite","@id":"https:\/\/www.filtrationgroupiaq.com\/fr\/#website","url":"https:\/\/www.filtrationgroupiaq.com\/fr\/","name":"Filtration Group- IAQ","description":"Making the World Safer, Healthier and More Productive","publisher":{"@id":"https:\/\/www.filtrationgroupiaq.com\/fr\/#organization"},"potentialAction":[{"@type":"SearchAction","target":{"@type":"EntryPoint","urlTemplate":"https:\/\/www.filtrationgroupiaq.com\/fr\/?s={search_term_string}"},"query-input":{"@type":"PropertyValueSpecification","valueRequired":true,"valueName":"search_term_string"}}],"inLanguage":"fr-FR"},{"@type":"Organization","@id":"https:\/\/www.filtrationgroupiaq.com\/fr\/#organization","name":"Filtration Group","url":"https:\/\/www.filtrationgroupiaq.com\/fr\/","logo":{"@type":"ImageObject","inLanguage":"fr-FR","@id":"https:\/\/www.filtrationgroupiaq.com\/fr\/#\/schema\/logo\/image\/","url":"https:\/\/www.filtrationgroupiaq.com\/wp-content\/uploads\/2019\/06\/FGC-logo-1.png","contentUrl":"https:\/\/www.filtrationgroupiaq.com\/wp-content\/uploads\/2019\/06\/FGC-logo-1.png","width":1104,"height":224,"caption":"Filtration Group"},"image":{"@id":"https:\/\/www.filtrationgroupiaq.com\/fr\/#\/schema\/logo\/image\/"},"sameAs":["https:\/\/www.linkedin.com\/company\/11857850\/"]}]}},"_links":{"self":[{"href":"https:\/\/www.filtrationgroupiaq.com\/fr\/wp-json\/wp\/v2\/pages\/1602","targetHints":{"allow":["GET"]}}],"collection":[{"href":"https:\/\/www.filtrationgroupiaq.com\/fr\/wp-json\/wp\/v2\/pages"}],"about":[{"href":"https:\/\/www.filtrationgroupiaq.com\/fr\/wp-json\/wp\/v2\/types\/page"}],"author":[{"embeddable":true,"href":"https:\/\/www.filtrationgroupiaq.com\/fr\/wp-json\/wp\/v2\/users\/6"}],"replies":[{"embeddable":true,"href":"https:\/\/www.filtrationgroupiaq.com\/fr\/wp-json\/wp\/v2\/comments?post=1602"}],"version-history":[{"count":0,"href":"https:\/\/www.filtrationgroupiaq.com\/fr\/wp-json\/wp\/v2\/pages\/1602\/revisions"}],"wp:attachment":[{"href":"https:\/\/www.filtrationgroupiaq.com\/fr\/wp-json\/wp\/v2\/media?parent=1602"}],"curies":[{"name":"wp","href":"https:\/\/api.w.org\/{rel}","templated":true}]}}