{"id":1604,"date":"2019-11-06T12:45:06","date_gmt":"2019-11-06T17:45:06","guid":{"rendered":"http:\/\/dafcoprod.wpengine.com\/applications\/hospitality\/"},"modified":"2020-09-16T09:12:10","modified_gmt":"2020-09-16T14:12:10","slug":"hospitality","status":"publish","type":"page","link":"https:\/\/www.filtrationgroupiaq.com\/fr\/applications\/hospitality\/","title":{"rendered":"Hotellerie"},"content":{"rendered":"\n<div class=\"wp-block-cover alignfull has-background-dim\" style=\"background-image:url(https:\/\/www.filtrationgroupiaq.com\/wp-content\/uploads\/2020\/06\/AdobeStock_216090719-scaled.jpeg)\"><div class=\"wp-block-cover__inner-container is-layout-flow wp-block-cover-is-layout-flow\">\n<div class=\"wp-block-columns is-layout-flex wp-container-core-columns-is-layout-9d6595d7 wp-block-columns-is-layout-flex\">\n<div class=\"wp-block-column is-layout-flow wp-block-column-is-layout-flow\" style=\"flex-basis:59.4%\">\n<h1 class=\"wp-block-heading\">Renforcer la Qualit\u00e9 de l&rsquo;Air pour Assurer la S\u00e9curit\u00e9 des Voyageurs et du Personnel<\/h1>\n\n\n\n<p>La situation de pand\u00e9mie de coronavirus \u00e9volue quotidiennement et a un impact significatif sur l&rsquo;industrie h\u00f4teli\u00e8re. Les h\u00f4tels pr\u00e9parent leur future r\u00e9ouverture, travaillant sur de nouvelles normes de propret\u00e9, d\u2019hygi\u00e8ne et de distanciation sociale en suivant les directives de l\u2019Organisation mondiale de la sant\u00e9 pour les h\u00e9bergeurs. Fournir un air hygi\u00e9nique aux clients et au personnel devrait \u00eatre une priorit\u00e9 absolue pour \u00e9liminer la plupart des germes de l&rsquo;air.<\/p>\n<\/div>\n\n\n\n<div class=\"wp-block-column is-layout-flow wp-block-column-is-layout-flow\"><\/div>\n<\/div>\n<\/div><\/div>\n\n\n\n<div class=\"wp-block-columns is-layout-flex wp-container-core-columns-is-layout-9d6595d7 wp-block-columns-is-layout-flex\">\n<div class=\"wp-block-column is-layout-flow wp-block-column-is-layout-flow\" style=\"flex-basis:52.9%\">\n<h2 class=\"has-blue-color has-text-color wp-block-heading\">H\u00d4TELLERIE<\/h2>\n\n\n\n<p>Dans le monde de l&rsquo;h\u00f4tellerie et de l&rsquo;h\u00f4tellerie, l&rsquo;exp\u00e9rience client est primordiale. Les odeurs et l&rsquo;air vici\u00e9 peuvent \u00e9loigner les clients &#8211; et les revenus. Avoir la bonne configuration pour fournir de l&rsquo;air bien ventil\u00e9, frais, sans odeur et sans particules devrait \u00eatre une priorit\u00e9 dans toute application.<\/p>\n\n\n\n<p>De 10 000 pieds carr\u00e9s \u00e0 plus de 1 000 000 + pieds carr\u00e9s d&rsquo;applications, Filtration Group QAI peut trouver la bonne solution pour prioriser la qualit\u00e9 de l&rsquo;air int\u00e9rieur pour vous et vos clients, tout en gardant votre budget \u00e0 l&rsquo;esprit. Avec de nombreuses options de filtres \u00e0 charbon et \u00e0 particules s\u00e9par\u00e9s et combin\u00e9s, vous \u00eates couvert.<\/p>\n\n\n\n<p>Gr\u00e2ce \u00e0 l&rsquo;utilisation de filtres \u00e0 panneaux Nexfil et GeoPleat \u00e0 haut rendement et \u00e0 faible perte de charge, nous avons \u00e9conomis\u00e9 des centres de congr\u00e8s et des h\u00f4tels en termes d&rsquo;\u00e9nergie, de main-d&rsquo;\u0153uvre d&rsquo;installation et de stockage tout en am\u00e9liorant la qualit\u00e9 de l&rsquo;air int\u00e9rieur. Si les odeurs de pollution ou de cuisson sont un probl\u00e8me &#8211; notre gamme de produits au carbone peut \u00eatre utilis\u00e9e pour att\u00e9nuer ces odeurs et am\u00e9liorer l&rsquo;exp\u00e9rience de votre habitant.<\/p>\n\n\n\n<p><strong>Am\u00e9liorez vos r\u00e9sultats  &#8211; <a href=\"https:\/\/www.filtrationgroupiaq.com\/fr\/contact-us\/\">demandez votre consultation gratuite!<\/a><\/strong><\/p>\n<\/div>\n\n\n\n<div class=\"wp-block-column is-layout-flow wp-block-column-is-layout-flow\" style=\"flex-basis:33.33%\">\n<div class=\"wp-block-media-text alignwide is-vertically-aligned-top is-image-fill has-white-background-color has-background\" style=\"grid-template-columns:38% auto\"><figure class=\"wp-block-media-text__media\" style=\"background-image:url(https:\/\/www.filtrationgroupiaq.com\/wp-content\/uploads\/2020\/08\/map7-829x1024.jpg);background-position:50% 50%\"><img loading=\"lazy\" decoding=\"async\" width=\"829\" height=\"1024\" src=\"https:\/\/www.filtrationgroupiaq.com\/wp-content\/uploads\/2020\/08\/map7-829x1024.jpg\" alt=\"\" class=\"wp-image-4259\" srcset=\"https:\/\/www.filtrationgroupiaq.com\/wp-content\/uploads\/2020\/08\/map7-829x1024.jpg 829w, https:\/\/www.filtrationgroupiaq.com\/wp-content\/uploads\/2020\/08\/map7-243x300.jpg 243w, https:\/\/www.filtrationgroupiaq.com\/wp-content\/uploads\/2020\/08\/map7-768x949.jpg 768w, https:\/\/www.filtrationgroupiaq.com\/wp-content\/uploads\/2020\/08\/map7.jpg 862w\" sizes=\"auto, (max-width: 829px) 100vw, 829px\" \/><\/figure><div class=\"wp-block-media-text__content\">\n<p class=\"has-normal-font-size\"><strong>Pour plus d&rsquo;informations sur les produits recommand\u00e9s, les programmes de service et les consultations g\u00e9n\u00e9rales gratuites<\/strong><\/p>\n\n\n\n<div class=\"wp-block-button\"><a class=\"wp-block-button__link has-white-color has-blue-background-color has-text-color has-background\" href=\"\/fr\/contactus\">Contacter le service commercial<\/a><\/div>\n<\/div><\/div>\n<\/div>\n<\/div>\n\n\n\n<div class=\"wp-block-media-text alignwide is-stacked-on-mobile grayblock\" style=\"grid-template-columns:41% auto\"><figure class=\"wp-block-media-text__media\"><img loading=\"lazy\" decoding=\"async\" width=\"1024\" height=\"635\" src=\"https:\/\/www.filtrationgroupiaq.com\/wp-content\/uploads\/2020\/05\/IndoorAirHygiene.com_-1024x635.jpg\" alt=\"\" class=\"wp-image-2470\" srcset=\"https:\/\/www.filtrationgroupiaq.com\/wp-content\/uploads\/2020\/05\/IndoorAirHygiene.com_-1024x635.jpg 1024w, https:\/\/www.filtrationgroupiaq.com\/wp-content\/uploads\/2020\/05\/IndoorAirHygiene.com_-300x186.jpg 300w, https:\/\/www.filtrationgroupiaq.com\/wp-content\/uploads\/2020\/05\/IndoorAirHygiene.com_-768x477.jpg 768w, https:\/\/www.filtrationgroupiaq.com\/wp-content\/uploads\/2020\/05\/IndoorAirHygiene.com_.jpg 1083w\" sizes=\"auto, (max-width: 1024px) 100vw, 1024px\" \/><\/figure><div class=\"wp-block-media-text__content\">\n<p><\/p>\n\n\n\n<h3 class=\"wp-block-heading\"><strong>PR\u00c9OCCUP\u00c9 PAR LA R\u00c9OUVERTURE DE VOTRE ENTREPRISE?<\/strong><\/h3>\n\n\n\n<p><strong><a href=\"http:\/\/indoorairhygiene.com\/\">INDOORAIRHYGIENE.COM<\/a><\/strong>&nbsp;est un centre de ressources gratuit mis \u00e0 votre disposition par FG QAI, les Compagnies de Filtration Group et Madison Industries.<\/p>\n\n\n\n<div class=\"wp-block-buttons is-layout-flex wp-block-buttons-is-layout-flex\">\n<div class=\"wp-block-button is-style-fill\"><a class=\"wp-block-button__link has-white-color has-blue-background-color has-text-color has-background\" href=\"http:\/\/www.indoorairhygiene.com\" target=\"_blank\" rel=\"noreferrer noopener\">VISITER LE CENTRE DE RESOURCE<\/a><\/div>\n<\/div>\n<\/div><\/div>\n","protected":false},"excerpt":{"rendered":"<p>H\u00d4TELLERIE Dans le monde de l&rsquo;h\u00f4tellerie et de l&rsquo;h\u00f4tellerie, l&rsquo;exp\u00e9rience client est primordiale. Les odeurs et l&rsquo;air vici\u00e9 peuvent \u00e9loigner les clients &#8211; et les revenus. Avoir la bonne configuration pour fournir de l&rsquo;air bien ventil\u00e9, frais, sans odeur et sans particules devrait \u00eatre une priorit\u00e9 dans toute application. De 10 000 pieds carr\u00e9s \u00e0 [&hellip;]<\/p>\n","protected":false},"author":3,"featured_media":2788,"parent":1526,"menu_order":4,"comment_status":"closed","ping_status":"closed","template":"","meta":{"_acf_changed":false,"footnotes":""},"class_list":["post-1604","page","type-page","status-publish","has-post-thumbnail","hentry"],"acf":[],"yoast_head":"<!-- This site is optimized with the Yoast SEO plugin v27.3 - https:\/\/yoast.com\/product\/yoast-seo-wordpress\/ -->\n<title>Hotellerie - Filtration Group- IAQ<\/title>\n<meta name=\"robots\" content=\"index, follow, max-snippet:-1, max-image-preview:large, max-video-preview:-1\" \/>\n<link rel=\"canonical\" href=\"https:\/\/www.filtrationgroupiaq.com\/fr\/applications\/hospitality\/\" \/>\n<meta property=\"og:locale\" content=\"fr_FR\" \/>\n<meta property=\"og:type\" content=\"article\" \/>\n<meta property=\"og:title\" content=\"Hotellerie - Filtration Group- IAQ\" \/>\n<meta property=\"og:description\" content=\"H\u00d4TELLERIE Dans le monde de l&rsquo;h\u00f4tellerie et de l&rsquo;h\u00f4tellerie, l&rsquo;exp\u00e9rience client est primordiale. Les odeurs et l&rsquo;air vici\u00e9 peuvent \u00e9loigner les clients &#8211; et les revenus. Avoir la bonne configuration pour fournir de l&rsquo;air bien ventil\u00e9, frais, sans odeur et sans particules devrait \u00eatre une priorit\u00e9 dans toute application. De 10 000 pieds carr\u00e9s \u00e0 [&hellip;]\" \/>\n<meta property=\"og:url\" content=\"https:\/\/www.filtrationgroupiaq.com\/fr\/applications\/hospitality\/\" \/>\n<meta property=\"og:site_name\" content=\"Filtration Group- IAQ\" \/>\n<meta property=\"article:modified_time\" content=\"2020-09-16T14:12:10+00:00\" \/>\n<meta property=\"og:image\" content=\"https:\/\/www.filtrationgroupiaq.com\/wp-content\/uploads\/2020\/06\/AdobeStock_216090719-2-1024x683.jpeg\" \/>\n\t<meta property=\"og:image:width\" content=\"1024\" \/>\n\t<meta property=\"og:image:height\" content=\"683\" \/>\n\t<meta property=\"og:image:type\" content=\"image\/jpeg\" \/>\n<meta name=\"twitter:card\" content=\"summary_large_image\" \/>\n<meta name=\"twitter:label1\" content=\"Dur\u00e9e de lecture estim\u00e9e\" \/>\n\t<meta name=\"twitter:data1\" content=\"1 minute\" \/>\n<script type=\"application\/ld+json\" class=\"yoast-schema-graph\">{\"@context\":\"https:\\\/\\\/schema.org\",\"@graph\":[{\"@type\":\"WebPage\",\"@id\":\"https:\\\/\\\/www.filtrationgroupiaq.com\\\/fr\\\/applications\\\/hospitality\\\/\",\"url\":\"https:\\\/\\\/www.filtrationgroupiaq.com\\\/fr\\\/applications\\\/hospitality\\\/\",\"name\":\"Hotellerie - Filtration Group- IAQ\",\"isPartOf\":{\"@id\":\"https:\\\/\\\/www.filtrationgroupiaq.com\\\/fr\\\/#website\"},\"primaryImageOfPage\":{\"@id\":\"https:\\\/\\\/www.filtrationgroupiaq.com\\\/fr\\\/applications\\\/hospitality\\\/#primaryimage\"},\"image\":{\"@id\":\"https:\\\/\\\/www.filtrationgroupiaq.com\\\/fr\\\/applications\\\/hospitality\\\/#primaryimage\"},\"thumbnailUrl\":\"https:\\\/\\\/www.filtrationgroupiaq.com\\\/wp-content\\\/uploads\\\/2020\\\/06\\\/AdobeStock_216090719-2.jpeg\",\"datePublished\":\"2019-11-06T17:45:06+00:00\",\"dateModified\":\"2020-09-16T14:12:10+00:00\",\"breadcrumb\":{\"@id\":\"https:\\\/\\\/www.filtrationgroupiaq.com\\\/fr\\\/applications\\\/hospitality\\\/#breadcrumb\"},\"inLanguage\":\"fr-FR\",\"potentialAction\":[{\"@type\":\"ReadAction\",\"target\":[\"https:\\\/\\\/www.filtrationgroupiaq.com\\\/fr\\\/applications\\\/hospitality\\\/\"]}]},{\"@type\":\"ImageObject\",\"inLanguage\":\"fr-FR\",\"@id\":\"https:\\\/\\\/www.filtrationgroupiaq.com\\\/fr\\\/applications\\\/hospitality\\\/#primaryimage\",\"url\":\"https:\\\/\\\/www.filtrationgroupiaq.com\\\/wp-content\\\/uploads\\\/2020\\\/06\\\/AdobeStock_216090719-2.jpeg\",\"contentUrl\":\"https:\\\/\\\/www.filtrationgroupiaq.com\\\/wp-content\\\/uploads\\\/2020\\\/06\\\/AdobeStock_216090719-2.jpeg\",\"width\":2560,\"height\":1707,\"caption\":\"couple near reception desk in hotel\"},{\"@type\":\"BreadcrumbList\",\"@id\":\"https:\\\/\\\/www.filtrationgroupiaq.com\\\/fr\\\/applications\\\/hospitality\\\/#breadcrumb\",\"itemListElement\":[{\"@type\":\"ListItem\",\"position\":1,\"name\":\"\",\"item\":\"https:\\\/\\\/www.filtrationgroupiaq.com\\\/fr\\\/\"},{\"@type\":\"ListItem\",\"position\":2,\"name\":\"Applications\",\"item\":\"https:\\\/\\\/www.filtrationgroupiaq.com\\\/fr\\\/applications\\\/\"},{\"@type\":\"ListItem\",\"position\":3,\"name\":\"Hotellerie\"}]},{\"@type\":\"WebSite\",\"@id\":\"https:\\\/\\\/www.filtrationgroupiaq.com\\\/fr\\\/#website\",\"url\":\"https:\\\/\\\/www.filtrationgroupiaq.com\\\/fr\\\/\",\"name\":\"Filtration Group- IAQ\",\"description\":\"Making the World Safer, Healthier and More Productive\",\"publisher\":{\"@id\":\"https:\\\/\\\/www.filtrationgroupiaq.com\\\/fr\\\/#organization\"},\"potentialAction\":[{\"@type\":\"SearchAction\",\"target\":{\"@type\":\"EntryPoint\",\"urlTemplate\":\"https:\\\/\\\/www.filtrationgroupiaq.com\\\/fr\\\/?s={search_term_string}\"},\"query-input\":{\"@type\":\"PropertyValueSpecification\",\"valueRequired\":true,\"valueName\":\"search_term_string\"}}],\"inLanguage\":\"fr-FR\"},{\"@type\":\"Organization\",\"@id\":\"https:\\\/\\\/www.filtrationgroupiaq.com\\\/fr\\\/#organization\",\"name\":\"Filtration Group\",\"url\":\"https:\\\/\\\/www.filtrationgroupiaq.com\\\/fr\\\/\",\"logo\":{\"@type\":\"ImageObject\",\"inLanguage\":\"fr-FR\",\"@id\":\"https:\\\/\\\/www.filtrationgroupiaq.com\\\/fr\\\/#\\\/schema\\\/logo\\\/image\\\/\",\"url\":\"https:\\\/\\\/www.filtrationgroupiaq.com\\\/wp-content\\\/uploads\\\/2019\\\/06\\\/FGC-logo-1.png\",\"contentUrl\":\"https:\\\/\\\/www.filtrationgroupiaq.com\\\/wp-content\\\/uploads\\\/2019\\\/06\\\/FGC-logo-1.png\",\"width\":1104,\"height\":224,\"caption\":\"Filtration Group\"},\"image\":{\"@id\":\"https:\\\/\\\/www.filtrationgroupiaq.com\\\/fr\\\/#\\\/schema\\\/logo\\\/image\\\/\"},\"sameAs\":[\"https:\\\/\\\/www.linkedin.com\\\/company\\\/11857850\\\/\"]}]}<\/script>\n<!-- \/ Yoast SEO plugin. -->","yoast_head_json":{"title":"Hotellerie - Filtration Group- IAQ","robots":{"index":"index","follow":"follow","max-snippet":"max-snippet:-1","max-image-preview":"max-image-preview:large","max-video-preview":"max-video-preview:-1"},"canonical":"https:\/\/www.filtrationgroupiaq.com\/fr\/applications\/hospitality\/","og_locale":"fr_FR","og_type":"article","og_title":"Hotellerie - Filtration Group- IAQ","og_description":"H\u00d4TELLERIE Dans le monde de l&rsquo;h\u00f4tellerie et de l&rsquo;h\u00f4tellerie, l&rsquo;exp\u00e9rience client est primordiale. Les odeurs et l&rsquo;air vici\u00e9 peuvent \u00e9loigner les clients &#8211; et les revenus. Avoir la bonne configuration pour fournir de l&rsquo;air bien ventil\u00e9, frais, sans odeur et sans particules devrait \u00eatre une priorit\u00e9 dans toute application. De 10 000 pieds carr\u00e9s \u00e0 [&hellip;]","og_url":"https:\/\/www.filtrationgroupiaq.com\/fr\/applications\/hospitality\/","og_site_name":"Filtration Group- IAQ","article_modified_time":"2020-09-16T14:12:10+00:00","og_image":[{"width":1024,"height":683,"url":"https:\/\/www.filtrationgroupiaq.com\/wp-content\/uploads\/2020\/06\/AdobeStock_216090719-2-1024x683.jpeg","type":"image\/jpeg"}],"twitter_card":"summary_large_image","twitter_misc":{"Dur\u00e9e de lecture estim\u00e9e":"1 minute"},"schema":{"@context":"https:\/\/schema.org","@graph":[{"@type":"WebPage","@id":"https:\/\/www.filtrationgroupiaq.com\/fr\/applications\/hospitality\/","url":"https:\/\/www.filtrationgroupiaq.com\/fr\/applications\/hospitality\/","name":"Hotellerie - Filtration Group- IAQ","isPartOf":{"@id":"https:\/\/www.filtrationgroupiaq.com\/fr\/#website"},"primaryImageOfPage":{"@id":"https:\/\/www.filtrationgroupiaq.com\/fr\/applications\/hospitality\/#primaryimage"},"image":{"@id":"https:\/\/www.filtrationgroupiaq.com\/fr\/applications\/hospitality\/#primaryimage"},"thumbnailUrl":"https:\/\/www.filtrationgroupiaq.com\/wp-content\/uploads\/2020\/06\/AdobeStock_216090719-2.jpeg","datePublished":"2019-11-06T17:45:06+00:00","dateModified":"2020-09-16T14:12:10+00:00","breadcrumb":{"@id":"https:\/\/www.filtrationgroupiaq.com\/fr\/applications\/hospitality\/#breadcrumb"},"inLanguage":"fr-FR","potentialAction":[{"@type":"ReadAction","target":["https:\/\/www.filtrationgroupiaq.com\/fr\/applications\/hospitality\/"]}]},{"@type":"ImageObject","inLanguage":"fr-FR","@id":"https:\/\/www.filtrationgroupiaq.com\/fr\/applications\/hospitality\/#primaryimage","url":"https:\/\/www.filtrationgroupiaq.com\/wp-content\/uploads\/2020\/06\/AdobeStock_216090719-2.jpeg","contentUrl":"https:\/\/www.filtrationgroupiaq.com\/wp-content\/uploads\/2020\/06\/AdobeStock_216090719-2.jpeg","width":2560,"height":1707,"caption":"couple near reception desk in hotel"},{"@type":"BreadcrumbList","@id":"https:\/\/www.filtrationgroupiaq.com\/fr\/applications\/hospitality\/#breadcrumb","itemListElement":[{"@type":"ListItem","position":1,"name":"","item":"https:\/\/www.filtrationgroupiaq.com\/fr\/"},{"@type":"ListItem","position":2,"name":"Applications","item":"https:\/\/www.filtrationgroupiaq.com\/fr\/applications\/"},{"@type":"ListItem","position":3,"name":"Hotellerie"}]},{"@type":"WebSite","@id":"https:\/\/www.filtrationgroupiaq.com\/fr\/#website","url":"https:\/\/www.filtrationgroupiaq.com\/fr\/","name":"Filtration Group- IAQ","description":"Making the World Safer, Healthier and More Productive","publisher":{"@id":"https:\/\/www.filtrationgroupiaq.com\/fr\/#organization"},"potentialAction":[{"@type":"SearchAction","target":{"@type":"EntryPoint","urlTemplate":"https:\/\/www.filtrationgroupiaq.com\/fr\/?s={search_term_string}"},"query-input":{"@type":"PropertyValueSpecification","valueRequired":true,"valueName":"search_term_string"}}],"inLanguage":"fr-FR"},{"@type":"Organization","@id":"https:\/\/www.filtrationgroupiaq.com\/fr\/#organization","name":"Filtration Group","url":"https:\/\/www.filtrationgroupiaq.com\/fr\/","logo":{"@type":"ImageObject","inLanguage":"fr-FR","@id":"https:\/\/www.filtrationgroupiaq.com\/fr\/#\/schema\/logo\/image\/","url":"https:\/\/www.filtrationgroupiaq.com\/wp-content\/uploads\/2019\/06\/FGC-logo-1.png","contentUrl":"https:\/\/www.filtrationgroupiaq.com\/wp-content\/uploads\/2019\/06\/FGC-logo-1.png","width":1104,"height":224,"caption":"Filtration Group"},"image":{"@id":"https:\/\/www.filtrationgroupiaq.com\/fr\/#\/schema\/logo\/image\/"},"sameAs":["https:\/\/www.linkedin.com\/company\/11857850\/"]}]}},"_links":{"self":[{"href":"https:\/\/www.filtrationgroupiaq.com\/fr\/wp-json\/wp\/v2\/pages\/1604","targetHints":{"allow":["GET"]}}],"collection":[{"href":"https:\/\/www.filtrationgroupiaq.com\/fr\/wp-json\/wp\/v2\/pages"}],"about":[{"href":"https:\/\/www.filtrationgroupiaq.com\/fr\/wp-json\/wp\/v2\/types\/page"}],"author":[{"embeddable":true,"href":"https:\/\/www.filtrationgroupiaq.com\/fr\/wp-json\/wp\/v2\/users\/3"}],"replies":[{"embeddable":true,"href":"https:\/\/www.filtrationgroupiaq.com\/fr\/wp-json\/wp\/v2\/comments?post=1604"}],"version-history":[{"count":0,"href":"https:\/\/www.filtrationgroupiaq.com\/fr\/wp-json\/wp\/v2\/pages\/1604\/revisions"}],"up":[{"embeddable":true,"href":"https:\/\/www.filtrationgroupiaq.com\/fr\/wp-json\/wp\/v2\/pages\/1526"}],"wp:featuredmedia":[{"embeddable":true,"href":"https:\/\/www.filtrationgroupiaq.com\/fr\/wp-json\/wp\/v2\/media\/2788"}],"wp:attachment":[{"href":"https:\/\/www.filtrationgroupiaq.com\/fr\/wp-json\/wp\/v2\/media?parent=1604"}],"curies":[{"name":"wp","href":"https:\/\/api.w.org\/{rel}","templated":true}]}}