{"id":1644,"date":"2019-11-25T23:58:12","date_gmt":"2019-11-26T04:58:12","guid":{"rendered":"http:\/\/dafcoprod.wpengine.com\/?page_id=1644"},"modified":"2020-10-15T16:22:13","modified_gmt":"2020-10-15T21:22:13","slug":"series550","status":"publish","type":"page","link":"https:\/\/www.filtrationgroupiaq.com\/fr\/produits\/airfiltration\/filtresplisses\/series550\/","title":{"rendered":"Purafilter S\u00e9rie 550"},"content":{"rendered":"\n<div class=\"wp-block-cover alignfull has-background-dim-10 has-black-background-color has-background-dim hero-small\" style=\"background-image:url(https:\/\/www.filtrationgroupiaq.com\/wp-content\/uploads\/2020\/07\/banner-web7-3.png);background-position:20% 20%;min-height:324px;aspect-ratio:unset;\"><div class=\"wp-block-cover__inner-container is-layout-flow wp-block-cover-is-layout-flow\">\n<p class=\"has-text-align-center\" style=\"font-size:45px\"><strong>Purafilter S\u00e9rie 550 (Pli d&rsquo;\u00c9limination des Odeurs<\/strong>)<\/p>\n\n\n\n<div style=\"height:27px\" aria-hidden=\"true\" class=\"wp-block-spacer\"><\/div>\n<\/div><\/div>\n\n\n\n<div class=\"wp-block-media-text alignwide has-media-on-the-right is-stacked-on-mobile\"><figure class=\"wp-block-media-text__media\"><img loading=\"lazy\" decoding=\"async\" width=\"938\" height=\"1024\" src=\"https:\/\/www.filtrationgroupiaq.com\/wp-content\/uploads\/2020\/10\/Gas_Phase-Series550-938x1024.png\" alt=\"\" class=\"wp-image-5582\" srcset=\"https:\/\/www.filtrationgroupiaq.com\/wp-content\/uploads\/2020\/10\/Gas_Phase-Series550-938x1024.png 938w, https:\/\/www.filtrationgroupiaq.com\/wp-content\/uploads\/2020\/10\/Gas_Phase-Series550-275x300.png 275w, https:\/\/www.filtrationgroupiaq.com\/wp-content\/uploads\/2020\/10\/Gas_Phase-Series550-768x839.png 768w, https:\/\/www.filtrationgroupiaq.com\/wp-content\/uploads\/2020\/10\/Gas_Phase-Series550.png 1013w\" sizes=\"auto, (max-width: 938px) 100vw, 938px\" \/><\/figure><div class=\"wp-block-media-text__content\">\n<p>Les filtres pliss\u00e9s en carbone Aerostar\u00ae Purafilter S\u00e9rie 550 sont con\u00e7us pour le contr\u00f4le des probl\u00e8mes d&rsquo;odeurs intermittents. Ce filtre peut \u00e9galement \u00eatre une m\u00e9thode peu co\u00fbteuse pour v\u00e9rifier l&rsquo;efficacit\u00e9 potentielle du carbone pour contr\u00f4ler un probl\u00e8me d&rsquo;odeur.<\/p>\n\n\n\n<ul class=\"wp-block-list\"><li>Disponible en MERV 5 et 6; Filtre 1 \u00ab\u00a0, 2\u00a0\u00bb et 4 \u00ab\u00a0<\/li><li>Faible perte de charge<\/li><li>Jetable, facile \u00e0 utiliser, faible co\u00fbt de service<\/li><li>Tous les filtres emball\u00e9s et scell\u00e9s dans des sacs en plastique de protection<\/li><\/ul>\n\n\n\n<div class=\"wp-block-columns is-layout-flex wp-container-core-columns-is-layout-9d6595d7 wp-block-columns-is-layout-flex\">\n<div class=\"wp-block-column is-layout-flow wp-block-column-is-layout-flow\" style=\"flex-basis:43.1%\">\n<div class=\"wp-block-buttons is-layout-flex wp-block-buttons-is-layout-flex\">\n<div class=\"wp-block-button\"><a class=\"wp-block-button__link has-blue-background-color has-background\" href=\"\/wp-content\/uploads\/2020\/09\/FG-IAQ-_-Series-550-_-FR-1.pdf\" target=\"_blank\" rel=\"noreferrer noopener\">fiche produit<\/a><\/div>\n<\/div>\n<\/div>\n\n\n\n<div class=\"wp-block-column is-layout-flow wp-block-column-is-layout-flow\">\n<div class=\"wp-block-buttons is-layout-flex wp-block-buttons-is-layout-flex\">\n<div class=\"wp-block-button\"><a class=\"wp-block-button__link has-blue-background-color has-background\" href=\"\/wp-content\/uploads\/2020\/08\/FG-IAQ-_-SD-Series-550-Submittal-3-1.pdf\" target=\"_blank\" rel=\"noreferrer noopener\">dessin technique<\/a><\/div>\n<\/div>\n<\/div>\n\n\n\n<div class=\"wp-block-column is-layout-flow wp-block-column-is-layout-flow\" style=\"flex-basis:9.4%\"><\/div>\n<\/div>\n\n\n\n<div class=\"wp-block-buttons is-layout-flex wp-block-buttons-is-layout-flex\"><\/div>\n<\/div><\/div>\n\n\n\n<p><\/p>\n","protected":false},"excerpt":{"rendered":"","protected":false},"author":3,"featured_media":1165,"parent":1616,"menu_order":8,"comment_status":"closed","ping_status":"closed","template":"","meta":{"_acf_changed":false,"footnotes":""},"class_list":["post-1644","page","type-page","status-publish","has-post-thumbnail","hentry"],"acf":[],"yoast_head":"<!-- This site is optimized with the Yoast SEO plugin v27.3 - https:\/\/yoast.com\/product\/yoast-seo-wordpress\/ -->\n<title>Purafilter S\u00e9rie 550 - Filtration Group- IAQ<\/title>\n<meta name=\"robots\" content=\"index, follow, max-snippet:-1, max-image-preview:large, max-video-preview:-1\" \/>\n<link rel=\"canonical\" href=\"https:\/\/www.filtrationgroupiaq.com\/fr\/produits\/airfiltration\/filtresplisses\/series550\/\" \/>\n<meta property=\"og:locale\" content=\"fr_FR\" \/>\n<meta property=\"og:type\" content=\"article\" \/>\n<meta property=\"og:title\" content=\"Purafilter S\u00e9rie 550 - Filtration Group- IAQ\" \/>\n<meta property=\"og:url\" content=\"https:\/\/www.filtrationgroupiaq.com\/fr\/produits\/airfiltration\/filtresplisses\/series550\/\" \/>\n<meta property=\"og:site_name\" content=\"Filtration Group- IAQ\" \/>\n<meta property=\"article:modified_time\" content=\"2020-10-15T21:22:13+00:00\" \/>\n<meta property=\"og:image\" content=\"https:\/\/www.filtrationgroupiaq.com\/wp-content\/uploads\/2019\/11\/series550.png\" \/>\n\t<meta property=\"og:image:width\" content=\"427\" \/>\n\t<meta property=\"og:image:height\" content=\"255\" \/>\n\t<meta property=\"og:image:type\" content=\"image\/png\" \/>\n<meta name=\"twitter:card\" content=\"summary_large_image\" \/>\n<script type=\"application\/ld+json\" class=\"yoast-schema-graph\">{\"@context\":\"https:\\\/\\\/schema.org\",\"@graph\":[{\"@type\":\"WebPage\",\"@id\":\"https:\\\/\\\/www.filtrationgroupiaq.com\\\/fr\\\/produits\\\/airfiltration\\\/filtresplisses\\\/series550\\\/\",\"url\":\"https:\\\/\\\/www.filtrationgroupiaq.com\\\/fr\\\/produits\\\/airfiltration\\\/filtresplisses\\\/series550\\\/\",\"name\":\"Purafilter S\u00e9rie 550 - Filtration Group- IAQ\",\"isPartOf\":{\"@id\":\"https:\\\/\\\/www.filtrationgroupiaq.com\\\/fr\\\/#website\"},\"primaryImageOfPage\":{\"@id\":\"https:\\\/\\\/www.filtrationgroupiaq.com\\\/fr\\\/produits\\\/airfiltration\\\/filtresplisses\\\/series550\\\/#primaryimage\"},\"image\":{\"@id\":\"https:\\\/\\\/www.filtrationgroupiaq.com\\\/fr\\\/produits\\\/airfiltration\\\/filtresplisses\\\/series550\\\/#primaryimage\"},\"thumbnailUrl\":\"https:\\\/\\\/www.filtrationgroupiaq.com\\\/wp-content\\\/uploads\\\/2019\\\/11\\\/series550.png\",\"datePublished\":\"2019-11-26T04:58:12+00:00\",\"dateModified\":\"2020-10-15T21:22:13+00:00\",\"breadcrumb\":{\"@id\":\"https:\\\/\\\/www.filtrationgroupiaq.com\\\/fr\\\/produits\\\/airfiltration\\\/filtresplisses\\\/series550\\\/#breadcrumb\"},\"inLanguage\":\"fr-FR\",\"potentialAction\":[{\"@type\":\"ReadAction\",\"target\":[\"https:\\\/\\\/www.filtrationgroupiaq.com\\\/fr\\\/produits\\\/airfiltration\\\/filtresplisses\\\/series550\\\/\"]}]},{\"@type\":\"ImageObject\",\"inLanguage\":\"fr-FR\",\"@id\":\"https:\\\/\\\/www.filtrationgroupiaq.com\\\/fr\\\/produits\\\/airfiltration\\\/filtresplisses\\\/series550\\\/#primaryimage\",\"url\":\"https:\\\/\\\/www.filtrationgroupiaq.com\\\/wp-content\\\/uploads\\\/2019\\\/11\\\/series550.png\",\"contentUrl\":\"https:\\\/\\\/www.filtrationgroupiaq.com\\\/wp-content\\\/uploads\\\/2019\\\/11\\\/series550.png\",\"width\":427,\"height\":255},{\"@type\":\"BreadcrumbList\",\"@id\":\"https:\\\/\\\/www.filtrationgroupiaq.com\\\/fr\\\/produits\\\/airfiltration\\\/filtresplisses\\\/series550\\\/#breadcrumb\",\"itemListElement\":[{\"@type\":\"ListItem\",\"position\":1,\"name\":\"\",\"item\":\"https:\\\/\\\/www.filtrationgroupiaq.com\\\/fr\\\/\"},{\"@type\":\"ListItem\",\"position\":2,\"name\":\"Produits\",\"item\":\"https:\\\/\\\/www.filtrationgroupiaq.com\\\/fr\\\/produits\\\/\"},{\"@type\":\"ListItem\",\"position\":3,\"name\":\"Filtration de l&#8217;Air\",\"item\":\"https:\\\/\\\/www.filtrationgroupiaq.com\\\/fr\\\/produits\\\/airfiltration\\\/\"},{\"@type\":\"ListItem\",\"position\":4,\"name\":\"Filtres \u00e0 Air Pliss\u00e9s\",\"item\":\"https:\\\/\\\/www.filtrationgroupiaq.com\\\/fr\\\/produits\\\/airfiltration\\\/filtresplisses\\\/\"},{\"@type\":\"ListItem\",\"position\":5,\"name\":\"Purafilter S\u00e9rie 550\"}]},{\"@type\":\"WebSite\",\"@id\":\"https:\\\/\\\/www.filtrationgroupiaq.com\\\/fr\\\/#website\",\"url\":\"https:\\\/\\\/www.filtrationgroupiaq.com\\\/fr\\\/\",\"name\":\"Filtration Group- IAQ\",\"description\":\"Making the World Safer, Healthier and More Productive\",\"publisher\":{\"@id\":\"https:\\\/\\\/www.filtrationgroupiaq.com\\\/fr\\\/#organization\"},\"potentialAction\":[{\"@type\":\"SearchAction\",\"target\":{\"@type\":\"EntryPoint\",\"urlTemplate\":\"https:\\\/\\\/www.filtrationgroupiaq.com\\\/fr\\\/?s={search_term_string}\"},\"query-input\":{\"@type\":\"PropertyValueSpecification\",\"valueRequired\":true,\"valueName\":\"search_term_string\"}}],\"inLanguage\":\"fr-FR\"},{\"@type\":\"Organization\",\"@id\":\"https:\\\/\\\/www.filtrationgroupiaq.com\\\/fr\\\/#organization\",\"name\":\"Filtration Group\",\"url\":\"https:\\\/\\\/www.filtrationgroupiaq.com\\\/fr\\\/\",\"logo\":{\"@type\":\"ImageObject\",\"inLanguage\":\"fr-FR\",\"@id\":\"https:\\\/\\\/www.filtrationgroupiaq.com\\\/fr\\\/#\\\/schema\\\/logo\\\/image\\\/\",\"url\":\"https:\\\/\\\/www.filtrationgroupiaq.com\\\/wp-content\\\/uploads\\\/2019\\\/06\\\/FGC-logo-1.png\",\"contentUrl\":\"https:\\\/\\\/www.filtrationgroupiaq.com\\\/wp-content\\\/uploads\\\/2019\\\/06\\\/FGC-logo-1.png\",\"width\":1104,\"height\":224,\"caption\":\"Filtration Group\"},\"image\":{\"@id\":\"https:\\\/\\\/www.filtrationgroupiaq.com\\\/fr\\\/#\\\/schema\\\/logo\\\/image\\\/\"},\"sameAs\":[\"https:\\\/\\\/www.linkedin.com\\\/company\\\/11857850\\\/\"]}]}<\/script>\n<!-- \/ Yoast SEO plugin. -->","yoast_head_json":{"title":"Purafilter S\u00e9rie 550 - Filtration Group- IAQ","robots":{"index":"index","follow":"follow","max-snippet":"max-snippet:-1","max-image-preview":"max-image-preview:large","max-video-preview":"max-video-preview:-1"},"canonical":"https:\/\/www.filtrationgroupiaq.com\/fr\/produits\/airfiltration\/filtresplisses\/series550\/","og_locale":"fr_FR","og_type":"article","og_title":"Purafilter S\u00e9rie 550 - Filtration Group- IAQ","og_url":"https:\/\/www.filtrationgroupiaq.com\/fr\/produits\/airfiltration\/filtresplisses\/series550\/","og_site_name":"Filtration Group- IAQ","article_modified_time":"2020-10-15T21:22:13+00:00","og_image":[{"width":427,"height":255,"url":"https:\/\/www.filtrationgroupiaq.com\/wp-content\/uploads\/2019\/11\/series550.png","type":"image\/png"}],"twitter_card":"summary_large_image","schema":{"@context":"https:\/\/schema.org","@graph":[{"@type":"WebPage","@id":"https:\/\/www.filtrationgroupiaq.com\/fr\/produits\/airfiltration\/filtresplisses\/series550\/","url":"https:\/\/www.filtrationgroupiaq.com\/fr\/produits\/airfiltration\/filtresplisses\/series550\/","name":"Purafilter S\u00e9rie 550 - Filtration Group- IAQ","isPartOf":{"@id":"https:\/\/www.filtrationgroupiaq.com\/fr\/#website"},"primaryImageOfPage":{"@id":"https:\/\/www.filtrationgroupiaq.com\/fr\/produits\/airfiltration\/filtresplisses\/series550\/#primaryimage"},"image":{"@id":"https:\/\/www.filtrationgroupiaq.com\/fr\/produits\/airfiltration\/filtresplisses\/series550\/#primaryimage"},"thumbnailUrl":"https:\/\/www.filtrationgroupiaq.com\/wp-content\/uploads\/2019\/11\/series550.png","datePublished":"2019-11-26T04:58:12+00:00","dateModified":"2020-10-15T21:22:13+00:00","breadcrumb":{"@id":"https:\/\/www.filtrationgroupiaq.com\/fr\/produits\/airfiltration\/filtresplisses\/series550\/#breadcrumb"},"inLanguage":"fr-FR","potentialAction":[{"@type":"ReadAction","target":["https:\/\/www.filtrationgroupiaq.com\/fr\/produits\/airfiltration\/filtresplisses\/series550\/"]}]},{"@type":"ImageObject","inLanguage":"fr-FR","@id":"https:\/\/www.filtrationgroupiaq.com\/fr\/produits\/airfiltration\/filtresplisses\/series550\/#primaryimage","url":"https:\/\/www.filtrationgroupiaq.com\/wp-content\/uploads\/2019\/11\/series550.png","contentUrl":"https:\/\/www.filtrationgroupiaq.com\/wp-content\/uploads\/2019\/11\/series550.png","width":427,"height":255},{"@type":"BreadcrumbList","@id":"https:\/\/www.filtrationgroupiaq.com\/fr\/produits\/airfiltration\/filtresplisses\/series550\/#breadcrumb","itemListElement":[{"@type":"ListItem","position":1,"name":"","item":"https:\/\/www.filtrationgroupiaq.com\/fr\/"},{"@type":"ListItem","position":2,"name":"Produits","item":"https:\/\/www.filtrationgroupiaq.com\/fr\/produits\/"},{"@type":"ListItem","position":3,"name":"Filtration de l&#8217;Air","item":"https:\/\/www.filtrationgroupiaq.com\/fr\/produits\/airfiltration\/"},{"@type":"ListItem","position":4,"name":"Filtres \u00e0 Air Pliss\u00e9s","item":"https:\/\/www.filtrationgroupiaq.com\/fr\/produits\/airfiltration\/filtresplisses\/"},{"@type":"ListItem","position":5,"name":"Purafilter S\u00e9rie 550"}]},{"@type":"WebSite","@id":"https:\/\/www.filtrationgroupiaq.com\/fr\/#website","url":"https:\/\/www.filtrationgroupiaq.com\/fr\/","name":"Filtration Group- IAQ","description":"Making the World Safer, Healthier and More Productive","publisher":{"@id":"https:\/\/www.filtrationgroupiaq.com\/fr\/#organization"},"potentialAction":[{"@type":"SearchAction","target":{"@type":"EntryPoint","urlTemplate":"https:\/\/www.filtrationgroupiaq.com\/fr\/?s={search_term_string}"},"query-input":{"@type":"PropertyValueSpecification","valueRequired":true,"valueName":"search_term_string"}}],"inLanguage":"fr-FR"},{"@type":"Organization","@id":"https:\/\/www.filtrationgroupiaq.com\/fr\/#organization","name":"Filtration Group","url":"https:\/\/www.filtrationgroupiaq.com\/fr\/","logo":{"@type":"ImageObject","inLanguage":"fr-FR","@id":"https:\/\/www.filtrationgroupiaq.com\/fr\/#\/schema\/logo\/image\/","url":"https:\/\/www.filtrationgroupiaq.com\/wp-content\/uploads\/2019\/06\/FGC-logo-1.png","contentUrl":"https:\/\/www.filtrationgroupiaq.com\/wp-content\/uploads\/2019\/06\/FGC-logo-1.png","width":1104,"height":224,"caption":"Filtration Group"},"image":{"@id":"https:\/\/www.filtrationgroupiaq.com\/fr\/#\/schema\/logo\/image\/"},"sameAs":["https:\/\/www.linkedin.com\/company\/11857850\/"]}]}},"_links":{"self":[{"href":"https:\/\/www.filtrationgroupiaq.com\/fr\/wp-json\/wp\/v2\/pages\/1644","targetHints":{"allow":["GET"]}}],"collection":[{"href":"https:\/\/www.filtrationgroupiaq.com\/fr\/wp-json\/wp\/v2\/pages"}],"about":[{"href":"https:\/\/www.filtrationgroupiaq.com\/fr\/wp-json\/wp\/v2\/types\/page"}],"author":[{"embeddable":true,"href":"https:\/\/www.filtrationgroupiaq.com\/fr\/wp-json\/wp\/v2\/users\/3"}],"replies":[{"embeddable":true,"href":"https:\/\/www.filtrationgroupiaq.com\/fr\/wp-json\/wp\/v2\/comments?post=1644"}],"version-history":[{"count":0,"href":"https:\/\/www.filtrationgroupiaq.com\/fr\/wp-json\/wp\/v2\/pages\/1644\/revisions"}],"up":[{"embeddable":true,"href":"https:\/\/www.filtrationgroupiaq.com\/fr\/wp-json\/wp\/v2\/pages\/1616"}],"wp:featuredmedia":[{"embeddable":true,"href":"https:\/\/www.filtrationgroupiaq.com\/fr\/wp-json\/wp\/v2\/media\/1165"}],"wp:attachment":[{"href":"https:\/\/www.filtrationgroupiaq.com\/fr\/wp-json\/wp\/v2\/media?parent=1644"}],"curies":[{"name":"wp","href":"https:\/\/api.w.org\/{rel}","templated":true}]}}