{"id":1648,"date":"2019-11-26T00:07:17","date_gmt":"2019-11-26T05:07:17","guid":{"rendered":"http:\/\/dafcoprod.wpengine.com\/?page_id=1648"},"modified":"2020-09-03T09:47:11","modified_gmt":"2020-09-03T14:47:11","slug":"novapleat","status":"publish","type":"page","link":"https:\/\/www.filtrationgroupiaq.com\/fr\/produits\/airfiltration\/filtresplisses\/novapleat\/","title":{"rendered":"NovaPleat"},"content":{"rendered":"\n<div class=\"wp-block-cover alignfull has-background-dim-10 has-black-background-color has-background-dim hero-small\" style=\"background-image:url(https:\/\/www.filtrationgroupiaq.com\/wp-content\/uploads\/2020\/07\/banner-web7-3.png);background-position:20% 20%;min-height:324px;aspect-ratio:unset;\"><div class=\"wp-block-cover__inner-container is-layout-flow wp-block-cover-is-layout-flow\">\n<p style=\"font-size:45px\" class=\"has-text-align-center\"><strong>NovaPleat<\/strong><\/p>\n\n\n\n<div style=\"height:27px\" aria-hidden=\"true\" class=\"wp-block-spacer\"><\/div>\n<\/div><\/div>\n\n\n\n<div class=\"wp-block-media-text has-media-on-the-right is-stacked-on-mobile\"><figure class=\"wp-block-media-text__media\"><img loading=\"lazy\" decoding=\"async\" width=\"960\" height=\"1024\" src=\"https:\/\/www.filtrationgroupiaq.com\/wp-content\/uploads\/2019\/10\/Pleated-NovaPleat-960x1024.png\" alt=\"NovaPleat\" class=\"wp-image-419\" srcset=\"https:\/\/www.filtrationgroupiaq.com\/wp-content\/uploads\/2019\/10\/Pleated-NovaPleat-960x1024.png 960w, https:\/\/www.filtrationgroupiaq.com\/wp-content\/uploads\/2019\/10\/Pleated-NovaPleat-281x300.png 281w, https:\/\/www.filtrationgroupiaq.com\/wp-content\/uploads\/2019\/10\/Pleated-NovaPleat-768x819.png 768w, https:\/\/www.filtrationgroupiaq.com\/wp-content\/uploads\/2019\/10\/Pleated-NovaPleat.png 1170w\" sizes=\"auto, (max-width: 960px) 100vw, 960px\" \/><\/figure><div class=\"wp-block-media-text__content\">\n<h2 class=\"wp-block-heading\">NOVApleat et NOVApleat HC<\/h2>\n\n\n\n<p>Le NOVApleat Aerostar\u00ae poss\u00e8de un processus de construction enti\u00e8rement automatis\u00e9 assurant une qualit\u00e9 constante, une apparence et des performances uniformes. Le mat\u00e9riau 100% synth\u00e9tique p\u00e8se deux fois plus que les filtres pliss\u00e9s classiques, ce qui en fait un filtre durable capable de r\u00e9sister \u00e0 des conditions de manipulation difficiles. La pr\u00e9cision de la machine de fabrication conf\u00e8re au filtre une qualit\u00e9 constante.<\/p>\n\n\n\n<p>Disponible en capacit\u00e9 standard et \u00e9lev\u00e9e dans une profondeur nominale de 1\u2033 ou 2\u2033.<\/p>\n\n\n\n<ul class=\"wp-block-list\"><li>Atteint le MERV 8<\/li><li>\u00c9limine pratiquement tous les dommages d&rsquo;exp\u00e9dition<\/li><li>Aucun risque RoHS (m\u00e9taux lourds)<\/li><li>R\u00e9duit les d\u00e9chets &#8211; Enti\u00e8rement incin\u00e9rable<\/li><li>Peut \u00eatre utilis\u00e9 pour les points de certification LEED<\/li><\/ul>\n\n\n\n<p>Prot\u00e9g\u00e9 par les brevets am\u00e9ricains n\u00b0 7,156,891 et D544,949<\/p>\n\n\n\n<div class=\"wp-block-button blank btn-half-width\"><a class=\"wp-block-button__link has-background has-blue-background-color\" href=\"\/wp-content\/uploads\/2020\/09\/FG-IAQ-_-NovaPleat-_-FR.pdf\" target=\"_blank\" rel=\"noreferrer noopener\">Fiche Produit<\/a><\/div>\n\n\n\n<div class=\"wp-block-button blank btn-half-width\"><a class=\"wp-block-button__link has-background has-blue-background-color\" href=\"\/wp-content\/uploads\/2020\/08\/FG-IAQ-_-SD-NOVApleat-3.pdf\" target=\"_blank\" rel=\"noreferrer noopener\">Dessin technique<\/a><\/div>\n<\/div><\/div>\n\n\n\n<figure class=\"wp-block-embed-youtube wp-block-embed is-type-video is-provider-youtube wp-embed-aspect-16-9 wp-has-aspect-ratio\"><div class=\"wp-block-embed__wrapper\">\n<iframe loading=\"lazy\" title=\"Filtration Group NOVApleat\" width=\"500\" height=\"281\" src=\"https:\/\/www.youtube.com\/embed\/2kMr2Hgczcs?feature=oembed\" frameborder=\"0\" allow=\"accelerometer; autoplay; clipboard-write; encrypted-media; gyroscope; picture-in-picture; web-share\" referrerpolicy=\"strict-origin-when-cross-origin\" allowfullscreen><\/iframe>\n<\/div><\/figure>\n","protected":false},"excerpt":{"rendered":"","protected":false},"author":3,"featured_media":1163,"parent":1616,"menu_order":1,"comment_status":"closed","ping_status":"closed","template":"","meta":{"_acf_changed":false,"footnotes":""},"class_list":["post-1648","page","type-page","status-publish","has-post-thumbnail","hentry"],"acf":[],"yoast_head":"<!-- This site is optimized with the Yoast SEO plugin v27.3 - https:\/\/yoast.com\/product\/yoast-seo-wordpress\/ -->\n<title>NovaPleat - Filtration Group- IAQ<\/title>\n<meta name=\"robots\" content=\"index, follow, max-snippet:-1, max-image-preview:large, max-video-preview:-1\" \/>\n<link rel=\"canonical\" href=\"https:\/\/www.filtrationgroupiaq.com\/fr\/produits\/airfiltration\/filtresplisses\/novapleat\/\" \/>\n<meta property=\"og:locale\" content=\"fr_FR\" \/>\n<meta property=\"og:type\" content=\"article\" \/>\n<meta property=\"og:title\" content=\"NovaPleat - Filtration Group- IAQ\" \/>\n<meta property=\"og:url\" content=\"https:\/\/www.filtrationgroupiaq.com\/fr\/produits\/airfiltration\/filtresplisses\/novapleat\/\" \/>\n<meta property=\"og:site_name\" content=\"Filtration Group- IAQ\" \/>\n<meta property=\"article:modified_time\" content=\"2020-09-03T14:47:11+00:00\" \/>\n<meta property=\"og:image\" content=\"https:\/\/www.filtrationgroupiaq.com\/wp-content\/uploads\/2019\/11\/novapleat.png\" \/>\n\t<meta property=\"og:image:width\" content=\"427\" \/>\n\t<meta property=\"og:image:height\" content=\"255\" \/>\n\t<meta property=\"og:image:type\" content=\"image\/png\" \/>\n<meta name=\"twitter:card\" content=\"summary_large_image\" \/>\n<meta name=\"twitter:label1\" content=\"Dur\u00e9e de lecture estim\u00e9e\" \/>\n\t<meta name=\"twitter:data1\" content=\"1 minute\" \/>\n<script type=\"application\/ld+json\" class=\"yoast-schema-graph\">{\"@context\":\"https:\\\/\\\/schema.org\",\"@graph\":[{\"@type\":\"WebPage\",\"@id\":\"https:\\\/\\\/www.filtrationgroupiaq.com\\\/fr\\\/produits\\\/airfiltration\\\/filtresplisses\\\/novapleat\\\/\",\"url\":\"https:\\\/\\\/www.filtrationgroupiaq.com\\\/fr\\\/produits\\\/airfiltration\\\/filtresplisses\\\/novapleat\\\/\",\"name\":\"NovaPleat - Filtration Group- IAQ\",\"isPartOf\":{\"@id\":\"https:\\\/\\\/www.filtrationgroupiaq.com\\\/fr\\\/#website\"},\"primaryImageOfPage\":{\"@id\":\"https:\\\/\\\/www.filtrationgroupiaq.com\\\/fr\\\/produits\\\/airfiltration\\\/filtresplisses\\\/novapleat\\\/#primaryimage\"},\"image\":{\"@id\":\"https:\\\/\\\/www.filtrationgroupiaq.com\\\/fr\\\/produits\\\/airfiltration\\\/filtresplisses\\\/novapleat\\\/#primaryimage\"},\"thumbnailUrl\":\"https:\\\/\\\/www.filtrationgroupiaq.com\\\/wp-content\\\/uploads\\\/2019\\\/11\\\/novapleat.png\",\"datePublished\":\"2019-11-26T05:07:17+00:00\",\"dateModified\":\"2020-09-03T14:47:11+00:00\",\"breadcrumb\":{\"@id\":\"https:\\\/\\\/www.filtrationgroupiaq.com\\\/fr\\\/produits\\\/airfiltration\\\/filtresplisses\\\/novapleat\\\/#breadcrumb\"},\"inLanguage\":\"fr-FR\",\"potentialAction\":[{\"@type\":\"ReadAction\",\"target\":[\"https:\\\/\\\/www.filtrationgroupiaq.com\\\/fr\\\/produits\\\/airfiltration\\\/filtresplisses\\\/novapleat\\\/\"]}]},{\"@type\":\"ImageObject\",\"inLanguage\":\"fr-FR\",\"@id\":\"https:\\\/\\\/www.filtrationgroupiaq.com\\\/fr\\\/produits\\\/airfiltration\\\/filtresplisses\\\/novapleat\\\/#primaryimage\",\"url\":\"https:\\\/\\\/www.filtrationgroupiaq.com\\\/wp-content\\\/uploads\\\/2019\\\/11\\\/novapleat.png\",\"contentUrl\":\"https:\\\/\\\/www.filtrationgroupiaq.com\\\/wp-content\\\/uploads\\\/2019\\\/11\\\/novapleat.png\",\"width\":427,\"height\":255},{\"@type\":\"BreadcrumbList\",\"@id\":\"https:\\\/\\\/www.filtrationgroupiaq.com\\\/fr\\\/produits\\\/airfiltration\\\/filtresplisses\\\/novapleat\\\/#breadcrumb\",\"itemListElement\":[{\"@type\":\"ListItem\",\"position\":1,\"name\":\"\",\"item\":\"https:\\\/\\\/www.filtrationgroupiaq.com\\\/fr\\\/\"},{\"@type\":\"ListItem\",\"position\":2,\"name\":\"Produits\",\"item\":\"https:\\\/\\\/www.filtrationgroupiaq.com\\\/fr\\\/produits\\\/\"},{\"@type\":\"ListItem\",\"position\":3,\"name\":\"Filtration de l&#8217;Air\",\"item\":\"https:\\\/\\\/www.filtrationgroupiaq.com\\\/fr\\\/produits\\\/airfiltration\\\/\"},{\"@type\":\"ListItem\",\"position\":4,\"name\":\"Filtres \u00e0 Air Pliss\u00e9s\",\"item\":\"https:\\\/\\\/www.filtrationgroupiaq.com\\\/fr\\\/produits\\\/airfiltration\\\/filtresplisses\\\/\"},{\"@type\":\"ListItem\",\"position\":5,\"name\":\"NovaPleat\"}]},{\"@type\":\"WebSite\",\"@id\":\"https:\\\/\\\/www.filtrationgroupiaq.com\\\/fr\\\/#website\",\"url\":\"https:\\\/\\\/www.filtrationgroupiaq.com\\\/fr\\\/\",\"name\":\"Filtration Group- IAQ\",\"description\":\"Making the World Safer, Healthier and More Productive\",\"publisher\":{\"@id\":\"https:\\\/\\\/www.filtrationgroupiaq.com\\\/fr\\\/#organization\"},\"potentialAction\":[{\"@type\":\"SearchAction\",\"target\":{\"@type\":\"EntryPoint\",\"urlTemplate\":\"https:\\\/\\\/www.filtrationgroupiaq.com\\\/fr\\\/?s={search_term_string}\"},\"query-input\":{\"@type\":\"PropertyValueSpecification\",\"valueRequired\":true,\"valueName\":\"search_term_string\"}}],\"inLanguage\":\"fr-FR\"},{\"@type\":\"Organization\",\"@id\":\"https:\\\/\\\/www.filtrationgroupiaq.com\\\/fr\\\/#organization\",\"name\":\"Filtration Group\",\"url\":\"https:\\\/\\\/www.filtrationgroupiaq.com\\\/fr\\\/\",\"logo\":{\"@type\":\"ImageObject\",\"inLanguage\":\"fr-FR\",\"@id\":\"https:\\\/\\\/www.filtrationgroupiaq.com\\\/fr\\\/#\\\/schema\\\/logo\\\/image\\\/\",\"url\":\"https:\\\/\\\/www.filtrationgroupiaq.com\\\/wp-content\\\/uploads\\\/2019\\\/06\\\/FGC-logo-1.png\",\"contentUrl\":\"https:\\\/\\\/www.filtrationgroupiaq.com\\\/wp-content\\\/uploads\\\/2019\\\/06\\\/FGC-logo-1.png\",\"width\":1104,\"height\":224,\"caption\":\"Filtration Group\"},\"image\":{\"@id\":\"https:\\\/\\\/www.filtrationgroupiaq.com\\\/fr\\\/#\\\/schema\\\/logo\\\/image\\\/\"},\"sameAs\":[\"https:\\\/\\\/www.linkedin.com\\\/company\\\/11857850\\\/\"]}]}<\/script>\n<!-- \/ Yoast SEO plugin. -->","yoast_head_json":{"title":"NovaPleat - Filtration Group- IAQ","robots":{"index":"index","follow":"follow","max-snippet":"max-snippet:-1","max-image-preview":"max-image-preview:large","max-video-preview":"max-video-preview:-1"},"canonical":"https:\/\/www.filtrationgroupiaq.com\/fr\/produits\/airfiltration\/filtresplisses\/novapleat\/","og_locale":"fr_FR","og_type":"article","og_title":"NovaPleat - Filtration Group- IAQ","og_url":"https:\/\/www.filtrationgroupiaq.com\/fr\/produits\/airfiltration\/filtresplisses\/novapleat\/","og_site_name":"Filtration Group- IAQ","article_modified_time":"2020-09-03T14:47:11+00:00","og_image":[{"width":427,"height":255,"url":"https:\/\/www.filtrationgroupiaq.com\/wp-content\/uploads\/2019\/11\/novapleat.png","type":"image\/png"}],"twitter_card":"summary_large_image","twitter_misc":{"Dur\u00e9e de lecture estim\u00e9e":"1 minute"},"schema":{"@context":"https:\/\/schema.org","@graph":[{"@type":"WebPage","@id":"https:\/\/www.filtrationgroupiaq.com\/fr\/produits\/airfiltration\/filtresplisses\/novapleat\/","url":"https:\/\/www.filtrationgroupiaq.com\/fr\/produits\/airfiltration\/filtresplisses\/novapleat\/","name":"NovaPleat - Filtration Group- IAQ","isPartOf":{"@id":"https:\/\/www.filtrationgroupiaq.com\/fr\/#website"},"primaryImageOfPage":{"@id":"https:\/\/www.filtrationgroupiaq.com\/fr\/produits\/airfiltration\/filtresplisses\/novapleat\/#primaryimage"},"image":{"@id":"https:\/\/www.filtrationgroupiaq.com\/fr\/produits\/airfiltration\/filtresplisses\/novapleat\/#primaryimage"},"thumbnailUrl":"https:\/\/www.filtrationgroupiaq.com\/wp-content\/uploads\/2019\/11\/novapleat.png","datePublished":"2019-11-26T05:07:17+00:00","dateModified":"2020-09-03T14:47:11+00:00","breadcrumb":{"@id":"https:\/\/www.filtrationgroupiaq.com\/fr\/produits\/airfiltration\/filtresplisses\/novapleat\/#breadcrumb"},"inLanguage":"fr-FR","potentialAction":[{"@type":"ReadAction","target":["https:\/\/www.filtrationgroupiaq.com\/fr\/produits\/airfiltration\/filtresplisses\/novapleat\/"]}]},{"@type":"ImageObject","inLanguage":"fr-FR","@id":"https:\/\/www.filtrationgroupiaq.com\/fr\/produits\/airfiltration\/filtresplisses\/novapleat\/#primaryimage","url":"https:\/\/www.filtrationgroupiaq.com\/wp-content\/uploads\/2019\/11\/novapleat.png","contentUrl":"https:\/\/www.filtrationgroupiaq.com\/wp-content\/uploads\/2019\/11\/novapleat.png","width":427,"height":255},{"@type":"BreadcrumbList","@id":"https:\/\/www.filtrationgroupiaq.com\/fr\/produits\/airfiltration\/filtresplisses\/novapleat\/#breadcrumb","itemListElement":[{"@type":"ListItem","position":1,"name":"","item":"https:\/\/www.filtrationgroupiaq.com\/fr\/"},{"@type":"ListItem","position":2,"name":"Produits","item":"https:\/\/www.filtrationgroupiaq.com\/fr\/produits\/"},{"@type":"ListItem","position":3,"name":"Filtration de l&#8217;Air","item":"https:\/\/www.filtrationgroupiaq.com\/fr\/produits\/airfiltration\/"},{"@type":"ListItem","position":4,"name":"Filtres \u00e0 Air Pliss\u00e9s","item":"https:\/\/www.filtrationgroupiaq.com\/fr\/produits\/airfiltration\/filtresplisses\/"},{"@type":"ListItem","position":5,"name":"NovaPleat"}]},{"@type":"WebSite","@id":"https:\/\/www.filtrationgroupiaq.com\/fr\/#website","url":"https:\/\/www.filtrationgroupiaq.com\/fr\/","name":"Filtration Group- IAQ","description":"Making the World Safer, Healthier and More Productive","publisher":{"@id":"https:\/\/www.filtrationgroupiaq.com\/fr\/#organization"},"potentialAction":[{"@type":"SearchAction","target":{"@type":"EntryPoint","urlTemplate":"https:\/\/www.filtrationgroupiaq.com\/fr\/?s={search_term_string}"},"query-input":{"@type":"PropertyValueSpecification","valueRequired":true,"valueName":"search_term_string"}}],"inLanguage":"fr-FR"},{"@type":"Organization","@id":"https:\/\/www.filtrationgroupiaq.com\/fr\/#organization","name":"Filtration Group","url":"https:\/\/www.filtrationgroupiaq.com\/fr\/","logo":{"@type":"ImageObject","inLanguage":"fr-FR","@id":"https:\/\/www.filtrationgroupiaq.com\/fr\/#\/schema\/logo\/image\/","url":"https:\/\/www.filtrationgroupiaq.com\/wp-content\/uploads\/2019\/06\/FGC-logo-1.png","contentUrl":"https:\/\/www.filtrationgroupiaq.com\/wp-content\/uploads\/2019\/06\/FGC-logo-1.png","width":1104,"height":224,"caption":"Filtration Group"},"image":{"@id":"https:\/\/www.filtrationgroupiaq.com\/fr\/#\/schema\/logo\/image\/"},"sameAs":["https:\/\/www.linkedin.com\/company\/11857850\/"]}]}},"_links":{"self":[{"href":"https:\/\/www.filtrationgroupiaq.com\/fr\/wp-json\/wp\/v2\/pages\/1648","targetHints":{"allow":["GET"]}}],"collection":[{"href":"https:\/\/www.filtrationgroupiaq.com\/fr\/wp-json\/wp\/v2\/pages"}],"about":[{"href":"https:\/\/www.filtrationgroupiaq.com\/fr\/wp-json\/wp\/v2\/types\/page"}],"author":[{"embeddable":true,"href":"https:\/\/www.filtrationgroupiaq.com\/fr\/wp-json\/wp\/v2\/users\/3"}],"replies":[{"embeddable":true,"href":"https:\/\/www.filtrationgroupiaq.com\/fr\/wp-json\/wp\/v2\/comments?post=1648"}],"version-history":[{"count":0,"href":"https:\/\/www.filtrationgroupiaq.com\/fr\/wp-json\/wp\/v2\/pages\/1648\/revisions"}],"up":[{"embeddable":true,"href":"https:\/\/www.filtrationgroupiaq.com\/fr\/wp-json\/wp\/v2\/pages\/1616"}],"wp:featuredmedia":[{"embeddable":true,"href":"https:\/\/www.filtrationgroupiaq.com\/fr\/wp-json\/wp\/v2\/media\/1163"}],"wp:attachment":[{"href":"https:\/\/www.filtrationgroupiaq.com\/fr\/wp-json\/wp\/v2\/media?parent=1648"}],"curies":[{"name":"wp","href":"https:\/\/api.w.org\/{rel}","templated":true}]}}