{"id":1672,"date":"2019-11-26T00:35:51","date_gmt":"2019-11-26T05:35:51","guid":{"rendered":"http:\/\/dafcoprod.wpengine.com\/?page_id=1672"},"modified":"2020-09-15T09:36:01","modified_gmt":"2020-09-15T14:36:01","slug":"serie-a-hepa","status":"publish","type":"page","link":"https:\/\/www.filtrationgroupiaq.com\/fr\/produits\/airfiltration\/filtres-hepa\/serie-a-hepa\/","title":{"rendered":"Serie-A HEPA"},"content":{"rendered":"\n<div class=\"wp-block-cover alignfull has-background-dim-10 has-black-background-color has-background-dim hero-small\" style=\"background-image:url(https:\/\/www.filtrationgroupiaq.com\/wp-content\/uploads\/2020\/07\/banner-web7-3.png);background-position:20% 20%;min-height:324px;aspect-ratio:unset;\"><div class=\"wp-block-cover__inner-container is-layout-flow wp-block-cover-is-layout-flow\">\n<p class=\"has-text-align-center\" style=\"font-size:45px\"><strong>Serie-A HEPA<\/strong><\/p>\n\n\n\n<div style=\"height:27px\" aria-hidden=\"true\" class=\"wp-block-spacer\"><\/div>\n<\/div><\/div>\n\n\n\n<div class=\"wp-block-media-text has-media-on-the-right is-stacked-on-mobile\"><figure class=\"wp-block-media-text__media\"><img loading=\"lazy\" decoding=\"async\" width=\"1024\" height=\"819\" src=\"https:\/\/www.filtrationgroupiaq.com\/wp-content\/uploads\/2019\/11\/A-HEPA-1024x819.png\" alt=\"A-HEPA\" class=\"wp-image-789\" srcset=\"https:\/\/www.filtrationgroupiaq.com\/wp-content\/uploads\/2019\/11\/A-HEPA-1024x819.png 1024w, https:\/\/www.filtrationgroupiaq.com\/wp-content\/uploads\/2019\/11\/A-HEPA-300x240.png 300w, https:\/\/www.filtrationgroupiaq.com\/wp-content\/uploads\/2019\/11\/A-HEPA-768x614.png 768w, https:\/\/www.filtrationgroupiaq.com\/wp-content\/uploads\/2019\/11\/A-HEPA.png 1170w\" sizes=\"auto, (max-width: 1024px) 100vw, 1024px\" \/><\/figure><div class=\"wp-block-media-text__content\">\n<h2 class=\"wp-block-heading\">Filtre Serie-A HEPA<\/h2>\n\n\n\n<p>Le filtre HEPA Aerostar\u00ae Serie-A est construit avec un cadre en acier galvanis\u00e9 de calibre 18 avec une bande continue de mat\u00e9riau pliss\u00e9 dans un s\u00e9parateur en aluminium ondul\u00e9. Le filtre HEPA \u00e9limine une large gamme de contaminants dans l&rsquo;air, notamment les poussi\u00e8res fines, la fum\u00e9e, la suie, le pollen et les particules radioactives.<\/p>\n\n\n\n<ul class=\"wp-block-list\"><li>Capacit\u00e9 Standard et Haute disponibles<\/li><li>Test informatique automatis\u00e9 propri\u00e9taire CIPAT (Test d&rsquo;air particulaire int\u00e9gr\u00e9)<\/li><li>Le cadre en acier galvanis\u00e9 est standard; d&rsquo;autres mat\u00e9riaux et brides sont disponibles<\/li><li>100% d&rsquo;humidit\u00e9 relative<\/li><li>Tous les filtres sont test\u00e9s individuellement<\/li><li>Chute de pression finale recommand\u00e9e: 2,0 po.<\/li><li>Temp\u00e9rature constante maximale: 100 \u00b0 C (212 \u00b0 F)<\/li><li>Classifi\u00e9 Underwriters Laboratoires UL 900<\/li><\/ul>\n\n\n\n<div class=\"wp-block-button blank btn-half-width\"><a class=\"wp-block-button__link has-blue-background-color has-background\" href=\"\/wp-content\/uploads\/2020\/09\/FG-IAQ-_-A-Series-HEPA-_-FR.pdf\" target=\"_blank\" rel=\"noreferrer noopener\">Fiche Produit<\/a><\/div>\n\n\n\n<div class=\"wp-block-button blank btn-half-width\"><a class=\"wp-block-button__link has-blue-background-color has-background\" href=\"\/wp-content\/uploads\/2020\/08\/FG-IAQ-_-SD-HEPA-A-Submittal-1.pdf\" target=\"_blank\" rel=\"noreferrer noopener\">Dessin technique<\/a><\/div>\n<\/div><\/div>\n","protected":false},"excerpt":{"rendered":"","protected":false},"author":3,"featured_media":1197,"parent":1626,"menu_order":3,"comment_status":"closed","ping_status":"closed","template":"","meta":{"_acf_changed":false,"footnotes":""},"class_list":["post-1672","page","type-page","status-publish","has-post-thumbnail","hentry"],"acf":[],"yoast_head":"<!-- This site is optimized with the Yoast SEO plugin v27.3 - https:\/\/yoast.com\/product\/yoast-seo-wordpress\/ -->\n<title>Serie-A HEPA - Filtration Group- IAQ<\/title>\n<meta name=\"robots\" content=\"index, follow, max-snippet:-1, max-image-preview:large, max-video-preview:-1\" \/>\n<link rel=\"canonical\" href=\"https:\/\/www.filtrationgroupiaq.com\/fr\/produits\/airfiltration\/filtres-hepa\/serie-a-hepa\/\" \/>\n<meta property=\"og:locale\" content=\"fr_FR\" \/>\n<meta property=\"og:type\" content=\"article\" \/>\n<meta property=\"og:title\" content=\"Serie-A HEPA - Filtration Group- IAQ\" \/>\n<meta property=\"og:url\" content=\"https:\/\/www.filtrationgroupiaq.com\/fr\/produits\/airfiltration\/filtres-hepa\/serie-a-hepa\/\" \/>\n<meta property=\"og:site_name\" content=\"Filtration Group- IAQ\" \/>\n<meta property=\"article:modified_time\" content=\"2020-09-15T14:36:01+00:00\" \/>\n<meta property=\"og:image\" content=\"https:\/\/www.filtrationgroupiaq.com\/wp-content\/uploads\/2019\/11\/a-series.jpg\" \/>\n\t<meta property=\"og:image:width\" content=\"427\" \/>\n\t<meta property=\"og:image:height\" content=\"255\" \/>\n\t<meta property=\"og:image:type\" content=\"image\/jpeg\" \/>\n<meta name=\"twitter:card\" content=\"summary_large_image\" \/>\n<meta name=\"twitter:label1\" content=\"Dur\u00e9e de lecture estim\u00e9e\" \/>\n\t<meta name=\"twitter:data1\" content=\"1 minute\" \/>\n<script type=\"application\/ld+json\" class=\"yoast-schema-graph\">{\"@context\":\"https:\\\/\\\/schema.org\",\"@graph\":[{\"@type\":\"WebPage\",\"@id\":\"https:\\\/\\\/www.filtrationgroupiaq.com\\\/fr\\\/produits\\\/airfiltration\\\/filtres-hepa\\\/serie-a-hepa\\\/\",\"url\":\"https:\\\/\\\/www.filtrationgroupiaq.com\\\/fr\\\/produits\\\/airfiltration\\\/filtres-hepa\\\/serie-a-hepa\\\/\",\"name\":\"Serie-A HEPA - Filtration Group- IAQ\",\"isPartOf\":{\"@id\":\"https:\\\/\\\/www.filtrationgroupiaq.com\\\/fr\\\/#website\"},\"primaryImageOfPage\":{\"@id\":\"https:\\\/\\\/www.filtrationgroupiaq.com\\\/fr\\\/produits\\\/airfiltration\\\/filtres-hepa\\\/serie-a-hepa\\\/#primaryimage\"},\"image\":{\"@id\":\"https:\\\/\\\/www.filtrationgroupiaq.com\\\/fr\\\/produits\\\/airfiltration\\\/filtres-hepa\\\/serie-a-hepa\\\/#primaryimage\"},\"thumbnailUrl\":\"https:\\\/\\\/www.filtrationgroupiaq.com\\\/wp-content\\\/uploads\\\/2019\\\/11\\\/a-series.jpg\",\"datePublished\":\"2019-11-26T05:35:51+00:00\",\"dateModified\":\"2020-09-15T14:36:01+00:00\",\"breadcrumb\":{\"@id\":\"https:\\\/\\\/www.filtrationgroupiaq.com\\\/fr\\\/produits\\\/airfiltration\\\/filtres-hepa\\\/serie-a-hepa\\\/#breadcrumb\"},\"inLanguage\":\"fr-FR\",\"potentialAction\":[{\"@type\":\"ReadAction\",\"target\":[\"https:\\\/\\\/www.filtrationgroupiaq.com\\\/fr\\\/produits\\\/airfiltration\\\/filtres-hepa\\\/serie-a-hepa\\\/\"]}]},{\"@type\":\"ImageObject\",\"inLanguage\":\"fr-FR\",\"@id\":\"https:\\\/\\\/www.filtrationgroupiaq.com\\\/fr\\\/produits\\\/airfiltration\\\/filtres-hepa\\\/serie-a-hepa\\\/#primaryimage\",\"url\":\"https:\\\/\\\/www.filtrationgroupiaq.com\\\/wp-content\\\/uploads\\\/2019\\\/11\\\/a-series.jpg\",\"contentUrl\":\"https:\\\/\\\/www.filtrationgroupiaq.com\\\/wp-content\\\/uploads\\\/2019\\\/11\\\/a-series.jpg\",\"width\":427,\"height\":255},{\"@type\":\"BreadcrumbList\",\"@id\":\"https:\\\/\\\/www.filtrationgroupiaq.com\\\/fr\\\/produits\\\/airfiltration\\\/filtres-hepa\\\/serie-a-hepa\\\/#breadcrumb\",\"itemListElement\":[{\"@type\":\"ListItem\",\"position\":1,\"name\":\"\",\"item\":\"https:\\\/\\\/www.filtrationgroupiaq.com\\\/fr\\\/\"},{\"@type\":\"ListItem\",\"position\":2,\"name\":\"Produits\",\"item\":\"https:\\\/\\\/www.filtrationgroupiaq.com\\\/fr\\\/produits\\\/\"},{\"@type\":\"ListItem\",\"position\":3,\"name\":\"Filtration de l&#8217;Air\",\"item\":\"https:\\\/\\\/www.filtrationgroupiaq.com\\\/fr\\\/produits\\\/airfiltration\\\/\"},{\"@type\":\"ListItem\",\"position\":4,\"name\":\"Filtres HEPA\",\"item\":\"https:\\\/\\\/www.filtrationgroupiaq.com\\\/fr\\\/produits\\\/airfiltration\\\/filtres-hepa\\\/\"},{\"@type\":\"ListItem\",\"position\":5,\"name\":\"Serie-A HEPA\"}]},{\"@type\":\"WebSite\",\"@id\":\"https:\\\/\\\/www.filtrationgroupiaq.com\\\/fr\\\/#website\",\"url\":\"https:\\\/\\\/www.filtrationgroupiaq.com\\\/fr\\\/\",\"name\":\"Filtration Group- IAQ\",\"description\":\"Making the World Safer, Healthier and More Productive\",\"publisher\":{\"@id\":\"https:\\\/\\\/www.filtrationgroupiaq.com\\\/fr\\\/#organization\"},\"potentialAction\":[{\"@type\":\"SearchAction\",\"target\":{\"@type\":\"EntryPoint\",\"urlTemplate\":\"https:\\\/\\\/www.filtrationgroupiaq.com\\\/fr\\\/?s={search_term_string}\"},\"query-input\":{\"@type\":\"PropertyValueSpecification\",\"valueRequired\":true,\"valueName\":\"search_term_string\"}}],\"inLanguage\":\"fr-FR\"},{\"@type\":\"Organization\",\"@id\":\"https:\\\/\\\/www.filtrationgroupiaq.com\\\/fr\\\/#organization\",\"name\":\"Filtration Group\",\"url\":\"https:\\\/\\\/www.filtrationgroupiaq.com\\\/fr\\\/\",\"logo\":{\"@type\":\"ImageObject\",\"inLanguage\":\"fr-FR\",\"@id\":\"https:\\\/\\\/www.filtrationgroupiaq.com\\\/fr\\\/#\\\/schema\\\/logo\\\/image\\\/\",\"url\":\"https:\\\/\\\/www.filtrationgroupiaq.com\\\/wp-content\\\/uploads\\\/2019\\\/06\\\/FGC-logo-1.png\",\"contentUrl\":\"https:\\\/\\\/www.filtrationgroupiaq.com\\\/wp-content\\\/uploads\\\/2019\\\/06\\\/FGC-logo-1.png\",\"width\":1104,\"height\":224,\"caption\":\"Filtration Group\"},\"image\":{\"@id\":\"https:\\\/\\\/www.filtrationgroupiaq.com\\\/fr\\\/#\\\/schema\\\/logo\\\/image\\\/\"},\"sameAs\":[\"https:\\\/\\\/www.linkedin.com\\\/company\\\/11857850\\\/\"]}]}<\/script>\n<!-- \/ Yoast SEO plugin. -->","yoast_head_json":{"title":"Serie-A HEPA - Filtration Group- IAQ","robots":{"index":"index","follow":"follow","max-snippet":"max-snippet:-1","max-image-preview":"max-image-preview:large","max-video-preview":"max-video-preview:-1"},"canonical":"https:\/\/www.filtrationgroupiaq.com\/fr\/produits\/airfiltration\/filtres-hepa\/serie-a-hepa\/","og_locale":"fr_FR","og_type":"article","og_title":"Serie-A HEPA - Filtration Group- IAQ","og_url":"https:\/\/www.filtrationgroupiaq.com\/fr\/produits\/airfiltration\/filtres-hepa\/serie-a-hepa\/","og_site_name":"Filtration Group- IAQ","article_modified_time":"2020-09-15T14:36:01+00:00","og_image":[{"width":427,"height":255,"url":"https:\/\/www.filtrationgroupiaq.com\/wp-content\/uploads\/2019\/11\/a-series.jpg","type":"image\/jpeg"}],"twitter_card":"summary_large_image","twitter_misc":{"Dur\u00e9e de lecture estim\u00e9e":"1 minute"},"schema":{"@context":"https:\/\/schema.org","@graph":[{"@type":"WebPage","@id":"https:\/\/www.filtrationgroupiaq.com\/fr\/produits\/airfiltration\/filtres-hepa\/serie-a-hepa\/","url":"https:\/\/www.filtrationgroupiaq.com\/fr\/produits\/airfiltration\/filtres-hepa\/serie-a-hepa\/","name":"Serie-A HEPA - Filtration Group- IAQ","isPartOf":{"@id":"https:\/\/www.filtrationgroupiaq.com\/fr\/#website"},"primaryImageOfPage":{"@id":"https:\/\/www.filtrationgroupiaq.com\/fr\/produits\/airfiltration\/filtres-hepa\/serie-a-hepa\/#primaryimage"},"image":{"@id":"https:\/\/www.filtrationgroupiaq.com\/fr\/produits\/airfiltration\/filtres-hepa\/serie-a-hepa\/#primaryimage"},"thumbnailUrl":"https:\/\/www.filtrationgroupiaq.com\/wp-content\/uploads\/2019\/11\/a-series.jpg","datePublished":"2019-11-26T05:35:51+00:00","dateModified":"2020-09-15T14:36:01+00:00","breadcrumb":{"@id":"https:\/\/www.filtrationgroupiaq.com\/fr\/produits\/airfiltration\/filtres-hepa\/serie-a-hepa\/#breadcrumb"},"inLanguage":"fr-FR","potentialAction":[{"@type":"ReadAction","target":["https:\/\/www.filtrationgroupiaq.com\/fr\/produits\/airfiltration\/filtres-hepa\/serie-a-hepa\/"]}]},{"@type":"ImageObject","inLanguage":"fr-FR","@id":"https:\/\/www.filtrationgroupiaq.com\/fr\/produits\/airfiltration\/filtres-hepa\/serie-a-hepa\/#primaryimage","url":"https:\/\/www.filtrationgroupiaq.com\/wp-content\/uploads\/2019\/11\/a-series.jpg","contentUrl":"https:\/\/www.filtrationgroupiaq.com\/wp-content\/uploads\/2019\/11\/a-series.jpg","width":427,"height":255},{"@type":"BreadcrumbList","@id":"https:\/\/www.filtrationgroupiaq.com\/fr\/produits\/airfiltration\/filtres-hepa\/serie-a-hepa\/#breadcrumb","itemListElement":[{"@type":"ListItem","position":1,"name":"","item":"https:\/\/www.filtrationgroupiaq.com\/fr\/"},{"@type":"ListItem","position":2,"name":"Produits","item":"https:\/\/www.filtrationgroupiaq.com\/fr\/produits\/"},{"@type":"ListItem","position":3,"name":"Filtration de l&#8217;Air","item":"https:\/\/www.filtrationgroupiaq.com\/fr\/produits\/airfiltration\/"},{"@type":"ListItem","position":4,"name":"Filtres HEPA","item":"https:\/\/www.filtrationgroupiaq.com\/fr\/produits\/airfiltration\/filtres-hepa\/"},{"@type":"ListItem","position":5,"name":"Serie-A HEPA"}]},{"@type":"WebSite","@id":"https:\/\/www.filtrationgroupiaq.com\/fr\/#website","url":"https:\/\/www.filtrationgroupiaq.com\/fr\/","name":"Filtration Group- IAQ","description":"Making the World Safer, Healthier and More Productive","publisher":{"@id":"https:\/\/www.filtrationgroupiaq.com\/fr\/#organization"},"potentialAction":[{"@type":"SearchAction","target":{"@type":"EntryPoint","urlTemplate":"https:\/\/www.filtrationgroupiaq.com\/fr\/?s={search_term_string}"},"query-input":{"@type":"PropertyValueSpecification","valueRequired":true,"valueName":"search_term_string"}}],"inLanguage":"fr-FR"},{"@type":"Organization","@id":"https:\/\/www.filtrationgroupiaq.com\/fr\/#organization","name":"Filtration Group","url":"https:\/\/www.filtrationgroupiaq.com\/fr\/","logo":{"@type":"ImageObject","inLanguage":"fr-FR","@id":"https:\/\/www.filtrationgroupiaq.com\/fr\/#\/schema\/logo\/image\/","url":"https:\/\/www.filtrationgroupiaq.com\/wp-content\/uploads\/2019\/06\/FGC-logo-1.png","contentUrl":"https:\/\/www.filtrationgroupiaq.com\/wp-content\/uploads\/2019\/06\/FGC-logo-1.png","width":1104,"height":224,"caption":"Filtration Group"},"image":{"@id":"https:\/\/www.filtrationgroupiaq.com\/fr\/#\/schema\/logo\/image\/"},"sameAs":["https:\/\/www.linkedin.com\/company\/11857850\/"]}]}},"_links":{"self":[{"href":"https:\/\/www.filtrationgroupiaq.com\/fr\/wp-json\/wp\/v2\/pages\/1672","targetHints":{"allow":["GET"]}}],"collection":[{"href":"https:\/\/www.filtrationgroupiaq.com\/fr\/wp-json\/wp\/v2\/pages"}],"about":[{"href":"https:\/\/www.filtrationgroupiaq.com\/fr\/wp-json\/wp\/v2\/types\/page"}],"author":[{"embeddable":true,"href":"https:\/\/www.filtrationgroupiaq.com\/fr\/wp-json\/wp\/v2\/users\/3"}],"replies":[{"embeddable":true,"href":"https:\/\/www.filtrationgroupiaq.com\/fr\/wp-json\/wp\/v2\/comments?post=1672"}],"version-history":[{"count":0,"href":"https:\/\/www.filtrationgroupiaq.com\/fr\/wp-json\/wp\/v2\/pages\/1672\/revisions"}],"up":[{"embeddable":true,"href":"https:\/\/www.filtrationgroupiaq.com\/fr\/wp-json\/wp\/v2\/pages\/1626"}],"wp:featuredmedia":[{"embeddable":true,"href":"https:\/\/www.filtrationgroupiaq.com\/fr\/wp-json\/wp\/v2\/media\/1197"}],"wp:attachment":[{"href":"https:\/\/www.filtrationgroupiaq.com\/fr\/wp-json\/wp\/v2\/media?parent=1672"}],"curies":[{"name":"wp","href":"https:\/\/api.w.org\/{rel}","templated":true}]}}