{"id":1691,"date":"2019-11-26T00:50:55","date_gmt":"2019-11-26T05:50:55","guid":{"rendered":"http:\/\/dafcoprod.wpengine.com\/?page_id=1691"},"modified":"2020-10-28T17:32:29","modified_gmt":"2020-10-28T22:32:29","slug":"filtreshega","status":"publish","type":"page","link":"https:\/\/www.filtrationgroupiaq.com\/fr\/produits\/airfiltration\/gasphase\/filtreshega\/","title":{"rendered":"PuraFilter HEGA\u00ae"},"content":{"rendered":"\n<div class=\"wp-block-cover alignfull has-background-dim-10 has-black-background-color has-background-dim hero-small\" style=\"background-image:url(https:\/\/www.filtrationgroupiaq.com\/wp-content\/uploads\/2020\/07\/banner-web7-3.png);background-position:20% 20%;min-height:442px;aspect-ratio:unset;\"><div class=\"wp-block-cover__inner-container is-layout-flow wp-block-cover-is-layout-flow\">\n<p class=\"has-text-align-center\" style=\"font-size:45px\"><strong>Filtres HEGA\u00ae (Adsorbeurs de Gaz \u00e0 Haute Efficacit\u00e9)<\/strong><\/p>\n\n\n\n<div style=\"height:27px\" aria-hidden=\"true\" class=\"wp-block-spacer\"><\/div>\n<\/div><\/div>\n\n\n\n<div class=\"wp-block-media-text alignwide has-media-on-the-right is-stacked-on-mobile\"><figure class=\"wp-block-media-text__media\"><img loading=\"lazy\" decoding=\"async\" width=\"1024\" height=\"888\" src=\"https:\/\/www.filtrationgroupiaq.com\/wp-content\/uploads\/2020\/10\/Gas_Phase-HEGA-1024x888.png\" alt=\"\" class=\"wp-image-5576\" srcset=\"https:\/\/www.filtrationgroupiaq.com\/wp-content\/uploads\/2020\/10\/Gas_Phase-HEGA-1024x888.png 1024w, https:\/\/www.filtrationgroupiaq.com\/wp-content\/uploads\/2020\/10\/Gas_Phase-HEGA-300x260.png 300w, https:\/\/www.filtrationgroupiaq.com\/wp-content\/uploads\/2020\/10\/Gas_Phase-HEGA-768x666.png 768w, https:\/\/www.filtrationgroupiaq.com\/wp-content\/uploads\/2020\/10\/Gas_Phase-HEGA.png 1170w\" sizes=\"auto, (max-width: 1024px) 100vw, 1024px\" \/><\/figure><div class=\"wp-block-media-text__content\">\n<p class=\"has-large-font-size\"> <\/p>\n\n\n\n<h2 class=\"wp-block-heading\">Filtres HEGA\u00ae (Adsorbeurs de Gaz \u00e0 Haute Efficacit\u00e9)<\/h2>\n\n\n\n<p>Les produits HEGA\u00ae (adsorbants de gaz \u00e0 haute efficacit\u00e9) de FG QAI \u00e9liminent les contaminants de l\u2019air et les odeurs ind\u00e9sirables, offrant ainsi \u00e0 vos occupants et op\u00e9rations, la qualit\u00e9 de traitement de l\u2019air int\u00e9rieur dont ils ont besoin. &nbsp;Les m\u00e9dias \u00e9liminent les odeurs telles que les COV, les odeurs de nourriture et de cuisine, le chlore, l\u2019ammoniac, le formald\u00e9hyde, les compos\u00e9s soufr\u00e9s, les gaz acides, etc.<\/p>\n\n\n\n<ul class=\"wp-block-list\"><li>Choix multiples de qualit\u00e9 de m\u00e9dia pour des contaminants sp\u00e9cifiques<\/li><li>Vari\u00e9t\u00e9 d\u2019options de cadre, cadre pr\u00e9d\u00e9coup\u00e9, plastique et acier galvanis\u00e9<\/li><li>Disponible en 2\u201d, 4\u201d, 6\u201d et 12\u201d selon le cadre<\/li><li>Bo\u00eetiers \u00e0&nbsp;rebords simples et doubles \u00e9galement disponibles<\/li><li>Une grande vari\u00e9t\u00e9 de m\u00e9dias et d\u2019options de cadres sont disponibles en fonction des besoins d\u2019\u00e9limination des odeurs \/ contaminants<\/li><\/ul>\n\n\n\n<div class=\"wp-block-columns is-layout-flex wp-container-core-columns-is-layout-9d6595d7 wp-block-columns-is-layout-flex\">\n<div class=\"wp-block-column is-layout-flow wp-block-column-is-layout-flow\">\n<div class=\"wp-block-buttons is-layout-flex wp-block-buttons-is-layout-flex\">\n<div class=\"wp-block-button\"><a class=\"wp-block-button__link has-blue-background-color has-background\" href=\"\/wp-content\/uploads\/2020\/10\/FG-IAQ-_-HEGA_4pg-_-09-2020-_-FR-28.10.2020.pdf\" target=\"_blank\" rel=\"noreferrer noopener\">Fiche Produit<\/a><\/div>\n<\/div>\n<\/div>\n\n\n\n<div class=\"wp-block-column is-layout-flow wp-block-column-is-layout-flow\">\n<div class=\"wp-block-buttons is-layout-flex wp-block-buttons-is-layout-flex\">\n<div class=\"wp-block-button\"><a class=\"wp-block-button__link has-blue-background-color has-background\" href=\"https:\/\/www.filtrationgroupiaq.com\/wp-content\/uploads\/2020\/08\/FG-IAQ-_-SD-HEGA-005.pdf\" target=\"_blank\" rel=\"noreferrer noopener\">Dessin Technique<\/a><\/div>\n<\/div>\n<\/div>\n<\/div>\n<\/div><\/div>\n","protected":false},"excerpt":{"rendered":"<p>Les produits HEGA\u00ae (High Efficiency Gas Adsorbers) de Filtration Group \u00e9liminent les contaminants de l&rsquo;air gazeux et les odeurs ind\u00e9sirables.<\/p>\n","protected":false},"author":3,"featured_media":1209,"parent":1631,"menu_order":4,"comment_status":"closed","ping_status":"closed","template":"","meta":{"_acf_changed":false,"footnotes":""},"class_list":["post-1691","page","type-page","status-publish","has-post-thumbnail","hentry"],"acf":[],"yoast_head":"<!-- This site is optimized with the Yoast SEO plugin v27.3 - https:\/\/yoast.com\/product\/yoast-seo-wordpress\/ -->\n<title>PuraFilter HEGA\u00ae - Filtration Group- IAQ<\/title>\n<meta name=\"robots\" content=\"index, follow, max-snippet:-1, max-image-preview:large, max-video-preview:-1\" \/>\n<link rel=\"canonical\" href=\"https:\/\/www.filtrationgroupiaq.com\/fr\/produits\/airfiltration\/gasphase\/filtreshega\/\" \/>\n<meta property=\"og:locale\" content=\"fr_FR\" \/>\n<meta property=\"og:type\" content=\"article\" \/>\n<meta property=\"og:title\" content=\"PuraFilter HEGA\u00ae - Filtration Group- IAQ\" \/>\n<meta property=\"og:description\" content=\"Les produits HEGA\u00ae (High Efficiency Gas Adsorbers) de Filtration Group \u00e9liminent les contaminants de l&#039;air gazeux et les odeurs ind\u00e9sirables.\" \/>\n<meta property=\"og:url\" content=\"https:\/\/www.filtrationgroupiaq.com\/fr\/produits\/airfiltration\/gasphase\/filtreshega\/\" \/>\n<meta property=\"og:site_name\" content=\"Filtration Group- IAQ\" \/>\n<meta property=\"article:modified_time\" content=\"2020-10-28T22:32:29+00:00\" \/>\n<meta property=\"og:image\" content=\"https:\/\/www.filtrationgroupiaq.com\/wp-content\/uploads\/2019\/11\/hega.png\" \/>\n\t<meta property=\"og:image:width\" content=\"427\" \/>\n\t<meta property=\"og:image:height\" content=\"255\" \/>\n\t<meta property=\"og:image:type\" content=\"image\/png\" \/>\n<meta name=\"twitter:card\" content=\"summary_large_image\" \/>\n<meta name=\"twitter:label1\" content=\"Dur\u00e9e de lecture estim\u00e9e\" \/>\n\t<meta name=\"twitter:data1\" content=\"1 minute\" \/>\n<script type=\"application\/ld+json\" class=\"yoast-schema-graph\">{\"@context\":\"https:\\\/\\\/schema.org\",\"@graph\":[{\"@type\":\"WebPage\",\"@id\":\"https:\\\/\\\/www.filtrationgroupiaq.com\\\/fr\\\/produits\\\/airfiltration\\\/gasphase\\\/filtreshega\\\/\",\"url\":\"https:\\\/\\\/www.filtrationgroupiaq.com\\\/fr\\\/produits\\\/airfiltration\\\/gasphase\\\/filtreshega\\\/\",\"name\":\"PuraFilter HEGA\u00ae - Filtration Group- IAQ\",\"isPartOf\":{\"@id\":\"https:\\\/\\\/www.filtrationgroupiaq.com\\\/fr\\\/#website\"},\"primaryImageOfPage\":{\"@id\":\"https:\\\/\\\/www.filtrationgroupiaq.com\\\/fr\\\/produits\\\/airfiltration\\\/gasphase\\\/filtreshega\\\/#primaryimage\"},\"image\":{\"@id\":\"https:\\\/\\\/www.filtrationgroupiaq.com\\\/fr\\\/produits\\\/airfiltration\\\/gasphase\\\/filtreshega\\\/#primaryimage\"},\"thumbnailUrl\":\"https:\\\/\\\/www.filtrationgroupiaq.com\\\/wp-content\\\/uploads\\\/2019\\\/11\\\/hega.png\",\"datePublished\":\"2019-11-26T05:50:55+00:00\",\"dateModified\":\"2020-10-28T22:32:29+00:00\",\"breadcrumb\":{\"@id\":\"https:\\\/\\\/www.filtrationgroupiaq.com\\\/fr\\\/produits\\\/airfiltration\\\/gasphase\\\/filtreshega\\\/#breadcrumb\"},\"inLanguage\":\"fr-FR\",\"potentialAction\":[{\"@type\":\"ReadAction\",\"target\":[\"https:\\\/\\\/www.filtrationgroupiaq.com\\\/fr\\\/produits\\\/airfiltration\\\/gasphase\\\/filtreshega\\\/\"]}]},{\"@type\":\"ImageObject\",\"inLanguage\":\"fr-FR\",\"@id\":\"https:\\\/\\\/www.filtrationgroupiaq.com\\\/fr\\\/produits\\\/airfiltration\\\/gasphase\\\/filtreshega\\\/#primaryimage\",\"url\":\"https:\\\/\\\/www.filtrationgroupiaq.com\\\/wp-content\\\/uploads\\\/2019\\\/11\\\/hega.png\",\"contentUrl\":\"https:\\\/\\\/www.filtrationgroupiaq.com\\\/wp-content\\\/uploads\\\/2019\\\/11\\\/hega.png\",\"width\":427,\"height\":255},{\"@type\":\"BreadcrumbList\",\"@id\":\"https:\\\/\\\/www.filtrationgroupiaq.com\\\/fr\\\/produits\\\/airfiltration\\\/gasphase\\\/filtreshega\\\/#breadcrumb\",\"itemListElement\":[{\"@type\":\"ListItem\",\"position\":1,\"name\":\"\",\"item\":\"https:\\\/\\\/www.filtrationgroupiaq.com\\\/fr\\\/\"},{\"@type\":\"ListItem\",\"position\":2,\"name\":\"Produits\",\"item\":\"https:\\\/\\\/www.filtrationgroupiaq.com\\\/fr\\\/produits\\\/\"},{\"@type\":\"ListItem\",\"position\":3,\"name\":\"Filtration de l&#8217;Air\",\"item\":\"https:\\\/\\\/www.filtrationgroupiaq.com\\\/fr\\\/produits\\\/airfiltration\\\/\"},{\"@type\":\"ListItem\",\"position\":4,\"name\":\"S\u00e9rie PuraFilter\u00ae\",\"item\":\"https:\\\/\\\/www.filtrationgroupiaq.com\\\/fr\\\/produits\\\/airfiltration\\\/gasphase\\\/\"},{\"@type\":\"ListItem\",\"position\":5,\"name\":\"PuraFilter HEGA\u00ae\"}]},{\"@type\":\"WebSite\",\"@id\":\"https:\\\/\\\/www.filtrationgroupiaq.com\\\/fr\\\/#website\",\"url\":\"https:\\\/\\\/www.filtrationgroupiaq.com\\\/fr\\\/\",\"name\":\"Filtration Group- IAQ\",\"description\":\"Making the World Safer, Healthier and More Productive\",\"publisher\":{\"@id\":\"https:\\\/\\\/www.filtrationgroupiaq.com\\\/fr\\\/#organization\"},\"potentialAction\":[{\"@type\":\"SearchAction\",\"target\":{\"@type\":\"EntryPoint\",\"urlTemplate\":\"https:\\\/\\\/www.filtrationgroupiaq.com\\\/fr\\\/?s={search_term_string}\"},\"query-input\":{\"@type\":\"PropertyValueSpecification\",\"valueRequired\":true,\"valueName\":\"search_term_string\"}}],\"inLanguage\":\"fr-FR\"},{\"@type\":\"Organization\",\"@id\":\"https:\\\/\\\/www.filtrationgroupiaq.com\\\/fr\\\/#organization\",\"name\":\"Filtration Group\",\"url\":\"https:\\\/\\\/www.filtrationgroupiaq.com\\\/fr\\\/\",\"logo\":{\"@type\":\"ImageObject\",\"inLanguage\":\"fr-FR\",\"@id\":\"https:\\\/\\\/www.filtrationgroupiaq.com\\\/fr\\\/#\\\/schema\\\/logo\\\/image\\\/\",\"url\":\"https:\\\/\\\/www.filtrationgroupiaq.com\\\/wp-content\\\/uploads\\\/2019\\\/06\\\/FGC-logo-1.png\",\"contentUrl\":\"https:\\\/\\\/www.filtrationgroupiaq.com\\\/wp-content\\\/uploads\\\/2019\\\/06\\\/FGC-logo-1.png\",\"width\":1104,\"height\":224,\"caption\":\"Filtration Group\"},\"image\":{\"@id\":\"https:\\\/\\\/www.filtrationgroupiaq.com\\\/fr\\\/#\\\/schema\\\/logo\\\/image\\\/\"},\"sameAs\":[\"https:\\\/\\\/www.linkedin.com\\\/company\\\/11857850\\\/\"]}]}<\/script>\n<!-- \/ Yoast SEO plugin. -->","yoast_head_json":{"title":"PuraFilter HEGA\u00ae - Filtration Group- IAQ","robots":{"index":"index","follow":"follow","max-snippet":"max-snippet:-1","max-image-preview":"max-image-preview:large","max-video-preview":"max-video-preview:-1"},"canonical":"https:\/\/www.filtrationgroupiaq.com\/fr\/produits\/airfiltration\/gasphase\/filtreshega\/","og_locale":"fr_FR","og_type":"article","og_title":"PuraFilter HEGA\u00ae - Filtration Group- IAQ","og_description":"Les produits HEGA\u00ae (High Efficiency Gas Adsorbers) de Filtration Group \u00e9liminent les contaminants de l'air gazeux et les odeurs ind\u00e9sirables.","og_url":"https:\/\/www.filtrationgroupiaq.com\/fr\/produits\/airfiltration\/gasphase\/filtreshega\/","og_site_name":"Filtration Group- IAQ","article_modified_time":"2020-10-28T22:32:29+00:00","og_image":[{"width":427,"height":255,"url":"https:\/\/www.filtrationgroupiaq.com\/wp-content\/uploads\/2019\/11\/hega.png","type":"image\/png"}],"twitter_card":"summary_large_image","twitter_misc":{"Dur\u00e9e de lecture estim\u00e9e":"1 minute"},"schema":{"@context":"https:\/\/schema.org","@graph":[{"@type":"WebPage","@id":"https:\/\/www.filtrationgroupiaq.com\/fr\/produits\/airfiltration\/gasphase\/filtreshega\/","url":"https:\/\/www.filtrationgroupiaq.com\/fr\/produits\/airfiltration\/gasphase\/filtreshega\/","name":"PuraFilter HEGA\u00ae - Filtration Group- IAQ","isPartOf":{"@id":"https:\/\/www.filtrationgroupiaq.com\/fr\/#website"},"primaryImageOfPage":{"@id":"https:\/\/www.filtrationgroupiaq.com\/fr\/produits\/airfiltration\/gasphase\/filtreshega\/#primaryimage"},"image":{"@id":"https:\/\/www.filtrationgroupiaq.com\/fr\/produits\/airfiltration\/gasphase\/filtreshega\/#primaryimage"},"thumbnailUrl":"https:\/\/www.filtrationgroupiaq.com\/wp-content\/uploads\/2019\/11\/hega.png","datePublished":"2019-11-26T05:50:55+00:00","dateModified":"2020-10-28T22:32:29+00:00","breadcrumb":{"@id":"https:\/\/www.filtrationgroupiaq.com\/fr\/produits\/airfiltration\/gasphase\/filtreshega\/#breadcrumb"},"inLanguage":"fr-FR","potentialAction":[{"@type":"ReadAction","target":["https:\/\/www.filtrationgroupiaq.com\/fr\/produits\/airfiltration\/gasphase\/filtreshega\/"]}]},{"@type":"ImageObject","inLanguage":"fr-FR","@id":"https:\/\/www.filtrationgroupiaq.com\/fr\/produits\/airfiltration\/gasphase\/filtreshega\/#primaryimage","url":"https:\/\/www.filtrationgroupiaq.com\/wp-content\/uploads\/2019\/11\/hega.png","contentUrl":"https:\/\/www.filtrationgroupiaq.com\/wp-content\/uploads\/2019\/11\/hega.png","width":427,"height":255},{"@type":"BreadcrumbList","@id":"https:\/\/www.filtrationgroupiaq.com\/fr\/produits\/airfiltration\/gasphase\/filtreshega\/#breadcrumb","itemListElement":[{"@type":"ListItem","position":1,"name":"","item":"https:\/\/www.filtrationgroupiaq.com\/fr\/"},{"@type":"ListItem","position":2,"name":"Produits","item":"https:\/\/www.filtrationgroupiaq.com\/fr\/produits\/"},{"@type":"ListItem","position":3,"name":"Filtration de l&#8217;Air","item":"https:\/\/www.filtrationgroupiaq.com\/fr\/produits\/airfiltration\/"},{"@type":"ListItem","position":4,"name":"S\u00e9rie PuraFilter\u00ae","item":"https:\/\/www.filtrationgroupiaq.com\/fr\/produits\/airfiltration\/gasphase\/"},{"@type":"ListItem","position":5,"name":"PuraFilter HEGA\u00ae"}]},{"@type":"WebSite","@id":"https:\/\/www.filtrationgroupiaq.com\/fr\/#website","url":"https:\/\/www.filtrationgroupiaq.com\/fr\/","name":"Filtration Group- IAQ","description":"Making the World Safer, Healthier and More Productive","publisher":{"@id":"https:\/\/www.filtrationgroupiaq.com\/fr\/#organization"},"potentialAction":[{"@type":"SearchAction","target":{"@type":"EntryPoint","urlTemplate":"https:\/\/www.filtrationgroupiaq.com\/fr\/?s={search_term_string}"},"query-input":{"@type":"PropertyValueSpecification","valueRequired":true,"valueName":"search_term_string"}}],"inLanguage":"fr-FR"},{"@type":"Organization","@id":"https:\/\/www.filtrationgroupiaq.com\/fr\/#organization","name":"Filtration Group","url":"https:\/\/www.filtrationgroupiaq.com\/fr\/","logo":{"@type":"ImageObject","inLanguage":"fr-FR","@id":"https:\/\/www.filtrationgroupiaq.com\/fr\/#\/schema\/logo\/image\/","url":"https:\/\/www.filtrationgroupiaq.com\/wp-content\/uploads\/2019\/06\/FGC-logo-1.png","contentUrl":"https:\/\/www.filtrationgroupiaq.com\/wp-content\/uploads\/2019\/06\/FGC-logo-1.png","width":1104,"height":224,"caption":"Filtration Group"},"image":{"@id":"https:\/\/www.filtrationgroupiaq.com\/fr\/#\/schema\/logo\/image\/"},"sameAs":["https:\/\/www.linkedin.com\/company\/11857850\/"]}]}},"_links":{"self":[{"href":"https:\/\/www.filtrationgroupiaq.com\/fr\/wp-json\/wp\/v2\/pages\/1691","targetHints":{"allow":["GET"]}}],"collection":[{"href":"https:\/\/www.filtrationgroupiaq.com\/fr\/wp-json\/wp\/v2\/pages"}],"about":[{"href":"https:\/\/www.filtrationgroupiaq.com\/fr\/wp-json\/wp\/v2\/types\/page"}],"author":[{"embeddable":true,"href":"https:\/\/www.filtrationgroupiaq.com\/fr\/wp-json\/wp\/v2\/users\/3"}],"replies":[{"embeddable":true,"href":"https:\/\/www.filtrationgroupiaq.com\/fr\/wp-json\/wp\/v2\/comments?post=1691"}],"version-history":[{"count":0,"href":"https:\/\/www.filtrationgroupiaq.com\/fr\/wp-json\/wp\/v2\/pages\/1691\/revisions"}],"up":[{"embeddable":true,"href":"https:\/\/www.filtrationgroupiaq.com\/fr\/wp-json\/wp\/v2\/pages\/1631"}],"wp:featuredmedia":[{"embeddable":true,"href":"https:\/\/www.filtrationgroupiaq.com\/fr\/wp-json\/wp\/v2\/media\/1209"}],"wp:attachment":[{"href":"https:\/\/www.filtrationgroupiaq.com\/fr\/wp-json\/wp\/v2\/media?parent=1691"}],"curies":[{"name":"wp","href":"https:\/\/api.w.org\/{rel}","templated":true}]}}