{"id":1802,"date":"2019-11-26T15:15:43","date_gmt":"2019-11-26T20:15:43","guid":{"rendered":"http:\/\/dafcoprod.wpengine.com\/?page_id=1802"},"modified":"2020-09-24T08:10:00","modified_gmt":"2020-09-24T13:10:00","slug":"dbs","status":"publish","type":"page","link":"https:\/\/www.filtrationgroupiaq.com\/fr\/produits\/equipement\/equipment-chimique\/controle-corrosion\/dbs\/","title":{"rendered":"\u00c9purateur d&rsquo;Air \u00e0 d\u00e9charge profonde pour le Contr\u00f4le de la Corrosion"},"content":{"rendered":"\n<div class=\"wp-block-cover alignfull has-background-dim-10 has-black-background-color has-background-dim hero-small\" style=\"background-image:url(https:\/\/www.filtrationgroupiaq.com\/wp-content\/uploads\/2020\/07\/banner-web7-3.png);background-position:20% 20%;min-height:324px;aspect-ratio:unset;\"><div class=\"wp-block-cover__inner-container is-layout-flow wp-block-cover-is-layout-flow\">\n<p class=\"has-text-align-center has-large-font-size\"><strong>\u00c9purateur d&rsquo;Air \u00e0 d\u00e9charge profonde pour le Contr\u00f4le de la Corrosion<\/strong><\/p>\n<\/div><\/div>\n\n\n\n<div class=\"wp-block-media-text has-media-on-the-right is-stacked-on-mobile\"><figure class=\"wp-block-media-text__media\"><img loading=\"lazy\" decoding=\"async\" width=\"575\" height=\"371\" src=\"https:\/\/www.filtrationgroupiaq.com\/wp-content\/uploads\/2019\/11\/DBS_1.png\" alt=\"\" class=\"wp-image-1063\" srcset=\"https:\/\/www.filtrationgroupiaq.com\/wp-content\/uploads\/2019\/11\/DBS_1.png 575w, https:\/\/www.filtrationgroupiaq.com\/wp-content\/uploads\/2019\/11\/DBS_1-300x194.png 300w\" sizes=\"auto, (max-width: 575px) 100vw, 575px\" \/><\/figure><div class=\"wp-block-media-text__content\">\n<p>L&rsquo;\u00c9purateur d&rsquo;Air est un \u00e9purateur de m\u00e9dias en vrac tr\u00e8s efficace con\u00e7u pour les environnements contr\u00f4l\u00e9s avec des niveaux de gaz contaminants moyens \u00e0 \u00e9lev\u00e9s. Il&nbsp;corrige les effets corrosifs des gaz et r\u00e9pond aux normes strictes de qualit\u00e9 de l\u2019air \u00e9tablies par l\u2019International Society of Automation (ISA). Il existe dans une large gamme de tailles. L&rsquo;\u00c9purateur fonctionne \u00e9galement, si n\u00e9cessaire, en tant qu&rsquo;application de protection en place pour prot\u00e9ger les employ\u00e9s.<\/p>\n\n\n\n<p>L&rsquo;\u00c9purateur est un grand laveur \u00e0 m\u00e9dia en vrac qui \u00e9limine les concentrations \u00e9lev\u00e9es de gaz cibles avec un flux d&rsquo;air horizontal tr\u00e8s \u00e9lev\u00e9 sur les march\u00e9s municipaux et industriels. Cet \u00e9quipement est indiqu\u00e9 pour diff\u00e9rentes applications telles que les salles de criblage, les ouvrages de t\u00eate, les grandes stations de pompage, les raffineries et les usines p\u00e9trochimiques. Il est \u00e9galement utilis\u00e9 pour polir l\u2019air du biofiltre.<\/p>\n\n\n\n<div class=\"wp-block-buttons is-layout-flex wp-block-buttons-is-layout-flex\">\n<div class=\"wp-block-button\"><a class=\"wp-block-button__link has-blue-background-color has-background\" href=\"\/wp-content\/uploads\/2020\/08\/FG-IAQ-_-Deep-Bed-Scrubber-for-Corrosion-Control-Bulletin.pdf\" target=\"_blank\" rel=\"noreferrer noopener\">Fiche produit<\/a><\/div>\n<\/div>\n<\/div><\/div>\n","protected":false},"excerpt":{"rendered":"","protected":false},"author":3,"featured_media":1252,"parent":1759,"menu_order":0,"comment_status":"closed","ping_status":"closed","template":"","meta":{"_acf_changed":false,"footnotes":""},"class_list":["post-1802","page","type-page","status-publish","has-post-thumbnail","hentry"],"acf":[],"yoast_head":"<!-- This site is optimized with the Yoast SEO plugin v27.3 - https:\/\/yoast.com\/product\/yoast-seo-wordpress\/ -->\n<title>\u00c9purateur d&#039;Air \u00e0 d\u00e9charge profonde pour le Contr\u00f4le de la Corrosion - Filtration Group- IAQ<\/title>\n<meta name=\"robots\" content=\"index, follow, max-snippet:-1, max-image-preview:large, max-video-preview:-1\" \/>\n<link rel=\"canonical\" href=\"https:\/\/www.filtrationgroupiaq.com\/fr\/produits\/equipement\/equipment-chimique\/controle-corrosion\/dbs\/\" \/>\n<meta property=\"og:locale\" content=\"fr_FR\" \/>\n<meta property=\"og:type\" content=\"article\" \/>\n<meta property=\"og:title\" content=\"\u00c9purateur d&#039;Air \u00e0 d\u00e9charge profonde pour le Contr\u00f4le de la Corrosion - Filtration Group- IAQ\" \/>\n<meta property=\"og:url\" content=\"https:\/\/www.filtrationgroupiaq.com\/fr\/produits\/equipement\/equipment-chimique\/controle-corrosion\/dbs\/\" \/>\n<meta property=\"og:site_name\" content=\"Filtration Group- IAQ\" \/>\n<meta property=\"article:modified_time\" content=\"2020-09-24T13:10:00+00:00\" \/>\n<meta property=\"og:image\" content=\"https:\/\/www.filtrationgroupiaq.com\/wp-content\/uploads\/2019\/11\/chemicalqeuipment.png\" \/>\n\t<meta property=\"og:image:width\" content=\"427\" \/>\n\t<meta property=\"og:image:height\" content=\"255\" \/>\n\t<meta property=\"og:image:type\" content=\"image\/png\" \/>\n<meta name=\"twitter:card\" content=\"summary_large_image\" \/>\n<meta name=\"twitter:label1\" content=\"Dur\u00e9e de lecture estim\u00e9e\" \/>\n\t<meta name=\"twitter:data1\" content=\"1 minute\" \/>\n<script type=\"application\/ld+json\" class=\"yoast-schema-graph\">{\"@context\":\"https:\\\/\\\/schema.org\",\"@graph\":[{\"@type\":\"WebPage\",\"@id\":\"https:\\\/\\\/www.filtrationgroupiaq.com\\\/fr\\\/produits\\\/equipement\\\/equipment-chimique\\\/controle-corrosion\\\/dbs\\\/\",\"url\":\"https:\\\/\\\/www.filtrationgroupiaq.com\\\/fr\\\/produits\\\/equipement\\\/equipment-chimique\\\/controle-corrosion\\\/dbs\\\/\",\"name\":\"\u00c9purateur d'Air \u00e0 d\u00e9charge profonde pour le Contr\u00f4le de la Corrosion - Filtration Group- IAQ\",\"isPartOf\":{\"@id\":\"https:\\\/\\\/www.filtrationgroupiaq.com\\\/fr\\\/#website\"},\"primaryImageOfPage\":{\"@id\":\"https:\\\/\\\/www.filtrationgroupiaq.com\\\/fr\\\/produits\\\/equipement\\\/equipment-chimique\\\/controle-corrosion\\\/dbs\\\/#primaryimage\"},\"image\":{\"@id\":\"https:\\\/\\\/www.filtrationgroupiaq.com\\\/fr\\\/produits\\\/equipement\\\/equipment-chimique\\\/controle-corrosion\\\/dbs\\\/#primaryimage\"},\"thumbnailUrl\":\"https:\\\/\\\/www.filtrationgroupiaq.com\\\/wp-content\\\/uploads\\\/2019\\\/11\\\/chemicalqeuipment.png\",\"datePublished\":\"2019-11-26T20:15:43+00:00\",\"dateModified\":\"2020-09-24T13:10:00+00:00\",\"breadcrumb\":{\"@id\":\"https:\\\/\\\/www.filtrationgroupiaq.com\\\/fr\\\/produits\\\/equipement\\\/equipment-chimique\\\/controle-corrosion\\\/dbs\\\/#breadcrumb\"},\"inLanguage\":\"fr-FR\",\"potentialAction\":[{\"@type\":\"ReadAction\",\"target\":[\"https:\\\/\\\/www.filtrationgroupiaq.com\\\/fr\\\/produits\\\/equipement\\\/equipment-chimique\\\/controle-corrosion\\\/dbs\\\/\"]}]},{\"@type\":\"ImageObject\",\"inLanguage\":\"fr-FR\",\"@id\":\"https:\\\/\\\/www.filtrationgroupiaq.com\\\/fr\\\/produits\\\/equipement\\\/equipment-chimique\\\/controle-corrosion\\\/dbs\\\/#primaryimage\",\"url\":\"https:\\\/\\\/www.filtrationgroupiaq.com\\\/wp-content\\\/uploads\\\/2019\\\/11\\\/chemicalqeuipment.png\",\"contentUrl\":\"https:\\\/\\\/www.filtrationgroupiaq.com\\\/wp-content\\\/uploads\\\/2019\\\/11\\\/chemicalqeuipment.png\",\"width\":427,\"height\":255},{\"@type\":\"BreadcrumbList\",\"@id\":\"https:\\\/\\\/www.filtrationgroupiaq.com\\\/fr\\\/produits\\\/equipement\\\/equipment-chimique\\\/controle-corrosion\\\/dbs\\\/#breadcrumb\",\"itemListElement\":[{\"@type\":\"ListItem\",\"position\":1,\"name\":\"\",\"item\":\"https:\\\/\\\/www.filtrationgroupiaq.com\\\/fr\\\/\"},{\"@type\":\"ListItem\",\"position\":2,\"name\":\"Produits\",\"item\":\"https:\\\/\\\/www.filtrationgroupiaq.com\\\/fr\\\/produits\\\/\"},{\"@type\":\"ListItem\",\"position\":3,\"name\":\"\u00c9quipement\",\"item\":\"https:\\\/\\\/www.filtrationgroupiaq.com\\\/fr\\\/produits\\\/equipement\\\/\"},{\"@type\":\"ListItem\",\"position\":4,\"name\":\"\u00c9quipment Chimique\",\"item\":\"https:\\\/\\\/www.filtrationgroupiaq.com\\\/fr\\\/produits\\\/equipement\\\/equipment-chimique\\\/\"},{\"@type\":\"ListItem\",\"position\":5,\"name\":\"Contr\u00f4le de la Corrosion\",\"item\":\"https:\\\/\\\/www.filtrationgroupiaq.com\\\/fr\\\/produits\\\/equipement\\\/equipment-chimique\\\/controle-corrosion\\\/\"},{\"@type\":\"ListItem\",\"position\":6,\"name\":\"\u00c9purateur d&#8217;Air \u00e0 d\u00e9charge profonde pour le Contr\u00f4le de la Corrosion\"}]},{\"@type\":\"WebSite\",\"@id\":\"https:\\\/\\\/www.filtrationgroupiaq.com\\\/fr\\\/#website\",\"url\":\"https:\\\/\\\/www.filtrationgroupiaq.com\\\/fr\\\/\",\"name\":\"Filtration Group- IAQ\",\"description\":\"Making the World Safer, Healthier and More Productive\",\"publisher\":{\"@id\":\"https:\\\/\\\/www.filtrationgroupiaq.com\\\/fr\\\/#organization\"},\"potentialAction\":[{\"@type\":\"SearchAction\",\"target\":{\"@type\":\"EntryPoint\",\"urlTemplate\":\"https:\\\/\\\/www.filtrationgroupiaq.com\\\/fr\\\/?s={search_term_string}\"},\"query-input\":{\"@type\":\"PropertyValueSpecification\",\"valueRequired\":true,\"valueName\":\"search_term_string\"}}],\"inLanguage\":\"fr-FR\"},{\"@type\":\"Organization\",\"@id\":\"https:\\\/\\\/www.filtrationgroupiaq.com\\\/fr\\\/#organization\",\"name\":\"Filtration Group\",\"url\":\"https:\\\/\\\/www.filtrationgroupiaq.com\\\/fr\\\/\",\"logo\":{\"@type\":\"ImageObject\",\"inLanguage\":\"fr-FR\",\"@id\":\"https:\\\/\\\/www.filtrationgroupiaq.com\\\/fr\\\/#\\\/schema\\\/logo\\\/image\\\/\",\"url\":\"https:\\\/\\\/www.filtrationgroupiaq.com\\\/wp-content\\\/uploads\\\/2019\\\/06\\\/FGC-logo-1.png\",\"contentUrl\":\"https:\\\/\\\/www.filtrationgroupiaq.com\\\/wp-content\\\/uploads\\\/2019\\\/06\\\/FGC-logo-1.png\",\"width\":1104,\"height\":224,\"caption\":\"Filtration Group\"},\"image\":{\"@id\":\"https:\\\/\\\/www.filtrationgroupiaq.com\\\/fr\\\/#\\\/schema\\\/logo\\\/image\\\/\"},\"sameAs\":[\"https:\\\/\\\/www.linkedin.com\\\/company\\\/11857850\\\/\"]}]}<\/script>\n<!-- \/ Yoast SEO plugin. -->","yoast_head_json":{"title":"\u00c9purateur d'Air \u00e0 d\u00e9charge profonde pour le Contr\u00f4le de la Corrosion - Filtration Group- IAQ","robots":{"index":"index","follow":"follow","max-snippet":"max-snippet:-1","max-image-preview":"max-image-preview:large","max-video-preview":"max-video-preview:-1"},"canonical":"https:\/\/www.filtrationgroupiaq.com\/fr\/produits\/equipement\/equipment-chimique\/controle-corrosion\/dbs\/","og_locale":"fr_FR","og_type":"article","og_title":"\u00c9purateur d'Air \u00e0 d\u00e9charge profonde pour le Contr\u00f4le de la Corrosion - Filtration Group- IAQ","og_url":"https:\/\/www.filtrationgroupiaq.com\/fr\/produits\/equipement\/equipment-chimique\/controle-corrosion\/dbs\/","og_site_name":"Filtration Group- IAQ","article_modified_time":"2020-09-24T13:10:00+00:00","og_image":[{"width":427,"height":255,"url":"https:\/\/www.filtrationgroupiaq.com\/wp-content\/uploads\/2019\/11\/chemicalqeuipment.png","type":"image\/png"}],"twitter_card":"summary_large_image","twitter_misc":{"Dur\u00e9e de lecture estim\u00e9e":"1 minute"},"schema":{"@context":"https:\/\/schema.org","@graph":[{"@type":"WebPage","@id":"https:\/\/www.filtrationgroupiaq.com\/fr\/produits\/equipement\/equipment-chimique\/controle-corrosion\/dbs\/","url":"https:\/\/www.filtrationgroupiaq.com\/fr\/produits\/equipement\/equipment-chimique\/controle-corrosion\/dbs\/","name":"\u00c9purateur d'Air \u00e0 d\u00e9charge profonde pour le Contr\u00f4le de la Corrosion - Filtration Group- IAQ","isPartOf":{"@id":"https:\/\/www.filtrationgroupiaq.com\/fr\/#website"},"primaryImageOfPage":{"@id":"https:\/\/www.filtrationgroupiaq.com\/fr\/produits\/equipement\/equipment-chimique\/controle-corrosion\/dbs\/#primaryimage"},"image":{"@id":"https:\/\/www.filtrationgroupiaq.com\/fr\/produits\/equipement\/equipment-chimique\/controle-corrosion\/dbs\/#primaryimage"},"thumbnailUrl":"https:\/\/www.filtrationgroupiaq.com\/wp-content\/uploads\/2019\/11\/chemicalqeuipment.png","datePublished":"2019-11-26T20:15:43+00:00","dateModified":"2020-09-24T13:10:00+00:00","breadcrumb":{"@id":"https:\/\/www.filtrationgroupiaq.com\/fr\/produits\/equipement\/equipment-chimique\/controle-corrosion\/dbs\/#breadcrumb"},"inLanguage":"fr-FR","potentialAction":[{"@type":"ReadAction","target":["https:\/\/www.filtrationgroupiaq.com\/fr\/produits\/equipement\/equipment-chimique\/controle-corrosion\/dbs\/"]}]},{"@type":"ImageObject","inLanguage":"fr-FR","@id":"https:\/\/www.filtrationgroupiaq.com\/fr\/produits\/equipement\/equipment-chimique\/controle-corrosion\/dbs\/#primaryimage","url":"https:\/\/www.filtrationgroupiaq.com\/wp-content\/uploads\/2019\/11\/chemicalqeuipment.png","contentUrl":"https:\/\/www.filtrationgroupiaq.com\/wp-content\/uploads\/2019\/11\/chemicalqeuipment.png","width":427,"height":255},{"@type":"BreadcrumbList","@id":"https:\/\/www.filtrationgroupiaq.com\/fr\/produits\/equipement\/equipment-chimique\/controle-corrosion\/dbs\/#breadcrumb","itemListElement":[{"@type":"ListItem","position":1,"name":"","item":"https:\/\/www.filtrationgroupiaq.com\/fr\/"},{"@type":"ListItem","position":2,"name":"Produits","item":"https:\/\/www.filtrationgroupiaq.com\/fr\/produits\/"},{"@type":"ListItem","position":3,"name":"\u00c9quipement","item":"https:\/\/www.filtrationgroupiaq.com\/fr\/produits\/equipement\/"},{"@type":"ListItem","position":4,"name":"\u00c9quipment Chimique","item":"https:\/\/www.filtrationgroupiaq.com\/fr\/produits\/equipement\/equipment-chimique\/"},{"@type":"ListItem","position":5,"name":"Contr\u00f4le de la Corrosion","item":"https:\/\/www.filtrationgroupiaq.com\/fr\/produits\/equipement\/equipment-chimique\/controle-corrosion\/"},{"@type":"ListItem","position":6,"name":"\u00c9purateur d&#8217;Air \u00e0 d\u00e9charge profonde pour le Contr\u00f4le de la Corrosion"}]},{"@type":"WebSite","@id":"https:\/\/www.filtrationgroupiaq.com\/fr\/#website","url":"https:\/\/www.filtrationgroupiaq.com\/fr\/","name":"Filtration Group- IAQ","description":"Making the World Safer, Healthier and More Productive","publisher":{"@id":"https:\/\/www.filtrationgroupiaq.com\/fr\/#organization"},"potentialAction":[{"@type":"SearchAction","target":{"@type":"EntryPoint","urlTemplate":"https:\/\/www.filtrationgroupiaq.com\/fr\/?s={search_term_string}"},"query-input":{"@type":"PropertyValueSpecification","valueRequired":true,"valueName":"search_term_string"}}],"inLanguage":"fr-FR"},{"@type":"Organization","@id":"https:\/\/www.filtrationgroupiaq.com\/fr\/#organization","name":"Filtration Group","url":"https:\/\/www.filtrationgroupiaq.com\/fr\/","logo":{"@type":"ImageObject","inLanguage":"fr-FR","@id":"https:\/\/www.filtrationgroupiaq.com\/fr\/#\/schema\/logo\/image\/","url":"https:\/\/www.filtrationgroupiaq.com\/wp-content\/uploads\/2019\/06\/FGC-logo-1.png","contentUrl":"https:\/\/www.filtrationgroupiaq.com\/wp-content\/uploads\/2019\/06\/FGC-logo-1.png","width":1104,"height":224,"caption":"Filtration Group"},"image":{"@id":"https:\/\/www.filtrationgroupiaq.com\/fr\/#\/schema\/logo\/image\/"},"sameAs":["https:\/\/www.linkedin.com\/company\/11857850\/"]}]}},"_links":{"self":[{"href":"https:\/\/www.filtrationgroupiaq.com\/fr\/wp-json\/wp\/v2\/pages\/1802","targetHints":{"allow":["GET"]}}],"collection":[{"href":"https:\/\/www.filtrationgroupiaq.com\/fr\/wp-json\/wp\/v2\/pages"}],"about":[{"href":"https:\/\/www.filtrationgroupiaq.com\/fr\/wp-json\/wp\/v2\/types\/page"}],"author":[{"embeddable":true,"href":"https:\/\/www.filtrationgroupiaq.com\/fr\/wp-json\/wp\/v2\/users\/3"}],"replies":[{"embeddable":true,"href":"https:\/\/www.filtrationgroupiaq.com\/fr\/wp-json\/wp\/v2\/comments?post=1802"}],"version-history":[{"count":0,"href":"https:\/\/www.filtrationgroupiaq.com\/fr\/wp-json\/wp\/v2\/pages\/1802\/revisions"}],"up":[{"embeddable":true,"href":"https:\/\/www.filtrationgroupiaq.com\/fr\/wp-json\/wp\/v2\/pages\/1759"}],"wp:featuredmedia":[{"embeddable":true,"href":"https:\/\/www.filtrationgroupiaq.com\/fr\/wp-json\/wp\/v2\/media\/1252"}],"wp:attachment":[{"href":"https:\/\/www.filtrationgroupiaq.com\/fr\/wp-json\/wp\/v2\/media?parent=1802"}],"curies":[{"name":"wp","href":"https:\/\/api.w.org\/{rel}","templated":true}]}}