{"id":1808,"date":"2019-11-26T15:19:57","date_gmt":"2019-11-26T20:19:57","guid":{"rendered":"http:\/\/dafcoprod.wpengine.com\/?page_id=1808"},"modified":"2020-09-09T10:21:25","modified_gmt":"2020-09-09T15:21:25","slug":"caisson-acces-lateral","status":"publish","type":"page","link":"https:\/\/www.filtrationgroupiaq.com\/fr\/produits\/equipement\/equipment-chimique\/controle-corrosion\/caisson-acces-lateral\/","title":{"rendered":"Caisson Acc\u00e8s Lat\u00e9ral"},"content":{"rendered":"\n<div class=\"wp-block-cover alignfull has-background-dim-10 has-black-background-color has-background-dim hero-small\" style=\"background-image:url(https:\/\/www.filtrationgroupiaq.com\/wp-content\/uploads\/2020\/07\/banner-web7-3.png);background-position:20% 20%;min-height:324px;aspect-ratio:unset;\"><div class=\"wp-block-cover__inner-container is-layout-flow wp-block-cover-is-layout-flow\">\n<p style=\"font-size:45px\" class=\"has-text-align-center\"><strong>Caisson Acc\u00e8s Lat\u00e9ral<\/strong><\/p>\n<\/div><\/div>\n\n\n\n<div class=\"wp-block-media-text has-media-on-the-right is-stacked-on-mobile\"><figure class=\"wp-block-media-text__media\"><img loading=\"lazy\" decoding=\"async\" width=\"557\" height=\"371\" src=\"https:\/\/www.filtrationgroupiaq.com\/wp-content\/uploads\/2019\/11\/PSA-copy.png\" alt=\"Purafil Side Access (PSA)\" class=\"wp-image-1056\" srcset=\"https:\/\/www.filtrationgroupiaq.com\/wp-content\/uploads\/2019\/11\/PSA-copy.png 557w, https:\/\/www.filtrationgroupiaq.com\/wp-content\/uploads\/2019\/11\/PSA-copy-300x200.png 300w, https:\/\/www.filtrationgroupiaq.com\/wp-content\/uploads\/2019\/11\/PSA-copy-272x182.png 272w\" sizes=\"auto, (max-width: 557px) 100vw, 557px\" \/><\/figure><div class=\"wp-block-media-text__content\">\n<p>Le Caisson \u00e0 Acc\u00e8s Lat\u00e9ral Purafil est con\u00e7u pour \u00e9liminer les polluants particulaires et gazeux afin de contr\u00f4ler les contaminants. Connect\u00e9 \u00e0 un syst\u00e8me CVC nouveau ou existant, une gamme compl\u00e8te de tailles contr\u00f4le les odeurs, la corrosion et les polluants atmosph\u00e9riques pour une vari\u00e9t\u00e9 de param\u00e8tres int\u00e9rieurs.<\/p>\n<\/div><\/div>\n\n\n\n<div class=\"wp-block-button blank btn-half-width\"><a class=\"wp-block-button__link has-background has-blue-background-color\" href=\"\/wp-content\/uploads\/2020\/08\/FG-IAQ-_-Side-Access-Bulletin.pdf\" target=\"_blank\" rel=\"noreferrer noopener\">Fiche produit<\/a><\/div>\n","protected":false},"excerpt":{"rendered":"<p>Le Caisson \u00e0 Acc\u00e8s Lat\u00e9ral Purafil est con\u00e7u pour \u00e9liminer les polluants particulaires et gazeux afin de contr\u00f4ler les contaminants. Connect\u00e9 \u00e0 un syst\u00e8me CVC nouveau ou existant, une gamme compl\u00e8te de tailles contr\u00f4le les odeurs, la corrosion et les polluants atmosph\u00e9riques pour une vari\u00e9t\u00e9 de param\u00e8tres int\u00e9rieurs.<\/p>\n","protected":false},"author":3,"featured_media":1260,"parent":1759,"menu_order":0,"comment_status":"closed","ping_status":"closed","template":"","meta":{"_acf_changed":false,"footnotes":""},"class_list":["post-1808","page","type-page","status-publish","has-post-thumbnail","hentry"],"acf":[],"yoast_head":"<!-- This site is optimized with the Yoast SEO plugin v27.3 - https:\/\/yoast.com\/product\/yoast-seo-wordpress\/ -->\n<title>Caisson Acc\u00e8s Lat\u00e9ral - Filtration Group- IAQ<\/title>\n<meta name=\"robots\" content=\"index, follow, max-snippet:-1, max-image-preview:large, max-video-preview:-1\" \/>\n<link rel=\"canonical\" href=\"https:\/\/www.filtrationgroupiaq.com\/fr\/produits\/equipement\/equipment-chimique\/controle-corrosion\/caisson-acces-lateral\/\" \/>\n<meta property=\"og:locale\" content=\"fr_FR\" \/>\n<meta property=\"og:type\" content=\"article\" \/>\n<meta property=\"og:title\" content=\"Caisson Acc\u00e8s Lat\u00e9ral - Filtration Group- IAQ\" \/>\n<meta property=\"og:description\" content=\"Le Caisson \u00e0 Acc\u00e8s Lat\u00e9ral Purafil est con\u00e7u pour \u00e9liminer les polluants particulaires et gazeux afin de contr\u00f4ler les contaminants. Connect\u00e9 \u00e0 un syst\u00e8me CVC nouveau ou existant, une gamme compl\u00e8te de tailles contr\u00f4le les odeurs, la corrosion et les polluants atmosph\u00e9riques pour une vari\u00e9t\u00e9 de param\u00e8tres int\u00e9rieurs.\" \/>\n<meta property=\"og:url\" content=\"https:\/\/www.filtrationgroupiaq.com\/fr\/produits\/equipement\/equipment-chimique\/controle-corrosion\/caisson-acces-lateral\/\" \/>\n<meta property=\"og:site_name\" content=\"Filtration Group- IAQ\" \/>\n<meta property=\"article:modified_time\" content=\"2020-09-09T15:21:25+00:00\" \/>\n<meta property=\"og:image\" content=\"https:\/\/www.filtrationgroupiaq.com\/wp-content\/uploads\/2019\/11\/Purafil-Side-Access.png\" \/>\n\t<meta property=\"og:image:width\" content=\"427\" \/>\n\t<meta property=\"og:image:height\" content=\"255\" \/>\n\t<meta property=\"og:image:type\" content=\"image\/png\" \/>\n<meta name=\"twitter:card\" content=\"summary_large_image\" \/>\n<script type=\"application\/ld+json\" class=\"yoast-schema-graph\">{\"@context\":\"https:\\\/\\\/schema.org\",\"@graph\":[{\"@type\":\"WebPage\",\"@id\":\"https:\\\/\\\/www.filtrationgroupiaq.com\\\/fr\\\/produits\\\/equipement\\\/equipment-chimique\\\/controle-corrosion\\\/caisson-acces-lateral\\\/\",\"url\":\"https:\\\/\\\/www.filtrationgroupiaq.com\\\/fr\\\/produits\\\/equipement\\\/equipment-chimique\\\/controle-corrosion\\\/caisson-acces-lateral\\\/\",\"name\":\"Caisson Acc\u00e8s Lat\u00e9ral - Filtration Group- IAQ\",\"isPartOf\":{\"@id\":\"https:\\\/\\\/www.filtrationgroupiaq.com\\\/fr\\\/#website\"},\"primaryImageOfPage\":{\"@id\":\"https:\\\/\\\/www.filtrationgroupiaq.com\\\/fr\\\/produits\\\/equipement\\\/equipment-chimique\\\/controle-corrosion\\\/caisson-acces-lateral\\\/#primaryimage\"},\"image\":{\"@id\":\"https:\\\/\\\/www.filtrationgroupiaq.com\\\/fr\\\/produits\\\/equipement\\\/equipment-chimique\\\/controle-corrosion\\\/caisson-acces-lateral\\\/#primaryimage\"},\"thumbnailUrl\":\"https:\\\/\\\/www.filtrationgroupiaq.com\\\/wp-content\\\/uploads\\\/2019\\\/11\\\/Purafil-Side-Access.png\",\"datePublished\":\"2019-11-26T20:19:57+00:00\",\"dateModified\":\"2020-09-09T15:21:25+00:00\",\"breadcrumb\":{\"@id\":\"https:\\\/\\\/www.filtrationgroupiaq.com\\\/fr\\\/produits\\\/equipement\\\/equipment-chimique\\\/controle-corrosion\\\/caisson-acces-lateral\\\/#breadcrumb\"},\"inLanguage\":\"fr-FR\",\"potentialAction\":[{\"@type\":\"ReadAction\",\"target\":[\"https:\\\/\\\/www.filtrationgroupiaq.com\\\/fr\\\/produits\\\/equipement\\\/equipment-chimique\\\/controle-corrosion\\\/caisson-acces-lateral\\\/\"]}]},{\"@type\":\"ImageObject\",\"inLanguage\":\"fr-FR\",\"@id\":\"https:\\\/\\\/www.filtrationgroupiaq.com\\\/fr\\\/produits\\\/equipement\\\/equipment-chimique\\\/controle-corrosion\\\/caisson-acces-lateral\\\/#primaryimage\",\"url\":\"https:\\\/\\\/www.filtrationgroupiaq.com\\\/wp-content\\\/uploads\\\/2019\\\/11\\\/Purafil-Side-Access.png\",\"contentUrl\":\"https:\\\/\\\/www.filtrationgroupiaq.com\\\/wp-content\\\/uploads\\\/2019\\\/11\\\/Purafil-Side-Access.png\",\"width\":427,\"height\":255},{\"@type\":\"BreadcrumbList\",\"@id\":\"https:\\\/\\\/www.filtrationgroupiaq.com\\\/fr\\\/produits\\\/equipement\\\/equipment-chimique\\\/controle-corrosion\\\/caisson-acces-lateral\\\/#breadcrumb\",\"itemListElement\":[{\"@type\":\"ListItem\",\"position\":1,\"name\":\"\",\"item\":\"https:\\\/\\\/www.filtrationgroupiaq.com\\\/fr\\\/\"},{\"@type\":\"ListItem\",\"position\":2,\"name\":\"Produits\",\"item\":\"https:\\\/\\\/www.filtrationgroupiaq.com\\\/fr\\\/produits\\\/\"},{\"@type\":\"ListItem\",\"position\":3,\"name\":\"\u00c9quipement\",\"item\":\"https:\\\/\\\/www.filtrationgroupiaq.com\\\/fr\\\/produits\\\/equipement\\\/\"},{\"@type\":\"ListItem\",\"position\":4,\"name\":\"\u00c9quipment Chimique\",\"item\":\"https:\\\/\\\/www.filtrationgroupiaq.com\\\/fr\\\/produits\\\/equipement\\\/equipment-chimique\\\/\"},{\"@type\":\"ListItem\",\"position\":5,\"name\":\"Contr\u00f4le de la Corrosion\",\"item\":\"https:\\\/\\\/www.filtrationgroupiaq.com\\\/fr\\\/produits\\\/equipement\\\/equipment-chimique\\\/controle-corrosion\\\/\"},{\"@type\":\"ListItem\",\"position\":6,\"name\":\"Caisson Acc\u00e8s Lat\u00e9ral\"}]},{\"@type\":\"WebSite\",\"@id\":\"https:\\\/\\\/www.filtrationgroupiaq.com\\\/fr\\\/#website\",\"url\":\"https:\\\/\\\/www.filtrationgroupiaq.com\\\/fr\\\/\",\"name\":\"Filtration Group- IAQ\",\"description\":\"Making the World Safer, Healthier and More Productive\",\"publisher\":{\"@id\":\"https:\\\/\\\/www.filtrationgroupiaq.com\\\/fr\\\/#organization\"},\"potentialAction\":[{\"@type\":\"SearchAction\",\"target\":{\"@type\":\"EntryPoint\",\"urlTemplate\":\"https:\\\/\\\/www.filtrationgroupiaq.com\\\/fr\\\/?s={search_term_string}\"},\"query-input\":{\"@type\":\"PropertyValueSpecification\",\"valueRequired\":true,\"valueName\":\"search_term_string\"}}],\"inLanguage\":\"fr-FR\"},{\"@type\":\"Organization\",\"@id\":\"https:\\\/\\\/www.filtrationgroupiaq.com\\\/fr\\\/#organization\",\"name\":\"Filtration Group\",\"url\":\"https:\\\/\\\/www.filtrationgroupiaq.com\\\/fr\\\/\",\"logo\":{\"@type\":\"ImageObject\",\"inLanguage\":\"fr-FR\",\"@id\":\"https:\\\/\\\/www.filtrationgroupiaq.com\\\/fr\\\/#\\\/schema\\\/logo\\\/image\\\/\",\"url\":\"https:\\\/\\\/www.filtrationgroupiaq.com\\\/wp-content\\\/uploads\\\/2019\\\/06\\\/FGC-logo-1.png\",\"contentUrl\":\"https:\\\/\\\/www.filtrationgroupiaq.com\\\/wp-content\\\/uploads\\\/2019\\\/06\\\/FGC-logo-1.png\",\"width\":1104,\"height\":224,\"caption\":\"Filtration Group\"},\"image\":{\"@id\":\"https:\\\/\\\/www.filtrationgroupiaq.com\\\/fr\\\/#\\\/schema\\\/logo\\\/image\\\/\"},\"sameAs\":[\"https:\\\/\\\/www.linkedin.com\\\/company\\\/11857850\\\/\"]}]}<\/script>\n<!-- \/ Yoast SEO plugin. -->","yoast_head_json":{"title":"Caisson Acc\u00e8s Lat\u00e9ral - Filtration Group- IAQ","robots":{"index":"index","follow":"follow","max-snippet":"max-snippet:-1","max-image-preview":"max-image-preview:large","max-video-preview":"max-video-preview:-1"},"canonical":"https:\/\/www.filtrationgroupiaq.com\/fr\/produits\/equipement\/equipment-chimique\/controle-corrosion\/caisson-acces-lateral\/","og_locale":"fr_FR","og_type":"article","og_title":"Caisson Acc\u00e8s Lat\u00e9ral - Filtration Group- IAQ","og_description":"Le Caisson \u00e0 Acc\u00e8s Lat\u00e9ral Purafil est con\u00e7u pour \u00e9liminer les polluants particulaires et gazeux afin de contr\u00f4ler les contaminants. Connect\u00e9 \u00e0 un syst\u00e8me CVC nouveau ou existant, une gamme compl\u00e8te de tailles contr\u00f4le les odeurs, la corrosion et les polluants atmosph\u00e9riques pour une vari\u00e9t\u00e9 de param\u00e8tres int\u00e9rieurs.","og_url":"https:\/\/www.filtrationgroupiaq.com\/fr\/produits\/equipement\/equipment-chimique\/controle-corrosion\/caisson-acces-lateral\/","og_site_name":"Filtration Group- IAQ","article_modified_time":"2020-09-09T15:21:25+00:00","og_image":[{"width":427,"height":255,"url":"https:\/\/www.filtrationgroupiaq.com\/wp-content\/uploads\/2019\/11\/Purafil-Side-Access.png","type":"image\/png"}],"twitter_card":"summary_large_image","schema":{"@context":"https:\/\/schema.org","@graph":[{"@type":"WebPage","@id":"https:\/\/www.filtrationgroupiaq.com\/fr\/produits\/equipement\/equipment-chimique\/controle-corrosion\/caisson-acces-lateral\/","url":"https:\/\/www.filtrationgroupiaq.com\/fr\/produits\/equipement\/equipment-chimique\/controle-corrosion\/caisson-acces-lateral\/","name":"Caisson Acc\u00e8s Lat\u00e9ral - Filtration Group- IAQ","isPartOf":{"@id":"https:\/\/www.filtrationgroupiaq.com\/fr\/#website"},"primaryImageOfPage":{"@id":"https:\/\/www.filtrationgroupiaq.com\/fr\/produits\/equipement\/equipment-chimique\/controle-corrosion\/caisson-acces-lateral\/#primaryimage"},"image":{"@id":"https:\/\/www.filtrationgroupiaq.com\/fr\/produits\/equipement\/equipment-chimique\/controle-corrosion\/caisson-acces-lateral\/#primaryimage"},"thumbnailUrl":"https:\/\/www.filtrationgroupiaq.com\/wp-content\/uploads\/2019\/11\/Purafil-Side-Access.png","datePublished":"2019-11-26T20:19:57+00:00","dateModified":"2020-09-09T15:21:25+00:00","breadcrumb":{"@id":"https:\/\/www.filtrationgroupiaq.com\/fr\/produits\/equipement\/equipment-chimique\/controle-corrosion\/caisson-acces-lateral\/#breadcrumb"},"inLanguage":"fr-FR","potentialAction":[{"@type":"ReadAction","target":["https:\/\/www.filtrationgroupiaq.com\/fr\/produits\/equipement\/equipment-chimique\/controle-corrosion\/caisson-acces-lateral\/"]}]},{"@type":"ImageObject","inLanguage":"fr-FR","@id":"https:\/\/www.filtrationgroupiaq.com\/fr\/produits\/equipement\/equipment-chimique\/controle-corrosion\/caisson-acces-lateral\/#primaryimage","url":"https:\/\/www.filtrationgroupiaq.com\/wp-content\/uploads\/2019\/11\/Purafil-Side-Access.png","contentUrl":"https:\/\/www.filtrationgroupiaq.com\/wp-content\/uploads\/2019\/11\/Purafil-Side-Access.png","width":427,"height":255},{"@type":"BreadcrumbList","@id":"https:\/\/www.filtrationgroupiaq.com\/fr\/produits\/equipement\/equipment-chimique\/controle-corrosion\/caisson-acces-lateral\/#breadcrumb","itemListElement":[{"@type":"ListItem","position":1,"name":"","item":"https:\/\/www.filtrationgroupiaq.com\/fr\/"},{"@type":"ListItem","position":2,"name":"Produits","item":"https:\/\/www.filtrationgroupiaq.com\/fr\/produits\/"},{"@type":"ListItem","position":3,"name":"\u00c9quipement","item":"https:\/\/www.filtrationgroupiaq.com\/fr\/produits\/equipement\/"},{"@type":"ListItem","position":4,"name":"\u00c9quipment Chimique","item":"https:\/\/www.filtrationgroupiaq.com\/fr\/produits\/equipement\/equipment-chimique\/"},{"@type":"ListItem","position":5,"name":"Contr\u00f4le de la Corrosion","item":"https:\/\/www.filtrationgroupiaq.com\/fr\/produits\/equipement\/equipment-chimique\/controle-corrosion\/"},{"@type":"ListItem","position":6,"name":"Caisson Acc\u00e8s Lat\u00e9ral"}]},{"@type":"WebSite","@id":"https:\/\/www.filtrationgroupiaq.com\/fr\/#website","url":"https:\/\/www.filtrationgroupiaq.com\/fr\/","name":"Filtration Group- IAQ","description":"Making the World Safer, Healthier and More Productive","publisher":{"@id":"https:\/\/www.filtrationgroupiaq.com\/fr\/#organization"},"potentialAction":[{"@type":"SearchAction","target":{"@type":"EntryPoint","urlTemplate":"https:\/\/www.filtrationgroupiaq.com\/fr\/?s={search_term_string}"},"query-input":{"@type":"PropertyValueSpecification","valueRequired":true,"valueName":"search_term_string"}}],"inLanguage":"fr-FR"},{"@type":"Organization","@id":"https:\/\/www.filtrationgroupiaq.com\/fr\/#organization","name":"Filtration Group","url":"https:\/\/www.filtrationgroupiaq.com\/fr\/","logo":{"@type":"ImageObject","inLanguage":"fr-FR","@id":"https:\/\/www.filtrationgroupiaq.com\/fr\/#\/schema\/logo\/image\/","url":"https:\/\/www.filtrationgroupiaq.com\/wp-content\/uploads\/2019\/06\/FGC-logo-1.png","contentUrl":"https:\/\/www.filtrationgroupiaq.com\/wp-content\/uploads\/2019\/06\/FGC-logo-1.png","width":1104,"height":224,"caption":"Filtration Group"},"image":{"@id":"https:\/\/www.filtrationgroupiaq.com\/fr\/#\/schema\/logo\/image\/"},"sameAs":["https:\/\/www.linkedin.com\/company\/11857850\/"]}]}},"_links":{"self":[{"href":"https:\/\/www.filtrationgroupiaq.com\/fr\/wp-json\/wp\/v2\/pages\/1808","targetHints":{"allow":["GET"]}}],"collection":[{"href":"https:\/\/www.filtrationgroupiaq.com\/fr\/wp-json\/wp\/v2\/pages"}],"about":[{"href":"https:\/\/www.filtrationgroupiaq.com\/fr\/wp-json\/wp\/v2\/types\/page"}],"author":[{"embeddable":true,"href":"https:\/\/www.filtrationgroupiaq.com\/fr\/wp-json\/wp\/v2\/users\/3"}],"replies":[{"embeddable":true,"href":"https:\/\/www.filtrationgroupiaq.com\/fr\/wp-json\/wp\/v2\/comments?post=1808"}],"version-history":[{"count":0,"href":"https:\/\/www.filtrationgroupiaq.com\/fr\/wp-json\/wp\/v2\/pages\/1808\/revisions"}],"up":[{"embeddable":true,"href":"https:\/\/www.filtrationgroupiaq.com\/fr\/wp-json\/wp\/v2\/pages\/1759"}],"wp:featuredmedia":[{"embeddable":true,"href":"https:\/\/www.filtrationgroupiaq.com\/fr\/wp-json\/wp\/v2\/media\/1260"}],"wp:attachment":[{"href":"https:\/\/www.filtrationgroupiaq.com\/fr\/wp-json\/wp\/v2\/media?parent=1808"}],"curies":[{"name":"wp","href":"https:\/\/api.w.org\/{rel}","templated":true}]}}