{"id":2338,"date":"2020-04-01T15:56:00","date_gmt":"2020-04-01T20:56:00","guid":{"rendered":"https:\/\/www.filtrationgroupiaq.com\/?page_id=2338"},"modified":"2020-10-28T14:14:08","modified_gmt":"2020-10-28T19:14:08","slug":"phase-gazeuse-fp","status":"publish","type":"page","link":"https:\/\/www.filtrationgroupiaq.com\/fr\/produits\/airfiltration\/gasphase\/phase-gazeuse-fp\/","title":{"rendered":"PuraFilter Gas Phase"},"content":{"rendered":"\n<div class=\"wp-block-cover alignfull has-background-dim-10 has-black-background-color has-background-dim hero-small\" style=\"background-image:url(https:\/\/www.filtrationgroupiaq.com\/wp-content\/uploads\/2020\/07\/banner-web7-3.png);background-position:20% 20%;min-height:324px;aspect-ratio:unset;\"><div class=\"wp-block-cover__inner-container is-layout-flow wp-block-cover-is-layout-flow\">\n<p class=\"has-text-align-center\" style=\"font-size:45px\"><strong>PuraFilter Gas Phase<\/strong><\/p>\n\n\n\n<div style=\"height:27px\" aria-hidden=\"true\" class=\"wp-block-spacer\"><\/div>\n<\/div><\/div>\n\n\n\n<div class=\"wp-block-media-text alignwide has-media-on-the-right\"><figure class=\"wp-block-media-text__media\"><img loading=\"lazy\" decoding=\"async\" width=\"961\" height=\"1024\" src=\"https:\/\/www.filtrationgroupiaq.com\/wp-content\/uploads\/2019\/11\/FP-Gas-hase-961x1024.png\" alt=\"FP Gas Phase\" class=\"wp-image-814\" srcset=\"https:\/\/www.filtrationgroupiaq.com\/wp-content\/uploads\/2019\/11\/FP-Gas-hase-961x1024.png 961w, https:\/\/www.filtrationgroupiaq.com\/wp-content\/uploads\/2019\/11\/FP-Gas-hase-281x300.png 281w, https:\/\/www.filtrationgroupiaq.com\/wp-content\/uploads\/2019\/11\/FP-Gas-hase-768x819.png 768w, https:\/\/www.filtrationgroupiaq.com\/wp-content\/uploads\/2019\/11\/FP-Gas-hase.png 1170w\" sizes=\"auto, (max-width: 961px) 100vw, 961px\" \/><\/figure><div class=\"wp-block-media-text__content\">\n<h2 class=\"wp-block-heading\">PuraFilter Gas Phase<\/h2>\n\n\n\n<p class=\"has-normal-font-size\">Le Purafilter en phase gazeuse Aerostar\u00ae est con\u00e7u pour \u00e9liminer une large gamme d&rsquo;odeurs et de polluants int\u00e9rieurs courants \u00e0 des d\u00e9bits d&rsquo;air \u00e9lev\u00e9s. Ce filtre est construit en acier galvanis\u00e9 robuste et en plastique, avec des emballages en nid d&rsquo;abeille de \u00be \u201dqui peuvent \u00eatre remplis de charbon actif, de permanganate de potassium ou d&rsquo;un m\u00e9lange 50\/50 des deux pour s&rsquo;adapter \u00e0 n&rsquo;importe quelle application.<\/p>\n\n\n\n<ul class=\"wp-block-list\"><li>Am\u00e9liorez la qualit\u00e9 de l&rsquo;air int\u00e9rieur en \u00e9liminant efficacement les contaminants, les odeurs et les gaz<\/li><li>Remplissage \u00e0 100% pour une efficacit\u00e9 maximale en un seul passage et une dur\u00e9e de vie plus longue<\/li><li>Max. Temp\u00e9rature de fonctionnement 150 \u00b0 F<\/li><\/ul>\n\n\n\n<div class=\"wp-block-buttons is-layout-flex wp-block-buttons-is-layout-flex\">\n<div class=\"wp-block-button\"><a class=\"wp-block-button__link has-blue-background-color has-background\" href=\"\/wp-content\/uploads\/2020\/10\/FG-IAQ-_-Purafilter-Gas-Phase-_-FR-28.10.2020.pdf\" target=\"_blank\" rel=\"noreferrer noopener\">Fiche Produit<\/a><\/div>\n\n\n\n<div class=\"wp-block-button\"><a class=\"wp-block-button__link has-blue-background-color has-background\" href=\"https:\/\/www.filtrationgroupiaq.com\/wp-content\/uploads\/2020\/08\/FG-IAQ-_-SD-FP-Carbon-Submittal-1.pdf\" target=\"_blank\" rel=\"noreferrer noopener\">Dessin Technique<\/a><\/div>\n<\/div>\n<\/div><\/div>\n","protected":false},"excerpt":{"rendered":"<p>Le Purafilter en phase gazeuse Aerostar\u00ae est con\u00e7u pour \u00e9liminer une large gamme d&rsquo;odeurs et de polluants int\u00e9rieurs courants \u00e0 des d\u00e9bits d&rsquo;air \u00e9lev\u00e9s.<\/p>\n","protected":false},"author":6,"featured_media":1211,"parent":1631,"menu_order":5,"comment_status":"closed","ping_status":"closed","template":"","meta":{"_acf_changed":false,"footnotes":""},"class_list":["post-2338","page","type-page","status-publish","has-post-thumbnail","hentry"],"acf":[],"yoast_head":"<!-- This site is optimized with the Yoast SEO plugin v27.3 - https:\/\/yoast.com\/product\/yoast-seo-wordpress\/ -->\n<title>PuraFilter Gas Phase - Filtration Group- IAQ<\/title>\n<meta name=\"robots\" content=\"index, follow, max-snippet:-1, max-image-preview:large, max-video-preview:-1\" \/>\n<link rel=\"canonical\" href=\"https:\/\/www.filtrationgroupiaq.com\/fr\/produits\/airfiltration\/gasphase\/phase-gazeuse-fp\/\" \/>\n<meta property=\"og:locale\" content=\"fr_FR\" \/>\n<meta property=\"og:type\" content=\"article\" \/>\n<meta property=\"og:title\" content=\"PuraFilter Gas Phase - Filtration Group- IAQ\" \/>\n<meta property=\"og:description\" content=\"Le Purafilter en phase gazeuse Aerostar\u00ae est con\u00e7u pour \u00e9liminer une large gamme d&#039;odeurs et de polluants int\u00e9rieurs courants \u00e0 des d\u00e9bits d&#039;air \u00e9lev\u00e9s.\" \/>\n<meta property=\"og:url\" content=\"https:\/\/www.filtrationgroupiaq.com\/fr\/produits\/airfiltration\/gasphase\/phase-gazeuse-fp\/\" \/>\n<meta property=\"og:site_name\" content=\"Filtration Group- IAQ\" \/>\n<meta property=\"article:modified_time\" content=\"2020-10-28T19:14:08+00:00\" \/>\n<meta property=\"og:image\" content=\"https:\/\/www.filtrationgroupiaq.com\/wp-content\/uploads\/2019\/11\/fp-gas-phase.png\" \/>\n\t<meta property=\"og:image:width\" content=\"427\" \/>\n\t<meta property=\"og:image:height\" content=\"255\" \/>\n\t<meta property=\"og:image:type\" content=\"image\/png\" \/>\n<meta name=\"twitter:card\" content=\"summary_large_image\" \/>\n<meta name=\"twitter:label1\" content=\"Dur\u00e9e de lecture estim\u00e9e\" \/>\n\t<meta name=\"twitter:data1\" content=\"1 minute\" \/>\n<script type=\"application\/ld+json\" class=\"yoast-schema-graph\">{\"@context\":\"https:\\\/\\\/schema.org\",\"@graph\":[{\"@type\":\"WebPage\",\"@id\":\"https:\\\/\\\/www.filtrationgroupiaq.com\\\/fr\\\/produits\\\/airfiltration\\\/gasphase\\\/phase-gazeuse-fp\\\/\",\"url\":\"https:\\\/\\\/www.filtrationgroupiaq.com\\\/fr\\\/produits\\\/airfiltration\\\/gasphase\\\/phase-gazeuse-fp\\\/\",\"name\":\"PuraFilter Gas Phase - Filtration Group- IAQ\",\"isPartOf\":{\"@id\":\"https:\\\/\\\/www.filtrationgroupiaq.com\\\/fr\\\/#website\"},\"primaryImageOfPage\":{\"@id\":\"https:\\\/\\\/www.filtrationgroupiaq.com\\\/fr\\\/produits\\\/airfiltration\\\/gasphase\\\/phase-gazeuse-fp\\\/#primaryimage\"},\"image\":{\"@id\":\"https:\\\/\\\/www.filtrationgroupiaq.com\\\/fr\\\/produits\\\/airfiltration\\\/gasphase\\\/phase-gazeuse-fp\\\/#primaryimage\"},\"thumbnailUrl\":\"https:\\\/\\\/www.filtrationgroupiaq.com\\\/wp-content\\\/uploads\\\/2019\\\/11\\\/fp-gas-phase.png\",\"datePublished\":\"2020-04-01T20:56:00+00:00\",\"dateModified\":\"2020-10-28T19:14:08+00:00\",\"breadcrumb\":{\"@id\":\"https:\\\/\\\/www.filtrationgroupiaq.com\\\/fr\\\/produits\\\/airfiltration\\\/gasphase\\\/phase-gazeuse-fp\\\/#breadcrumb\"},\"inLanguage\":\"fr-FR\",\"potentialAction\":[{\"@type\":\"ReadAction\",\"target\":[\"https:\\\/\\\/www.filtrationgroupiaq.com\\\/fr\\\/produits\\\/airfiltration\\\/gasphase\\\/phase-gazeuse-fp\\\/\"]}]},{\"@type\":\"ImageObject\",\"inLanguage\":\"fr-FR\",\"@id\":\"https:\\\/\\\/www.filtrationgroupiaq.com\\\/fr\\\/produits\\\/airfiltration\\\/gasphase\\\/phase-gazeuse-fp\\\/#primaryimage\",\"url\":\"https:\\\/\\\/www.filtrationgroupiaq.com\\\/wp-content\\\/uploads\\\/2019\\\/11\\\/fp-gas-phase.png\",\"contentUrl\":\"https:\\\/\\\/www.filtrationgroupiaq.com\\\/wp-content\\\/uploads\\\/2019\\\/11\\\/fp-gas-phase.png\",\"width\":427,\"height\":255},{\"@type\":\"BreadcrumbList\",\"@id\":\"https:\\\/\\\/www.filtrationgroupiaq.com\\\/fr\\\/produits\\\/airfiltration\\\/gasphase\\\/phase-gazeuse-fp\\\/#breadcrumb\",\"itemListElement\":[{\"@type\":\"ListItem\",\"position\":1,\"name\":\"\",\"item\":\"https:\\\/\\\/www.filtrationgroupiaq.com\\\/fr\\\/\"},{\"@type\":\"ListItem\",\"position\":2,\"name\":\"Produits\",\"item\":\"https:\\\/\\\/www.filtrationgroupiaq.com\\\/fr\\\/produits\\\/\"},{\"@type\":\"ListItem\",\"position\":3,\"name\":\"Filtration de l&#8217;Air\",\"item\":\"https:\\\/\\\/www.filtrationgroupiaq.com\\\/fr\\\/produits\\\/airfiltration\\\/\"},{\"@type\":\"ListItem\",\"position\":4,\"name\":\"S\u00e9rie PuraFilter\u00ae\",\"item\":\"https:\\\/\\\/www.filtrationgroupiaq.com\\\/fr\\\/produits\\\/airfiltration\\\/gasphase\\\/\"},{\"@type\":\"ListItem\",\"position\":5,\"name\":\"PuraFilter Gas Phase\"}]},{\"@type\":\"WebSite\",\"@id\":\"https:\\\/\\\/www.filtrationgroupiaq.com\\\/fr\\\/#website\",\"url\":\"https:\\\/\\\/www.filtrationgroupiaq.com\\\/fr\\\/\",\"name\":\"Filtration Group- IAQ\",\"description\":\"Making the World Safer, Healthier and More Productive\",\"publisher\":{\"@id\":\"https:\\\/\\\/www.filtrationgroupiaq.com\\\/fr\\\/#organization\"},\"potentialAction\":[{\"@type\":\"SearchAction\",\"target\":{\"@type\":\"EntryPoint\",\"urlTemplate\":\"https:\\\/\\\/www.filtrationgroupiaq.com\\\/fr\\\/?s={search_term_string}\"},\"query-input\":{\"@type\":\"PropertyValueSpecification\",\"valueRequired\":true,\"valueName\":\"search_term_string\"}}],\"inLanguage\":\"fr-FR\"},{\"@type\":\"Organization\",\"@id\":\"https:\\\/\\\/www.filtrationgroupiaq.com\\\/fr\\\/#organization\",\"name\":\"Filtration Group\",\"url\":\"https:\\\/\\\/www.filtrationgroupiaq.com\\\/fr\\\/\",\"logo\":{\"@type\":\"ImageObject\",\"inLanguage\":\"fr-FR\",\"@id\":\"https:\\\/\\\/www.filtrationgroupiaq.com\\\/fr\\\/#\\\/schema\\\/logo\\\/image\\\/\",\"url\":\"https:\\\/\\\/www.filtrationgroupiaq.com\\\/wp-content\\\/uploads\\\/2019\\\/06\\\/FGC-logo-1.png\",\"contentUrl\":\"https:\\\/\\\/www.filtrationgroupiaq.com\\\/wp-content\\\/uploads\\\/2019\\\/06\\\/FGC-logo-1.png\",\"width\":1104,\"height\":224,\"caption\":\"Filtration Group\"},\"image\":{\"@id\":\"https:\\\/\\\/www.filtrationgroupiaq.com\\\/fr\\\/#\\\/schema\\\/logo\\\/image\\\/\"},\"sameAs\":[\"https:\\\/\\\/www.linkedin.com\\\/company\\\/11857850\\\/\"]}]}<\/script>\n<!-- \/ Yoast SEO plugin. -->","yoast_head_json":{"title":"PuraFilter Gas Phase - Filtration Group- IAQ","robots":{"index":"index","follow":"follow","max-snippet":"max-snippet:-1","max-image-preview":"max-image-preview:large","max-video-preview":"max-video-preview:-1"},"canonical":"https:\/\/www.filtrationgroupiaq.com\/fr\/produits\/airfiltration\/gasphase\/phase-gazeuse-fp\/","og_locale":"fr_FR","og_type":"article","og_title":"PuraFilter Gas Phase - Filtration Group- IAQ","og_description":"Le Purafilter en phase gazeuse Aerostar\u00ae est con\u00e7u pour \u00e9liminer une large gamme d'odeurs et de polluants int\u00e9rieurs courants \u00e0 des d\u00e9bits d'air \u00e9lev\u00e9s.","og_url":"https:\/\/www.filtrationgroupiaq.com\/fr\/produits\/airfiltration\/gasphase\/phase-gazeuse-fp\/","og_site_name":"Filtration Group- IAQ","article_modified_time":"2020-10-28T19:14:08+00:00","og_image":[{"width":427,"height":255,"url":"https:\/\/www.filtrationgroupiaq.com\/wp-content\/uploads\/2019\/11\/fp-gas-phase.png","type":"image\/png"}],"twitter_card":"summary_large_image","twitter_misc":{"Dur\u00e9e de lecture estim\u00e9e":"1 minute"},"schema":{"@context":"https:\/\/schema.org","@graph":[{"@type":"WebPage","@id":"https:\/\/www.filtrationgroupiaq.com\/fr\/produits\/airfiltration\/gasphase\/phase-gazeuse-fp\/","url":"https:\/\/www.filtrationgroupiaq.com\/fr\/produits\/airfiltration\/gasphase\/phase-gazeuse-fp\/","name":"PuraFilter Gas Phase - Filtration Group- IAQ","isPartOf":{"@id":"https:\/\/www.filtrationgroupiaq.com\/fr\/#website"},"primaryImageOfPage":{"@id":"https:\/\/www.filtrationgroupiaq.com\/fr\/produits\/airfiltration\/gasphase\/phase-gazeuse-fp\/#primaryimage"},"image":{"@id":"https:\/\/www.filtrationgroupiaq.com\/fr\/produits\/airfiltration\/gasphase\/phase-gazeuse-fp\/#primaryimage"},"thumbnailUrl":"https:\/\/www.filtrationgroupiaq.com\/wp-content\/uploads\/2019\/11\/fp-gas-phase.png","datePublished":"2020-04-01T20:56:00+00:00","dateModified":"2020-10-28T19:14:08+00:00","breadcrumb":{"@id":"https:\/\/www.filtrationgroupiaq.com\/fr\/produits\/airfiltration\/gasphase\/phase-gazeuse-fp\/#breadcrumb"},"inLanguage":"fr-FR","potentialAction":[{"@type":"ReadAction","target":["https:\/\/www.filtrationgroupiaq.com\/fr\/produits\/airfiltration\/gasphase\/phase-gazeuse-fp\/"]}]},{"@type":"ImageObject","inLanguage":"fr-FR","@id":"https:\/\/www.filtrationgroupiaq.com\/fr\/produits\/airfiltration\/gasphase\/phase-gazeuse-fp\/#primaryimage","url":"https:\/\/www.filtrationgroupiaq.com\/wp-content\/uploads\/2019\/11\/fp-gas-phase.png","contentUrl":"https:\/\/www.filtrationgroupiaq.com\/wp-content\/uploads\/2019\/11\/fp-gas-phase.png","width":427,"height":255},{"@type":"BreadcrumbList","@id":"https:\/\/www.filtrationgroupiaq.com\/fr\/produits\/airfiltration\/gasphase\/phase-gazeuse-fp\/#breadcrumb","itemListElement":[{"@type":"ListItem","position":1,"name":"","item":"https:\/\/www.filtrationgroupiaq.com\/fr\/"},{"@type":"ListItem","position":2,"name":"Produits","item":"https:\/\/www.filtrationgroupiaq.com\/fr\/produits\/"},{"@type":"ListItem","position":3,"name":"Filtration de l&#8217;Air","item":"https:\/\/www.filtrationgroupiaq.com\/fr\/produits\/airfiltration\/"},{"@type":"ListItem","position":4,"name":"S\u00e9rie PuraFilter\u00ae","item":"https:\/\/www.filtrationgroupiaq.com\/fr\/produits\/airfiltration\/gasphase\/"},{"@type":"ListItem","position":5,"name":"PuraFilter Gas Phase"}]},{"@type":"WebSite","@id":"https:\/\/www.filtrationgroupiaq.com\/fr\/#website","url":"https:\/\/www.filtrationgroupiaq.com\/fr\/","name":"Filtration Group- IAQ","description":"Making the World Safer, Healthier and More Productive","publisher":{"@id":"https:\/\/www.filtrationgroupiaq.com\/fr\/#organization"},"potentialAction":[{"@type":"SearchAction","target":{"@type":"EntryPoint","urlTemplate":"https:\/\/www.filtrationgroupiaq.com\/fr\/?s={search_term_string}"},"query-input":{"@type":"PropertyValueSpecification","valueRequired":true,"valueName":"search_term_string"}}],"inLanguage":"fr-FR"},{"@type":"Organization","@id":"https:\/\/www.filtrationgroupiaq.com\/fr\/#organization","name":"Filtration Group","url":"https:\/\/www.filtrationgroupiaq.com\/fr\/","logo":{"@type":"ImageObject","inLanguage":"fr-FR","@id":"https:\/\/www.filtrationgroupiaq.com\/fr\/#\/schema\/logo\/image\/","url":"https:\/\/www.filtrationgroupiaq.com\/wp-content\/uploads\/2019\/06\/FGC-logo-1.png","contentUrl":"https:\/\/www.filtrationgroupiaq.com\/wp-content\/uploads\/2019\/06\/FGC-logo-1.png","width":1104,"height":224,"caption":"Filtration Group"},"image":{"@id":"https:\/\/www.filtrationgroupiaq.com\/fr\/#\/schema\/logo\/image\/"},"sameAs":["https:\/\/www.linkedin.com\/company\/11857850\/"]}]}},"_links":{"self":[{"href":"https:\/\/www.filtrationgroupiaq.com\/fr\/wp-json\/wp\/v2\/pages\/2338","targetHints":{"allow":["GET"]}}],"collection":[{"href":"https:\/\/www.filtrationgroupiaq.com\/fr\/wp-json\/wp\/v2\/pages"}],"about":[{"href":"https:\/\/www.filtrationgroupiaq.com\/fr\/wp-json\/wp\/v2\/types\/page"}],"author":[{"embeddable":true,"href":"https:\/\/www.filtrationgroupiaq.com\/fr\/wp-json\/wp\/v2\/users\/6"}],"replies":[{"embeddable":true,"href":"https:\/\/www.filtrationgroupiaq.com\/fr\/wp-json\/wp\/v2\/comments?post=2338"}],"version-history":[{"count":0,"href":"https:\/\/www.filtrationgroupiaq.com\/fr\/wp-json\/wp\/v2\/pages\/2338\/revisions"}],"up":[{"embeddable":true,"href":"https:\/\/www.filtrationgroupiaq.com\/fr\/wp-json\/wp\/v2\/pages\/1631"}],"wp:featuredmedia":[{"embeddable":true,"href":"https:\/\/www.filtrationgroupiaq.com\/fr\/wp-json\/wp\/v2\/media\/1211"}],"wp:attachment":[{"href":"https:\/\/www.filtrationgroupiaq.com\/fr\/wp-json\/wp\/v2\/media?parent=2338"}],"curies":[{"name":"wp","href":"https:\/\/api.w.org\/{rel}","templated":true}]}}