{"id":2849,"date":"2020-07-09T13:27:27","date_gmt":"2020-07-09T18:27:27","guid":{"rendered":"https:\/\/www.filtrationgroupiaq.com\/?page_id=2849"},"modified":"2020-09-16T09:41:05","modified_gmt":"2020-09-16T14:41:05","slug":"aeroport-fact-sheet","status":"publish","type":"page","link":"https:\/\/www.filtrationgroupiaq.com\/fr\/applications\/aeroports\/aeroport-fact-sheet\/","title":{"rendered":"A\u00e9roport Fact Sheet"},"content":{"rendered":"\n<div style=\"height:28px\" aria-hidden=\"true\" class=\"wp-block-spacer\"><\/div>\n\n\n\n<div class=\"wp-block-columns is-layout-flex wp-container-core-columns-is-layout-9d6595d7 wp-block-columns-is-layout-flex\">\n<div class=\"wp-block-column is-layout-flow wp-block-column-is-layout-flow\" style=\"flex-basis:57%\">\n<h1 class=\"has-black-color has-text-color wp-block-heading\"><strong>Votre Environnement de Ventilation est-il Optimis\u00e9 pour le Co\u00fbt et la Purification?<\/strong><\/h1>\n<\/div>\n\n\n\n<div class=\"wp-block-column is-layout-flow wp-block-column-is-layout-flow\" style=\"flex-basis:43%\">\n<p class=\"has-text-align-center has-white-color has-green-background-color has-text-color has-background\"><strong>A\u00c9ROPORTS<\/strong><\/p>\n<\/div>\n<\/div>\n\n\n\n<div class=\"wp-block-columns is-layout-flex wp-container-core-columns-is-layout-9d6595d7 wp-block-columns-is-layout-flex\">\n<div class=\"wp-block-column is-layout-flow wp-block-column-is-layout-flow\" style=\"flex-basis:50%\">\n<figure class=\"wp-block-image size-large\"><img loading=\"lazy\" decoding=\"async\" width=\"3960\" height=\"1257\" src=\"https:\/\/www.filtrationgroupiaq.com\/wp-content\/uploads\/2020\/02\/Affaires-photo-cre\u0301e\u0301-par-prostooleh--e1595003798500.jpg\" alt=\"\" class=\"wp-image-2223\" srcset=\"https:\/\/www.filtrationgroupiaq.com\/wp-content\/uploads\/2020\/02\/Affaires-photo-cre\u0301e\u0301-par-prostooleh--e1595003798500.jpg 3960w, https:\/\/www.filtrationgroupiaq.com\/wp-content\/uploads\/2020\/02\/Affaires-photo-cre\u0301e\u0301-par-prostooleh--e1595003798500-300x95.jpg 300w, https:\/\/www.filtrationgroupiaq.com\/wp-content\/uploads\/2020\/02\/Affaires-photo-cre\u0301e\u0301-par-prostooleh--e1595003798500-1024x325.jpg 1024w, https:\/\/www.filtrationgroupiaq.com\/wp-content\/uploads\/2020\/02\/Affaires-photo-cre\u0301e\u0301-par-prostooleh--e1595003798500-768x244.jpg 768w, https:\/\/www.filtrationgroupiaq.com\/wp-content\/uploads\/2020\/02\/Affaires-photo-cre\u0301e\u0301-par-prostooleh--e1595003798500-1536x488.jpg 1536w, https:\/\/www.filtrationgroupiaq.com\/wp-content\/uploads\/2020\/02\/Affaires-photo-cre\u0301e\u0301-par-prostooleh--e1595003798500-2048x650.jpg 2048w\" sizes=\"auto, (max-width: 3960px) 100vw, 3960px\" \/><\/figure>\n\n\n\n<p class=\"has-white-background-color has-background\"><strong>Les questions essentielles &#8211; Avez-vous les r\u00e9ponses?<\/strong><\/p>\n\n\n\n<ul class=\"wp-block-list\"><li>Vos filtres captent-ils les particules et les gaz d&rsquo;\u00e9chappement?<\/li><li>Votre syst\u00e8me de filtration est-il \u00e9quip\u00e9 pour r\u00e9pondre \u00e0 la demande croissante de services a\u00e9roportuaires?<\/li><li>Savez-vous ce qui est inclus dans votre co\u00fbt total de possession?<\/li><li>La configuration de votre filtre HVAC est-elle optimis\u00e9e pour le co\u00fbt total de possession?<\/li><li>\u00c0 quand remonte la derni\u00e8re fois que vous avez eu un audit complet du filtre \u00e0 air?<\/li><\/ul>\n\n\n\n<div style=\"height:20px\" aria-hidden=\"true\" class=\"wp-block-spacer\"><\/div>\n\n\n\n<p class=\"has-black-color has-text-color\">Lisez le document pour d\u00e9couvrir:<\/p>\n\n\n\n<p class=\"has-dark-gray-color has-text-color\"><strong>Comment r\u00e9duire vos co\u00fbts CVC et prot\u00e9ger votre personnel et vos clients avec les solutions FG QAI.<\/strong><\/p>\n<\/div>\n\n\n\n<div class=\"wp-block-column is-layout-flow wp-block-column-is-layout-flow\" style=\"flex-basis:50%\"><p>[marketo-form formid=\u00a0\u00bb2593&Prime;]<\/p>\n<\/div>\n<\/div>\n","protected":false},"excerpt":{"rendered":"<p>Votre Environnement de Ventilation est-il Optimis\u00e9 pour le Co\u00fbt et la Purification? A\u00c9ROPORTS Les questions essentielles &#8211; Avez-vous les r\u00e9ponses? Vos filtres captent-ils les particules et les gaz d&rsquo;\u00e9chappement? Votre syst\u00e8me de filtration est-il \u00e9quip\u00e9 pour r\u00e9pondre \u00e0 la demande croissante de services a\u00e9roportuaires? Savez-vous ce qui est inclus dans votre co\u00fbt total de possession? [&hellip;]<\/p>\n","protected":false},"author":6,"featured_media":0,"parent":1531,"menu_order":0,"comment_status":"closed","ping_status":"closed","template":"","meta":{"_acf_changed":false,"footnotes":""},"class_list":["post-2849","page","type-page","status-publish","hentry"],"acf":[],"yoast_head":"<!-- This site is optimized with the Yoast SEO plugin v27.3 - https:\/\/yoast.com\/product\/yoast-seo-wordpress\/ -->\n<title>A\u00e9roport Fact Sheet - Filtration Group- IAQ<\/title>\n<meta name=\"robots\" content=\"index, follow, max-snippet:-1, max-image-preview:large, max-video-preview:-1\" \/>\n<link rel=\"canonical\" href=\"https:\/\/www.filtrationgroupiaq.com\/fr\/applications\/aeroports\/aeroport-fact-sheet\/\" \/>\n<meta property=\"og:locale\" content=\"fr_FR\" \/>\n<meta property=\"og:type\" content=\"article\" \/>\n<meta property=\"og:title\" content=\"A\u00e9roport Fact Sheet - Filtration Group- IAQ\" \/>\n<meta property=\"og:description\" content=\"Votre Environnement de Ventilation est-il Optimis\u00e9 pour le Co\u00fbt et la Purification? A\u00c9ROPORTS Les questions essentielles &#8211; Avez-vous les r\u00e9ponses? Vos filtres captent-ils les particules et les gaz d&rsquo;\u00e9chappement? Votre syst\u00e8me de filtration est-il \u00e9quip\u00e9 pour r\u00e9pondre \u00e0 la demande croissante de services a\u00e9roportuaires? Savez-vous ce qui est inclus dans votre co\u00fbt total de possession? [&hellip;]\" \/>\n<meta property=\"og:url\" content=\"https:\/\/www.filtrationgroupiaq.com\/fr\/applications\/aeroports\/aeroport-fact-sheet\/\" \/>\n<meta property=\"og:site_name\" content=\"Filtration Group- IAQ\" \/>\n<meta property=\"article:modified_time\" content=\"2020-09-16T14:41:05+00:00\" \/>\n<meta name=\"twitter:card\" content=\"summary_large_image\" \/>\n<meta name=\"twitter:label1\" content=\"Dur\u00e9e de lecture estim\u00e9e\" \/>\n\t<meta name=\"twitter:data1\" content=\"1 minute\" \/>\n<script type=\"application\/ld+json\" class=\"yoast-schema-graph\">{\"@context\":\"https:\\\/\\\/schema.org\",\"@graph\":[{\"@type\":\"WebPage\",\"@id\":\"https:\\\/\\\/www.filtrationgroupiaq.com\\\/fr\\\/applications\\\/aeroports\\\/aeroport-fact-sheet\\\/\",\"url\":\"https:\\\/\\\/www.filtrationgroupiaq.com\\\/fr\\\/applications\\\/aeroports\\\/aeroport-fact-sheet\\\/\",\"name\":\"A\u00e9roport Fact Sheet - Filtration Group- IAQ\",\"isPartOf\":{\"@id\":\"https:\\\/\\\/www.filtrationgroupiaq.com\\\/fr\\\/#website\"},\"datePublished\":\"2020-07-09T18:27:27+00:00\",\"dateModified\":\"2020-09-16T14:41:05+00:00\",\"breadcrumb\":{\"@id\":\"https:\\\/\\\/www.filtrationgroupiaq.com\\\/fr\\\/applications\\\/aeroports\\\/aeroport-fact-sheet\\\/#breadcrumb\"},\"inLanguage\":\"fr-FR\",\"potentialAction\":[{\"@type\":\"ReadAction\",\"target\":[\"https:\\\/\\\/www.filtrationgroupiaq.com\\\/fr\\\/applications\\\/aeroports\\\/aeroport-fact-sheet\\\/\"]}]},{\"@type\":\"BreadcrumbList\",\"@id\":\"https:\\\/\\\/www.filtrationgroupiaq.com\\\/fr\\\/applications\\\/aeroports\\\/aeroport-fact-sheet\\\/#breadcrumb\",\"itemListElement\":[{\"@type\":\"ListItem\",\"position\":1,\"name\":\"\",\"item\":\"https:\\\/\\\/www.filtrationgroupiaq.com\\\/fr\\\/\"},{\"@type\":\"ListItem\",\"position\":2,\"name\":\"Applications\",\"item\":\"https:\\\/\\\/www.filtrationgroupiaq.com\\\/fr\\\/applications\\\/\"},{\"@type\":\"ListItem\",\"position\":3,\"name\":\"A\u00e9roports\",\"item\":\"https:\\\/\\\/www.filtrationgroupiaq.com\\\/fr\\\/applications\\\/aeroports\\\/\"},{\"@type\":\"ListItem\",\"position\":4,\"name\":\"A\u00e9roport Fact Sheet\"}]},{\"@type\":\"WebSite\",\"@id\":\"https:\\\/\\\/www.filtrationgroupiaq.com\\\/fr\\\/#website\",\"url\":\"https:\\\/\\\/www.filtrationgroupiaq.com\\\/fr\\\/\",\"name\":\"Filtration Group- IAQ\",\"description\":\"Making the World Safer, Healthier and More Productive\",\"publisher\":{\"@id\":\"https:\\\/\\\/www.filtrationgroupiaq.com\\\/fr\\\/#organization\"},\"potentialAction\":[{\"@type\":\"SearchAction\",\"target\":{\"@type\":\"EntryPoint\",\"urlTemplate\":\"https:\\\/\\\/www.filtrationgroupiaq.com\\\/fr\\\/?s={search_term_string}\"},\"query-input\":{\"@type\":\"PropertyValueSpecification\",\"valueRequired\":true,\"valueName\":\"search_term_string\"}}],\"inLanguage\":\"fr-FR\"},{\"@type\":\"Organization\",\"@id\":\"https:\\\/\\\/www.filtrationgroupiaq.com\\\/fr\\\/#organization\",\"name\":\"Filtration Group\",\"url\":\"https:\\\/\\\/www.filtrationgroupiaq.com\\\/fr\\\/\",\"logo\":{\"@type\":\"ImageObject\",\"inLanguage\":\"fr-FR\",\"@id\":\"https:\\\/\\\/www.filtrationgroupiaq.com\\\/fr\\\/#\\\/schema\\\/logo\\\/image\\\/\",\"url\":\"https:\\\/\\\/www.filtrationgroupiaq.com\\\/wp-content\\\/uploads\\\/2019\\\/06\\\/FGC-logo-1.png\",\"contentUrl\":\"https:\\\/\\\/www.filtrationgroupiaq.com\\\/wp-content\\\/uploads\\\/2019\\\/06\\\/FGC-logo-1.png\",\"width\":1104,\"height\":224,\"caption\":\"Filtration Group\"},\"image\":{\"@id\":\"https:\\\/\\\/www.filtrationgroupiaq.com\\\/fr\\\/#\\\/schema\\\/logo\\\/image\\\/\"},\"sameAs\":[\"https:\\\/\\\/www.linkedin.com\\\/company\\\/11857850\\\/\"]}]}<\/script>\n<!-- \/ Yoast SEO plugin. -->","yoast_head_json":{"title":"A\u00e9roport Fact Sheet - Filtration Group- IAQ","robots":{"index":"index","follow":"follow","max-snippet":"max-snippet:-1","max-image-preview":"max-image-preview:large","max-video-preview":"max-video-preview:-1"},"canonical":"https:\/\/www.filtrationgroupiaq.com\/fr\/applications\/aeroports\/aeroport-fact-sheet\/","og_locale":"fr_FR","og_type":"article","og_title":"A\u00e9roport Fact Sheet - Filtration Group- IAQ","og_description":"Votre Environnement de Ventilation est-il Optimis\u00e9 pour le Co\u00fbt et la Purification? A\u00c9ROPORTS Les questions essentielles &#8211; Avez-vous les r\u00e9ponses? Vos filtres captent-ils les particules et les gaz d&rsquo;\u00e9chappement? Votre syst\u00e8me de filtration est-il \u00e9quip\u00e9 pour r\u00e9pondre \u00e0 la demande croissante de services a\u00e9roportuaires? Savez-vous ce qui est inclus dans votre co\u00fbt total de possession? [&hellip;]","og_url":"https:\/\/www.filtrationgroupiaq.com\/fr\/applications\/aeroports\/aeroport-fact-sheet\/","og_site_name":"Filtration Group- IAQ","article_modified_time":"2020-09-16T14:41:05+00:00","twitter_card":"summary_large_image","twitter_misc":{"Dur\u00e9e de lecture estim\u00e9e":"1 minute"},"schema":{"@context":"https:\/\/schema.org","@graph":[{"@type":"WebPage","@id":"https:\/\/www.filtrationgroupiaq.com\/fr\/applications\/aeroports\/aeroport-fact-sheet\/","url":"https:\/\/www.filtrationgroupiaq.com\/fr\/applications\/aeroports\/aeroport-fact-sheet\/","name":"A\u00e9roport Fact Sheet - Filtration Group- IAQ","isPartOf":{"@id":"https:\/\/www.filtrationgroupiaq.com\/fr\/#website"},"datePublished":"2020-07-09T18:27:27+00:00","dateModified":"2020-09-16T14:41:05+00:00","breadcrumb":{"@id":"https:\/\/www.filtrationgroupiaq.com\/fr\/applications\/aeroports\/aeroport-fact-sheet\/#breadcrumb"},"inLanguage":"fr-FR","potentialAction":[{"@type":"ReadAction","target":["https:\/\/www.filtrationgroupiaq.com\/fr\/applications\/aeroports\/aeroport-fact-sheet\/"]}]},{"@type":"BreadcrumbList","@id":"https:\/\/www.filtrationgroupiaq.com\/fr\/applications\/aeroports\/aeroport-fact-sheet\/#breadcrumb","itemListElement":[{"@type":"ListItem","position":1,"name":"","item":"https:\/\/www.filtrationgroupiaq.com\/fr\/"},{"@type":"ListItem","position":2,"name":"Applications","item":"https:\/\/www.filtrationgroupiaq.com\/fr\/applications\/"},{"@type":"ListItem","position":3,"name":"A\u00e9roports","item":"https:\/\/www.filtrationgroupiaq.com\/fr\/applications\/aeroports\/"},{"@type":"ListItem","position":4,"name":"A\u00e9roport Fact Sheet"}]},{"@type":"WebSite","@id":"https:\/\/www.filtrationgroupiaq.com\/fr\/#website","url":"https:\/\/www.filtrationgroupiaq.com\/fr\/","name":"Filtration Group- IAQ","description":"Making the World Safer, Healthier and More Productive","publisher":{"@id":"https:\/\/www.filtrationgroupiaq.com\/fr\/#organization"},"potentialAction":[{"@type":"SearchAction","target":{"@type":"EntryPoint","urlTemplate":"https:\/\/www.filtrationgroupiaq.com\/fr\/?s={search_term_string}"},"query-input":{"@type":"PropertyValueSpecification","valueRequired":true,"valueName":"search_term_string"}}],"inLanguage":"fr-FR"},{"@type":"Organization","@id":"https:\/\/www.filtrationgroupiaq.com\/fr\/#organization","name":"Filtration Group","url":"https:\/\/www.filtrationgroupiaq.com\/fr\/","logo":{"@type":"ImageObject","inLanguage":"fr-FR","@id":"https:\/\/www.filtrationgroupiaq.com\/fr\/#\/schema\/logo\/image\/","url":"https:\/\/www.filtrationgroupiaq.com\/wp-content\/uploads\/2019\/06\/FGC-logo-1.png","contentUrl":"https:\/\/www.filtrationgroupiaq.com\/wp-content\/uploads\/2019\/06\/FGC-logo-1.png","width":1104,"height":224,"caption":"Filtration Group"},"image":{"@id":"https:\/\/www.filtrationgroupiaq.com\/fr\/#\/schema\/logo\/image\/"},"sameAs":["https:\/\/www.linkedin.com\/company\/11857850\/"]}]}},"_links":{"self":[{"href":"https:\/\/www.filtrationgroupiaq.com\/fr\/wp-json\/wp\/v2\/pages\/2849","targetHints":{"allow":["GET"]}}],"collection":[{"href":"https:\/\/www.filtrationgroupiaq.com\/fr\/wp-json\/wp\/v2\/pages"}],"about":[{"href":"https:\/\/www.filtrationgroupiaq.com\/fr\/wp-json\/wp\/v2\/types\/page"}],"author":[{"embeddable":true,"href":"https:\/\/www.filtrationgroupiaq.com\/fr\/wp-json\/wp\/v2\/users\/6"}],"replies":[{"embeddable":true,"href":"https:\/\/www.filtrationgroupiaq.com\/fr\/wp-json\/wp\/v2\/comments?post=2849"}],"version-history":[{"count":0,"href":"https:\/\/www.filtrationgroupiaq.com\/fr\/wp-json\/wp\/v2\/pages\/2849\/revisions"}],"up":[{"embeddable":true,"href":"https:\/\/www.filtrationgroupiaq.com\/fr\/wp-json\/wp\/v2\/pages\/1531"}],"wp:attachment":[{"href":"https:\/\/www.filtrationgroupiaq.com\/fr\/wp-json\/wp\/v2\/media?parent=2849"}],"curies":[{"name":"wp","href":"https:\/\/api.w.org\/{rel}","templated":true}]}}