{"id":2861,"date":"2020-07-17T09:47:42","date_gmt":"2020-07-17T14:47:42","guid":{"rendered":"https:\/\/www.filtrationgroupiaq.com\/?page_id=2861"},"modified":"2020-09-21T11:21:51","modified_gmt":"2020-09-21T16:21:51","slug":"commercial-building-brochure","status":"publish","type":"page","link":"https:\/\/www.filtrationgroupiaq.com\/fr\/commercial-building-brochure\/","title":{"rendered":"Commercial Building Brochure"},"content":{"rendered":"\n<div style=\"height:28px\" aria-hidden=\"true\" class=\"wp-block-spacer\"><\/div>\n\n\n\n<div class=\"wp-block-columns is-layout-flex wp-container-core-columns-is-layout-9d6595d7 wp-block-columns-is-layout-flex\">\n<div class=\"wp-block-column is-layout-flow wp-block-column-is-layout-flow\" style=\"flex-basis:57%\">\n<h1 class=\"has-black-color has-text-color wp-block-heading\">Solutions \u00c9prouv\u00e9es d&rsquo;Hygi\u00e8ne de l&rsquo;Air Int\u00e9rieur pour les B\u00e2timents Commerciaux<\/h1>\n<\/div>\n\n\n\n<div class=\"wp-block-column is-layout-flow wp-block-column-is-layout-flow\" style=\"flex-basis:43%\">\n<p class=\"has-text-align-center has-white-color has-green-background-color has-text-color has-background\"><strong>B\u00e2timents Commerciaux<\/strong><\/p>\n<\/div>\n<\/div>\n\n\n\n<div class=\"wp-block-columns is-layout-flex wp-container-core-columns-is-layout-9d6595d7 wp-block-columns-is-layout-flex\">\n<div class=\"wp-block-column is-layout-flow wp-block-column-is-layout-flow\" style=\"flex-basis:50%\">\n<figure class=\"wp-block-image alignwide size-large\"><img loading=\"lazy\" decoding=\"async\" width=\"1024\" height=\"376\" src=\"https:\/\/www.filtrationgroupiaq.com\/wp-content\/uploads\/2020\/05\/1stPage_Canva-Photo-of-a-Man-and-Woman-Using-a-Laptop-Computer-e1594997244482-1024x376.jpg\" alt=\"Commercial Building Air Filtration\" class=\"wp-image-2444\" srcset=\"https:\/\/www.filtrationgroupiaq.com\/wp-content\/uploads\/2020\/05\/1stPage_Canva-Photo-of-a-Man-and-Woman-Using-a-Laptop-Computer-e1594997244482-1024x376.jpg 1024w, https:\/\/www.filtrationgroupiaq.com\/wp-content\/uploads\/2020\/05\/1stPage_Canva-Photo-of-a-Man-and-Woman-Using-a-Laptop-Computer-e1594997244482-300x110.jpg 300w, https:\/\/www.filtrationgroupiaq.com\/wp-content\/uploads\/2020\/05\/1stPage_Canva-Photo-of-a-Man-and-Woman-Using-a-Laptop-Computer-e1594997244482-768x282.jpg 768w, https:\/\/www.filtrationgroupiaq.com\/wp-content\/uploads\/2020\/05\/1stPage_Canva-Photo-of-a-Man-and-Woman-Using-a-Laptop-Computer-e1594997244482-1536x564.jpg 1536w, https:\/\/www.filtrationgroupiaq.com\/wp-content\/uploads\/2020\/05\/1stPage_Canva-Photo-of-a-Man-and-Woman-Using-a-Laptop-Computer-e1594997244482-2048x752.jpg 2048w\" sizes=\"auto, (max-width: 1024px) 100vw, 1024px\" \/><\/figure>\n\n\n\n<p>Avec l&rsquo;arriv\u00e9e de la pand\u00e9mie de COVID-19, les immeubles de bureaux devraient d\u00e9sormais non seulement offrir un environnement confortable \u00e0 ses occupants, mais aussi un environnement hygi\u00e9nique.<\/p>\n\n\n\n<p><strong>Prot\u00e9ger les occupants d&rsquo;un immeuble de bureaux contre la propagation des infections a\u00e9roport\u00e9es pr\u00e9sente un ensemble unique de d\u00e9fis<\/strong><\/p>\n\n\n\n<p>Lisez la brochure pour d\u00e9couvrir comment FG QAI peut vous aider \u00e0 prot\u00e9ger les occupants:<\/p>\n\n\n\n<ul class=\"wp-block-list\"><li>L&rsquo;hygi\u00e8ne de l&rsquo;air joue un r\u00f4le dans la protection des locataires et des visiteurs<\/li><li>Domaines difficiles des environnements de bureau: salles de repos, ascenseurs et salles de conf\u00e9rence<\/li><li>R\u00e9duction du risque d&rsquo;infection<\/li><li>Solutions de groupe de filtration pour votre application<\/li><li>Comment les filtres aident \u00e0 stopper la propagation des maladies infectieuses<\/li><\/ul>\n\n\n\n<div style=\"height:20px\" aria-hidden=\"true\" class=\"wp-block-spacer\"><\/div>\n<\/div>\n\n\n\n<div class=\"wp-block-column is-layout-flow wp-block-column-is-layout-flow\" style=\"flex-basis:50%\"><p>[marketo-form formid=\u00a0\u00bb3170&Prime;]<\/p>\n<\/div>\n<\/div>\n","protected":false},"excerpt":{"rendered":"<p>Solutions \u00c9prouv\u00e9es d&rsquo;Hygi\u00e8ne de l&rsquo;Air Int\u00e9rieur pour les B\u00e2timents Commerciaux B\u00e2timents Commerciaux Avec l&rsquo;arriv\u00e9e de la pand\u00e9mie de COVID-19, les immeubles de bureaux devraient d\u00e9sormais non seulement offrir un environnement confortable \u00e0 ses occupants, mais aussi un environnement hygi\u00e9nique. Prot\u00e9ger les occupants d&rsquo;un immeuble de bureaux contre la propagation des infections a\u00e9roport\u00e9es pr\u00e9sente un ensemble [&hellip;]<\/p>\n","protected":false},"author":6,"featured_media":0,"parent":0,"menu_order":0,"comment_status":"closed","ping_status":"closed","template":"","meta":{"_acf_changed":false,"footnotes":""},"class_list":["post-2861","page","type-page","status-publish","hentry"],"acf":[],"yoast_head":"<!-- This site is optimized with the Yoast SEO plugin v27.3 - https:\/\/yoast.com\/product\/yoast-seo-wordpress\/ -->\n<title>Commercial Building Brochure - Filtration Group- IAQ<\/title>\n<meta name=\"robots\" content=\"index, follow, max-snippet:-1, max-image-preview:large, max-video-preview:-1\" \/>\n<link rel=\"canonical\" href=\"https:\/\/www.filtrationgroupiaq.com\/fr\/commercial-building-brochure\/\" \/>\n<meta property=\"og:locale\" content=\"fr_FR\" \/>\n<meta property=\"og:type\" content=\"article\" \/>\n<meta property=\"og:title\" content=\"Commercial Building Brochure - Filtration Group- IAQ\" \/>\n<meta property=\"og:description\" content=\"Solutions \u00c9prouv\u00e9es d&rsquo;Hygi\u00e8ne de l&rsquo;Air Int\u00e9rieur pour les B\u00e2timents Commerciaux B\u00e2timents Commerciaux Avec l&rsquo;arriv\u00e9e de la pand\u00e9mie de COVID-19, les immeubles de bureaux devraient d\u00e9sormais non seulement offrir un environnement confortable \u00e0 ses occupants, mais aussi un environnement hygi\u00e9nique. Prot\u00e9ger les occupants d&rsquo;un immeuble de bureaux contre la propagation des infections a\u00e9roport\u00e9es pr\u00e9sente un ensemble [&hellip;]\" \/>\n<meta property=\"og:url\" content=\"https:\/\/www.filtrationgroupiaq.com\/fr\/commercial-building-brochure\/\" \/>\n<meta property=\"og:site_name\" content=\"Filtration Group- IAQ\" \/>\n<meta property=\"article:modified_time\" content=\"2020-09-21T16:21:51+00:00\" \/>\n<meta property=\"og:image\" content=\"https:\/\/www.filtrationgroupiaq.com\/wp-content\/uploads\/2020\/05\/1stPage_Canva-Photo-of-a-Man-and-Woman-Using-a-Laptop-Computer-e1594997244482-1024x376.jpg\" \/>\n<meta name=\"twitter:card\" content=\"summary_large_image\" \/>\n<meta name=\"twitter:label1\" content=\"Dur\u00e9e de lecture estim\u00e9e\" \/>\n\t<meta name=\"twitter:data1\" content=\"1 minute\" \/>\n<script type=\"application\/ld+json\" class=\"yoast-schema-graph\">{\"@context\":\"https:\\\/\\\/schema.org\",\"@graph\":[{\"@type\":\"WebPage\",\"@id\":\"https:\\\/\\\/www.filtrationgroupiaq.com\\\/fr\\\/commercial-building-brochure\\\/\",\"url\":\"https:\\\/\\\/www.filtrationgroupiaq.com\\\/fr\\\/commercial-building-brochure\\\/\",\"name\":\"Commercial Building Brochure - Filtration Group- IAQ\",\"isPartOf\":{\"@id\":\"https:\\\/\\\/www.filtrationgroupiaq.com\\\/fr\\\/#website\"},\"primaryImageOfPage\":{\"@id\":\"https:\\\/\\\/www.filtrationgroupiaq.com\\\/fr\\\/commercial-building-brochure\\\/#primaryimage\"},\"image\":{\"@id\":\"https:\\\/\\\/www.filtrationgroupiaq.com\\\/fr\\\/commercial-building-brochure\\\/#primaryimage\"},\"thumbnailUrl\":\"https:\\\/\\\/www.filtrationgroupiaq.com\\\/wp-content\\\/uploads\\\/2020\\\/05\\\/1stPage_Canva-Photo-of-a-Man-and-Woman-Using-a-Laptop-Computer-e1594997244482-1024x376.jpg\",\"datePublished\":\"2020-07-17T14:47:42+00:00\",\"dateModified\":\"2020-09-21T16:21:51+00:00\",\"breadcrumb\":{\"@id\":\"https:\\\/\\\/www.filtrationgroupiaq.com\\\/fr\\\/commercial-building-brochure\\\/#breadcrumb\"},\"inLanguage\":\"fr-FR\",\"potentialAction\":[{\"@type\":\"ReadAction\",\"target\":[\"https:\\\/\\\/www.filtrationgroupiaq.com\\\/fr\\\/commercial-building-brochure\\\/\"]}]},{\"@type\":\"ImageObject\",\"inLanguage\":\"fr-FR\",\"@id\":\"https:\\\/\\\/www.filtrationgroupiaq.com\\\/fr\\\/commercial-building-brochure\\\/#primaryimage\",\"url\":\"https:\\\/\\\/www.filtrationgroupiaq.com\\\/wp-content\\\/uploads\\\/2020\\\/05\\\/1stPage_Canva-Photo-of-a-Man-and-Woman-Using-a-Laptop-Computer-e1594997244482-1024x376.jpg\",\"contentUrl\":\"https:\\\/\\\/www.filtrationgroupiaq.com\\\/wp-content\\\/uploads\\\/2020\\\/05\\\/1stPage_Canva-Photo-of-a-Man-and-Woman-Using-a-Laptop-Computer-e1594997244482-1024x376.jpg\"},{\"@type\":\"BreadcrumbList\",\"@id\":\"https:\\\/\\\/www.filtrationgroupiaq.com\\\/fr\\\/commercial-building-brochure\\\/#breadcrumb\",\"itemListElement\":[{\"@type\":\"ListItem\",\"position\":1,\"name\":\"\",\"item\":\"https:\\\/\\\/www.filtrationgroupiaq.com\\\/fr\\\/\"},{\"@type\":\"ListItem\",\"position\":2,\"name\":\"Commercial Building Brochure\"}]},{\"@type\":\"WebSite\",\"@id\":\"https:\\\/\\\/www.filtrationgroupiaq.com\\\/fr\\\/#website\",\"url\":\"https:\\\/\\\/www.filtrationgroupiaq.com\\\/fr\\\/\",\"name\":\"Filtration Group- IAQ\",\"description\":\"Making the World Safer, Healthier and More Productive\",\"publisher\":{\"@id\":\"https:\\\/\\\/www.filtrationgroupiaq.com\\\/fr\\\/#organization\"},\"potentialAction\":[{\"@type\":\"SearchAction\",\"target\":{\"@type\":\"EntryPoint\",\"urlTemplate\":\"https:\\\/\\\/www.filtrationgroupiaq.com\\\/fr\\\/?s={search_term_string}\"},\"query-input\":{\"@type\":\"PropertyValueSpecification\",\"valueRequired\":true,\"valueName\":\"search_term_string\"}}],\"inLanguage\":\"fr-FR\"},{\"@type\":\"Organization\",\"@id\":\"https:\\\/\\\/www.filtrationgroupiaq.com\\\/fr\\\/#organization\",\"name\":\"Filtration Group\",\"url\":\"https:\\\/\\\/www.filtrationgroupiaq.com\\\/fr\\\/\",\"logo\":{\"@type\":\"ImageObject\",\"inLanguage\":\"fr-FR\",\"@id\":\"https:\\\/\\\/www.filtrationgroupiaq.com\\\/fr\\\/#\\\/schema\\\/logo\\\/image\\\/\",\"url\":\"https:\\\/\\\/www.filtrationgroupiaq.com\\\/wp-content\\\/uploads\\\/2019\\\/06\\\/FGC-logo-1.png\",\"contentUrl\":\"https:\\\/\\\/www.filtrationgroupiaq.com\\\/wp-content\\\/uploads\\\/2019\\\/06\\\/FGC-logo-1.png\",\"width\":1104,\"height\":224,\"caption\":\"Filtration Group\"},\"image\":{\"@id\":\"https:\\\/\\\/www.filtrationgroupiaq.com\\\/fr\\\/#\\\/schema\\\/logo\\\/image\\\/\"},\"sameAs\":[\"https:\\\/\\\/www.linkedin.com\\\/company\\\/11857850\\\/\"]}]}<\/script>\n<!-- \/ Yoast SEO plugin. -->","yoast_head_json":{"title":"Commercial Building Brochure - Filtration Group- IAQ","robots":{"index":"index","follow":"follow","max-snippet":"max-snippet:-1","max-image-preview":"max-image-preview:large","max-video-preview":"max-video-preview:-1"},"canonical":"https:\/\/www.filtrationgroupiaq.com\/fr\/commercial-building-brochure\/","og_locale":"fr_FR","og_type":"article","og_title":"Commercial Building Brochure - Filtration Group- IAQ","og_description":"Solutions \u00c9prouv\u00e9es d&rsquo;Hygi\u00e8ne de l&rsquo;Air Int\u00e9rieur pour les B\u00e2timents Commerciaux B\u00e2timents Commerciaux Avec l&rsquo;arriv\u00e9e de la pand\u00e9mie de COVID-19, les immeubles de bureaux devraient d\u00e9sormais non seulement offrir un environnement confortable \u00e0 ses occupants, mais aussi un environnement hygi\u00e9nique. Prot\u00e9ger les occupants d&rsquo;un immeuble de bureaux contre la propagation des infections a\u00e9roport\u00e9es pr\u00e9sente un ensemble [&hellip;]","og_url":"https:\/\/www.filtrationgroupiaq.com\/fr\/commercial-building-brochure\/","og_site_name":"Filtration Group- IAQ","article_modified_time":"2020-09-21T16:21:51+00:00","og_image":[{"url":"https:\/\/www.filtrationgroupiaq.com\/wp-content\/uploads\/2020\/05\/1stPage_Canva-Photo-of-a-Man-and-Woman-Using-a-Laptop-Computer-e1594997244482-1024x376.jpg","type":"","width":"","height":""}],"twitter_card":"summary_large_image","twitter_misc":{"Dur\u00e9e de lecture estim\u00e9e":"1 minute"},"schema":{"@context":"https:\/\/schema.org","@graph":[{"@type":"WebPage","@id":"https:\/\/www.filtrationgroupiaq.com\/fr\/commercial-building-brochure\/","url":"https:\/\/www.filtrationgroupiaq.com\/fr\/commercial-building-brochure\/","name":"Commercial Building Brochure - Filtration Group- IAQ","isPartOf":{"@id":"https:\/\/www.filtrationgroupiaq.com\/fr\/#website"},"primaryImageOfPage":{"@id":"https:\/\/www.filtrationgroupiaq.com\/fr\/commercial-building-brochure\/#primaryimage"},"image":{"@id":"https:\/\/www.filtrationgroupiaq.com\/fr\/commercial-building-brochure\/#primaryimage"},"thumbnailUrl":"https:\/\/www.filtrationgroupiaq.com\/wp-content\/uploads\/2020\/05\/1stPage_Canva-Photo-of-a-Man-and-Woman-Using-a-Laptop-Computer-e1594997244482-1024x376.jpg","datePublished":"2020-07-17T14:47:42+00:00","dateModified":"2020-09-21T16:21:51+00:00","breadcrumb":{"@id":"https:\/\/www.filtrationgroupiaq.com\/fr\/commercial-building-brochure\/#breadcrumb"},"inLanguage":"fr-FR","potentialAction":[{"@type":"ReadAction","target":["https:\/\/www.filtrationgroupiaq.com\/fr\/commercial-building-brochure\/"]}]},{"@type":"ImageObject","inLanguage":"fr-FR","@id":"https:\/\/www.filtrationgroupiaq.com\/fr\/commercial-building-brochure\/#primaryimage","url":"https:\/\/www.filtrationgroupiaq.com\/wp-content\/uploads\/2020\/05\/1stPage_Canva-Photo-of-a-Man-and-Woman-Using-a-Laptop-Computer-e1594997244482-1024x376.jpg","contentUrl":"https:\/\/www.filtrationgroupiaq.com\/wp-content\/uploads\/2020\/05\/1stPage_Canva-Photo-of-a-Man-and-Woman-Using-a-Laptop-Computer-e1594997244482-1024x376.jpg"},{"@type":"BreadcrumbList","@id":"https:\/\/www.filtrationgroupiaq.com\/fr\/commercial-building-brochure\/#breadcrumb","itemListElement":[{"@type":"ListItem","position":1,"name":"","item":"https:\/\/www.filtrationgroupiaq.com\/fr\/"},{"@type":"ListItem","position":2,"name":"Commercial Building Brochure"}]},{"@type":"WebSite","@id":"https:\/\/www.filtrationgroupiaq.com\/fr\/#website","url":"https:\/\/www.filtrationgroupiaq.com\/fr\/","name":"Filtration Group- IAQ","description":"Making the World Safer, Healthier and More Productive","publisher":{"@id":"https:\/\/www.filtrationgroupiaq.com\/fr\/#organization"},"potentialAction":[{"@type":"SearchAction","target":{"@type":"EntryPoint","urlTemplate":"https:\/\/www.filtrationgroupiaq.com\/fr\/?s={search_term_string}"},"query-input":{"@type":"PropertyValueSpecification","valueRequired":true,"valueName":"search_term_string"}}],"inLanguage":"fr-FR"},{"@type":"Organization","@id":"https:\/\/www.filtrationgroupiaq.com\/fr\/#organization","name":"Filtration Group","url":"https:\/\/www.filtrationgroupiaq.com\/fr\/","logo":{"@type":"ImageObject","inLanguage":"fr-FR","@id":"https:\/\/www.filtrationgroupiaq.com\/fr\/#\/schema\/logo\/image\/","url":"https:\/\/www.filtrationgroupiaq.com\/wp-content\/uploads\/2019\/06\/FGC-logo-1.png","contentUrl":"https:\/\/www.filtrationgroupiaq.com\/wp-content\/uploads\/2019\/06\/FGC-logo-1.png","width":1104,"height":224,"caption":"Filtration Group"},"image":{"@id":"https:\/\/www.filtrationgroupiaq.com\/fr\/#\/schema\/logo\/image\/"},"sameAs":["https:\/\/www.linkedin.com\/company\/11857850\/"]}]}},"_links":{"self":[{"href":"https:\/\/www.filtrationgroupiaq.com\/fr\/wp-json\/wp\/v2\/pages\/2861","targetHints":{"allow":["GET"]}}],"collection":[{"href":"https:\/\/www.filtrationgroupiaq.com\/fr\/wp-json\/wp\/v2\/pages"}],"about":[{"href":"https:\/\/www.filtrationgroupiaq.com\/fr\/wp-json\/wp\/v2\/types\/page"}],"author":[{"embeddable":true,"href":"https:\/\/www.filtrationgroupiaq.com\/fr\/wp-json\/wp\/v2\/users\/6"}],"replies":[{"embeddable":true,"href":"https:\/\/www.filtrationgroupiaq.com\/fr\/wp-json\/wp\/v2\/comments?post=2861"}],"version-history":[{"count":0,"href":"https:\/\/www.filtrationgroupiaq.com\/fr\/wp-json\/wp\/v2\/pages\/2861\/revisions"}],"wp:attachment":[{"href":"https:\/\/www.filtrationgroupiaq.com\/fr\/wp-json\/wp\/v2\/media?parent=2861"}],"curies":[{"name":"wp","href":"https:\/\/api.w.org\/{rel}","templated":true}]}}