{"id":5040,"date":"2020-08-31T09:03:16","date_gmt":"2020-08-31T14:03:16","guid":{"rendered":"https:\/\/www.filtrationgroupiaq.com\/?page_id=5040"},"modified":"2020-08-31T09:03:16","modified_gmt":"2020-08-31T14:03:16","slug":"residence-pour-aines","status":"publish","type":"page","link":"https:\/\/www.filtrationgroupiaq.com\/fr\/applications\/residence-pour-aines\/","title":{"rendered":"R\u00e9sidence pour A\u00een\u00e9s"},"content":{"rendered":"\n<div class=\"wp-block-cover alignfull has-background-dim\" style=\"background-image:url(https:\/\/www.filtrationgroupiaq.com\/wp-content\/uploads\/2020\/04\/shutterstock_728859280-scaled-e1588286606851.jpg)\"><div class=\"wp-block-cover__inner-container is-layout-flow wp-block-cover-is-layout-flow\">\n<div class=\"wp-block-columns alignwide are-vertically-aligned-center is-layout-flex wp-container-core-columns-is-layout-9d6595d7 wp-block-columns-is-layout-flex\">\n<div class=\"wp-block-column is-vertically-aligned-center is-layout-flow wp-block-column-is-layout-flow\" style=\"flex-basis:59%\">\n<h1 class=\"wp-block-heading\">La protection des Personnes \u00c2g\u00e9es est plus Importante que Jamais<\/h1>\n\n\n\n<p>L&rsquo;hygi\u00e8ne de l&rsquo;air joue un r\u00f4le dans la protection des r\u00e9sidents et du personnel. FG IAQ a la solution pour votre application. D\u00e9couvrez comment les filtres aident \u00e0 arr\u00eater la propagation des maladies infectieuses.<\/p>\n\n\n\n<div class=\"wp-block-button\"><a class=\"wp-block-button__link has-background has-green-background-color\" href=\"\/senior-living-brochure\">Guide de Solution COVID-19<\/a><\/div>\n<\/div>\n\n\n\n<div class=\"wp-block-column is-vertically-aligned-center is-layout-flow wp-block-column-is-layout-flow\" style=\"flex-basis:41%\"><\/div>\n<\/div>\n<\/div><\/div>\n\n\n\n<h2 class=\"has-blue-color has-text-color wp-block-heading\">R\u00c9SIDENCES POUR A\u00ceN\u00c9S<\/h2>\n\n\n\n<div class=\"wp-block-columns is-layout-flex wp-container-core-columns-is-layout-9d6595d7 wp-block-columns-is-layout-flex\">\n<div class=\"wp-block-column is-layout-flow wp-block-column-is-layout-flow\" style=\"flex-basis:56%\">\n<p><strong>Comme le COVID-19 s&rsquo;est r\u00e9pandu dans le monde entier, les pr\u00e9cautions a\u00e9roport\u00e9es sont essentielles pour lutter contre la transmission de maladies \u00e0 l&rsquo;int\u00e9rieur par les syst\u00e8mes CVAC.<\/strong><\/p>\n\n\n\n<p>Il est particuli\u00e8rement important de s\u00e9curiser les b\u00e2timents abritant des groupes d&rsquo;\u00e2ge \u00e0 haut risque qui sont g\u00e9n\u00e9ralement immunod\u00e9prim\u00e9s par les probl\u00e8mes de sant\u00e9 existants.<\/p>\n\n\n\n<p>Au fur et \u00e0 mesure que nous en apprenons davantage sur la fa\u00e7on dont le COVID-19 contamine les environnements d&rsquo;air int\u00e9rieur, le remplacement des filtres existants par des filtres \u00e0 air MERV 13-15 peut consid\u00e9rablement am\u00e9liorer la sant\u00e9 des b\u00e2timents communautaires \u00e0 haut risque tels que les r\u00e9sidences pour personnes \u00e2g\u00e9es.<\/p>\n\n\n\n<p>FG IAQ et notre soci\u00e9t\u00e9 partenaire <a href=\"https:\/\/www.purafil.com\/\" target=\"_blank\" rel=\"noreferrer noopener\">Purafil<\/a>, Inc. ont d\u00e9velopp\u00e9 des solutions de confinement int\u00e9rieur et de protection respiratoire.<\/p>\n<\/div>\n\n\n\n<div class=\"wp-block-column is-layout-flow wp-block-column-is-layout-flow\" style=\"flex-basis:44%\">\n<div class=\"wp-block-media-text alignwide has-background has-white-background-color is-vertically-aligned-top is-image-fill\" style=\"grid-template-columns:38% auto\"><figure class=\"wp-block-media-text__media\" style=\"background-image:url(https:\/\/www.filtrationgroupiaq.com\/wp-content\/uploads\/2020\/02\/Screen-Shot-2020-02-05-at-2.28.45-PM.png);background-position:50% 50%\"><img loading=\"lazy\" decoding=\"async\" width=\"412\" height=\"647\" src=\"https:\/\/www.filtrationgroupiaq.com\/wp-content\/uploads\/2020\/02\/Screen-Shot-2020-02-05-at-2.28.45-PM.png\" alt=\"North America Filtration Group\" class=\"wp-image-2228\" srcset=\"https:\/\/www.filtrationgroupiaq.com\/wp-content\/uploads\/2020\/02\/Screen-Shot-2020-02-05-at-2.28.45-PM.png 412w, https:\/\/www.filtrationgroupiaq.com\/wp-content\/uploads\/2020\/02\/Screen-Shot-2020-02-05-at-2.28.45-PM-191x300.png 191w\" sizes=\"auto, (max-width: 412px) 100vw, 412px\" \/><\/figure><div class=\"wp-block-media-text__content\">\n<p class=\"has-normal-font-size\"><strong>For information of recommended products, service programs and free general consultations<\/strong><\/p>\n\n\n\n<div class=\"wp-block-button\"><a class=\"wp-block-button__link has-text-color has-white-color has-background has-blue-background-color\" href=\"https:\/\/www.filtrationgroupiaq.com\/locations\/\">Contact Sales<\/a><\/div>\n<\/div><\/div>\n<\/div>\n<\/div>\n\n\n\n<hr class=\"wp-block-separator is-style-wide\" \/>\n\n\n\n<div class=\"wp-block-columns is-layout-flex wp-container-core-columns-is-layout-9d6595d7 wp-block-columns-is-layout-flex\">\n<div class=\"wp-block-column is-layout-flow wp-block-column-is-layout-flow\" style=\"flex-basis:22.75%\">\n<p class=\"has-background has-light-gray-background-color\"><strong>L&rsquo;hygi\u00e8ne de l&rsquo;air joue un r\u00f4le dans la protection des r\u00e9sidents et du personnel<\/strong><\/p>\n\n\n\n<p style=\"font-size:13px\" class=\"has-background has-light-gray-background-color\">Les filtres \u00e0 air \u00e9liminent une gamme de tailles de particules et chaque fois que l&rsquo;air recycl\u00e9 passe \u00e0 travers un filtre, davantage de particules sont pi\u00e9g\u00e9es. Lorsque le type de filtre et l&rsquo;efficacit\u00e9 optimaux sont choisis, le syst\u00e8me HVAC peut r\u00e9duire consid\u00e9rablement le nombre d&rsquo;agents pathog\u00e8nes dans l&rsquo;air.<\/p>\n<\/div>\n\n\n\n<div class=\"wp-block-column is-layout-flow wp-block-column-is-layout-flow\" style=\"flex-basis:29.25%\">\n<div class=\"wp-block-media-text alignwide is-vertically-aligned-center\" style=\"grid-template-columns:48% auto\"><figure class=\"wp-block-media-text__media\"><img loading=\"lazy\" decoding=\"async\" width=\"938\" height=\"1024\" src=\"https:\/\/www.filtrationgroupiaq.com\/wp-content\/uploads\/2020\/04\/Series400-938x1024.png\" alt=\"Series 400 Pleated Filters\" class=\"wp-image-2404\" srcset=\"https:\/\/www.filtrationgroupiaq.com\/wp-content\/uploads\/2020\/04\/Series400-938x1024.png 938w, https:\/\/www.filtrationgroupiaq.com\/wp-content\/uploads\/2020\/04\/Series400-275x300.png 275w, https:\/\/www.filtrationgroupiaq.com\/wp-content\/uploads\/2020\/04\/Series400-768x839.png 768w, https:\/\/www.filtrationgroupiaq.com\/wp-content\/uploads\/2020\/04\/Series400.png 1013w\" sizes=\"auto, (max-width: 938px) 100vw, 938px\" \/><\/figure><div class=\"wp-block-media-text__content\">\n<p class=\"has-normal-font-size\"><strong>S\u00e9rie 400 pliss\u00e9 haute capacit\u00e9   <\/strong> <\/p>\n\n\n\n<p class=\"has-normal-font-size\">MERV 10    <\/p>\n\n\n\n<div class=\"wp-block-button\"><a class=\"wp-block-button__link\" href=\"\/fr\/produits\/airfiltration\/filtresplisses\/serie400\/\">Voir plus<\/a><\/div>\n\n\n\n<div style=\"height:46px\" aria-hidden=\"true\" class=\"wp-block-spacer\"><\/div>\n<\/div><\/div>\n\n\n\n<div class=\"wp-block-media-text alignwide is-vertically-aligned-center\" style=\"grid-template-columns:47% auto\"><figure class=\"wp-block-media-text__media\"><img loading=\"lazy\" decoding=\"async\" width=\"938\" height=\"1024\" src=\"https:\/\/www.filtrationgroupiaq.com\/wp-content\/uploads\/2020\/04\/nexfil-938x1024.png\" alt=\"nexfil mini pleat merv 15\" class=\"wp-image-2409\" srcset=\"https:\/\/www.filtrationgroupiaq.com\/wp-content\/uploads\/2020\/04\/nexfil-938x1024.png 938w, https:\/\/www.filtrationgroupiaq.com\/wp-content\/uploads\/2020\/04\/nexfil-275x300.png 275w, https:\/\/www.filtrationgroupiaq.com\/wp-content\/uploads\/2020\/04\/nexfil-768x839.png 768w, https:\/\/www.filtrationgroupiaq.com\/wp-content\/uploads\/2020\/04\/nexfil.png 1013w\" sizes=\"auto, (max-width: 938px) 100vw, 938px\" \/><\/figure><div class=\"wp-block-media-text__content\">\n<p class=\"has-normal-font-size\"><strong>Nexfil<\/strong><\/p>\n\n\n\n<p class=\"has-normal-font-size\">MERV 15     <\/p>\n\n\n\n<div class=\"wp-block-button\"><a class=\"wp-block-button__link\" href=\"\/fr\/products\/airfiltration\/vbank\/nexfil\/\">Voir plus<\/a><\/div>\n<\/div><\/div>\n<\/div>\n\n\n\n<div class=\"wp-block-column is-layout-flow wp-block-column-is-layout-flow\" style=\"flex-basis:48%\">\n<div class=\"wp-block-media-text alignwide\" style=\"grid-template-columns:29% auto\"><figure class=\"wp-block-media-text__media\"><img loading=\"lazy\" decoding=\"async\" width=\"938\" height=\"1024\" src=\"https:\/\/www.filtrationgroupiaq.com\/wp-content\/uploads\/2020\/04\/greenpleat-938x1024.png\" alt=\"greenpleat\" class=\"wp-image-2406\" srcset=\"https:\/\/www.filtrationgroupiaq.com\/wp-content\/uploads\/2020\/04\/greenpleat-938x1024.png 938w, https:\/\/www.filtrationgroupiaq.com\/wp-content\/uploads\/2020\/04\/greenpleat-275x300.png 275w, https:\/\/www.filtrationgroupiaq.com\/wp-content\/uploads\/2020\/04\/greenpleat-768x839.png 768w, https:\/\/www.filtrationgroupiaq.com\/wp-content\/uploads\/2020\/04\/greenpleat.png 1013w\" sizes=\"auto, (max-width: 938px) 100vw, 938px\" \/><\/figure><div class=\"wp-block-media-text__content\">\n<p class=\"has-normal-font-size\"><\/p>\n\n\n\n<p class=\"has-normal-font-size\"><strong>GreenPleat<\/strong><\/p>\n\n\n\n<p>MERV 13<\/p>\n\n\n\n<div class=\"wp-block-button\"><a class=\"wp-block-button__link\" href=\"\/fr\/products\/airfiltration\/pleatedairfilters\/greenpleat\/\">Voir plus<\/a><\/div>\n\n\n\n<div style=\"height:43px\" aria-hidden=\"true\" class=\"wp-block-spacer\"><\/div>\n<\/div><\/div>\n\n\n\n<div class=\"wp-block-media-text alignwide\" style=\"grid-template-columns:29% auto\"><figure class=\"wp-block-media-text__media\"><img loading=\"lazy\" decoding=\"async\" width=\"938\" height=\"1024\" src=\"https:\/\/www.filtrationgroupiaq.com\/wp-content\/uploads\/2020\/04\/stand-alone-solution-938x1024.png\" alt=\"stand alone solution indoor air quality\" class=\"wp-image-2411\" srcset=\"https:\/\/www.filtrationgroupiaq.com\/wp-content\/uploads\/2020\/04\/stand-alone-solution-938x1024.png 938w, https:\/\/www.filtrationgroupiaq.com\/wp-content\/uploads\/2020\/04\/stand-alone-solution-275x300.png 275w, https:\/\/www.filtrationgroupiaq.com\/wp-content\/uploads\/2020\/04\/stand-alone-solution-768x839.png 768w, https:\/\/www.filtrationgroupiaq.com\/wp-content\/uploads\/2020\/04\/stand-alone-solution.png 1013w\" sizes=\"auto, (max-width: 938px) 100vw, 938px\" \/><\/figure><div class=\"wp-block-media-text__content\">\n<p class=\"has-normal-font-size\"><strong>Solution autonome en plus du CVC:<\/strong> Purashield 1000 &amp; Syst\u00e8me Phoenix Guardian HEPA<\/p>\n\n\n\n<div class=\"wp-block-button\"><a class=\"wp-block-button__link\" href=\"\/fr\/contact-us\/\">Contactez-nous<\/a><\/div>\n\n\n\n<div style=\"height:43px\" aria-hidden=\"true\" class=\"wp-block-spacer\"><\/div>\n<\/div><\/div>\n<\/div>\n<\/div>\n\n\n\n<div class=\"wp-block-media-text alignwide is-stacked-on-mobile grayblock\" style=\"grid-template-columns:41% auto\"><figure class=\"wp-block-media-text__media\"><img loading=\"lazy\" decoding=\"async\" width=\"1024\" height=\"635\" src=\"https:\/\/www.filtrationgroupiaq.com\/wp-content\/uploads\/2020\/05\/IndoorAirHygiene.com_-1-1024x635.jpg\" alt=\"\" class=\"wp-image-2487\" srcset=\"https:\/\/www.filtrationgroupiaq.com\/wp-content\/uploads\/2020\/05\/IndoorAirHygiene.com_-1-1024x635.jpg 1024w, https:\/\/www.filtrationgroupiaq.com\/wp-content\/uploads\/2020\/05\/IndoorAirHygiene.com_-1-300x186.jpg 300w, https:\/\/www.filtrationgroupiaq.com\/wp-content\/uploads\/2020\/05\/IndoorAirHygiene.com_-1-768x477.jpg 768w, https:\/\/www.filtrationgroupiaq.com\/wp-content\/uploads\/2020\/05\/IndoorAirHygiene.com_-1.jpg 1083w\" sizes=\"auto, (max-width: 1024px) 100vw, 1024px\" \/><\/figure><div class=\"wp-block-media-text__content\">\n<h3 class=\"wp-block-heading\">PR\u00c9OCCUP\u00c9 PAR LA R\u00c9OUVERTURE DE VOTRE ENTREPRISE?<\/h3>\n\n\n\n<p><a href=\"http:\/\/www.INDOORAIRHYGIENE.COM\">INDOORAIRHYGIENE.COM<\/a> est un centre de ressources gratuit mis \u00e0 votre disposition par Dafco Filtration Group, les Compagnies de Filtration Group et Madison Industries.<\/p>\n\n\n\n<div class=\"wp-block-buttons is-layout-flex wp-block-buttons-is-layout-flex\">\n<div class=\"wp-block-button is-style-outline is-style-outline--1\"><a class=\"wp-block-button__link has-blue-color has-text-color\" href=\"http:\/\/indoorairhygiene.com\/\" target=\"_blank\" rel=\"noreferrer noopener\">Visiter le Centre de Ressources<\/a><\/div>\n<\/div>\n<\/div><\/div>\n","protected":false},"excerpt":{"rendered":"<p>R\u00c9SIDENCES POUR A\u00ceN\u00c9S Comme le COVID-19 s&rsquo;est r\u00e9pandu dans le monde entier, les pr\u00e9cautions a\u00e9roport\u00e9es sont essentielles pour lutter contre la transmission de maladies \u00e0 l&rsquo;int\u00e9rieur par les syst\u00e8mes CVAC. Il est particuli\u00e8rement important de s\u00e9curiser les b\u00e2timents abritant des groupes d&rsquo;\u00e2ge \u00e0 haut risque qui sont g\u00e9n\u00e9ralement immunod\u00e9prim\u00e9s par les probl\u00e8mes de sant\u00e9 existants. [&hellip;]<\/p>\n","protected":false},"author":6,"featured_media":2400,"parent":1526,"menu_order":0,"comment_status":"closed","ping_status":"closed","template":"","meta":{"_acf_changed":false,"footnotes":""},"class_list":["post-5040","page","type-page","status-publish","has-post-thumbnail","hentry"],"acf":[],"yoast_head":"<!-- This site is optimized with the Yoast SEO plugin v27.3 - https:\/\/yoast.com\/product\/yoast-seo-wordpress\/ -->\n<title>R\u00e9sidence pour A\u00een\u00e9s - Filtration Group- IAQ<\/title>\n<meta name=\"robots\" content=\"index, follow, max-snippet:-1, max-image-preview:large, max-video-preview:-1\" \/>\n<link rel=\"canonical\" href=\"https:\/\/www.filtrationgroupiaq.com\/fr\/applications\/residence-pour-aines\/\" \/>\n<meta property=\"og:locale\" content=\"fr_FR\" \/>\n<meta property=\"og:type\" content=\"article\" \/>\n<meta property=\"og:title\" content=\"R\u00e9sidence pour A\u00een\u00e9s - Filtration Group- IAQ\" \/>\n<meta property=\"og:description\" content=\"R\u00c9SIDENCES POUR A\u00ceN\u00c9S Comme le COVID-19 s&rsquo;est r\u00e9pandu dans le monde entier, les pr\u00e9cautions a\u00e9roport\u00e9es sont essentielles pour lutter contre la transmission de maladies \u00e0 l&rsquo;int\u00e9rieur par les syst\u00e8mes CVAC. Il est particuli\u00e8rement important de s\u00e9curiser les b\u00e2timents abritant des groupes d&rsquo;\u00e2ge \u00e0 haut risque qui sont g\u00e9n\u00e9ralement immunod\u00e9prim\u00e9s par les probl\u00e8mes de sant\u00e9 existants. [&hellip;]\" \/>\n<meta property=\"og:url\" content=\"https:\/\/www.filtrationgroupiaq.com\/fr\/applications\/residence-pour-aines\/\" \/>\n<meta property=\"og:site_name\" content=\"Filtration Group- IAQ\" \/>\n<meta property=\"og:image\" content=\"https:\/\/www.filtrationgroupiaq.com\/wp-content\/uploads\/2020\/04\/753846172-huge-1024x683.jpg\" \/>\n\t<meta property=\"og:image:width\" content=\"1024\" \/>\n\t<meta property=\"og:image:height\" content=\"683\" \/>\n\t<meta property=\"og:image:type\" content=\"image\/jpeg\" \/>\n<meta name=\"twitter:card\" content=\"summary_large_image\" \/>\n<meta name=\"twitter:label1\" content=\"Dur\u00e9e de lecture estim\u00e9e\" \/>\n\t<meta name=\"twitter:data1\" content=\"2 minutes\" \/>\n<script type=\"application\/ld+json\" class=\"yoast-schema-graph\">{\"@context\":\"https:\\\/\\\/schema.org\",\"@graph\":[{\"@type\":\"WebPage\",\"@id\":\"https:\\\/\\\/www.filtrationgroupiaq.com\\\/fr\\\/applications\\\/residence-pour-aines\\\/\",\"url\":\"https:\\\/\\\/www.filtrationgroupiaq.com\\\/fr\\\/applications\\\/residence-pour-aines\\\/\",\"name\":\"R\u00e9sidence pour A\u00een\u00e9s - Filtration Group- IAQ\",\"isPartOf\":{\"@id\":\"https:\\\/\\\/www.filtrationgroupiaq.com\\\/fr\\\/#website\"},\"primaryImageOfPage\":{\"@id\":\"https:\\\/\\\/www.filtrationgroupiaq.com\\\/fr\\\/applications\\\/residence-pour-aines\\\/#primaryimage\"},\"image\":{\"@id\":\"https:\\\/\\\/www.filtrationgroupiaq.com\\\/fr\\\/applications\\\/residence-pour-aines\\\/#primaryimage\"},\"thumbnailUrl\":\"https:\\\/\\\/www.filtrationgroupiaq.com\\\/wp-content\\\/uploads\\\/2020\\\/04\\\/753846172-huge.jpg\",\"datePublished\":\"2020-08-31T14:03:16+00:00\",\"breadcrumb\":{\"@id\":\"https:\\\/\\\/www.filtrationgroupiaq.com\\\/fr\\\/applications\\\/residence-pour-aines\\\/#breadcrumb\"},\"inLanguage\":\"fr-FR\",\"potentialAction\":[{\"@type\":\"ReadAction\",\"target\":[\"https:\\\/\\\/www.filtrationgroupiaq.com\\\/fr\\\/applications\\\/residence-pour-aines\\\/\"]}]},{\"@type\":\"ImageObject\",\"inLanguage\":\"fr-FR\",\"@id\":\"https:\\\/\\\/www.filtrationgroupiaq.com\\\/fr\\\/applications\\\/residence-pour-aines\\\/#primaryimage\",\"url\":\"https:\\\/\\\/www.filtrationgroupiaq.com\\\/wp-content\\\/uploads\\\/2020\\\/04\\\/753846172-huge.jpg\",\"contentUrl\":\"https:\\\/\\\/www.filtrationgroupiaq.com\\\/wp-content\\\/uploads\\\/2020\\\/04\\\/753846172-huge.jpg\",\"width\":2560,\"height\":1707},{\"@type\":\"BreadcrumbList\",\"@id\":\"https:\\\/\\\/www.filtrationgroupiaq.com\\\/fr\\\/applications\\\/residence-pour-aines\\\/#breadcrumb\",\"itemListElement\":[{\"@type\":\"ListItem\",\"position\":1,\"name\":\"\",\"item\":\"https:\\\/\\\/www.filtrationgroupiaq.com\\\/fr\\\/\"},{\"@type\":\"ListItem\",\"position\":2,\"name\":\"Applications\",\"item\":\"https:\\\/\\\/www.filtrationgroupiaq.com\\\/fr\\\/applications\\\/\"},{\"@type\":\"ListItem\",\"position\":3,\"name\":\"R\u00e9sidence pour A\u00een\u00e9s\"}]},{\"@type\":\"WebSite\",\"@id\":\"https:\\\/\\\/www.filtrationgroupiaq.com\\\/fr\\\/#website\",\"url\":\"https:\\\/\\\/www.filtrationgroupiaq.com\\\/fr\\\/\",\"name\":\"Filtration Group- IAQ\",\"description\":\"Making the World Safer, Healthier and More Productive\",\"publisher\":{\"@id\":\"https:\\\/\\\/www.filtrationgroupiaq.com\\\/fr\\\/#organization\"},\"potentialAction\":[{\"@type\":\"SearchAction\",\"target\":{\"@type\":\"EntryPoint\",\"urlTemplate\":\"https:\\\/\\\/www.filtrationgroupiaq.com\\\/fr\\\/?s={search_term_string}\"},\"query-input\":{\"@type\":\"PropertyValueSpecification\",\"valueRequired\":true,\"valueName\":\"search_term_string\"}}],\"inLanguage\":\"fr-FR\"},{\"@type\":\"Organization\",\"@id\":\"https:\\\/\\\/www.filtrationgroupiaq.com\\\/fr\\\/#organization\",\"name\":\"Filtration Group\",\"url\":\"https:\\\/\\\/www.filtrationgroupiaq.com\\\/fr\\\/\",\"logo\":{\"@type\":\"ImageObject\",\"inLanguage\":\"fr-FR\",\"@id\":\"https:\\\/\\\/www.filtrationgroupiaq.com\\\/fr\\\/#\\\/schema\\\/logo\\\/image\\\/\",\"url\":\"https:\\\/\\\/www.filtrationgroupiaq.com\\\/wp-content\\\/uploads\\\/2019\\\/06\\\/FGC-logo-1.png\",\"contentUrl\":\"https:\\\/\\\/www.filtrationgroupiaq.com\\\/wp-content\\\/uploads\\\/2019\\\/06\\\/FGC-logo-1.png\",\"width\":1104,\"height\":224,\"caption\":\"Filtration Group\"},\"image\":{\"@id\":\"https:\\\/\\\/www.filtrationgroupiaq.com\\\/fr\\\/#\\\/schema\\\/logo\\\/image\\\/\"},\"sameAs\":[\"https:\\\/\\\/www.linkedin.com\\\/company\\\/11857850\\\/\"]}]}<\/script>\n<!-- \/ Yoast SEO plugin. -->","yoast_head_json":{"title":"R\u00e9sidence pour A\u00een\u00e9s - Filtration Group- IAQ","robots":{"index":"index","follow":"follow","max-snippet":"max-snippet:-1","max-image-preview":"max-image-preview:large","max-video-preview":"max-video-preview:-1"},"canonical":"https:\/\/www.filtrationgroupiaq.com\/fr\/applications\/residence-pour-aines\/","og_locale":"fr_FR","og_type":"article","og_title":"R\u00e9sidence pour A\u00een\u00e9s - Filtration Group- IAQ","og_description":"R\u00c9SIDENCES POUR A\u00ceN\u00c9S Comme le COVID-19 s&rsquo;est r\u00e9pandu dans le monde entier, les pr\u00e9cautions a\u00e9roport\u00e9es sont essentielles pour lutter contre la transmission de maladies \u00e0 l&rsquo;int\u00e9rieur par les syst\u00e8mes CVAC. Il est particuli\u00e8rement important de s\u00e9curiser les b\u00e2timents abritant des groupes d&rsquo;\u00e2ge \u00e0 haut risque qui sont g\u00e9n\u00e9ralement immunod\u00e9prim\u00e9s par les probl\u00e8mes de sant\u00e9 existants. [&hellip;]","og_url":"https:\/\/www.filtrationgroupiaq.com\/fr\/applications\/residence-pour-aines\/","og_site_name":"Filtration Group- IAQ","og_image":[{"width":1024,"height":683,"url":"https:\/\/www.filtrationgroupiaq.com\/wp-content\/uploads\/2020\/04\/753846172-huge-1024x683.jpg","type":"image\/jpeg"}],"twitter_card":"summary_large_image","twitter_misc":{"Dur\u00e9e de lecture estim\u00e9e":"2 minutes"},"schema":{"@context":"https:\/\/schema.org","@graph":[{"@type":"WebPage","@id":"https:\/\/www.filtrationgroupiaq.com\/fr\/applications\/residence-pour-aines\/","url":"https:\/\/www.filtrationgroupiaq.com\/fr\/applications\/residence-pour-aines\/","name":"R\u00e9sidence pour A\u00een\u00e9s - Filtration Group- IAQ","isPartOf":{"@id":"https:\/\/www.filtrationgroupiaq.com\/fr\/#website"},"primaryImageOfPage":{"@id":"https:\/\/www.filtrationgroupiaq.com\/fr\/applications\/residence-pour-aines\/#primaryimage"},"image":{"@id":"https:\/\/www.filtrationgroupiaq.com\/fr\/applications\/residence-pour-aines\/#primaryimage"},"thumbnailUrl":"https:\/\/www.filtrationgroupiaq.com\/wp-content\/uploads\/2020\/04\/753846172-huge.jpg","datePublished":"2020-08-31T14:03:16+00:00","breadcrumb":{"@id":"https:\/\/www.filtrationgroupiaq.com\/fr\/applications\/residence-pour-aines\/#breadcrumb"},"inLanguage":"fr-FR","potentialAction":[{"@type":"ReadAction","target":["https:\/\/www.filtrationgroupiaq.com\/fr\/applications\/residence-pour-aines\/"]}]},{"@type":"ImageObject","inLanguage":"fr-FR","@id":"https:\/\/www.filtrationgroupiaq.com\/fr\/applications\/residence-pour-aines\/#primaryimage","url":"https:\/\/www.filtrationgroupiaq.com\/wp-content\/uploads\/2020\/04\/753846172-huge.jpg","contentUrl":"https:\/\/www.filtrationgroupiaq.com\/wp-content\/uploads\/2020\/04\/753846172-huge.jpg","width":2560,"height":1707},{"@type":"BreadcrumbList","@id":"https:\/\/www.filtrationgroupiaq.com\/fr\/applications\/residence-pour-aines\/#breadcrumb","itemListElement":[{"@type":"ListItem","position":1,"name":"","item":"https:\/\/www.filtrationgroupiaq.com\/fr\/"},{"@type":"ListItem","position":2,"name":"Applications","item":"https:\/\/www.filtrationgroupiaq.com\/fr\/applications\/"},{"@type":"ListItem","position":3,"name":"R\u00e9sidence pour A\u00een\u00e9s"}]},{"@type":"WebSite","@id":"https:\/\/www.filtrationgroupiaq.com\/fr\/#website","url":"https:\/\/www.filtrationgroupiaq.com\/fr\/","name":"Filtration Group- IAQ","description":"Making the World Safer, Healthier and More Productive","publisher":{"@id":"https:\/\/www.filtrationgroupiaq.com\/fr\/#organization"},"potentialAction":[{"@type":"SearchAction","target":{"@type":"EntryPoint","urlTemplate":"https:\/\/www.filtrationgroupiaq.com\/fr\/?s={search_term_string}"},"query-input":{"@type":"PropertyValueSpecification","valueRequired":true,"valueName":"search_term_string"}}],"inLanguage":"fr-FR"},{"@type":"Organization","@id":"https:\/\/www.filtrationgroupiaq.com\/fr\/#organization","name":"Filtration Group","url":"https:\/\/www.filtrationgroupiaq.com\/fr\/","logo":{"@type":"ImageObject","inLanguage":"fr-FR","@id":"https:\/\/www.filtrationgroupiaq.com\/fr\/#\/schema\/logo\/image\/","url":"https:\/\/www.filtrationgroupiaq.com\/wp-content\/uploads\/2019\/06\/FGC-logo-1.png","contentUrl":"https:\/\/www.filtrationgroupiaq.com\/wp-content\/uploads\/2019\/06\/FGC-logo-1.png","width":1104,"height":224,"caption":"Filtration Group"},"image":{"@id":"https:\/\/www.filtrationgroupiaq.com\/fr\/#\/schema\/logo\/image\/"},"sameAs":["https:\/\/www.linkedin.com\/company\/11857850\/"]}]}},"_links":{"self":[{"href":"https:\/\/www.filtrationgroupiaq.com\/fr\/wp-json\/wp\/v2\/pages\/5040","targetHints":{"allow":["GET"]}}],"collection":[{"href":"https:\/\/www.filtrationgroupiaq.com\/fr\/wp-json\/wp\/v2\/pages"}],"about":[{"href":"https:\/\/www.filtrationgroupiaq.com\/fr\/wp-json\/wp\/v2\/types\/page"}],"author":[{"embeddable":true,"href":"https:\/\/www.filtrationgroupiaq.com\/fr\/wp-json\/wp\/v2\/users\/6"}],"replies":[{"embeddable":true,"href":"https:\/\/www.filtrationgroupiaq.com\/fr\/wp-json\/wp\/v2\/comments?post=5040"}],"version-history":[{"count":0,"href":"https:\/\/www.filtrationgroupiaq.com\/fr\/wp-json\/wp\/v2\/pages\/5040\/revisions"}],"up":[{"embeddable":true,"href":"https:\/\/www.filtrationgroupiaq.com\/fr\/wp-json\/wp\/v2\/pages\/1526"}],"wp:featuredmedia":[{"embeddable":true,"href":"https:\/\/www.filtrationgroupiaq.com\/fr\/wp-json\/wp\/v2\/media\/2400"}],"wp:attachment":[{"href":"https:\/\/www.filtrationgroupiaq.com\/fr\/wp-json\/wp\/v2\/media?parent=5040"}],"curies":[{"name":"wp","href":"https:\/\/api.w.org\/{rel}","templated":true}]}}