{"id":5232,"date":"2020-09-09T11:31:08","date_gmt":"2020-09-09T16:31:08","guid":{"rendered":"https:\/\/www.filtrationgroupiaq.com\/?page_id=5232"},"modified":"2020-09-09T11:31:08","modified_gmt":"2020-09-09T16:31:08","slug":"notre-culture","status":"publish","type":"page","link":"https:\/\/www.filtrationgroupiaq.com\/fr\/about-us-2\/notre-culture\/","title":{"rendered":"Notre Culture"},"content":{"rendered":"\n<div class=\"wp-block-cover alignfull has-background-dim-10 has-black-background-color has-background-dim hero-small\" style=\"background-image:url(https:\/\/www.filtrationgroupiaq.com\/wp-content\/uploads\/2020\/07\/banner-web7-3.png);background-position:20% 20%;min-height:364px;aspect-ratio:unset;\"><div class=\"wp-block-cover__inner-container is-layout-flow wp-block-cover-is-layout-flow\">\n<p style=\"font-size:45px\" class=\"has-text-align-center\"><strong>Notre Culture<\/strong><\/p>\n<\/div><\/div>\n\n\n\n<div class=\"wp-block-media-text alignfull has-background has-light-gray-background-color is-stacked-on-mobile\"><figure class=\"wp-block-media-text__media\"><img decoding=\"async\" src=\"https:\/\/www.filtrationgroupiaq.com\/wp-content\/uploads\/2020\/08\/20190609_110812-crop-1024x584.jpg\" alt=\"\" class=\"wp-image-4223\" \/><\/figure><div class=\"wp-block-media-text__content\">\n<p>Filtration Group QAI a pour mission de rendre le monde plus s\u00fbr, plus sain et plus productif. Avec une main-d&rsquo;\u0153uvre passionn\u00e9e, une empreinte mondiale et des capacit\u00e9s d&rsquo;ing\u00e9nierie et de fabrication de classe mondiale, nous stimulons l&rsquo;innovation et d\u00e9veloppons des solutions dans un large \u00e9ventail d&rsquo;applications dans l&rsquo;industrie mondiale de la filtration en pleine croissance. Nous avons commenc\u00e9 en 2009 et nous sommes rapidement devenus un leader mondial dans le secteur de la filtration tr\u00e8s attractif.<\/p>\n\n\n\n<p>Nous nous engageons \u00e0 maintenir une culture entrepreneuriale fond\u00e9e sur la confiance, dans laquelle nos dirigeants manifestent un fort penchant pour l&rsquo;action.<\/p>\n<\/div><\/div>\n\n\n\n<div style=\"height:20px\" aria-hidden=\"true\" class=\"wp-block-spacer\"><\/div>\n\n\n\n<div class=\"wp-block-columns has-3-columns is-layout-flex wp-container-core-columns-is-layout-9d6595d7 wp-block-columns-is-layout-flex\">\n<div class=\"wp-block-column is-layout-flow wp-block-column-is-layout-flow\">\n<figure class=\"wp-block-image\"><img loading=\"lazy\" decoding=\"async\" width=\"1024\" height=\"533\" src=\"https:\/\/www.filtrationgroupiaq.com\/wp-content\/uploads\/2019\/11\/Culture-Icons-trust_blk_wide-format_1-1024x533.png\" alt=\"\" class=\"wp-image-574\" srcset=\"https:\/\/www.filtrationgroupiaq.com\/wp-content\/uploads\/2019\/11\/Culture-Icons-trust_blk_wide-format_1-1024x533.png 1024w, https:\/\/www.filtrationgroupiaq.com\/wp-content\/uploads\/2019\/11\/Culture-Icons-trust_blk_wide-format_1-300x156.png 300w, https:\/\/www.filtrationgroupiaq.com\/wp-content\/uploads\/2019\/11\/Culture-Icons-trust_blk_wide-format_1-768x400.png 768w\" sizes=\"auto, (max-width: 1024px) 100vw, 1024px\" \/><\/figure>\n\n\n\n<h1 class=\"wp-block-heading\">Confiance<\/h1>\n\n\n\n<p>Nous disons ce que nous faisons et nous faisons ce que nous disons.<\/p>\n\n\n\n<p>Nous sommes ouverts, honn\u00eates et transparents.<\/p>\n\n\n\n<p>L&rsquo;\u00e9thique et l&rsquo;int\u00e9grit\u00e9 sont assum\u00e9es. Rien de moins n&rsquo;est tol\u00e9r\u00e9.<\/p>\n\n\n\n<p>Nous respectons tous nos engagements.<\/p>\n\n\n\n<p>Nous pouvons compter les uns sur les autres.<\/p>\n<\/div>\n\n\n\n<div class=\"wp-block-column is-layout-flow wp-block-column-is-layout-flow\">\n<figure class=\"wp-block-image\"><img loading=\"lazy\" decoding=\"async\" width=\"1024\" height=\"533\" src=\"https:\/\/www.filtrationgroupiaq.com\/wp-content\/uploads\/2019\/11\/Culture-Icons-bias_wide-format_1-1024x533.png\" alt=\"\" class=\"wp-image-570\" srcset=\"https:\/\/www.filtrationgroupiaq.com\/wp-content\/uploads\/2019\/11\/Culture-Icons-bias_wide-format_1-1024x533.png 1024w, https:\/\/www.filtrationgroupiaq.com\/wp-content\/uploads\/2019\/11\/Culture-Icons-bias_wide-format_1-300x156.png 300w, https:\/\/www.filtrationgroupiaq.com\/wp-content\/uploads\/2019\/11\/Culture-Icons-bias_wide-format_1-768x400.png 768w\" sizes=\"auto, (max-width: 1024px) 100vw, 1024px\" \/><\/figure>\n\n\n\n<h1 class=\"wp-block-heading\">Biais pour l&rsquo;action<\/h1>\n\n\n\n<p>Nous contr\u00f4lons les r\u00e9sultats gr\u00e2ce \u00e0 nos actions.<\/p>\n\n\n\n<p>Nous sommes audacieux et ambitieux.<\/p>\n\n\n\n<p>Nous injectons de la vitesse et de la vitesse dans nos processus.<\/p>\n\n\n\n<p>Nous ne sommes pas victimes de choses que nous ne pouvons pas contr\u00f4ler.<\/p>\n\n\n\n<p>Nous agissons avec des informations imparfaites, confiants dans notre capacit\u00e9 \u00e0 corriger le cours si n\u00e9cessaire.<\/p>\n\n\n\n<p>Nous accueillons le changement et le consid\u00e9rons comme une opportunit\u00e9 de s&rsquo;am\u00e9liorer.<\/p>\n<\/div>\n\n\n\n<div class=\"wp-block-column is-layout-flow wp-block-column-is-layout-flow\">\n<figure class=\"wp-block-image\"><img loading=\"lazy\" decoding=\"async\" width=\"1024\" height=\"534\" src=\"https:\/\/www.filtrationgroupiaq.com\/wp-content\/uploads\/2019\/11\/Culture-Icons-entrepreneurial_blk_wide-format_0-1024x534.png\" alt=\"\" class=\"wp-image-572\" srcset=\"https:\/\/www.filtrationgroupiaq.com\/wp-content\/uploads\/2019\/11\/Culture-Icons-entrepreneurial_blk_wide-format_0-1024x534.png 1024w, https:\/\/www.filtrationgroupiaq.com\/wp-content\/uploads\/2019\/11\/Culture-Icons-entrepreneurial_blk_wide-format_0-300x156.png 300w, https:\/\/www.filtrationgroupiaq.com\/wp-content\/uploads\/2019\/11\/Culture-Icons-entrepreneurial_blk_wide-format_0-768x400.png 768w\" sizes=\"auto, (max-width: 1024px) 100vw, 1024px\" \/><\/figure>\n\n\n\n<h1 class=\"wp-block-heading\">Entrepreneurial<\/h1>\n\n\n\n<p>Nous avons une mentalit\u00e9 de propri\u00e9taire pour embrasser le questionnement critique, l&rsquo;innovation, le service et l&rsquo;am\u00e9lioration continue.<br><br>Nous avons de la passion et de la pers\u00e9v\u00e9rance pour nos objectifs \u00e0 long terme.<\/p>\n\n\n\n<p>Nous avons une parano\u00efa saine qui conduit \u00e0 une innovation et une am\u00e9lioration continues.<\/p>\n\n\n\n<p>Nous sommes tous des vendeurs dans l&rsquo;\u00e2me, quels que soient nos r\u00f4les, avec un focus fanatique sur nos clients.<\/p>\n\n\n\n<p>Nous sommes cr\u00e9atifs et r\u00e9ticents \u00e0 accepter qu&rsquo;il n&rsquo;y a pas de meilleur moyen. Nous nous questionnons constamment.<\/p>\n\n\n\n<p>Nous sommes autonomes, optimistes et croyons que nous r\u00e9ussirons.<\/p>\n<\/div>\n<\/div>\n","protected":false},"excerpt":{"rendered":"<p>Filtration Group QAI a pour mission de rendre le monde plus s\u00fbr, plus sain et plus productif. Avec une main-d&rsquo;\u0153uvre passionn\u00e9e, une empreinte mondiale et des capacit\u00e9s d&rsquo;ing\u00e9nierie et de fabrication de classe mondiale, nous stimulons l&rsquo;innovation et d\u00e9veloppons des solutions dans un large \u00e9ventail d&rsquo;applications dans l&rsquo;industrie mondiale de la filtration en pleine croissance. [&hellip;]<\/p>\n","protected":false},"author":6,"featured_media":0,"parent":1514,"menu_order":0,"comment_status":"closed","ping_status":"closed","template":"","meta":{"_acf_changed":false,"footnotes":""},"class_list":["post-5232","page","type-page","status-publish","hentry"],"acf":[],"yoast_head":"<!-- This site is optimized with the Yoast SEO plugin v27.3 - https:\/\/yoast.com\/product\/yoast-seo-wordpress\/ -->\n<title>Notre Culture - Filtration Group- IAQ<\/title>\n<meta name=\"robots\" content=\"index, follow, max-snippet:-1, max-image-preview:large, max-video-preview:-1\" \/>\n<link rel=\"canonical\" href=\"https:\/\/www.filtrationgroupiaq.com\/fr\/about-us-2\/notre-culture\/\" \/>\n<meta property=\"og:locale\" content=\"fr_FR\" \/>\n<meta property=\"og:type\" content=\"article\" \/>\n<meta property=\"og:title\" content=\"Notre Culture - Filtration Group- IAQ\" \/>\n<meta property=\"og:description\" content=\"Filtration Group QAI a pour mission de rendre le monde plus s\u00fbr, plus sain et plus productif. Avec une main-d&rsquo;\u0153uvre passionn\u00e9e, une empreinte mondiale et des capacit\u00e9s d&rsquo;ing\u00e9nierie et de fabrication de classe mondiale, nous stimulons l&rsquo;innovation et d\u00e9veloppons des solutions dans un large \u00e9ventail d&rsquo;applications dans l&rsquo;industrie mondiale de la filtration en pleine croissance. [&hellip;]\" \/>\n<meta property=\"og:url\" content=\"https:\/\/www.filtrationgroupiaq.com\/fr\/about-us-2\/notre-culture\/\" \/>\n<meta property=\"og:site_name\" content=\"Filtration Group- IAQ\" \/>\n<meta property=\"og:image\" content=\"https:\/\/www.filtrationgroupiaq.com\/wp-content\/uploads\/2020\/08\/20190609_110812-crop-1024x584.jpg\" \/>\n<meta name=\"twitter:card\" content=\"summary_large_image\" \/>\n<meta name=\"twitter:label1\" content=\"Dur\u00e9e de lecture estim\u00e9e\" \/>\n\t<meta name=\"twitter:data1\" content=\"2 minutes\" \/>\n<script type=\"application\/ld+json\" class=\"yoast-schema-graph\">{\"@context\":\"https:\\\/\\\/schema.org\",\"@graph\":[{\"@type\":\"WebPage\",\"@id\":\"https:\\\/\\\/www.filtrationgroupiaq.com\\\/fr\\\/about-us-2\\\/notre-culture\\\/\",\"url\":\"https:\\\/\\\/www.filtrationgroupiaq.com\\\/fr\\\/about-us-2\\\/notre-culture\\\/\",\"name\":\"Notre Culture - Filtration Group- IAQ\",\"isPartOf\":{\"@id\":\"https:\\\/\\\/www.filtrationgroupiaq.com\\\/fr\\\/#website\"},\"primaryImageOfPage\":{\"@id\":\"https:\\\/\\\/www.filtrationgroupiaq.com\\\/fr\\\/about-us-2\\\/notre-culture\\\/#primaryimage\"},\"image\":{\"@id\":\"https:\\\/\\\/www.filtrationgroupiaq.com\\\/fr\\\/about-us-2\\\/notre-culture\\\/#primaryimage\"},\"thumbnailUrl\":\"https:\\\/\\\/www.filtrationgroupiaq.com\\\/wp-content\\\/uploads\\\/2020\\\/08\\\/20190609_110812-crop-1024x584.jpg\",\"datePublished\":\"2020-09-09T16:31:08+00:00\",\"breadcrumb\":{\"@id\":\"https:\\\/\\\/www.filtrationgroupiaq.com\\\/fr\\\/about-us-2\\\/notre-culture\\\/#breadcrumb\"},\"inLanguage\":\"fr-FR\",\"potentialAction\":[{\"@type\":\"ReadAction\",\"target\":[\"https:\\\/\\\/www.filtrationgroupiaq.com\\\/fr\\\/about-us-2\\\/notre-culture\\\/\"]}]},{\"@type\":\"ImageObject\",\"inLanguage\":\"fr-FR\",\"@id\":\"https:\\\/\\\/www.filtrationgroupiaq.com\\\/fr\\\/about-us-2\\\/notre-culture\\\/#primaryimage\",\"url\":\"https:\\\/\\\/www.filtrationgroupiaq.com\\\/wp-content\\\/uploads\\\/2020\\\/08\\\/20190609_110812-crop-1024x584.jpg\",\"contentUrl\":\"https:\\\/\\\/www.filtrationgroupiaq.com\\\/wp-content\\\/uploads\\\/2020\\\/08\\\/20190609_110812-crop-1024x584.jpg\"},{\"@type\":\"BreadcrumbList\",\"@id\":\"https:\\\/\\\/www.filtrationgroupiaq.com\\\/fr\\\/about-us-2\\\/notre-culture\\\/#breadcrumb\",\"itemListElement\":[{\"@type\":\"ListItem\",\"position\":1,\"name\":\"\",\"item\":\"https:\\\/\\\/www.filtrationgroupiaq.com\\\/fr\\\/\"},{\"@type\":\"ListItem\",\"position\":2,\"name\":\"\u00c0 Propos\",\"item\":\"https:\\\/\\\/www.filtrationgroupiaq.com\\\/fr\\\/about-us-2\\\/\"},{\"@type\":\"ListItem\",\"position\":3,\"name\":\"Notre Culture\"}]},{\"@type\":\"WebSite\",\"@id\":\"https:\\\/\\\/www.filtrationgroupiaq.com\\\/fr\\\/#website\",\"url\":\"https:\\\/\\\/www.filtrationgroupiaq.com\\\/fr\\\/\",\"name\":\"Filtration Group- IAQ\",\"description\":\"Making the World Safer, Healthier and More Productive\",\"publisher\":{\"@id\":\"https:\\\/\\\/www.filtrationgroupiaq.com\\\/fr\\\/#organization\"},\"potentialAction\":[{\"@type\":\"SearchAction\",\"target\":{\"@type\":\"EntryPoint\",\"urlTemplate\":\"https:\\\/\\\/www.filtrationgroupiaq.com\\\/fr\\\/?s={search_term_string}\"},\"query-input\":{\"@type\":\"PropertyValueSpecification\",\"valueRequired\":true,\"valueName\":\"search_term_string\"}}],\"inLanguage\":\"fr-FR\"},{\"@type\":\"Organization\",\"@id\":\"https:\\\/\\\/www.filtrationgroupiaq.com\\\/fr\\\/#organization\",\"name\":\"Filtration Group\",\"url\":\"https:\\\/\\\/www.filtrationgroupiaq.com\\\/fr\\\/\",\"logo\":{\"@type\":\"ImageObject\",\"inLanguage\":\"fr-FR\",\"@id\":\"https:\\\/\\\/www.filtrationgroupiaq.com\\\/fr\\\/#\\\/schema\\\/logo\\\/image\\\/\",\"url\":\"https:\\\/\\\/www.filtrationgroupiaq.com\\\/wp-content\\\/uploads\\\/2019\\\/06\\\/FGC-logo-1.png\",\"contentUrl\":\"https:\\\/\\\/www.filtrationgroupiaq.com\\\/wp-content\\\/uploads\\\/2019\\\/06\\\/FGC-logo-1.png\",\"width\":1104,\"height\":224,\"caption\":\"Filtration Group\"},\"image\":{\"@id\":\"https:\\\/\\\/www.filtrationgroupiaq.com\\\/fr\\\/#\\\/schema\\\/logo\\\/image\\\/\"},\"sameAs\":[\"https:\\\/\\\/www.linkedin.com\\\/company\\\/11857850\\\/\"]}]}<\/script>\n<!-- \/ Yoast SEO plugin. -->","yoast_head_json":{"title":"Notre Culture - Filtration Group- IAQ","robots":{"index":"index","follow":"follow","max-snippet":"max-snippet:-1","max-image-preview":"max-image-preview:large","max-video-preview":"max-video-preview:-1"},"canonical":"https:\/\/www.filtrationgroupiaq.com\/fr\/about-us-2\/notre-culture\/","og_locale":"fr_FR","og_type":"article","og_title":"Notre Culture - Filtration Group- IAQ","og_description":"Filtration Group QAI a pour mission de rendre le monde plus s\u00fbr, plus sain et plus productif. Avec une main-d&rsquo;\u0153uvre passionn\u00e9e, une empreinte mondiale et des capacit\u00e9s d&rsquo;ing\u00e9nierie et de fabrication de classe mondiale, nous stimulons l&rsquo;innovation et d\u00e9veloppons des solutions dans un large \u00e9ventail d&rsquo;applications dans l&rsquo;industrie mondiale de la filtration en pleine croissance. [&hellip;]","og_url":"https:\/\/www.filtrationgroupiaq.com\/fr\/about-us-2\/notre-culture\/","og_site_name":"Filtration Group- IAQ","og_image":[{"url":"https:\/\/www.filtrationgroupiaq.com\/wp-content\/uploads\/2020\/08\/20190609_110812-crop-1024x584.jpg","type":"","width":"","height":""}],"twitter_card":"summary_large_image","twitter_misc":{"Dur\u00e9e de lecture estim\u00e9e":"2 minutes"},"schema":{"@context":"https:\/\/schema.org","@graph":[{"@type":"WebPage","@id":"https:\/\/www.filtrationgroupiaq.com\/fr\/about-us-2\/notre-culture\/","url":"https:\/\/www.filtrationgroupiaq.com\/fr\/about-us-2\/notre-culture\/","name":"Notre Culture - Filtration Group- IAQ","isPartOf":{"@id":"https:\/\/www.filtrationgroupiaq.com\/fr\/#website"},"primaryImageOfPage":{"@id":"https:\/\/www.filtrationgroupiaq.com\/fr\/about-us-2\/notre-culture\/#primaryimage"},"image":{"@id":"https:\/\/www.filtrationgroupiaq.com\/fr\/about-us-2\/notre-culture\/#primaryimage"},"thumbnailUrl":"https:\/\/www.filtrationgroupiaq.com\/wp-content\/uploads\/2020\/08\/20190609_110812-crop-1024x584.jpg","datePublished":"2020-09-09T16:31:08+00:00","breadcrumb":{"@id":"https:\/\/www.filtrationgroupiaq.com\/fr\/about-us-2\/notre-culture\/#breadcrumb"},"inLanguage":"fr-FR","potentialAction":[{"@type":"ReadAction","target":["https:\/\/www.filtrationgroupiaq.com\/fr\/about-us-2\/notre-culture\/"]}]},{"@type":"ImageObject","inLanguage":"fr-FR","@id":"https:\/\/www.filtrationgroupiaq.com\/fr\/about-us-2\/notre-culture\/#primaryimage","url":"https:\/\/www.filtrationgroupiaq.com\/wp-content\/uploads\/2020\/08\/20190609_110812-crop-1024x584.jpg","contentUrl":"https:\/\/www.filtrationgroupiaq.com\/wp-content\/uploads\/2020\/08\/20190609_110812-crop-1024x584.jpg"},{"@type":"BreadcrumbList","@id":"https:\/\/www.filtrationgroupiaq.com\/fr\/about-us-2\/notre-culture\/#breadcrumb","itemListElement":[{"@type":"ListItem","position":1,"name":"","item":"https:\/\/www.filtrationgroupiaq.com\/fr\/"},{"@type":"ListItem","position":2,"name":"\u00c0 Propos","item":"https:\/\/www.filtrationgroupiaq.com\/fr\/about-us-2\/"},{"@type":"ListItem","position":3,"name":"Notre Culture"}]},{"@type":"WebSite","@id":"https:\/\/www.filtrationgroupiaq.com\/fr\/#website","url":"https:\/\/www.filtrationgroupiaq.com\/fr\/","name":"Filtration Group- IAQ","description":"Making the World Safer, Healthier and More Productive","publisher":{"@id":"https:\/\/www.filtrationgroupiaq.com\/fr\/#organization"},"potentialAction":[{"@type":"SearchAction","target":{"@type":"EntryPoint","urlTemplate":"https:\/\/www.filtrationgroupiaq.com\/fr\/?s={search_term_string}"},"query-input":{"@type":"PropertyValueSpecification","valueRequired":true,"valueName":"search_term_string"}}],"inLanguage":"fr-FR"},{"@type":"Organization","@id":"https:\/\/www.filtrationgroupiaq.com\/fr\/#organization","name":"Filtration Group","url":"https:\/\/www.filtrationgroupiaq.com\/fr\/","logo":{"@type":"ImageObject","inLanguage":"fr-FR","@id":"https:\/\/www.filtrationgroupiaq.com\/fr\/#\/schema\/logo\/image\/","url":"https:\/\/www.filtrationgroupiaq.com\/wp-content\/uploads\/2019\/06\/FGC-logo-1.png","contentUrl":"https:\/\/www.filtrationgroupiaq.com\/wp-content\/uploads\/2019\/06\/FGC-logo-1.png","width":1104,"height":224,"caption":"Filtration Group"},"image":{"@id":"https:\/\/www.filtrationgroupiaq.com\/fr\/#\/schema\/logo\/image\/"},"sameAs":["https:\/\/www.linkedin.com\/company\/11857850\/"]}]}},"_links":{"self":[{"href":"https:\/\/www.filtrationgroupiaq.com\/fr\/wp-json\/wp\/v2\/pages\/5232","targetHints":{"allow":["GET"]}}],"collection":[{"href":"https:\/\/www.filtrationgroupiaq.com\/fr\/wp-json\/wp\/v2\/pages"}],"about":[{"href":"https:\/\/www.filtrationgroupiaq.com\/fr\/wp-json\/wp\/v2\/types\/page"}],"author":[{"embeddable":true,"href":"https:\/\/www.filtrationgroupiaq.com\/fr\/wp-json\/wp\/v2\/users\/6"}],"replies":[{"embeddable":true,"href":"https:\/\/www.filtrationgroupiaq.com\/fr\/wp-json\/wp\/v2\/comments?post=5232"}],"version-history":[{"count":0,"href":"https:\/\/www.filtrationgroupiaq.com\/fr\/wp-json\/wp\/v2\/pages\/5232\/revisions"}],"up":[{"embeddable":true,"href":"https:\/\/www.filtrationgroupiaq.com\/fr\/wp-json\/wp\/v2\/pages\/1514"}],"wp:attachment":[{"href":"https:\/\/www.filtrationgroupiaq.com\/fr\/wp-json\/wp\/v2\/media?parent=5232"}],"curies":[{"name":"wp","href":"https:\/\/api.w.org\/{rel}","templated":true}]}}